{"id":10021,"date":"2025-06-11T19:49:56","date_gmt":"2025-06-11T19:49:56","guid":{"rendered":"https:\/\/dualgree.com.br\/loja\/produto\/base-da-serpentina-evaporadora-ar-condicionado-samsung-wind-free-ar09tshcbwknaz\/"},"modified":"2026-01-29T17:29:25","modified_gmt":"2026-01-29T17:29:25","slug":"base-da-serpentina-evaporadora-ar-condicionado-samsung-wind-free-ar09tshcbwknaz","status":"publish","type":"product","link":"https:\/\/dualgree.com.br\/loja\/produto\/base-da-serpentina-evaporadora-ar-condicionado-samsung-wind-free-ar09tshcbwknaz\/","title":{"rendered":"Base da serpentina evaporadora ar condicionado SAMSUNG WIND ..."},"content":{"rendered":"<p>\u00a0<\/p>\n<p>IC2542- Base da serpentina ar condicionado samsung windfree smart things 9000 btus.<\/p>\n<p>.<\/p>\n<p>Recondicionada sem quebras ou defeitos original.<\/p>\n<p>\u00a0<\/p>\n<p>DB94-07968A.<\/p>\n<p>BODY BACK.<\/p>\n<p>DB61-07422A.<\/p>\n<p>\u00a0<\/p>\n<p>Comprimento da pe\u00e7a 81cm.<\/p>\n<p>\u00a0<\/p>\n<p>MODELO COMPATIVEIS.<\/p>\n<p>AR09TSHCBWKNAZ.<\/p>\n<p>AR09TSEABWKNAZ.<\/p>\n","protected":false},"excerpt":{"rendered":"<p>\u00a0 IC2542- Base da serpentina ar condicionado samsung windfree smart things 9000 btus. . Recondicionada sem quebras ou defeitos original. \u00a0 DB94-07968A. BODY BACK. DB61-07422A. \u00a0 Comprimento da pe\u00e7a 81cm. \u00a0 MODELO COMPATIVEIS. AR09TSHCBWKNAZ. AR09TSEABWKNAZ.<\/p>\n","protected":false},"featured_media":10018,"comment_status":"open","ping_status":"closed","template":"","meta":{"_kadence_starter_templates_imported_post":false,"_kad_post_transparent":"","_kad_post_title":"","_kad_post_layout":"","_kad_post_sidebar_id":"","_kad_post_content_style":"","_kad_post_vertical_padding":"","_kad_post_feature":"","_kad_post_feature_position":"","_kad_post_header":false,"_kad_post_footer":false,"jetpack_publicize_message":"","jetpack_publicize_feature_enabled":true,"jetpack_social_post_already_shared":false,"jetpack_social_options":{"image_generator_settings":{"template":"highway","default_image_id":0,"font":"","enabled":false},"version":2}},"product_brand":[],"product_cat":[198,186],"product_tag":[],"class_list":{"0":"post-10021","1":"product","2":"type-product","3":"status-publish","4":"has-post-thumbnail","6":"product_cat-base-da-serpentina-split","7":"product_cat-samsung","9":"first","10":"instock","11":"shipping-taxable","12":"purchasable","13":"product-type-simple","14":"entry","15":"content-bg","16":"loop-entry"},"yoast_head":"<!-- This site is optimized with the Yoast SEO plugin v27.5 - https:\/\/yoast.com\/product\/yoast-seo-wordpress\/ -->\n<title>Base da serpentina evaporadora ar condicionado SAMSUNG WIND FREE- AR09TSHCBWKNAZ - Loja - Dual Gree Servi\u00e7os | Pe\u00e7as<\/title>\n<meta name=\"robots\" content=\"index, follow, max-snippet:-1, max-image-preview:large, max-video-preview:-1\" \/>\n<link rel=\"canonical\" href=\"https:\/\/dualgree.com.br\/loja\/produto\/base-da-serpentina-evaporadora-ar-condicionado-samsung-wind-free-ar09tshcbwknaz\/\" \/>\n<meta property=\"og:locale\" content=\"pt_BR\" \/>\n<meta property=\"og:type\" content=\"article\" \/>\n<meta property=\"og:title\" content=\"Base da serpentina evaporadora ar condicionado SAMSUNG WIND FREE- AR09TSHCBWKNAZ - Loja - Dual Gree Servi\u00e7os | Pe\u00e7as\" \/>\n<meta property=\"og:description\" content=\"\u00a0 IC2542- Base da serpentina ar condicionado samsung windfree smart things 9000 btus. . Recondicionada sem quebras ou defeitos original. \u00a0 DB94-07968A. BODY BACK. DB61-07422A. \u00a0 Comprimento da pe\u00e7a 81cm. \u00a0 MODELO COMPATIVEIS. AR09TSHCBWKNAZ. AR09TSEABWKNAZ.\" \/>\n<meta property=\"og:url\" content=\"https:\/\/dualgree.com.br\/loja\/produto\/base-da-serpentina-evaporadora-ar-condicionado-samsung-wind-free-ar09tshcbwknaz\/\" \/>\n<meta property=\"og:site_name\" content=\"Loja - Dual Gree Servi\u00e7os | Pe\u00e7as\" \/>\n<meta property=\"article:modified_time\" content=\"2026-01-29T17:29:25+00:00\" \/>\n<meta name=\"twitter:card\" content=\"summary_large_image\" \/>\n<script type=\"application\/ld+json\" class=\"yoast-schema-graph\">{\"@context\":\"https:\\\/\\\/schema.org\",\"@graph\":[{\"@type\":\"WebPage\",\"@id\":\"https:\\\/\\\/dualgree.com.br\\\/loja\\\/produto\\\/base-da-serpentina-evaporadora-ar-condicionado-samsung-wind-free-ar09tshcbwknaz\\\/\",\"url\":\"https:\\\/\\\/dualgree.com.br\\\/loja\\\/produto\\\/base-da-serpentina-evaporadora-ar-condicionado-samsung-wind-free-ar09tshcbwknaz\\\/\",\"name\":\"Base da serpentina evaporadora ar condicionado SAMSUNG WIND FREE- AR09TSHCBWKNAZ - Loja - Dual Gree Servi\u00e7os | Pe\u00e7as\",\"isPartOf\":{\"@id\":\"https:\\\/\\\/dualgree.com.br\\\/loja\\\/#website\"},\"primaryImageOfPage\":{\"@id\":\"https:\\\/\\\/dualgree.com.br\\\/loja\\\/produto\\\/base-da-serpentina-evaporadora-ar-condicionado-samsung-wind-free-ar09tshcbwknaz\\\/#primaryimage\"},\"image\":{\"@id\":\"https:\\\/\\\/dualgree.com.br\\\/loja\\\/produto\\\/base-da-serpentina-evaporadora-ar-condicionado-samsung-wind-free-ar09tshcbwknaz\\\/#primaryimage\"},\"thumbnailUrl\":\"https:\\\/\\\/dualgree.com.br\\\/loja\\\/wp-content\\\/uploads\\\/2025\\\/06\\\/15354819202-2542-base-da-serpentina-da-evaporadora-samsung-wind-free.webp\",\"datePublished\":\"2025-06-11T19:49:56+00:00\",\"dateModified\":\"2026-01-29T17:29:25+00:00\",\"breadcrumb\":{\"@id\":\"https:\\\/\\\/dualgree.com.br\\\/loja\\\/produto\\\/base-da-serpentina-evaporadora-ar-condicionado-samsung-wind-free-ar09tshcbwknaz\\\/#breadcrumb\"},\"inLanguage\":\"pt-BR\",\"potentialAction\":[{\"@type\":\"ReadAction\",\"target\":[\"https:\\\/\\\/dualgree.com.br\\\/loja\\\/produto\\\/base-da-serpentina-evaporadora-ar-condicionado-samsung-wind-free-ar09tshcbwknaz\\\/\"]}]},{\"@type\":\"ImageObject\",\"inLanguage\":\"pt-BR\",\"@id\":\"https:\\\/\\\/dualgree.com.br\\\/loja\\\/produto\\\/base-da-serpentina-evaporadora-ar-condicionado-samsung-wind-free-ar09tshcbwknaz\\\/#primaryimage\",\"url\":\"https:\\\/\\\/dualgree.com.br\\\/loja\\\/wp-content\\\/uploads\\\/2025\\\/06\\\/15354819202-2542-base-da-serpentina-da-evaporadora-samsung-wind-free.webp\",\"contentUrl\":\"https:\\\/\\\/dualgree.com.br\\\/loja\\\/wp-content\\\/uploads\\\/2025\\\/06\\\/15354819202-2542-base-da-serpentina-da-evaporadora-samsung-wind-free.webp\",\"width\":1200,\"height\":1200},{\"@type\":\"BreadcrumbList\",\"@id\":\"https:\\\/\\\/dualgree.com.br\\\/loja\\\/produto\\\/base-da-serpentina-evaporadora-ar-condicionado-samsung-wind-free-ar09tshcbwknaz\\\/#breadcrumb\",\"itemListElement\":[{\"@type\":\"ListItem\",\"position\":1,\"name\":\"In\u00edcio\",\"item\":\"https:\\\/\\\/dualgree.com.br\\\/loja\\\/\"},{\"@type\":\"ListItem\",\"position\":2,\"name\":\"Loja &#8211; Cat\u00e1logo de Pe\u00e7as\",\"item\":\"https:\\\/\\\/dualgree.com.br\\\/loja\\\/\"},{\"@type\":\"ListItem\",\"position\":3,\"name\":\"Base da serpentina evaporadora ar condicionado SAMSUNG WIND ...\"}]},{\"@type\":\"WebSite\",\"@id\":\"https:\\\/\\\/dualgree.com.br\\\/loja\\\/#website\",\"url\":\"https:\\\/\\\/dualgree.com.br\\\/loja\\\/\",\"name\":\"Loja - Dual Gree Servi\u00e7os | Partes e Pe\u00e7as\",\"description\":\"Catalogo de Pe\u00e7as para ar condicionado\",\"publisher\":{\"@id\":\"https:\\\/\\\/dualgree.com.br\\\/loja\\\/#organization\"},\"potentialAction\":[{\"@type\":\"SearchAction\",\"target\":{\"@type\":\"EntryPoint\",\"urlTemplate\":\"https:\\\/\\\/dualgree.com.br\\\/loja\\\/?s={search_term_string}\"},\"query-input\":{\"@type\":\"PropertyValueSpecification\",\"valueRequired\":true,\"valueName\":\"search_term_string\"}}],\"inLanguage\":\"pt-BR\"},{\"@type\":\"Organization\",\"@id\":\"https:\\\/\\\/dualgree.com.br\\\/loja\\\/#organization\",\"name\":\"Loja Dual Gree Servi\u00e7o\",\"url\":\"https:\\\/\\\/dualgree.com.br\\\/loja\\\/\",\"logo\":{\"@type\":\"ImageObject\",\"inLanguage\":\"pt-BR\",\"@id\":\"https:\\\/\\\/dualgree.com.br\\\/loja\\\/#\\\/schema\\\/logo\\\/image\\\/\",\"url\":\"https:\\\/\\\/dualgree.com.br\\\/loja\\\/wp-content\\\/uploads\\\/2024\\\/09\\\/teste-logo-ecommerce-dual-1-e1725909304971.png\",\"contentUrl\":\"https:\\\/\\\/dualgree.com.br\\\/loja\\\/wp-content\\\/uploads\\\/2024\\\/09\\\/teste-logo-ecommerce-dual-1-e1725909304971.png\",\"width\":470,\"height\":157,\"caption\":\"Loja Dual Gree Servi\u00e7o\"},\"image\":{\"@id\":\"https:\\\/\\\/dualgree.com.br\\\/loja\\\/#\\\/schema\\\/logo\\\/image\\\/\"}}]}<\/script>\n<!-- \/ Yoast SEO plugin. -->","yoast_head_json":{"title":"Base da serpentina evaporadora ar condicionado SAMSUNG WIND FREE- AR09TSHCBWKNAZ - Loja - Dual Gree Servi\u00e7os | Pe\u00e7as","robots":{"index":"index","follow":"follow","max-snippet":"max-snippet:-1","max-image-preview":"max-image-preview:large","max-video-preview":"max-video-preview:-1"},"canonical":"https:\/\/dualgree.com.br\/loja\/produto\/base-da-serpentina-evaporadora-ar-condicionado-samsung-wind-free-ar09tshcbwknaz\/","og_locale":"pt_BR","og_type":"article","og_title":"Base da serpentina evaporadora ar condicionado SAMSUNG WIND FREE- AR09TSHCBWKNAZ - Loja - Dual Gree Servi\u00e7os | Pe\u00e7as","og_description":"\u00a0 IC2542- Base da serpentina ar condicionado samsung windfree smart things 9000 btus. . Recondicionada sem quebras ou defeitos original. \u00a0 DB94-07968A. BODY BACK. DB61-07422A. \u00a0 Comprimento da pe\u00e7a 81cm. \u00a0 MODELO COMPATIVEIS. AR09TSHCBWKNAZ. AR09TSEABWKNAZ.","og_url":"https:\/\/dualgree.com.br\/loja\/produto\/base-da-serpentina-evaporadora-ar-condicionado-samsung-wind-free-ar09tshcbwknaz\/","og_site_name":"Loja - Dual Gree Servi\u00e7os | Pe\u00e7as","article_modified_time":"2026-01-29T17:29:25+00:00","twitter_card":"summary_large_image","schema":{"@context":"https:\/\/schema.org","@graph":[{"@type":"WebPage","@id":"https:\/\/dualgree.com.br\/loja\/produto\/base-da-serpentina-evaporadora-ar-condicionado-samsung-wind-free-ar09tshcbwknaz\/","url":"https:\/\/dualgree.com.br\/loja\/produto\/base-da-serpentina-evaporadora-ar-condicionado-samsung-wind-free-ar09tshcbwknaz\/","name":"Base da serpentina evaporadora ar condicionado SAMSUNG WIND FREE- AR09TSHCBWKNAZ - Loja - Dual Gree Servi\u00e7os | Pe\u00e7as","isPartOf":{"@id":"https:\/\/dualgree.com.br\/loja\/#website"},"primaryImageOfPage":{"@id":"https:\/\/dualgree.com.br\/loja\/produto\/base-da-serpentina-evaporadora-ar-condicionado-samsung-wind-free-ar09tshcbwknaz\/#primaryimage"},"image":{"@id":"https:\/\/dualgree.com.br\/loja\/produto\/base-da-serpentina-evaporadora-ar-condicionado-samsung-wind-free-ar09tshcbwknaz\/#primaryimage"},"thumbnailUrl":"https:\/\/dualgree.com.br\/loja\/wp-content\/uploads\/2025\/06\/15354819202-2542-base-da-serpentina-da-evaporadora-samsung-wind-free.webp","datePublished":"2025-06-11T19:49:56+00:00","dateModified":"2026-01-29T17:29:25+00:00","breadcrumb":{"@id":"https:\/\/dualgree.com.br\/loja\/produto\/base-da-serpentina-evaporadora-ar-condicionado-samsung-wind-free-ar09tshcbwknaz\/#breadcrumb"},"inLanguage":"pt-BR","potentialAction":[{"@type":"ReadAction","target":["https:\/\/dualgree.com.br\/loja\/produto\/base-da-serpentina-evaporadora-ar-condicionado-samsung-wind-free-ar09tshcbwknaz\/"]}]},{"@type":"ImageObject","inLanguage":"pt-BR","@id":"https:\/\/dualgree.com.br\/loja\/produto\/base-da-serpentina-evaporadora-ar-condicionado-samsung-wind-free-ar09tshcbwknaz\/#primaryimage","url":"https:\/\/dualgree.com.br\/loja\/wp-content\/uploads\/2025\/06\/15354819202-2542-base-da-serpentina-da-evaporadora-samsung-wind-free.webp","contentUrl":"https:\/\/dualgree.com.br\/loja\/wp-content\/uploads\/2025\/06\/15354819202-2542-base-da-serpentina-da-evaporadora-samsung-wind-free.webp","width":1200,"height":1200},{"@type":"BreadcrumbList","@id":"https:\/\/dualgree.com.br\/loja\/produto\/base-da-serpentina-evaporadora-ar-condicionado-samsung-wind-free-ar09tshcbwknaz\/#breadcrumb","itemListElement":[{"@type":"ListItem","position":1,"name":"In\u00edcio","item":"https:\/\/dualgree.com.br\/loja\/"},{"@type":"ListItem","position":2,"name":"Loja &#8211; Cat\u00e1logo de Pe\u00e7as","item":"https:\/\/dualgree.com.br\/loja\/"},{"@type":"ListItem","position":3,"name":"Base da serpentina evaporadora ar condicionado SAMSUNG WIND ..."}]},{"@type":"WebSite","@id":"https:\/\/dualgree.com.br\/loja\/#website","url":"https:\/\/dualgree.com.br\/loja\/","name":"Loja - Dual Gree Servi\u00e7os | Partes e Pe\u00e7as","description":"Catalogo de Pe\u00e7as para ar condicionado","publisher":{"@id":"https:\/\/dualgree.com.br\/loja\/#organization"},"potentialAction":[{"@type":"SearchAction","target":{"@type":"EntryPoint","urlTemplate":"https:\/\/dualgree.com.br\/loja\/?s={search_term_string}"},"query-input":{"@type":"PropertyValueSpecification","valueRequired":true,"valueName":"search_term_string"}}],"inLanguage":"pt-BR"},{"@type":"Organization","@id":"https:\/\/dualgree.com.br\/loja\/#organization","name":"Loja Dual Gree Servi\u00e7o","url":"https:\/\/dualgree.com.br\/loja\/","logo":{"@type":"ImageObject","inLanguage":"pt-BR","@id":"https:\/\/dualgree.com.br\/loja\/#\/schema\/logo\/image\/","url":"https:\/\/dualgree.com.br\/loja\/wp-content\/uploads\/2024\/09\/teste-logo-ecommerce-dual-1-e1725909304971.png","contentUrl":"https:\/\/dualgree.com.br\/loja\/wp-content\/uploads\/2024\/09\/teste-logo-ecommerce-dual-1-e1725909304971.png","width":470,"height":157,"caption":"Loja Dual Gree Servi\u00e7o"},"image":{"@id":"https:\/\/dualgree.com.br\/loja\/#\/schema\/logo\/image\/"}}]}},"jetpack_publicize_connections":[],"jetpack_sharing_enabled":true,"jetpack_likes_enabled":true,"_links":{"self":[{"href":"https:\/\/dualgree.com.br\/loja\/wp-json\/wp\/v2\/product\/10021","targetHints":{"allow":["GET"]}}],"collection":[{"href":"https:\/\/dualgree.com.br\/loja\/wp-json\/wp\/v2\/product"}],"about":[{"href":"https:\/\/dualgree.com.br\/loja\/wp-json\/wp\/v2\/types\/product"}],"replies":[{"embeddable":true,"href":"https:\/\/dualgree.com.br\/loja\/wp-json\/wp\/v2\/comments?post=10021"}],"wp:featuredmedia":[{"embeddable":true,"href":"https:\/\/dualgree.com.br\/loja\/wp-json\/wp\/v2\/media\/10018"}],"wp:attachment":[{"href":"https:\/\/dualgree.com.br\/loja\/wp-json\/wp\/v2\/media?parent=10021"}],"wp:term":[{"taxonomy":"product_brand","embeddable":true,"href":"https:\/\/dualgree.com.br\/loja\/wp-json\/wp\/v2\/product_brand?post=10021"},{"taxonomy":"product_cat","embeddable":true,"href":"https:\/\/dualgree.com.br\/loja\/wp-json\/wp\/v2\/product_cat?post=10021"},{"taxonomy":"product_tag","embeddable":true,"href":"https:\/\/dualgree.com.br\/loja\/wp-json\/wp\/v2\/product_tag?post=10021"}],"curies":[{"name":"wp","href":"https:\/\/api.w.org\/{rel}","templated":true}]}}