{"id":10496,"date":"2025-07-22T14:11:18","date_gmt":"2025-07-22T14:11:18","guid":{"rendered":"https:\/\/dualgree.com.br\/loja\/produto\/kit-painel-k7-cassete-para-ar-condicionado-samsung-smartthings-pc6nusmanw\/"},"modified":"2025-07-22T14:11:18","modified_gmt":"2025-07-22T14:11:18","slug":"kit-painel-k7-cassete-para-ar-condicionado-samsung-smartthings-pc6nusmanw","status":"publish","type":"product","link":"https:\/\/dualgree.com.br\/loja\/produto\/kit-painel-k7-cassete-para-ar-condicionado-samsung-smartthings-pc6nusmanw\/","title":{"rendered":"Kit Painel K7 cassete para ar condicionado Samsung smartThin..."},"content":{"rendered":"<p>\u00a0<\/p>\n<p>IC4909 &#8211; Kit Painel K7 cassete Samsung smartThings pc6nusmanw<\/p>\n<p>\u00a0<\/p>\n<p>Itens do Kit.<\/p>\n<p>4x Acabamentos laterais.<\/p>\n<p>1x Aba de fixa\u00e7\u00e3o.<\/p>\n<p>1x Tampa suporte do filtro.<\/p>\n<p>1x Filtro.<\/p>\n<p>\u00a0<\/p>\n<p>(N\u00e3o acompanha display e modem wifi db90-11882j).<\/p>\n<p>\u00a0<\/p>\n<p>Possui poeira estatica sai com pano.<\/p>\n<p>\u00a0<\/p>\n<p>Aten\u00e7\u00e3o caixa original danificada, sem danos a pe\u00e7a<\/p>\n","protected":false},"excerpt":{"rendered":"<p>\u00a0 IC4909 &#8211; Kit Painel K7 cassete Samsung smartThings pc6nusmanw \u00a0 Itens do Kit. 4x Acabamentos laterais. 1x Aba de fixa\u00e7\u00e3o. 1x Tampa suporte do filtro. 1x Filtro. \u00a0 (N\u00e3o acompanha display e modem wifi db90-11882j). \u00a0 Possui poeira estatica sai com pano. \u00a0 Aten\u00e7\u00e3o caixa original danificada, sem danos a pe\u00e7a<\/p>\n","protected":false},"featured_media":10491,"comment_status":"open","ping_status":"closed","template":"","meta":{"_kadence_starter_templates_imported_post":false,"_kad_post_transparent":"","_kad_post_title":"","_kad_post_layout":"","_kad_post_sidebar_id":"","_kad_post_content_style":"","_kad_post_vertical_padding":"","_kad_post_feature":"","_kad_post_feature_position":"","_kad_post_header":false,"_kad_post_footer":false,"jetpack_publicize_message":"","jetpack_publicize_feature_enabled":true,"jetpack_social_post_already_shared":true,"jetpack_social_options":{"image_generator_settings":{"template":"highway","default_image_id":0,"font":"","enabled":false},"version":2}},"product_brand":[],"product_cat":[172,186],"product_tag":[],"class_list":{"0":"post-10496","1":"product","2":"type-product","3":"status-publish","4":"has-post-thumbnail","6":"product_cat-painel-carenagem-split","7":"product_cat-samsung","9":"first","10":"instock","11":"shipping-taxable","12":"purchasable","13":"product-type-simple","14":"entry","15":"content-bg","16":"loop-entry"},"yoast_head":"<!-- This site is optimized with the Yoast SEO plugin v27.5 - https:\/\/yoast.com\/product\/yoast-seo-wordpress\/ -->\n<title>Kit Painel K7 cassete para ar condicionado Samsung smartThings pc6nusmanw - Loja - Dual Gree Servi\u00e7os | Pe\u00e7as<\/title>\n<meta name=\"robots\" content=\"index, follow, max-snippet:-1, max-image-preview:large, max-video-preview:-1\" \/>\n<link rel=\"canonical\" href=\"https:\/\/dualgree.com.br\/loja\/produto\/kit-painel-k7-cassete-para-ar-condicionado-samsung-smartthings-pc6nusmanw\/\" \/>\n<meta property=\"og:locale\" content=\"pt_BR\" \/>\n<meta property=\"og:type\" content=\"article\" \/>\n<meta property=\"og:title\" content=\"Kit Painel K7 cassete para ar condicionado Samsung smartThings pc6nusmanw - Loja - Dual Gree Servi\u00e7os | Pe\u00e7as\" \/>\n<meta property=\"og:description\" content=\"\u00a0 IC4909 &#8211; Kit Painel K7 cassete Samsung smartThings pc6nusmanw \u00a0 Itens do Kit. 4x Acabamentos laterais. 1x Aba de fixa\u00e7\u00e3o. 1x Tampa suporte do filtro. 1x Filtro. \u00a0 (N\u00e3o acompanha display e modem wifi db90-11882j). \u00a0 Possui poeira estatica sai com pano. \u00a0 Aten\u00e7\u00e3o caixa original danificada, sem danos a pe\u00e7a\" \/>\n<meta property=\"og:url\" content=\"https:\/\/dualgree.com.br\/loja\/produto\/kit-painel-k7-cassete-para-ar-condicionado-samsung-smartthings-pc6nusmanw\/\" \/>\n<meta property=\"og:site_name\" content=\"Loja - Dual Gree Servi\u00e7os | Pe\u00e7as\" \/>\n<meta name=\"twitter:card\" content=\"summary_large_image\" \/>\n<script type=\"application\/ld+json\" class=\"yoast-schema-graph\">{\"@context\":\"https:\\\/\\\/schema.org\",\"@graph\":[{\"@type\":\"WebPage\",\"@id\":\"https:\\\/\\\/dualgree.com.br\\\/loja\\\/produto\\\/kit-painel-k7-cassete-para-ar-condicionado-samsung-smartthings-pc6nusmanw\\\/\",\"url\":\"https:\\\/\\\/dualgree.com.br\\\/loja\\\/produto\\\/kit-painel-k7-cassete-para-ar-condicionado-samsung-smartthings-pc6nusmanw\\\/\",\"name\":\"Kit Painel K7 cassete para ar condicionado Samsung smartThings pc6nusmanw - Loja - Dual Gree Servi\u00e7os | Pe\u00e7as\",\"isPartOf\":{\"@id\":\"https:\\\/\\\/dualgree.com.br\\\/loja\\\/#website\"},\"primaryImageOfPage\":{\"@id\":\"https:\\\/\\\/dualgree.com.br\\\/loja\\\/produto\\\/kit-painel-k7-cassete-para-ar-condicionado-samsung-smartthings-pc6nusmanw\\\/#primaryimage\"},\"image\":{\"@id\":\"https:\\\/\\\/dualgree.com.br\\\/loja\\\/produto\\\/kit-painel-k7-cassete-para-ar-condicionado-samsung-smartthings-pc6nusmanw\\\/#primaryimage\"},\"thumbnailUrl\":\"https:\\\/\\\/dualgree.com.br\\\/loja\\\/wp-content\\\/uploads\\\/2025\\\/07\\\/15364080301-img-20250718-112015-1.webp\",\"datePublished\":\"2025-07-22T14:11:18+00:00\",\"breadcrumb\":{\"@id\":\"https:\\\/\\\/dualgree.com.br\\\/loja\\\/produto\\\/kit-painel-k7-cassete-para-ar-condicionado-samsung-smartthings-pc6nusmanw\\\/#breadcrumb\"},\"inLanguage\":\"pt-BR\",\"potentialAction\":[{\"@type\":\"ReadAction\",\"target\":[\"https:\\\/\\\/dualgree.com.br\\\/loja\\\/produto\\\/kit-painel-k7-cassete-para-ar-condicionado-samsung-smartthings-pc6nusmanw\\\/\"]}]},{\"@type\":\"ImageObject\",\"inLanguage\":\"pt-BR\",\"@id\":\"https:\\\/\\\/dualgree.com.br\\\/loja\\\/produto\\\/kit-painel-k7-cassete-para-ar-condicionado-samsung-smartthings-pc6nusmanw\\\/#primaryimage\",\"url\":\"https:\\\/\\\/dualgree.com.br\\\/loja\\\/wp-content\\\/uploads\\\/2025\\\/07\\\/15364080301-img-20250718-112015-1.webp\",\"contentUrl\":\"https:\\\/\\\/dualgree.com.br\\\/loja\\\/wp-content\\\/uploads\\\/2025\\\/07\\\/15364080301-img-20250718-112015-1.webp\",\"width\":1280,\"height\":1280},{\"@type\":\"BreadcrumbList\",\"@id\":\"https:\\\/\\\/dualgree.com.br\\\/loja\\\/produto\\\/kit-painel-k7-cassete-para-ar-condicionado-samsung-smartthings-pc6nusmanw\\\/#breadcrumb\",\"itemListElement\":[{\"@type\":\"ListItem\",\"position\":1,\"name\":\"In\u00edcio\",\"item\":\"https:\\\/\\\/dualgree.com.br\\\/loja\\\/\"},{\"@type\":\"ListItem\",\"position\":2,\"name\":\"Loja &#8211; Cat\u00e1logo de Pe\u00e7as\",\"item\":\"https:\\\/\\\/dualgree.com.br\\\/loja\\\/\"},{\"@type\":\"ListItem\",\"position\":3,\"name\":\"Kit Painel K7 cassete para ar condicionado Samsung smartThin...\"}]},{\"@type\":\"WebSite\",\"@id\":\"https:\\\/\\\/dualgree.com.br\\\/loja\\\/#website\",\"url\":\"https:\\\/\\\/dualgree.com.br\\\/loja\\\/\",\"name\":\"Loja - Dual Gree Servi\u00e7os | Partes e Pe\u00e7as\",\"description\":\"Catalogo de Pe\u00e7as para ar condicionado\",\"publisher\":{\"@id\":\"https:\\\/\\\/dualgree.com.br\\\/loja\\\/#organization\"},\"potentialAction\":[{\"@type\":\"SearchAction\",\"target\":{\"@type\":\"EntryPoint\",\"urlTemplate\":\"https:\\\/\\\/dualgree.com.br\\\/loja\\\/?s={search_term_string}\"},\"query-input\":{\"@type\":\"PropertyValueSpecification\",\"valueRequired\":true,\"valueName\":\"search_term_string\"}}],\"inLanguage\":\"pt-BR\"},{\"@type\":\"Organization\",\"@id\":\"https:\\\/\\\/dualgree.com.br\\\/loja\\\/#organization\",\"name\":\"Loja Dual Gree Servi\u00e7o\",\"url\":\"https:\\\/\\\/dualgree.com.br\\\/loja\\\/\",\"logo\":{\"@type\":\"ImageObject\",\"inLanguage\":\"pt-BR\",\"@id\":\"https:\\\/\\\/dualgree.com.br\\\/loja\\\/#\\\/schema\\\/logo\\\/image\\\/\",\"url\":\"https:\\\/\\\/dualgree.com.br\\\/loja\\\/wp-content\\\/uploads\\\/2024\\\/09\\\/teste-logo-ecommerce-dual-1-e1725909304971.png\",\"contentUrl\":\"https:\\\/\\\/dualgree.com.br\\\/loja\\\/wp-content\\\/uploads\\\/2024\\\/09\\\/teste-logo-ecommerce-dual-1-e1725909304971.png\",\"width\":470,\"height\":157,\"caption\":\"Loja Dual Gree Servi\u00e7o\"},\"image\":{\"@id\":\"https:\\\/\\\/dualgree.com.br\\\/loja\\\/#\\\/schema\\\/logo\\\/image\\\/\"}}]}<\/script>\n<!-- \/ Yoast SEO plugin. -->","yoast_head_json":{"title":"Kit Painel K7 cassete para ar condicionado Samsung smartThings pc6nusmanw - Loja - Dual Gree Servi\u00e7os | Pe\u00e7as","robots":{"index":"index","follow":"follow","max-snippet":"max-snippet:-1","max-image-preview":"max-image-preview:large","max-video-preview":"max-video-preview:-1"},"canonical":"https:\/\/dualgree.com.br\/loja\/produto\/kit-painel-k7-cassete-para-ar-condicionado-samsung-smartthings-pc6nusmanw\/","og_locale":"pt_BR","og_type":"article","og_title":"Kit Painel K7 cassete para ar condicionado Samsung smartThings pc6nusmanw - Loja - Dual Gree Servi\u00e7os | Pe\u00e7as","og_description":"\u00a0 IC4909 &#8211; Kit Painel K7 cassete Samsung smartThings pc6nusmanw \u00a0 Itens do Kit. 4x Acabamentos laterais. 1x Aba de fixa\u00e7\u00e3o. 1x Tampa suporte do filtro. 1x Filtro. \u00a0 (N\u00e3o acompanha display e modem wifi db90-11882j). \u00a0 Possui poeira estatica sai com pano. \u00a0 Aten\u00e7\u00e3o caixa original danificada, sem danos a pe\u00e7a","og_url":"https:\/\/dualgree.com.br\/loja\/produto\/kit-painel-k7-cassete-para-ar-condicionado-samsung-smartthings-pc6nusmanw\/","og_site_name":"Loja - Dual Gree Servi\u00e7os | Pe\u00e7as","twitter_card":"summary_large_image","schema":{"@context":"https:\/\/schema.org","@graph":[{"@type":"WebPage","@id":"https:\/\/dualgree.com.br\/loja\/produto\/kit-painel-k7-cassete-para-ar-condicionado-samsung-smartthings-pc6nusmanw\/","url":"https:\/\/dualgree.com.br\/loja\/produto\/kit-painel-k7-cassete-para-ar-condicionado-samsung-smartthings-pc6nusmanw\/","name":"Kit Painel K7 cassete para ar condicionado Samsung smartThings pc6nusmanw - Loja - Dual Gree Servi\u00e7os | Pe\u00e7as","isPartOf":{"@id":"https:\/\/dualgree.com.br\/loja\/#website"},"primaryImageOfPage":{"@id":"https:\/\/dualgree.com.br\/loja\/produto\/kit-painel-k7-cassete-para-ar-condicionado-samsung-smartthings-pc6nusmanw\/#primaryimage"},"image":{"@id":"https:\/\/dualgree.com.br\/loja\/produto\/kit-painel-k7-cassete-para-ar-condicionado-samsung-smartthings-pc6nusmanw\/#primaryimage"},"thumbnailUrl":"https:\/\/dualgree.com.br\/loja\/wp-content\/uploads\/2025\/07\/15364080301-img-20250718-112015-1.webp","datePublished":"2025-07-22T14:11:18+00:00","breadcrumb":{"@id":"https:\/\/dualgree.com.br\/loja\/produto\/kit-painel-k7-cassete-para-ar-condicionado-samsung-smartthings-pc6nusmanw\/#breadcrumb"},"inLanguage":"pt-BR","potentialAction":[{"@type":"ReadAction","target":["https:\/\/dualgree.com.br\/loja\/produto\/kit-painel-k7-cassete-para-ar-condicionado-samsung-smartthings-pc6nusmanw\/"]}]},{"@type":"ImageObject","inLanguage":"pt-BR","@id":"https:\/\/dualgree.com.br\/loja\/produto\/kit-painel-k7-cassete-para-ar-condicionado-samsung-smartthings-pc6nusmanw\/#primaryimage","url":"https:\/\/dualgree.com.br\/loja\/wp-content\/uploads\/2025\/07\/15364080301-img-20250718-112015-1.webp","contentUrl":"https:\/\/dualgree.com.br\/loja\/wp-content\/uploads\/2025\/07\/15364080301-img-20250718-112015-1.webp","width":1280,"height":1280},{"@type":"BreadcrumbList","@id":"https:\/\/dualgree.com.br\/loja\/produto\/kit-painel-k7-cassete-para-ar-condicionado-samsung-smartthings-pc6nusmanw\/#breadcrumb","itemListElement":[{"@type":"ListItem","position":1,"name":"In\u00edcio","item":"https:\/\/dualgree.com.br\/loja\/"},{"@type":"ListItem","position":2,"name":"Loja &#8211; Cat\u00e1logo de Pe\u00e7as","item":"https:\/\/dualgree.com.br\/loja\/"},{"@type":"ListItem","position":3,"name":"Kit Painel K7 cassete para ar condicionado Samsung smartThin..."}]},{"@type":"WebSite","@id":"https:\/\/dualgree.com.br\/loja\/#website","url":"https:\/\/dualgree.com.br\/loja\/","name":"Loja - Dual Gree Servi\u00e7os | Partes e Pe\u00e7as","description":"Catalogo de Pe\u00e7as para ar condicionado","publisher":{"@id":"https:\/\/dualgree.com.br\/loja\/#organization"},"potentialAction":[{"@type":"SearchAction","target":{"@type":"EntryPoint","urlTemplate":"https:\/\/dualgree.com.br\/loja\/?s={search_term_string}"},"query-input":{"@type":"PropertyValueSpecification","valueRequired":true,"valueName":"search_term_string"}}],"inLanguage":"pt-BR"},{"@type":"Organization","@id":"https:\/\/dualgree.com.br\/loja\/#organization","name":"Loja Dual Gree Servi\u00e7o","url":"https:\/\/dualgree.com.br\/loja\/","logo":{"@type":"ImageObject","inLanguage":"pt-BR","@id":"https:\/\/dualgree.com.br\/loja\/#\/schema\/logo\/image\/","url":"https:\/\/dualgree.com.br\/loja\/wp-content\/uploads\/2024\/09\/teste-logo-ecommerce-dual-1-e1725909304971.png","contentUrl":"https:\/\/dualgree.com.br\/loja\/wp-content\/uploads\/2024\/09\/teste-logo-ecommerce-dual-1-e1725909304971.png","width":470,"height":157,"caption":"Loja Dual Gree Servi\u00e7o"},"image":{"@id":"https:\/\/dualgree.com.br\/loja\/#\/schema\/logo\/image\/"}}]}},"jetpack_publicize_connections":[],"jetpack_sharing_enabled":true,"jetpack_likes_enabled":true,"_links":{"self":[{"href":"https:\/\/dualgree.com.br\/loja\/wp-json\/wp\/v2\/product\/10496","targetHints":{"allow":["GET"]}}],"collection":[{"href":"https:\/\/dualgree.com.br\/loja\/wp-json\/wp\/v2\/product"}],"about":[{"href":"https:\/\/dualgree.com.br\/loja\/wp-json\/wp\/v2\/types\/product"}],"replies":[{"embeddable":true,"href":"https:\/\/dualgree.com.br\/loja\/wp-json\/wp\/v2\/comments?post=10496"}],"wp:featuredmedia":[{"embeddable":true,"href":"https:\/\/dualgree.com.br\/loja\/wp-json\/wp\/v2\/media\/10491"}],"wp:attachment":[{"href":"https:\/\/dualgree.com.br\/loja\/wp-json\/wp\/v2\/media?parent=10496"}],"wp:term":[{"taxonomy":"product_brand","embeddable":true,"href":"https:\/\/dualgree.com.br\/loja\/wp-json\/wp\/v2\/product_brand?post=10496"},{"taxonomy":"product_cat","embeddable":true,"href":"https:\/\/dualgree.com.br\/loja\/wp-json\/wp\/v2\/product_cat?post=10496"},{"taxonomy":"product_tag","embeddable":true,"href":"https:\/\/dualgree.com.br\/loja\/wp-json\/wp\/v2\/product_tag?post=10496"}],"curies":[{"name":"wp","href":"https:\/\/api.w.org\/{rel}","templated":true}]}}