{"id":10909,"date":"2025-08-16T14:23:22","date_gmt":"2025-08-16T14:23:22","guid":{"rendered":"https:\/\/dualgree.com.br\/loja\/produto\/termistor-ar-condicionado-consul-sensor-de-temperatura-e-degelo-cbv07bbbna\/"},"modified":"2025-10-28T16:44:34","modified_gmt":"2025-10-28T16:44:34","slug":"termistor-ar-condicionado-consul-sensor-de-temperatura-e-degelo-cbv07bbbna","status":"publish","type":"product","link":"https:\/\/dualgree.com.br\/loja\/produto\/termistor-ar-condicionado-consul-sensor-de-temperatura-e-degelo-cbv07bbbna\/","title":{"rendered":"TERMISTOR AR CONDICIONADO CONSUL SENSOR DE TEMPERATURA E DEG..."},"content":{"rendered":"<p><span>IC260- Termistor Consul Sensor de Temperatura C1A12BBNA<\/span><\/p>\n<p>\u00a0<\/p>\n<p>Conjunto de termistores sensor do ar condicionado port\u00e1til Consul<\/p>\n<p>\u00a0<\/p>\n<p>Degelo Metal<\/p>\n<p>Resina Preta<\/p>\n<p>\u00a0<\/p>\n<p>C1A12BBBNA.\u00a0<\/p>\n<p>CBV12BBBNA.<\/p>\n<p>CBV12CBBNA.<\/p>\n<p>CBV12DBBNA.<\/p>\n<p>CBU12BBBNA.<\/p>\n<p>CBU12CBBNA.<\/p>\n<p>CBU12DBBNA.<\/p>\n<p>CB312BBBNA.<\/p>\n<p>CB312CBBNA.<\/p>\n<p>CB312DBBNA.<\/p>\n<p>\u00a0<\/p>\n<p>CBV09BBBNA.<\/p>\n<p>CBV09CBBNA.<\/p>\n<p>CBV09DBBNA.<\/p>\n<p>CBU09BBBNA.<\/p>\n<p>CBU09CBBNA.<\/p>\n<p>CBU09DBBNA.<\/p>\n<p>\u00a0<\/p>\n<p>CBV07BBBNA.<\/p>\n<p>CBV07CBBNA.<\/p>\n<p>CBV07DBBNA.<\/p>\n<p>CBU07BBBNA.<\/p>\n<p>CBU07CBBNA.<\/p>\n<p>CBU07DBBNA.<\/p>\n<p>\u00a0<\/p>\n<p>CBF07BBBNA<\/p>\n<p>\u00a0<\/p>\n<p>CBV18BBBNA.<\/p>\n<p>CBV18CBBNA.<\/p>\n<p>CBV18DBBNA.<\/p>\n<p>CBU18BBBNA.<\/p>\n<p>CBU18CBBNA.<\/p>\n<p>CBU18DBBNA.<\/p>\n<p>\u00a0<\/p>\n<p>CBV24BBBNA.<\/p>\n<p>CBV24CBBNA.<\/p>\n<p>CBV24DBBNA.<\/p>\n<p>CBU24BBBNA.<\/p>\n<p>CBU24CBBNA.<\/p>\n<p>CBU24DBBNA.<\/p>\n","protected":false},"excerpt":{"rendered":"<p>IC260- Termistor Consul Sensor de Temperatura C1A12BBNA \u00a0 Conjunto de termistores sensor do ar condicionado port\u00e1til Consul \u00a0 Degelo Metal Resina Preta \u00a0 C1A12BBBNA.\u00a0 CBV12BBBNA. CBV12CBBNA. CBV12DBBNA. CBU12BBBNA. CBU12CBBNA. CBU12DBBNA. CB312BBBNA. CB312CBBNA. CB312DBBNA. \u00a0 CBV09BBBNA. CBV09CBBNA. CBV09DBBNA. CBU09BBBNA. CBU09CBBNA. CBU09DBBNA. \u00a0 CBV07BBBNA. CBV07CBBNA. CBV07DBBNA. CBU07BBBNA. CBU07CBBNA. CBU07DBBNA. \u00a0 CBF07BBBNA \u00a0 CBV18BBBNA. CBV18CBBNA. CBV18DBBNA. CBU18BBBNA. CBU18CBBNA&#8230;.<\/p>\n","protected":false},"featured_media":10910,"comment_status":"open","ping_status":"closed","template":"","meta":{"_kadence_starter_templates_imported_post":false,"_kad_post_transparent":"","_kad_post_title":"","_kad_post_layout":"","_kad_post_sidebar_id":"","_kad_post_content_style":"","_kad_post_vertical_padding":"","_kad_post_feature":"","_kad_post_feature_position":"","_kad_post_header":false,"_kad_post_footer":false,"jetpack_publicize_message":"","jetpack_publicize_feature_enabled":true,"jetpack_social_post_already_shared":true,"jetpack_social_options":{"image_generator_settings":{"template":"highway","default_image_id":0,"font":"","enabled":false},"version":2}},"product_brand":[],"product_cat":[171,214,199],"product_tag":[],"class_list":{"0":"post-10909","1":"product","2":"type-product","3":"status-publish","4":"has-post-thumbnail","6":"product_cat-consul","7":"product_cat-sensor-ambiente-evaporadora-split","8":"product_cat-sensor-degelo-evaporadora-split","10":"first","11":"instock","12":"shipping-taxable","13":"purchasable","14":"product-type-simple","15":"entry","16":"content-bg","17":"loop-entry"},"yoast_head":"<!-- This site is optimized with the Yoast SEO plugin v27.5 - https:\/\/yoast.com\/product\/yoast-seo-wordpress\/ -->\n<title>TERMISTOR AR CONDICIONADO CONSUL SENSOR DE TEMPERATURA E DEGELO CBV07BBBNA - Loja - Dual Gree Servi\u00e7os | Pe\u00e7as<\/title>\n<meta name=\"robots\" content=\"index, follow, max-snippet:-1, max-image-preview:large, max-video-preview:-1\" \/>\n<link rel=\"canonical\" href=\"https:\/\/dualgree.com.br\/loja\/produto\/termistor-ar-condicionado-consul-sensor-de-temperatura-e-degelo-cbv07bbbna\/\" \/>\n<meta property=\"og:locale\" content=\"pt_BR\" \/>\n<meta property=\"og:type\" content=\"article\" \/>\n<meta property=\"og:title\" content=\"TERMISTOR AR CONDICIONADO CONSUL SENSOR DE TEMPERATURA E DEGELO CBV07BBBNA - Loja - Dual Gree Servi\u00e7os | Pe\u00e7as\" \/>\n<meta property=\"og:description\" content=\"IC260- Termistor Consul Sensor de Temperatura C1A12BBNA \u00a0 Conjunto de termistores sensor do ar condicionado port\u00e1til Consul \u00a0 Degelo Metal Resina Preta \u00a0 C1A12BBBNA.\u00a0 CBV12BBBNA. CBV12CBBNA. CBV12DBBNA. CBU12BBBNA. CBU12CBBNA. CBU12DBBNA. CB312BBBNA. CB312CBBNA. CB312DBBNA. \u00a0 CBV09BBBNA. CBV09CBBNA. CBV09DBBNA. CBU09BBBNA. CBU09CBBNA. CBU09DBBNA. \u00a0 CBV07BBBNA. CBV07CBBNA. CBV07DBBNA. CBU07BBBNA. CBU07CBBNA. CBU07DBBNA. \u00a0 CBF07BBBNA \u00a0 CBV18BBBNA. CBV18CBBNA. CBV18DBBNA. CBU18BBBNA. CBU18CBBNA....\" \/>\n<meta property=\"og:url\" content=\"https:\/\/dualgree.com.br\/loja\/produto\/termistor-ar-condicionado-consul-sensor-de-temperatura-e-degelo-cbv07bbbna\/\" \/>\n<meta property=\"og:site_name\" content=\"Loja - Dual Gree Servi\u00e7os | Pe\u00e7as\" \/>\n<meta property=\"article:modified_time\" content=\"2025-10-28T16:44:34+00:00\" \/>\n<meta name=\"twitter:card\" content=\"summary_large_image\" \/>\n<script type=\"application\/ld+json\" class=\"yoast-schema-graph\">{\"@context\":\"https:\\\/\\\/schema.org\",\"@graph\":[{\"@type\":\"WebPage\",\"@id\":\"https:\\\/\\\/dualgree.com.br\\\/loja\\\/produto\\\/termistor-ar-condicionado-consul-sensor-de-temperatura-e-degelo-cbv07bbbna\\\/\",\"url\":\"https:\\\/\\\/dualgree.com.br\\\/loja\\\/produto\\\/termistor-ar-condicionado-consul-sensor-de-temperatura-e-degelo-cbv07bbbna\\\/\",\"name\":\"TERMISTOR AR CONDICIONADO CONSUL SENSOR DE TEMPERATURA E DEGELO CBV07BBBNA - Loja - Dual Gree Servi\u00e7os | Pe\u00e7as\",\"isPartOf\":{\"@id\":\"https:\\\/\\\/dualgree.com.br\\\/loja\\\/#website\"},\"primaryImageOfPage\":{\"@id\":\"https:\\\/\\\/dualgree.com.br\\\/loja\\\/produto\\\/termistor-ar-condicionado-consul-sensor-de-temperatura-e-degelo-cbv07bbbna\\\/#primaryimage\"},\"image\":{\"@id\":\"https:\\\/\\\/dualgree.com.br\\\/loja\\\/produto\\\/termistor-ar-condicionado-consul-sensor-de-temperatura-e-degelo-cbv07bbbna\\\/#primaryimage\"},\"thumbnailUrl\":\"https:\\\/\\\/dualgree.com.br\\\/loja\\\/wp-content\\\/uploads\\\/2025\\\/08\\\/15293048733-260-termistor-consul-sensor-de-temperatura-c1a12bbna-1.webp\",\"datePublished\":\"2025-08-16T14:23:22+00:00\",\"dateModified\":\"2025-10-28T16:44:34+00:00\",\"breadcrumb\":{\"@id\":\"https:\\\/\\\/dualgree.com.br\\\/loja\\\/produto\\\/termistor-ar-condicionado-consul-sensor-de-temperatura-e-degelo-cbv07bbbna\\\/#breadcrumb\"},\"inLanguage\":\"pt-BR\",\"potentialAction\":[{\"@type\":\"ReadAction\",\"target\":[\"https:\\\/\\\/dualgree.com.br\\\/loja\\\/produto\\\/termistor-ar-condicionado-consul-sensor-de-temperatura-e-degelo-cbv07bbbna\\\/\"]}]},{\"@type\":\"ImageObject\",\"inLanguage\":\"pt-BR\",\"@id\":\"https:\\\/\\\/dualgree.com.br\\\/loja\\\/produto\\\/termistor-ar-condicionado-consul-sensor-de-temperatura-e-degelo-cbv07bbbna\\\/#primaryimage\",\"url\":\"https:\\\/\\\/dualgree.com.br\\\/loja\\\/wp-content\\\/uploads\\\/2025\\\/08\\\/15293048733-260-termistor-consul-sensor-de-temperatura-c1a12bbna-1.webp\",\"contentUrl\":\"https:\\\/\\\/dualgree.com.br\\\/loja\\\/wp-content\\\/uploads\\\/2025\\\/08\\\/15293048733-260-termistor-consul-sensor-de-temperatura-c1a12bbna-1.webp\",\"width\":1280,\"height\":1280},{\"@type\":\"BreadcrumbList\",\"@id\":\"https:\\\/\\\/dualgree.com.br\\\/loja\\\/produto\\\/termistor-ar-condicionado-consul-sensor-de-temperatura-e-degelo-cbv07bbbna\\\/#breadcrumb\",\"itemListElement\":[{\"@type\":\"ListItem\",\"position\":1,\"name\":\"In\u00edcio\",\"item\":\"https:\\\/\\\/dualgree.com.br\\\/loja\\\/\"},{\"@type\":\"ListItem\",\"position\":2,\"name\":\"Loja &#8211; Cat\u00e1logo de Pe\u00e7as\",\"item\":\"https:\\\/\\\/dualgree.com.br\\\/loja\\\/\"},{\"@type\":\"ListItem\",\"position\":3,\"name\":\"TERMISTOR AR CONDICIONADO CONSUL SENSOR DE TEMPERATURA E DEG...\"}]},{\"@type\":\"WebSite\",\"@id\":\"https:\\\/\\\/dualgree.com.br\\\/loja\\\/#website\",\"url\":\"https:\\\/\\\/dualgree.com.br\\\/loja\\\/\",\"name\":\"Loja - Dual Gree Servi\u00e7os | Partes e Pe\u00e7as\",\"description\":\"Catalogo de Pe\u00e7as para ar condicionado\",\"publisher\":{\"@id\":\"https:\\\/\\\/dualgree.com.br\\\/loja\\\/#organization\"},\"potentialAction\":[{\"@type\":\"SearchAction\",\"target\":{\"@type\":\"EntryPoint\",\"urlTemplate\":\"https:\\\/\\\/dualgree.com.br\\\/loja\\\/?s={search_term_string}\"},\"query-input\":{\"@type\":\"PropertyValueSpecification\",\"valueRequired\":true,\"valueName\":\"search_term_string\"}}],\"inLanguage\":\"pt-BR\"},{\"@type\":\"Organization\",\"@id\":\"https:\\\/\\\/dualgree.com.br\\\/loja\\\/#organization\",\"name\":\"Loja Dual Gree Servi\u00e7o\",\"url\":\"https:\\\/\\\/dualgree.com.br\\\/loja\\\/\",\"logo\":{\"@type\":\"ImageObject\",\"inLanguage\":\"pt-BR\",\"@id\":\"https:\\\/\\\/dualgree.com.br\\\/loja\\\/#\\\/schema\\\/logo\\\/image\\\/\",\"url\":\"https:\\\/\\\/dualgree.com.br\\\/loja\\\/wp-content\\\/uploads\\\/2024\\\/09\\\/teste-logo-ecommerce-dual-1-e1725909304971.png\",\"contentUrl\":\"https:\\\/\\\/dualgree.com.br\\\/loja\\\/wp-content\\\/uploads\\\/2024\\\/09\\\/teste-logo-ecommerce-dual-1-e1725909304971.png\",\"width\":470,\"height\":157,\"caption\":\"Loja Dual Gree Servi\u00e7o\"},\"image\":{\"@id\":\"https:\\\/\\\/dualgree.com.br\\\/loja\\\/#\\\/schema\\\/logo\\\/image\\\/\"}}]}<\/script>\n<!-- \/ Yoast SEO plugin. -->","yoast_head_json":{"title":"TERMISTOR AR CONDICIONADO CONSUL SENSOR DE TEMPERATURA E DEGELO CBV07BBBNA - Loja - Dual Gree Servi\u00e7os | Pe\u00e7as","robots":{"index":"index","follow":"follow","max-snippet":"max-snippet:-1","max-image-preview":"max-image-preview:large","max-video-preview":"max-video-preview:-1"},"canonical":"https:\/\/dualgree.com.br\/loja\/produto\/termistor-ar-condicionado-consul-sensor-de-temperatura-e-degelo-cbv07bbbna\/","og_locale":"pt_BR","og_type":"article","og_title":"TERMISTOR AR CONDICIONADO CONSUL SENSOR DE TEMPERATURA E DEGELO CBV07BBBNA - Loja - Dual Gree Servi\u00e7os | Pe\u00e7as","og_description":"IC260- Termistor Consul Sensor de Temperatura C1A12BBNA \u00a0 Conjunto de termistores sensor do ar condicionado port\u00e1til Consul \u00a0 Degelo Metal Resina Preta \u00a0 C1A12BBBNA.\u00a0 CBV12BBBNA. CBV12CBBNA. CBV12DBBNA. CBU12BBBNA. CBU12CBBNA. CBU12DBBNA. CB312BBBNA. CB312CBBNA. CB312DBBNA. \u00a0 CBV09BBBNA. CBV09CBBNA. CBV09DBBNA. CBU09BBBNA. CBU09CBBNA. CBU09DBBNA. \u00a0 CBV07BBBNA. CBV07CBBNA. CBV07DBBNA. CBU07BBBNA. CBU07CBBNA. CBU07DBBNA. \u00a0 CBF07BBBNA \u00a0 CBV18BBBNA. CBV18CBBNA. CBV18DBBNA. CBU18BBBNA. CBU18CBBNA....","og_url":"https:\/\/dualgree.com.br\/loja\/produto\/termistor-ar-condicionado-consul-sensor-de-temperatura-e-degelo-cbv07bbbna\/","og_site_name":"Loja - Dual Gree Servi\u00e7os | Pe\u00e7as","article_modified_time":"2025-10-28T16:44:34+00:00","twitter_card":"summary_large_image","schema":{"@context":"https:\/\/schema.org","@graph":[{"@type":"WebPage","@id":"https:\/\/dualgree.com.br\/loja\/produto\/termistor-ar-condicionado-consul-sensor-de-temperatura-e-degelo-cbv07bbbna\/","url":"https:\/\/dualgree.com.br\/loja\/produto\/termistor-ar-condicionado-consul-sensor-de-temperatura-e-degelo-cbv07bbbna\/","name":"TERMISTOR AR CONDICIONADO CONSUL SENSOR DE TEMPERATURA E DEGELO CBV07BBBNA - Loja - Dual Gree Servi\u00e7os | Pe\u00e7as","isPartOf":{"@id":"https:\/\/dualgree.com.br\/loja\/#website"},"primaryImageOfPage":{"@id":"https:\/\/dualgree.com.br\/loja\/produto\/termistor-ar-condicionado-consul-sensor-de-temperatura-e-degelo-cbv07bbbna\/#primaryimage"},"image":{"@id":"https:\/\/dualgree.com.br\/loja\/produto\/termistor-ar-condicionado-consul-sensor-de-temperatura-e-degelo-cbv07bbbna\/#primaryimage"},"thumbnailUrl":"https:\/\/dualgree.com.br\/loja\/wp-content\/uploads\/2025\/08\/15293048733-260-termistor-consul-sensor-de-temperatura-c1a12bbna-1.webp","datePublished":"2025-08-16T14:23:22+00:00","dateModified":"2025-10-28T16:44:34+00:00","breadcrumb":{"@id":"https:\/\/dualgree.com.br\/loja\/produto\/termistor-ar-condicionado-consul-sensor-de-temperatura-e-degelo-cbv07bbbna\/#breadcrumb"},"inLanguage":"pt-BR","potentialAction":[{"@type":"ReadAction","target":["https:\/\/dualgree.com.br\/loja\/produto\/termistor-ar-condicionado-consul-sensor-de-temperatura-e-degelo-cbv07bbbna\/"]}]},{"@type":"ImageObject","inLanguage":"pt-BR","@id":"https:\/\/dualgree.com.br\/loja\/produto\/termistor-ar-condicionado-consul-sensor-de-temperatura-e-degelo-cbv07bbbna\/#primaryimage","url":"https:\/\/dualgree.com.br\/loja\/wp-content\/uploads\/2025\/08\/15293048733-260-termistor-consul-sensor-de-temperatura-c1a12bbna-1.webp","contentUrl":"https:\/\/dualgree.com.br\/loja\/wp-content\/uploads\/2025\/08\/15293048733-260-termistor-consul-sensor-de-temperatura-c1a12bbna-1.webp","width":1280,"height":1280},{"@type":"BreadcrumbList","@id":"https:\/\/dualgree.com.br\/loja\/produto\/termistor-ar-condicionado-consul-sensor-de-temperatura-e-degelo-cbv07bbbna\/#breadcrumb","itemListElement":[{"@type":"ListItem","position":1,"name":"In\u00edcio","item":"https:\/\/dualgree.com.br\/loja\/"},{"@type":"ListItem","position":2,"name":"Loja &#8211; Cat\u00e1logo de Pe\u00e7as","item":"https:\/\/dualgree.com.br\/loja\/"},{"@type":"ListItem","position":3,"name":"TERMISTOR AR CONDICIONADO CONSUL SENSOR DE TEMPERATURA E DEG..."}]},{"@type":"WebSite","@id":"https:\/\/dualgree.com.br\/loja\/#website","url":"https:\/\/dualgree.com.br\/loja\/","name":"Loja - Dual Gree Servi\u00e7os | Partes e Pe\u00e7as","description":"Catalogo de Pe\u00e7as para ar condicionado","publisher":{"@id":"https:\/\/dualgree.com.br\/loja\/#organization"},"potentialAction":[{"@type":"SearchAction","target":{"@type":"EntryPoint","urlTemplate":"https:\/\/dualgree.com.br\/loja\/?s={search_term_string}"},"query-input":{"@type":"PropertyValueSpecification","valueRequired":true,"valueName":"search_term_string"}}],"inLanguage":"pt-BR"},{"@type":"Organization","@id":"https:\/\/dualgree.com.br\/loja\/#organization","name":"Loja Dual Gree Servi\u00e7o","url":"https:\/\/dualgree.com.br\/loja\/","logo":{"@type":"ImageObject","inLanguage":"pt-BR","@id":"https:\/\/dualgree.com.br\/loja\/#\/schema\/logo\/image\/","url":"https:\/\/dualgree.com.br\/loja\/wp-content\/uploads\/2024\/09\/teste-logo-ecommerce-dual-1-e1725909304971.png","contentUrl":"https:\/\/dualgree.com.br\/loja\/wp-content\/uploads\/2024\/09\/teste-logo-ecommerce-dual-1-e1725909304971.png","width":470,"height":157,"caption":"Loja Dual Gree Servi\u00e7o"},"image":{"@id":"https:\/\/dualgree.com.br\/loja\/#\/schema\/logo\/image\/"}}]}},"jetpack_publicize_connections":[],"jetpack_sharing_enabled":true,"jetpack_likes_enabled":true,"_links":{"self":[{"href":"https:\/\/dualgree.com.br\/loja\/wp-json\/wp\/v2\/product\/10909","targetHints":{"allow":["GET"]}}],"collection":[{"href":"https:\/\/dualgree.com.br\/loja\/wp-json\/wp\/v2\/product"}],"about":[{"href":"https:\/\/dualgree.com.br\/loja\/wp-json\/wp\/v2\/types\/product"}],"replies":[{"embeddable":true,"href":"https:\/\/dualgree.com.br\/loja\/wp-json\/wp\/v2\/comments?post=10909"}],"wp:featuredmedia":[{"embeddable":true,"href":"https:\/\/dualgree.com.br\/loja\/wp-json\/wp\/v2\/media\/10910"}],"wp:attachment":[{"href":"https:\/\/dualgree.com.br\/loja\/wp-json\/wp\/v2\/media?parent=10909"}],"wp:term":[{"taxonomy":"product_brand","embeddable":true,"href":"https:\/\/dualgree.com.br\/loja\/wp-json\/wp\/v2\/product_brand?post=10909"},{"taxonomy":"product_cat","embeddable":true,"href":"https:\/\/dualgree.com.br\/loja\/wp-json\/wp\/v2\/product_cat?post=10909"},{"taxonomy":"product_tag","embeddable":true,"href":"https:\/\/dualgree.com.br\/loja\/wp-json\/wp\/v2\/product_tag?post=10909"}],"curies":[{"name":"wp","href":"https:\/\/api.w.org\/{rel}","templated":true}]}}