{"id":11405,"date":"2025-09-11T21:27:59","date_gmt":"2025-09-11T21:27:59","guid":{"rendered":"https:\/\/dualgree.com.br\/loja\/produto\/testador-de-motor-bldc-5-fios-ar-condicionado-samsung-inverter\/"},"modified":"2026-04-30T14:37:56","modified_gmt":"2026-04-30T14:37:56","slug":"testador-de-motor-bldc-5-fios-ar-condicionado-samsung-inverter","status":"publish","type":"product","link":"https:\/\/dualgree.com.br\/loja\/produto\/testador-de-motor-bldc-5-fios-ar-condicionado-samsung-inverter\/","title":{"rendered":"TESTADOR DE MOTOR BLDC 5 FIOS &#8211; Ar condicionado  Samsu..."},"content":{"rendered":"<p>DG4774 &#8211; Teste para motores BLDC 310vdc. compativel com motores LG<\/p>\n<p>\u00a0<\/p>\n<p>! N\u00c3O FUNCIONA EM MOTORES AC 220V OU AC 127V !\u00a0<\/p>\n<p>\u00a0<\/p>\n<p>\u00a0<\/p>\n<p>Antes de usar este teste preste aten\u00e7\u00e3o na posi\u00e7\u00e3o do fio vermelho. DEVE FICAR NA POSI\u00c7\u00c3O DO PINO 310DC IMPRESSO NO TESTE.\u00a0<\/p>\n<p>\u00a0<\/p>\n<p>\u00a0<\/p>\n<p>Compativel com varios modelos de motores que contenha 5 fios.\u00a0<\/p>\n<p>\u00a0<\/p>\n<p>LG INVERTER<\/p>\n<p>SAMSUNG INVERTER<\/p>\n<p>PHILCO INVERTER<\/p>\n<p>\u00a0<\/p>\n<p>Tem duvidas fale com vendedor antes da compra.<\/p>\n","protected":false},"excerpt":{"rendered":"<p>DG4774 &#8211; Teste para motores BLDC 310vdc. compativel com motores LG \u00a0 ! N\u00c3O FUNCIONA EM MOTORES AC 220V OU AC 127V !\u00a0 \u00a0 \u00a0 Antes de usar este teste preste aten\u00e7\u00e3o na posi\u00e7\u00e3o do fio vermelho. DEVE FICAR NA POSI\u00c7\u00c3O DO PINO 310DC IMPRESSO NO TESTE.\u00a0 \u00a0 \u00a0 Compativel com varios modelos de motores&#8230;<\/p>\n","protected":false},"featured_media":12197,"comment_status":"open","ping_status":"closed","template":"","meta":{"_kadence_starter_templates_imported_post":false,"_kad_post_transparent":"","_kad_post_title":"","_kad_post_layout":"","_kad_post_sidebar_id":"","_kad_post_content_style":"","_kad_post_vertical_padding":"","_kad_post_feature":"","_kad_post_feature_position":"","_kad_post_header":false,"_kad_post_footer":false,"jetpack_publicize_message":"","jetpack_publicize_feature_enabled":true,"jetpack_social_post_already_shared":true,"jetpack_social_options":{"image_generator_settings":{"template":"highway","default_image_id":0,"font":"","enabled":false},"version":2}},"product_brand":[],"product_cat":[182,183,186,396],"product_tag":[],"class_list":{"0":"post-11405","1":"product","2":"type-product","3":"status-publish","4":"has-post-thumbnail","6":"product_cat-lg","7":"product_cat-philco","8":"product_cat-samsung","9":"product_cat-teste-de-motor-bldc-310dc","11":"first","12":"instock","13":"sale","14":"shipping-taxable","15":"purchasable","16":"product-type-simple","17":"entry","18":"content-bg","19":"loop-entry"},"yoast_head":"<!-- This site is optimized with the Yoast SEO plugin v27.5 - https:\/\/yoast.com\/product\/yoast-seo-wordpress\/ -->\n<title>TESTADOR DE MOTOR BLDC 5 FIOS - Ar condicionado Samsung inverter - Loja - Dual Gree Servi\u00e7os | Pe\u00e7as<\/title>\n<meta name=\"robots\" content=\"index, follow, max-snippet:-1, max-image-preview:large, max-video-preview:-1\" \/>\n<link rel=\"canonical\" href=\"https:\/\/dualgree.com.br\/loja\/produto\/testador-de-motor-bldc-5-fios-ar-condicionado-samsung-inverter\/\" \/>\n<meta property=\"og:locale\" content=\"pt_BR\" \/>\n<meta property=\"og:type\" content=\"article\" \/>\n<meta property=\"og:title\" content=\"TESTADOR DE MOTOR BLDC 5 FIOS - Ar condicionado Samsung inverter - Loja - Dual Gree Servi\u00e7os | Pe\u00e7as\" \/>\n<meta property=\"og:description\" content=\"DG4774 &#8211; Teste para motores BLDC 310vdc. compativel com motores LG \u00a0 ! N\u00c3O FUNCIONA EM MOTORES AC 220V OU AC 127V !\u00a0 \u00a0 \u00a0 Antes de usar este teste preste aten\u00e7\u00e3o na posi\u00e7\u00e3o do fio vermelho. DEVE FICAR NA POSI\u00c7\u00c3O DO PINO 310DC IMPRESSO NO TESTE.\u00a0 \u00a0 \u00a0 Compativel com varios modelos de motores...\" \/>\n<meta property=\"og:url\" content=\"https:\/\/dualgree.com.br\/loja\/produto\/testador-de-motor-bldc-5-fios-ar-condicionado-samsung-inverter\/\" \/>\n<meta property=\"og:site_name\" content=\"Loja - Dual Gree Servi\u00e7os | Pe\u00e7as\" \/>\n<meta property=\"article:modified_time\" content=\"2026-04-30T14:37:56+00:00\" \/>\n<meta property=\"og:image\" content=\"https:\/\/dualgree.com.br\/loja\/wp-content\/uploads\/2025\/09\/15368352037-dg4774-teste-de-motor-bldc-tomada-5-fios-3.webp\" \/>\n\t<meta property=\"og:image:width\" content=\"1280\" \/>\n\t<meta property=\"og:image:height\" content=\"1280\" \/>\n\t<meta property=\"og:image:type\" content=\"image\/png\" \/>\n<meta name=\"twitter:card\" content=\"summary_large_image\" \/>\n<script type=\"application\/ld+json\" class=\"yoast-schema-graph\">{\"@context\":\"https:\\\/\\\/schema.org\",\"@graph\":[{\"@type\":\"WebPage\",\"@id\":\"https:\\\/\\\/dualgree.com.br\\\/loja\\\/produto\\\/testador-de-motor-bldc-5-fios-ar-condicionado-samsung-inverter\\\/\",\"url\":\"https:\\\/\\\/dualgree.com.br\\\/loja\\\/produto\\\/testador-de-motor-bldc-5-fios-ar-condicionado-samsung-inverter\\\/\",\"name\":\"TESTADOR DE MOTOR BLDC 5 FIOS - Ar condicionado Samsung inverter - Loja - Dual Gree Servi\u00e7os | Pe\u00e7as\",\"isPartOf\":{\"@id\":\"https:\\\/\\\/dualgree.com.br\\\/loja\\\/#website\"},\"primaryImageOfPage\":{\"@id\":\"https:\\\/\\\/dualgree.com.br\\\/loja\\\/produto\\\/testador-de-motor-bldc-5-fios-ar-condicionado-samsung-inverter\\\/#primaryimage\"},\"image\":{\"@id\":\"https:\\\/\\\/dualgree.com.br\\\/loja\\\/produto\\\/testador-de-motor-bldc-5-fios-ar-condicionado-samsung-inverter\\\/#primaryimage\"},\"thumbnailUrl\":\"https:\\\/\\\/dualgree.com.br\\\/loja\\\/wp-content\\\/uploads\\\/2025\\\/10\\\/15368352037-dg4774-teste-de-motor-bldc-tomada-5-fios.webp\",\"datePublished\":\"2025-09-11T21:27:59+00:00\",\"dateModified\":\"2026-04-30T14:37:56+00:00\",\"breadcrumb\":{\"@id\":\"https:\\\/\\\/dualgree.com.br\\\/loja\\\/produto\\\/testador-de-motor-bldc-5-fios-ar-condicionado-samsung-inverter\\\/#breadcrumb\"},\"inLanguage\":\"pt-BR\",\"potentialAction\":[{\"@type\":\"ReadAction\",\"target\":[\"https:\\\/\\\/dualgree.com.br\\\/loja\\\/produto\\\/testador-de-motor-bldc-5-fios-ar-condicionado-samsung-inverter\\\/\"]}]},{\"@type\":\"ImageObject\",\"inLanguage\":\"pt-BR\",\"@id\":\"https:\\\/\\\/dualgree.com.br\\\/loja\\\/produto\\\/testador-de-motor-bldc-5-fios-ar-condicionado-samsung-inverter\\\/#primaryimage\",\"url\":\"https:\\\/\\\/dualgree.com.br\\\/loja\\\/wp-content\\\/uploads\\\/2025\\\/10\\\/15368352037-dg4774-teste-de-motor-bldc-tomada-5-fios.webp\",\"contentUrl\":\"https:\\\/\\\/dualgree.com.br\\\/loja\\\/wp-content\\\/uploads\\\/2025\\\/10\\\/15368352037-dg4774-teste-de-motor-bldc-tomada-5-fios.webp\",\"width\":1280,\"height\":1280},{\"@type\":\"BreadcrumbList\",\"@id\":\"https:\\\/\\\/dualgree.com.br\\\/loja\\\/produto\\\/testador-de-motor-bldc-5-fios-ar-condicionado-samsung-inverter\\\/#breadcrumb\",\"itemListElement\":[{\"@type\":\"ListItem\",\"position\":1,\"name\":\"In\u00edcio\",\"item\":\"https:\\\/\\\/dualgree.com.br\\\/loja\\\/\"},{\"@type\":\"ListItem\",\"position\":2,\"name\":\"Loja &#8211; Cat\u00e1logo de Pe\u00e7as\",\"item\":\"https:\\\/\\\/dualgree.com.br\\\/loja\\\/\"},{\"@type\":\"ListItem\",\"position\":3,\"name\":\"TESTADOR DE MOTOR BLDC 5 FIOS &#8211; Ar condicionado Samsu...\"}]},{\"@type\":\"WebSite\",\"@id\":\"https:\\\/\\\/dualgree.com.br\\\/loja\\\/#website\",\"url\":\"https:\\\/\\\/dualgree.com.br\\\/loja\\\/\",\"name\":\"Loja - Dual Gree Servi\u00e7os | Partes e Pe\u00e7as\",\"description\":\"Catalogo de Pe\u00e7as para ar condicionado\",\"publisher\":{\"@id\":\"https:\\\/\\\/dualgree.com.br\\\/loja\\\/#organization\"},\"potentialAction\":[{\"@type\":\"SearchAction\",\"target\":{\"@type\":\"EntryPoint\",\"urlTemplate\":\"https:\\\/\\\/dualgree.com.br\\\/loja\\\/?s={search_term_string}\"},\"query-input\":{\"@type\":\"PropertyValueSpecification\",\"valueRequired\":true,\"valueName\":\"search_term_string\"}}],\"inLanguage\":\"pt-BR\"},{\"@type\":\"Organization\",\"@id\":\"https:\\\/\\\/dualgree.com.br\\\/loja\\\/#organization\",\"name\":\"Loja Dual Gree Servi\u00e7o\",\"url\":\"https:\\\/\\\/dualgree.com.br\\\/loja\\\/\",\"logo\":{\"@type\":\"ImageObject\",\"inLanguage\":\"pt-BR\",\"@id\":\"https:\\\/\\\/dualgree.com.br\\\/loja\\\/#\\\/schema\\\/logo\\\/image\\\/\",\"url\":\"https:\\\/\\\/dualgree.com.br\\\/loja\\\/wp-content\\\/uploads\\\/2024\\\/09\\\/teste-logo-ecommerce-dual-1-e1725909304971.png\",\"contentUrl\":\"https:\\\/\\\/dualgree.com.br\\\/loja\\\/wp-content\\\/uploads\\\/2024\\\/09\\\/teste-logo-ecommerce-dual-1-e1725909304971.png\",\"width\":470,\"height\":157,\"caption\":\"Loja Dual Gree Servi\u00e7o\"},\"image\":{\"@id\":\"https:\\\/\\\/dualgree.com.br\\\/loja\\\/#\\\/schema\\\/logo\\\/image\\\/\"}}]}<\/script>\n<!-- \/ Yoast SEO plugin. -->","yoast_head_json":{"title":"TESTADOR DE MOTOR BLDC 5 FIOS - Ar condicionado Samsung inverter - Loja - Dual Gree Servi\u00e7os | Pe\u00e7as","robots":{"index":"index","follow":"follow","max-snippet":"max-snippet:-1","max-image-preview":"max-image-preview:large","max-video-preview":"max-video-preview:-1"},"canonical":"https:\/\/dualgree.com.br\/loja\/produto\/testador-de-motor-bldc-5-fios-ar-condicionado-samsung-inverter\/","og_locale":"pt_BR","og_type":"article","og_title":"TESTADOR DE MOTOR BLDC 5 FIOS - Ar condicionado Samsung inverter - Loja - Dual Gree Servi\u00e7os | Pe\u00e7as","og_description":"DG4774 &#8211; Teste para motores BLDC 310vdc. compativel com motores LG \u00a0 ! N\u00c3O FUNCIONA EM MOTORES AC 220V OU AC 127V !\u00a0 \u00a0 \u00a0 Antes de usar este teste preste aten\u00e7\u00e3o na posi\u00e7\u00e3o do fio vermelho. DEVE FICAR NA POSI\u00c7\u00c3O DO PINO 310DC IMPRESSO NO TESTE.\u00a0 \u00a0 \u00a0 Compativel com varios modelos de motores...","og_url":"https:\/\/dualgree.com.br\/loja\/produto\/testador-de-motor-bldc-5-fios-ar-condicionado-samsung-inverter\/","og_site_name":"Loja - Dual Gree Servi\u00e7os | Pe\u00e7as","article_modified_time":"2026-04-30T14:37:56+00:00","og_image":[{"width":1280,"height":1280,"url":"https:\/\/dualgree.com.br\/loja\/wp-content\/uploads\/2025\/09\/15368352037-dg4774-teste-de-motor-bldc-tomada-5-fios-3.webp","type":"image\/png"}],"twitter_card":"summary_large_image","schema":{"@context":"https:\/\/schema.org","@graph":[{"@type":"WebPage","@id":"https:\/\/dualgree.com.br\/loja\/produto\/testador-de-motor-bldc-5-fios-ar-condicionado-samsung-inverter\/","url":"https:\/\/dualgree.com.br\/loja\/produto\/testador-de-motor-bldc-5-fios-ar-condicionado-samsung-inverter\/","name":"TESTADOR DE MOTOR BLDC 5 FIOS - Ar condicionado Samsung inverter - Loja - Dual Gree Servi\u00e7os | Pe\u00e7as","isPartOf":{"@id":"https:\/\/dualgree.com.br\/loja\/#website"},"primaryImageOfPage":{"@id":"https:\/\/dualgree.com.br\/loja\/produto\/testador-de-motor-bldc-5-fios-ar-condicionado-samsung-inverter\/#primaryimage"},"image":{"@id":"https:\/\/dualgree.com.br\/loja\/produto\/testador-de-motor-bldc-5-fios-ar-condicionado-samsung-inverter\/#primaryimage"},"thumbnailUrl":"https:\/\/dualgree.com.br\/loja\/wp-content\/uploads\/2025\/10\/15368352037-dg4774-teste-de-motor-bldc-tomada-5-fios.webp","datePublished":"2025-09-11T21:27:59+00:00","dateModified":"2026-04-30T14:37:56+00:00","breadcrumb":{"@id":"https:\/\/dualgree.com.br\/loja\/produto\/testador-de-motor-bldc-5-fios-ar-condicionado-samsung-inverter\/#breadcrumb"},"inLanguage":"pt-BR","potentialAction":[{"@type":"ReadAction","target":["https:\/\/dualgree.com.br\/loja\/produto\/testador-de-motor-bldc-5-fios-ar-condicionado-samsung-inverter\/"]}]},{"@type":"ImageObject","inLanguage":"pt-BR","@id":"https:\/\/dualgree.com.br\/loja\/produto\/testador-de-motor-bldc-5-fios-ar-condicionado-samsung-inverter\/#primaryimage","url":"https:\/\/dualgree.com.br\/loja\/wp-content\/uploads\/2025\/10\/15368352037-dg4774-teste-de-motor-bldc-tomada-5-fios.webp","contentUrl":"https:\/\/dualgree.com.br\/loja\/wp-content\/uploads\/2025\/10\/15368352037-dg4774-teste-de-motor-bldc-tomada-5-fios.webp","width":1280,"height":1280},{"@type":"BreadcrumbList","@id":"https:\/\/dualgree.com.br\/loja\/produto\/testador-de-motor-bldc-5-fios-ar-condicionado-samsung-inverter\/#breadcrumb","itemListElement":[{"@type":"ListItem","position":1,"name":"In\u00edcio","item":"https:\/\/dualgree.com.br\/loja\/"},{"@type":"ListItem","position":2,"name":"Loja &#8211; Cat\u00e1logo de Pe\u00e7as","item":"https:\/\/dualgree.com.br\/loja\/"},{"@type":"ListItem","position":3,"name":"TESTADOR DE MOTOR BLDC 5 FIOS &#8211; Ar condicionado Samsu..."}]},{"@type":"WebSite","@id":"https:\/\/dualgree.com.br\/loja\/#website","url":"https:\/\/dualgree.com.br\/loja\/","name":"Loja - Dual Gree Servi\u00e7os | Partes e Pe\u00e7as","description":"Catalogo de Pe\u00e7as para ar condicionado","publisher":{"@id":"https:\/\/dualgree.com.br\/loja\/#organization"},"potentialAction":[{"@type":"SearchAction","target":{"@type":"EntryPoint","urlTemplate":"https:\/\/dualgree.com.br\/loja\/?s={search_term_string}"},"query-input":{"@type":"PropertyValueSpecification","valueRequired":true,"valueName":"search_term_string"}}],"inLanguage":"pt-BR"},{"@type":"Organization","@id":"https:\/\/dualgree.com.br\/loja\/#organization","name":"Loja Dual Gree Servi\u00e7o","url":"https:\/\/dualgree.com.br\/loja\/","logo":{"@type":"ImageObject","inLanguage":"pt-BR","@id":"https:\/\/dualgree.com.br\/loja\/#\/schema\/logo\/image\/","url":"https:\/\/dualgree.com.br\/loja\/wp-content\/uploads\/2024\/09\/teste-logo-ecommerce-dual-1-e1725909304971.png","contentUrl":"https:\/\/dualgree.com.br\/loja\/wp-content\/uploads\/2024\/09\/teste-logo-ecommerce-dual-1-e1725909304971.png","width":470,"height":157,"caption":"Loja Dual Gree Servi\u00e7o"},"image":{"@id":"https:\/\/dualgree.com.br\/loja\/#\/schema\/logo\/image\/"}}]}},"jetpack_publicize_connections":[],"jetpack_sharing_enabled":true,"jetpack_likes_enabled":true,"_links":{"self":[{"href":"https:\/\/dualgree.com.br\/loja\/wp-json\/wp\/v2\/product\/11405","targetHints":{"allow":["GET"]}}],"collection":[{"href":"https:\/\/dualgree.com.br\/loja\/wp-json\/wp\/v2\/product"}],"about":[{"href":"https:\/\/dualgree.com.br\/loja\/wp-json\/wp\/v2\/types\/product"}],"replies":[{"embeddable":true,"href":"https:\/\/dualgree.com.br\/loja\/wp-json\/wp\/v2\/comments?post=11405"}],"wp:featuredmedia":[{"embeddable":true,"href":"https:\/\/dualgree.com.br\/loja\/wp-json\/wp\/v2\/media\/12197"}],"wp:attachment":[{"href":"https:\/\/dualgree.com.br\/loja\/wp-json\/wp\/v2\/media?parent=11405"}],"wp:term":[{"taxonomy":"product_brand","embeddable":true,"href":"https:\/\/dualgree.com.br\/loja\/wp-json\/wp\/v2\/product_brand?post=11405"},{"taxonomy":"product_cat","embeddable":true,"href":"https:\/\/dualgree.com.br\/loja\/wp-json\/wp\/v2\/product_cat?post=11405"},{"taxonomy":"product_tag","embeddable":true,"href":"https:\/\/dualgree.com.br\/loja\/wp-json\/wp\/v2\/product_tag?post=11405"}],"curies":[{"name":"wp","href":"https:\/\/api.w.org\/{rel}","templated":true}]}}