{"id":11491,"date":"2025-09-16T14:46:15","date_gmt":"2025-09-16T14:46:15","guid":{"rendered":"https:\/\/dualgree.com.br\/loja\/produto\/tubo-com-emenda-para-tubos-de-13cm-compativel-com-delonghi-pinguino\/"},"modified":"2026-04-28T18:19:57","modified_gmt":"2026-04-28T18:19:57","slug":"tubo-com-emenda-para-tubos-de-13cm-compativel-com-delonghi-pinguino","status":"publish","type":"product","link":"https:\/\/dualgree.com.br\/loja\/produto\/tubo-com-emenda-para-tubos-de-13cm-compativel-com-delonghi-pinguino\/","title":{"rendered":"Tubo com emenda extens\u00e3o de tubos de 13cm &#8211; para ar p..."},"content":{"rendered":"<p>DG4759_DG100 &#8211; Emenda com tubo duto para ar condicionado portatil com 2 metros de comprimento e rosca de 13cm para Direita<\/p>\n<p>Itens do anucio:<\/p>\n<p>DG100 &#8211; Tubo duto para ar condicionado portatil com 2 metros rosca 13cm para Direita.<\/p>\n<p>DG4759 \u2013 Emenda de tubo de ar condicionado portatil rosca interna 130mm = a 13cm de rosca bidirecional.<\/p>\n<p>Cor : Branco<\/p>\n<p>Compativel com tubos de 13cm de rosca :<\/p>\n<p>Delonghi \u2013 pac c100.<\/p>\n<p>Delonghi \u2013 pac c105.<\/p>\n<p>Delonghi \u2013 pac w125.<\/p>\n<p>Delonghi \u2013 pac AN120.<\/p>\n<p>Delonghi \u2013 pac AN130.<\/p>\n<p>Delonghi \u2013 pac AN145RF.<\/p>\n<p>Delonghi \u2013 pac AN130RF.<\/p>\n<p>Electrolux po10f.<\/p>\n<p>Electrolux po10r.<\/p>\n<p>Philco PH10000F \u2013 Modelo antigo 13cm<\/p>\n<p>Philco PH10000QF \u2013 Modelo antigo 13cm<\/p>\n<p>Philco PH13000F \u2013 Modelo antigo 13cm<\/p>\n<p>Philco PH13000QF \u2013 Modelo antigo 13cm<\/p>\n<p>TCL<\/p>\n","protected":false},"excerpt":{"rendered":"<p>DG4759_DG100 &#8211; Emenda com tubo duto para ar condicionado portatil com 2 metros de comprimento e rosca de 13cm para Direita Itens do anucio: DG100 &#8211; Tubo duto para ar condicionado portatil com 2 metros rosca 13cm para Direita. DG4759 \u2013 Emenda de tubo de ar condicionado portatil rosca interna 130mm = a 13cm de&#8230;<\/p>\n","protected":false},"featured_media":11510,"comment_status":"open","ping_status":"closed","template":"","meta":{"_kadence_starter_templates_imported_post":false,"_kad_post_transparent":"default","_kad_post_title":"","_kad_post_layout":"default","_kad_post_sidebar_id":"","_kad_post_content_style":"default","_kad_post_vertical_padding":"default","_kad_post_feature":"","_kad_post_feature_position":"","_kad_post_header":false,"_kad_post_footer":false,"jetpack_publicize_message":"","jetpack_publicize_feature_enabled":true,"jetpack_social_post_already_shared":true,"jetpack_social_options":{"image_generator_settings":{"template":"highway","default_image_id":0,"font":"","enabled":false},"version":2}},"product_brand":[],"product_cat":[225,244,181,256,202,243,297,183,246,258],"product_tag":[],"class_list":{"0":"post-11491","1":"product","2":"type-product","3":"status-publish","4":"has-post-thumbnail","6":"product_cat-delonghi","7":"product_cat-duto-para-ar-portatil","8":"product_cat-electrolux","9":"product_cat-emenda-duto-ar-portatil","10":"product_cat-komeco","11":"product_cat-olimpia-splendid","12":"product_cat-phaser","13":"product_cat-philco","14":"product_cat-tcl","15":"product_cat-techome","17":"first","18":"instock","19":"sale","20":"shipping-taxable","21":"purchasable","22":"product-type-simple","23":"entry","24":"content-bg","25":"loop-entry"},"yoast_head":"<!-- This site is optimized with the Yoast SEO plugin v27.5 - https:\/\/yoast.com\/product\/yoast-seo-wordpress\/ -->\n<title>Tubo com emenda extens\u00e3o de tubos de 13cm - para ar portatil Delonghi Pinguino - Loja - Dual Gree Servi\u00e7os | Pe\u00e7as<\/title>\n<meta name=\"robots\" content=\"index, follow, max-snippet:-1, max-image-preview:large, max-video-preview:-1\" \/>\n<link rel=\"canonical\" href=\"https:\/\/dualgree.com.br\/loja\/produto\/tubo-com-emenda-para-tubos-de-13cm-compativel-com-delonghi-pinguino\/\" \/>\n<meta property=\"og:locale\" content=\"pt_BR\" \/>\n<meta property=\"og:type\" content=\"article\" \/>\n<meta property=\"og:title\" content=\"Tubo com emenda extens\u00e3o de tubos de 13cm - para ar portatil Delonghi Pinguino - Loja - Dual Gree Servi\u00e7os | Pe\u00e7as\" \/>\n<meta property=\"og:description\" content=\"DG4759_DG100 &#8211; Emenda com tubo duto para ar condicionado portatil com 2 metros de comprimento e rosca de 13cm para Direita Itens do anucio: DG100 &#8211; Tubo duto para ar condicionado portatil com 2 metros rosca 13cm para Direita. DG4759 \u2013 Emenda de tubo de ar condicionado portatil rosca interna 130mm = a 13cm de...\" \/>\n<meta property=\"og:url\" content=\"https:\/\/dualgree.com.br\/loja\/produto\/tubo-com-emenda-para-tubos-de-13cm-compativel-com-delonghi-pinguino\/\" \/>\n<meta property=\"og:site_name\" content=\"Loja - Dual Gree Servi\u00e7os | Pe\u00e7as\" \/>\n<meta property=\"article:modified_time\" content=\"2026-04-28T18:19:57+00:00\" \/>\n<meta property=\"og:image\" content=\"https:\/\/dualgree.com.br\/loja\/wp-content\/uploads\/2025\/09\/15376394664-tubo-dg413-com-emenda-dg4759-130mm-5.webp\" \/>\n\t<meta property=\"og:image:width\" content=\"1280\" \/>\n\t<meta property=\"og:image:height\" content=\"1280\" \/>\n\t<meta property=\"og:image:type\" content=\"image\/png\" \/>\n<meta name=\"twitter:card\" content=\"summary_large_image\" \/>\n<meta name=\"twitter:label1\" content=\"Est. tempo de leitura\" \/>\n\t<meta name=\"twitter:data1\" content=\"1 minuto\" \/>\n<script type=\"application\/ld+json\" class=\"yoast-schema-graph\">{\"@context\":\"https:\\\/\\\/schema.org\",\"@graph\":[{\"@type\":\"WebPage\",\"@id\":\"https:\\\/\\\/dualgree.com.br\\\/loja\\\/produto\\\/tubo-com-emenda-para-tubos-de-13cm-compativel-com-delonghi-pinguino\\\/\",\"url\":\"https:\\\/\\\/dualgree.com.br\\\/loja\\\/produto\\\/tubo-com-emenda-para-tubos-de-13cm-compativel-com-delonghi-pinguino\\\/\",\"name\":\"Tubo com emenda extens\u00e3o de tubos de 13cm - para ar portatil Delonghi Pinguino - Loja - Dual Gree Servi\u00e7os | Pe\u00e7as\",\"isPartOf\":{\"@id\":\"https:\\\/\\\/dualgree.com.br\\\/loja\\\/#website\"},\"primaryImageOfPage\":{\"@id\":\"https:\\\/\\\/dualgree.com.br\\\/loja\\\/produto\\\/tubo-com-emenda-para-tubos-de-13cm-compativel-com-delonghi-pinguino\\\/#primaryimage\"},\"image\":{\"@id\":\"https:\\\/\\\/dualgree.com.br\\\/loja\\\/produto\\\/tubo-com-emenda-para-tubos-de-13cm-compativel-com-delonghi-pinguino\\\/#primaryimage\"},\"thumbnailUrl\":\"https:\\\/\\\/dualgree.com.br\\\/loja\\\/wp-content\\\/uploads\\\/2025\\\/09\\\/15376394664-tubo-dg413-com-emenda-dg4759-130mm-5.webp\",\"datePublished\":\"2025-09-16T14:46:15+00:00\",\"dateModified\":\"2026-04-28T18:19:57+00:00\",\"breadcrumb\":{\"@id\":\"https:\\\/\\\/dualgree.com.br\\\/loja\\\/produto\\\/tubo-com-emenda-para-tubos-de-13cm-compativel-com-delonghi-pinguino\\\/#breadcrumb\"},\"inLanguage\":\"pt-BR\",\"potentialAction\":[{\"@type\":\"ReadAction\",\"target\":[\"https:\\\/\\\/dualgree.com.br\\\/loja\\\/produto\\\/tubo-com-emenda-para-tubos-de-13cm-compativel-com-delonghi-pinguino\\\/\"]}]},{\"@type\":\"ImageObject\",\"inLanguage\":\"pt-BR\",\"@id\":\"https:\\\/\\\/dualgree.com.br\\\/loja\\\/produto\\\/tubo-com-emenda-para-tubos-de-13cm-compativel-com-delonghi-pinguino\\\/#primaryimage\",\"url\":\"https:\\\/\\\/dualgree.com.br\\\/loja\\\/wp-content\\\/uploads\\\/2025\\\/09\\\/15376394664-tubo-dg413-com-emenda-dg4759-130mm-5.webp\",\"contentUrl\":\"https:\\\/\\\/dualgree.com.br\\\/loja\\\/wp-content\\\/uploads\\\/2025\\\/09\\\/15376394664-tubo-dg413-com-emenda-dg4759-130mm-5.webp\",\"width\":1280,\"height\":1280},{\"@type\":\"BreadcrumbList\",\"@id\":\"https:\\\/\\\/dualgree.com.br\\\/loja\\\/produto\\\/tubo-com-emenda-para-tubos-de-13cm-compativel-com-delonghi-pinguino\\\/#breadcrumb\",\"itemListElement\":[{\"@type\":\"ListItem\",\"position\":1,\"name\":\"In\u00edcio\",\"item\":\"https:\\\/\\\/dualgree.com.br\\\/loja\\\/\"},{\"@type\":\"ListItem\",\"position\":2,\"name\":\"Loja &#8211; Cat\u00e1logo de Pe\u00e7as\",\"item\":\"https:\\\/\\\/dualgree.com.br\\\/loja\\\/\"},{\"@type\":\"ListItem\",\"position\":3,\"name\":\"Tubo com emenda extens\u00e3o de tubos de 13cm &#8211; para ar p...\"}]},{\"@type\":\"WebSite\",\"@id\":\"https:\\\/\\\/dualgree.com.br\\\/loja\\\/#website\",\"url\":\"https:\\\/\\\/dualgree.com.br\\\/loja\\\/\",\"name\":\"Loja - Dual Gree Servi\u00e7os | Partes e Pe\u00e7as\",\"description\":\"Catalogo de Pe\u00e7as para ar condicionado\",\"publisher\":{\"@id\":\"https:\\\/\\\/dualgree.com.br\\\/loja\\\/#organization\"},\"potentialAction\":[{\"@type\":\"SearchAction\",\"target\":{\"@type\":\"EntryPoint\",\"urlTemplate\":\"https:\\\/\\\/dualgree.com.br\\\/loja\\\/?s={search_term_string}\"},\"query-input\":{\"@type\":\"PropertyValueSpecification\",\"valueRequired\":true,\"valueName\":\"search_term_string\"}}],\"inLanguage\":\"pt-BR\"},{\"@type\":\"Organization\",\"@id\":\"https:\\\/\\\/dualgree.com.br\\\/loja\\\/#organization\",\"name\":\"Loja Dual Gree Servi\u00e7o\",\"url\":\"https:\\\/\\\/dualgree.com.br\\\/loja\\\/\",\"logo\":{\"@type\":\"ImageObject\",\"inLanguage\":\"pt-BR\",\"@id\":\"https:\\\/\\\/dualgree.com.br\\\/loja\\\/#\\\/schema\\\/logo\\\/image\\\/\",\"url\":\"https:\\\/\\\/dualgree.com.br\\\/loja\\\/wp-content\\\/uploads\\\/2024\\\/09\\\/teste-logo-ecommerce-dual-1-e1725909304971.png\",\"contentUrl\":\"https:\\\/\\\/dualgree.com.br\\\/loja\\\/wp-content\\\/uploads\\\/2024\\\/09\\\/teste-logo-ecommerce-dual-1-e1725909304971.png\",\"width\":470,\"height\":157,\"caption\":\"Loja Dual Gree Servi\u00e7o\"},\"image\":{\"@id\":\"https:\\\/\\\/dualgree.com.br\\\/loja\\\/#\\\/schema\\\/logo\\\/image\\\/\"}}]}<\/script>\n<!-- \/ Yoast SEO plugin. -->","yoast_head_json":{"title":"Tubo com emenda extens\u00e3o de tubos de 13cm - para ar portatil Delonghi Pinguino - Loja - Dual Gree Servi\u00e7os | Pe\u00e7as","robots":{"index":"index","follow":"follow","max-snippet":"max-snippet:-1","max-image-preview":"max-image-preview:large","max-video-preview":"max-video-preview:-1"},"canonical":"https:\/\/dualgree.com.br\/loja\/produto\/tubo-com-emenda-para-tubos-de-13cm-compativel-com-delonghi-pinguino\/","og_locale":"pt_BR","og_type":"article","og_title":"Tubo com emenda extens\u00e3o de tubos de 13cm - para ar portatil Delonghi Pinguino - Loja - Dual Gree Servi\u00e7os | Pe\u00e7as","og_description":"DG4759_DG100 &#8211; Emenda com tubo duto para ar condicionado portatil com 2 metros de comprimento e rosca de 13cm para Direita Itens do anucio: DG100 &#8211; Tubo duto para ar condicionado portatil com 2 metros rosca 13cm para Direita. DG4759 \u2013 Emenda de tubo de ar condicionado portatil rosca interna 130mm = a 13cm de...","og_url":"https:\/\/dualgree.com.br\/loja\/produto\/tubo-com-emenda-para-tubos-de-13cm-compativel-com-delonghi-pinguino\/","og_site_name":"Loja - Dual Gree Servi\u00e7os | Pe\u00e7as","article_modified_time":"2026-04-28T18:19:57+00:00","og_image":[{"width":1280,"height":1280,"url":"https:\/\/dualgree.com.br\/loja\/wp-content\/uploads\/2025\/09\/15376394664-tubo-dg413-com-emenda-dg4759-130mm-5.webp","type":"image\/png"}],"twitter_card":"summary_large_image","twitter_misc":{"Est. tempo de leitura":"1 minuto"},"schema":{"@context":"https:\/\/schema.org","@graph":[{"@type":"WebPage","@id":"https:\/\/dualgree.com.br\/loja\/produto\/tubo-com-emenda-para-tubos-de-13cm-compativel-com-delonghi-pinguino\/","url":"https:\/\/dualgree.com.br\/loja\/produto\/tubo-com-emenda-para-tubos-de-13cm-compativel-com-delonghi-pinguino\/","name":"Tubo com emenda extens\u00e3o de tubos de 13cm - para ar portatil Delonghi Pinguino - Loja - Dual Gree Servi\u00e7os | Pe\u00e7as","isPartOf":{"@id":"https:\/\/dualgree.com.br\/loja\/#website"},"primaryImageOfPage":{"@id":"https:\/\/dualgree.com.br\/loja\/produto\/tubo-com-emenda-para-tubos-de-13cm-compativel-com-delonghi-pinguino\/#primaryimage"},"image":{"@id":"https:\/\/dualgree.com.br\/loja\/produto\/tubo-com-emenda-para-tubos-de-13cm-compativel-com-delonghi-pinguino\/#primaryimage"},"thumbnailUrl":"https:\/\/dualgree.com.br\/loja\/wp-content\/uploads\/2025\/09\/15376394664-tubo-dg413-com-emenda-dg4759-130mm-5.webp","datePublished":"2025-09-16T14:46:15+00:00","dateModified":"2026-04-28T18:19:57+00:00","breadcrumb":{"@id":"https:\/\/dualgree.com.br\/loja\/produto\/tubo-com-emenda-para-tubos-de-13cm-compativel-com-delonghi-pinguino\/#breadcrumb"},"inLanguage":"pt-BR","potentialAction":[{"@type":"ReadAction","target":["https:\/\/dualgree.com.br\/loja\/produto\/tubo-com-emenda-para-tubos-de-13cm-compativel-com-delonghi-pinguino\/"]}]},{"@type":"ImageObject","inLanguage":"pt-BR","@id":"https:\/\/dualgree.com.br\/loja\/produto\/tubo-com-emenda-para-tubos-de-13cm-compativel-com-delonghi-pinguino\/#primaryimage","url":"https:\/\/dualgree.com.br\/loja\/wp-content\/uploads\/2025\/09\/15376394664-tubo-dg413-com-emenda-dg4759-130mm-5.webp","contentUrl":"https:\/\/dualgree.com.br\/loja\/wp-content\/uploads\/2025\/09\/15376394664-tubo-dg413-com-emenda-dg4759-130mm-5.webp","width":1280,"height":1280},{"@type":"BreadcrumbList","@id":"https:\/\/dualgree.com.br\/loja\/produto\/tubo-com-emenda-para-tubos-de-13cm-compativel-com-delonghi-pinguino\/#breadcrumb","itemListElement":[{"@type":"ListItem","position":1,"name":"In\u00edcio","item":"https:\/\/dualgree.com.br\/loja\/"},{"@type":"ListItem","position":2,"name":"Loja &#8211; Cat\u00e1logo de Pe\u00e7as","item":"https:\/\/dualgree.com.br\/loja\/"},{"@type":"ListItem","position":3,"name":"Tubo com emenda extens\u00e3o de tubos de 13cm &#8211; para ar p..."}]},{"@type":"WebSite","@id":"https:\/\/dualgree.com.br\/loja\/#website","url":"https:\/\/dualgree.com.br\/loja\/","name":"Loja - Dual Gree Servi\u00e7os | Partes e Pe\u00e7as","description":"Catalogo de Pe\u00e7as para ar condicionado","publisher":{"@id":"https:\/\/dualgree.com.br\/loja\/#organization"},"potentialAction":[{"@type":"SearchAction","target":{"@type":"EntryPoint","urlTemplate":"https:\/\/dualgree.com.br\/loja\/?s={search_term_string}"},"query-input":{"@type":"PropertyValueSpecification","valueRequired":true,"valueName":"search_term_string"}}],"inLanguage":"pt-BR"},{"@type":"Organization","@id":"https:\/\/dualgree.com.br\/loja\/#organization","name":"Loja Dual Gree Servi\u00e7o","url":"https:\/\/dualgree.com.br\/loja\/","logo":{"@type":"ImageObject","inLanguage":"pt-BR","@id":"https:\/\/dualgree.com.br\/loja\/#\/schema\/logo\/image\/","url":"https:\/\/dualgree.com.br\/loja\/wp-content\/uploads\/2024\/09\/teste-logo-ecommerce-dual-1-e1725909304971.png","contentUrl":"https:\/\/dualgree.com.br\/loja\/wp-content\/uploads\/2024\/09\/teste-logo-ecommerce-dual-1-e1725909304971.png","width":470,"height":157,"caption":"Loja Dual Gree Servi\u00e7o"},"image":{"@id":"https:\/\/dualgree.com.br\/loja\/#\/schema\/logo\/image\/"}}]}},"jetpack_publicize_connections":[],"jetpack_sharing_enabled":true,"jetpack_likes_enabled":true,"_links":{"self":[{"href":"https:\/\/dualgree.com.br\/loja\/wp-json\/wp\/v2\/product\/11491","targetHints":{"allow":["GET"]}}],"collection":[{"href":"https:\/\/dualgree.com.br\/loja\/wp-json\/wp\/v2\/product"}],"about":[{"href":"https:\/\/dualgree.com.br\/loja\/wp-json\/wp\/v2\/types\/product"}],"replies":[{"embeddable":true,"href":"https:\/\/dualgree.com.br\/loja\/wp-json\/wp\/v2\/comments?post=11491"}],"wp:featuredmedia":[{"embeddable":true,"href":"https:\/\/dualgree.com.br\/loja\/wp-json\/wp\/v2\/media\/11510"}],"wp:attachment":[{"href":"https:\/\/dualgree.com.br\/loja\/wp-json\/wp\/v2\/media?parent=11491"}],"wp:term":[{"taxonomy":"product_brand","embeddable":true,"href":"https:\/\/dualgree.com.br\/loja\/wp-json\/wp\/v2\/product_brand?post=11491"},{"taxonomy":"product_cat","embeddable":true,"href":"https:\/\/dualgree.com.br\/loja\/wp-json\/wp\/v2\/product_cat?post=11491"},{"taxonomy":"product_tag","embeddable":true,"href":"https:\/\/dualgree.com.br\/loja\/wp-json\/wp\/v2\/product_tag?post=11491"}],"curies":[{"name":"wp","href":"https:\/\/api.w.org\/{rel}","templated":true}]}}