{"id":12048,"date":"2025-10-16T21:19:45","date_gmt":"2025-10-16T21:19:45","guid":{"rendered":"https:\/\/dualgree.com.br\/loja\/produto\/bandeja-de-dreno-para-ar-condicionado-elgin-hafi09b2fb-hafe09b2nb\/"},"modified":"2025-11-21T20:14:41","modified_gmt":"2025-11-21T20:14:41","slug":"bandeja-de-dreno-para-ar-condicionado-elgin-hafi09b2fb-hafe09b2nb","status":"publish","type":"product","link":"https:\/\/dualgree.com.br\/loja\/produto\/bandeja-de-dreno-para-ar-condicionado-elgin-hafi09b2fb-hafe09b2nb\/","title":{"rendered":"Bandeja de dreno para ar condicionado ELGIN HAFI09B2FB &#821..."},"content":{"rendered":"<p><span style=\"font-family: arial, tahoma, verdana, helvetica;font-size: 14.72px\">IC4981 &#8211; Bandeja de dreno para ar condicionado ELGIN HAFI09B2FB &#8211; HAFE09B2NB<\/span><\/p>\n<p><br style=\"font-family: arial, tahoma, verdana, helvetica;font-size: 14.72px\" \/><span style=\"font-family: arial, tahoma, verdana, helvetica;font-size: 14.72px\">codigo na pe\u00e7a : G770XC-210755105-SL01A.<\/span><\/p>\n<p><br style=\"font-family: arial, tahoma, verdana, helvetica;font-size: 14.72px\" \/><span style=\"font-family: arial, tahoma, verdana, helvetica;font-size: 14.72px\">Comprimento da bandeja 77cm.<\/span><br style=\"font-family: arial, tahoma, verdana, helvetica;font-size: 14.72px\" \/><br style=\"font-family: arial, tahoma, verdana, helvetica;font-size: 14.72px\" \/><span style=\"font-family: arial, tahoma, verdana, helvetica;font-size: 14.72px\">N\u00e3o compre para modelos diferentes, Informe seu modelo no chat para uma boa rela\u00e7\u00e3o.<\/span><\/p>\n<p>\u00a0<\/p>\n<p><span style=\"font-family: arial, tahoma, verdana, helvetica;font-size: 14.72px\">compativel com:<\/span><\/p>\n<p><span style=\"font-family: arial, tahoma, verdana, helvetica;font-size: 14.72px\">Bandeja de dreno\u00a0<\/span><span style=\"color: #2d3748;font-family: arial, tahoma, verdana, helvetica;font-size: 14.72px\">da evaporadora ar condicionado ELGIN HTFI12B2FA<\/span><span style=\"font-family: arial, tahoma, verdana, helvetica;font-size: 14.72px\"><\/span><\/p>\n","protected":false},"excerpt":{"rendered":"<p>IC4981 &#8211; Bandeja de dreno para ar condicionado ELGIN HAFI09B2FB &#8211; HAFE09B2NB codigo na pe\u00e7a : G770XC-210755105-SL01A. Comprimento da bandeja 77cm.N\u00e3o compre para modelos diferentes, Informe seu modelo no chat para uma boa rela\u00e7\u00e3o. \u00a0 compativel com: Bandeja de dreno\u00a0da evaporadora ar condicionado ELGIN HTFI12B2FA<\/p>\n","protected":false},"featured_media":12894,"comment_status":"open","ping_status":"closed","template":"","meta":{"_kadence_starter_templates_imported_post":false,"_kad_post_transparent":"","_kad_post_title":"","_kad_post_layout":"","_kad_post_sidebar_id":"","_kad_post_content_style":"","_kad_post_vertical_padding":"","_kad_post_feature":"","_kad_post_feature_position":"","_kad_post_header":false,"_kad_post_footer":false,"jetpack_publicize_message":"","jetpack_publicize_feature_enabled":true,"jetpack_social_post_already_shared":true,"jetpack_social_options":{"image_generator_settings":{"template":"highway","default_image_id":0,"font":"","enabled":false},"version":2}},"product_brand":[],"product_cat":[188,198,185],"product_tag":[],"class_list":{"0":"post-12048","1":"product","2":"type-product","3":"status-publish","4":"has-post-thumbnail","6":"product_cat-bandeja-de-dreno-split","7":"product_cat-base-da-serpentina-split","8":"product_cat-elgin","10":"first","11":"instock","12":"shipping-taxable","13":"purchasable","14":"product-type-simple","15":"entry","16":"content-bg","17":"loop-entry"},"yoast_head":"<!-- This site is optimized with the Yoast SEO plugin v27.5 - https:\/\/yoast.com\/product\/yoast-seo-wordpress\/ -->\n<title>Bandeja de dreno para ar condicionado ELGIN HAFI09B2FB - HAFE09B2NB - Loja - Dual Gree Servi\u00e7os | Pe\u00e7as<\/title>\n<meta name=\"robots\" content=\"index, follow, max-snippet:-1, max-image-preview:large, max-video-preview:-1\" \/>\n<link rel=\"canonical\" href=\"https:\/\/dualgree.com.br\/loja\/produto\/bandeja-de-dreno-para-ar-condicionado-elgin-hafi09b2fb-hafe09b2nb\/\" \/>\n<meta property=\"og:locale\" content=\"pt_BR\" \/>\n<meta property=\"og:type\" content=\"article\" \/>\n<meta property=\"og:title\" content=\"Bandeja de dreno para ar condicionado ELGIN HAFI09B2FB - HAFE09B2NB - Loja - Dual Gree Servi\u00e7os | Pe\u00e7as\" \/>\n<meta property=\"og:description\" content=\"IC4981 &#8211; Bandeja de dreno para ar condicionado ELGIN HAFI09B2FB &#8211; HAFE09B2NB codigo na pe\u00e7a : G770XC-210755105-SL01A. Comprimento da bandeja 77cm.N\u00e3o compre para modelos diferentes, Informe seu modelo no chat para uma boa rela\u00e7\u00e3o. \u00a0 compativel com: Bandeja de dreno\u00a0da evaporadora ar condicionado ELGIN HTFI12B2FA\" \/>\n<meta property=\"og:url\" content=\"https:\/\/dualgree.com.br\/loja\/produto\/bandeja-de-dreno-para-ar-condicionado-elgin-hafi09b2fb-hafe09b2nb\/\" \/>\n<meta property=\"og:site_name\" content=\"Loja - Dual Gree Servi\u00e7os | Pe\u00e7as\" \/>\n<meta property=\"article:modified_time\" content=\"2025-11-21T20:14:41+00:00\" \/>\n<meta property=\"og:image\" content=\"https:\/\/dualgree.com.br\/loja\/wp-content\/uploads\/2025\/10\/15384728115-ic4981-bandeja-de-dreno-para-ar-condicionado-elgin-hafi09b2fb-hafe09b2nb-1-1.webp\" \/>\n\t<meta property=\"og:image:width\" content=\"1600\" \/>\n\t<meta property=\"og:image:height\" content=\"1200\" \/>\n\t<meta property=\"og:image:type\" content=\"image\/webp\" \/>\n<meta name=\"twitter:card\" content=\"summary_large_image\" \/>\n<script type=\"application\/ld+json\" class=\"yoast-schema-graph\">{\"@context\":\"https:\\\/\\\/schema.org\",\"@graph\":[{\"@type\":\"WebPage\",\"@id\":\"https:\\\/\\\/dualgree.com.br\\\/loja\\\/produto\\\/bandeja-de-dreno-para-ar-condicionado-elgin-hafi09b2fb-hafe09b2nb\\\/\",\"url\":\"https:\\\/\\\/dualgree.com.br\\\/loja\\\/produto\\\/bandeja-de-dreno-para-ar-condicionado-elgin-hafi09b2fb-hafe09b2nb\\\/\",\"name\":\"Bandeja de dreno para ar condicionado ELGIN HAFI09B2FB - HAFE09B2NB - Loja - Dual Gree Servi\u00e7os | Pe\u00e7as\",\"isPartOf\":{\"@id\":\"https:\\\/\\\/dualgree.com.br\\\/loja\\\/#website\"},\"primaryImageOfPage\":{\"@id\":\"https:\\\/\\\/dualgree.com.br\\\/loja\\\/produto\\\/bandeja-de-dreno-para-ar-condicionado-elgin-hafi09b2fb-hafe09b2nb\\\/#primaryimage\"},\"image\":{\"@id\":\"https:\\\/\\\/dualgree.com.br\\\/loja\\\/produto\\\/bandeja-de-dreno-para-ar-condicionado-elgin-hafi09b2fb-hafe09b2nb\\\/#primaryimage\"},\"thumbnailUrl\":\"https:\\\/\\\/dualgree.com.br\\\/loja\\\/wp-content\\\/uploads\\\/2025\\\/11\\\/15384728115-ic4981-bandeja-de-dreno-para-ar-condicionado-elgin-hafi09b2fb-hafe09b2nb-1.webp\",\"datePublished\":\"2025-10-16T21:19:45+00:00\",\"dateModified\":\"2025-11-21T20:14:41+00:00\",\"breadcrumb\":{\"@id\":\"https:\\\/\\\/dualgree.com.br\\\/loja\\\/produto\\\/bandeja-de-dreno-para-ar-condicionado-elgin-hafi09b2fb-hafe09b2nb\\\/#breadcrumb\"},\"inLanguage\":\"pt-BR\",\"potentialAction\":[{\"@type\":\"ReadAction\",\"target\":[\"https:\\\/\\\/dualgree.com.br\\\/loja\\\/produto\\\/bandeja-de-dreno-para-ar-condicionado-elgin-hafi09b2fb-hafe09b2nb\\\/\"]}]},{\"@type\":\"ImageObject\",\"inLanguage\":\"pt-BR\",\"@id\":\"https:\\\/\\\/dualgree.com.br\\\/loja\\\/produto\\\/bandeja-de-dreno-para-ar-condicionado-elgin-hafi09b2fb-hafe09b2nb\\\/#primaryimage\",\"url\":\"https:\\\/\\\/dualgree.com.br\\\/loja\\\/wp-content\\\/uploads\\\/2025\\\/11\\\/15384728115-ic4981-bandeja-de-dreno-para-ar-condicionado-elgin-hafi09b2fb-hafe09b2nb-1.webp\",\"contentUrl\":\"https:\\\/\\\/dualgree.com.br\\\/loja\\\/wp-content\\\/uploads\\\/2025\\\/11\\\/15384728115-ic4981-bandeja-de-dreno-para-ar-condicionado-elgin-hafi09b2fb-hafe09b2nb-1.webp\",\"width\":1600,\"height\":1200},{\"@type\":\"BreadcrumbList\",\"@id\":\"https:\\\/\\\/dualgree.com.br\\\/loja\\\/produto\\\/bandeja-de-dreno-para-ar-condicionado-elgin-hafi09b2fb-hafe09b2nb\\\/#breadcrumb\",\"itemListElement\":[{\"@type\":\"ListItem\",\"position\":1,\"name\":\"In\u00edcio\",\"item\":\"https:\\\/\\\/dualgree.com.br\\\/loja\\\/\"},{\"@type\":\"ListItem\",\"position\":2,\"name\":\"Loja &#8211; Cat\u00e1logo de Pe\u00e7as\",\"item\":\"https:\\\/\\\/dualgree.com.br\\\/loja\\\/\"},{\"@type\":\"ListItem\",\"position\":3,\"name\":\"Bandeja de dreno para ar condicionado ELGIN HAFI09B2FB &#821...\"}]},{\"@type\":\"WebSite\",\"@id\":\"https:\\\/\\\/dualgree.com.br\\\/loja\\\/#website\",\"url\":\"https:\\\/\\\/dualgree.com.br\\\/loja\\\/\",\"name\":\"Loja - Dual Gree Servi\u00e7os | Partes e Pe\u00e7as\",\"description\":\"Catalogo de Pe\u00e7as para ar condicionado\",\"publisher\":{\"@id\":\"https:\\\/\\\/dualgree.com.br\\\/loja\\\/#organization\"},\"potentialAction\":[{\"@type\":\"SearchAction\",\"target\":{\"@type\":\"EntryPoint\",\"urlTemplate\":\"https:\\\/\\\/dualgree.com.br\\\/loja\\\/?s={search_term_string}\"},\"query-input\":{\"@type\":\"PropertyValueSpecification\",\"valueRequired\":true,\"valueName\":\"search_term_string\"}}],\"inLanguage\":\"pt-BR\"},{\"@type\":\"Organization\",\"@id\":\"https:\\\/\\\/dualgree.com.br\\\/loja\\\/#organization\",\"name\":\"Loja Dual Gree Servi\u00e7o\",\"url\":\"https:\\\/\\\/dualgree.com.br\\\/loja\\\/\",\"logo\":{\"@type\":\"ImageObject\",\"inLanguage\":\"pt-BR\",\"@id\":\"https:\\\/\\\/dualgree.com.br\\\/loja\\\/#\\\/schema\\\/logo\\\/image\\\/\",\"url\":\"https:\\\/\\\/dualgree.com.br\\\/loja\\\/wp-content\\\/uploads\\\/2024\\\/09\\\/teste-logo-ecommerce-dual-1-e1725909304971.png\",\"contentUrl\":\"https:\\\/\\\/dualgree.com.br\\\/loja\\\/wp-content\\\/uploads\\\/2024\\\/09\\\/teste-logo-ecommerce-dual-1-e1725909304971.png\",\"width\":470,\"height\":157,\"caption\":\"Loja Dual Gree Servi\u00e7o\"},\"image\":{\"@id\":\"https:\\\/\\\/dualgree.com.br\\\/loja\\\/#\\\/schema\\\/logo\\\/image\\\/\"}}]}<\/script>\n<!-- \/ Yoast SEO plugin. -->","yoast_head_json":{"title":"Bandeja de dreno para ar condicionado ELGIN HAFI09B2FB - HAFE09B2NB - Loja - Dual Gree Servi\u00e7os | Pe\u00e7as","robots":{"index":"index","follow":"follow","max-snippet":"max-snippet:-1","max-image-preview":"max-image-preview:large","max-video-preview":"max-video-preview:-1"},"canonical":"https:\/\/dualgree.com.br\/loja\/produto\/bandeja-de-dreno-para-ar-condicionado-elgin-hafi09b2fb-hafe09b2nb\/","og_locale":"pt_BR","og_type":"article","og_title":"Bandeja de dreno para ar condicionado ELGIN HAFI09B2FB - HAFE09B2NB - Loja - Dual Gree Servi\u00e7os | Pe\u00e7as","og_description":"IC4981 &#8211; Bandeja de dreno para ar condicionado ELGIN HAFI09B2FB &#8211; HAFE09B2NB codigo na pe\u00e7a : G770XC-210755105-SL01A. Comprimento da bandeja 77cm.N\u00e3o compre para modelos diferentes, Informe seu modelo no chat para uma boa rela\u00e7\u00e3o. \u00a0 compativel com: Bandeja de dreno\u00a0da evaporadora ar condicionado ELGIN HTFI12B2FA","og_url":"https:\/\/dualgree.com.br\/loja\/produto\/bandeja-de-dreno-para-ar-condicionado-elgin-hafi09b2fb-hafe09b2nb\/","og_site_name":"Loja - Dual Gree Servi\u00e7os | Pe\u00e7as","article_modified_time":"2025-11-21T20:14:41+00:00","og_image":[{"width":1600,"height":1200,"url":"https:\/\/dualgree.com.br\/loja\/wp-content\/uploads\/2025\/10\/15384728115-ic4981-bandeja-de-dreno-para-ar-condicionado-elgin-hafi09b2fb-hafe09b2nb-1-1.webp","type":"image\/webp"}],"twitter_card":"summary_large_image","schema":{"@context":"https:\/\/schema.org","@graph":[{"@type":"WebPage","@id":"https:\/\/dualgree.com.br\/loja\/produto\/bandeja-de-dreno-para-ar-condicionado-elgin-hafi09b2fb-hafe09b2nb\/","url":"https:\/\/dualgree.com.br\/loja\/produto\/bandeja-de-dreno-para-ar-condicionado-elgin-hafi09b2fb-hafe09b2nb\/","name":"Bandeja de dreno para ar condicionado ELGIN HAFI09B2FB - HAFE09B2NB - Loja - Dual Gree Servi\u00e7os | Pe\u00e7as","isPartOf":{"@id":"https:\/\/dualgree.com.br\/loja\/#website"},"primaryImageOfPage":{"@id":"https:\/\/dualgree.com.br\/loja\/produto\/bandeja-de-dreno-para-ar-condicionado-elgin-hafi09b2fb-hafe09b2nb\/#primaryimage"},"image":{"@id":"https:\/\/dualgree.com.br\/loja\/produto\/bandeja-de-dreno-para-ar-condicionado-elgin-hafi09b2fb-hafe09b2nb\/#primaryimage"},"thumbnailUrl":"https:\/\/dualgree.com.br\/loja\/wp-content\/uploads\/2025\/11\/15384728115-ic4981-bandeja-de-dreno-para-ar-condicionado-elgin-hafi09b2fb-hafe09b2nb-1.webp","datePublished":"2025-10-16T21:19:45+00:00","dateModified":"2025-11-21T20:14:41+00:00","breadcrumb":{"@id":"https:\/\/dualgree.com.br\/loja\/produto\/bandeja-de-dreno-para-ar-condicionado-elgin-hafi09b2fb-hafe09b2nb\/#breadcrumb"},"inLanguage":"pt-BR","potentialAction":[{"@type":"ReadAction","target":["https:\/\/dualgree.com.br\/loja\/produto\/bandeja-de-dreno-para-ar-condicionado-elgin-hafi09b2fb-hafe09b2nb\/"]}]},{"@type":"ImageObject","inLanguage":"pt-BR","@id":"https:\/\/dualgree.com.br\/loja\/produto\/bandeja-de-dreno-para-ar-condicionado-elgin-hafi09b2fb-hafe09b2nb\/#primaryimage","url":"https:\/\/dualgree.com.br\/loja\/wp-content\/uploads\/2025\/11\/15384728115-ic4981-bandeja-de-dreno-para-ar-condicionado-elgin-hafi09b2fb-hafe09b2nb-1.webp","contentUrl":"https:\/\/dualgree.com.br\/loja\/wp-content\/uploads\/2025\/11\/15384728115-ic4981-bandeja-de-dreno-para-ar-condicionado-elgin-hafi09b2fb-hafe09b2nb-1.webp","width":1600,"height":1200},{"@type":"BreadcrumbList","@id":"https:\/\/dualgree.com.br\/loja\/produto\/bandeja-de-dreno-para-ar-condicionado-elgin-hafi09b2fb-hafe09b2nb\/#breadcrumb","itemListElement":[{"@type":"ListItem","position":1,"name":"In\u00edcio","item":"https:\/\/dualgree.com.br\/loja\/"},{"@type":"ListItem","position":2,"name":"Loja &#8211; Cat\u00e1logo de Pe\u00e7as","item":"https:\/\/dualgree.com.br\/loja\/"},{"@type":"ListItem","position":3,"name":"Bandeja de dreno para ar condicionado ELGIN HAFI09B2FB &#821..."}]},{"@type":"WebSite","@id":"https:\/\/dualgree.com.br\/loja\/#website","url":"https:\/\/dualgree.com.br\/loja\/","name":"Loja - Dual Gree Servi\u00e7os | Partes e Pe\u00e7as","description":"Catalogo de Pe\u00e7as para ar condicionado","publisher":{"@id":"https:\/\/dualgree.com.br\/loja\/#organization"},"potentialAction":[{"@type":"SearchAction","target":{"@type":"EntryPoint","urlTemplate":"https:\/\/dualgree.com.br\/loja\/?s={search_term_string}"},"query-input":{"@type":"PropertyValueSpecification","valueRequired":true,"valueName":"search_term_string"}}],"inLanguage":"pt-BR"},{"@type":"Organization","@id":"https:\/\/dualgree.com.br\/loja\/#organization","name":"Loja Dual Gree Servi\u00e7o","url":"https:\/\/dualgree.com.br\/loja\/","logo":{"@type":"ImageObject","inLanguage":"pt-BR","@id":"https:\/\/dualgree.com.br\/loja\/#\/schema\/logo\/image\/","url":"https:\/\/dualgree.com.br\/loja\/wp-content\/uploads\/2024\/09\/teste-logo-ecommerce-dual-1-e1725909304971.png","contentUrl":"https:\/\/dualgree.com.br\/loja\/wp-content\/uploads\/2024\/09\/teste-logo-ecommerce-dual-1-e1725909304971.png","width":470,"height":157,"caption":"Loja Dual Gree Servi\u00e7o"},"image":{"@id":"https:\/\/dualgree.com.br\/loja\/#\/schema\/logo\/image\/"}}]}},"jetpack_publicize_connections":[],"jetpack_sharing_enabled":true,"jetpack_likes_enabled":true,"_links":{"self":[{"href":"https:\/\/dualgree.com.br\/loja\/wp-json\/wp\/v2\/product\/12048","targetHints":{"allow":["GET"]}}],"collection":[{"href":"https:\/\/dualgree.com.br\/loja\/wp-json\/wp\/v2\/product"}],"about":[{"href":"https:\/\/dualgree.com.br\/loja\/wp-json\/wp\/v2\/types\/product"}],"replies":[{"embeddable":true,"href":"https:\/\/dualgree.com.br\/loja\/wp-json\/wp\/v2\/comments?post=12048"}],"wp:featuredmedia":[{"embeddable":true,"href":"https:\/\/dualgree.com.br\/loja\/wp-json\/wp\/v2\/media\/12894"}],"wp:attachment":[{"href":"https:\/\/dualgree.com.br\/loja\/wp-json\/wp\/v2\/media?parent=12048"}],"wp:term":[{"taxonomy":"product_brand","embeddable":true,"href":"https:\/\/dualgree.com.br\/loja\/wp-json\/wp\/v2\/product_brand?post=12048"},{"taxonomy":"product_cat","embeddable":true,"href":"https:\/\/dualgree.com.br\/loja\/wp-json\/wp\/v2\/product_cat?post=12048"},{"taxonomy":"product_tag","embeddable":true,"href":"https:\/\/dualgree.com.br\/loja\/wp-json\/wp\/v2\/product_tag?post=12048"}],"curies":[{"name":"wp","href":"https:\/\/api.w.org\/{rel}","templated":true}]}}