{"id":12771,"date":"2025-11-17T21:13:02","date_gmt":"2025-11-17T21:13:02","guid":{"rendered":"https:\/\/dualgree.com.br\/loja\/produto\/turbina-evaporadora-ar-condicionado-para-elgin-hafi09b2fb-92x578\/"},"modified":"2026-02-25T17:14:59","modified_gmt":"2026-02-25T17:14:59","slug":"turbina-evaporadora-ar-condicionado-para-elgin-hafi09b2fb-92x578","status":"publish","type":"product","link":"https:\/\/dualgree.com.br\/loja\/produto\/turbina-evaporadora-ar-condicionado-para-elgin-hafi09b2fb-92x578\/","title":{"rendered":"Turbina evaporadora ar condicionado para Elgin hafi09b2fb 92..."},"content":{"rendered":"<p><span style=\"font-family: arial, tahoma, verdana, helvetica;font-size: 14.72px\">IC5048 -Turbina evaporadora ar condicionado Elgin hafi09b2fb <\/span><\/p>\n<p>\u00a0<\/p>\n<p><span style=\"font-family: arial, tahoma, verdana, helvetica;font-size: 14.72px\">Diamentro x Comprimento<\/span><\/p>\n<p><span style=\"font-family: arial, tahoma, verdana, helvetica;font-size: 14.72px\">92&#215;578 mm<\/span><\/p>\n<p><span style=\"font-family: arial, tahoma, verdana, helvetica;font-size: 14.72px\">9,2cm x 57,8cm<\/span><\/p>\n<p>\u00a0<\/p>\n<p><span style=\"font-family: arial, tahoma, verdana, helvetica;font-size: 14.72px\">Compativel apenas<\/span><\/p>\n<p><span style=\"color: #2d3748;font-family: arial, tahoma, verdana, helvetica;font-size: 14.72px;background-color: #edf2f7\">HAFI09B2FB \u2013 HAFE09B2NB<\/span><\/p>\n<p>\u00a0<\/p>\n<p><span style=\"color: #2d3748;font-family: arial, tahoma, verdana, helvetica\"><span style=\"font-size: 14.72px\">IC4148- Turbina 92X578 SH-1 da evaporadora ar condicionado ELGIN HTFI12B2FA<\/span><\/span><\/p>\n","protected":false},"excerpt":{"rendered":"<p>IC5048 -Turbina evaporadora ar condicionado Elgin hafi09b2fb \u00a0 Diamentro x Comprimento 92&#215;578 mm 9,2cm x 57,8cm \u00a0 Compativel apenas HAFI09B2FB \u2013 HAFE09B2NB \u00a0 IC4148- Turbina 92X578 SH-1 da evaporadora ar condicionado ELGIN HTFI12B2FA<\/p>\n","protected":false},"featured_media":12885,"comment_status":"open","ping_status":"closed","template":"","meta":{"_kadence_starter_templates_imported_post":false,"_kad_post_transparent":"","_kad_post_title":"","_kad_post_layout":"","_kad_post_sidebar_id":"","_kad_post_content_style":"","_kad_post_vertical_padding":"","_kad_post_feature":"","_kad_post_feature_position":"","_kad_post_header":false,"_kad_post_footer":false,"jetpack_publicize_message":"","jetpack_publicize_feature_enabled":true,"jetpack_social_post_already_shared":true,"jetpack_social_options":{"image_generator_settings":{"template":"highway","default_image_id":0,"font":"","enabled":false},"version":2}},"product_brand":[],"product_cat":[185,219],"product_tag":[],"class_list":{"0":"post-12771","1":"product","2":"type-product","3":"status-publish","4":"has-post-thumbnail","6":"product_cat-elgin","7":"product_cat-turbina-de-ventilacao-split","9":"first","10":"outofstock","11":"shipping-taxable","12":"purchasable","13":"product-type-simple","14":"entry","15":"content-bg","16":"loop-entry"},"yoast_head":"<!-- This site is optimized with the Yoast SEO plugin v27.5 - https:\/\/yoast.com\/product\/yoast-seo-wordpress\/ -->\n<title>Turbina evaporadora ar condicionado para Elgin hafi09b2fb 92x578 - Loja - Dual Gree Servi\u00e7os | Pe\u00e7as<\/title>\n<meta name=\"robots\" content=\"index, follow, max-snippet:-1, max-image-preview:large, max-video-preview:-1\" \/>\n<link rel=\"canonical\" href=\"https:\/\/dualgree.com.br\/loja\/produto\/turbina-evaporadora-ar-condicionado-para-elgin-hafi09b2fb-92x578\/\" \/>\n<meta property=\"og:locale\" content=\"pt_BR\" \/>\n<meta property=\"og:type\" content=\"article\" \/>\n<meta property=\"og:title\" content=\"Turbina evaporadora ar condicionado para Elgin hafi09b2fb 92x578 - Loja - Dual Gree Servi\u00e7os | Pe\u00e7as\" \/>\n<meta property=\"og:description\" content=\"IC5048 -Turbina evaporadora ar condicionado Elgin hafi09b2fb \u00a0 Diamentro x Comprimento 92&#215;578 mm 9,2cm x 57,8cm \u00a0 Compativel apenas HAFI09B2FB \u2013 HAFE09B2NB \u00a0 IC4148- Turbina 92X578 SH-1 da evaporadora ar condicionado ELGIN HTFI12B2FA\" \/>\n<meta property=\"og:url\" content=\"https:\/\/dualgree.com.br\/loja\/produto\/turbina-evaporadora-ar-condicionado-para-elgin-hafi09b2fb-92x578\/\" \/>\n<meta property=\"og:site_name\" content=\"Loja - Dual Gree Servi\u00e7os | Pe\u00e7as\" \/>\n<meta property=\"article:modified_time\" content=\"2026-02-25T17:14:59+00:00\" \/>\n<meta property=\"og:image\" content=\"https:\/\/dualgree.com.br\/loja\/wp-content\/uploads\/2025\/11\/15394681758-ic5048-turbina-evaporadora-elgin-hafi09b2fb-92x578-b-photoroom-1.webp\" \/>\n\t<meta property=\"og:image:width\" content=\"1280\" \/>\n\t<meta property=\"og:image:height\" content=\"1280\" \/>\n\t<meta property=\"og:image:type\" content=\"image\/png\" \/>\n<meta name=\"twitter:card\" content=\"summary_large_image\" \/>\n<script type=\"application\/ld+json\" class=\"yoast-schema-graph\">{\"@context\":\"https:\\\/\\\/schema.org\",\"@graph\":[{\"@type\":\"WebPage\",\"@id\":\"https:\\\/\\\/dualgree.com.br\\\/loja\\\/produto\\\/turbina-evaporadora-ar-condicionado-para-elgin-hafi09b2fb-92x578\\\/\",\"url\":\"https:\\\/\\\/dualgree.com.br\\\/loja\\\/produto\\\/turbina-evaporadora-ar-condicionado-para-elgin-hafi09b2fb-92x578\\\/\",\"name\":\"Turbina evaporadora ar condicionado para Elgin hafi09b2fb 92x578 - Loja - Dual Gree Servi\u00e7os | Pe\u00e7as\",\"isPartOf\":{\"@id\":\"https:\\\/\\\/dualgree.com.br\\\/loja\\\/#website\"},\"primaryImageOfPage\":{\"@id\":\"https:\\\/\\\/dualgree.com.br\\\/loja\\\/produto\\\/turbina-evaporadora-ar-condicionado-para-elgin-hafi09b2fb-92x578\\\/#primaryimage\"},\"image\":{\"@id\":\"https:\\\/\\\/dualgree.com.br\\\/loja\\\/produto\\\/turbina-evaporadora-ar-condicionado-para-elgin-hafi09b2fb-92x578\\\/#primaryimage\"},\"thumbnailUrl\":\"https:\\\/\\\/dualgree.com.br\\\/loja\\\/wp-content\\\/uploads\\\/2025\\\/11\\\/15394681758-ic5048-turbina-evaporadora-elgin-hafi09b2fb-92x578-b-photoroom-2.webp\",\"datePublished\":\"2025-11-17T21:13:02+00:00\",\"dateModified\":\"2026-02-25T17:14:59+00:00\",\"breadcrumb\":{\"@id\":\"https:\\\/\\\/dualgree.com.br\\\/loja\\\/produto\\\/turbina-evaporadora-ar-condicionado-para-elgin-hafi09b2fb-92x578\\\/#breadcrumb\"},\"inLanguage\":\"pt-BR\",\"potentialAction\":[{\"@type\":\"ReadAction\",\"target\":[\"https:\\\/\\\/dualgree.com.br\\\/loja\\\/produto\\\/turbina-evaporadora-ar-condicionado-para-elgin-hafi09b2fb-92x578\\\/\"]}]},{\"@type\":\"ImageObject\",\"inLanguage\":\"pt-BR\",\"@id\":\"https:\\\/\\\/dualgree.com.br\\\/loja\\\/produto\\\/turbina-evaporadora-ar-condicionado-para-elgin-hafi09b2fb-92x578\\\/#primaryimage\",\"url\":\"https:\\\/\\\/dualgree.com.br\\\/loja\\\/wp-content\\\/uploads\\\/2025\\\/11\\\/15394681758-ic5048-turbina-evaporadora-elgin-hafi09b2fb-92x578-b-photoroom-2.webp\",\"contentUrl\":\"https:\\\/\\\/dualgree.com.br\\\/loja\\\/wp-content\\\/uploads\\\/2025\\\/11\\\/15394681758-ic5048-turbina-evaporadora-elgin-hafi09b2fb-92x578-b-photoroom-2.webp\",\"width\":1280,\"height\":1280},{\"@type\":\"BreadcrumbList\",\"@id\":\"https:\\\/\\\/dualgree.com.br\\\/loja\\\/produto\\\/turbina-evaporadora-ar-condicionado-para-elgin-hafi09b2fb-92x578\\\/#breadcrumb\",\"itemListElement\":[{\"@type\":\"ListItem\",\"position\":1,\"name\":\"In\u00edcio\",\"item\":\"https:\\\/\\\/dualgree.com.br\\\/loja\\\/\"},{\"@type\":\"ListItem\",\"position\":2,\"name\":\"Loja &#8211; Cat\u00e1logo de Pe\u00e7as\",\"item\":\"https:\\\/\\\/dualgree.com.br\\\/loja\\\/\"},{\"@type\":\"ListItem\",\"position\":3,\"name\":\"Turbina evaporadora ar condicionado para Elgin hafi09b2fb 92...\"}]},{\"@type\":\"WebSite\",\"@id\":\"https:\\\/\\\/dualgree.com.br\\\/loja\\\/#website\",\"url\":\"https:\\\/\\\/dualgree.com.br\\\/loja\\\/\",\"name\":\"Loja - Dual Gree Servi\u00e7os | Partes e Pe\u00e7as\",\"description\":\"Catalogo de Pe\u00e7as para ar condicionado\",\"publisher\":{\"@id\":\"https:\\\/\\\/dualgree.com.br\\\/loja\\\/#organization\"},\"potentialAction\":[{\"@type\":\"SearchAction\",\"target\":{\"@type\":\"EntryPoint\",\"urlTemplate\":\"https:\\\/\\\/dualgree.com.br\\\/loja\\\/?s={search_term_string}\"},\"query-input\":{\"@type\":\"PropertyValueSpecification\",\"valueRequired\":true,\"valueName\":\"search_term_string\"}}],\"inLanguage\":\"pt-BR\"},{\"@type\":\"Organization\",\"@id\":\"https:\\\/\\\/dualgree.com.br\\\/loja\\\/#organization\",\"name\":\"Loja Dual Gree Servi\u00e7o\",\"url\":\"https:\\\/\\\/dualgree.com.br\\\/loja\\\/\",\"logo\":{\"@type\":\"ImageObject\",\"inLanguage\":\"pt-BR\",\"@id\":\"https:\\\/\\\/dualgree.com.br\\\/loja\\\/#\\\/schema\\\/logo\\\/image\\\/\",\"url\":\"https:\\\/\\\/dualgree.com.br\\\/loja\\\/wp-content\\\/uploads\\\/2024\\\/09\\\/teste-logo-ecommerce-dual-1-e1725909304971.png\",\"contentUrl\":\"https:\\\/\\\/dualgree.com.br\\\/loja\\\/wp-content\\\/uploads\\\/2024\\\/09\\\/teste-logo-ecommerce-dual-1-e1725909304971.png\",\"width\":470,\"height\":157,\"caption\":\"Loja Dual Gree Servi\u00e7o\"},\"image\":{\"@id\":\"https:\\\/\\\/dualgree.com.br\\\/loja\\\/#\\\/schema\\\/logo\\\/image\\\/\"}}]}<\/script>\n<!-- \/ Yoast SEO plugin. -->","yoast_head_json":{"title":"Turbina evaporadora ar condicionado para Elgin hafi09b2fb 92x578 - Loja - Dual Gree Servi\u00e7os | Pe\u00e7as","robots":{"index":"index","follow":"follow","max-snippet":"max-snippet:-1","max-image-preview":"max-image-preview:large","max-video-preview":"max-video-preview:-1"},"canonical":"https:\/\/dualgree.com.br\/loja\/produto\/turbina-evaporadora-ar-condicionado-para-elgin-hafi09b2fb-92x578\/","og_locale":"pt_BR","og_type":"article","og_title":"Turbina evaporadora ar condicionado para Elgin hafi09b2fb 92x578 - Loja - Dual Gree Servi\u00e7os | Pe\u00e7as","og_description":"IC5048 -Turbina evaporadora ar condicionado Elgin hafi09b2fb \u00a0 Diamentro x Comprimento 92&#215;578 mm 9,2cm x 57,8cm \u00a0 Compativel apenas HAFI09B2FB \u2013 HAFE09B2NB \u00a0 IC4148- Turbina 92X578 SH-1 da evaporadora ar condicionado ELGIN HTFI12B2FA","og_url":"https:\/\/dualgree.com.br\/loja\/produto\/turbina-evaporadora-ar-condicionado-para-elgin-hafi09b2fb-92x578\/","og_site_name":"Loja - Dual Gree Servi\u00e7os | Pe\u00e7as","article_modified_time":"2026-02-25T17:14:59+00:00","og_image":[{"width":1280,"height":1280,"url":"https:\/\/dualgree.com.br\/loja\/wp-content\/uploads\/2025\/11\/15394681758-ic5048-turbina-evaporadora-elgin-hafi09b2fb-92x578-b-photoroom-1.webp","type":"image\/png"}],"twitter_card":"summary_large_image","schema":{"@context":"https:\/\/schema.org","@graph":[{"@type":"WebPage","@id":"https:\/\/dualgree.com.br\/loja\/produto\/turbina-evaporadora-ar-condicionado-para-elgin-hafi09b2fb-92x578\/","url":"https:\/\/dualgree.com.br\/loja\/produto\/turbina-evaporadora-ar-condicionado-para-elgin-hafi09b2fb-92x578\/","name":"Turbina evaporadora ar condicionado para Elgin hafi09b2fb 92x578 - Loja - Dual Gree Servi\u00e7os | Pe\u00e7as","isPartOf":{"@id":"https:\/\/dualgree.com.br\/loja\/#website"},"primaryImageOfPage":{"@id":"https:\/\/dualgree.com.br\/loja\/produto\/turbina-evaporadora-ar-condicionado-para-elgin-hafi09b2fb-92x578\/#primaryimage"},"image":{"@id":"https:\/\/dualgree.com.br\/loja\/produto\/turbina-evaporadora-ar-condicionado-para-elgin-hafi09b2fb-92x578\/#primaryimage"},"thumbnailUrl":"https:\/\/dualgree.com.br\/loja\/wp-content\/uploads\/2025\/11\/15394681758-ic5048-turbina-evaporadora-elgin-hafi09b2fb-92x578-b-photoroom-2.webp","datePublished":"2025-11-17T21:13:02+00:00","dateModified":"2026-02-25T17:14:59+00:00","breadcrumb":{"@id":"https:\/\/dualgree.com.br\/loja\/produto\/turbina-evaporadora-ar-condicionado-para-elgin-hafi09b2fb-92x578\/#breadcrumb"},"inLanguage":"pt-BR","potentialAction":[{"@type":"ReadAction","target":["https:\/\/dualgree.com.br\/loja\/produto\/turbina-evaporadora-ar-condicionado-para-elgin-hafi09b2fb-92x578\/"]}]},{"@type":"ImageObject","inLanguage":"pt-BR","@id":"https:\/\/dualgree.com.br\/loja\/produto\/turbina-evaporadora-ar-condicionado-para-elgin-hafi09b2fb-92x578\/#primaryimage","url":"https:\/\/dualgree.com.br\/loja\/wp-content\/uploads\/2025\/11\/15394681758-ic5048-turbina-evaporadora-elgin-hafi09b2fb-92x578-b-photoroom-2.webp","contentUrl":"https:\/\/dualgree.com.br\/loja\/wp-content\/uploads\/2025\/11\/15394681758-ic5048-turbina-evaporadora-elgin-hafi09b2fb-92x578-b-photoroom-2.webp","width":1280,"height":1280},{"@type":"BreadcrumbList","@id":"https:\/\/dualgree.com.br\/loja\/produto\/turbina-evaporadora-ar-condicionado-para-elgin-hafi09b2fb-92x578\/#breadcrumb","itemListElement":[{"@type":"ListItem","position":1,"name":"In\u00edcio","item":"https:\/\/dualgree.com.br\/loja\/"},{"@type":"ListItem","position":2,"name":"Loja &#8211; Cat\u00e1logo de Pe\u00e7as","item":"https:\/\/dualgree.com.br\/loja\/"},{"@type":"ListItem","position":3,"name":"Turbina evaporadora ar condicionado para Elgin hafi09b2fb 92..."}]},{"@type":"WebSite","@id":"https:\/\/dualgree.com.br\/loja\/#website","url":"https:\/\/dualgree.com.br\/loja\/","name":"Loja - Dual Gree Servi\u00e7os | Partes e Pe\u00e7as","description":"Catalogo de Pe\u00e7as para ar condicionado","publisher":{"@id":"https:\/\/dualgree.com.br\/loja\/#organization"},"potentialAction":[{"@type":"SearchAction","target":{"@type":"EntryPoint","urlTemplate":"https:\/\/dualgree.com.br\/loja\/?s={search_term_string}"},"query-input":{"@type":"PropertyValueSpecification","valueRequired":true,"valueName":"search_term_string"}}],"inLanguage":"pt-BR"},{"@type":"Organization","@id":"https:\/\/dualgree.com.br\/loja\/#organization","name":"Loja Dual Gree Servi\u00e7o","url":"https:\/\/dualgree.com.br\/loja\/","logo":{"@type":"ImageObject","inLanguage":"pt-BR","@id":"https:\/\/dualgree.com.br\/loja\/#\/schema\/logo\/image\/","url":"https:\/\/dualgree.com.br\/loja\/wp-content\/uploads\/2024\/09\/teste-logo-ecommerce-dual-1-e1725909304971.png","contentUrl":"https:\/\/dualgree.com.br\/loja\/wp-content\/uploads\/2024\/09\/teste-logo-ecommerce-dual-1-e1725909304971.png","width":470,"height":157,"caption":"Loja Dual Gree Servi\u00e7o"},"image":{"@id":"https:\/\/dualgree.com.br\/loja\/#\/schema\/logo\/image\/"}}]}},"jetpack_publicize_connections":[],"jetpack_sharing_enabled":true,"jetpack_likes_enabled":true,"_links":{"self":[{"href":"https:\/\/dualgree.com.br\/loja\/wp-json\/wp\/v2\/product\/12771","targetHints":{"allow":["GET"]}}],"collection":[{"href":"https:\/\/dualgree.com.br\/loja\/wp-json\/wp\/v2\/product"}],"about":[{"href":"https:\/\/dualgree.com.br\/loja\/wp-json\/wp\/v2\/types\/product"}],"replies":[{"embeddable":true,"href":"https:\/\/dualgree.com.br\/loja\/wp-json\/wp\/v2\/comments?post=12771"}],"wp:featuredmedia":[{"embeddable":true,"href":"https:\/\/dualgree.com.br\/loja\/wp-json\/wp\/v2\/media\/12885"}],"wp:attachment":[{"href":"https:\/\/dualgree.com.br\/loja\/wp-json\/wp\/v2\/media?parent=12771"}],"wp:term":[{"taxonomy":"product_brand","embeddable":true,"href":"https:\/\/dualgree.com.br\/loja\/wp-json\/wp\/v2\/product_brand?post=12771"},{"taxonomy":"product_cat","embeddable":true,"href":"https:\/\/dualgree.com.br\/loja\/wp-json\/wp\/v2\/product_cat?post=12771"},{"taxonomy":"product_tag","embeddable":true,"href":"https:\/\/dualgree.com.br\/loja\/wp-json\/wp\/v2\/product_tag?post=12771"}],"curies":[{"name":"wp","href":"https:\/\/api.w.org\/{rel}","templated":true}]}}