{"id":13136,"date":"2025-12-06T11:54:54","date_gmt":"2025-12-06T11:54:54","guid":{"rendered":"https:\/\/dualgree.com.br\/loja\/produto\/placa-display-springer-midea-42tfca-42mact\/"},"modified":"2025-12-08T12:27:07","modified_gmt":"2025-12-08T12:27:07","slug":"placa-display-springer-midea-42tfca-42mact","status":"publish","type":"product","link":"https:\/\/dualgree.com.br\/loja\/produto\/placa-display-springer-midea-42tfca-42mact\/","title":{"rendered":"PLACA DISPLAY SPRINGER MIDEA 42TFCA &#8211; 42MACT"},"content":{"rendered":"<p>IC1400-PLACA DISPLAY SPRINGER MIDEA 42TFCA &#8211; 42MACT&lt;br&gt;<\/p>\n<p>&lt;br&gt;<\/p>\n<p>17222000A56447&lt;br&gt;<\/p>\n<p>&lt;br&gt;<\/p>\n<p>17222000029876&lt;br&gt;<\/p>\n<p>&lt;br&gt;<\/p>\n<p>CE-KFR35GN1Y-AF9DD1&lt;br&gt;<\/p>\n<p>800JLG 13A0852557&lt;br&gt;<\/p>\n<p>&lt;br&gt;<\/p>\n<p>42TFCA09S5&lt;br&gt;<\/p>\n<p>42TFCA12S5&lt;br&gt;<\/p>\n<p>42TFCA18S5&lt;br&gt;<\/p>\n<p>42TFCA22S5&lt;br&gt;<\/p>\n<p>42MACT09S5&lt;br&gt;<\/p>\n<p>42MACT12S5&lt;br&gt;<\/p>\n<p>42MACT18S5&lt;br&gt;<\/p>\n<p>42MACT22S5<\/p>\n<p><span style=\"color: var(--refidnocolor);font-size: 0.9em;font-family: arial, tahoma, verdana, helvetica\">\u00a0<\/span><\/p>\n<div class=\"underrefbanner clearboth\" style=\"clear: both;font-family: arial, tahoma, verdana, helvetica;font-size: 14.4px\">\u00a0<\/div>\n<div class=\"fichecenter\" style=\"width: 1433.33px;clear: both;font-family: arial, tahoma, verdana, helvetica;font-size: 14.4px\">\n<div class=\"fichehalfleft\" style=\"float: left;width: calc(50% - 14px)\">\u00a0<\/div>\n<\/div>\n","protected":false},"excerpt":{"rendered":"<p>IC1400-PLACA DISPLAY SPRINGER MIDEA 42TFCA &#8211; 42MACT&lt;br&gt; &lt;br&gt; 17222000A56447&lt;br&gt; &lt;br&gt; 17222000029876&lt;br&gt; &lt;br&gt; CE-KFR35GN1Y-AF9DD1&lt;br&gt; 800JLG 13A0852557&lt;br&gt; &lt;br&gt; 42TFCA09S5&lt;br&gt; 42TFCA12S5&lt;br&gt; 42TFCA18S5&lt;br&gt; 42TFCA22S5&lt;br&gt; 42MACT09S5&lt;br&gt; 42MACT12S5&lt;br&gt; 42MACT18S5&lt;br&gt; 42MACT22S5 \u00a0 \u00a0 \u00a0<\/p>\n","protected":false},"featured_media":13135,"comment_status":"open","ping_status":"closed","template":"","meta":{"_kadence_starter_templates_imported_post":false,"_kad_post_transparent":"","_kad_post_title":"","_kad_post_layout":"","_kad_post_sidebar_id":"","_kad_post_content_style":"","_kad_post_vertical_padding":"","_kad_post_feature":"","_kad_post_feature_position":"","_kad_post_header":false,"_kad_post_footer":false,"jetpack_publicize_message":"","jetpack_publicize_feature_enabled":true,"jetpack_social_post_already_shared":true,"jetpack_social_options":{"image_generator_settings":{"template":"highway","default_image_id":0,"font":"","enabled":false},"version":2}},"product_brand":[],"product_cat":[176,192,179],"product_tag":[],"class_list":{"0":"post-13136","1":"product","2":"type-product","3":"status-publish","4":"has-post-thumbnail","6":"product_cat-midea","7":"product_cat-placa-display-split","8":"product_cat-springer","10":"first","11":"outofstock","12":"shipping-taxable","13":"purchasable","14":"product-type-simple","15":"entry","16":"content-bg","17":"loop-entry"},"yoast_head":"<!-- This site is optimized with the Yoast SEO plugin v27.5 - https:\/\/yoast.com\/product\/yoast-seo-wordpress\/ -->\n<title>PLACA DISPLAY SPRINGER MIDEA 42TFCA - 42MACT - Loja - Dual Gree Servi\u00e7os | Pe\u00e7as<\/title>\n<meta name=\"robots\" content=\"index, follow, max-snippet:-1, max-image-preview:large, max-video-preview:-1\" \/>\n<link rel=\"canonical\" href=\"https:\/\/dualgree.com.br\/loja\/produto\/placa-display-springer-midea-42tfca-42mact\/\" \/>\n<meta property=\"og:locale\" content=\"pt_BR\" \/>\n<meta property=\"og:type\" content=\"article\" \/>\n<meta property=\"og:title\" content=\"PLACA DISPLAY SPRINGER MIDEA 42TFCA - 42MACT - Loja - Dual Gree Servi\u00e7os | Pe\u00e7as\" \/>\n<meta property=\"og:description\" content=\"IC1400-PLACA DISPLAY SPRINGER MIDEA 42TFCA &#8211; 42MACT&lt;br&gt; &lt;br&gt; 17222000A56447&lt;br&gt; &lt;br&gt; 17222000029876&lt;br&gt; &lt;br&gt; CE-KFR35GN1Y-AF9DD1&lt;br&gt; 800JLG 13A0852557&lt;br&gt; &lt;br&gt; 42TFCA09S5&lt;br&gt; 42TFCA12S5&lt;br&gt; 42TFCA18S5&lt;br&gt; 42TFCA22S5&lt;br&gt; 42MACT09S5&lt;br&gt; 42MACT12S5&lt;br&gt; 42MACT18S5&lt;br&gt; 42MACT22S5 \u00a0 \u00a0 \u00a0\" \/>\n<meta property=\"og:url\" content=\"https:\/\/dualgree.com.br\/loja\/produto\/placa-display-springer-midea-42tfca-42mact\/\" \/>\n<meta property=\"og:site_name\" content=\"Loja - Dual Gree Servi\u00e7os | Pe\u00e7as\" \/>\n<meta property=\"article:modified_time\" content=\"2025-12-08T12:27:07+00:00\" \/>\n<meta name=\"twitter:card\" content=\"summary_large_image\" \/>\n<script type=\"application\/ld+json\" class=\"yoast-schema-graph\">{\"@context\":\"https:\\\/\\\/schema.org\",\"@graph\":[{\"@type\":\"WebPage\",\"@id\":\"https:\\\/\\\/dualgree.com.br\\\/loja\\\/produto\\\/placa-display-springer-midea-42tfca-42mact\\\/\",\"url\":\"https:\\\/\\\/dualgree.com.br\\\/loja\\\/produto\\\/placa-display-springer-midea-42tfca-42mact\\\/\",\"name\":\"PLACA DISPLAY SPRINGER MIDEA 42TFCA - 42MACT - Loja - Dual Gree Servi\u00e7os | Pe\u00e7as\",\"isPartOf\":{\"@id\":\"https:\\\/\\\/dualgree.com.br\\\/loja\\\/#website\"},\"primaryImageOfPage\":{\"@id\":\"https:\\\/\\\/dualgree.com.br\\\/loja\\\/produto\\\/placa-display-springer-midea-42tfca-42mact\\\/#primaryimage\"},\"image\":{\"@id\":\"https:\\\/\\\/dualgree.com.br\\\/loja\\\/produto\\\/placa-display-springer-midea-42tfca-42mact\\\/#primaryimage\"},\"thumbnailUrl\":\"https:\\\/\\\/dualgree.com.br\\\/loja\\\/wp-content\\\/uploads\\\/2025\\\/12\\\/15120335990-ic1400.webp\",\"datePublished\":\"2025-12-06T11:54:54+00:00\",\"dateModified\":\"2025-12-08T12:27:07+00:00\",\"breadcrumb\":{\"@id\":\"https:\\\/\\\/dualgree.com.br\\\/loja\\\/produto\\\/placa-display-springer-midea-42tfca-42mact\\\/#breadcrumb\"},\"inLanguage\":\"pt-BR\",\"potentialAction\":[{\"@type\":\"ReadAction\",\"target\":[\"https:\\\/\\\/dualgree.com.br\\\/loja\\\/produto\\\/placa-display-springer-midea-42tfca-42mact\\\/\"]}]},{\"@type\":\"ImageObject\",\"inLanguage\":\"pt-BR\",\"@id\":\"https:\\\/\\\/dualgree.com.br\\\/loja\\\/produto\\\/placa-display-springer-midea-42tfca-42mact\\\/#primaryimage\",\"url\":\"https:\\\/\\\/dualgree.com.br\\\/loja\\\/wp-content\\\/uploads\\\/2025\\\/12\\\/15120335990-ic1400.webp\",\"contentUrl\":\"https:\\\/\\\/dualgree.com.br\\\/loja\\\/wp-content\\\/uploads\\\/2025\\\/12\\\/15120335990-ic1400.webp\",\"width\":1200,\"height\":1200},{\"@type\":\"BreadcrumbList\",\"@id\":\"https:\\\/\\\/dualgree.com.br\\\/loja\\\/produto\\\/placa-display-springer-midea-42tfca-42mact\\\/#breadcrumb\",\"itemListElement\":[{\"@type\":\"ListItem\",\"position\":1,\"name\":\"In\u00edcio\",\"item\":\"https:\\\/\\\/dualgree.com.br\\\/loja\\\/\"},{\"@type\":\"ListItem\",\"position\":2,\"name\":\"Loja &#8211; Cat\u00e1logo de Pe\u00e7as\",\"item\":\"https:\\\/\\\/dualgree.com.br\\\/loja\\\/\"},{\"@type\":\"ListItem\",\"position\":3,\"name\":\"PLACA DISPLAY SPRINGER MIDEA 42TFCA &#8211; 42MACT\"}]},{\"@type\":\"WebSite\",\"@id\":\"https:\\\/\\\/dualgree.com.br\\\/loja\\\/#website\",\"url\":\"https:\\\/\\\/dualgree.com.br\\\/loja\\\/\",\"name\":\"Loja - Dual Gree Servi\u00e7os | Partes e Pe\u00e7as\",\"description\":\"Catalogo de Pe\u00e7as para ar condicionado\",\"publisher\":{\"@id\":\"https:\\\/\\\/dualgree.com.br\\\/loja\\\/#organization\"},\"potentialAction\":[{\"@type\":\"SearchAction\",\"target\":{\"@type\":\"EntryPoint\",\"urlTemplate\":\"https:\\\/\\\/dualgree.com.br\\\/loja\\\/?s={search_term_string}\"},\"query-input\":{\"@type\":\"PropertyValueSpecification\",\"valueRequired\":true,\"valueName\":\"search_term_string\"}}],\"inLanguage\":\"pt-BR\"},{\"@type\":\"Organization\",\"@id\":\"https:\\\/\\\/dualgree.com.br\\\/loja\\\/#organization\",\"name\":\"Loja Dual Gree Servi\u00e7o\",\"url\":\"https:\\\/\\\/dualgree.com.br\\\/loja\\\/\",\"logo\":{\"@type\":\"ImageObject\",\"inLanguage\":\"pt-BR\",\"@id\":\"https:\\\/\\\/dualgree.com.br\\\/loja\\\/#\\\/schema\\\/logo\\\/image\\\/\",\"url\":\"https:\\\/\\\/dualgree.com.br\\\/loja\\\/wp-content\\\/uploads\\\/2024\\\/09\\\/teste-logo-ecommerce-dual-1-e1725909304971.png\",\"contentUrl\":\"https:\\\/\\\/dualgree.com.br\\\/loja\\\/wp-content\\\/uploads\\\/2024\\\/09\\\/teste-logo-ecommerce-dual-1-e1725909304971.png\",\"width\":470,\"height\":157,\"caption\":\"Loja Dual Gree Servi\u00e7o\"},\"image\":{\"@id\":\"https:\\\/\\\/dualgree.com.br\\\/loja\\\/#\\\/schema\\\/logo\\\/image\\\/\"}}]}<\/script>\n<!-- \/ Yoast SEO plugin. -->","yoast_head_json":{"title":"PLACA DISPLAY SPRINGER MIDEA 42TFCA - 42MACT - Loja - Dual Gree Servi\u00e7os | Pe\u00e7as","robots":{"index":"index","follow":"follow","max-snippet":"max-snippet:-1","max-image-preview":"max-image-preview:large","max-video-preview":"max-video-preview:-1"},"canonical":"https:\/\/dualgree.com.br\/loja\/produto\/placa-display-springer-midea-42tfca-42mact\/","og_locale":"pt_BR","og_type":"article","og_title":"PLACA DISPLAY SPRINGER MIDEA 42TFCA - 42MACT - Loja - Dual Gree Servi\u00e7os | Pe\u00e7as","og_description":"IC1400-PLACA DISPLAY SPRINGER MIDEA 42TFCA &#8211; 42MACT&lt;br&gt; &lt;br&gt; 17222000A56447&lt;br&gt; &lt;br&gt; 17222000029876&lt;br&gt; &lt;br&gt; CE-KFR35GN1Y-AF9DD1&lt;br&gt; 800JLG 13A0852557&lt;br&gt; &lt;br&gt; 42TFCA09S5&lt;br&gt; 42TFCA12S5&lt;br&gt; 42TFCA18S5&lt;br&gt; 42TFCA22S5&lt;br&gt; 42MACT09S5&lt;br&gt; 42MACT12S5&lt;br&gt; 42MACT18S5&lt;br&gt; 42MACT22S5 \u00a0 \u00a0 \u00a0","og_url":"https:\/\/dualgree.com.br\/loja\/produto\/placa-display-springer-midea-42tfca-42mact\/","og_site_name":"Loja - Dual Gree Servi\u00e7os | Pe\u00e7as","article_modified_time":"2025-12-08T12:27:07+00:00","twitter_card":"summary_large_image","schema":{"@context":"https:\/\/schema.org","@graph":[{"@type":"WebPage","@id":"https:\/\/dualgree.com.br\/loja\/produto\/placa-display-springer-midea-42tfca-42mact\/","url":"https:\/\/dualgree.com.br\/loja\/produto\/placa-display-springer-midea-42tfca-42mact\/","name":"PLACA DISPLAY SPRINGER MIDEA 42TFCA - 42MACT - Loja - Dual Gree Servi\u00e7os | Pe\u00e7as","isPartOf":{"@id":"https:\/\/dualgree.com.br\/loja\/#website"},"primaryImageOfPage":{"@id":"https:\/\/dualgree.com.br\/loja\/produto\/placa-display-springer-midea-42tfca-42mact\/#primaryimage"},"image":{"@id":"https:\/\/dualgree.com.br\/loja\/produto\/placa-display-springer-midea-42tfca-42mact\/#primaryimage"},"thumbnailUrl":"https:\/\/dualgree.com.br\/loja\/wp-content\/uploads\/2025\/12\/15120335990-ic1400.webp","datePublished":"2025-12-06T11:54:54+00:00","dateModified":"2025-12-08T12:27:07+00:00","breadcrumb":{"@id":"https:\/\/dualgree.com.br\/loja\/produto\/placa-display-springer-midea-42tfca-42mact\/#breadcrumb"},"inLanguage":"pt-BR","potentialAction":[{"@type":"ReadAction","target":["https:\/\/dualgree.com.br\/loja\/produto\/placa-display-springer-midea-42tfca-42mact\/"]}]},{"@type":"ImageObject","inLanguage":"pt-BR","@id":"https:\/\/dualgree.com.br\/loja\/produto\/placa-display-springer-midea-42tfca-42mact\/#primaryimage","url":"https:\/\/dualgree.com.br\/loja\/wp-content\/uploads\/2025\/12\/15120335990-ic1400.webp","contentUrl":"https:\/\/dualgree.com.br\/loja\/wp-content\/uploads\/2025\/12\/15120335990-ic1400.webp","width":1200,"height":1200},{"@type":"BreadcrumbList","@id":"https:\/\/dualgree.com.br\/loja\/produto\/placa-display-springer-midea-42tfca-42mact\/#breadcrumb","itemListElement":[{"@type":"ListItem","position":1,"name":"In\u00edcio","item":"https:\/\/dualgree.com.br\/loja\/"},{"@type":"ListItem","position":2,"name":"Loja &#8211; Cat\u00e1logo de Pe\u00e7as","item":"https:\/\/dualgree.com.br\/loja\/"},{"@type":"ListItem","position":3,"name":"PLACA DISPLAY SPRINGER MIDEA 42TFCA &#8211; 42MACT"}]},{"@type":"WebSite","@id":"https:\/\/dualgree.com.br\/loja\/#website","url":"https:\/\/dualgree.com.br\/loja\/","name":"Loja - Dual Gree Servi\u00e7os | Partes e Pe\u00e7as","description":"Catalogo de Pe\u00e7as para ar condicionado","publisher":{"@id":"https:\/\/dualgree.com.br\/loja\/#organization"},"potentialAction":[{"@type":"SearchAction","target":{"@type":"EntryPoint","urlTemplate":"https:\/\/dualgree.com.br\/loja\/?s={search_term_string}"},"query-input":{"@type":"PropertyValueSpecification","valueRequired":true,"valueName":"search_term_string"}}],"inLanguage":"pt-BR"},{"@type":"Organization","@id":"https:\/\/dualgree.com.br\/loja\/#organization","name":"Loja Dual Gree Servi\u00e7o","url":"https:\/\/dualgree.com.br\/loja\/","logo":{"@type":"ImageObject","inLanguage":"pt-BR","@id":"https:\/\/dualgree.com.br\/loja\/#\/schema\/logo\/image\/","url":"https:\/\/dualgree.com.br\/loja\/wp-content\/uploads\/2024\/09\/teste-logo-ecommerce-dual-1-e1725909304971.png","contentUrl":"https:\/\/dualgree.com.br\/loja\/wp-content\/uploads\/2024\/09\/teste-logo-ecommerce-dual-1-e1725909304971.png","width":470,"height":157,"caption":"Loja Dual Gree Servi\u00e7o"},"image":{"@id":"https:\/\/dualgree.com.br\/loja\/#\/schema\/logo\/image\/"}}]}},"jetpack_publicize_connections":[],"jetpack_sharing_enabled":true,"jetpack_likes_enabled":true,"_links":{"self":[{"href":"https:\/\/dualgree.com.br\/loja\/wp-json\/wp\/v2\/product\/13136","targetHints":{"allow":["GET"]}}],"collection":[{"href":"https:\/\/dualgree.com.br\/loja\/wp-json\/wp\/v2\/product"}],"about":[{"href":"https:\/\/dualgree.com.br\/loja\/wp-json\/wp\/v2\/types\/product"}],"replies":[{"embeddable":true,"href":"https:\/\/dualgree.com.br\/loja\/wp-json\/wp\/v2\/comments?post=13136"}],"wp:featuredmedia":[{"embeddable":true,"href":"https:\/\/dualgree.com.br\/loja\/wp-json\/wp\/v2\/media\/13135"}],"wp:attachment":[{"href":"https:\/\/dualgree.com.br\/loja\/wp-json\/wp\/v2\/media?parent=13136"}],"wp:term":[{"taxonomy":"product_brand","embeddable":true,"href":"https:\/\/dualgree.com.br\/loja\/wp-json\/wp\/v2\/product_brand?post=13136"},{"taxonomy":"product_cat","embeddable":true,"href":"https:\/\/dualgree.com.br\/loja\/wp-json\/wp\/v2\/product_cat?post=13136"},{"taxonomy":"product_tag","embeddable":true,"href":"https:\/\/dualgree.com.br\/loja\/wp-json\/wp\/v2\/product_tag?post=13136"}],"curies":[{"name":"wp","href":"https:\/\/api.w.org\/{rel}","templated":true}]}}