{"id":14040,"date":"2026-01-22T18:56:47","date_gmt":"2026-01-22T18:56:47","guid":{"rendered":"https:\/\/dualgree.com.br\/loja\/produto\/duto-de-exaustao-branco-15cm-para-ar-condicionado-portatil-hisense-ap-12cwbrnps01\/"},"modified":"2026-04-28T17:25:46","modified_gmt":"2026-04-28T17:25:46","slug":"duto-de-exaustao-branco-15cm-para-ar-condicionado-portatil-hisense-ap-12cwbrnps01","status":"publish","type":"product","link":"https:\/\/dualgree.com.br\/loja\/produto\/duto-de-exaustao-branco-15cm-para-ar-condicionado-portatil-hisense-ap-12cwbrnps01\/","title":{"rendered":"Duto de exaust\u00e3o branco 15cm para ar condicionado portatil ..."},"content":{"rendered":"<p><span style=\"color: #666666;font-family: 'Proxima Nova', -apple-system, 'Helvetica Neue', Helvetica, Roboto, Arial, sans-serif;font-size: 20px\">DG044 &#8211; DUTO SAIDA DE EXAUST\u00c3O 15 CM para ar condicionado portatil .<\/span><\/p>\n<p>\u00a0<\/p>\n<p><span style=\"color: #666666;font-family: 'Proxima Nova', -apple-system, 'Helvetica Neue', Helvetica, Roboto, Arial, sans-serif;font-size: 20px\">Obs: confirme o modelo e marca do seu equipamento.<\/span><br style=\"margin: 0px;padding: 0px;color: #666666;font-family: 'Proxima Nova', -apple-system, 'Helvetica Neue', Helvetica, Roboto, Arial, sans-serif;font-size: 20px\" \/><br style=\"margin: 0px;padding: 0px;color: #666666;font-family: 'Proxima Nova', -apple-system, 'Helvetica Neue', Helvetica, Roboto, Arial, sans-serif;font-size: 20px\" \/><br style=\"margin: 0px;padding: 0px;color: #666666;font-family: 'Proxima Nova', -apple-system, 'Helvetica Neue', Helvetica, Roboto, Arial, sans-serif;font-size: 20px\" \/><span style=\"color: #666666;font-family: 'Proxima Nova', -apple-system, 'Helvetica Neue', Helvetica, Roboto, Arial, sans-serif;font-size: 20px\">\u00c9 necess\u00e1rio o Cliente possuir os adaptadores originais do equipamento<\/span><br style=\"margin: 0px;padding: 0px;color: #666666;font-family: 'Proxima Nova', -apple-system, 'Helvetica Neue', Helvetica, Roboto, Arial, sans-serif;font-size: 20px\" \/><br style=\"margin: 0px;padding: 0px;color: #666666;font-family: 'Proxima Nova', -apple-system, 'Helvetica Neue', Helvetica, Roboto, Arial, sans-serif;font-size: 20px\" \/><span style=\"color: #666666;font-family: 'Proxima Nova', -apple-system, 'Helvetica Neue', Helvetica, Roboto, Arial, sans-serif;font-size: 20px\">Duto com 2 metros e rosca de 15 cent\u00edmetros, com arame super resistente<\/span><br style=\"margin: 0px;padding: 0px;color: #666666;font-family: 'Proxima Nova', -apple-system, 'Helvetica Neue', Helvetica, Roboto, Arial, sans-serif;font-size: 20px\" \/><br style=\"margin: 0px;padding: 0px;color: #666666;font-family: 'Proxima Nova', -apple-system, 'Helvetica Neue', Helvetica, Roboto, Arial, sans-serif;font-size: 20px\" \/><span style=\"color: #666666;font-family: 'Proxima Nova', -apple-system, 'Helvetica Neue', Helvetica, Roboto, Arial, sans-serif;font-size: 20px\">Este duto serve nos equipamentos abaixo:<\/span><br style=\"margin: 0px;padding: 0px;color: #666666;font-family: 'Proxima Nova', -apple-system, 'Helvetica Neue', Helvetica, Roboto, Arial, sans-serif;font-size: 20px\" \/><span style=\"color: #666666;font-family: 'Proxima Nova', -apple-system, 'Helvetica Neue', Helvetica, Roboto, Arial, sans-serif;font-size: 20px\"><\/span><span style=\"font-family: arial, tahoma, verdana, helvetica;font-size: 14.72px\"><\/span><\/p>\n<p>\u00a0<\/p>\n<p><span style=\"color: #666666;font-family: 'Proxima Nova', -apple-system, 'Helvetica Neue', Helvetica, Roboto, Arial, sans-serif;font-size: 20px\">Hisense\u00a0<\/span><span>AP-12CWBRNPS01<\/span><\/p>\n<p>\u00a0<\/p>\n<p><span style=\"color: #666666;font-family: 'Proxima Nova', -apple-system, 'Helvetica Neue', Helvetica, Roboto, Arial, sans-serif;font-size: 20px\">Para usar desrosquear seu conectores do tubo antigo e rosquear os conectores neste tubo novo e usar, Facil.<\/span><\/p>\n<p>\u00a0<\/p>\n<p>\u00a0<\/p>\n","protected":false},"excerpt":{"rendered":"<p>DG044 &#8211; DUTO SAIDA DE EXAUST\u00c3O 15 CM para ar condicionado portatil . \u00a0 Obs: confirme o modelo e marca do seu equipamento.\u00c9 necess\u00e1rio o Cliente possuir os adaptadores originais do equipamentoDuto com 2 metros e rosca de 15 cent\u00edmetros, com arame super resistenteEste duto serve nos equipamentos abaixo: \u00a0 Hisense\u00a0AP-12CWBRNPS01 \u00a0 Para usar desrosquear&#8230;<\/p>\n","protected":false},"featured_media":14041,"comment_status":"open","ping_status":"closed","template":"","meta":{"_kadence_starter_templates_imported_post":false,"_kad_post_transparent":"default","_kad_post_title":"","_kad_post_layout":"default","_kad_post_sidebar_id":"","_kad_post_content_style":"default","_kad_post_vertical_padding":"default","_kad_post_feature":"","_kad_post_feature_position":"","_kad_post_header":false,"_kad_post_footer":false,"jetpack_publicize_message":"","jetpack_publicize_feature_enabled":true,"jetpack_social_post_already_shared":true,"jetpack_social_options":{"image_generator_settings":{"template":"highway","default_image_id":0,"font":"","enabled":false},"version":2}},"product_brand":[],"product_cat":[244],"product_tag":[],"class_list":{"0":"post-14040","1":"product","2":"type-product","3":"status-publish","4":"has-post-thumbnail","6":"product_cat-duto-para-ar-portatil","8":"first","9":"instock","10":"sale","11":"shipping-taxable","12":"purchasable","13":"product-type-simple","14":"entry","15":"content-bg","16":"loop-entry"},"yoast_head":"<!-- This site is optimized with the Yoast SEO plugin v27.5 - https:\/\/yoast.com\/product\/yoast-seo-wordpress\/ -->\n<title>Duto de exaust\u00e3o branco 15cm para ar condicionado portatil Hisense AP-12CWBRNPS01 - Loja - Dual Gree Servi\u00e7os | Pe\u00e7as<\/title>\n<meta name=\"robots\" content=\"index, follow, max-snippet:-1, max-image-preview:large, max-video-preview:-1\" \/>\n<link rel=\"canonical\" href=\"https:\/\/dualgree.com.br\/loja\/produto\/duto-de-exaustao-branco-15cm-para-ar-condicionado-portatil-hisense-ap-12cwbrnps01\/\" \/>\n<meta property=\"og:locale\" content=\"pt_BR\" \/>\n<meta property=\"og:type\" content=\"article\" \/>\n<meta property=\"og:title\" content=\"Duto de exaust\u00e3o branco 15cm para ar condicionado portatil Hisense AP-12CWBRNPS01 - Loja - Dual Gree Servi\u00e7os | Pe\u00e7as\" \/>\n<meta property=\"og:description\" content=\"DG044 &#8211; DUTO SAIDA DE EXAUST\u00c3O 15 CM para ar condicionado portatil . \u00a0 Obs: confirme o modelo e marca do seu equipamento.\u00c9 necess\u00e1rio o Cliente possuir os adaptadores originais do equipamentoDuto com 2 metros e rosca de 15 cent\u00edmetros, com arame super resistenteEste duto serve nos equipamentos abaixo: \u00a0 Hisense\u00a0AP-12CWBRNPS01 \u00a0 Para usar desrosquear...\" \/>\n<meta property=\"og:url\" content=\"https:\/\/dualgree.com.br\/loja\/produto\/duto-de-exaustao-branco-15cm-para-ar-condicionado-portatil-hisense-ap-12cwbrnps01\/\" \/>\n<meta property=\"og:site_name\" content=\"Loja - Dual Gree Servi\u00e7os | Pe\u00e7as\" \/>\n<meta property=\"article:modified_time\" content=\"2026-04-28T17:25:46+00:00\" \/>\n<meta property=\"og:image\" content=\"https:\/\/dualgree.com.br\/loja\/wp-content\/uploads\/2026\/01\/15298496317-044-duto15cm-rosca-esquerda-1.webp\" \/>\n\t<meta property=\"og:image:width\" content=\"1600\" \/>\n\t<meta property=\"og:image:height\" content=\"1600\" \/>\n\t<meta property=\"og:image:type\" content=\"image\/jpeg\" \/>\n<meta name=\"twitter:card\" content=\"summary_large_image\" \/>\n<meta name=\"twitter:label1\" content=\"Est. tempo de leitura\" \/>\n\t<meta name=\"twitter:data1\" content=\"1 minuto\" \/>\n<script type=\"application\/ld+json\" class=\"yoast-schema-graph\">{\"@context\":\"https:\\\/\\\/schema.org\",\"@graph\":[{\"@type\":\"WebPage\",\"@id\":\"https:\\\/\\\/dualgree.com.br\\\/loja\\\/produto\\\/duto-de-exaustao-branco-15cm-para-ar-condicionado-portatil-hisense-ap-12cwbrnps01\\\/\",\"url\":\"https:\\\/\\\/dualgree.com.br\\\/loja\\\/produto\\\/duto-de-exaustao-branco-15cm-para-ar-condicionado-portatil-hisense-ap-12cwbrnps01\\\/\",\"name\":\"Duto de exaust\u00e3o branco 15cm para ar condicionado portatil Hisense AP-12CWBRNPS01 - Loja - Dual Gree Servi\u00e7os | Pe\u00e7as\",\"isPartOf\":{\"@id\":\"https:\\\/\\\/dualgree.com.br\\\/loja\\\/#website\"},\"primaryImageOfPage\":{\"@id\":\"https:\\\/\\\/dualgree.com.br\\\/loja\\\/produto\\\/duto-de-exaustao-branco-15cm-para-ar-condicionado-portatil-hisense-ap-12cwbrnps01\\\/#primaryimage\"},\"image\":{\"@id\":\"https:\\\/\\\/dualgree.com.br\\\/loja\\\/produto\\\/duto-de-exaustao-branco-15cm-para-ar-condicionado-portatil-hisense-ap-12cwbrnps01\\\/#primaryimage\"},\"thumbnailUrl\":\"https:\\\/\\\/dualgree.com.br\\\/loja\\\/wp-content\\\/uploads\\\/2026\\\/01\\\/15298086914-dg413-duto-para-ar-condicionado-left-piu12-3-1.webp\",\"datePublished\":\"2026-01-22T18:56:47+00:00\",\"dateModified\":\"2026-04-28T17:25:46+00:00\",\"breadcrumb\":{\"@id\":\"https:\\\/\\\/dualgree.com.br\\\/loja\\\/produto\\\/duto-de-exaustao-branco-15cm-para-ar-condicionado-portatil-hisense-ap-12cwbrnps01\\\/#breadcrumb\"},\"inLanguage\":\"pt-BR\",\"potentialAction\":[{\"@type\":\"ReadAction\",\"target\":[\"https:\\\/\\\/dualgree.com.br\\\/loja\\\/produto\\\/duto-de-exaustao-branco-15cm-para-ar-condicionado-portatil-hisense-ap-12cwbrnps01\\\/\"]}]},{\"@type\":\"ImageObject\",\"inLanguage\":\"pt-BR\",\"@id\":\"https:\\\/\\\/dualgree.com.br\\\/loja\\\/produto\\\/duto-de-exaustao-branco-15cm-para-ar-condicionado-portatil-hisense-ap-12cwbrnps01\\\/#primaryimage\",\"url\":\"https:\\\/\\\/dualgree.com.br\\\/loja\\\/wp-content\\\/uploads\\\/2026\\\/01\\\/15298086914-dg413-duto-para-ar-condicionado-left-piu12-3-1.webp\",\"contentUrl\":\"https:\\\/\\\/dualgree.com.br\\\/loja\\\/wp-content\\\/uploads\\\/2026\\\/01\\\/15298086914-dg413-duto-para-ar-condicionado-left-piu12-3-1.webp\",\"width\":1280,\"height\":1280},{\"@type\":\"BreadcrumbList\",\"@id\":\"https:\\\/\\\/dualgree.com.br\\\/loja\\\/produto\\\/duto-de-exaustao-branco-15cm-para-ar-condicionado-portatil-hisense-ap-12cwbrnps01\\\/#breadcrumb\",\"itemListElement\":[{\"@type\":\"ListItem\",\"position\":1,\"name\":\"In\u00edcio\",\"item\":\"https:\\\/\\\/dualgree.com.br\\\/loja\\\/\"},{\"@type\":\"ListItem\",\"position\":2,\"name\":\"Loja &#8211; Cat\u00e1logo de Pe\u00e7as\",\"item\":\"https:\\\/\\\/dualgree.com.br\\\/loja\\\/\"},{\"@type\":\"ListItem\",\"position\":3,\"name\":\"Duto de exaust\u00e3o branco 15cm para ar condicionado portatil ...\"}]},{\"@type\":\"WebSite\",\"@id\":\"https:\\\/\\\/dualgree.com.br\\\/loja\\\/#website\",\"url\":\"https:\\\/\\\/dualgree.com.br\\\/loja\\\/\",\"name\":\"Loja - Dual Gree Servi\u00e7os | Partes e Pe\u00e7as\",\"description\":\"Catalogo de Pe\u00e7as para ar condicionado\",\"publisher\":{\"@id\":\"https:\\\/\\\/dualgree.com.br\\\/loja\\\/#organization\"},\"potentialAction\":[{\"@type\":\"SearchAction\",\"target\":{\"@type\":\"EntryPoint\",\"urlTemplate\":\"https:\\\/\\\/dualgree.com.br\\\/loja\\\/?s={search_term_string}\"},\"query-input\":{\"@type\":\"PropertyValueSpecification\",\"valueRequired\":true,\"valueName\":\"search_term_string\"}}],\"inLanguage\":\"pt-BR\"},{\"@type\":\"Organization\",\"@id\":\"https:\\\/\\\/dualgree.com.br\\\/loja\\\/#organization\",\"name\":\"Loja Dual Gree Servi\u00e7o\",\"url\":\"https:\\\/\\\/dualgree.com.br\\\/loja\\\/\",\"logo\":{\"@type\":\"ImageObject\",\"inLanguage\":\"pt-BR\",\"@id\":\"https:\\\/\\\/dualgree.com.br\\\/loja\\\/#\\\/schema\\\/logo\\\/image\\\/\",\"url\":\"https:\\\/\\\/dualgree.com.br\\\/loja\\\/wp-content\\\/uploads\\\/2024\\\/09\\\/teste-logo-ecommerce-dual-1-e1725909304971.png\",\"contentUrl\":\"https:\\\/\\\/dualgree.com.br\\\/loja\\\/wp-content\\\/uploads\\\/2024\\\/09\\\/teste-logo-ecommerce-dual-1-e1725909304971.png\",\"width\":470,\"height\":157,\"caption\":\"Loja Dual Gree Servi\u00e7o\"},\"image\":{\"@id\":\"https:\\\/\\\/dualgree.com.br\\\/loja\\\/#\\\/schema\\\/logo\\\/image\\\/\"}}]}<\/script>\n<!-- \/ Yoast SEO plugin. -->","yoast_head_json":{"title":"Duto de exaust\u00e3o branco 15cm para ar condicionado portatil Hisense AP-12CWBRNPS01 - Loja - Dual Gree Servi\u00e7os | Pe\u00e7as","robots":{"index":"index","follow":"follow","max-snippet":"max-snippet:-1","max-image-preview":"max-image-preview:large","max-video-preview":"max-video-preview:-1"},"canonical":"https:\/\/dualgree.com.br\/loja\/produto\/duto-de-exaustao-branco-15cm-para-ar-condicionado-portatil-hisense-ap-12cwbrnps01\/","og_locale":"pt_BR","og_type":"article","og_title":"Duto de exaust\u00e3o branco 15cm para ar condicionado portatil Hisense AP-12CWBRNPS01 - Loja - Dual Gree Servi\u00e7os | Pe\u00e7as","og_description":"DG044 &#8211; DUTO SAIDA DE EXAUST\u00c3O 15 CM para ar condicionado portatil . \u00a0 Obs: confirme o modelo e marca do seu equipamento.\u00c9 necess\u00e1rio o Cliente possuir os adaptadores originais do equipamentoDuto com 2 metros e rosca de 15 cent\u00edmetros, com arame super resistenteEste duto serve nos equipamentos abaixo: \u00a0 Hisense\u00a0AP-12CWBRNPS01 \u00a0 Para usar desrosquear...","og_url":"https:\/\/dualgree.com.br\/loja\/produto\/duto-de-exaustao-branco-15cm-para-ar-condicionado-portatil-hisense-ap-12cwbrnps01\/","og_site_name":"Loja - Dual Gree Servi\u00e7os | Pe\u00e7as","article_modified_time":"2026-04-28T17:25:46+00:00","og_image":[{"width":1600,"height":1600,"url":"https:\/\/dualgree.com.br\/loja\/wp-content\/uploads\/2026\/01\/15298496317-044-duto15cm-rosca-esquerda-1.webp","type":"image\/jpeg"}],"twitter_card":"summary_large_image","twitter_misc":{"Est. tempo de leitura":"1 minuto"},"schema":{"@context":"https:\/\/schema.org","@graph":[{"@type":"WebPage","@id":"https:\/\/dualgree.com.br\/loja\/produto\/duto-de-exaustao-branco-15cm-para-ar-condicionado-portatil-hisense-ap-12cwbrnps01\/","url":"https:\/\/dualgree.com.br\/loja\/produto\/duto-de-exaustao-branco-15cm-para-ar-condicionado-portatil-hisense-ap-12cwbrnps01\/","name":"Duto de exaust\u00e3o branco 15cm para ar condicionado portatil Hisense AP-12CWBRNPS01 - Loja - Dual Gree Servi\u00e7os | Pe\u00e7as","isPartOf":{"@id":"https:\/\/dualgree.com.br\/loja\/#website"},"primaryImageOfPage":{"@id":"https:\/\/dualgree.com.br\/loja\/produto\/duto-de-exaustao-branco-15cm-para-ar-condicionado-portatil-hisense-ap-12cwbrnps01\/#primaryimage"},"image":{"@id":"https:\/\/dualgree.com.br\/loja\/produto\/duto-de-exaustao-branco-15cm-para-ar-condicionado-portatil-hisense-ap-12cwbrnps01\/#primaryimage"},"thumbnailUrl":"https:\/\/dualgree.com.br\/loja\/wp-content\/uploads\/2026\/01\/15298086914-dg413-duto-para-ar-condicionado-left-piu12-3-1.webp","datePublished":"2026-01-22T18:56:47+00:00","dateModified":"2026-04-28T17:25:46+00:00","breadcrumb":{"@id":"https:\/\/dualgree.com.br\/loja\/produto\/duto-de-exaustao-branco-15cm-para-ar-condicionado-portatil-hisense-ap-12cwbrnps01\/#breadcrumb"},"inLanguage":"pt-BR","potentialAction":[{"@type":"ReadAction","target":["https:\/\/dualgree.com.br\/loja\/produto\/duto-de-exaustao-branco-15cm-para-ar-condicionado-portatil-hisense-ap-12cwbrnps01\/"]}]},{"@type":"ImageObject","inLanguage":"pt-BR","@id":"https:\/\/dualgree.com.br\/loja\/produto\/duto-de-exaustao-branco-15cm-para-ar-condicionado-portatil-hisense-ap-12cwbrnps01\/#primaryimage","url":"https:\/\/dualgree.com.br\/loja\/wp-content\/uploads\/2026\/01\/15298086914-dg413-duto-para-ar-condicionado-left-piu12-3-1.webp","contentUrl":"https:\/\/dualgree.com.br\/loja\/wp-content\/uploads\/2026\/01\/15298086914-dg413-duto-para-ar-condicionado-left-piu12-3-1.webp","width":1280,"height":1280},{"@type":"BreadcrumbList","@id":"https:\/\/dualgree.com.br\/loja\/produto\/duto-de-exaustao-branco-15cm-para-ar-condicionado-portatil-hisense-ap-12cwbrnps01\/#breadcrumb","itemListElement":[{"@type":"ListItem","position":1,"name":"In\u00edcio","item":"https:\/\/dualgree.com.br\/loja\/"},{"@type":"ListItem","position":2,"name":"Loja &#8211; Cat\u00e1logo de Pe\u00e7as","item":"https:\/\/dualgree.com.br\/loja\/"},{"@type":"ListItem","position":3,"name":"Duto de exaust\u00e3o branco 15cm para ar condicionado portatil ..."}]},{"@type":"WebSite","@id":"https:\/\/dualgree.com.br\/loja\/#website","url":"https:\/\/dualgree.com.br\/loja\/","name":"Loja - Dual Gree Servi\u00e7os | Partes e Pe\u00e7as","description":"Catalogo de Pe\u00e7as para ar condicionado","publisher":{"@id":"https:\/\/dualgree.com.br\/loja\/#organization"},"potentialAction":[{"@type":"SearchAction","target":{"@type":"EntryPoint","urlTemplate":"https:\/\/dualgree.com.br\/loja\/?s={search_term_string}"},"query-input":{"@type":"PropertyValueSpecification","valueRequired":true,"valueName":"search_term_string"}}],"inLanguage":"pt-BR"},{"@type":"Organization","@id":"https:\/\/dualgree.com.br\/loja\/#organization","name":"Loja Dual Gree Servi\u00e7o","url":"https:\/\/dualgree.com.br\/loja\/","logo":{"@type":"ImageObject","inLanguage":"pt-BR","@id":"https:\/\/dualgree.com.br\/loja\/#\/schema\/logo\/image\/","url":"https:\/\/dualgree.com.br\/loja\/wp-content\/uploads\/2024\/09\/teste-logo-ecommerce-dual-1-e1725909304971.png","contentUrl":"https:\/\/dualgree.com.br\/loja\/wp-content\/uploads\/2024\/09\/teste-logo-ecommerce-dual-1-e1725909304971.png","width":470,"height":157,"caption":"Loja Dual Gree Servi\u00e7o"},"image":{"@id":"https:\/\/dualgree.com.br\/loja\/#\/schema\/logo\/image\/"}}]}},"jetpack_publicize_connections":[],"jetpack_sharing_enabled":true,"jetpack_likes_enabled":true,"_links":{"self":[{"href":"https:\/\/dualgree.com.br\/loja\/wp-json\/wp\/v2\/product\/14040","targetHints":{"allow":["GET"]}}],"collection":[{"href":"https:\/\/dualgree.com.br\/loja\/wp-json\/wp\/v2\/product"}],"about":[{"href":"https:\/\/dualgree.com.br\/loja\/wp-json\/wp\/v2\/types\/product"}],"replies":[{"embeddable":true,"href":"https:\/\/dualgree.com.br\/loja\/wp-json\/wp\/v2\/comments?post=14040"}],"wp:featuredmedia":[{"embeddable":true,"href":"https:\/\/dualgree.com.br\/loja\/wp-json\/wp\/v2\/media\/14041"}],"wp:attachment":[{"href":"https:\/\/dualgree.com.br\/loja\/wp-json\/wp\/v2\/media?parent=14040"}],"wp:term":[{"taxonomy":"product_brand","embeddable":true,"href":"https:\/\/dualgree.com.br\/loja\/wp-json\/wp\/v2\/product_brand?post=14040"},{"taxonomy":"product_cat","embeddable":true,"href":"https:\/\/dualgree.com.br\/loja\/wp-json\/wp\/v2\/product_cat?post=14040"},{"taxonomy":"product_tag","embeddable":true,"href":"https:\/\/dualgree.com.br\/loja\/wp-json\/wp\/v2\/product_tag?post=14040"}],"curies":[{"name":"wp","href":"https:\/\/api.w.org\/{rel}","templated":true}]}}