{"id":2534,"date":"2023-10-30T16:48:01","date_gmt":"2023-10-30T16:48:01","guid":{"rendered":"https:\/\/dualgree.com.br\/loja\/produto\/serpentina-cobre-ar-condicionado-samsung-asv09psbtxaz\/"},"modified":"2026-03-20T12:29:56","modified_gmt":"2026-03-20T12:29:56","slug":"serpentina-cobre-ar-condicionado-samsung-asv09psbtxaz","status":"publish","type":"product","link":"https:\/\/dualgree.com.br\/loja\/produto\/serpentina-cobre-ar-condicionado-samsung-asv09psbtxaz\/","title":{"rendered":"Serpentina Cobre Ar Condicionado Samsung ASV09PSBTXAZ"},"content":{"rendered":"<p>\u00a0<\/p>\n<p>Serpentina cobre ar condicionado split Samsung 9000 btus<\/p>\n<p>\u00a0<\/p>\n<p>conex\u00e3o 3\/8 e 1\/4<\/p>\n<p>\u00a0<\/p>\n<p>pressurizado de f\u00e1brica<\/p>\n<p>\u00a0<\/p>\n<p>\u00a0<\/p>\n<p>Compativel com os modelos abaixo<\/p>\n<p>\u00a0<\/p>\n<p>AS09UWBUXAZ.<\/p>\n<p>AS09UWBVXAZ.<\/p>\n<p>AQ09UWBUXAZ.<\/p>\n<p>AJ009JBRDCH\/AZ.<\/p>\n<p>AJ009NBRDCH\/AZ.<\/p>\n<p>AQV09PSBTXAZ.<\/p>\n<p>AR09HSSPASN\/AZ.<\/p>\n<p>AR09HSSPBSN\/AZ.<\/p>\n<p>AR09HVSPASN\/AZ.<\/p>\n<p>AR09HVSPBSN\/AZ.<\/p>\n<p>AR09KSSPASNNAZ.<\/p>\n<p>AR09KSSPBGMNAZ.<\/p>\n<p>AR09KVSPBSNNAZ.<\/p>\n<p>AR09MSSPBGMNAZ.<\/p>\n<p>AR09MVSPBGMNAZ.<\/p>\n<p>ASV09PSBTXAZ.<\/p>\n<p>ASV09PSBUXAZ.<\/p>\n<p>AR09HCSUAWQ\/AZ.<\/p>\n<p>AR09HCSUBWQ\/AZ.<\/p>\n<p>AR09HPSUAWQ\/AZ.<\/p>\n<p>AR09KCFUBWQNAZ.<\/p>\n<p>AR09KCSUBWQNAZ.<\/p>\n<p>AR09KPFUAWQNAZ.<\/p>\n<p>AR09KPSUAWQNAZ.<\/p>\n<p>\u00a0<\/p>\n","protected":false},"excerpt":{"rendered":"<p>\u00a0<\/p>\n<table class=\"border tableforfield centpercent\" style=\"width: 691.333px;padding: 1px 2px 1px 3px;font-family: arial, tahoma, verdana, helvetica;font-size: 14.4px;border-collapse: collapse !important\">\n<tbody>\n<tr style=\"height: 22px\">\n<td style=\"padding: 5px 2px;border-collapse: collapse;height: 22px;border-bottom: 1px solid #e0e0e0\">\n<p>IC2178<br \/>Serpentina cobre ar condicionado split Samsung 9000 btus<\/p>\n<p>conex\u00e3o 3\/8 e 1\/4<\/p>\n<p>pressurizado de f\u00e1brica<\/p>\n<p>\u00a0<\/p>\n<p>Compativel com os modelos abaixo<\/p>\n<p>AS09UWBUXAZ<br \/>AS09UWBVXAZ<br \/>AQ09UWBUXAZ<br \/>AJ009JBRDCH\/AZ<br \/>AJ009NBRDCH\/AZ<br \/>AQV09PSBTXAZ<br \/>AR09HSSPASN\/AZ<br \/>AR09HSSPBSN\/AZ<br \/>AR09HVSPASN\/AZ<br \/>AR09HVSPBSN\/AZ<br \/>AR09KSSPASNNAZ<br \/>AR09KSSPBGMNAZ<br \/>AR09KVSPBSNNAZ<br \/>AR09MSSPBGMNAZ<br \/>AR09MVSPBGMNAZ<br \/>ASV09PSBTXAZ<br \/>ASV09PSBUXAZ<br \/>AR09HCSUAWQ\/AZ<br \/>AR09HCSUBWQ\/AZ<br \/>AR09HPSUAWQ\/AZ<br \/>AR09KCFUBWQNAZ<br \/>AR09KCSUBWQNAZ<br \/>AR09KPFUAWQNAZ<br \/>AR09KPSUAWQNAZ<\/p>\n<\/td>\n<\/tr>\n<\/tbody>\n<\/table>\n<p>\u00a0<\/p>\n","protected":false},"featured_media":8851,"comment_status":"open","ping_status":"closed","template":"","meta":{"_kadence_starter_templates_imported_post":false,"_kad_post_transparent":"","_kad_post_title":"","_kad_post_layout":"","_kad_post_sidebar_id":"","_kad_post_content_style":"","_kad_post_vertical_padding":"","_kad_post_feature":"","_kad_post_feature_position":"","_kad_post_header":false,"_kad_post_footer":false,"jetpack_publicize_message":"","jetpack_publicize_feature_enabled":true,"jetpack_social_post_already_shared":false,"jetpack_social_options":{"image_generator_settings":{"template":"highway","default_image_id":0,"font":"","enabled":false},"version":2}},"product_brand":[],"product_cat":[186,197],"product_tag":[],"class_list":{"0":"post-2534","1":"product","2":"type-product","3":"status-publish","4":"has-post-thumbnail","6":"product_cat-samsung","7":"product_cat-serpentina-evaporadora-split","9":"first","10":"outofstock","11":"shipping-taxable","12":"purchasable","13":"product-type-simple","14":"entry","15":"content-bg","16":"loop-entry"},"yoast_head":"<!-- This site is optimized with the Yoast SEO plugin v27.5 - https:\/\/yoast.com\/product\/yoast-seo-wordpress\/ -->\n<title>Serpentina Cobre Ar Condicionado Samsung ASV09PSBTXAZ - Loja - Dual Gree Servi\u00e7os | Pe\u00e7as<\/title>\n<meta name=\"robots\" content=\"index, follow, max-snippet:-1, max-image-preview:large, max-video-preview:-1\" \/>\n<link rel=\"canonical\" href=\"https:\/\/dualgree.com.br\/loja\/produto\/serpentina-cobre-ar-condicionado-samsung-asv09psbtxaz\/\" \/>\n<meta property=\"og:locale\" content=\"pt_BR\" \/>\n<meta property=\"og:type\" content=\"article\" \/>\n<meta property=\"og:title\" content=\"Serpentina Cobre Ar Condicionado Samsung ASV09PSBTXAZ - Loja - Dual Gree Servi\u00e7os | Pe\u00e7as\" \/>\n<meta property=\"og:description\" content=\"\u00a0     IC2178Serpentina cobre ar condicionado split Samsung 9000 btusconex\u00e3o 3\/8 e 1\/4pressurizado de f\u00e1brica \u00a0 Compativel com os modelos abaixoAS09UWBUXAZAS09UWBVXAZAQ09UWBUXAZAJ009JBRDCH\/AZAJ009NBRDCH\/AZAQV09PSBTXAZAR09HSSPASN\/AZAR09HSSPBSN\/AZAR09HVSPASN\/AZAR09HVSPBSN\/AZAR09KSSPASNNAZAR09KSSPBGMNAZAR09KVSPBSNNAZAR09MSSPBGMNAZAR09MVSPBGMNAZASV09PSBTXAZASV09PSBUXAZAR09HCSUAWQ\/AZAR09HCSUBWQ\/AZAR09HPSUAWQ\/AZAR09KCFUBWQNAZAR09KCSUBWQNAZAR09KPFUAWQNAZAR09KPSUAWQNAZ     \u00a0\" \/>\n<meta property=\"og:url\" content=\"https:\/\/dualgree.com.br\/loja\/produto\/serpentina-cobre-ar-condicionado-samsung-asv09psbtxaz\/\" \/>\n<meta property=\"og:site_name\" content=\"Loja - Dual Gree Servi\u00e7os | Pe\u00e7as\" \/>\n<meta property=\"article:modified_time\" content=\"2026-03-20T12:29:56+00:00\" \/>\n<meta property=\"og:image\" content=\"https:\/\/dualgree.com.br\/loja\/wp-content\/uploads\/2023\/10\/15228030922_Serpentina-samsung-9000-btus-6.jpg\" \/>\n\t<meta property=\"og:image:width\" content=\"1200\" \/>\n\t<meta property=\"og:image:height\" content=\"1200\" \/>\n\t<meta property=\"og:image:type\" content=\"image\/jpeg\" \/>\n<meta name=\"twitter:card\" content=\"summary_large_image\" \/>\n<script type=\"application\/ld+json\" class=\"yoast-schema-graph\">{\"@context\":\"https:\\\/\\\/schema.org\",\"@graph\":[{\"@type\":\"WebPage\",\"@id\":\"https:\\\/\\\/dualgree.com.br\\\/loja\\\/produto\\\/serpentina-cobre-ar-condicionado-samsung-asv09psbtxaz\\\/\",\"url\":\"https:\\\/\\\/dualgree.com.br\\\/loja\\\/produto\\\/serpentina-cobre-ar-condicionado-samsung-asv09psbtxaz\\\/\",\"name\":\"Serpentina Cobre Ar Condicionado Samsung ASV09PSBTXAZ - Loja - Dual Gree Servi\u00e7os | Pe\u00e7as\",\"isPartOf\":{\"@id\":\"https:\\\/\\\/dualgree.com.br\\\/loja\\\/#website\"},\"primaryImageOfPage\":{\"@id\":\"https:\\\/\\\/dualgree.com.br\\\/loja\\\/produto\\\/serpentina-cobre-ar-condicionado-samsung-asv09psbtxaz\\\/#primaryimage\"},\"image\":{\"@id\":\"https:\\\/\\\/dualgree.com.br\\\/loja\\\/produto\\\/serpentina-cobre-ar-condicionado-samsung-asv09psbtxaz\\\/#primaryimage\"},\"thumbnailUrl\":\"https:\\\/\\\/dualgree.com.br\\\/loja\\\/wp-content\\\/uploads\\\/2025\\\/01\\\/15228030922-serpentina-samsung-9000-btus-3.jpg\",\"datePublished\":\"2023-10-30T16:48:01+00:00\",\"dateModified\":\"2026-03-20T12:29:56+00:00\",\"breadcrumb\":{\"@id\":\"https:\\\/\\\/dualgree.com.br\\\/loja\\\/produto\\\/serpentina-cobre-ar-condicionado-samsung-asv09psbtxaz\\\/#breadcrumb\"},\"inLanguage\":\"pt-BR\",\"potentialAction\":[{\"@type\":\"ReadAction\",\"target\":[\"https:\\\/\\\/dualgree.com.br\\\/loja\\\/produto\\\/serpentina-cobre-ar-condicionado-samsung-asv09psbtxaz\\\/\"]}]},{\"@type\":\"ImageObject\",\"inLanguage\":\"pt-BR\",\"@id\":\"https:\\\/\\\/dualgree.com.br\\\/loja\\\/produto\\\/serpentina-cobre-ar-condicionado-samsung-asv09psbtxaz\\\/#primaryimage\",\"url\":\"https:\\\/\\\/dualgree.com.br\\\/loja\\\/wp-content\\\/uploads\\\/2025\\\/01\\\/15228030922-serpentina-samsung-9000-btus-3.jpg\",\"contentUrl\":\"https:\\\/\\\/dualgree.com.br\\\/loja\\\/wp-content\\\/uploads\\\/2025\\\/01\\\/15228030922-serpentina-samsung-9000-btus-3.jpg\",\"width\":1280,\"height\":1280},{\"@type\":\"BreadcrumbList\",\"@id\":\"https:\\\/\\\/dualgree.com.br\\\/loja\\\/produto\\\/serpentina-cobre-ar-condicionado-samsung-asv09psbtxaz\\\/#breadcrumb\",\"itemListElement\":[{\"@type\":\"ListItem\",\"position\":1,\"name\":\"In\u00edcio\",\"item\":\"https:\\\/\\\/dualgree.com.br\\\/loja\\\/\"},{\"@type\":\"ListItem\",\"position\":2,\"name\":\"Loja &#8211; Cat\u00e1logo de Pe\u00e7as\",\"item\":\"https:\\\/\\\/dualgree.com.br\\\/loja\\\/\"},{\"@type\":\"ListItem\",\"position\":3,\"name\":\"Serpentina Cobre Ar Condicionado Samsung ASV09PSBTXAZ\"}]},{\"@type\":\"WebSite\",\"@id\":\"https:\\\/\\\/dualgree.com.br\\\/loja\\\/#website\",\"url\":\"https:\\\/\\\/dualgree.com.br\\\/loja\\\/\",\"name\":\"Loja - Dual Gree Servi\u00e7os | Partes e Pe\u00e7as\",\"description\":\"Catalogo de Pe\u00e7as para ar condicionado\",\"publisher\":{\"@id\":\"https:\\\/\\\/dualgree.com.br\\\/loja\\\/#organization\"},\"potentialAction\":[{\"@type\":\"SearchAction\",\"target\":{\"@type\":\"EntryPoint\",\"urlTemplate\":\"https:\\\/\\\/dualgree.com.br\\\/loja\\\/?s={search_term_string}\"},\"query-input\":{\"@type\":\"PropertyValueSpecification\",\"valueRequired\":true,\"valueName\":\"search_term_string\"}}],\"inLanguage\":\"pt-BR\"},{\"@type\":\"Organization\",\"@id\":\"https:\\\/\\\/dualgree.com.br\\\/loja\\\/#organization\",\"name\":\"Loja Dual Gree Servi\u00e7o\",\"url\":\"https:\\\/\\\/dualgree.com.br\\\/loja\\\/\",\"logo\":{\"@type\":\"ImageObject\",\"inLanguage\":\"pt-BR\",\"@id\":\"https:\\\/\\\/dualgree.com.br\\\/loja\\\/#\\\/schema\\\/logo\\\/image\\\/\",\"url\":\"https:\\\/\\\/dualgree.com.br\\\/loja\\\/wp-content\\\/uploads\\\/2024\\\/09\\\/teste-logo-ecommerce-dual-1-e1725909304971.png\",\"contentUrl\":\"https:\\\/\\\/dualgree.com.br\\\/loja\\\/wp-content\\\/uploads\\\/2024\\\/09\\\/teste-logo-ecommerce-dual-1-e1725909304971.png\",\"width\":470,\"height\":157,\"caption\":\"Loja Dual Gree Servi\u00e7o\"},\"image\":{\"@id\":\"https:\\\/\\\/dualgree.com.br\\\/loja\\\/#\\\/schema\\\/logo\\\/image\\\/\"}}]}<\/script>\n<!-- \/ Yoast SEO plugin. -->","yoast_head_json":{"title":"Serpentina Cobre Ar Condicionado Samsung ASV09PSBTXAZ - Loja - Dual Gree Servi\u00e7os | Pe\u00e7as","robots":{"index":"index","follow":"follow","max-snippet":"max-snippet:-1","max-image-preview":"max-image-preview:large","max-video-preview":"max-video-preview:-1"},"canonical":"https:\/\/dualgree.com.br\/loja\/produto\/serpentina-cobre-ar-condicionado-samsung-asv09psbtxaz\/","og_locale":"pt_BR","og_type":"article","og_title":"Serpentina Cobre Ar Condicionado Samsung ASV09PSBTXAZ - Loja - Dual Gree Servi\u00e7os | Pe\u00e7as","og_description":"\u00a0     IC2178Serpentina cobre ar condicionado split Samsung 9000 btusconex\u00e3o 3\/8 e 1\/4pressurizado de f\u00e1brica \u00a0 Compativel com os modelos abaixoAS09UWBUXAZAS09UWBVXAZAQ09UWBUXAZAJ009JBRDCH\/AZAJ009NBRDCH\/AZAQV09PSBTXAZAR09HSSPASN\/AZAR09HSSPBSN\/AZAR09HVSPASN\/AZAR09HVSPBSN\/AZAR09KSSPASNNAZAR09KSSPBGMNAZAR09KVSPBSNNAZAR09MSSPBGMNAZAR09MVSPBGMNAZASV09PSBTXAZASV09PSBUXAZAR09HCSUAWQ\/AZAR09HCSUBWQ\/AZAR09HPSUAWQ\/AZAR09KCFUBWQNAZAR09KCSUBWQNAZAR09KPFUAWQNAZAR09KPSUAWQNAZ     \u00a0","og_url":"https:\/\/dualgree.com.br\/loja\/produto\/serpentina-cobre-ar-condicionado-samsung-asv09psbtxaz\/","og_site_name":"Loja - Dual Gree Servi\u00e7os | Pe\u00e7as","article_modified_time":"2026-03-20T12:29:56+00:00","og_image":[{"width":1200,"height":1200,"url":"https:\/\/dualgree.com.br\/loja\/wp-content\/uploads\/2023\/10\/15228030922_Serpentina-samsung-9000-btus-6.jpg","type":"image\/jpeg"}],"twitter_card":"summary_large_image","schema":{"@context":"https:\/\/schema.org","@graph":[{"@type":"WebPage","@id":"https:\/\/dualgree.com.br\/loja\/produto\/serpentina-cobre-ar-condicionado-samsung-asv09psbtxaz\/","url":"https:\/\/dualgree.com.br\/loja\/produto\/serpentina-cobre-ar-condicionado-samsung-asv09psbtxaz\/","name":"Serpentina Cobre Ar Condicionado Samsung ASV09PSBTXAZ - Loja - Dual Gree Servi\u00e7os | Pe\u00e7as","isPartOf":{"@id":"https:\/\/dualgree.com.br\/loja\/#website"},"primaryImageOfPage":{"@id":"https:\/\/dualgree.com.br\/loja\/produto\/serpentina-cobre-ar-condicionado-samsung-asv09psbtxaz\/#primaryimage"},"image":{"@id":"https:\/\/dualgree.com.br\/loja\/produto\/serpentina-cobre-ar-condicionado-samsung-asv09psbtxaz\/#primaryimage"},"thumbnailUrl":"https:\/\/dualgree.com.br\/loja\/wp-content\/uploads\/2025\/01\/15228030922-serpentina-samsung-9000-btus-3.jpg","datePublished":"2023-10-30T16:48:01+00:00","dateModified":"2026-03-20T12:29:56+00:00","breadcrumb":{"@id":"https:\/\/dualgree.com.br\/loja\/produto\/serpentina-cobre-ar-condicionado-samsung-asv09psbtxaz\/#breadcrumb"},"inLanguage":"pt-BR","potentialAction":[{"@type":"ReadAction","target":["https:\/\/dualgree.com.br\/loja\/produto\/serpentina-cobre-ar-condicionado-samsung-asv09psbtxaz\/"]}]},{"@type":"ImageObject","inLanguage":"pt-BR","@id":"https:\/\/dualgree.com.br\/loja\/produto\/serpentina-cobre-ar-condicionado-samsung-asv09psbtxaz\/#primaryimage","url":"https:\/\/dualgree.com.br\/loja\/wp-content\/uploads\/2025\/01\/15228030922-serpentina-samsung-9000-btus-3.jpg","contentUrl":"https:\/\/dualgree.com.br\/loja\/wp-content\/uploads\/2025\/01\/15228030922-serpentina-samsung-9000-btus-3.jpg","width":1280,"height":1280},{"@type":"BreadcrumbList","@id":"https:\/\/dualgree.com.br\/loja\/produto\/serpentina-cobre-ar-condicionado-samsung-asv09psbtxaz\/#breadcrumb","itemListElement":[{"@type":"ListItem","position":1,"name":"In\u00edcio","item":"https:\/\/dualgree.com.br\/loja\/"},{"@type":"ListItem","position":2,"name":"Loja &#8211; Cat\u00e1logo de Pe\u00e7as","item":"https:\/\/dualgree.com.br\/loja\/"},{"@type":"ListItem","position":3,"name":"Serpentina Cobre Ar Condicionado Samsung ASV09PSBTXAZ"}]},{"@type":"WebSite","@id":"https:\/\/dualgree.com.br\/loja\/#website","url":"https:\/\/dualgree.com.br\/loja\/","name":"Loja - Dual Gree Servi\u00e7os | Partes e Pe\u00e7as","description":"Catalogo de Pe\u00e7as para ar condicionado","publisher":{"@id":"https:\/\/dualgree.com.br\/loja\/#organization"},"potentialAction":[{"@type":"SearchAction","target":{"@type":"EntryPoint","urlTemplate":"https:\/\/dualgree.com.br\/loja\/?s={search_term_string}"},"query-input":{"@type":"PropertyValueSpecification","valueRequired":true,"valueName":"search_term_string"}}],"inLanguage":"pt-BR"},{"@type":"Organization","@id":"https:\/\/dualgree.com.br\/loja\/#organization","name":"Loja Dual Gree Servi\u00e7o","url":"https:\/\/dualgree.com.br\/loja\/","logo":{"@type":"ImageObject","inLanguage":"pt-BR","@id":"https:\/\/dualgree.com.br\/loja\/#\/schema\/logo\/image\/","url":"https:\/\/dualgree.com.br\/loja\/wp-content\/uploads\/2024\/09\/teste-logo-ecommerce-dual-1-e1725909304971.png","contentUrl":"https:\/\/dualgree.com.br\/loja\/wp-content\/uploads\/2024\/09\/teste-logo-ecommerce-dual-1-e1725909304971.png","width":470,"height":157,"caption":"Loja Dual Gree Servi\u00e7o"},"image":{"@id":"https:\/\/dualgree.com.br\/loja\/#\/schema\/logo\/image\/"}}]}},"jetpack_publicize_connections":[],"jetpack_sharing_enabled":true,"jetpack_likes_enabled":true,"_links":{"self":[{"href":"https:\/\/dualgree.com.br\/loja\/wp-json\/wp\/v2\/product\/2534","targetHints":{"allow":["GET"]}}],"collection":[{"href":"https:\/\/dualgree.com.br\/loja\/wp-json\/wp\/v2\/product"}],"about":[{"href":"https:\/\/dualgree.com.br\/loja\/wp-json\/wp\/v2\/types\/product"}],"replies":[{"embeddable":true,"href":"https:\/\/dualgree.com.br\/loja\/wp-json\/wp\/v2\/comments?post=2534"}],"wp:featuredmedia":[{"embeddable":true,"href":"https:\/\/dualgree.com.br\/loja\/wp-json\/wp\/v2\/media\/8851"}],"wp:attachment":[{"href":"https:\/\/dualgree.com.br\/loja\/wp-json\/wp\/v2\/media?parent=2534"}],"wp:term":[{"taxonomy":"product_brand","embeddable":true,"href":"https:\/\/dualgree.com.br\/loja\/wp-json\/wp\/v2\/product_brand?post=2534"},{"taxonomy":"product_cat","embeddable":true,"href":"https:\/\/dualgree.com.br\/loja\/wp-json\/wp\/v2\/product_cat?post=2534"},{"taxonomy":"product_tag","embeddable":true,"href":"https:\/\/dualgree.com.br\/loja\/wp-json\/wp\/v2\/product_tag?post=2534"}],"curies":[{"name":"wp","href":"https:\/\/api.w.org\/{rel}","templated":true}]}}