{"id":2543,"date":"2023-10-30T18:36:17","date_gmt":"2023-10-30T18:36:17","guid":{"rendered":"https:\/\/dualgree.com.br\/loja\/produto\/serpentina-cobre-evaporador-ar-condicionado-midea-mse-09cr\/"},"modified":"2026-04-10T17:22:03","modified_gmt":"2026-04-10T17:22:03","slug":"serpentina-cobre-evaporador-ar-condicionado-midea-mse-09cr","status":"publish","type":"product","link":"https:\/\/dualgree.com.br\/loja\/produto\/serpentina-cobre-evaporador-ar-condicionado-midea-mse-09cr\/","title":{"rendered":"Serpentina Cobre Evaporador Ar Condicionado Midea Mse-09CR"},"content":{"rendered":"","protected":false},"excerpt":{"rendered":"<p>Serpentina de cobre evaporadora Electrolux\u00a0<\/p>\n<p>\u00a0<\/p>\n<p>Compativel com os\u00a0 modelos e marcas<\/p>\n<p>\u00a0<\/p>\n<p>komeco<\/p>\n<p>kos09fc &#8211;\u00a0 G2<\/p>\n<p>kos09qc &#8211; G2<\/p>\n<p>\u00a0<\/p>\n<p>Electrolux<\/p>\n<p>pi09F<\/p>\n<p>pi09R<\/p>\n<p>pi07F<\/p>\n<p>pi07R<\/p>\n<p>\u00a0<\/p>\n<p>Admiral<\/p>\n<p>42rycb009515la<\/p>\n<p>\u00a0<\/p>\n<p>midea<\/p>\n<p>mse1-09hr<\/p>\n<p>mse1-09cr<\/p>\n<p>mse-09hr<\/p>\n<p>mse-09cr<\/p>\n<p>\u00a0<\/p>\n","protected":false},"featured_media":2542,"comment_status":"open","ping_status":"closed","template":"","meta":{"_kadence_starter_templates_imported_post":false,"_kad_post_transparent":"","_kad_post_title":"","_kad_post_layout":"","_kad_post_sidebar_id":"","_kad_post_content_style":"","_kad_post_vertical_padding":"","_kad_post_feature":"","_kad_post_feature_position":"","_kad_post_header":false,"_kad_post_footer":false,"jetpack_publicize_message":"","jetpack_publicize_feature_enabled":true,"jetpack_social_post_already_shared":false,"jetpack_social_options":{"image_generator_settings":{"template":"highway","default_image_id":0,"font":"","enabled":false},"version":2}},"product_brand":[],"product_cat":[176,197],"product_tag":[],"class_list":{"0":"post-2543","1":"product","2":"type-product","3":"status-publish","4":"has-post-thumbnail","6":"product_cat-midea","7":"product_cat-serpentina-evaporadora-split","9":"first","10":"instock","11":"shipping-taxable","12":"purchasable","13":"product-type-simple","14":"entry","15":"content-bg","16":"loop-entry"},"yoast_head":"<!-- This site is optimized with the Yoast SEO plugin v27.5 - https:\/\/yoast.com\/product\/yoast-seo-wordpress\/ -->\n<title>Serpentina Cobre Evaporador Ar Condicionado Midea Mse-09CR - Loja - Dual Gree Servi\u00e7os | Pe\u00e7as<\/title>\n<meta name=\"robots\" content=\"index, follow, max-snippet:-1, max-image-preview:large, max-video-preview:-1\" \/>\n<link rel=\"canonical\" href=\"https:\/\/dualgree.com.br\/loja\/produto\/serpentina-cobre-evaporador-ar-condicionado-midea-mse-09cr\/\" \/>\n<meta property=\"og:locale\" content=\"pt_BR\" \/>\n<meta property=\"og:type\" content=\"article\" \/>\n<meta property=\"og:title\" content=\"Serpentina Cobre Evaporador Ar Condicionado Midea Mse-09CR - Loja - Dual Gree Servi\u00e7os | Pe\u00e7as\" \/>\n<meta property=\"og:description\" content=\"Serpentina de cobre evaporadora Electrolux\u00a0 \u00a0 Compativel com os\u00a0 modelos e marcas \u00a0 komeco kos09fc -\u00a0 G2 kos09qc - G2 \u00a0 Electrolux pi09F pi09R pi07F pi07R \u00a0 Admiral 42rycb009515la \u00a0 midea mse1-09hr mse1-09cr mse-09hr mse-09cr \u00a0\" \/>\n<meta property=\"og:url\" content=\"https:\/\/dualgree.com.br\/loja\/produto\/serpentina-cobre-evaporador-ar-condicionado-midea-mse-09cr\/\" \/>\n<meta property=\"og:site_name\" content=\"Loja - Dual Gree Servi\u00e7os | Pe\u00e7as\" \/>\n<meta property=\"article:modified_time\" content=\"2026-04-10T17:22:03+00:00\" \/>\n<meta property=\"og:image\" content=\"https:\/\/dualgree.com.br\/loja\/wp-content\/uploads\/2023\/10\/15228155669_2611-electroluxserpentina-2.jpg\" \/>\n\t<meta property=\"og:image:width\" content=\"1200\" \/>\n\t<meta property=\"og:image:height\" content=\"1200\" \/>\n\t<meta property=\"og:image:type\" content=\"image\/jpeg\" \/>\n<meta name=\"twitter:card\" content=\"summary_large_image\" \/>\n<script type=\"application\/ld+json\" class=\"yoast-schema-graph\">{\"@context\":\"https:\\\/\\\/schema.org\",\"@graph\":[{\"@type\":\"WebPage\",\"@id\":\"https:\\\/\\\/dualgree.com.br\\\/loja\\\/produto\\\/serpentina-cobre-evaporador-ar-condicionado-midea-mse-09cr\\\/\",\"url\":\"https:\\\/\\\/dualgree.com.br\\\/loja\\\/produto\\\/serpentina-cobre-evaporador-ar-condicionado-midea-mse-09cr\\\/\",\"name\":\"Serpentina Cobre Evaporador Ar Condicionado Midea Mse-09CR - Loja - Dual Gree Servi\u00e7os | Pe\u00e7as\",\"isPartOf\":{\"@id\":\"https:\\\/\\\/dualgree.com.br\\\/loja\\\/#website\"},\"primaryImageOfPage\":{\"@id\":\"https:\\\/\\\/dualgree.com.br\\\/loja\\\/produto\\\/serpentina-cobre-evaporador-ar-condicionado-midea-mse-09cr\\\/#primaryimage\"},\"image\":{\"@id\":\"https:\\\/\\\/dualgree.com.br\\\/loja\\\/produto\\\/serpentina-cobre-evaporador-ar-condicionado-midea-mse-09cr\\\/#primaryimage\"},\"thumbnailUrl\":\"https:\\\/\\\/dualgree.com.br\\\/loja\\\/wp-content\\\/uploads\\\/2023\\\/10\\\/15228155669_2611-electroluxserpentina-2.jpg\",\"datePublished\":\"2023-10-30T18:36:17+00:00\",\"dateModified\":\"2026-04-10T17:22:03+00:00\",\"breadcrumb\":{\"@id\":\"https:\\\/\\\/dualgree.com.br\\\/loja\\\/produto\\\/serpentina-cobre-evaporador-ar-condicionado-midea-mse-09cr\\\/#breadcrumb\"},\"inLanguage\":\"pt-BR\",\"potentialAction\":[{\"@type\":\"ReadAction\",\"target\":[\"https:\\\/\\\/dualgree.com.br\\\/loja\\\/produto\\\/serpentina-cobre-evaporador-ar-condicionado-midea-mse-09cr\\\/\"]}]},{\"@type\":\"ImageObject\",\"inLanguage\":\"pt-BR\",\"@id\":\"https:\\\/\\\/dualgree.com.br\\\/loja\\\/produto\\\/serpentina-cobre-evaporador-ar-condicionado-midea-mse-09cr\\\/#primaryimage\",\"url\":\"https:\\\/\\\/dualgree.com.br\\\/loja\\\/wp-content\\\/uploads\\\/2023\\\/10\\\/15228155669_2611-electroluxserpentina-2.jpg\",\"contentUrl\":\"https:\\\/\\\/dualgree.com.br\\\/loja\\\/wp-content\\\/uploads\\\/2023\\\/10\\\/15228155669_2611-electroluxserpentina-2.jpg\",\"width\":1200,\"height\":1200},{\"@type\":\"BreadcrumbList\",\"@id\":\"https:\\\/\\\/dualgree.com.br\\\/loja\\\/produto\\\/serpentina-cobre-evaporador-ar-condicionado-midea-mse-09cr\\\/#breadcrumb\",\"itemListElement\":[{\"@type\":\"ListItem\",\"position\":1,\"name\":\"In\u00edcio\",\"item\":\"https:\\\/\\\/dualgree.com.br\\\/loja\\\/\"},{\"@type\":\"ListItem\",\"position\":2,\"name\":\"Loja &#8211; Cat\u00e1logo de Pe\u00e7as\",\"item\":\"https:\\\/\\\/dualgree.com.br\\\/loja\\\/\"},{\"@type\":\"ListItem\",\"position\":3,\"name\":\"Serpentina Cobre Evaporador Ar Condicionado Midea Mse-09CR\"}]},{\"@type\":\"WebSite\",\"@id\":\"https:\\\/\\\/dualgree.com.br\\\/loja\\\/#website\",\"url\":\"https:\\\/\\\/dualgree.com.br\\\/loja\\\/\",\"name\":\"Loja - Dual Gree Servi\u00e7os | Partes e Pe\u00e7as\",\"description\":\"Catalogo de Pe\u00e7as para ar condicionado\",\"publisher\":{\"@id\":\"https:\\\/\\\/dualgree.com.br\\\/loja\\\/#organization\"},\"potentialAction\":[{\"@type\":\"SearchAction\",\"target\":{\"@type\":\"EntryPoint\",\"urlTemplate\":\"https:\\\/\\\/dualgree.com.br\\\/loja\\\/?s={search_term_string}\"},\"query-input\":{\"@type\":\"PropertyValueSpecification\",\"valueRequired\":true,\"valueName\":\"search_term_string\"}}],\"inLanguage\":\"pt-BR\"},{\"@type\":\"Organization\",\"@id\":\"https:\\\/\\\/dualgree.com.br\\\/loja\\\/#organization\",\"name\":\"Loja Dual Gree Servi\u00e7o\",\"url\":\"https:\\\/\\\/dualgree.com.br\\\/loja\\\/\",\"logo\":{\"@type\":\"ImageObject\",\"inLanguage\":\"pt-BR\",\"@id\":\"https:\\\/\\\/dualgree.com.br\\\/loja\\\/#\\\/schema\\\/logo\\\/image\\\/\",\"url\":\"https:\\\/\\\/dualgree.com.br\\\/loja\\\/wp-content\\\/uploads\\\/2024\\\/09\\\/teste-logo-ecommerce-dual-1-e1725909304971.png\",\"contentUrl\":\"https:\\\/\\\/dualgree.com.br\\\/loja\\\/wp-content\\\/uploads\\\/2024\\\/09\\\/teste-logo-ecommerce-dual-1-e1725909304971.png\",\"width\":470,\"height\":157,\"caption\":\"Loja Dual Gree Servi\u00e7o\"},\"image\":{\"@id\":\"https:\\\/\\\/dualgree.com.br\\\/loja\\\/#\\\/schema\\\/logo\\\/image\\\/\"}}]}<\/script>\n<!-- \/ Yoast SEO plugin. -->","yoast_head_json":{"title":"Serpentina Cobre Evaporador Ar Condicionado Midea Mse-09CR - Loja - Dual Gree Servi\u00e7os | Pe\u00e7as","robots":{"index":"index","follow":"follow","max-snippet":"max-snippet:-1","max-image-preview":"max-image-preview:large","max-video-preview":"max-video-preview:-1"},"canonical":"https:\/\/dualgree.com.br\/loja\/produto\/serpentina-cobre-evaporador-ar-condicionado-midea-mse-09cr\/","og_locale":"pt_BR","og_type":"article","og_title":"Serpentina Cobre Evaporador Ar Condicionado Midea Mse-09CR - Loja - Dual Gree Servi\u00e7os | Pe\u00e7as","og_description":"Serpentina de cobre evaporadora Electrolux\u00a0 \u00a0 Compativel com os\u00a0 modelos e marcas \u00a0 komeco kos09fc -\u00a0 G2 kos09qc - G2 \u00a0 Electrolux pi09F pi09R pi07F pi07R \u00a0 Admiral 42rycb009515la \u00a0 midea mse1-09hr mse1-09cr mse-09hr mse-09cr \u00a0","og_url":"https:\/\/dualgree.com.br\/loja\/produto\/serpentina-cobre-evaporador-ar-condicionado-midea-mse-09cr\/","og_site_name":"Loja - Dual Gree Servi\u00e7os | Pe\u00e7as","article_modified_time":"2026-04-10T17:22:03+00:00","og_image":[{"width":1200,"height":1200,"url":"https:\/\/dualgree.com.br\/loja\/wp-content\/uploads\/2023\/10\/15228155669_2611-electroluxserpentina-2.jpg","type":"image\/jpeg"}],"twitter_card":"summary_large_image","schema":{"@context":"https:\/\/schema.org","@graph":[{"@type":"WebPage","@id":"https:\/\/dualgree.com.br\/loja\/produto\/serpentina-cobre-evaporador-ar-condicionado-midea-mse-09cr\/","url":"https:\/\/dualgree.com.br\/loja\/produto\/serpentina-cobre-evaporador-ar-condicionado-midea-mse-09cr\/","name":"Serpentina Cobre Evaporador Ar Condicionado Midea Mse-09CR - Loja - Dual Gree Servi\u00e7os | Pe\u00e7as","isPartOf":{"@id":"https:\/\/dualgree.com.br\/loja\/#website"},"primaryImageOfPage":{"@id":"https:\/\/dualgree.com.br\/loja\/produto\/serpentina-cobre-evaporador-ar-condicionado-midea-mse-09cr\/#primaryimage"},"image":{"@id":"https:\/\/dualgree.com.br\/loja\/produto\/serpentina-cobre-evaporador-ar-condicionado-midea-mse-09cr\/#primaryimage"},"thumbnailUrl":"https:\/\/dualgree.com.br\/loja\/wp-content\/uploads\/2023\/10\/15228155669_2611-electroluxserpentina-2.jpg","datePublished":"2023-10-30T18:36:17+00:00","dateModified":"2026-04-10T17:22:03+00:00","breadcrumb":{"@id":"https:\/\/dualgree.com.br\/loja\/produto\/serpentina-cobre-evaporador-ar-condicionado-midea-mse-09cr\/#breadcrumb"},"inLanguage":"pt-BR","potentialAction":[{"@type":"ReadAction","target":["https:\/\/dualgree.com.br\/loja\/produto\/serpentina-cobre-evaporador-ar-condicionado-midea-mse-09cr\/"]}]},{"@type":"ImageObject","inLanguage":"pt-BR","@id":"https:\/\/dualgree.com.br\/loja\/produto\/serpentina-cobre-evaporador-ar-condicionado-midea-mse-09cr\/#primaryimage","url":"https:\/\/dualgree.com.br\/loja\/wp-content\/uploads\/2023\/10\/15228155669_2611-electroluxserpentina-2.jpg","contentUrl":"https:\/\/dualgree.com.br\/loja\/wp-content\/uploads\/2023\/10\/15228155669_2611-electroluxserpentina-2.jpg","width":1200,"height":1200},{"@type":"BreadcrumbList","@id":"https:\/\/dualgree.com.br\/loja\/produto\/serpentina-cobre-evaporador-ar-condicionado-midea-mse-09cr\/#breadcrumb","itemListElement":[{"@type":"ListItem","position":1,"name":"In\u00edcio","item":"https:\/\/dualgree.com.br\/loja\/"},{"@type":"ListItem","position":2,"name":"Loja &#8211; Cat\u00e1logo de Pe\u00e7as","item":"https:\/\/dualgree.com.br\/loja\/"},{"@type":"ListItem","position":3,"name":"Serpentina Cobre Evaporador Ar Condicionado Midea Mse-09CR"}]},{"@type":"WebSite","@id":"https:\/\/dualgree.com.br\/loja\/#website","url":"https:\/\/dualgree.com.br\/loja\/","name":"Loja - Dual Gree Servi\u00e7os | Partes e Pe\u00e7as","description":"Catalogo de Pe\u00e7as para ar condicionado","publisher":{"@id":"https:\/\/dualgree.com.br\/loja\/#organization"},"potentialAction":[{"@type":"SearchAction","target":{"@type":"EntryPoint","urlTemplate":"https:\/\/dualgree.com.br\/loja\/?s={search_term_string}"},"query-input":{"@type":"PropertyValueSpecification","valueRequired":true,"valueName":"search_term_string"}}],"inLanguage":"pt-BR"},{"@type":"Organization","@id":"https:\/\/dualgree.com.br\/loja\/#organization","name":"Loja Dual Gree Servi\u00e7o","url":"https:\/\/dualgree.com.br\/loja\/","logo":{"@type":"ImageObject","inLanguage":"pt-BR","@id":"https:\/\/dualgree.com.br\/loja\/#\/schema\/logo\/image\/","url":"https:\/\/dualgree.com.br\/loja\/wp-content\/uploads\/2024\/09\/teste-logo-ecommerce-dual-1-e1725909304971.png","contentUrl":"https:\/\/dualgree.com.br\/loja\/wp-content\/uploads\/2024\/09\/teste-logo-ecommerce-dual-1-e1725909304971.png","width":470,"height":157,"caption":"Loja Dual Gree Servi\u00e7o"},"image":{"@id":"https:\/\/dualgree.com.br\/loja\/#\/schema\/logo\/image\/"}}]}},"jetpack_publicize_connections":[],"jetpack_sharing_enabled":true,"jetpack_likes_enabled":true,"_links":{"self":[{"href":"https:\/\/dualgree.com.br\/loja\/wp-json\/wp\/v2\/product\/2543","targetHints":{"allow":["GET"]}}],"collection":[{"href":"https:\/\/dualgree.com.br\/loja\/wp-json\/wp\/v2\/product"}],"about":[{"href":"https:\/\/dualgree.com.br\/loja\/wp-json\/wp\/v2\/types\/product"}],"replies":[{"embeddable":true,"href":"https:\/\/dualgree.com.br\/loja\/wp-json\/wp\/v2\/comments?post=2543"}],"wp:featuredmedia":[{"embeddable":true,"href":"https:\/\/dualgree.com.br\/loja\/wp-json\/wp\/v2\/media\/2542"}],"wp:attachment":[{"href":"https:\/\/dualgree.com.br\/loja\/wp-json\/wp\/v2\/media?parent=2543"}],"wp:term":[{"taxonomy":"product_brand","embeddable":true,"href":"https:\/\/dualgree.com.br\/loja\/wp-json\/wp\/v2\/product_brand?post=2543"},{"taxonomy":"product_cat","embeddable":true,"href":"https:\/\/dualgree.com.br\/loja\/wp-json\/wp\/v2\/product_cat?post=2543"},{"taxonomy":"product_tag","embeddable":true,"href":"https:\/\/dualgree.com.br\/loja\/wp-json\/wp\/v2\/product_tag?post=2543"}],"curies":[{"name":"wp","href":"https:\/\/api.w.org\/{rel}","templated":true}]}}