{"id":2655,"date":"2023-10-31T20:22:22","date_gmt":"2023-10-31T20:22:22","guid":{"rendered":"https:\/\/dualgree.com.br\/loja\/produto\/borracha-mancal-da-turbina-ar-condicionado-midea-42agca09m5\/"},"modified":"2026-04-09T12:58:29","modified_gmt":"2026-04-09T12:58:29","slug":"borracha-mancal-da-turbina-ar-condicionado-midea-42agca09m5","status":"publish","type":"product","link":"https:\/\/dualgree.com.br\/loja\/produto\/borracha-mancal-da-turbina-ar-condicionado-midea-42agca09m5\/","title":{"rendered":"Borracha Mancal Da Turbina Ar Condicionado Midea 42agca09m5"},"content":{"rendered":"","protected":false},"excerpt":{"rendered":"<p>Rolamento da turbina do evaporador ar condicionado split COMFEE 9000 btus.<br \/>12.000 btus, 18.000 btus<\/p>\n<p>\u00a0<\/p>\n<p>MIDEA<\/p>\n<p>42agca09m5<\/p>\n<p>\u00a0<\/p>\n<p>COMFEE<\/p>\n<p>\u00a0<\/p>\n<p>42MMCC07F5,<\/p>\n<p>42MMCC09F5,<\/p>\n<p>42MMCC12F5,<\/p>\n<p>42MMCC18F5,<\/p>\n<p>\u00a0<\/p>\n<p>42MMQC07F5,<\/p>\n<p>42MMQC09F5,<\/p>\n<p>42MMQC12F5,<\/p>\n<p>42MMQC18F5,<\/p>\n<p>\u00a0<\/p>\n<p>42MDCA07M5,<\/p>\n<p>42MDCA09M5,<\/p>\n<p>42MDCA12M5,<\/p>\n<p>42MDCA18M5,<\/p>\n","protected":false},"featured_media":2653,"comment_status":"open","ping_status":"closed","template":"","meta":{"_kadence_starter_templates_imported_post":false,"_kad_post_transparent":"","_kad_post_title":"","_kad_post_layout":"","_kad_post_sidebar_id":"","_kad_post_content_style":"","_kad_post_vertical_padding":"","_kad_post_feature":"","_kad_post_feature_position":"","_kad_post_header":false,"_kad_post_footer":false,"jetpack_publicize_message":"","jetpack_publicize_feature_enabled":true,"jetpack_social_post_already_shared":false,"jetpack_social_options":{"image_generator_settings":{"template":"highway","default_image_id":0,"font":"","enabled":false},"version":2}},"product_brand":[],"product_cat":[221,176],"product_tag":[],"class_list":{"0":"post-2655","1":"product","2":"type-product","3":"status-publish","4":"has-post-thumbnail","6":"product_cat-borracha-mancal-turbina","7":"product_cat-midea","9":"first","10":"outofstock","11":"shipping-taxable","12":"purchasable","13":"product-type-simple","14":"entry","15":"content-bg","16":"loop-entry"},"yoast_head":"<!-- This site is optimized with the Yoast SEO plugin v27.5 - https:\/\/yoast.com\/product\/yoast-seo-wordpress\/ -->\n<title>Borracha Mancal Da Turbina Ar Condicionado Midea 42agca09m5 - Loja - Dual Gree Servi\u00e7os | Pe\u00e7as<\/title>\n<meta name=\"robots\" content=\"index, follow, max-snippet:-1, max-image-preview:large, max-video-preview:-1\" \/>\n<link rel=\"canonical\" href=\"https:\/\/dualgree.com.br\/loja\/produto\/borracha-mancal-da-turbina-ar-condicionado-midea-42agca09m5\/\" \/>\n<meta property=\"og:locale\" content=\"pt_BR\" \/>\n<meta property=\"og:type\" content=\"article\" \/>\n<meta property=\"og:title\" content=\"Borracha Mancal Da Turbina Ar Condicionado Midea 42agca09m5 - Loja - Dual Gree Servi\u00e7os | Pe\u00e7as\" \/>\n<meta property=\"og:description\" content=\"Rolamento da turbina do evaporador ar condicionado split COMFEE 9000 btus.12.000 btus, 18.000 btus \u00a0 MIDEA 42agca09m5 \u00a0 COMFEE \u00a0 42MMCC07F5, 42MMCC09F5, 42MMCC12F5, 42MMCC18F5, \u00a0 42MMQC07F5, 42MMQC09F5, 42MMQC12F5, 42MMQC18F5, \u00a0 42MDCA07M5, 42MDCA09M5, 42MDCA12M5, 42MDCA18M5,\" \/>\n<meta property=\"og:url\" content=\"https:\/\/dualgree.com.br\/loja\/produto\/borracha-mancal-da-turbina-ar-condicionado-midea-42agca09m5\/\" \/>\n<meta property=\"og:site_name\" content=\"Loja - Dual Gree Servi\u00e7os | Pe\u00e7as\" \/>\n<meta property=\"article:modified_time\" content=\"2026-04-09T12:58:29+00:00\" \/>\n<meta property=\"og:image\" content=\"https:\/\/dualgree.com.br\/loja\/wp-content\/uploads\/2023\/10\/15109957767_D_973199-MLB47794403291_102021-O-4.jpg\" \/>\n\t<meta property=\"og:image:width\" content=\"490\" \/>\n\t<meta property=\"og:image:height\" content=\"500\" \/>\n\t<meta property=\"og:image:type\" content=\"image\/jpeg\" \/>\n<meta name=\"twitter:card\" content=\"summary_large_image\" \/>\n<script type=\"application\/ld+json\" class=\"yoast-schema-graph\">{\"@context\":\"https:\\\/\\\/schema.org\",\"@graph\":[{\"@type\":\"WebPage\",\"@id\":\"https:\\\/\\\/dualgree.com.br\\\/loja\\\/produto\\\/borracha-mancal-da-turbina-ar-condicionado-midea-42agca09m5\\\/\",\"url\":\"https:\\\/\\\/dualgree.com.br\\\/loja\\\/produto\\\/borracha-mancal-da-turbina-ar-condicionado-midea-42agca09m5\\\/\",\"name\":\"Borracha Mancal Da Turbina Ar Condicionado Midea 42agca09m5 - Loja - Dual Gree Servi\u00e7os | Pe\u00e7as\",\"isPartOf\":{\"@id\":\"https:\\\/\\\/dualgree.com.br\\\/loja\\\/#website\"},\"primaryImageOfPage\":{\"@id\":\"https:\\\/\\\/dualgree.com.br\\\/loja\\\/produto\\\/borracha-mancal-da-turbina-ar-condicionado-midea-42agca09m5\\\/#primaryimage\"},\"image\":{\"@id\":\"https:\\\/\\\/dualgree.com.br\\\/loja\\\/produto\\\/borracha-mancal-da-turbina-ar-condicionado-midea-42agca09m5\\\/#primaryimage\"},\"thumbnailUrl\":\"https:\\\/\\\/dualgree.com.br\\\/loja\\\/wp-content\\\/uploads\\\/2023\\\/10\\\/15109957767_D_973199-MLB47794403291_102021-O-4.jpg\",\"datePublished\":\"2023-10-31T20:22:22+00:00\",\"dateModified\":\"2026-04-09T12:58:29+00:00\",\"breadcrumb\":{\"@id\":\"https:\\\/\\\/dualgree.com.br\\\/loja\\\/produto\\\/borracha-mancal-da-turbina-ar-condicionado-midea-42agca09m5\\\/#breadcrumb\"},\"inLanguage\":\"pt-BR\",\"potentialAction\":[{\"@type\":\"ReadAction\",\"target\":[\"https:\\\/\\\/dualgree.com.br\\\/loja\\\/produto\\\/borracha-mancal-da-turbina-ar-condicionado-midea-42agca09m5\\\/\"]}]},{\"@type\":\"ImageObject\",\"inLanguage\":\"pt-BR\",\"@id\":\"https:\\\/\\\/dualgree.com.br\\\/loja\\\/produto\\\/borracha-mancal-da-turbina-ar-condicionado-midea-42agca09m5\\\/#primaryimage\",\"url\":\"https:\\\/\\\/dualgree.com.br\\\/loja\\\/wp-content\\\/uploads\\\/2023\\\/10\\\/15109957767_D_973199-MLB47794403291_102021-O-4.jpg\",\"contentUrl\":\"https:\\\/\\\/dualgree.com.br\\\/loja\\\/wp-content\\\/uploads\\\/2023\\\/10\\\/15109957767_D_973199-MLB47794403291_102021-O-4.jpg\",\"width\":490,\"height\":500},{\"@type\":\"BreadcrumbList\",\"@id\":\"https:\\\/\\\/dualgree.com.br\\\/loja\\\/produto\\\/borracha-mancal-da-turbina-ar-condicionado-midea-42agca09m5\\\/#breadcrumb\",\"itemListElement\":[{\"@type\":\"ListItem\",\"position\":1,\"name\":\"In\u00edcio\",\"item\":\"https:\\\/\\\/dualgree.com.br\\\/loja\\\/\"},{\"@type\":\"ListItem\",\"position\":2,\"name\":\"Loja &#8211; Cat\u00e1logo de Pe\u00e7as\",\"item\":\"https:\\\/\\\/dualgree.com.br\\\/loja\\\/\"},{\"@type\":\"ListItem\",\"position\":3,\"name\":\"Borracha Mancal Da Turbina Ar Condicionado Midea 42agca09m5\"}]},{\"@type\":\"WebSite\",\"@id\":\"https:\\\/\\\/dualgree.com.br\\\/loja\\\/#website\",\"url\":\"https:\\\/\\\/dualgree.com.br\\\/loja\\\/\",\"name\":\"Loja - Dual Gree Servi\u00e7os | Partes e Pe\u00e7as\",\"description\":\"Catalogo de Pe\u00e7as para ar condicionado\",\"publisher\":{\"@id\":\"https:\\\/\\\/dualgree.com.br\\\/loja\\\/#organization\"},\"potentialAction\":[{\"@type\":\"SearchAction\",\"target\":{\"@type\":\"EntryPoint\",\"urlTemplate\":\"https:\\\/\\\/dualgree.com.br\\\/loja\\\/?s={search_term_string}\"},\"query-input\":{\"@type\":\"PropertyValueSpecification\",\"valueRequired\":true,\"valueName\":\"search_term_string\"}}],\"inLanguage\":\"pt-BR\"},{\"@type\":\"Organization\",\"@id\":\"https:\\\/\\\/dualgree.com.br\\\/loja\\\/#organization\",\"name\":\"Loja Dual Gree Servi\u00e7o\",\"url\":\"https:\\\/\\\/dualgree.com.br\\\/loja\\\/\",\"logo\":{\"@type\":\"ImageObject\",\"inLanguage\":\"pt-BR\",\"@id\":\"https:\\\/\\\/dualgree.com.br\\\/loja\\\/#\\\/schema\\\/logo\\\/image\\\/\",\"url\":\"https:\\\/\\\/dualgree.com.br\\\/loja\\\/wp-content\\\/uploads\\\/2024\\\/09\\\/teste-logo-ecommerce-dual-1-e1725909304971.png\",\"contentUrl\":\"https:\\\/\\\/dualgree.com.br\\\/loja\\\/wp-content\\\/uploads\\\/2024\\\/09\\\/teste-logo-ecommerce-dual-1-e1725909304971.png\",\"width\":470,\"height\":157,\"caption\":\"Loja Dual Gree Servi\u00e7o\"},\"image\":{\"@id\":\"https:\\\/\\\/dualgree.com.br\\\/loja\\\/#\\\/schema\\\/logo\\\/image\\\/\"}}]}<\/script>\n<!-- \/ Yoast SEO plugin. -->","yoast_head_json":{"title":"Borracha Mancal Da Turbina Ar Condicionado Midea 42agca09m5 - Loja - Dual Gree Servi\u00e7os | Pe\u00e7as","robots":{"index":"index","follow":"follow","max-snippet":"max-snippet:-1","max-image-preview":"max-image-preview:large","max-video-preview":"max-video-preview:-1"},"canonical":"https:\/\/dualgree.com.br\/loja\/produto\/borracha-mancal-da-turbina-ar-condicionado-midea-42agca09m5\/","og_locale":"pt_BR","og_type":"article","og_title":"Borracha Mancal Da Turbina Ar Condicionado Midea 42agca09m5 - Loja - Dual Gree Servi\u00e7os | Pe\u00e7as","og_description":"Rolamento da turbina do evaporador ar condicionado split COMFEE 9000 btus.12.000 btus, 18.000 btus \u00a0 MIDEA 42agca09m5 \u00a0 COMFEE \u00a0 42MMCC07F5, 42MMCC09F5, 42MMCC12F5, 42MMCC18F5, \u00a0 42MMQC07F5, 42MMQC09F5, 42MMQC12F5, 42MMQC18F5, \u00a0 42MDCA07M5, 42MDCA09M5, 42MDCA12M5, 42MDCA18M5,","og_url":"https:\/\/dualgree.com.br\/loja\/produto\/borracha-mancal-da-turbina-ar-condicionado-midea-42agca09m5\/","og_site_name":"Loja - Dual Gree Servi\u00e7os | Pe\u00e7as","article_modified_time":"2026-04-09T12:58:29+00:00","og_image":[{"width":490,"height":500,"url":"https:\/\/dualgree.com.br\/loja\/wp-content\/uploads\/2023\/10\/15109957767_D_973199-MLB47794403291_102021-O-4.jpg","type":"image\/jpeg"}],"twitter_card":"summary_large_image","schema":{"@context":"https:\/\/schema.org","@graph":[{"@type":"WebPage","@id":"https:\/\/dualgree.com.br\/loja\/produto\/borracha-mancal-da-turbina-ar-condicionado-midea-42agca09m5\/","url":"https:\/\/dualgree.com.br\/loja\/produto\/borracha-mancal-da-turbina-ar-condicionado-midea-42agca09m5\/","name":"Borracha Mancal Da Turbina Ar Condicionado Midea 42agca09m5 - Loja - Dual Gree Servi\u00e7os | Pe\u00e7as","isPartOf":{"@id":"https:\/\/dualgree.com.br\/loja\/#website"},"primaryImageOfPage":{"@id":"https:\/\/dualgree.com.br\/loja\/produto\/borracha-mancal-da-turbina-ar-condicionado-midea-42agca09m5\/#primaryimage"},"image":{"@id":"https:\/\/dualgree.com.br\/loja\/produto\/borracha-mancal-da-turbina-ar-condicionado-midea-42agca09m5\/#primaryimage"},"thumbnailUrl":"https:\/\/dualgree.com.br\/loja\/wp-content\/uploads\/2023\/10\/15109957767_D_973199-MLB47794403291_102021-O-4.jpg","datePublished":"2023-10-31T20:22:22+00:00","dateModified":"2026-04-09T12:58:29+00:00","breadcrumb":{"@id":"https:\/\/dualgree.com.br\/loja\/produto\/borracha-mancal-da-turbina-ar-condicionado-midea-42agca09m5\/#breadcrumb"},"inLanguage":"pt-BR","potentialAction":[{"@type":"ReadAction","target":["https:\/\/dualgree.com.br\/loja\/produto\/borracha-mancal-da-turbina-ar-condicionado-midea-42agca09m5\/"]}]},{"@type":"ImageObject","inLanguage":"pt-BR","@id":"https:\/\/dualgree.com.br\/loja\/produto\/borracha-mancal-da-turbina-ar-condicionado-midea-42agca09m5\/#primaryimage","url":"https:\/\/dualgree.com.br\/loja\/wp-content\/uploads\/2023\/10\/15109957767_D_973199-MLB47794403291_102021-O-4.jpg","contentUrl":"https:\/\/dualgree.com.br\/loja\/wp-content\/uploads\/2023\/10\/15109957767_D_973199-MLB47794403291_102021-O-4.jpg","width":490,"height":500},{"@type":"BreadcrumbList","@id":"https:\/\/dualgree.com.br\/loja\/produto\/borracha-mancal-da-turbina-ar-condicionado-midea-42agca09m5\/#breadcrumb","itemListElement":[{"@type":"ListItem","position":1,"name":"In\u00edcio","item":"https:\/\/dualgree.com.br\/loja\/"},{"@type":"ListItem","position":2,"name":"Loja &#8211; Cat\u00e1logo de Pe\u00e7as","item":"https:\/\/dualgree.com.br\/loja\/"},{"@type":"ListItem","position":3,"name":"Borracha Mancal Da Turbina Ar Condicionado Midea 42agca09m5"}]},{"@type":"WebSite","@id":"https:\/\/dualgree.com.br\/loja\/#website","url":"https:\/\/dualgree.com.br\/loja\/","name":"Loja - Dual Gree Servi\u00e7os | Partes e Pe\u00e7as","description":"Catalogo de Pe\u00e7as para ar condicionado","publisher":{"@id":"https:\/\/dualgree.com.br\/loja\/#organization"},"potentialAction":[{"@type":"SearchAction","target":{"@type":"EntryPoint","urlTemplate":"https:\/\/dualgree.com.br\/loja\/?s={search_term_string}"},"query-input":{"@type":"PropertyValueSpecification","valueRequired":true,"valueName":"search_term_string"}}],"inLanguage":"pt-BR"},{"@type":"Organization","@id":"https:\/\/dualgree.com.br\/loja\/#organization","name":"Loja Dual Gree Servi\u00e7o","url":"https:\/\/dualgree.com.br\/loja\/","logo":{"@type":"ImageObject","inLanguage":"pt-BR","@id":"https:\/\/dualgree.com.br\/loja\/#\/schema\/logo\/image\/","url":"https:\/\/dualgree.com.br\/loja\/wp-content\/uploads\/2024\/09\/teste-logo-ecommerce-dual-1-e1725909304971.png","contentUrl":"https:\/\/dualgree.com.br\/loja\/wp-content\/uploads\/2024\/09\/teste-logo-ecommerce-dual-1-e1725909304971.png","width":470,"height":157,"caption":"Loja Dual Gree Servi\u00e7o"},"image":{"@id":"https:\/\/dualgree.com.br\/loja\/#\/schema\/logo\/image\/"}}]}},"jetpack_publicize_connections":[],"jetpack_sharing_enabled":true,"jetpack_likes_enabled":true,"_links":{"self":[{"href":"https:\/\/dualgree.com.br\/loja\/wp-json\/wp\/v2\/product\/2655","targetHints":{"allow":["GET"]}}],"collection":[{"href":"https:\/\/dualgree.com.br\/loja\/wp-json\/wp\/v2\/product"}],"about":[{"href":"https:\/\/dualgree.com.br\/loja\/wp-json\/wp\/v2\/types\/product"}],"replies":[{"embeddable":true,"href":"https:\/\/dualgree.com.br\/loja\/wp-json\/wp\/v2\/comments?post=2655"}],"wp:featuredmedia":[{"embeddable":true,"href":"https:\/\/dualgree.com.br\/loja\/wp-json\/wp\/v2\/media\/2653"}],"wp:attachment":[{"href":"https:\/\/dualgree.com.br\/loja\/wp-json\/wp\/v2\/media?parent=2655"}],"wp:term":[{"taxonomy":"product_brand","embeddable":true,"href":"https:\/\/dualgree.com.br\/loja\/wp-json\/wp\/v2\/product_brand?post=2655"},{"taxonomy":"product_cat","embeddable":true,"href":"https:\/\/dualgree.com.br\/loja\/wp-json\/wp\/v2\/product_cat?post=2655"},{"taxonomy":"product_tag","embeddable":true,"href":"https:\/\/dualgree.com.br\/loja\/wp-json\/wp\/v2\/product_tag?post=2655"}],"curies":[{"name":"wp","href":"https:\/\/api.w.org\/{rel}","templated":true}]}}