{"id":2662,"date":"2023-11-01T14:12:24","date_gmt":"2023-11-01T14:12:24","guid":{"rendered":"https:\/\/dualgree.com.br\/loja\/produto\/kit-mangueiras-para-maquina-de-lavar\/"},"modified":"2024-09-11T16:50:39","modified_gmt":"2024-09-11T16:50:39","slug":"kit-mangueiras-para-maquina-de-lavar","status":"publish","type":"product","link":"https:\/\/dualgree.com.br\/loja\/produto\/kit-mangueiras-para-maquina-de-lavar\/","title":{"rendered":"KIT- MANGUEIRAS PARA MAQUINA DE LAVAR"},"content":{"rendered":"","protected":false},"excerpt":{"rendered":"<p>KIT DE MANGUEIRAS PARA MAQUINAS DE LAVAR<\/p>\n<p><span style=\"color: #666666; font-family: 'Proxima Nova', -apple-system, Roboto, Arial, sans-serif; font-size: 20px;\">Dimens\u00f5es:<\/span><br style=\"color: #666666; font-family: 'Proxima Nova', -apple-system, Roboto, Arial, sans-serif; font-size: 20px;\" \/><span style=\"color: #666666; font-family: 'Proxima Nova', -apple-system, Roboto, Arial, sans-serif; font-size: 20px;\">Interno:21mm<\/span><br style=\"color: #666666; font-family: 'Proxima Nova', -apple-system, Roboto, Arial, sans-serif; font-size: 20px;\" \/><span style=\"color: #666666; font-family: 'Proxima Nova', -apple-system, Roboto, Arial, sans-serif; font-size: 20px;\">Espessura parede : 2mm<\/span><br style=\"color: #666666; font-family: 'Proxima Nova', -apple-system, Roboto, Arial, sans-serif; font-size: 20px;\" \/><span style=\"color: #666666; font-family: 'Proxima Nova', -apple-system, Roboto, Arial, sans-serif; font-size: 20px;\">Diametro bocal : 28mm<\/span><br style=\"color: #666666; font-family: 'Proxima Nova', -apple-system, Roboto, Arial, sans-serif; font-size: 20px;\" \/><span style=\"color: #666666; font-family: 'Proxima Nova', -apple-system, Roboto, Arial, sans-serif; font-size: 20px;\">Comprimento : 2 metros<\/span><br style=\"color: #666666; font-family: 'Proxima Nova', -apple-system, Roboto, Arial, sans-serif; font-size: 20px;\" \/><span style=\"color: #666666; font-family: 'Proxima Nova', -apple-system, Roboto, Arial, sans-serif; font-size: 20px;\">Bocal Largo Curvo com medida interna de 28mm e medida externa de 35mm<\/span><br style=\"color: #666666; font-family: 'Proxima Nova', -apple-system, Roboto, Arial, sans-serif; font-size: 20px;\" \/><br style=\"color: #666666; font-family: 'Proxima Nova', -apple-system, Roboto, Arial, sans-serif; font-size: 20px;\" \/><span style=\"color: #666666; font-family: 'Proxima Nova', -apple-system, Roboto, Arial, sans-serif; font-size: 20px;\">Compat\u00edvel com os modelos Brastemp \/ Consul:<\/span><br style=\"color: #666666; font-family: 'Proxima Nova', -apple-system, Roboto, Arial, sans-serif; font-size: 20px;\" \/><br style=\"color: #666666; font-family: 'Proxima Nova', -apple-system, Roboto, Arial, sans-serif; font-size: 20px;\" \/><span style=\"color: #666666; font-family: 'Proxima Nova', -apple-system, Roboto, Arial, sans-serif; font-size: 20px;\">BWB08A00; BWB08A10; BWB08A20; BWB08A30; BWB08A40; BWB08A50; BWB08A60; BWB08A70; BWB08A80; BWB08A90; BWB08A91<\/span><br style=\"color: #666666; font-family: 'Proxima Nova', -apple-system, Roboto, Arial, sans-serif; font-size: 20px;\" \/><br style=\"color: #666666; font-family: 'Proxima Nova', -apple-system, Roboto, Arial, sans-serif; font-size: 20px;\" \/><span style=\"color: #666666; font-family: 'Proxima Nova', -apple-system, Roboto, Arial, sans-serif; font-size: 20px;\">BWB08AB00; BWB08AB10; BWB08AB20; BWB08AB30; BWB08AB40; BWB08AB50; BWB08AB60; BWB08AB70; BWB08AB80; BWB08AB90; BWB08AB91; BWB08AB92<\/span><br style=\"color: #666666; font-family: 'Proxima Nova', -apple-system, Roboto, Arial, sans-serif; font-size: 20px;\" \/><br style=\"color: #666666; font-family: 'Proxima Nova', -apple-system, Roboto, Arial, sans-serif; font-size: 20px;\" \/><span style=\"color: #666666; font-family: 'Proxima Nova', -apple-system, Roboto, Arial, sans-serif; font-size: 20px;\">BWB09AB00; BWB09AB10; BWB09AB20<\/span><br style=\"color: #666666; font-family: 'Proxima Nova', -apple-system, Roboto, Arial, sans-serif; font-size: 20px;\" \/><br style=\"color: #666666; font-family: 'Proxima Nova', -apple-system, Roboto, Arial, sans-serif; font-size: 20px;\" \/><span style=\"color: #666666; font-family: 'Proxima Nova', -apple-system, Roboto, Arial, sans-serif; font-size: 20px;\">BWB11ABANA00; BWB11ABANA10; BWB11ABANA20; BWB11ABANA30<\/span><br style=\"color: #666666; font-family: 'Proxima Nova', -apple-system, Roboto, Arial, sans-serif; font-size: 20px;\" \/><br style=\"color: #666666; font-family: 'Proxima Nova', -apple-system, Roboto, Arial, sans-serif; font-size: 20px;\" \/><span style=\"color: #666666; font-family: 'Proxima Nova', -apple-system, Roboto, Arial, sans-serif; font-size: 20px;\">BWB11ABBNA00; BWB11ABBNA10; BWB11ABBNA20; BWB11ABBNA30<\/span><br style=\"color: #666666; font-family: 'Proxima Nova', -apple-system, Roboto, Arial, sans-serif; font-size: 20px;\" \/><br style=\"color: #666666; font-family: 'Proxima Nova', -apple-system, Roboto, Arial, sans-serif; font-size: 20px;\" \/><span style=\"color: #666666; font-family: 'Proxima Nova', -apple-system, Roboto, Arial, sans-serif; font-size: 20px;\">BWB22B<\/span><\/p>\n<p><span style=\"color: #666666; font-family: 'Proxima Nova', -apple-system, Roboto, Arial, sans-serif; font-size: 20px;\">MANGUEIRA DRENAGEM LAVADORA E LAVA E SECA\u00a0 COMPATIVEL COM LG\u00a0<\/span><\/p>\n<p><span style=\"color: #666666; font-family: 'Proxima Nova', -apple-system, Roboto, Arial, sans-serif; font-size: 20px;\">Serve nos modelos:<\/span><br style=\"color: #666666; font-family: 'Proxima Nova', -apple-system, Roboto, Arial, sans-serif; font-size: 20px;\" \/><br style=\"color: #666666; font-family: 'Proxima Nova', -apple-system, Roboto, Arial, sans-serif; font-size: 20px;\" \/><span style=\"color: #666666; font-family: 'Proxima Nova', -apple-system, Roboto, Arial, sans-serif; font-size: 20px;\">F12U1TCN4, F14U1FCN8, F14U1JBS2, F14U2TDN0, FN351QH,<\/span><br style=\"color: #666666; font-family: 'Proxima Nova', -apple-system, Roboto, Arial, sans-serif; font-size: 20px;\" \/><span style=\"color: #666666; font-family: 'Proxima Nova', -apple-system, Roboto, Arial, sans-serif; font-size: 20px;\">WD11EP6, WD11WP6, WD1403FD, WD1409FD, WD1409RD,<\/span><br style=\"color: #666666; font-family: 'Proxima Nova', -apple-system, Roboto, Arial, sans-serif; font-size: 20px;\" \/><span style=\"color: #666666; font-family: 'Proxima Nova', -apple-system, Roboto, Arial, sans-serif; font-size: 20px;\">WD1410RD, WD1410RD5, WD1410RDA, WD1410RDA5,<\/span><br style=\"color: #666666; font-family: 'Proxima Nova', -apple-system, Roboto, Arial, sans-serif; font-size: 20px;\" \/><span style=\"color: #666666; font-family: 'Proxima Nova', -apple-system, Roboto, Arial, sans-serif; font-size: 20px;\">WD1411RW, WD1411RWA, WD1412RT, WD14311RD,<\/span><br style=\"color: #666666; font-family: 'Proxima Nova', -apple-system, Roboto, Arial, sans-serif; font-size: 20px;\" \/><span style=\"color: #666666; font-family: 'Proxima Nova', -apple-system, Roboto, Arial, sans-serif; font-size: 20px;\">WD14312RD, WD1485A, WD1485TD, WD17BV2S6B,<\/span><br style=\"color: #666666; font-family: 'Proxima Nova', -apple-system, Roboto, Arial, sans-serif; font-size: 20px;\" \/><span style=\"color: #666666; font-family: 'Proxima Nova', -apple-system, Roboto, Arial, sans-serif; font-size: 20px;\">WD17SV2S6B, WK17BS6A, WK17VS6A, WM11WPS6,<\/span><br style=\"color: #666666; font-family: 'Proxima Nova', -apple-system, Roboto, Arial, sans-serif; font-size: 20px;\" \/><span style=\"color: #666666; font-family: 'Proxima Nova', -apple-system, Roboto, Arial, sans-serif; font-size: 20px;\">WM17BKS6A, WM17VVS6B<\/span><\/p>\n","protected":false},"featured_media":2661,"comment_status":"open","ping_status":"closed","template":"","meta":{"_kadence_starter_templates_imported_post":false,"_kad_post_transparent":"","_kad_post_title":"","_kad_post_layout":"","_kad_post_sidebar_id":"","_kad_post_content_style":"","_kad_post_vertical_padding":"","_kad_post_feature":"","_kad_post_feature_position":"","_kad_post_header":false,"_kad_post_footer":false,"jetpack_publicize_message":"","jetpack_publicize_feature_enabled":true,"jetpack_social_post_already_shared":false,"jetpack_social_options":{"image_generator_settings":{"template":"highway","default_image_id":0,"font":"","enabled":false},"version":2}},"product_brand":[],"product_cat":[252,251,186],"product_tag":[],"class_list":{"0":"post-2662","1":"product","2":"type-product","3":"status-publish","4":"has-post-thumbnail","6":"product_cat-kit-mangueira-de-lavar","7":"product_cat-pecas-maquina-de-lavar","8":"product_cat-samsung","10":"first","11":"instock","12":"shipping-taxable","13":"purchasable","14":"product-type-simple","15":"entry","16":"content-bg","17":"loop-entry"},"yoast_head":"<!-- This site is optimized with the Yoast SEO plugin v27.5 - https:\/\/yoast.com\/product\/yoast-seo-wordpress\/ -->\n<title>KIT- MANGUEIRAS PARA MAQUINA DE LAVAR - Loja - Dual Gree Servi\u00e7os | Pe\u00e7as<\/title>\n<meta name=\"robots\" content=\"index, follow, max-snippet:-1, max-image-preview:large, max-video-preview:-1\" \/>\n<link rel=\"canonical\" href=\"https:\/\/dualgree.com.br\/loja\/produto\/kit-mangueiras-para-maquina-de-lavar\/\" \/>\n<meta property=\"og:locale\" content=\"pt_BR\" \/>\n<meta property=\"og:type\" content=\"article\" \/>\n<meta property=\"og:title\" content=\"KIT- MANGUEIRAS PARA MAQUINA DE LAVAR - Loja - Dual Gree Servi\u00e7os | Pe\u00e7as\" \/>\n<meta property=\"og:description\" content=\"KIT DE MANGUEIRAS PARA MAQUINAS DE LAVAR  Dimens\u00f5es:Interno:21mmEspessura parede : 2mmDiametro bocal : 28mmComprimento : 2 metrosBocal Largo Curvo com medida interna de 28mm e medida externa de 35mmCompat\u00edvel com os modelos Brastemp \/ Consul:BWB08A00; BWB08A10; BWB08A20; BWB08A30; BWB08A40; BWB08A50; BWB08A60; BWB08A70; BWB08A80; BWB08A90; BWB08A91BWB08AB00; BWB08AB10; BWB08AB20; BWB08AB30; BWB08AB40; BWB08AB50; BWB08AB60; BWB08AB70; BWB08AB80; BWB08AB90; BWB08AB91; BWB08AB92BWB09AB00; BWB09AB10; BWB09AB20BWB11ABANA00; BWB11ABANA10; BWB11ABANA20; BWB11ABANA30BWB11ABBNA00; BWB11ABBNA10; BWB11ABBNA20; BWB11ABBNA30BWB22B  MANGUEIRA DRENAGEM LAVADORA E LAVA E SECA\u00a0 COMPATIVEL COM LG\u00a0  Serve nos modelos:F12U1TCN4, F14U1FCN8, F14U1JBS2, F14U2TDN0, FN351QH,WD11EP6, WD11WP6, WD1403FD, WD1409FD, WD1409RD,WD1410RD, WD1410RD5, WD1410RDA, WD1410RDA5,WD1411RW, WD1411RWA, WD1412RT, WD14311RD,WD14312RD, WD1485A, WD1485TD, WD17BV2S6B,WD17SV2S6B, WK17BS6A, WK17VS6A, WM11WPS6,WM17BKS6A, WM17VVS6B\" \/>\n<meta property=\"og:url\" content=\"https:\/\/dualgree.com.br\/loja\/produto\/kit-mangueiras-para-maquina-de-lavar\/\" \/>\n<meta property=\"og:site_name\" content=\"Loja - Dual Gree Servi\u00e7os | Pe\u00e7as\" \/>\n<meta property=\"article:modified_time\" content=\"2024-09-11T16:50:39+00:00\" \/>\n<meta property=\"og:image\" content=\"https:\/\/dualgree.com.br\/loja\/wp-content\/uploads\/2023\/11\/15228892207_KIT-MANGUEIRAS.jpg\" \/>\n\t<meta property=\"og:image:width\" content=\"1553\" \/>\n\t<meta property=\"og:image:height\" content=\"1280\" \/>\n\t<meta property=\"og:image:type\" content=\"image\/jpeg\" \/>\n<meta name=\"twitter:card\" content=\"summary_large_image\" \/>\n<meta name=\"twitter:label1\" content=\"Est. tempo de leitura\" \/>\n\t<meta name=\"twitter:data1\" content=\"1 minuto\" \/>\n<script type=\"application\/ld+json\" class=\"yoast-schema-graph\">{\"@context\":\"https:\\\/\\\/schema.org\",\"@graph\":[{\"@type\":\"WebPage\",\"@id\":\"https:\\\/\\\/dualgree.com.br\\\/loja\\\/produto\\\/kit-mangueiras-para-maquina-de-lavar\\\/\",\"url\":\"https:\\\/\\\/dualgree.com.br\\\/loja\\\/produto\\\/kit-mangueiras-para-maquina-de-lavar\\\/\",\"name\":\"KIT- MANGUEIRAS PARA MAQUINA DE LAVAR - Loja - Dual Gree Servi\u00e7os | Pe\u00e7as\",\"isPartOf\":{\"@id\":\"https:\\\/\\\/dualgree.com.br\\\/loja\\\/#website\"},\"primaryImageOfPage\":{\"@id\":\"https:\\\/\\\/dualgree.com.br\\\/loja\\\/produto\\\/kit-mangueiras-para-maquina-de-lavar\\\/#primaryimage\"},\"image\":{\"@id\":\"https:\\\/\\\/dualgree.com.br\\\/loja\\\/produto\\\/kit-mangueiras-para-maquina-de-lavar\\\/#primaryimage\"},\"thumbnailUrl\":\"https:\\\/\\\/dualgree.com.br\\\/loja\\\/wp-content\\\/uploads\\\/2023\\\/11\\\/15228892207_KIT-MANGUEIRAS.jpg\",\"datePublished\":\"2023-11-01T14:12:24+00:00\",\"dateModified\":\"2024-09-11T16:50:39+00:00\",\"breadcrumb\":{\"@id\":\"https:\\\/\\\/dualgree.com.br\\\/loja\\\/produto\\\/kit-mangueiras-para-maquina-de-lavar\\\/#breadcrumb\"},\"inLanguage\":\"pt-BR\",\"potentialAction\":[{\"@type\":\"ReadAction\",\"target\":[\"https:\\\/\\\/dualgree.com.br\\\/loja\\\/produto\\\/kit-mangueiras-para-maquina-de-lavar\\\/\"]}]},{\"@type\":\"ImageObject\",\"inLanguage\":\"pt-BR\",\"@id\":\"https:\\\/\\\/dualgree.com.br\\\/loja\\\/produto\\\/kit-mangueiras-para-maquina-de-lavar\\\/#primaryimage\",\"url\":\"https:\\\/\\\/dualgree.com.br\\\/loja\\\/wp-content\\\/uploads\\\/2023\\\/11\\\/15228892207_KIT-MANGUEIRAS.jpg\",\"contentUrl\":\"https:\\\/\\\/dualgree.com.br\\\/loja\\\/wp-content\\\/uploads\\\/2023\\\/11\\\/15228892207_KIT-MANGUEIRAS.jpg\",\"width\":1200,\"height\":989},{\"@type\":\"BreadcrumbList\",\"@id\":\"https:\\\/\\\/dualgree.com.br\\\/loja\\\/produto\\\/kit-mangueiras-para-maquina-de-lavar\\\/#breadcrumb\",\"itemListElement\":[{\"@type\":\"ListItem\",\"position\":1,\"name\":\"In\u00edcio\",\"item\":\"https:\\\/\\\/dualgree.com.br\\\/loja\\\/\"},{\"@type\":\"ListItem\",\"position\":2,\"name\":\"Loja &#8211; Cat\u00e1logo de Pe\u00e7as\",\"item\":\"https:\\\/\\\/dualgree.com.br\\\/loja\\\/\"},{\"@type\":\"ListItem\",\"position\":3,\"name\":\"KIT- MANGUEIRAS PARA MAQUINA DE LAVAR\"}]},{\"@type\":\"WebSite\",\"@id\":\"https:\\\/\\\/dualgree.com.br\\\/loja\\\/#website\",\"url\":\"https:\\\/\\\/dualgree.com.br\\\/loja\\\/\",\"name\":\"Loja - Dual Gree Servi\u00e7os | Partes e Pe\u00e7as\",\"description\":\"Catalogo de Pe\u00e7as para ar condicionado\",\"publisher\":{\"@id\":\"https:\\\/\\\/dualgree.com.br\\\/loja\\\/#organization\"},\"potentialAction\":[{\"@type\":\"SearchAction\",\"target\":{\"@type\":\"EntryPoint\",\"urlTemplate\":\"https:\\\/\\\/dualgree.com.br\\\/loja\\\/?s={search_term_string}\"},\"query-input\":{\"@type\":\"PropertyValueSpecification\",\"valueRequired\":true,\"valueName\":\"search_term_string\"}}],\"inLanguage\":\"pt-BR\"},{\"@type\":\"Organization\",\"@id\":\"https:\\\/\\\/dualgree.com.br\\\/loja\\\/#organization\",\"name\":\"Loja Dual Gree Servi\u00e7o\",\"url\":\"https:\\\/\\\/dualgree.com.br\\\/loja\\\/\",\"logo\":{\"@type\":\"ImageObject\",\"inLanguage\":\"pt-BR\",\"@id\":\"https:\\\/\\\/dualgree.com.br\\\/loja\\\/#\\\/schema\\\/logo\\\/image\\\/\",\"url\":\"https:\\\/\\\/dualgree.com.br\\\/loja\\\/wp-content\\\/uploads\\\/2024\\\/09\\\/teste-logo-ecommerce-dual-1-e1725909304971.png\",\"contentUrl\":\"https:\\\/\\\/dualgree.com.br\\\/loja\\\/wp-content\\\/uploads\\\/2024\\\/09\\\/teste-logo-ecommerce-dual-1-e1725909304971.png\",\"width\":470,\"height\":157,\"caption\":\"Loja Dual Gree Servi\u00e7o\"},\"image\":{\"@id\":\"https:\\\/\\\/dualgree.com.br\\\/loja\\\/#\\\/schema\\\/logo\\\/image\\\/\"}}]}<\/script>\n<!-- \/ Yoast SEO plugin. -->","yoast_head_json":{"title":"KIT- MANGUEIRAS PARA MAQUINA DE LAVAR - Loja - Dual Gree Servi\u00e7os | Pe\u00e7as","robots":{"index":"index","follow":"follow","max-snippet":"max-snippet:-1","max-image-preview":"max-image-preview:large","max-video-preview":"max-video-preview:-1"},"canonical":"https:\/\/dualgree.com.br\/loja\/produto\/kit-mangueiras-para-maquina-de-lavar\/","og_locale":"pt_BR","og_type":"article","og_title":"KIT- MANGUEIRAS PARA MAQUINA DE LAVAR - Loja - Dual Gree Servi\u00e7os | Pe\u00e7as","og_description":"KIT DE MANGUEIRAS PARA MAQUINAS DE LAVAR  Dimens\u00f5es:Interno:21mmEspessura parede : 2mmDiametro bocal : 28mmComprimento : 2 metrosBocal Largo Curvo com medida interna de 28mm e medida externa de 35mmCompat\u00edvel com os modelos Brastemp \/ Consul:BWB08A00; BWB08A10; BWB08A20; BWB08A30; BWB08A40; BWB08A50; BWB08A60; BWB08A70; BWB08A80; BWB08A90; BWB08A91BWB08AB00; BWB08AB10; BWB08AB20; BWB08AB30; BWB08AB40; BWB08AB50; BWB08AB60; BWB08AB70; BWB08AB80; BWB08AB90; BWB08AB91; BWB08AB92BWB09AB00; BWB09AB10; BWB09AB20BWB11ABANA00; BWB11ABANA10; BWB11ABANA20; BWB11ABANA30BWB11ABBNA00; BWB11ABBNA10; BWB11ABBNA20; BWB11ABBNA30BWB22B  MANGUEIRA DRENAGEM LAVADORA E LAVA E SECA\u00a0 COMPATIVEL COM LG\u00a0  Serve nos modelos:F12U1TCN4, F14U1FCN8, F14U1JBS2, F14U2TDN0, FN351QH,WD11EP6, WD11WP6, WD1403FD, WD1409FD, WD1409RD,WD1410RD, WD1410RD5, WD1410RDA, WD1410RDA5,WD1411RW, WD1411RWA, WD1412RT, WD14311RD,WD14312RD, WD1485A, WD1485TD, WD17BV2S6B,WD17SV2S6B, WK17BS6A, WK17VS6A, WM11WPS6,WM17BKS6A, WM17VVS6B","og_url":"https:\/\/dualgree.com.br\/loja\/produto\/kit-mangueiras-para-maquina-de-lavar\/","og_site_name":"Loja - Dual Gree Servi\u00e7os | Pe\u00e7as","article_modified_time":"2024-09-11T16:50:39+00:00","og_image":[{"width":1553,"height":1280,"url":"https:\/\/dualgree.com.br\/loja\/wp-content\/uploads\/2023\/11\/15228892207_KIT-MANGUEIRAS.jpg","type":"image\/jpeg"}],"twitter_card":"summary_large_image","twitter_misc":{"Est. tempo de leitura":"1 minuto"},"schema":{"@context":"https:\/\/schema.org","@graph":[{"@type":"WebPage","@id":"https:\/\/dualgree.com.br\/loja\/produto\/kit-mangueiras-para-maquina-de-lavar\/","url":"https:\/\/dualgree.com.br\/loja\/produto\/kit-mangueiras-para-maquina-de-lavar\/","name":"KIT- MANGUEIRAS PARA MAQUINA DE LAVAR - Loja - Dual Gree Servi\u00e7os | Pe\u00e7as","isPartOf":{"@id":"https:\/\/dualgree.com.br\/loja\/#website"},"primaryImageOfPage":{"@id":"https:\/\/dualgree.com.br\/loja\/produto\/kit-mangueiras-para-maquina-de-lavar\/#primaryimage"},"image":{"@id":"https:\/\/dualgree.com.br\/loja\/produto\/kit-mangueiras-para-maquina-de-lavar\/#primaryimage"},"thumbnailUrl":"https:\/\/dualgree.com.br\/loja\/wp-content\/uploads\/2023\/11\/15228892207_KIT-MANGUEIRAS.jpg","datePublished":"2023-11-01T14:12:24+00:00","dateModified":"2024-09-11T16:50:39+00:00","breadcrumb":{"@id":"https:\/\/dualgree.com.br\/loja\/produto\/kit-mangueiras-para-maquina-de-lavar\/#breadcrumb"},"inLanguage":"pt-BR","potentialAction":[{"@type":"ReadAction","target":["https:\/\/dualgree.com.br\/loja\/produto\/kit-mangueiras-para-maquina-de-lavar\/"]}]},{"@type":"ImageObject","inLanguage":"pt-BR","@id":"https:\/\/dualgree.com.br\/loja\/produto\/kit-mangueiras-para-maquina-de-lavar\/#primaryimage","url":"https:\/\/dualgree.com.br\/loja\/wp-content\/uploads\/2023\/11\/15228892207_KIT-MANGUEIRAS.jpg","contentUrl":"https:\/\/dualgree.com.br\/loja\/wp-content\/uploads\/2023\/11\/15228892207_KIT-MANGUEIRAS.jpg","width":1200,"height":989},{"@type":"BreadcrumbList","@id":"https:\/\/dualgree.com.br\/loja\/produto\/kit-mangueiras-para-maquina-de-lavar\/#breadcrumb","itemListElement":[{"@type":"ListItem","position":1,"name":"In\u00edcio","item":"https:\/\/dualgree.com.br\/loja\/"},{"@type":"ListItem","position":2,"name":"Loja &#8211; Cat\u00e1logo de Pe\u00e7as","item":"https:\/\/dualgree.com.br\/loja\/"},{"@type":"ListItem","position":3,"name":"KIT- MANGUEIRAS PARA MAQUINA DE LAVAR"}]},{"@type":"WebSite","@id":"https:\/\/dualgree.com.br\/loja\/#website","url":"https:\/\/dualgree.com.br\/loja\/","name":"Loja - Dual Gree Servi\u00e7os | Partes e Pe\u00e7as","description":"Catalogo de Pe\u00e7as para ar condicionado","publisher":{"@id":"https:\/\/dualgree.com.br\/loja\/#organization"},"potentialAction":[{"@type":"SearchAction","target":{"@type":"EntryPoint","urlTemplate":"https:\/\/dualgree.com.br\/loja\/?s={search_term_string}"},"query-input":{"@type":"PropertyValueSpecification","valueRequired":true,"valueName":"search_term_string"}}],"inLanguage":"pt-BR"},{"@type":"Organization","@id":"https:\/\/dualgree.com.br\/loja\/#organization","name":"Loja Dual Gree Servi\u00e7o","url":"https:\/\/dualgree.com.br\/loja\/","logo":{"@type":"ImageObject","inLanguage":"pt-BR","@id":"https:\/\/dualgree.com.br\/loja\/#\/schema\/logo\/image\/","url":"https:\/\/dualgree.com.br\/loja\/wp-content\/uploads\/2024\/09\/teste-logo-ecommerce-dual-1-e1725909304971.png","contentUrl":"https:\/\/dualgree.com.br\/loja\/wp-content\/uploads\/2024\/09\/teste-logo-ecommerce-dual-1-e1725909304971.png","width":470,"height":157,"caption":"Loja Dual Gree Servi\u00e7o"},"image":{"@id":"https:\/\/dualgree.com.br\/loja\/#\/schema\/logo\/image\/"}}]}},"jetpack_publicize_connections":[],"jetpack_sharing_enabled":true,"jetpack_likes_enabled":true,"_links":{"self":[{"href":"https:\/\/dualgree.com.br\/loja\/wp-json\/wp\/v2\/product\/2662","targetHints":{"allow":["GET"]}}],"collection":[{"href":"https:\/\/dualgree.com.br\/loja\/wp-json\/wp\/v2\/product"}],"about":[{"href":"https:\/\/dualgree.com.br\/loja\/wp-json\/wp\/v2\/types\/product"}],"replies":[{"embeddable":true,"href":"https:\/\/dualgree.com.br\/loja\/wp-json\/wp\/v2\/comments?post=2662"}],"wp:featuredmedia":[{"embeddable":true,"href":"https:\/\/dualgree.com.br\/loja\/wp-json\/wp\/v2\/media\/2661"}],"wp:attachment":[{"href":"https:\/\/dualgree.com.br\/loja\/wp-json\/wp\/v2\/media?parent=2662"}],"wp:term":[{"taxonomy":"product_brand","embeddable":true,"href":"https:\/\/dualgree.com.br\/loja\/wp-json\/wp\/v2\/product_brand?post=2662"},{"taxonomy":"product_cat","embeddable":true,"href":"https:\/\/dualgree.com.br\/loja\/wp-json\/wp\/v2\/product_cat?post=2662"},{"taxonomy":"product_tag","embeddable":true,"href":"https:\/\/dualgree.com.br\/loja\/wp-json\/wp\/v2\/product_tag?post=2662"}],"curies":[{"name":"wp","href":"https:\/\/api.w.org\/{rel}","templated":true}]}}