{"id":2665,"date":"2023-11-01T17:36:35","date_gmt":"2023-11-01T17:36:35","guid":{"rendered":"https:\/\/dualgree.com.br\/loja\/produto\/motor-step-da-aleta-ar-condicionado-philco-pac12000tfm9\/"},"modified":"2026-04-27T13:03:02","modified_gmt":"2026-04-27T13:03:02","slug":"motor-step-da-aleta-ar-condicionado-philco-pac12000tfm9","status":"publish","type":"product","link":"https:\/\/dualgree.com.br\/loja\/produto\/motor-step-da-aleta-ar-condicionado-philco-pac12000tfm9\/","title":{"rendered":"Motor Step Da Aleta Ar Condicionado Philco Pac12000tfm9"},"content":{"rendered":"<p>COR DOS FIOS NO CONECTOR LADO LISO<\/p>\n<p>VERMELHO,LARANJA,AMARELO, ROSA, AZUL<\/p>\n<p>\u00a0<\/p>\n<p>\u00a0<\/p>\n","protected":false},"excerpt":{"rendered":"<p><span style=\"color: #666666;font-family: 'Proxima Nova', -apple-system, 'Helvetica Neue', Helvetica, Roboto, Arial, sans-serif;font-size: 20px\">IC1949 &#8211;\u00a0<\/span><span style=\"color: #666666;font-family: 'Proxima Nova', -apple-system, 'Helvetica Neue', Helvetica, Roboto, Arial, sans-serif;font-size: 20px\">Motor da aleta ar condicionado split COMPATIVEL COM Philco PAC9000tfm9.\u00a0<\/span><\/p>\n<p>\u00a0<\/p>\n<p>\u00a0<\/p>\n<p>28byj48-e11<\/p>\n<p>\u00a0<\/p>\n<p><span style=\"color: #666666;font-family: 'Proxima Nova', -apple-system, 'Helvetica Neue', Helvetica, Roboto, Arial, sans-serif;font-size: 20px\">Pac12000tfm9,<\/span><br style=\"margin: 0px;padding: 0px;color: #666666;font-family: 'Proxima Nova', -apple-system, 'Helvetica Neue', Helvetica, Roboto, Arial, sans-serif;font-size: 20px\" \/><span style=\"color: #666666;font-family: 'Proxima Nova', -apple-system, 'Helvetica Neue', Helvetica, Roboto, Arial, sans-serif;font-size: 20px\">Pac12000tQfm9,<\/span><br style=\"margin: 0px;padding: 0px;color: #666666;font-family: 'Proxima Nova', -apple-system, 'Helvetica Neue', Helvetica, Roboto, Arial, sans-serif;font-size: 20px\" \/><span style=\"color: #666666;font-family: 'Proxima Nova', -apple-system, 'Helvetica Neue', Helvetica, Roboto, Arial, sans-serif;font-size: 20px\">Pac9000tQfm9,<\/span><br style=\"margin: 0px;padding: 0px;color: #666666;font-family: 'Proxima Nova', -apple-system, 'Helvetica Neue', Helvetica, Roboto, Arial, sans-serif;font-size: 20px\" \/><span style=\"color: #666666;font-family: 'Proxima Nova', -apple-system, 'Helvetica Neue', Helvetica, Roboto, Arial, sans-serif;font-size: 20px\">Pac12000tQfm11,<\/span><\/p>\n<p>\u00a0<\/p>\n<p><span style=\"color: #666666;font-family: 'Proxima Nova', -apple-system, 'Helvetica Neue', Helvetica, Roboto, Arial, sans-serif;font-size: 20px\">Pac12000tfm9W,<\/span><br style=\"margin: 0px;padding: 0px;color: #666666;font-family: 'Proxima Nova', -apple-system, 'Helvetica Neue', Helvetica, Roboto, Arial, sans-serif;font-size: 20px\" \/><span style=\"color: #666666;font-family: 'Proxima Nova', -apple-system, 'Helvetica Neue', Helvetica, Roboto, Arial, sans-serif;font-size: 20px\">Pac12000tQfm9W,<\/span><br style=\"margin: 0px;padding: 0px;color: #666666;font-family: 'Proxima Nova', -apple-system, 'Helvetica Neue', Helvetica, Roboto, Arial, sans-serif;font-size: 20px\" \/><span style=\"color: #666666;font-family: 'Proxima Nova', -apple-system, 'Helvetica Neue', Helvetica, Roboto, Arial, sans-serif;font-size: 20px\">Pac9000itQfm9W,<\/span><br style=\"margin: 0px;padding: 0px;color: #666666;font-family: 'Proxima Nova', -apple-system, 'Helvetica Neue', Helvetica, Roboto, Arial, sans-serif;font-size: 20px\" \/><span style=\"color: #666666;font-family: 'Proxima Nova', -apple-system, 'Helvetica Neue', Helvetica, Roboto, Arial, sans-serif;font-size: 20px\">Pac9000itQfm9,<\/span><span style=\"color: #666666;font-family: 'Proxima Nova', -apple-system, 'Helvetica Neue', Helvetica, Roboto, Arial, sans-serif;font-size: 20px\"><\/span><\/p>\n<p><span style=\"color: #666666;font-family: 'Proxima Nova', -apple-system, 'Helvetica Neue', Helvetica, Roboto, Arial, sans-serif;font-size: 20px\">Pac9000tfm9,<\/span><span style=\"color: #666666;font-family: 'Proxima Nova', -apple-system, 'Helvetica Neue', Helvetica, Roboto, Arial, sans-serif;font-size: 20px\"><\/span><\/p>\n<p>\u00a0<\/p>\n<p>COR DOS FIOS NO CONECTOR LADO LISO<\/p>\n<p>VERMELHO,LARANJA,AMARELO, ROSA, AZUL<\/p>\n","protected":false},"featured_media":5062,"comment_status":"open","ping_status":"closed","template":"","meta":{"_kadence_starter_templates_imported_post":false,"_kad_post_transparent":"","_kad_post_title":"","_kad_post_layout":"","_kad_post_sidebar_id":"","_kad_post_content_style":"","_kad_post_vertical_padding":"","_kad_post_feature":"","_kad_post_feature_position":"","_kad_post_header":false,"_kad_post_footer":false,"jetpack_publicize_message":"","jetpack_publicize_feature_enabled":true,"jetpack_social_post_already_shared":false,"jetpack_social_options":{"image_generator_settings":{"template":"highway","default_image_id":0,"font":"","enabled":false},"version":2}},"product_brand":[],"product_cat":[183],"product_tag":[],"class_list":{"0":"post-2665","1":"product","2":"type-product","3":"status-publish","4":"has-post-thumbnail","6":"product_cat-philco","8":"first","9":"instock","10":"shipping-taxable","11":"purchasable","12":"product-type-simple","13":"entry","14":"content-bg","15":"loop-entry"},"yoast_head":"<!-- This site is optimized with the Yoast SEO plugin v27.5 - https:\/\/yoast.com\/product\/yoast-seo-wordpress\/ -->\n<title>Motor Step Da Aleta Ar Condicionado Philco Pac12000tfm9 - Loja - Dual Gree Servi\u00e7os | Pe\u00e7as<\/title>\n<meta name=\"description\" content=\"Motor Step Da Aleta Ar Condicionado Philco Pac12000tfm9\" \/>\n<meta name=\"robots\" content=\"index, follow, max-snippet:-1, max-image-preview:large, max-video-preview:-1\" \/>\n<link rel=\"canonical\" href=\"https:\/\/dualgree.com.br\/loja\/produto\/motor-step-da-aleta-ar-condicionado-philco-pac12000tfm9\/\" \/>\n<meta property=\"og:locale\" content=\"pt_BR\" \/>\n<meta property=\"og:type\" content=\"article\" \/>\n<meta property=\"og:title\" content=\"Motor Step Da Aleta Ar Condicionado Philco Pac12000tfm9 - Loja - Dual Gree Servi\u00e7os | Pe\u00e7as\" \/>\n<meta property=\"og:description\" content=\"Motor Step Da Aleta Ar Condicionado Philco Pac12000tfm9\" \/>\n<meta property=\"og:url\" content=\"https:\/\/dualgree.com.br\/loja\/produto\/motor-step-da-aleta-ar-condicionado-philco-pac12000tfm9\/\" \/>\n<meta property=\"og:site_name\" content=\"Loja - Dual Gree Servi\u00e7os | Pe\u00e7as\" \/>\n<meta property=\"article:modified_time\" content=\"2026-04-27T13:03:02+00:00\" \/>\n<meta property=\"og:image\" content=\"https:\/\/dualgree.com.br\/loja\/wp-content\/uploads\/2023\/11\/15228971796_1949-CORESDOCABO.png\" \/>\n\t<meta property=\"og:image:width\" content=\"675\" \/>\n\t<meta property=\"og:image:height\" content=\"1200\" \/>\n\t<meta property=\"og:image:type\" content=\"image\/png\" \/>\n<meta name=\"twitter:card\" content=\"summary_large_image\" \/>\n<meta name=\"twitter:label1\" content=\"Est. tempo de leitura\" \/>\n\t<meta name=\"twitter:data1\" content=\"1 minuto\" \/>\n<script type=\"application\/ld+json\" class=\"yoast-schema-graph\">{\"@context\":\"https:\\\/\\\/schema.org\",\"@graph\":[{\"@type\":\"WebPage\",\"@id\":\"https:\\\/\\\/dualgree.com.br\\\/loja\\\/produto\\\/motor-step-da-aleta-ar-condicionado-philco-pac12000tfm9\\\/\",\"url\":\"https:\\\/\\\/dualgree.com.br\\\/loja\\\/produto\\\/motor-step-da-aleta-ar-condicionado-philco-pac12000tfm9\\\/\",\"name\":\"Motor Step Da Aleta Ar Condicionado Philco Pac12000tfm9 - Loja - Dual Gree Servi\u00e7os | Pe\u00e7as\",\"isPartOf\":{\"@id\":\"https:\\\/\\\/dualgree.com.br\\\/loja\\\/#website\"},\"primaryImageOfPage\":{\"@id\":\"https:\\\/\\\/dualgree.com.br\\\/loja\\\/produto\\\/motor-step-da-aleta-ar-condicionado-philco-pac12000tfm9\\\/#primaryimage\"},\"image\":{\"@id\":\"https:\\\/\\\/dualgree.com.br\\\/loja\\\/produto\\\/motor-step-da-aleta-ar-condicionado-philco-pac12000tfm9\\\/#primaryimage\"},\"thumbnailUrl\":\"https:\\\/\\\/dualgree.com.br\\\/loja\\\/wp-content\\\/uploads\\\/2024\\\/07\\\/15230843099_WhatsApp20Image202023-11-0920at208.45.3520AM-PhotoRoom.png-PhotoRoom.png\",\"datePublished\":\"2023-11-01T17:36:35+00:00\",\"dateModified\":\"2026-04-27T13:03:02+00:00\",\"description\":\"Motor Step Da Aleta Ar Condicionado Philco Pac12000tfm9\",\"breadcrumb\":{\"@id\":\"https:\\\/\\\/dualgree.com.br\\\/loja\\\/produto\\\/motor-step-da-aleta-ar-condicionado-philco-pac12000tfm9\\\/#breadcrumb\"},\"inLanguage\":\"pt-BR\",\"potentialAction\":[{\"@type\":\"ReadAction\",\"target\":[\"https:\\\/\\\/dualgree.com.br\\\/loja\\\/produto\\\/motor-step-da-aleta-ar-condicionado-philco-pac12000tfm9\\\/\"]}]},{\"@type\":\"ImageObject\",\"inLanguage\":\"pt-BR\",\"@id\":\"https:\\\/\\\/dualgree.com.br\\\/loja\\\/produto\\\/motor-step-da-aleta-ar-condicionado-philco-pac12000tfm9\\\/#primaryimage\",\"url\":\"https:\\\/\\\/dualgree.com.br\\\/loja\\\/wp-content\\\/uploads\\\/2024\\\/07\\\/15230843099_WhatsApp20Image202023-11-0920at208.45.3520AM-PhotoRoom.png-PhotoRoom.png\",\"contentUrl\":\"https:\\\/\\\/dualgree.com.br\\\/loja\\\/wp-content\\\/uploads\\\/2024\\\/07\\\/15230843099_WhatsApp20Image202023-11-0920at208.45.3520AM-PhotoRoom.png-PhotoRoom.png\",\"width\":720,\"height\":1280},{\"@type\":\"BreadcrumbList\",\"@id\":\"https:\\\/\\\/dualgree.com.br\\\/loja\\\/produto\\\/motor-step-da-aleta-ar-condicionado-philco-pac12000tfm9\\\/#breadcrumb\",\"itemListElement\":[{\"@type\":\"ListItem\",\"position\":1,\"name\":\"In\u00edcio\",\"item\":\"https:\\\/\\\/dualgree.com.br\\\/loja\\\/\"},{\"@type\":\"ListItem\",\"position\":2,\"name\":\"Loja &#8211; Cat\u00e1logo de Pe\u00e7as\",\"item\":\"https:\\\/\\\/dualgree.com.br\\\/loja\\\/\"},{\"@type\":\"ListItem\",\"position\":3,\"name\":\"Motor Step Da Aleta Ar Condicionado Philco Pac12000tfm9\"}]},{\"@type\":\"WebSite\",\"@id\":\"https:\\\/\\\/dualgree.com.br\\\/loja\\\/#website\",\"url\":\"https:\\\/\\\/dualgree.com.br\\\/loja\\\/\",\"name\":\"Loja - Dual Gree Servi\u00e7os | Partes e Pe\u00e7as\",\"description\":\"Catalogo de Pe\u00e7as para ar condicionado\",\"publisher\":{\"@id\":\"https:\\\/\\\/dualgree.com.br\\\/loja\\\/#organization\"},\"potentialAction\":[{\"@type\":\"SearchAction\",\"target\":{\"@type\":\"EntryPoint\",\"urlTemplate\":\"https:\\\/\\\/dualgree.com.br\\\/loja\\\/?s={search_term_string}\"},\"query-input\":{\"@type\":\"PropertyValueSpecification\",\"valueRequired\":true,\"valueName\":\"search_term_string\"}}],\"inLanguage\":\"pt-BR\"},{\"@type\":\"Organization\",\"@id\":\"https:\\\/\\\/dualgree.com.br\\\/loja\\\/#organization\",\"name\":\"Loja Dual Gree Servi\u00e7o\",\"url\":\"https:\\\/\\\/dualgree.com.br\\\/loja\\\/\",\"logo\":{\"@type\":\"ImageObject\",\"inLanguage\":\"pt-BR\",\"@id\":\"https:\\\/\\\/dualgree.com.br\\\/loja\\\/#\\\/schema\\\/logo\\\/image\\\/\",\"url\":\"https:\\\/\\\/dualgree.com.br\\\/loja\\\/wp-content\\\/uploads\\\/2024\\\/09\\\/teste-logo-ecommerce-dual-1-e1725909304971.png\",\"contentUrl\":\"https:\\\/\\\/dualgree.com.br\\\/loja\\\/wp-content\\\/uploads\\\/2024\\\/09\\\/teste-logo-ecommerce-dual-1-e1725909304971.png\",\"width\":470,\"height\":157,\"caption\":\"Loja Dual Gree Servi\u00e7o\"},\"image\":{\"@id\":\"https:\\\/\\\/dualgree.com.br\\\/loja\\\/#\\\/schema\\\/logo\\\/image\\\/\"}}]}<\/script>\n<!-- \/ Yoast SEO plugin. -->","yoast_head_json":{"title":"Motor Step Da Aleta Ar Condicionado Philco Pac12000tfm9 - Loja - Dual Gree Servi\u00e7os | Pe\u00e7as","description":"Motor Step Da Aleta Ar Condicionado Philco Pac12000tfm9","robots":{"index":"index","follow":"follow","max-snippet":"max-snippet:-1","max-image-preview":"max-image-preview:large","max-video-preview":"max-video-preview:-1"},"canonical":"https:\/\/dualgree.com.br\/loja\/produto\/motor-step-da-aleta-ar-condicionado-philco-pac12000tfm9\/","og_locale":"pt_BR","og_type":"article","og_title":"Motor Step Da Aleta Ar Condicionado Philco Pac12000tfm9 - Loja - Dual Gree Servi\u00e7os | Pe\u00e7as","og_description":"Motor Step Da Aleta Ar Condicionado Philco Pac12000tfm9","og_url":"https:\/\/dualgree.com.br\/loja\/produto\/motor-step-da-aleta-ar-condicionado-philco-pac12000tfm9\/","og_site_name":"Loja - Dual Gree Servi\u00e7os | Pe\u00e7as","article_modified_time":"2026-04-27T13:03:02+00:00","og_image":[{"width":675,"height":1200,"url":"https:\/\/dualgree.com.br\/loja\/wp-content\/uploads\/2023\/11\/15228971796_1949-CORESDOCABO.png","type":"image\/png"}],"twitter_card":"summary_large_image","twitter_misc":{"Est. tempo de leitura":"1 minuto"},"schema":{"@context":"https:\/\/schema.org","@graph":[{"@type":"WebPage","@id":"https:\/\/dualgree.com.br\/loja\/produto\/motor-step-da-aleta-ar-condicionado-philco-pac12000tfm9\/","url":"https:\/\/dualgree.com.br\/loja\/produto\/motor-step-da-aleta-ar-condicionado-philco-pac12000tfm9\/","name":"Motor Step Da Aleta Ar Condicionado Philco Pac12000tfm9 - Loja - Dual Gree Servi\u00e7os | Pe\u00e7as","isPartOf":{"@id":"https:\/\/dualgree.com.br\/loja\/#website"},"primaryImageOfPage":{"@id":"https:\/\/dualgree.com.br\/loja\/produto\/motor-step-da-aleta-ar-condicionado-philco-pac12000tfm9\/#primaryimage"},"image":{"@id":"https:\/\/dualgree.com.br\/loja\/produto\/motor-step-da-aleta-ar-condicionado-philco-pac12000tfm9\/#primaryimage"},"thumbnailUrl":"https:\/\/dualgree.com.br\/loja\/wp-content\/uploads\/2024\/07\/15230843099_WhatsApp20Image202023-11-0920at208.45.3520AM-PhotoRoom.png-PhotoRoom.png","datePublished":"2023-11-01T17:36:35+00:00","dateModified":"2026-04-27T13:03:02+00:00","description":"Motor Step Da Aleta Ar Condicionado Philco Pac12000tfm9","breadcrumb":{"@id":"https:\/\/dualgree.com.br\/loja\/produto\/motor-step-da-aleta-ar-condicionado-philco-pac12000tfm9\/#breadcrumb"},"inLanguage":"pt-BR","potentialAction":[{"@type":"ReadAction","target":["https:\/\/dualgree.com.br\/loja\/produto\/motor-step-da-aleta-ar-condicionado-philco-pac12000tfm9\/"]}]},{"@type":"ImageObject","inLanguage":"pt-BR","@id":"https:\/\/dualgree.com.br\/loja\/produto\/motor-step-da-aleta-ar-condicionado-philco-pac12000tfm9\/#primaryimage","url":"https:\/\/dualgree.com.br\/loja\/wp-content\/uploads\/2024\/07\/15230843099_WhatsApp20Image202023-11-0920at208.45.3520AM-PhotoRoom.png-PhotoRoom.png","contentUrl":"https:\/\/dualgree.com.br\/loja\/wp-content\/uploads\/2024\/07\/15230843099_WhatsApp20Image202023-11-0920at208.45.3520AM-PhotoRoom.png-PhotoRoom.png","width":720,"height":1280},{"@type":"BreadcrumbList","@id":"https:\/\/dualgree.com.br\/loja\/produto\/motor-step-da-aleta-ar-condicionado-philco-pac12000tfm9\/#breadcrumb","itemListElement":[{"@type":"ListItem","position":1,"name":"In\u00edcio","item":"https:\/\/dualgree.com.br\/loja\/"},{"@type":"ListItem","position":2,"name":"Loja &#8211; Cat\u00e1logo de Pe\u00e7as","item":"https:\/\/dualgree.com.br\/loja\/"},{"@type":"ListItem","position":3,"name":"Motor Step Da Aleta Ar Condicionado Philco Pac12000tfm9"}]},{"@type":"WebSite","@id":"https:\/\/dualgree.com.br\/loja\/#website","url":"https:\/\/dualgree.com.br\/loja\/","name":"Loja - Dual Gree Servi\u00e7os | Partes e Pe\u00e7as","description":"Catalogo de Pe\u00e7as para ar condicionado","publisher":{"@id":"https:\/\/dualgree.com.br\/loja\/#organization"},"potentialAction":[{"@type":"SearchAction","target":{"@type":"EntryPoint","urlTemplate":"https:\/\/dualgree.com.br\/loja\/?s={search_term_string}"},"query-input":{"@type":"PropertyValueSpecification","valueRequired":true,"valueName":"search_term_string"}}],"inLanguage":"pt-BR"},{"@type":"Organization","@id":"https:\/\/dualgree.com.br\/loja\/#organization","name":"Loja Dual Gree Servi\u00e7o","url":"https:\/\/dualgree.com.br\/loja\/","logo":{"@type":"ImageObject","inLanguage":"pt-BR","@id":"https:\/\/dualgree.com.br\/loja\/#\/schema\/logo\/image\/","url":"https:\/\/dualgree.com.br\/loja\/wp-content\/uploads\/2024\/09\/teste-logo-ecommerce-dual-1-e1725909304971.png","contentUrl":"https:\/\/dualgree.com.br\/loja\/wp-content\/uploads\/2024\/09\/teste-logo-ecommerce-dual-1-e1725909304971.png","width":470,"height":157,"caption":"Loja Dual Gree Servi\u00e7o"},"image":{"@id":"https:\/\/dualgree.com.br\/loja\/#\/schema\/logo\/image\/"}}]}},"jetpack_publicize_connections":[],"jetpack_sharing_enabled":true,"jetpack_likes_enabled":true,"_links":{"self":[{"href":"https:\/\/dualgree.com.br\/loja\/wp-json\/wp\/v2\/product\/2665","targetHints":{"allow":["GET"]}}],"collection":[{"href":"https:\/\/dualgree.com.br\/loja\/wp-json\/wp\/v2\/product"}],"about":[{"href":"https:\/\/dualgree.com.br\/loja\/wp-json\/wp\/v2\/types\/product"}],"replies":[{"embeddable":true,"href":"https:\/\/dualgree.com.br\/loja\/wp-json\/wp\/v2\/comments?post=2665"}],"wp:featuredmedia":[{"embeddable":true,"href":"https:\/\/dualgree.com.br\/loja\/wp-json\/wp\/v2\/media\/5062"}],"wp:attachment":[{"href":"https:\/\/dualgree.com.br\/loja\/wp-json\/wp\/v2\/media?parent=2665"}],"wp:term":[{"taxonomy":"product_brand","embeddable":true,"href":"https:\/\/dualgree.com.br\/loja\/wp-json\/wp\/v2\/product_brand?post=2665"},{"taxonomy":"product_cat","embeddable":true,"href":"https:\/\/dualgree.com.br\/loja\/wp-json\/wp\/v2\/product_cat?post=2665"},{"taxonomy":"product_tag","embeddable":true,"href":"https:\/\/dualgree.com.br\/loja\/wp-json\/wp\/v2\/product_tag?post=2665"}],"curies":[{"name":"wp","href":"https:\/\/api.w.org\/{rel}","templated":true}]}}