{"id":2671,"date":"2023-11-06T10:07:15","date_gmt":"2023-11-06T10:07:15","guid":{"rendered":"https:\/\/dualgree.com.br\/loja\/produto\/filtro-tela-evaporadora-ar-condicionado-consul-cbf07o-cbv07b-cbv09b\/"},"modified":"2026-03-12T12:09:20","modified_gmt":"2026-03-12T12:09:20","slug":"filtro-tela-evaporadora-ar-condicionado-consul-cbf07o-cbv07b-cbv09b","status":"publish","type":"product","link":"https:\/\/dualgree.com.br\/loja\/produto\/filtro-tela-evaporadora-ar-condicionado-consul-cbf07o-cbv07b-cbv09b\/","title":{"rendered":"Filtro Tela Evaporadora Ar Condicionado Consul CBF07Obbna CB..."},"content":{"rendered":"<p>Para comprar este filtro informe com foto seu modelo para liberar o estoque. Fale com vendedor<\/p>\n<p>\u00a0<\/p>\n<p>ic2359 &#8211; 1x unidade de Filtro tela do ar condicionado compat\u00edvel com Consul.<\/p>\n<p>\u00a0<\/p>\n<p>Compat\u00edvel apenas para os modelos:<\/p>\n<p>CBF07obbna,\u00a0<\/p>\n<p>CBV07BBBna,<\/p>\n<p>CBU07Bbbna,<\/p>\n<p>\u00a0<\/p>\n<p>\u00a0<\/p>\n<p>Aten\u00e7\u00e3o:<\/p>\n<p>\u00a0<\/p>\n<p>N\u00e3o serve e n\u00e3o \u00e9 compat\u00edvel em capacidades 9000 e\u00a0 modelo CBV07DBBNA, CBV09CBBNA\u00a0CBV09DBBNA tamanho diferentes !!!!!\u00a0. N\u00c3O COMPRE&#8230;.<\/p>\n<p>\u00a0<\/p>\n<p>Confirme seu modelo antes de compra. evite transtornos.<\/p>\n<p>\u00a0<\/p>\n<p>Elemento filtrante do ar condicionado split\u00a0<\/p>\n<p>\u00a0<\/p>\n<p>Adicionar no carrinho para comprar mais pe\u00e7as<\/p>\n<p>\u00a0<\/p>\n<p>comprimento 32cm<\/p>\n<p>Largura\u00a0 25cm<\/p>\n<p>\u00a0<\/p>\n<p>\u00a0<\/p>\n<p>\u00a0<\/p>\n","protected":false},"excerpt":{"rendered":"<p>1x undidade de Filtro tela do ar condicionado compativel com Consul<\/p>\n<p>\u00a0<\/p>\n<p>elemento filtrante do ar condicionado split\u00a0<\/p>\n<p>\u00a0<\/p>\n<p>Adicionar no carrinho para adiquiri mais pe\u00e7as<\/p>\n<p>\u00a0<\/p>\n<p>comprimento 32cm<\/p>\n<p>Largura\u00a0 25cm<\/p>\n<p>\u00a0<\/p>\n<p>CBF07obbna\u00a0<\/p>\n<p>CBV07BBBna<\/p>\n<p>CBU07bbbna\u00a0<\/p>\n<p>\u00a0<\/p>\n<p>N\u00e3o serve em capacidades 9000 e\u00a0 modelo CBV07DBB\u00a0 tamanho diferentes !!!!!\u00a0<\/p>\n","protected":false},"featured_media":15641,"comment_status":"open","ping_status":"closed","template":"","meta":{"_kadence_starter_templates_imported_post":false,"_kad_post_transparent":"","_kad_post_title":"","_kad_post_layout":"","_kad_post_sidebar_id":"","_kad_post_content_style":"","_kad_post_vertical_padding":"","_kad_post_feature":"","_kad_post_feature_position":"","_kad_post_header":false,"_kad_post_footer":false,"jetpack_publicize_message":"","jetpack_publicize_feature_enabled":true,"jetpack_social_post_already_shared":false,"jetpack_social_options":{"image_generator_settings":{"template":"highway","default_image_id":0,"font":"","enabled":false},"version":2}},"product_brand":[],"product_cat":[194],"product_tag":[],"class_list":{"0":"post-2671","1":"product","2":"type-product","3":"status-publish","4":"has-post-thumbnail","6":"product_cat-filtro-tela-split","8":"first","9":"outofstock","10":"shipping-taxable","11":"purchasable","12":"product-type-simple","13":"entry","14":"content-bg","15":"loop-entry"},"yoast_head":"<!-- This site is optimized with the Yoast SEO plugin v27.5 - https:\/\/yoast.com\/product\/yoast-seo-wordpress\/ -->\n<title>Filtro Tela Evaporadora Ar Condicionado Consul CBF07Obbna CBV07Bbbna - Loja - Dual Gree Servi\u00e7os | Pe\u00e7as<\/title>\n<meta name=\"robots\" content=\"index, follow, max-snippet:-1, max-image-preview:large, max-video-preview:-1\" \/>\n<link rel=\"canonical\" href=\"https:\/\/dualgree.com.br\/loja\/produto\/filtro-tela-evaporadora-ar-condicionado-consul-cbf07o-cbv07b-cbv09b\/\" \/>\n<meta property=\"og:locale\" content=\"pt_BR\" \/>\n<meta property=\"og:type\" content=\"article\" \/>\n<meta property=\"og:title\" content=\"Filtro Tela Evaporadora Ar Condicionado Consul CBF07Obbna CBV07Bbbna - Loja - Dual Gree Servi\u00e7os | Pe\u00e7as\" \/>\n<meta property=\"og:description\" content=\"1x undidade de Filtro tela do ar condicionado compativel com Consul \u00a0 elemento filtrante do ar condicionado split\u00a0 \u00a0 Adicionar no carrinho para adiquiri mais pe\u00e7as \u00a0 comprimento 32cm Largura\u00a0 25cm \u00a0 CBF07obbna\u00a0 CBV07BBBna CBU07bbbna\u00a0 \u00a0 N\u00e3o serve em capacidades 9000 e\u00a0 modelo CBV07DBB\u00a0 tamanho diferentes !!!!!\u00a0\" \/>\n<meta property=\"og:url\" content=\"https:\/\/dualgree.com.br\/loja\/produto\/filtro-tela-evaporadora-ar-condicionado-consul-cbf07o-cbv07b-cbv09b\/\" \/>\n<meta property=\"og:site_name\" content=\"Loja - Dual Gree Servi\u00e7os | Pe\u00e7as\" \/>\n<meta property=\"article:modified_time\" content=\"2026-03-12T12:09:20+00:00\" \/>\n<meta property=\"og:image\" content=\"https:\/\/dualgree.com.br\/loja\/wp-content\/uploads\/2023\/11\/15229811433_2359-Filtro20tela20_Consul-CBF07obbna_CBV07BBBNA_CBV09BBBNA.jpg\" \/>\n\t<meta property=\"og:image:width\" content=\"1200\" \/>\n\t<meta property=\"og:image:height\" content=\"1200\" \/>\n\t<meta property=\"og:image:type\" content=\"image\/jpeg\" \/>\n<meta name=\"twitter:card\" content=\"summary_large_image\" \/>\n<script type=\"application\/ld+json\" class=\"yoast-schema-graph\">{\"@context\":\"https:\\\/\\\/schema.org\",\"@graph\":[{\"@type\":\"WebPage\",\"@id\":\"https:\\\/\\\/dualgree.com.br\\\/loja\\\/produto\\\/filtro-tela-evaporadora-ar-condicionado-consul-cbf07o-cbv07b-cbv09b\\\/\",\"url\":\"https:\\\/\\\/dualgree.com.br\\\/loja\\\/produto\\\/filtro-tela-evaporadora-ar-condicionado-consul-cbf07o-cbv07b-cbv09b\\\/\",\"name\":\"Filtro Tela Evaporadora Ar Condicionado Consul CBF07Obbna CBV07Bbbna - Loja - Dual Gree Servi\u00e7os | Pe\u00e7as\",\"isPartOf\":{\"@id\":\"https:\\\/\\\/dualgree.com.br\\\/loja\\\/#website\"},\"primaryImageOfPage\":{\"@id\":\"https:\\\/\\\/dualgree.com.br\\\/loja\\\/produto\\\/filtro-tela-evaporadora-ar-condicionado-consul-cbf07o-cbv07b-cbv09b\\\/#primaryimage\"},\"image\":{\"@id\":\"https:\\\/\\\/dualgree.com.br\\\/loja\\\/produto\\\/filtro-tela-evaporadora-ar-condicionado-consul-cbf07o-cbv07b-cbv09b\\\/#primaryimage\"},\"thumbnailUrl\":\"https:\\\/\\\/dualgree.com.br\\\/loja\\\/wp-content\\\/uploads\\\/2026\\\/03\\\/15229811433-2359-filtro-tela-consul-cbf07obbna-cbv07bbbna-cbv09bbbna.webp\",\"datePublished\":\"2023-11-06T10:07:15+00:00\",\"dateModified\":\"2026-03-12T12:09:20+00:00\",\"breadcrumb\":{\"@id\":\"https:\\\/\\\/dualgree.com.br\\\/loja\\\/produto\\\/filtro-tela-evaporadora-ar-condicionado-consul-cbf07o-cbv07b-cbv09b\\\/#breadcrumb\"},\"inLanguage\":\"pt-BR\",\"potentialAction\":[{\"@type\":\"ReadAction\",\"target\":[\"https:\\\/\\\/dualgree.com.br\\\/loja\\\/produto\\\/filtro-tela-evaporadora-ar-condicionado-consul-cbf07o-cbv07b-cbv09b\\\/\"]}]},{\"@type\":\"ImageObject\",\"inLanguage\":\"pt-BR\",\"@id\":\"https:\\\/\\\/dualgree.com.br\\\/loja\\\/produto\\\/filtro-tela-evaporadora-ar-condicionado-consul-cbf07o-cbv07b-cbv09b\\\/#primaryimage\",\"url\":\"https:\\\/\\\/dualgree.com.br\\\/loja\\\/wp-content\\\/uploads\\\/2026\\\/03\\\/15229811433-2359-filtro-tela-consul-cbf07obbna-cbv07bbbna-cbv09bbbna.webp\",\"contentUrl\":\"https:\\\/\\\/dualgree.com.br\\\/loja\\\/wp-content\\\/uploads\\\/2026\\\/03\\\/15229811433-2359-filtro-tela-consul-cbf07obbna-cbv07bbbna-cbv09bbbna.webp\",\"width\":1200,\"height\":1200},{\"@type\":\"BreadcrumbList\",\"@id\":\"https:\\\/\\\/dualgree.com.br\\\/loja\\\/produto\\\/filtro-tela-evaporadora-ar-condicionado-consul-cbf07o-cbv07b-cbv09b\\\/#breadcrumb\",\"itemListElement\":[{\"@type\":\"ListItem\",\"position\":1,\"name\":\"In\u00edcio\",\"item\":\"https:\\\/\\\/dualgree.com.br\\\/loja\\\/\"},{\"@type\":\"ListItem\",\"position\":2,\"name\":\"Loja &#8211; Cat\u00e1logo de Pe\u00e7as\",\"item\":\"https:\\\/\\\/dualgree.com.br\\\/loja\\\/\"},{\"@type\":\"ListItem\",\"position\":3,\"name\":\"Filtro Tela Evaporadora Ar Condicionado Consul CBF07Obbna CB...\"}]},{\"@type\":\"WebSite\",\"@id\":\"https:\\\/\\\/dualgree.com.br\\\/loja\\\/#website\",\"url\":\"https:\\\/\\\/dualgree.com.br\\\/loja\\\/\",\"name\":\"Loja - Dual Gree Servi\u00e7os | Partes e Pe\u00e7as\",\"description\":\"Catalogo de Pe\u00e7as para ar condicionado\",\"publisher\":{\"@id\":\"https:\\\/\\\/dualgree.com.br\\\/loja\\\/#organization\"},\"potentialAction\":[{\"@type\":\"SearchAction\",\"target\":{\"@type\":\"EntryPoint\",\"urlTemplate\":\"https:\\\/\\\/dualgree.com.br\\\/loja\\\/?s={search_term_string}\"},\"query-input\":{\"@type\":\"PropertyValueSpecification\",\"valueRequired\":true,\"valueName\":\"search_term_string\"}}],\"inLanguage\":\"pt-BR\"},{\"@type\":\"Organization\",\"@id\":\"https:\\\/\\\/dualgree.com.br\\\/loja\\\/#organization\",\"name\":\"Loja Dual Gree Servi\u00e7o\",\"url\":\"https:\\\/\\\/dualgree.com.br\\\/loja\\\/\",\"logo\":{\"@type\":\"ImageObject\",\"inLanguage\":\"pt-BR\",\"@id\":\"https:\\\/\\\/dualgree.com.br\\\/loja\\\/#\\\/schema\\\/logo\\\/image\\\/\",\"url\":\"https:\\\/\\\/dualgree.com.br\\\/loja\\\/wp-content\\\/uploads\\\/2024\\\/09\\\/teste-logo-ecommerce-dual-1-e1725909304971.png\",\"contentUrl\":\"https:\\\/\\\/dualgree.com.br\\\/loja\\\/wp-content\\\/uploads\\\/2024\\\/09\\\/teste-logo-ecommerce-dual-1-e1725909304971.png\",\"width\":470,\"height\":157,\"caption\":\"Loja Dual Gree Servi\u00e7o\"},\"image\":{\"@id\":\"https:\\\/\\\/dualgree.com.br\\\/loja\\\/#\\\/schema\\\/logo\\\/image\\\/\"}}]}<\/script>\n<!-- \/ Yoast SEO plugin. -->","yoast_head_json":{"title":"Filtro Tela Evaporadora Ar Condicionado Consul CBF07Obbna CBV07Bbbna - Loja - Dual Gree Servi\u00e7os | Pe\u00e7as","robots":{"index":"index","follow":"follow","max-snippet":"max-snippet:-1","max-image-preview":"max-image-preview:large","max-video-preview":"max-video-preview:-1"},"canonical":"https:\/\/dualgree.com.br\/loja\/produto\/filtro-tela-evaporadora-ar-condicionado-consul-cbf07o-cbv07b-cbv09b\/","og_locale":"pt_BR","og_type":"article","og_title":"Filtro Tela Evaporadora Ar Condicionado Consul CBF07Obbna CBV07Bbbna - Loja - Dual Gree Servi\u00e7os | Pe\u00e7as","og_description":"1x undidade de Filtro tela do ar condicionado compativel com Consul \u00a0 elemento filtrante do ar condicionado split\u00a0 \u00a0 Adicionar no carrinho para adiquiri mais pe\u00e7as \u00a0 comprimento 32cm Largura\u00a0 25cm \u00a0 CBF07obbna\u00a0 CBV07BBBna CBU07bbbna\u00a0 \u00a0 N\u00e3o serve em capacidades 9000 e\u00a0 modelo CBV07DBB\u00a0 tamanho diferentes !!!!!\u00a0","og_url":"https:\/\/dualgree.com.br\/loja\/produto\/filtro-tela-evaporadora-ar-condicionado-consul-cbf07o-cbv07b-cbv09b\/","og_site_name":"Loja - Dual Gree Servi\u00e7os | Pe\u00e7as","article_modified_time":"2026-03-12T12:09:20+00:00","og_image":[{"width":1200,"height":1200,"url":"https:\/\/dualgree.com.br\/loja\/wp-content\/uploads\/2023\/11\/15229811433_2359-Filtro20tela20_Consul-CBF07obbna_CBV07BBBNA_CBV09BBBNA.jpg","type":"image\/jpeg"}],"twitter_card":"summary_large_image","schema":{"@context":"https:\/\/schema.org","@graph":[{"@type":"WebPage","@id":"https:\/\/dualgree.com.br\/loja\/produto\/filtro-tela-evaporadora-ar-condicionado-consul-cbf07o-cbv07b-cbv09b\/","url":"https:\/\/dualgree.com.br\/loja\/produto\/filtro-tela-evaporadora-ar-condicionado-consul-cbf07o-cbv07b-cbv09b\/","name":"Filtro Tela Evaporadora Ar Condicionado Consul CBF07Obbna CBV07Bbbna - Loja - Dual Gree Servi\u00e7os | Pe\u00e7as","isPartOf":{"@id":"https:\/\/dualgree.com.br\/loja\/#website"},"primaryImageOfPage":{"@id":"https:\/\/dualgree.com.br\/loja\/produto\/filtro-tela-evaporadora-ar-condicionado-consul-cbf07o-cbv07b-cbv09b\/#primaryimage"},"image":{"@id":"https:\/\/dualgree.com.br\/loja\/produto\/filtro-tela-evaporadora-ar-condicionado-consul-cbf07o-cbv07b-cbv09b\/#primaryimage"},"thumbnailUrl":"https:\/\/dualgree.com.br\/loja\/wp-content\/uploads\/2026\/03\/15229811433-2359-filtro-tela-consul-cbf07obbna-cbv07bbbna-cbv09bbbna.webp","datePublished":"2023-11-06T10:07:15+00:00","dateModified":"2026-03-12T12:09:20+00:00","breadcrumb":{"@id":"https:\/\/dualgree.com.br\/loja\/produto\/filtro-tela-evaporadora-ar-condicionado-consul-cbf07o-cbv07b-cbv09b\/#breadcrumb"},"inLanguage":"pt-BR","potentialAction":[{"@type":"ReadAction","target":["https:\/\/dualgree.com.br\/loja\/produto\/filtro-tela-evaporadora-ar-condicionado-consul-cbf07o-cbv07b-cbv09b\/"]}]},{"@type":"ImageObject","inLanguage":"pt-BR","@id":"https:\/\/dualgree.com.br\/loja\/produto\/filtro-tela-evaporadora-ar-condicionado-consul-cbf07o-cbv07b-cbv09b\/#primaryimage","url":"https:\/\/dualgree.com.br\/loja\/wp-content\/uploads\/2026\/03\/15229811433-2359-filtro-tela-consul-cbf07obbna-cbv07bbbna-cbv09bbbna.webp","contentUrl":"https:\/\/dualgree.com.br\/loja\/wp-content\/uploads\/2026\/03\/15229811433-2359-filtro-tela-consul-cbf07obbna-cbv07bbbna-cbv09bbbna.webp","width":1200,"height":1200},{"@type":"BreadcrumbList","@id":"https:\/\/dualgree.com.br\/loja\/produto\/filtro-tela-evaporadora-ar-condicionado-consul-cbf07o-cbv07b-cbv09b\/#breadcrumb","itemListElement":[{"@type":"ListItem","position":1,"name":"In\u00edcio","item":"https:\/\/dualgree.com.br\/loja\/"},{"@type":"ListItem","position":2,"name":"Loja &#8211; Cat\u00e1logo de Pe\u00e7as","item":"https:\/\/dualgree.com.br\/loja\/"},{"@type":"ListItem","position":3,"name":"Filtro Tela Evaporadora Ar Condicionado Consul CBF07Obbna CB..."}]},{"@type":"WebSite","@id":"https:\/\/dualgree.com.br\/loja\/#website","url":"https:\/\/dualgree.com.br\/loja\/","name":"Loja - Dual Gree Servi\u00e7os | Partes e Pe\u00e7as","description":"Catalogo de Pe\u00e7as para ar condicionado","publisher":{"@id":"https:\/\/dualgree.com.br\/loja\/#organization"},"potentialAction":[{"@type":"SearchAction","target":{"@type":"EntryPoint","urlTemplate":"https:\/\/dualgree.com.br\/loja\/?s={search_term_string}"},"query-input":{"@type":"PropertyValueSpecification","valueRequired":true,"valueName":"search_term_string"}}],"inLanguage":"pt-BR"},{"@type":"Organization","@id":"https:\/\/dualgree.com.br\/loja\/#organization","name":"Loja Dual Gree Servi\u00e7o","url":"https:\/\/dualgree.com.br\/loja\/","logo":{"@type":"ImageObject","inLanguage":"pt-BR","@id":"https:\/\/dualgree.com.br\/loja\/#\/schema\/logo\/image\/","url":"https:\/\/dualgree.com.br\/loja\/wp-content\/uploads\/2024\/09\/teste-logo-ecommerce-dual-1-e1725909304971.png","contentUrl":"https:\/\/dualgree.com.br\/loja\/wp-content\/uploads\/2024\/09\/teste-logo-ecommerce-dual-1-e1725909304971.png","width":470,"height":157,"caption":"Loja Dual Gree Servi\u00e7o"},"image":{"@id":"https:\/\/dualgree.com.br\/loja\/#\/schema\/logo\/image\/"}}]}},"jetpack_publicize_connections":[],"jetpack_sharing_enabled":true,"jetpack_likes_enabled":true,"_links":{"self":[{"href":"https:\/\/dualgree.com.br\/loja\/wp-json\/wp\/v2\/product\/2671","targetHints":{"allow":["GET"]}}],"collection":[{"href":"https:\/\/dualgree.com.br\/loja\/wp-json\/wp\/v2\/product"}],"about":[{"href":"https:\/\/dualgree.com.br\/loja\/wp-json\/wp\/v2\/types\/product"}],"replies":[{"embeddable":true,"href":"https:\/\/dualgree.com.br\/loja\/wp-json\/wp\/v2\/comments?post=2671"}],"wp:featuredmedia":[{"embeddable":true,"href":"https:\/\/dualgree.com.br\/loja\/wp-json\/wp\/v2\/media\/15641"}],"wp:attachment":[{"href":"https:\/\/dualgree.com.br\/loja\/wp-json\/wp\/v2\/media?parent=2671"}],"wp:term":[{"taxonomy":"product_brand","embeddable":true,"href":"https:\/\/dualgree.com.br\/loja\/wp-json\/wp\/v2\/product_brand?post=2671"},{"taxonomy":"product_cat","embeddable":true,"href":"https:\/\/dualgree.com.br\/loja\/wp-json\/wp\/v2\/product_cat?post=2671"},{"taxonomy":"product_tag","embeddable":true,"href":"https:\/\/dualgree.com.br\/loja\/wp-json\/wp\/v2\/product_tag?post=2671"}],"curies":[{"name":"wp","href":"https:\/\/api.w.org\/{rel}","templated":true}]}}