{"id":2675,"date":"2023-11-06T14:00:21","date_gmt":"2023-11-06T14:00:21","guid":{"rendered":"https:\/\/dualgree.com.br\/loja\/produto\/suporte-do-evaporador-compativel-com-philco-pac9000tqfm9\/"},"modified":"2026-01-29T17:27:08","modified_gmt":"2026-01-29T17:27:08","slug":"suporte-do-evaporador-compativel-com-philco-pac9000tqfm9","status":"publish","type":"product","link":"https:\/\/dualgree.com.br\/loja\/produto\/suporte-do-evaporador-compativel-com-philco-pac9000tqfm9\/","title":{"rendered":"Suporte Do Evaporador compativel com Philco Pac9000tqfm9"},"content":{"rendered":"<p>Suporte Do Evaporador compativel com Philco Pac9000tqfm9<\/p>\n","protected":false},"excerpt":{"rendered":"<p>Suporte metalico para ar condicionado Split compativel com Philco<\/p>\n<p>S\u00f3 serve nas marcas e modelos da descri\u00e7\u00e3o se sua marca e modelo n\u00e3o se encontra aki ent\u00e3o n\u00e3o serve<\/p>\n<p>N\u00e3o vou passar medidas da pe\u00e7as s\u00f3 compre se o modelo for compat\u00edvel !!!<\/p>\n<p>Compativel com modelos abaixo:<\/p>\n<p>PAC12000TFM9, PAC12000TQFM9,\u00a0 PAS9200F1, PAS9000IFM4,\u00a0 \u00a0PAC9000ITFM9W<\/p>\n<p>PAC12000TFM11, BAC12000TFM9, BAC12000ITFM9W, BAC9000TFM9<\/p>\n<p>ar condicionado split Britania BAC12000ITFM9W<\/p>\n<p>ar condicionado split Philco PAC9000itfm9w wifi<\/p>\n<p>ar condicionado split Philco PAC12000TFM9,<\/p>\n<p>ar condicionado split Philco PAC12000TQFM9,<\/p>\n<p>ar condicionado split Philco PAS9200F1, wifi<\/p>\n<p>ar condicionado split Philco PAC12000TFM11,<\/p>\n<p>ar condicionado split Britania BAC12000TFM9<\/p>\n<p>ar condicionado split Britania BAC9000TFM9<\/p>\n","protected":false},"featured_media":2674,"comment_status":"open","ping_status":"closed","template":"","meta":{"_kadence_starter_templates_imported_post":false,"_kad_post_transparent":"","_kad_post_title":"","_kad_post_layout":"","_kad_post_sidebar_id":"","_kad_post_content_style":"","_kad_post_vertical_padding":"","_kad_post_feature":"","_kad_post_feature_position":"","_kad_post_header":false,"_kad_post_footer":false,"jetpack_publicize_message":"","jetpack_publicize_feature_enabled":true,"jetpack_social_post_already_shared":false,"jetpack_social_options":{"image_generator_settings":{"template":"highway","default_image_id":0,"font":"","enabled":false},"version":2}},"product_brand":[],"product_cat":[183,248],"product_tag":[],"class_list":{"0":"post-2675","1":"product","2":"type-product","3":"status-publish","4":"has-post-thumbnail","6":"product_cat-philco","7":"product_cat-suporte-metalico-evaporadora-split","9":"first","10":"instock","11":"shipping-taxable","12":"purchasable","13":"product-type-simple","14":"entry","15":"content-bg","16":"loop-entry"},"yoast_head":"<!-- This site is optimized with the Yoast SEO plugin v27.5 - https:\/\/yoast.com\/product\/yoast-seo-wordpress\/ -->\n<title>Suporte Do Evaporador compativel com Philco Pac9000tqfm9 - Loja - Dual Gree Servi\u00e7os | Pe\u00e7as<\/title>\n<meta name=\"description\" content=\"Suporte Do Evaporador compativel com Philco Pac9000tqfm9\" \/>\n<meta name=\"robots\" content=\"index, follow, max-snippet:-1, max-image-preview:large, max-video-preview:-1\" \/>\n<link rel=\"canonical\" href=\"https:\/\/dualgree.com.br\/loja\/produto\/suporte-do-evaporador-compativel-com-philco-pac9000tqfm9\/\" \/>\n<meta property=\"og:locale\" content=\"pt_BR\" \/>\n<meta property=\"og:type\" content=\"article\" \/>\n<meta property=\"og:title\" content=\"Suporte Do Evaporador compativel com Philco Pac9000tqfm9 - Loja - Dual Gree Servi\u00e7os | Pe\u00e7as\" \/>\n<meta property=\"og:description\" content=\"Suporte Do Evaporador compativel com Philco Pac9000tqfm9\" \/>\n<meta property=\"og:url\" content=\"https:\/\/dualgree.com.br\/loja\/produto\/suporte-do-evaporador-compativel-com-philco-pac9000tqfm9\/\" \/>\n<meta property=\"og:site_name\" content=\"Loja - Dual Gree Servi\u00e7os | Pe\u00e7as\" \/>\n<meta property=\"article:modified_time\" content=\"2026-01-29T17:27:08+00:00\" \/>\n<meta property=\"og:image\" content=\"https:\/\/dualgree.com.br\/loja\/wp-content\/uploads\/2023\/11\/15229856866_1914-Suporte20metalico-Philco-pac-bac-12000tfm9-12000tfm9-9000.jpg\" \/>\n\t<meta property=\"og:image:width\" content=\"1200\" \/>\n\t<meta property=\"og:image:height\" content=\"1200\" \/>\n\t<meta property=\"og:image:type\" content=\"image\/jpeg\" \/>\n<meta name=\"twitter:card\" content=\"summary_large_image\" \/>\n<meta name=\"twitter:label1\" content=\"Est. tempo de leitura\" \/>\n\t<meta name=\"twitter:data1\" content=\"1 minuto\" \/>\n<script type=\"application\/ld+json\" class=\"yoast-schema-graph\">{\"@context\":\"https:\\\/\\\/schema.org\",\"@graph\":[{\"@type\":\"WebPage\",\"@id\":\"https:\\\/\\\/dualgree.com.br\\\/loja\\\/produto\\\/suporte-do-evaporador-compativel-com-philco-pac9000tqfm9\\\/\",\"url\":\"https:\\\/\\\/dualgree.com.br\\\/loja\\\/produto\\\/suporte-do-evaporador-compativel-com-philco-pac9000tqfm9\\\/\",\"name\":\"Suporte Do Evaporador compativel com Philco Pac9000tqfm9 - Loja - Dual Gree Servi\u00e7os | Pe\u00e7as\",\"isPartOf\":{\"@id\":\"https:\\\/\\\/dualgree.com.br\\\/loja\\\/#website\"},\"primaryImageOfPage\":{\"@id\":\"https:\\\/\\\/dualgree.com.br\\\/loja\\\/produto\\\/suporte-do-evaporador-compativel-com-philco-pac9000tqfm9\\\/#primaryimage\"},\"image\":{\"@id\":\"https:\\\/\\\/dualgree.com.br\\\/loja\\\/produto\\\/suporte-do-evaporador-compativel-com-philco-pac9000tqfm9\\\/#primaryimage\"},\"thumbnailUrl\":\"https:\\\/\\\/dualgree.com.br\\\/loja\\\/wp-content\\\/uploads\\\/2023\\\/11\\\/15229856866_1914-Suporte20metalico-Philco-pac-bac-12000tfm9-12000tfm9-9000.jpg\",\"datePublished\":\"2023-11-06T14:00:21+00:00\",\"dateModified\":\"2026-01-29T17:27:08+00:00\",\"description\":\"Suporte Do Evaporador compativel com Philco Pac9000tqfm9\",\"breadcrumb\":{\"@id\":\"https:\\\/\\\/dualgree.com.br\\\/loja\\\/produto\\\/suporte-do-evaporador-compativel-com-philco-pac9000tqfm9\\\/#breadcrumb\"},\"inLanguage\":\"pt-BR\",\"potentialAction\":[{\"@type\":\"ReadAction\",\"target\":[\"https:\\\/\\\/dualgree.com.br\\\/loja\\\/produto\\\/suporte-do-evaporador-compativel-com-philco-pac9000tqfm9\\\/\"]}]},{\"@type\":\"ImageObject\",\"inLanguage\":\"pt-BR\",\"@id\":\"https:\\\/\\\/dualgree.com.br\\\/loja\\\/produto\\\/suporte-do-evaporador-compativel-com-philco-pac9000tqfm9\\\/#primaryimage\",\"url\":\"https:\\\/\\\/dualgree.com.br\\\/loja\\\/wp-content\\\/uploads\\\/2023\\\/11\\\/15229856866_1914-Suporte20metalico-Philco-pac-bac-12000tfm9-12000tfm9-9000.jpg\",\"contentUrl\":\"https:\\\/\\\/dualgree.com.br\\\/loja\\\/wp-content\\\/uploads\\\/2023\\\/11\\\/15229856866_1914-Suporte20metalico-Philco-pac-bac-12000tfm9-12000tfm9-9000.jpg\",\"width\":1200,\"height\":1200},{\"@type\":\"BreadcrumbList\",\"@id\":\"https:\\\/\\\/dualgree.com.br\\\/loja\\\/produto\\\/suporte-do-evaporador-compativel-com-philco-pac9000tqfm9\\\/#breadcrumb\",\"itemListElement\":[{\"@type\":\"ListItem\",\"position\":1,\"name\":\"In\u00edcio\",\"item\":\"https:\\\/\\\/dualgree.com.br\\\/loja\\\/\"},{\"@type\":\"ListItem\",\"position\":2,\"name\":\"Loja &#8211; Cat\u00e1logo de Pe\u00e7as\",\"item\":\"https:\\\/\\\/dualgree.com.br\\\/loja\\\/\"},{\"@type\":\"ListItem\",\"position\":3,\"name\":\"Suporte Do Evaporador compativel com Philco Pac9000tqfm9\"}]},{\"@type\":\"WebSite\",\"@id\":\"https:\\\/\\\/dualgree.com.br\\\/loja\\\/#website\",\"url\":\"https:\\\/\\\/dualgree.com.br\\\/loja\\\/\",\"name\":\"Loja - Dual Gree Servi\u00e7os | Partes e Pe\u00e7as\",\"description\":\"Catalogo de Pe\u00e7as para ar condicionado\",\"publisher\":{\"@id\":\"https:\\\/\\\/dualgree.com.br\\\/loja\\\/#organization\"},\"potentialAction\":[{\"@type\":\"SearchAction\",\"target\":{\"@type\":\"EntryPoint\",\"urlTemplate\":\"https:\\\/\\\/dualgree.com.br\\\/loja\\\/?s={search_term_string}\"},\"query-input\":{\"@type\":\"PropertyValueSpecification\",\"valueRequired\":true,\"valueName\":\"search_term_string\"}}],\"inLanguage\":\"pt-BR\"},{\"@type\":\"Organization\",\"@id\":\"https:\\\/\\\/dualgree.com.br\\\/loja\\\/#organization\",\"name\":\"Loja Dual Gree Servi\u00e7o\",\"url\":\"https:\\\/\\\/dualgree.com.br\\\/loja\\\/\",\"logo\":{\"@type\":\"ImageObject\",\"inLanguage\":\"pt-BR\",\"@id\":\"https:\\\/\\\/dualgree.com.br\\\/loja\\\/#\\\/schema\\\/logo\\\/image\\\/\",\"url\":\"https:\\\/\\\/dualgree.com.br\\\/loja\\\/wp-content\\\/uploads\\\/2024\\\/09\\\/teste-logo-ecommerce-dual-1-e1725909304971.png\",\"contentUrl\":\"https:\\\/\\\/dualgree.com.br\\\/loja\\\/wp-content\\\/uploads\\\/2024\\\/09\\\/teste-logo-ecommerce-dual-1-e1725909304971.png\",\"width\":470,\"height\":157,\"caption\":\"Loja Dual Gree Servi\u00e7o\"},\"image\":{\"@id\":\"https:\\\/\\\/dualgree.com.br\\\/loja\\\/#\\\/schema\\\/logo\\\/image\\\/\"}}]}<\/script>\n<!-- \/ Yoast SEO plugin. -->","yoast_head_json":{"title":"Suporte Do Evaporador compativel com Philco Pac9000tqfm9 - Loja - Dual Gree Servi\u00e7os | Pe\u00e7as","description":"Suporte Do Evaporador compativel com Philco Pac9000tqfm9","robots":{"index":"index","follow":"follow","max-snippet":"max-snippet:-1","max-image-preview":"max-image-preview:large","max-video-preview":"max-video-preview:-1"},"canonical":"https:\/\/dualgree.com.br\/loja\/produto\/suporte-do-evaporador-compativel-com-philco-pac9000tqfm9\/","og_locale":"pt_BR","og_type":"article","og_title":"Suporte Do Evaporador compativel com Philco Pac9000tqfm9 - Loja - Dual Gree Servi\u00e7os | Pe\u00e7as","og_description":"Suporte Do Evaporador compativel com Philco Pac9000tqfm9","og_url":"https:\/\/dualgree.com.br\/loja\/produto\/suporte-do-evaporador-compativel-com-philco-pac9000tqfm9\/","og_site_name":"Loja - Dual Gree Servi\u00e7os | Pe\u00e7as","article_modified_time":"2026-01-29T17:27:08+00:00","og_image":[{"width":1200,"height":1200,"url":"https:\/\/dualgree.com.br\/loja\/wp-content\/uploads\/2023\/11\/15229856866_1914-Suporte20metalico-Philco-pac-bac-12000tfm9-12000tfm9-9000.jpg","type":"image\/jpeg"}],"twitter_card":"summary_large_image","twitter_misc":{"Est. tempo de leitura":"1 minuto"},"schema":{"@context":"https:\/\/schema.org","@graph":[{"@type":"WebPage","@id":"https:\/\/dualgree.com.br\/loja\/produto\/suporte-do-evaporador-compativel-com-philco-pac9000tqfm9\/","url":"https:\/\/dualgree.com.br\/loja\/produto\/suporte-do-evaporador-compativel-com-philco-pac9000tqfm9\/","name":"Suporte Do Evaporador compativel com Philco Pac9000tqfm9 - Loja - Dual Gree Servi\u00e7os | Pe\u00e7as","isPartOf":{"@id":"https:\/\/dualgree.com.br\/loja\/#website"},"primaryImageOfPage":{"@id":"https:\/\/dualgree.com.br\/loja\/produto\/suporte-do-evaporador-compativel-com-philco-pac9000tqfm9\/#primaryimage"},"image":{"@id":"https:\/\/dualgree.com.br\/loja\/produto\/suporte-do-evaporador-compativel-com-philco-pac9000tqfm9\/#primaryimage"},"thumbnailUrl":"https:\/\/dualgree.com.br\/loja\/wp-content\/uploads\/2023\/11\/15229856866_1914-Suporte20metalico-Philco-pac-bac-12000tfm9-12000tfm9-9000.jpg","datePublished":"2023-11-06T14:00:21+00:00","dateModified":"2026-01-29T17:27:08+00:00","description":"Suporte Do Evaporador compativel com Philco Pac9000tqfm9","breadcrumb":{"@id":"https:\/\/dualgree.com.br\/loja\/produto\/suporte-do-evaporador-compativel-com-philco-pac9000tqfm9\/#breadcrumb"},"inLanguage":"pt-BR","potentialAction":[{"@type":"ReadAction","target":["https:\/\/dualgree.com.br\/loja\/produto\/suporte-do-evaporador-compativel-com-philco-pac9000tqfm9\/"]}]},{"@type":"ImageObject","inLanguage":"pt-BR","@id":"https:\/\/dualgree.com.br\/loja\/produto\/suporte-do-evaporador-compativel-com-philco-pac9000tqfm9\/#primaryimage","url":"https:\/\/dualgree.com.br\/loja\/wp-content\/uploads\/2023\/11\/15229856866_1914-Suporte20metalico-Philco-pac-bac-12000tfm9-12000tfm9-9000.jpg","contentUrl":"https:\/\/dualgree.com.br\/loja\/wp-content\/uploads\/2023\/11\/15229856866_1914-Suporte20metalico-Philco-pac-bac-12000tfm9-12000tfm9-9000.jpg","width":1200,"height":1200},{"@type":"BreadcrumbList","@id":"https:\/\/dualgree.com.br\/loja\/produto\/suporte-do-evaporador-compativel-com-philco-pac9000tqfm9\/#breadcrumb","itemListElement":[{"@type":"ListItem","position":1,"name":"In\u00edcio","item":"https:\/\/dualgree.com.br\/loja\/"},{"@type":"ListItem","position":2,"name":"Loja &#8211; Cat\u00e1logo de Pe\u00e7as","item":"https:\/\/dualgree.com.br\/loja\/"},{"@type":"ListItem","position":3,"name":"Suporte Do Evaporador compativel com Philco Pac9000tqfm9"}]},{"@type":"WebSite","@id":"https:\/\/dualgree.com.br\/loja\/#website","url":"https:\/\/dualgree.com.br\/loja\/","name":"Loja - Dual Gree Servi\u00e7os | Partes e Pe\u00e7as","description":"Catalogo de Pe\u00e7as para ar condicionado","publisher":{"@id":"https:\/\/dualgree.com.br\/loja\/#organization"},"potentialAction":[{"@type":"SearchAction","target":{"@type":"EntryPoint","urlTemplate":"https:\/\/dualgree.com.br\/loja\/?s={search_term_string}"},"query-input":{"@type":"PropertyValueSpecification","valueRequired":true,"valueName":"search_term_string"}}],"inLanguage":"pt-BR"},{"@type":"Organization","@id":"https:\/\/dualgree.com.br\/loja\/#organization","name":"Loja Dual Gree Servi\u00e7o","url":"https:\/\/dualgree.com.br\/loja\/","logo":{"@type":"ImageObject","inLanguage":"pt-BR","@id":"https:\/\/dualgree.com.br\/loja\/#\/schema\/logo\/image\/","url":"https:\/\/dualgree.com.br\/loja\/wp-content\/uploads\/2024\/09\/teste-logo-ecommerce-dual-1-e1725909304971.png","contentUrl":"https:\/\/dualgree.com.br\/loja\/wp-content\/uploads\/2024\/09\/teste-logo-ecommerce-dual-1-e1725909304971.png","width":470,"height":157,"caption":"Loja Dual Gree Servi\u00e7o"},"image":{"@id":"https:\/\/dualgree.com.br\/loja\/#\/schema\/logo\/image\/"}}]}},"jetpack_publicize_connections":[],"jetpack_sharing_enabled":true,"jetpack_likes_enabled":true,"_links":{"self":[{"href":"https:\/\/dualgree.com.br\/loja\/wp-json\/wp\/v2\/product\/2675","targetHints":{"allow":["GET"]}}],"collection":[{"href":"https:\/\/dualgree.com.br\/loja\/wp-json\/wp\/v2\/product"}],"about":[{"href":"https:\/\/dualgree.com.br\/loja\/wp-json\/wp\/v2\/types\/product"}],"replies":[{"embeddable":true,"href":"https:\/\/dualgree.com.br\/loja\/wp-json\/wp\/v2\/comments?post=2675"}],"wp:featuredmedia":[{"embeddable":true,"href":"https:\/\/dualgree.com.br\/loja\/wp-json\/wp\/v2\/media\/2674"}],"wp:attachment":[{"href":"https:\/\/dualgree.com.br\/loja\/wp-json\/wp\/v2\/media?parent=2675"}],"wp:term":[{"taxonomy":"product_brand","embeddable":true,"href":"https:\/\/dualgree.com.br\/loja\/wp-json\/wp\/v2\/product_brand?post=2675"},{"taxonomy":"product_cat","embeddable":true,"href":"https:\/\/dualgree.com.br\/loja\/wp-json\/wp\/v2\/product_cat?post=2675"},{"taxonomy":"product_tag","embeddable":true,"href":"https:\/\/dualgree.com.br\/loja\/wp-json\/wp\/v2\/product_tag?post=2675"}],"curies":[{"name":"wp","href":"https:\/\/api.w.org\/{rel}","templated":true}]}}