{"id":2680,"date":"2023-11-06T17:24:00","date_gmt":"2023-11-06T17:24:00","guid":{"rendered":"https:\/\/dualgree.com.br\/loja\/produto\/sensor-termistor-degelo-evaporadora-comfee-42mmcc09f5\/"},"modified":"2025-05-12T19:52:48","modified_gmt":"2025-05-12T19:52:48","slug":"sensor-termistor-degelo-evaporadora-comfee-42mmcc09f5","status":"publish","type":"product","link":"https:\/\/dualgree.com.br\/loja\/produto\/sensor-termistor-degelo-evaporadora-comfee-42mmcc09f5\/","title":{"rendered":"Sensor Termistor Degelo Evaporadora Comfee Carrier Midea Ele..."},"content":{"rendered":"","protected":false},"excerpt":{"rendered":"<p>IC1370 &#8211;\u00a0Sensor termistor degelo que vai no tubo da evaporadora ar condicionado split carrier compativel com varios modelos<\/p>\n<p>sensor degelo da evaporadora comfee 42MMCC09F5,<\/p>\n<p>sensor degelo da evaporadora comfee 42MMCC12F5,<\/p>\n<p>sensor degelo da evaporadora comfee 42MMCC07F5,<\/p>\n<p>sensor degelo da evaporadora comfee 42MMCC18F5,<\/p>\n<p>sensor degelo da evaporadora comfee 42MDCA09M5,<\/p>\n<p>sensor degelo da evaporadora comfee 42MDCA12M5,<\/p>\n<p>sensor degelo da evaporadora comfee 42MDCA07M5,<\/p>\n<p><span style=\"font-family: arial, tahoma, verdana, helvetica\"><span style=\"font-size: 14.72px\">sensor degelo da evaporadora comfee 42AFCA07F5<\/span><\/span><\/p>\n<p>\u00a0<\/p>\n<p>sensor degelo da evaporadora midea 42MDQA07M5,<\/p>\n<p>sensor degelo da evaporadora midea 42MDQA09M5,<\/p>\n<p>sensor degelo da evaporadora midea 42MDQA12M5,<\/p>\n<p>\u00a0<\/p>\n<p>sensor degelo da evaporadora Comfee MSM-07CR,<\/p>\n<p>sensor degelo da evaporadora Comfee MSM-09CR,<\/p>\n<p>sensor degelo da evaporadora Comfee MSM-12CR,<\/p>\n<p>sensor degelo da evaporadora Comfee MSM-18CR,<\/p>\n<p>\u00a0<\/p>\n<p>sensor degelo da evaporadora midea MSS-07CR,<\/p>\n<p>sensor degelo da evaporadora midea MSS-09CR,<\/p>\n<p>sensor degelo da evaporadora midea MSS-12CR,<\/p>\n<p>sensor degelo da evaporadora midea MSS-18CR,<\/p>\n<p>\u00a0<\/p>\n<p>sensor degelo da evaporadora springer midea 42MACT12S5<\/p>\n<p>sensor degelo da evaporadora springer midea 42MACT09S5<\/p>\n<p>sensor degelo da evaporadora springer carrier 42LUCC12C5<\/p>\n<p>sensor degelo da evaporadora springer carrier 42LUQC12C5<\/p>\n<p>sensor degelo da evaporadora springer42RNCA09S5<\/p>\n<p>sensor degelo da evaporadora springer42RNCA12S5<\/p>\n<p>sensor degelo da evaporadora springer42RNCA18S5<\/p>\n","protected":false},"featured_media":7131,"comment_status":"open","ping_status":"closed","template":"","meta":{"_kadence_starter_templates_imported_post":false,"_kad_post_transparent":"","_kad_post_title":"","_kad_post_layout":"","_kad_post_sidebar_id":"","_kad_post_content_style":"","_kad_post_vertical_padding":"","_kad_post_feature":"","_kad_post_feature_position":"","_kad_post_header":false,"_kad_post_footer":false,"jetpack_publicize_message":"","jetpack_publicize_feature_enabled":true,"jetpack_social_post_already_shared":false,"jetpack_social_options":{"image_generator_settings":{"template":"highway","default_image_id":0,"font":"","enabled":false},"version":2}},"product_brand":[],"product_cat":[177,178,261,181,176,179],"product_tag":[],"class_list":{"0":"post-2680","1":"product","2":"type-product","3":"status-publish","4":"has-post-thumbnail","6":"product_cat-carrier","7":"product_cat-comfee","8":"product_cat-daikin","9":"product_cat-electrolux","10":"product_cat-midea","11":"product_cat-springer","13":"first","14":"instock","15":"shipping-taxable","16":"purchasable","17":"product-type-simple","18":"entry","19":"content-bg","20":"loop-entry"},"yoast_head":"<!-- This site is optimized with the Yoast SEO plugin v27.5 - https:\/\/yoast.com\/product\/yoast-seo-wordpress\/ -->\n<title>Sensor Termistor Degelo Evaporadora Comfee Carrier Midea Electrolux Springer - Loja - Dual Gree Servi\u00e7os | Pe\u00e7as<\/title>\n<meta name=\"robots\" content=\"index, follow, max-snippet:-1, max-image-preview:large, max-video-preview:-1\" \/>\n<link rel=\"canonical\" href=\"https:\/\/dualgree.com.br\/loja\/produto\/sensor-termistor-degelo-evaporadora-comfee-42mmcc09f5\/\" \/>\n<meta property=\"og:locale\" content=\"pt_BR\" \/>\n<meta property=\"og:type\" content=\"article\" \/>\n<meta property=\"og:title\" content=\"Sensor Termistor Degelo Evaporadora Comfee Carrier Midea Electrolux Springer - Loja - Dual Gree Servi\u00e7os | Pe\u00e7as\" \/>\n<meta property=\"og:description\" content=\"IC1370 -\u00a0Sensor termistor degelo que vai no tubo da evaporadora ar condicionado split carrier compativel com varios modelossensor degelo da evaporadora comfee 42MMCC09F5, sensor degelo da evaporadora comfee 42MMCC12F5, sensor degelo da evaporadora comfee 42MMCC07F5, sensor degelo da evaporadora comfee 42MMCC18F5, sensor degelo da evaporadora comfee 42MDCA09M5, sensor degelo da evaporadora comfee 42MDCA12M5, sensor degelo da evaporadora comfee 42MDCA07M5, sensor degelo da evaporadora comfee 42AFCA07F5 \u00a0 sensor degelo da evaporadora midea 42MDQA07M5, sensor degelo da evaporadora midea 42MDQA09M5, sensor degelo da evaporadora midea 42MDQA12M5, \u00a0 sensor degelo da evaporadora Comfee MSM-07CR, sensor degelo da evaporadora Comfee MSM-09CR, sensor degelo da evaporadora Comfee MSM-12CR, sensor degelo da evaporadora Comfee MSM-18CR, \u00a0 sensor degelo da evaporadora midea MSS-07CR, sensor degelo da evaporadora midea MSS-09CR, sensor degelo da evaporadora midea MSS-12CR, sensor degelo da evaporadora midea MSS-18CR, \u00a0 sensor degelo da evaporadora springer midea 42MACT12S5 sensor degelo da evaporadora springer midea 42MACT09S5 sensor degelo da evaporadora springer carrier 42LUCC12C5 sensor degelo da evaporadora springer carrier 42LUQC12C5 sensor degelo da evaporadora springer42RNCA09S5 sensor degelo da evaporadora springer42RNCA12S5 sensor degelo da evaporadora springer42RNCA18S5\" \/>\n<meta property=\"og:url\" content=\"https:\/\/dualgree.com.br\/loja\/produto\/sensor-termistor-degelo-evaporadora-comfee-42mmcc09f5\/\" \/>\n<meta property=\"og:site_name\" content=\"Loja - Dual Gree Servi\u00e7os | Pe\u00e7as\" \/>\n<meta property=\"article:modified_time\" content=\"2025-05-12T19:52:48+00:00\" \/>\n<meta property=\"og:image\" content=\"https:\/\/dualgree.com.br\/loja\/wp-content\/uploads\/2024\/09\/15229929672-1370-sensor-degelo-di09-pi09-42mmcc12f5.jpg\" \/>\n\t<meta property=\"og:image:width\" content=\"1280\" \/>\n\t<meta property=\"og:image:height\" content=\"1280\" \/>\n\t<meta property=\"og:image:type\" content=\"image\/jpeg\" \/>\n<meta name=\"twitter:card\" content=\"summary_large_image\" \/>\n<script type=\"application\/ld+json\" class=\"yoast-schema-graph\">{\"@context\":\"https:\\\/\\\/schema.org\",\"@graph\":[{\"@type\":\"WebPage\",\"@id\":\"https:\\\/\\\/dualgree.com.br\\\/loja\\\/produto\\\/sensor-termistor-degelo-evaporadora-comfee-42mmcc09f5\\\/\",\"url\":\"https:\\\/\\\/dualgree.com.br\\\/loja\\\/produto\\\/sensor-termistor-degelo-evaporadora-comfee-42mmcc09f5\\\/\",\"name\":\"Sensor Termistor Degelo Evaporadora Comfee Carrier Midea Electrolux Springer - Loja - Dual Gree Servi\u00e7os | Pe\u00e7as\",\"isPartOf\":{\"@id\":\"https:\\\/\\\/dualgree.com.br\\\/loja\\\/#website\"},\"primaryImageOfPage\":{\"@id\":\"https:\\\/\\\/dualgree.com.br\\\/loja\\\/produto\\\/sensor-termistor-degelo-evaporadora-comfee-42mmcc09f5\\\/#primaryimage\"},\"image\":{\"@id\":\"https:\\\/\\\/dualgree.com.br\\\/loja\\\/produto\\\/sensor-termistor-degelo-evaporadora-comfee-42mmcc09f5\\\/#primaryimage\"},\"thumbnailUrl\":\"https:\\\/\\\/dualgree.com.br\\\/loja\\\/wp-content\\\/uploads\\\/2024\\\/09\\\/15229929672-1370-sensor-degelo-di09-pi09-42mmcc12f5-1.jpg\",\"datePublished\":\"2023-11-06T17:24:00+00:00\",\"dateModified\":\"2025-05-12T19:52:48+00:00\",\"breadcrumb\":{\"@id\":\"https:\\\/\\\/dualgree.com.br\\\/loja\\\/produto\\\/sensor-termistor-degelo-evaporadora-comfee-42mmcc09f5\\\/#breadcrumb\"},\"inLanguage\":\"pt-BR\",\"potentialAction\":[{\"@type\":\"ReadAction\",\"target\":[\"https:\\\/\\\/dualgree.com.br\\\/loja\\\/produto\\\/sensor-termistor-degelo-evaporadora-comfee-42mmcc09f5\\\/\"]}]},{\"@type\":\"ImageObject\",\"inLanguage\":\"pt-BR\",\"@id\":\"https:\\\/\\\/dualgree.com.br\\\/loja\\\/produto\\\/sensor-termistor-degelo-evaporadora-comfee-42mmcc09f5\\\/#primaryimage\",\"url\":\"https:\\\/\\\/dualgree.com.br\\\/loja\\\/wp-content\\\/uploads\\\/2024\\\/09\\\/15229929672-1370-sensor-degelo-di09-pi09-42mmcc12f5-1.jpg\",\"contentUrl\":\"https:\\\/\\\/dualgree.com.br\\\/loja\\\/wp-content\\\/uploads\\\/2024\\\/09\\\/15229929672-1370-sensor-degelo-di09-pi09-42mmcc12f5-1.jpg\",\"width\":1280,\"height\":1280},{\"@type\":\"BreadcrumbList\",\"@id\":\"https:\\\/\\\/dualgree.com.br\\\/loja\\\/produto\\\/sensor-termistor-degelo-evaporadora-comfee-42mmcc09f5\\\/#breadcrumb\",\"itemListElement\":[{\"@type\":\"ListItem\",\"position\":1,\"name\":\"In\u00edcio\",\"item\":\"https:\\\/\\\/dualgree.com.br\\\/loja\\\/\"},{\"@type\":\"ListItem\",\"position\":2,\"name\":\"Loja &#8211; Cat\u00e1logo de Pe\u00e7as\",\"item\":\"https:\\\/\\\/dualgree.com.br\\\/loja\\\/\"},{\"@type\":\"ListItem\",\"position\":3,\"name\":\"Sensor Termistor Degelo Evaporadora Comfee Carrier Midea Ele...\"}]},{\"@type\":\"WebSite\",\"@id\":\"https:\\\/\\\/dualgree.com.br\\\/loja\\\/#website\",\"url\":\"https:\\\/\\\/dualgree.com.br\\\/loja\\\/\",\"name\":\"Loja - Dual Gree Servi\u00e7os | Partes e Pe\u00e7as\",\"description\":\"Catalogo de Pe\u00e7as para ar condicionado\",\"publisher\":{\"@id\":\"https:\\\/\\\/dualgree.com.br\\\/loja\\\/#organization\"},\"potentialAction\":[{\"@type\":\"SearchAction\",\"target\":{\"@type\":\"EntryPoint\",\"urlTemplate\":\"https:\\\/\\\/dualgree.com.br\\\/loja\\\/?s={search_term_string}\"},\"query-input\":{\"@type\":\"PropertyValueSpecification\",\"valueRequired\":true,\"valueName\":\"search_term_string\"}}],\"inLanguage\":\"pt-BR\"},{\"@type\":\"Organization\",\"@id\":\"https:\\\/\\\/dualgree.com.br\\\/loja\\\/#organization\",\"name\":\"Loja Dual Gree Servi\u00e7o\",\"url\":\"https:\\\/\\\/dualgree.com.br\\\/loja\\\/\",\"logo\":{\"@type\":\"ImageObject\",\"inLanguage\":\"pt-BR\",\"@id\":\"https:\\\/\\\/dualgree.com.br\\\/loja\\\/#\\\/schema\\\/logo\\\/image\\\/\",\"url\":\"https:\\\/\\\/dualgree.com.br\\\/loja\\\/wp-content\\\/uploads\\\/2024\\\/09\\\/teste-logo-ecommerce-dual-1-e1725909304971.png\",\"contentUrl\":\"https:\\\/\\\/dualgree.com.br\\\/loja\\\/wp-content\\\/uploads\\\/2024\\\/09\\\/teste-logo-ecommerce-dual-1-e1725909304971.png\",\"width\":470,\"height\":157,\"caption\":\"Loja Dual Gree Servi\u00e7o\"},\"image\":{\"@id\":\"https:\\\/\\\/dualgree.com.br\\\/loja\\\/#\\\/schema\\\/logo\\\/image\\\/\"}}]}<\/script>\n<!-- \/ Yoast SEO plugin. -->","yoast_head_json":{"title":"Sensor Termistor Degelo Evaporadora Comfee Carrier Midea Electrolux Springer - Loja - Dual Gree Servi\u00e7os | Pe\u00e7as","robots":{"index":"index","follow":"follow","max-snippet":"max-snippet:-1","max-image-preview":"max-image-preview:large","max-video-preview":"max-video-preview:-1"},"canonical":"https:\/\/dualgree.com.br\/loja\/produto\/sensor-termistor-degelo-evaporadora-comfee-42mmcc09f5\/","og_locale":"pt_BR","og_type":"article","og_title":"Sensor Termistor Degelo Evaporadora Comfee Carrier Midea Electrolux Springer - Loja - Dual Gree Servi\u00e7os | Pe\u00e7as","og_description":"IC1370 -\u00a0Sensor termistor degelo que vai no tubo da evaporadora ar condicionado split carrier compativel com varios modelossensor degelo da evaporadora comfee 42MMCC09F5, sensor degelo da evaporadora comfee 42MMCC12F5, sensor degelo da evaporadora comfee 42MMCC07F5, sensor degelo da evaporadora comfee 42MMCC18F5, sensor degelo da evaporadora comfee 42MDCA09M5, sensor degelo da evaporadora comfee 42MDCA12M5, sensor degelo da evaporadora comfee 42MDCA07M5, sensor degelo da evaporadora comfee 42AFCA07F5 \u00a0 sensor degelo da evaporadora midea 42MDQA07M5, sensor degelo da evaporadora midea 42MDQA09M5, sensor degelo da evaporadora midea 42MDQA12M5, \u00a0 sensor degelo da evaporadora Comfee MSM-07CR, sensor degelo da evaporadora Comfee MSM-09CR, sensor degelo da evaporadora Comfee MSM-12CR, sensor degelo da evaporadora Comfee MSM-18CR, \u00a0 sensor degelo da evaporadora midea MSS-07CR, sensor degelo da evaporadora midea MSS-09CR, sensor degelo da evaporadora midea MSS-12CR, sensor degelo da evaporadora midea MSS-18CR, \u00a0 sensor degelo da evaporadora springer midea 42MACT12S5 sensor degelo da evaporadora springer midea 42MACT09S5 sensor degelo da evaporadora springer carrier 42LUCC12C5 sensor degelo da evaporadora springer carrier 42LUQC12C5 sensor degelo da evaporadora springer42RNCA09S5 sensor degelo da evaporadora springer42RNCA12S5 sensor degelo da evaporadora springer42RNCA18S5","og_url":"https:\/\/dualgree.com.br\/loja\/produto\/sensor-termistor-degelo-evaporadora-comfee-42mmcc09f5\/","og_site_name":"Loja - Dual Gree Servi\u00e7os | Pe\u00e7as","article_modified_time":"2025-05-12T19:52:48+00:00","og_image":[{"width":1280,"height":1280,"url":"https:\/\/dualgree.com.br\/loja\/wp-content\/uploads\/2024\/09\/15229929672-1370-sensor-degelo-di09-pi09-42mmcc12f5.jpg","type":"image\/jpeg"}],"twitter_card":"summary_large_image","schema":{"@context":"https:\/\/schema.org","@graph":[{"@type":"WebPage","@id":"https:\/\/dualgree.com.br\/loja\/produto\/sensor-termistor-degelo-evaporadora-comfee-42mmcc09f5\/","url":"https:\/\/dualgree.com.br\/loja\/produto\/sensor-termistor-degelo-evaporadora-comfee-42mmcc09f5\/","name":"Sensor Termistor Degelo Evaporadora Comfee Carrier Midea Electrolux Springer - Loja - Dual Gree Servi\u00e7os | Pe\u00e7as","isPartOf":{"@id":"https:\/\/dualgree.com.br\/loja\/#website"},"primaryImageOfPage":{"@id":"https:\/\/dualgree.com.br\/loja\/produto\/sensor-termistor-degelo-evaporadora-comfee-42mmcc09f5\/#primaryimage"},"image":{"@id":"https:\/\/dualgree.com.br\/loja\/produto\/sensor-termistor-degelo-evaporadora-comfee-42mmcc09f5\/#primaryimage"},"thumbnailUrl":"https:\/\/dualgree.com.br\/loja\/wp-content\/uploads\/2024\/09\/15229929672-1370-sensor-degelo-di09-pi09-42mmcc12f5-1.jpg","datePublished":"2023-11-06T17:24:00+00:00","dateModified":"2025-05-12T19:52:48+00:00","breadcrumb":{"@id":"https:\/\/dualgree.com.br\/loja\/produto\/sensor-termistor-degelo-evaporadora-comfee-42mmcc09f5\/#breadcrumb"},"inLanguage":"pt-BR","potentialAction":[{"@type":"ReadAction","target":["https:\/\/dualgree.com.br\/loja\/produto\/sensor-termistor-degelo-evaporadora-comfee-42mmcc09f5\/"]}]},{"@type":"ImageObject","inLanguage":"pt-BR","@id":"https:\/\/dualgree.com.br\/loja\/produto\/sensor-termistor-degelo-evaporadora-comfee-42mmcc09f5\/#primaryimage","url":"https:\/\/dualgree.com.br\/loja\/wp-content\/uploads\/2024\/09\/15229929672-1370-sensor-degelo-di09-pi09-42mmcc12f5-1.jpg","contentUrl":"https:\/\/dualgree.com.br\/loja\/wp-content\/uploads\/2024\/09\/15229929672-1370-sensor-degelo-di09-pi09-42mmcc12f5-1.jpg","width":1280,"height":1280},{"@type":"BreadcrumbList","@id":"https:\/\/dualgree.com.br\/loja\/produto\/sensor-termistor-degelo-evaporadora-comfee-42mmcc09f5\/#breadcrumb","itemListElement":[{"@type":"ListItem","position":1,"name":"In\u00edcio","item":"https:\/\/dualgree.com.br\/loja\/"},{"@type":"ListItem","position":2,"name":"Loja &#8211; Cat\u00e1logo de Pe\u00e7as","item":"https:\/\/dualgree.com.br\/loja\/"},{"@type":"ListItem","position":3,"name":"Sensor Termistor Degelo Evaporadora Comfee Carrier Midea Ele..."}]},{"@type":"WebSite","@id":"https:\/\/dualgree.com.br\/loja\/#website","url":"https:\/\/dualgree.com.br\/loja\/","name":"Loja - Dual Gree Servi\u00e7os | Partes e Pe\u00e7as","description":"Catalogo de Pe\u00e7as para ar condicionado","publisher":{"@id":"https:\/\/dualgree.com.br\/loja\/#organization"},"potentialAction":[{"@type":"SearchAction","target":{"@type":"EntryPoint","urlTemplate":"https:\/\/dualgree.com.br\/loja\/?s={search_term_string}"},"query-input":{"@type":"PropertyValueSpecification","valueRequired":true,"valueName":"search_term_string"}}],"inLanguage":"pt-BR"},{"@type":"Organization","@id":"https:\/\/dualgree.com.br\/loja\/#organization","name":"Loja Dual Gree Servi\u00e7o","url":"https:\/\/dualgree.com.br\/loja\/","logo":{"@type":"ImageObject","inLanguage":"pt-BR","@id":"https:\/\/dualgree.com.br\/loja\/#\/schema\/logo\/image\/","url":"https:\/\/dualgree.com.br\/loja\/wp-content\/uploads\/2024\/09\/teste-logo-ecommerce-dual-1-e1725909304971.png","contentUrl":"https:\/\/dualgree.com.br\/loja\/wp-content\/uploads\/2024\/09\/teste-logo-ecommerce-dual-1-e1725909304971.png","width":470,"height":157,"caption":"Loja Dual Gree Servi\u00e7o"},"image":{"@id":"https:\/\/dualgree.com.br\/loja\/#\/schema\/logo\/image\/"}}]}},"jetpack_publicize_connections":[],"jetpack_sharing_enabled":true,"jetpack_likes_enabled":true,"_links":{"self":[{"href":"https:\/\/dualgree.com.br\/loja\/wp-json\/wp\/v2\/product\/2680","targetHints":{"allow":["GET"]}}],"collection":[{"href":"https:\/\/dualgree.com.br\/loja\/wp-json\/wp\/v2\/product"}],"about":[{"href":"https:\/\/dualgree.com.br\/loja\/wp-json\/wp\/v2\/types\/product"}],"replies":[{"embeddable":true,"href":"https:\/\/dualgree.com.br\/loja\/wp-json\/wp\/v2\/comments?post=2680"}],"wp:featuredmedia":[{"embeddable":true,"href":"https:\/\/dualgree.com.br\/loja\/wp-json\/wp\/v2\/media\/7131"}],"wp:attachment":[{"href":"https:\/\/dualgree.com.br\/loja\/wp-json\/wp\/v2\/media?parent=2680"}],"wp:term":[{"taxonomy":"product_brand","embeddable":true,"href":"https:\/\/dualgree.com.br\/loja\/wp-json\/wp\/v2\/product_brand?post=2680"},{"taxonomy":"product_cat","embeddable":true,"href":"https:\/\/dualgree.com.br\/loja\/wp-json\/wp\/v2\/product_cat?post=2680"},{"taxonomy":"product_tag","embeddable":true,"href":"https:\/\/dualgree.com.br\/loja\/wp-json\/wp\/v2\/product_tag?post=2680"}],"curies":[{"name":"wp","href":"https:\/\/api.w.org\/{rel}","templated":true}]}}