{"id":2685,"date":"2023-11-06T18:10:11","date_gmt":"2023-11-06T18:10:11","guid":{"rendered":"https:\/\/dualgree.com.br\/loja\/produto\/sensor-de-gelo-do-evaporador-electrolux-gree-vi09f-ti09f-vi12\/"},"modified":"2026-04-28T14:10:15","modified_gmt":"2026-04-28T14:10:15","slug":"sensor-de-gelo-do-evaporador-electrolux-gree-vi09f-ti09f-vi12","status":"publish","type":"product","link":"https:\/\/dualgree.com.br\/loja\/produto\/sensor-de-gelo-do-evaporador-electrolux-gree-vi09f-ti09f-vi12\/","title":{"rendered":"Sensor DeGelo da evaporadora Para condicionado Electrolux"},"content":{"rendered":"<p>IC884- Sensor De Gelo para Evaporadora Electrolux<\/p>\n<p>\u00a0<\/p>\n<p>Sensor degelo Electrolux ecoturbo TI12F\u00a0<\/p>\n<p>Sensor degelo Electrolux ecoturbo TI18F<\/p>\n<p>Sensor degelo Electrolux ecoturbo TI18R<\/p>\n<p>\u00a0<\/p>\n<p>Compativel com os modelos<\/p>\n<p>\u00a0<\/p>\n<p>7000 BTUS<\/p>\n<p>TI07F<\/p>\n<p>TI07R<\/p>\n<p>BI07R<\/p>\n<p>BI07F<\/p>\n<p>VI07F<\/p>\n<p>VI07R<\/p>\n<p>QI07F<\/p>\n<p>QI07R<\/p>\n<p>\u00a0<\/p>\n<p>9000 BTUS<\/p>\n<p>TI09F<\/p>\n<p>TI09R<\/p>\n<p>BI09R<\/p>\n<p>BI09F<\/p>\n<p>VI09F<\/p>\n<p>VI09R<\/p>\n<p>QI09F<\/p>\n<p>QI09R<\/p>\n<p>\u00a0<\/p>\n<p>12000 BTUS<\/p>\n<p>TI12F<\/p>\n<p>TI12R<\/p>\n<p>BI12R<\/p>\n<p>BI12F<\/p>\n<p>VI12F<\/p>\n<p>VI12R<\/p>\n<p>QI12F<\/p>\n<p>QI12R<\/p>\n<p>\u00a0<\/p>\n<p>18000 BTUS<\/p>\n<p>TI18F<\/p>\n<p>TI18R<\/p>\n<p>BI18R<\/p>\n<p>BI18F<\/p>\n<p>VI18F<\/p>\n<p>VI18R<\/p>\n<p>QI18F<\/p>\n<p>QI18R<\/p>\n","protected":false},"excerpt":{"rendered":"<p>Sensor tubo degelo ar condicionado Electrolux ecoturbo\u00a0<\/p>\n<p>\u00a0<\/p>\n<p>Sensor tubo degelo ar condicionado Gree garden<\/p>\n<p>\u00a0<\/p>\n<p>TI12R,<\/p>\n<p>TI12F,<\/p>\n<p>BI12R,<\/p>\n<p>BI12F,<\/p>\n<p>VI12R,<\/p>\n<p>VI12F,<\/p>\n<p>\u00a0<\/p>\n<p>TI09R,<\/p>\n<p>TI09F,<\/p>\n<p>BI09R,<\/p>\n<p>BI09F,<\/p>\n<p>VI09R,<\/p>\n<p>VI09F,<\/p>\n<p>\u00a0<\/p>\n<p>TI07R,<\/p>\n<p>TI07F,<\/p>\n<p>BI07R,<\/p>\n<p>BI07F,<\/p>\n<p>VI07R,<\/p>\n<p>VI07F,<\/p>\n","protected":false},"featured_media":11010,"comment_status":"open","ping_status":"closed","template":"","meta":{"_kadence_starter_templates_imported_post":false,"_kad_post_transparent":"","_kad_post_title":"","_kad_post_layout":"","_kad_post_sidebar_id":"","_kad_post_content_style":"","_kad_post_vertical_padding":"","_kad_post_feature":"","_kad_post_feature_position":"","_kad_post_header":false,"_kad_post_footer":false,"jetpack_publicize_message":"","jetpack_publicize_feature_enabled":true,"jetpack_social_post_already_shared":false,"jetpack_social_options":{"image_generator_settings":{"template":"highway","default_image_id":0,"font":"","enabled":false},"version":2}},"product_brand":[],"product_cat":[181,199],"product_tag":[],"class_list":{"0":"post-2685","1":"product","2":"type-product","3":"status-publish","4":"has-post-thumbnail","6":"product_cat-electrolux","7":"product_cat-sensor-degelo-evaporadora-split","9":"first","10":"instock","11":"shipping-taxable","12":"purchasable","13":"product-type-simple","14":"entry","15":"content-bg","16":"loop-entry"},"yoast_head":"<!-- This site is optimized with the Yoast SEO plugin v27.5 - https:\/\/yoast.com\/product\/yoast-seo-wordpress\/ -->\n<title>Sensor DeGelo da evaporadora Para condicionado Electrolux - Loja - Dual Gree Servi\u00e7os | Pe\u00e7as<\/title>\n<meta name=\"robots\" content=\"index, follow, max-snippet:-1, max-image-preview:large, max-video-preview:-1\" \/>\n<link rel=\"canonical\" href=\"https:\/\/dualgree.com.br\/loja\/produto\/sensor-de-gelo-do-evaporador-electrolux-gree-vi09f-ti09f-vi12\/\" \/>\n<meta property=\"og:locale\" content=\"pt_BR\" \/>\n<meta property=\"og:type\" content=\"article\" \/>\n<meta property=\"og:title\" content=\"Sensor DeGelo da evaporadora Para condicionado Electrolux - Loja - Dual Gree Servi\u00e7os | Pe\u00e7as\" \/>\n<meta property=\"og:description\" content=\"Sensor tubo degelo ar condicionado Electrolux ecoturbo\u00a0 \u00a0 Sensor tubo degelo ar condicionado Gree garden \u00a0 TI12R, TI12F, BI12R, BI12F, VI12R, VI12F, \u00a0 TI09R, TI09F, BI09R, BI09F, VI09R, VI09F, \u00a0 TI07R, TI07F, BI07R, BI07F, VI07R, VI07F,\" \/>\n<meta property=\"og:url\" content=\"https:\/\/dualgree.com.br\/loja\/produto\/sensor-de-gelo-do-evaporador-electrolux-gree-vi09f-ti09f-vi12\/\" \/>\n<meta property=\"og:site_name\" content=\"Loja - Dual Gree Servi\u00e7os | Pe\u00e7as\" \/>\n<meta property=\"article:modified_time\" content=\"2026-04-28T14:10:15+00:00\" \/>\n<meta property=\"og:image\" content=\"https:\/\/dualgree.com.br\/loja\/wp-content\/uploads\/2025\/06\/15111323210-ic884.webp\" \/>\n\t<meta property=\"og:image:width\" content=\"800\" \/>\n\t<meta property=\"og:image:height\" content=\"800\" \/>\n\t<meta property=\"og:image:type\" content=\"image\/jpeg\" \/>\n<meta name=\"twitter:card\" content=\"summary_large_image\" \/>\n<script type=\"application\/ld+json\" class=\"yoast-schema-graph\">{\"@context\":\"https:\\\/\\\/schema.org\",\"@graph\":[{\"@type\":\"WebPage\",\"@id\":\"https:\\\/\\\/dualgree.com.br\\\/loja\\\/produto\\\/sensor-de-gelo-do-evaporador-electrolux-gree-vi09f-ti09f-vi12\\\/\",\"url\":\"https:\\\/\\\/dualgree.com.br\\\/loja\\\/produto\\\/sensor-de-gelo-do-evaporador-electrolux-gree-vi09f-ti09f-vi12\\\/\",\"name\":\"Sensor DeGelo da evaporadora Para condicionado Electrolux - Loja - Dual Gree Servi\u00e7os | Pe\u00e7as\",\"isPartOf\":{\"@id\":\"https:\\\/\\\/dualgree.com.br\\\/loja\\\/#website\"},\"primaryImageOfPage\":{\"@id\":\"https:\\\/\\\/dualgree.com.br\\\/loja\\\/produto\\\/sensor-de-gelo-do-evaporador-electrolux-gree-vi09f-ti09f-vi12\\\/#primaryimage\"},\"image\":{\"@id\":\"https:\\\/\\\/dualgree.com.br\\\/loja\\\/produto\\\/sensor-de-gelo-do-evaporador-electrolux-gree-vi09f-ti09f-vi12\\\/#primaryimage\"},\"thumbnailUrl\":\"https:\\\/\\\/dualgree.com.br\\\/loja\\\/wp-content\\\/uploads\\\/2025\\\/08\\\/15111323210-ic884.webp\",\"datePublished\":\"2023-11-06T18:10:11+00:00\",\"dateModified\":\"2026-04-28T14:10:15+00:00\",\"breadcrumb\":{\"@id\":\"https:\\\/\\\/dualgree.com.br\\\/loja\\\/produto\\\/sensor-de-gelo-do-evaporador-electrolux-gree-vi09f-ti09f-vi12\\\/#breadcrumb\"},\"inLanguage\":\"pt-BR\",\"potentialAction\":[{\"@type\":\"ReadAction\",\"target\":[\"https:\\\/\\\/dualgree.com.br\\\/loja\\\/produto\\\/sensor-de-gelo-do-evaporador-electrolux-gree-vi09f-ti09f-vi12\\\/\"]}]},{\"@type\":\"ImageObject\",\"inLanguage\":\"pt-BR\",\"@id\":\"https:\\\/\\\/dualgree.com.br\\\/loja\\\/produto\\\/sensor-de-gelo-do-evaporador-electrolux-gree-vi09f-ti09f-vi12\\\/#primaryimage\",\"url\":\"https:\\\/\\\/dualgree.com.br\\\/loja\\\/wp-content\\\/uploads\\\/2025\\\/08\\\/15111323210-ic884.webp\",\"contentUrl\":\"https:\\\/\\\/dualgree.com.br\\\/loja\\\/wp-content\\\/uploads\\\/2025\\\/08\\\/15111323210-ic884.webp\",\"width\":800,\"height\":800},{\"@type\":\"BreadcrumbList\",\"@id\":\"https:\\\/\\\/dualgree.com.br\\\/loja\\\/produto\\\/sensor-de-gelo-do-evaporador-electrolux-gree-vi09f-ti09f-vi12\\\/#breadcrumb\",\"itemListElement\":[{\"@type\":\"ListItem\",\"position\":1,\"name\":\"In\u00edcio\",\"item\":\"https:\\\/\\\/dualgree.com.br\\\/loja\\\/\"},{\"@type\":\"ListItem\",\"position\":2,\"name\":\"Loja &#8211; Cat\u00e1logo de Pe\u00e7as\",\"item\":\"https:\\\/\\\/dualgree.com.br\\\/loja\\\/\"},{\"@type\":\"ListItem\",\"position\":3,\"name\":\"Sensor DeGelo da evaporadora Para condicionado Electrolux\"}]},{\"@type\":\"WebSite\",\"@id\":\"https:\\\/\\\/dualgree.com.br\\\/loja\\\/#website\",\"url\":\"https:\\\/\\\/dualgree.com.br\\\/loja\\\/\",\"name\":\"Loja - Dual Gree Servi\u00e7os | Partes e Pe\u00e7as\",\"description\":\"Catalogo de Pe\u00e7as para ar condicionado\",\"publisher\":{\"@id\":\"https:\\\/\\\/dualgree.com.br\\\/loja\\\/#organization\"},\"potentialAction\":[{\"@type\":\"SearchAction\",\"target\":{\"@type\":\"EntryPoint\",\"urlTemplate\":\"https:\\\/\\\/dualgree.com.br\\\/loja\\\/?s={search_term_string}\"},\"query-input\":{\"@type\":\"PropertyValueSpecification\",\"valueRequired\":true,\"valueName\":\"search_term_string\"}}],\"inLanguage\":\"pt-BR\"},{\"@type\":\"Organization\",\"@id\":\"https:\\\/\\\/dualgree.com.br\\\/loja\\\/#organization\",\"name\":\"Loja Dual Gree Servi\u00e7o\",\"url\":\"https:\\\/\\\/dualgree.com.br\\\/loja\\\/\",\"logo\":{\"@type\":\"ImageObject\",\"inLanguage\":\"pt-BR\",\"@id\":\"https:\\\/\\\/dualgree.com.br\\\/loja\\\/#\\\/schema\\\/logo\\\/image\\\/\",\"url\":\"https:\\\/\\\/dualgree.com.br\\\/loja\\\/wp-content\\\/uploads\\\/2024\\\/09\\\/teste-logo-ecommerce-dual-1-e1725909304971.png\",\"contentUrl\":\"https:\\\/\\\/dualgree.com.br\\\/loja\\\/wp-content\\\/uploads\\\/2024\\\/09\\\/teste-logo-ecommerce-dual-1-e1725909304971.png\",\"width\":470,\"height\":157,\"caption\":\"Loja Dual Gree Servi\u00e7o\"},\"image\":{\"@id\":\"https:\\\/\\\/dualgree.com.br\\\/loja\\\/#\\\/schema\\\/logo\\\/image\\\/\"}}]}<\/script>\n<!-- \/ Yoast SEO plugin. -->","yoast_head_json":{"title":"Sensor DeGelo da evaporadora Para condicionado Electrolux - Loja - Dual Gree Servi\u00e7os | Pe\u00e7as","robots":{"index":"index","follow":"follow","max-snippet":"max-snippet:-1","max-image-preview":"max-image-preview:large","max-video-preview":"max-video-preview:-1"},"canonical":"https:\/\/dualgree.com.br\/loja\/produto\/sensor-de-gelo-do-evaporador-electrolux-gree-vi09f-ti09f-vi12\/","og_locale":"pt_BR","og_type":"article","og_title":"Sensor DeGelo da evaporadora Para condicionado Electrolux - Loja - Dual Gree Servi\u00e7os | Pe\u00e7as","og_description":"Sensor tubo degelo ar condicionado Electrolux ecoturbo\u00a0 \u00a0 Sensor tubo degelo ar condicionado Gree garden \u00a0 TI12R, TI12F, BI12R, BI12F, VI12R, VI12F, \u00a0 TI09R, TI09F, BI09R, BI09F, VI09R, VI09F, \u00a0 TI07R, TI07F, BI07R, BI07F, VI07R, VI07F,","og_url":"https:\/\/dualgree.com.br\/loja\/produto\/sensor-de-gelo-do-evaporador-electrolux-gree-vi09f-ti09f-vi12\/","og_site_name":"Loja - Dual Gree Servi\u00e7os | Pe\u00e7as","article_modified_time":"2026-04-28T14:10:15+00:00","og_image":[{"width":800,"height":800,"url":"https:\/\/dualgree.com.br\/loja\/wp-content\/uploads\/2025\/06\/15111323210-ic884.webp","type":"image\/jpeg"}],"twitter_card":"summary_large_image","schema":{"@context":"https:\/\/schema.org","@graph":[{"@type":"WebPage","@id":"https:\/\/dualgree.com.br\/loja\/produto\/sensor-de-gelo-do-evaporador-electrolux-gree-vi09f-ti09f-vi12\/","url":"https:\/\/dualgree.com.br\/loja\/produto\/sensor-de-gelo-do-evaporador-electrolux-gree-vi09f-ti09f-vi12\/","name":"Sensor DeGelo da evaporadora Para condicionado Electrolux - Loja - Dual Gree Servi\u00e7os | Pe\u00e7as","isPartOf":{"@id":"https:\/\/dualgree.com.br\/loja\/#website"},"primaryImageOfPage":{"@id":"https:\/\/dualgree.com.br\/loja\/produto\/sensor-de-gelo-do-evaporador-electrolux-gree-vi09f-ti09f-vi12\/#primaryimage"},"image":{"@id":"https:\/\/dualgree.com.br\/loja\/produto\/sensor-de-gelo-do-evaporador-electrolux-gree-vi09f-ti09f-vi12\/#primaryimage"},"thumbnailUrl":"https:\/\/dualgree.com.br\/loja\/wp-content\/uploads\/2025\/08\/15111323210-ic884.webp","datePublished":"2023-11-06T18:10:11+00:00","dateModified":"2026-04-28T14:10:15+00:00","breadcrumb":{"@id":"https:\/\/dualgree.com.br\/loja\/produto\/sensor-de-gelo-do-evaporador-electrolux-gree-vi09f-ti09f-vi12\/#breadcrumb"},"inLanguage":"pt-BR","potentialAction":[{"@type":"ReadAction","target":["https:\/\/dualgree.com.br\/loja\/produto\/sensor-de-gelo-do-evaporador-electrolux-gree-vi09f-ti09f-vi12\/"]}]},{"@type":"ImageObject","inLanguage":"pt-BR","@id":"https:\/\/dualgree.com.br\/loja\/produto\/sensor-de-gelo-do-evaporador-electrolux-gree-vi09f-ti09f-vi12\/#primaryimage","url":"https:\/\/dualgree.com.br\/loja\/wp-content\/uploads\/2025\/08\/15111323210-ic884.webp","contentUrl":"https:\/\/dualgree.com.br\/loja\/wp-content\/uploads\/2025\/08\/15111323210-ic884.webp","width":800,"height":800},{"@type":"BreadcrumbList","@id":"https:\/\/dualgree.com.br\/loja\/produto\/sensor-de-gelo-do-evaporador-electrolux-gree-vi09f-ti09f-vi12\/#breadcrumb","itemListElement":[{"@type":"ListItem","position":1,"name":"In\u00edcio","item":"https:\/\/dualgree.com.br\/loja\/"},{"@type":"ListItem","position":2,"name":"Loja &#8211; Cat\u00e1logo de Pe\u00e7as","item":"https:\/\/dualgree.com.br\/loja\/"},{"@type":"ListItem","position":3,"name":"Sensor DeGelo da evaporadora Para condicionado Electrolux"}]},{"@type":"WebSite","@id":"https:\/\/dualgree.com.br\/loja\/#website","url":"https:\/\/dualgree.com.br\/loja\/","name":"Loja - Dual Gree Servi\u00e7os | Partes e Pe\u00e7as","description":"Catalogo de Pe\u00e7as para ar condicionado","publisher":{"@id":"https:\/\/dualgree.com.br\/loja\/#organization"},"potentialAction":[{"@type":"SearchAction","target":{"@type":"EntryPoint","urlTemplate":"https:\/\/dualgree.com.br\/loja\/?s={search_term_string}"},"query-input":{"@type":"PropertyValueSpecification","valueRequired":true,"valueName":"search_term_string"}}],"inLanguage":"pt-BR"},{"@type":"Organization","@id":"https:\/\/dualgree.com.br\/loja\/#organization","name":"Loja Dual Gree Servi\u00e7o","url":"https:\/\/dualgree.com.br\/loja\/","logo":{"@type":"ImageObject","inLanguage":"pt-BR","@id":"https:\/\/dualgree.com.br\/loja\/#\/schema\/logo\/image\/","url":"https:\/\/dualgree.com.br\/loja\/wp-content\/uploads\/2024\/09\/teste-logo-ecommerce-dual-1-e1725909304971.png","contentUrl":"https:\/\/dualgree.com.br\/loja\/wp-content\/uploads\/2024\/09\/teste-logo-ecommerce-dual-1-e1725909304971.png","width":470,"height":157,"caption":"Loja Dual Gree Servi\u00e7o"},"image":{"@id":"https:\/\/dualgree.com.br\/loja\/#\/schema\/logo\/image\/"}}]}},"jetpack_publicize_connections":[],"jetpack_sharing_enabled":true,"jetpack_likes_enabled":true,"_links":{"self":[{"href":"https:\/\/dualgree.com.br\/loja\/wp-json\/wp\/v2\/product\/2685","targetHints":{"allow":["GET"]}}],"collection":[{"href":"https:\/\/dualgree.com.br\/loja\/wp-json\/wp\/v2\/product"}],"about":[{"href":"https:\/\/dualgree.com.br\/loja\/wp-json\/wp\/v2\/types\/product"}],"replies":[{"embeddable":true,"href":"https:\/\/dualgree.com.br\/loja\/wp-json\/wp\/v2\/comments?post=2685"}],"wp:featuredmedia":[{"embeddable":true,"href":"https:\/\/dualgree.com.br\/loja\/wp-json\/wp\/v2\/media\/11010"}],"wp:attachment":[{"href":"https:\/\/dualgree.com.br\/loja\/wp-json\/wp\/v2\/media?parent=2685"}],"wp:term":[{"taxonomy":"product_brand","embeddable":true,"href":"https:\/\/dualgree.com.br\/loja\/wp-json\/wp\/v2\/product_brand?post=2685"},{"taxonomy":"product_cat","embeddable":true,"href":"https:\/\/dualgree.com.br\/loja\/wp-json\/wp\/v2\/product_cat?post=2685"},{"taxonomy":"product_tag","embeddable":true,"href":"https:\/\/dualgree.com.br\/loja\/wp-json\/wp\/v2\/product_tag?post=2685"}],"curies":[{"name":"wp","href":"https:\/\/api.w.org\/{rel}","templated":true}]}}