{"id":2799,"date":"2023-11-10T13:54:20","date_gmt":"2023-11-10T13:54:20","guid":{"rendered":"https:\/\/dualgree.com.br\/loja\/produto\/borracha-do-motor-da-evaporadora-ar-condicionado-fujitsu-teto-inverter-abba30lbt\/"},"modified":"2026-03-12T16:34:15","modified_gmt":"2026-03-12T16:34:15","slug":"borracha-do-motor-da-evaporadora-ar-condicionado-fujitsu-teto-inverter-abba30lbt","status":"publish","type":"product","link":"https:\/\/dualgree.com.br\/loja\/produto\/borracha-do-motor-da-evaporadora-ar-condicionado-fujitsu-teto-inverter-abba30lbt\/","title":{"rendered":"Borracha Do Motor Da Evaporadora AR CONDICIONADO Fujitsu Tet..."},"content":{"rendered":"","protected":false},"excerpt":{"rendered":"<p>DG654<\/p>\n<p>BORACHA DO MOTOR DO TETO FUJITSU<\/p>\n<p>ABBA30LBT<\/p>\n<p>ABBA30LCT<\/p>\n<p>ABBA36LBT<\/p>\n<p>ABBA36LCT<\/p>\n<p>ABBA45LCT<\/p>\n<p>ABBA54LCT<\/p>\n<p>ABBF18LAT<\/p>\n<p>ABBF24LAT<\/p>\n<p>ABBG18LVTA<\/p>\n<p>ABBG24LVTA<\/p>\n<p>ABBG45LRTA<\/p>\n<p>ABBG54LRTA<\/p>\n","protected":false},"featured_media":2797,"comment_status":"open","ping_status":"closed","template":"","meta":{"_kadence_starter_templates_imported_post":false,"_kad_post_transparent":"","_kad_post_title":"","_kad_post_layout":"","_kad_post_sidebar_id":"","_kad_post_content_style":"","_kad_post_vertical_padding":"","_kad_post_feature":"","_kad_post_feature_position":"","_kad_post_header":false,"_kad_post_footer":false,"jetpack_publicize_message":"","jetpack_publicize_feature_enabled":true,"jetpack_social_post_already_shared":false,"jetpack_social_options":{"image_generator_settings":{"template":"highway","default_image_id":0,"font":"","enabled":false},"version":2}},"product_brand":[],"product_cat":[218,187],"product_tag":[],"class_list":{"0":"post-2799","1":"product","2":"type-product","3":"status-publish","4":"has-post-thumbnail","6":"product_cat-borracha-motor-evaporadora","7":"product_cat-fujitsu","9":"first","10":"outofstock","11":"shipping-taxable","12":"purchasable","13":"product-type-simple","14":"entry","15":"content-bg","16":"loop-entry"},"yoast_head":"<!-- This site is optimized with the Yoast SEO plugin v27.4 - https:\/\/yoast.com\/product\/yoast-seo-wordpress\/ -->\n<title>Borracha Do Motor Da Evaporadora AR CONDICIONADO Fujitsu Teto Inverter- ABBA30LBT - Loja - Dual Gree Servi\u00e7os | Pe\u00e7as<\/title>\n<meta name=\"robots\" content=\"index, follow, max-snippet:-1, max-image-preview:large, max-video-preview:-1\" \/>\n<link rel=\"canonical\" href=\"https:\/\/dualgree.com.br\/loja\/produto\/borracha-do-motor-da-evaporadora-ar-condicionado-fujitsu-teto-inverter-abba30lbt\/\" \/>\n<meta property=\"og:locale\" content=\"pt_BR\" \/>\n<meta property=\"og:type\" content=\"article\" \/>\n<meta property=\"og:title\" content=\"Borracha Do Motor Da Evaporadora AR CONDICIONADO Fujitsu Teto Inverter- ABBA30LBT - Loja - Dual Gree Servi\u00e7os | Pe\u00e7as\" \/>\n<meta property=\"og:description\" content=\"DG654  BORACHA DO MOTOR DO TETO FUJITSU  ABBA30LBT  ABBA30LCT  ABBA36LBT  ABBA36LCT  ABBA45LCT  ABBA54LCT  ABBF18LAT  ABBF24LAT  ABBG18LVTA  ABBG24LVTA  ABBG45LRTA  ABBG54LRTA\" \/>\n<meta property=\"og:url\" content=\"https:\/\/dualgree.com.br\/loja\/produto\/borracha-do-motor-da-evaporadora-ar-condicionado-fujitsu-teto-inverter-abba30lbt\/\" \/>\n<meta property=\"og:site_name\" content=\"Loja - Dual Gree Servi\u00e7os | Pe\u00e7as\" \/>\n<meta property=\"article:modified_time\" content=\"2026-03-12T16:34:15+00:00\" \/>\n<meta property=\"og:image\" content=\"https:\/\/dualgree.com.br\/loja\/wp-content\/uploads\/2023\/11\/15226194194_DG654-BORRACHA201-2-PhotoRoom.png-PhotoRoom.png\" \/>\n\t<meta property=\"og:image:width\" content=\"720\" \/>\n\t<meta property=\"og:image:height\" content=\"1280\" \/>\n\t<meta property=\"og:image:type\" content=\"image\/png\" \/>\n<meta name=\"twitter:card\" content=\"summary_large_image\" \/>\n<meta name=\"twitter:label1\" content=\"Est. tempo de leitura\" \/>\n\t<meta name=\"twitter:data1\" content=\"1 minuto\" \/>\n<script type=\"application\/ld+json\" class=\"yoast-schema-graph\">{\"@context\":\"https:\\\/\\\/schema.org\",\"@graph\":[{\"@type\":\"WebPage\",\"@id\":\"https:\\\/\\\/dualgree.com.br\\\/loja\\\/produto\\\/borracha-do-motor-da-evaporadora-ar-condicionado-fujitsu-teto-inverter-abba30lbt\\\/\",\"url\":\"https:\\\/\\\/dualgree.com.br\\\/loja\\\/produto\\\/borracha-do-motor-da-evaporadora-ar-condicionado-fujitsu-teto-inverter-abba30lbt\\\/\",\"name\":\"Borracha Do Motor Da Evaporadora AR CONDICIONADO Fujitsu Teto Inverter- ABBA30LBT - Loja - Dual Gree Servi\u00e7os | Pe\u00e7as\",\"isPartOf\":{\"@id\":\"https:\\\/\\\/dualgree.com.br\\\/loja\\\/#website\"},\"primaryImageOfPage\":{\"@id\":\"https:\\\/\\\/dualgree.com.br\\\/loja\\\/produto\\\/borracha-do-motor-da-evaporadora-ar-condicionado-fujitsu-teto-inverter-abba30lbt\\\/#primaryimage\"},\"image\":{\"@id\":\"https:\\\/\\\/dualgree.com.br\\\/loja\\\/produto\\\/borracha-do-motor-da-evaporadora-ar-condicionado-fujitsu-teto-inverter-abba30lbt\\\/#primaryimage\"},\"thumbnailUrl\":\"https:\\\/\\\/dualgree.com.br\\\/loja\\\/wp-content\\\/uploads\\\/2023\\\/11\\\/15226194194_DG654-BORRACHA201-2-PhotoRoom.png-PhotoRoom.png\",\"datePublished\":\"2023-11-10T13:54:20+00:00\",\"dateModified\":\"2026-03-12T16:34:15+00:00\",\"breadcrumb\":{\"@id\":\"https:\\\/\\\/dualgree.com.br\\\/loja\\\/produto\\\/borracha-do-motor-da-evaporadora-ar-condicionado-fujitsu-teto-inverter-abba30lbt\\\/#breadcrumb\"},\"inLanguage\":\"pt-BR\",\"potentialAction\":[{\"@type\":\"ReadAction\",\"target\":[\"https:\\\/\\\/dualgree.com.br\\\/loja\\\/produto\\\/borracha-do-motor-da-evaporadora-ar-condicionado-fujitsu-teto-inverter-abba30lbt\\\/\"]}]},{\"@type\":\"ImageObject\",\"inLanguage\":\"pt-BR\",\"@id\":\"https:\\\/\\\/dualgree.com.br\\\/loja\\\/produto\\\/borracha-do-motor-da-evaporadora-ar-condicionado-fujitsu-teto-inverter-abba30lbt\\\/#primaryimage\",\"url\":\"https:\\\/\\\/dualgree.com.br\\\/loja\\\/wp-content\\\/uploads\\\/2023\\\/11\\\/15226194194_DG654-BORRACHA201-2-PhotoRoom.png-PhotoRoom.png\",\"contentUrl\":\"https:\\\/\\\/dualgree.com.br\\\/loja\\\/wp-content\\\/uploads\\\/2023\\\/11\\\/15226194194_DG654-BORRACHA201-2-PhotoRoom.png-PhotoRoom.png\",\"width\":675,\"height\":1200},{\"@type\":\"BreadcrumbList\",\"@id\":\"https:\\\/\\\/dualgree.com.br\\\/loja\\\/produto\\\/borracha-do-motor-da-evaporadora-ar-condicionado-fujitsu-teto-inverter-abba30lbt\\\/#breadcrumb\",\"itemListElement\":[{\"@type\":\"ListItem\",\"position\":1,\"name\":\"In\u00edcio\",\"item\":\"https:\\\/\\\/dualgree.com.br\\\/loja\\\/\"},{\"@type\":\"ListItem\",\"position\":2,\"name\":\"Loja &#8211; Cat\u00e1logo de Pe\u00e7as\",\"item\":\"https:\\\/\\\/dualgree.com.br\\\/loja\\\/\"},{\"@type\":\"ListItem\",\"position\":3,\"name\":\"Borracha Do Motor Da Evaporadora AR CONDICIONADO Fujitsu Teto Inverter- ABBA30LBT\"}]},{\"@type\":\"WebSite\",\"@id\":\"https:\\\/\\\/dualgree.com.br\\\/loja\\\/#website\",\"url\":\"https:\\\/\\\/dualgree.com.br\\\/loja\\\/\",\"name\":\"Loja - Dual Gree Servi\u00e7os | Partes e Pe\u00e7as\",\"description\":\"Catalogo de Pe\u00e7as para ar condicionado\",\"publisher\":{\"@id\":\"https:\\\/\\\/dualgree.com.br\\\/loja\\\/#organization\"},\"potentialAction\":[{\"@type\":\"SearchAction\",\"target\":{\"@type\":\"EntryPoint\",\"urlTemplate\":\"https:\\\/\\\/dualgree.com.br\\\/loja\\\/?s={search_term_string}\"},\"query-input\":{\"@type\":\"PropertyValueSpecification\",\"valueRequired\":true,\"valueName\":\"search_term_string\"}}],\"inLanguage\":\"pt-BR\"},{\"@type\":\"Organization\",\"@id\":\"https:\\\/\\\/dualgree.com.br\\\/loja\\\/#organization\",\"name\":\"Loja Dual Gree Servi\u00e7o\",\"url\":\"https:\\\/\\\/dualgree.com.br\\\/loja\\\/\",\"logo\":{\"@type\":\"ImageObject\",\"inLanguage\":\"pt-BR\",\"@id\":\"https:\\\/\\\/dualgree.com.br\\\/loja\\\/#\\\/schema\\\/logo\\\/image\\\/\",\"url\":\"https:\\\/\\\/dualgree.com.br\\\/loja\\\/wp-content\\\/uploads\\\/2024\\\/09\\\/teste-logo-ecommerce-dual-1-e1725909304971.png\",\"contentUrl\":\"https:\\\/\\\/dualgree.com.br\\\/loja\\\/wp-content\\\/uploads\\\/2024\\\/09\\\/teste-logo-ecommerce-dual-1-e1725909304971.png\",\"width\":470,\"height\":157,\"caption\":\"Loja Dual Gree Servi\u00e7o\"},\"image\":{\"@id\":\"https:\\\/\\\/dualgree.com.br\\\/loja\\\/#\\\/schema\\\/logo\\\/image\\\/\"}}]}<\/script>\n<!-- \/ Yoast SEO plugin. -->","yoast_head_json":{"title":"Borracha Do Motor Da Evaporadora AR CONDICIONADO Fujitsu Teto Inverter- ABBA30LBT - Loja - Dual Gree Servi\u00e7os | Pe\u00e7as","robots":{"index":"index","follow":"follow","max-snippet":"max-snippet:-1","max-image-preview":"max-image-preview:large","max-video-preview":"max-video-preview:-1"},"canonical":"https:\/\/dualgree.com.br\/loja\/produto\/borracha-do-motor-da-evaporadora-ar-condicionado-fujitsu-teto-inverter-abba30lbt\/","og_locale":"pt_BR","og_type":"article","og_title":"Borracha Do Motor Da Evaporadora AR CONDICIONADO Fujitsu Teto Inverter- ABBA30LBT - Loja - Dual Gree Servi\u00e7os | Pe\u00e7as","og_description":"DG654  BORACHA DO MOTOR DO TETO FUJITSU  ABBA30LBT  ABBA30LCT  ABBA36LBT  ABBA36LCT  ABBA45LCT  ABBA54LCT  ABBF18LAT  ABBF24LAT  ABBG18LVTA  ABBG24LVTA  ABBG45LRTA  ABBG54LRTA","og_url":"https:\/\/dualgree.com.br\/loja\/produto\/borracha-do-motor-da-evaporadora-ar-condicionado-fujitsu-teto-inverter-abba30lbt\/","og_site_name":"Loja - Dual Gree Servi\u00e7os | Pe\u00e7as","article_modified_time":"2026-03-12T16:34:15+00:00","og_image":[{"width":720,"height":1280,"url":"https:\/\/dualgree.com.br\/loja\/wp-content\/uploads\/2023\/11\/15226194194_DG654-BORRACHA201-2-PhotoRoom.png-PhotoRoom.png","type":"image\/png"}],"twitter_card":"summary_large_image","twitter_misc":{"Est. tempo de leitura":"1 minuto"},"schema":{"@context":"https:\/\/schema.org","@graph":[{"@type":"WebPage","@id":"https:\/\/dualgree.com.br\/loja\/produto\/borracha-do-motor-da-evaporadora-ar-condicionado-fujitsu-teto-inverter-abba30lbt\/","url":"https:\/\/dualgree.com.br\/loja\/produto\/borracha-do-motor-da-evaporadora-ar-condicionado-fujitsu-teto-inverter-abba30lbt\/","name":"Borracha Do Motor Da Evaporadora AR CONDICIONADO Fujitsu Teto Inverter- ABBA30LBT - Loja - Dual Gree Servi\u00e7os | Pe\u00e7as","isPartOf":{"@id":"https:\/\/dualgree.com.br\/loja\/#website"},"primaryImageOfPage":{"@id":"https:\/\/dualgree.com.br\/loja\/produto\/borracha-do-motor-da-evaporadora-ar-condicionado-fujitsu-teto-inverter-abba30lbt\/#primaryimage"},"image":{"@id":"https:\/\/dualgree.com.br\/loja\/produto\/borracha-do-motor-da-evaporadora-ar-condicionado-fujitsu-teto-inverter-abba30lbt\/#primaryimage"},"thumbnailUrl":"https:\/\/dualgree.com.br\/loja\/wp-content\/uploads\/2023\/11\/15226194194_DG654-BORRACHA201-2-PhotoRoom.png-PhotoRoom.png","datePublished":"2023-11-10T13:54:20+00:00","dateModified":"2026-03-12T16:34:15+00:00","breadcrumb":{"@id":"https:\/\/dualgree.com.br\/loja\/produto\/borracha-do-motor-da-evaporadora-ar-condicionado-fujitsu-teto-inverter-abba30lbt\/#breadcrumb"},"inLanguage":"pt-BR","potentialAction":[{"@type":"ReadAction","target":["https:\/\/dualgree.com.br\/loja\/produto\/borracha-do-motor-da-evaporadora-ar-condicionado-fujitsu-teto-inverter-abba30lbt\/"]}]},{"@type":"ImageObject","inLanguage":"pt-BR","@id":"https:\/\/dualgree.com.br\/loja\/produto\/borracha-do-motor-da-evaporadora-ar-condicionado-fujitsu-teto-inverter-abba30lbt\/#primaryimage","url":"https:\/\/dualgree.com.br\/loja\/wp-content\/uploads\/2023\/11\/15226194194_DG654-BORRACHA201-2-PhotoRoom.png-PhotoRoom.png","contentUrl":"https:\/\/dualgree.com.br\/loja\/wp-content\/uploads\/2023\/11\/15226194194_DG654-BORRACHA201-2-PhotoRoom.png-PhotoRoom.png","width":675,"height":1200},{"@type":"BreadcrumbList","@id":"https:\/\/dualgree.com.br\/loja\/produto\/borracha-do-motor-da-evaporadora-ar-condicionado-fujitsu-teto-inverter-abba30lbt\/#breadcrumb","itemListElement":[{"@type":"ListItem","position":1,"name":"In\u00edcio","item":"https:\/\/dualgree.com.br\/loja\/"},{"@type":"ListItem","position":2,"name":"Loja &#8211; Cat\u00e1logo de Pe\u00e7as","item":"https:\/\/dualgree.com.br\/loja\/"},{"@type":"ListItem","position":3,"name":"Borracha Do Motor Da Evaporadora AR CONDICIONADO Fujitsu Teto Inverter- ABBA30LBT"}]},{"@type":"WebSite","@id":"https:\/\/dualgree.com.br\/loja\/#website","url":"https:\/\/dualgree.com.br\/loja\/","name":"Loja - Dual Gree Servi\u00e7os | Partes e Pe\u00e7as","description":"Catalogo de Pe\u00e7as para ar condicionado","publisher":{"@id":"https:\/\/dualgree.com.br\/loja\/#organization"},"potentialAction":[{"@type":"SearchAction","target":{"@type":"EntryPoint","urlTemplate":"https:\/\/dualgree.com.br\/loja\/?s={search_term_string}"},"query-input":{"@type":"PropertyValueSpecification","valueRequired":true,"valueName":"search_term_string"}}],"inLanguage":"pt-BR"},{"@type":"Organization","@id":"https:\/\/dualgree.com.br\/loja\/#organization","name":"Loja Dual Gree Servi\u00e7o","url":"https:\/\/dualgree.com.br\/loja\/","logo":{"@type":"ImageObject","inLanguage":"pt-BR","@id":"https:\/\/dualgree.com.br\/loja\/#\/schema\/logo\/image\/","url":"https:\/\/dualgree.com.br\/loja\/wp-content\/uploads\/2024\/09\/teste-logo-ecommerce-dual-1-e1725909304971.png","contentUrl":"https:\/\/dualgree.com.br\/loja\/wp-content\/uploads\/2024\/09\/teste-logo-ecommerce-dual-1-e1725909304971.png","width":470,"height":157,"caption":"Loja Dual Gree Servi\u00e7o"},"image":{"@id":"https:\/\/dualgree.com.br\/loja\/#\/schema\/logo\/image\/"}}]}},"jetpack_publicize_connections":[],"jetpack_sharing_enabled":true,"jetpack_likes_enabled":true,"_links":{"self":[{"href":"https:\/\/dualgree.com.br\/loja\/wp-json\/wp\/v2\/product\/2799","targetHints":{"allow":["GET"]}}],"collection":[{"href":"https:\/\/dualgree.com.br\/loja\/wp-json\/wp\/v2\/product"}],"about":[{"href":"https:\/\/dualgree.com.br\/loja\/wp-json\/wp\/v2\/types\/product"}],"replies":[{"embeddable":true,"href":"https:\/\/dualgree.com.br\/loja\/wp-json\/wp\/v2\/comments?post=2799"}],"wp:featuredmedia":[{"embeddable":true,"href":"https:\/\/dualgree.com.br\/loja\/wp-json\/wp\/v2\/media\/2797"}],"wp:attachment":[{"href":"https:\/\/dualgree.com.br\/loja\/wp-json\/wp\/v2\/media?parent=2799"}],"wp:term":[{"taxonomy":"product_brand","embeddable":true,"href":"https:\/\/dualgree.com.br\/loja\/wp-json\/wp\/v2\/product_brand?post=2799"},{"taxonomy":"product_cat","embeddable":true,"href":"https:\/\/dualgree.com.br\/loja\/wp-json\/wp\/v2\/product_cat?post=2799"},{"taxonomy":"product_tag","embeddable":true,"href":"https:\/\/dualgree.com.br\/loja\/wp-json\/wp\/v2\/product_tag?post=2799"}],"curies":[{"name":"wp","href":"https:\/\/api.w.org\/{rel}","templated":true}]}}