{"id":2847,"date":"2023-11-10T18:33:41","date_gmt":"2023-11-10T18:33:41","guid":{"rendered":"https:\/\/dualgree.com.br\/loja\/produto\/sensor-condensador-ar-condicionado-fujitsu-aoba30lbtl\/"},"modified":"2024-05-10T18:05:42","modified_gmt":"2024-05-10T18:05:42","slug":"sensor-condensador-ar-condicionado-fujitsu-aoba30lbtl","status":"publish","type":"product","link":"https:\/\/dualgree.com.br\/loja\/produto\/sensor-condensador-ar-condicionado-fujitsu-aoba30lbtl\/","title":{"rendered":"SENSOR CONDENSADOR AR CONDICIONADO FUJITSU AOBA30LBTL"},"content":{"rendered":"<p>PRE\u00c7O DE CUSTO 26,00<\/p>\n","protected":false},"excerpt":{"rendered":"<p style=\"font-family: Roboto, sans-serif;margin-top: 5px;margin-bottom: 14px;padding: 0px;border: 0px;position: relative;color: #474e5f;background-color: #f8f8f8;z-index: 0;width: auto;font-size: medium\">TERMISTOR SENSOR DE TEMPERATURA Fujitsu Aplic\u00e1veis aos modelos abaixo:<\/p>\n<p style=\"font-family: Roboto, sans-serif;margin-top: 5px;margin-bottom: 14px;padding: 0px;border: 0px;position: relative;color: #474e5f;background-color: #f8f8f8;z-index: 0;width: auto;font-size: medium\">AOBA30LBTL<\/p>\n<p style=\"font-family: Roboto, sans-serif;margin-top: 5px;margin-bottom: 14px;padding: 0px;border: 0px;position: relative;color: #474e5f;background-color: #f8f8f8;z-index: 0;width: auto;font-size: medium\">AOBA30LFTL<\/p>\n<p style=\"font-family: Roboto, sans-serif;margin-top: 5px;margin-bottom: 14px;padding: 0px;border: 0px;position: relative;color: #474e5f;background-color: #f8f8f8;z-index: 0;width: auto;font-size: medium\">AOBA36LBTL<\/p>\n<p style=\"font-family: Roboto, sans-serif;margin-top: 5px;margin-bottom: 14px;padding: 0px;border: 0px;position: relative;color: #474e5f;background-color: #f8f8f8;z-index: 0;width: auto;font-size: medium\">AOBA36LFTL<\/p>\n<p style=\"font-family: Roboto, sans-serif;margin-top: 5px;margin-bottom: 14px;padding: 0px;border: 0px;position: relative;color: #474e5f;background-color: #f8f8f8;z-index: 0;width: auto;font-size: medium\">AOBG30JFTB<\/p>\n<p style=\"font-family: Roboto, sans-serif;margin-top: 5px;margin-bottom: 14px;padding: 0px;border: 0px;position: relative;color: #474e5f;background-color: #f8f8f8;z-index: 0;width: auto;font-size: medium\">AOBG30LFTB<\/p>\n<p style=\"font-family: Roboto, sans-serif;margin-top: 5px;margin-bottom: 14px;padding: 0px;border: 0px;position: relative;color: #474e5f;background-color: #f8f8f8;z-index: 0;width: auto;font-size: medium\">AOBR30JFT<\/p>\n<p style=\"font-family: Roboto, sans-serif;margin-top: 5px;margin-bottom: 14px;padding: 0px;border: 0px;position: relative;color: #474e5f;background-color: #f8f8f8;z-index: 0;width: auto;font-size: medium\">AOBR30LFT<\/p>\n","protected":false},"featured_media":2845,"comment_status":"open","ping_status":"closed","template":"","meta":{"_kadence_starter_templates_imported_post":false,"_kad_post_transparent":"","_kad_post_title":"","_kad_post_layout":"","_kad_post_sidebar_id":"","_kad_post_content_style":"","_kad_post_vertical_padding":"","_kad_post_feature":"","_kad_post_feature_position":"","_kad_post_header":false,"_kad_post_footer":false,"jetpack_publicize_message":"","jetpack_publicize_feature_enabled":true,"jetpack_social_post_already_shared":false,"jetpack_social_options":{"image_generator_settings":{"template":"highway","default_image_id":0,"font":"","enabled":false},"version":2}},"product_brand":[],"product_cat":[187,214],"product_tag":[],"class_list":{"0":"post-2847","1":"product","2":"type-product","3":"status-publish","4":"has-post-thumbnail","6":"product_cat-fujitsu","7":"product_cat-sensor-ambiente-evaporadora-split","9":"first","10":"outofstock","11":"shipping-taxable","12":"purchasable","13":"product-type-simple","14":"entry","15":"content-bg","16":"loop-entry"},"yoast_head":"<!-- This site is optimized with the Yoast SEO plugin v27.5 - https:\/\/yoast.com\/product\/yoast-seo-wordpress\/ -->\n<title>SENSOR CONDENSADOR AR CONDICIONADO FUJITSU AOBA30LBTL - Loja - Dual Gree Servi\u00e7os | Pe\u00e7as<\/title>\n<meta name=\"robots\" content=\"index, follow, max-snippet:-1, max-image-preview:large, max-video-preview:-1\" \/>\n<link rel=\"canonical\" href=\"https:\/\/dualgree.com.br\/loja\/produto\/sensor-condensador-ar-condicionado-fujitsu-aoba30lbtl\/\" \/>\n<meta property=\"og:locale\" content=\"pt_BR\" \/>\n<meta property=\"og:type\" content=\"article\" \/>\n<meta property=\"og:title\" content=\"SENSOR CONDENSADOR AR CONDICIONADO FUJITSU AOBA30LBTL - Loja - Dual Gree Servi\u00e7os | Pe\u00e7as\" \/>\n<meta property=\"og:description\" content=\"TERMISTOR SENSOR DE TEMPERATURA Fujitsu Aplic\u00e1veis aos modelos abaixo: AOBA30LBTL AOBA30LFTL AOBA36LBTL AOBA36LFTL AOBG30JFTB AOBG30LFTB AOBR30JFT AOBR30LFT\" \/>\n<meta property=\"og:url\" content=\"https:\/\/dualgree.com.br\/loja\/produto\/sensor-condensador-ar-condicionado-fujitsu-aoba30lbtl\/\" \/>\n<meta property=\"og:site_name\" content=\"Loja - Dual Gree Servi\u00e7os | Pe\u00e7as\" \/>\n<meta property=\"article:modified_time\" content=\"2024-05-10T18:05:42+00:00\" \/>\n<meta property=\"og:image\" content=\"https:\/\/dualgree.com.br\/loja\/wp-content\/uploads\/2023\/11\/15227446786_WhatsApp20Image202023-10-2720at209.11.3920AM-PhotoRoom.png-PhotoRoom.jpg\" \/>\n\t<meta property=\"og:image:width\" content=\"1280\" \/>\n\t<meta property=\"og:image:height\" content=\"720\" \/>\n\t<meta property=\"og:image:type\" content=\"image\/jpeg\" \/>\n<meta name=\"twitter:card\" content=\"summary_large_image\" \/>\n<script type=\"application\/ld+json\" class=\"yoast-schema-graph\">{\"@context\":\"https:\\\/\\\/schema.org\",\"@graph\":[{\"@type\":\"WebPage\",\"@id\":\"https:\\\/\\\/dualgree.com.br\\\/loja\\\/produto\\\/sensor-condensador-ar-condicionado-fujitsu-aoba30lbtl\\\/\",\"url\":\"https:\\\/\\\/dualgree.com.br\\\/loja\\\/produto\\\/sensor-condensador-ar-condicionado-fujitsu-aoba30lbtl\\\/\",\"name\":\"SENSOR CONDENSADOR AR CONDICIONADO FUJITSU AOBA30LBTL - Loja - Dual Gree Servi\u00e7os | Pe\u00e7as\",\"isPartOf\":{\"@id\":\"https:\\\/\\\/dualgree.com.br\\\/loja\\\/#website\"},\"primaryImageOfPage\":{\"@id\":\"https:\\\/\\\/dualgree.com.br\\\/loja\\\/produto\\\/sensor-condensador-ar-condicionado-fujitsu-aoba30lbtl\\\/#primaryimage\"},\"image\":{\"@id\":\"https:\\\/\\\/dualgree.com.br\\\/loja\\\/produto\\\/sensor-condensador-ar-condicionado-fujitsu-aoba30lbtl\\\/#primaryimage\"},\"thumbnailUrl\":\"https:\\\/\\\/dualgree.com.br\\\/loja\\\/wp-content\\\/uploads\\\/2023\\\/11\\\/15227446786_WhatsApp20Image202023-10-2720at209.11.3920AM-PhotoRoom.png-PhotoRoom.jpg\",\"datePublished\":\"2023-11-10T18:33:41+00:00\",\"dateModified\":\"2024-05-10T18:05:42+00:00\",\"breadcrumb\":{\"@id\":\"https:\\\/\\\/dualgree.com.br\\\/loja\\\/produto\\\/sensor-condensador-ar-condicionado-fujitsu-aoba30lbtl\\\/#breadcrumb\"},\"inLanguage\":\"pt-BR\",\"potentialAction\":[{\"@type\":\"ReadAction\",\"target\":[\"https:\\\/\\\/dualgree.com.br\\\/loja\\\/produto\\\/sensor-condensador-ar-condicionado-fujitsu-aoba30lbtl\\\/\"]}]},{\"@type\":\"ImageObject\",\"inLanguage\":\"pt-BR\",\"@id\":\"https:\\\/\\\/dualgree.com.br\\\/loja\\\/produto\\\/sensor-condensador-ar-condicionado-fujitsu-aoba30lbtl\\\/#primaryimage\",\"url\":\"https:\\\/\\\/dualgree.com.br\\\/loja\\\/wp-content\\\/uploads\\\/2023\\\/11\\\/15227446786_WhatsApp20Image202023-10-2720at209.11.3920AM-PhotoRoom.png-PhotoRoom.jpg\",\"contentUrl\":\"https:\\\/\\\/dualgree.com.br\\\/loja\\\/wp-content\\\/uploads\\\/2023\\\/11\\\/15227446786_WhatsApp20Image202023-10-2720at209.11.3920AM-PhotoRoom.png-PhotoRoom.jpg\",\"width\":1200,\"height\":675},{\"@type\":\"BreadcrumbList\",\"@id\":\"https:\\\/\\\/dualgree.com.br\\\/loja\\\/produto\\\/sensor-condensador-ar-condicionado-fujitsu-aoba30lbtl\\\/#breadcrumb\",\"itemListElement\":[{\"@type\":\"ListItem\",\"position\":1,\"name\":\"In\u00edcio\",\"item\":\"https:\\\/\\\/dualgree.com.br\\\/loja\\\/\"},{\"@type\":\"ListItem\",\"position\":2,\"name\":\"Loja &#8211; Cat\u00e1logo de Pe\u00e7as\",\"item\":\"https:\\\/\\\/dualgree.com.br\\\/loja\\\/\"},{\"@type\":\"ListItem\",\"position\":3,\"name\":\"SENSOR CONDENSADOR AR CONDICIONADO FUJITSU AOBA30LBTL\"}]},{\"@type\":\"WebSite\",\"@id\":\"https:\\\/\\\/dualgree.com.br\\\/loja\\\/#website\",\"url\":\"https:\\\/\\\/dualgree.com.br\\\/loja\\\/\",\"name\":\"Loja - Dual Gree Servi\u00e7os | Partes e Pe\u00e7as\",\"description\":\"Catalogo de Pe\u00e7as para ar condicionado\",\"publisher\":{\"@id\":\"https:\\\/\\\/dualgree.com.br\\\/loja\\\/#organization\"},\"potentialAction\":[{\"@type\":\"SearchAction\",\"target\":{\"@type\":\"EntryPoint\",\"urlTemplate\":\"https:\\\/\\\/dualgree.com.br\\\/loja\\\/?s={search_term_string}\"},\"query-input\":{\"@type\":\"PropertyValueSpecification\",\"valueRequired\":true,\"valueName\":\"search_term_string\"}}],\"inLanguage\":\"pt-BR\"},{\"@type\":\"Organization\",\"@id\":\"https:\\\/\\\/dualgree.com.br\\\/loja\\\/#organization\",\"name\":\"Loja Dual Gree Servi\u00e7o\",\"url\":\"https:\\\/\\\/dualgree.com.br\\\/loja\\\/\",\"logo\":{\"@type\":\"ImageObject\",\"inLanguage\":\"pt-BR\",\"@id\":\"https:\\\/\\\/dualgree.com.br\\\/loja\\\/#\\\/schema\\\/logo\\\/image\\\/\",\"url\":\"https:\\\/\\\/dualgree.com.br\\\/loja\\\/wp-content\\\/uploads\\\/2024\\\/09\\\/teste-logo-ecommerce-dual-1-e1725909304971.png\",\"contentUrl\":\"https:\\\/\\\/dualgree.com.br\\\/loja\\\/wp-content\\\/uploads\\\/2024\\\/09\\\/teste-logo-ecommerce-dual-1-e1725909304971.png\",\"width\":470,\"height\":157,\"caption\":\"Loja Dual Gree Servi\u00e7o\"},\"image\":{\"@id\":\"https:\\\/\\\/dualgree.com.br\\\/loja\\\/#\\\/schema\\\/logo\\\/image\\\/\"}}]}<\/script>\n<!-- \/ Yoast SEO plugin. -->","yoast_head_json":{"title":"SENSOR CONDENSADOR AR CONDICIONADO FUJITSU AOBA30LBTL - Loja - Dual Gree Servi\u00e7os | Pe\u00e7as","robots":{"index":"index","follow":"follow","max-snippet":"max-snippet:-1","max-image-preview":"max-image-preview:large","max-video-preview":"max-video-preview:-1"},"canonical":"https:\/\/dualgree.com.br\/loja\/produto\/sensor-condensador-ar-condicionado-fujitsu-aoba30lbtl\/","og_locale":"pt_BR","og_type":"article","og_title":"SENSOR CONDENSADOR AR CONDICIONADO FUJITSU AOBA30LBTL - Loja - Dual Gree Servi\u00e7os | Pe\u00e7as","og_description":"TERMISTOR SENSOR DE TEMPERATURA Fujitsu Aplic\u00e1veis aos modelos abaixo: AOBA30LBTL AOBA30LFTL AOBA36LBTL AOBA36LFTL AOBG30JFTB AOBG30LFTB AOBR30JFT AOBR30LFT","og_url":"https:\/\/dualgree.com.br\/loja\/produto\/sensor-condensador-ar-condicionado-fujitsu-aoba30lbtl\/","og_site_name":"Loja - Dual Gree Servi\u00e7os | Pe\u00e7as","article_modified_time":"2024-05-10T18:05:42+00:00","og_image":[{"width":1280,"height":720,"url":"https:\/\/dualgree.com.br\/loja\/wp-content\/uploads\/2023\/11\/15227446786_WhatsApp20Image202023-10-2720at209.11.3920AM-PhotoRoom.png-PhotoRoom.jpg","type":"image\/jpeg"}],"twitter_card":"summary_large_image","schema":{"@context":"https:\/\/schema.org","@graph":[{"@type":"WebPage","@id":"https:\/\/dualgree.com.br\/loja\/produto\/sensor-condensador-ar-condicionado-fujitsu-aoba30lbtl\/","url":"https:\/\/dualgree.com.br\/loja\/produto\/sensor-condensador-ar-condicionado-fujitsu-aoba30lbtl\/","name":"SENSOR CONDENSADOR AR CONDICIONADO FUJITSU AOBA30LBTL - Loja - Dual Gree Servi\u00e7os | Pe\u00e7as","isPartOf":{"@id":"https:\/\/dualgree.com.br\/loja\/#website"},"primaryImageOfPage":{"@id":"https:\/\/dualgree.com.br\/loja\/produto\/sensor-condensador-ar-condicionado-fujitsu-aoba30lbtl\/#primaryimage"},"image":{"@id":"https:\/\/dualgree.com.br\/loja\/produto\/sensor-condensador-ar-condicionado-fujitsu-aoba30lbtl\/#primaryimage"},"thumbnailUrl":"https:\/\/dualgree.com.br\/loja\/wp-content\/uploads\/2023\/11\/15227446786_WhatsApp20Image202023-10-2720at209.11.3920AM-PhotoRoom.png-PhotoRoom.jpg","datePublished":"2023-11-10T18:33:41+00:00","dateModified":"2024-05-10T18:05:42+00:00","breadcrumb":{"@id":"https:\/\/dualgree.com.br\/loja\/produto\/sensor-condensador-ar-condicionado-fujitsu-aoba30lbtl\/#breadcrumb"},"inLanguage":"pt-BR","potentialAction":[{"@type":"ReadAction","target":["https:\/\/dualgree.com.br\/loja\/produto\/sensor-condensador-ar-condicionado-fujitsu-aoba30lbtl\/"]}]},{"@type":"ImageObject","inLanguage":"pt-BR","@id":"https:\/\/dualgree.com.br\/loja\/produto\/sensor-condensador-ar-condicionado-fujitsu-aoba30lbtl\/#primaryimage","url":"https:\/\/dualgree.com.br\/loja\/wp-content\/uploads\/2023\/11\/15227446786_WhatsApp20Image202023-10-2720at209.11.3920AM-PhotoRoom.png-PhotoRoom.jpg","contentUrl":"https:\/\/dualgree.com.br\/loja\/wp-content\/uploads\/2023\/11\/15227446786_WhatsApp20Image202023-10-2720at209.11.3920AM-PhotoRoom.png-PhotoRoom.jpg","width":1200,"height":675},{"@type":"BreadcrumbList","@id":"https:\/\/dualgree.com.br\/loja\/produto\/sensor-condensador-ar-condicionado-fujitsu-aoba30lbtl\/#breadcrumb","itemListElement":[{"@type":"ListItem","position":1,"name":"In\u00edcio","item":"https:\/\/dualgree.com.br\/loja\/"},{"@type":"ListItem","position":2,"name":"Loja &#8211; Cat\u00e1logo de Pe\u00e7as","item":"https:\/\/dualgree.com.br\/loja\/"},{"@type":"ListItem","position":3,"name":"SENSOR CONDENSADOR AR CONDICIONADO FUJITSU AOBA30LBTL"}]},{"@type":"WebSite","@id":"https:\/\/dualgree.com.br\/loja\/#website","url":"https:\/\/dualgree.com.br\/loja\/","name":"Loja - Dual Gree Servi\u00e7os | Partes e Pe\u00e7as","description":"Catalogo de Pe\u00e7as para ar condicionado","publisher":{"@id":"https:\/\/dualgree.com.br\/loja\/#organization"},"potentialAction":[{"@type":"SearchAction","target":{"@type":"EntryPoint","urlTemplate":"https:\/\/dualgree.com.br\/loja\/?s={search_term_string}"},"query-input":{"@type":"PropertyValueSpecification","valueRequired":true,"valueName":"search_term_string"}}],"inLanguage":"pt-BR"},{"@type":"Organization","@id":"https:\/\/dualgree.com.br\/loja\/#organization","name":"Loja Dual Gree Servi\u00e7o","url":"https:\/\/dualgree.com.br\/loja\/","logo":{"@type":"ImageObject","inLanguage":"pt-BR","@id":"https:\/\/dualgree.com.br\/loja\/#\/schema\/logo\/image\/","url":"https:\/\/dualgree.com.br\/loja\/wp-content\/uploads\/2024\/09\/teste-logo-ecommerce-dual-1-e1725909304971.png","contentUrl":"https:\/\/dualgree.com.br\/loja\/wp-content\/uploads\/2024\/09\/teste-logo-ecommerce-dual-1-e1725909304971.png","width":470,"height":157,"caption":"Loja Dual Gree Servi\u00e7o"},"image":{"@id":"https:\/\/dualgree.com.br\/loja\/#\/schema\/logo\/image\/"}}]}},"jetpack_publicize_connections":[],"jetpack_sharing_enabled":true,"jetpack_likes_enabled":true,"_links":{"self":[{"href":"https:\/\/dualgree.com.br\/loja\/wp-json\/wp\/v2\/product\/2847","targetHints":{"allow":["GET"]}}],"collection":[{"href":"https:\/\/dualgree.com.br\/loja\/wp-json\/wp\/v2\/product"}],"about":[{"href":"https:\/\/dualgree.com.br\/loja\/wp-json\/wp\/v2\/types\/product"}],"replies":[{"embeddable":true,"href":"https:\/\/dualgree.com.br\/loja\/wp-json\/wp\/v2\/comments?post=2847"}],"wp:featuredmedia":[{"embeddable":true,"href":"https:\/\/dualgree.com.br\/loja\/wp-json\/wp\/v2\/media\/2845"}],"wp:attachment":[{"href":"https:\/\/dualgree.com.br\/loja\/wp-json\/wp\/v2\/media?parent=2847"}],"wp:term":[{"taxonomy":"product_brand","embeddable":true,"href":"https:\/\/dualgree.com.br\/loja\/wp-json\/wp\/v2\/product_brand?post=2847"},{"taxonomy":"product_cat","embeddable":true,"href":"https:\/\/dualgree.com.br\/loja\/wp-json\/wp\/v2\/product_cat?post=2847"},{"taxonomy":"product_tag","embeddable":true,"href":"https:\/\/dualgree.com.br\/loja\/wp-json\/wp\/v2\/product_tag?post=2847"}],"curies":[{"name":"wp","href":"https:\/\/api.w.org\/{rel}","templated":true}]}}