{"id":2870,"date":"2023-11-16T16:48:27","date_gmt":"2023-11-16T16:48:27","guid":{"rendered":"https:\/\/dualgree.com.br\/loja\/produto\/sensores-termistor-ar-condicionado-split-consul-cbn09cbbna\/"},"modified":"2025-09-12T14:07:23","modified_gmt":"2025-09-12T14:07:23","slug":"sensores-termistor-ar-condicionado-split-consul-cbn09cbbna","status":"publish","type":"product","link":"https:\/\/dualgree.com.br\/loja\/produto\/sensores-termistor-ar-condicionado-split-consul-cbn09cbbna\/","title":{"rendered":"Sensores Termistor Ar Condicionado Split Consul Cbn09cbbna"},"content":{"rendered":"<p>Sensores Termistor Ar Condicionado Split Consul Cbn09cbbna<\/p>\n<p><span style=\"font-family: arial, tahoma, verdana, helvetica; font-size: 14.72px;\">Sensores de temperatura e Degelo da evaporadora do ar condicionado split Consul<\/span><\/p>\n<p><br style=\"font-family: arial, tahoma, verdana, helvetica; font-size: 14.72px;\" \/><span style=\"font-family: arial, tahoma, verdana, helvetica; font-size: 14.72px;\">Modelos compat\u00edveis: <\/span><\/p>\n<p><span style=\"font-family: arial, tahoma, verdana, helvetica; font-size: 14.72px;\">BBJ09BBBNA<\/span><\/p>\n<p><span style=\"font-family: arial, tahoma, verdana, helvetica; font-size: 14.72px;\">BBJ09CBBNA<\/span><\/p>\n<p><span style=\"font-family: arial, tahoma, verdana, helvetica; font-size: 14.72px;\">BBJ12BBBNA<\/span><\/p>\n<p><span style=\"font-family: arial, tahoma, verdana, helvetica; font-size: 14.72px;\">BBJ12CBBNA<\/span><\/p>\n<p><span style=\"font-family: arial, tahoma, verdana, helvetica; font-size: 14.72px;\">BBU09BBBNA<\/span><\/p>\n<p><span style=\"font-family: arial, tahoma, verdana, helvetica; font-size: 14.72px;\">BBU12BBBNA<\/span><\/p>\n<p><span style=\"font-family: arial, tahoma, verdana, helvetica; font-size: 14.72px;\">BBV09BBBNA<\/span><\/p>\n<p><span style=\"font-family: arial, tahoma, verdana, helvetica; font-size: 14.72px;\">BBV12BBBNA<\/span><\/p>\n<p><span style=\"font-family: arial, tahoma, verdana, helvetica; font-size: 14.72px;\">CBF09CBBNA<\/span><\/p>\n<p><span style=\"font-family: arial, tahoma, verdana, helvetica; font-size: 14.72px;\">CBF12CBBNA<\/span><\/p>\n<p><span style=\"font-family: arial, tahoma, verdana, helvetica; font-size: 14.72px;\">CBF18CBBNA<\/span><\/p>\n<p><span style=\"font-family: arial, tahoma, verdana, helvetica; font-size: 14.72px;\">CBF22CBBNA<\/span><\/p>\n<p><span style=\"font-family: arial, tahoma, verdana, helvetica; font-size: 14.72px;\">CBF22DBBNA<\/span><\/p>\n<p><span style=\"font-family: arial, tahoma, verdana, helvetica; font-size: 14.72px;\">CBF22EBBNA<\/span><\/p>\n<p><span style=\"font-family: arial, tahoma, verdana, helvetica; font-size: 14.72px;\">CBJ09CBBNA<\/span><\/p>\n<p><span style=\"font-family: arial, tahoma, verdana, helvetica; font-size: 14.72px;\">CBJ12CBBNA<\/span><\/p>\n<p><span style=\"font-family: arial, tahoma, verdana, helvetica; font-size: 14.72px;\">CBJ18CBBNA<\/span><\/p>\n<p><span style=\"font-family: arial, tahoma, verdana, helvetica; font-size: 14.72px;\">CBJ22CBBNA<\/span><\/p>\n<p><span style=\"font-family: arial, tahoma, verdana, helvetica; font-size: 14.72px;\">CBJ22DBBNA<\/span><\/p>\n<p><span style=\"font-family: arial, tahoma, verdana, helvetica; font-size: 14.72px;\">CBJ22EBBNA.<\/span><br style=\"font-family: arial, tahoma, verdana, helvetica; font-size: 14.72px;\" \/><br style=\"font-family: arial, tahoma, verdana, helvetica; font-size: 14.72px;\" \/><\/p>\n","protected":false},"excerpt":{"rendered":"<p>Sensores Termistor Ar Condicionado Split Consul Cbn09cbbna Sensores de temperatura e Degelo da evaporadora do ar condicionado split Consul Modelos compat\u00edveis: BBJ09BBBNA BBJ09CBBNA BBJ12BBBNA BBJ12CBBNA BBU09BBBNA BBU12BBBNA BBV09BBBNA BBV12BBBNA CBF09CBBNA CBF12CBBNA CBF18CBBNA CBF22CBBNA CBF22DBBNA CBF22EBBNA CBJ09CBBNA CBJ12CBBNA CBJ18CBBNA CBJ22CBBNA CBJ22DBBNA CBJ22EBBNA.<\/p>\n","protected":false},"featured_media":2869,"comment_status":"open","ping_status":"closed","template":"","meta":{"_kadence_starter_templates_imported_post":false,"_kad_post_transparent":"","_kad_post_title":"","_kad_post_layout":"","_kad_post_sidebar_id":"","_kad_post_content_style":"","_kad_post_vertical_padding":"","_kad_post_feature":"","_kad_post_feature_position":"","_kad_post_header":false,"_kad_post_footer":false,"jetpack_publicize_message":"","jetpack_publicize_feature_enabled":true,"jetpack_social_post_already_shared":false,"jetpack_social_options":{"image_generator_settings":{"template":"highway","default_image_id":0,"font":"","enabled":false},"version":2}},"product_brand":[],"product_cat":[171,214],"product_tag":[],"class_list":{"0":"post-2870","1":"product","2":"type-product","3":"status-publish","4":"has-post-thumbnail","6":"product_cat-consul","7":"product_cat-sensor-ambiente-evaporadora-split","9":"first","10":"instock","11":"shipping-taxable","12":"purchasable","13":"product-type-simple","14":"entry","15":"content-bg","16":"loop-entry"},"yoast_head":"<!-- This site is optimized with the Yoast SEO plugin v27.4 - https:\/\/yoast.com\/product\/yoast-seo-wordpress\/ -->\n<title>Sensores Termistor Ar Condicionado Split Consul Cbn09cbbna - Loja - Dual Gree Servi\u00e7os | Pe\u00e7as<\/title>\n<meta name=\"description\" content=\"Sensores Termistor Ar Condicionado Split Consul Cbn09cbbna\" \/>\n<meta name=\"robots\" content=\"index, follow, max-snippet:-1, max-image-preview:large, max-video-preview:-1\" \/>\n<link rel=\"canonical\" href=\"https:\/\/dualgree.com.br\/loja\/produto\/sensores-termistor-ar-condicionado-split-consul-cbn09cbbna\/\" \/>\n<meta property=\"og:locale\" content=\"pt_BR\" \/>\n<meta property=\"og:type\" content=\"article\" \/>\n<meta property=\"og:title\" content=\"Sensores Termistor Ar Condicionado Split Consul Cbn09cbbna - Loja - Dual Gree Servi\u00e7os | Pe\u00e7as\" \/>\n<meta property=\"og:description\" content=\"Sensores Termistor Ar Condicionado Split Consul Cbn09cbbna\" \/>\n<meta property=\"og:url\" content=\"https:\/\/dualgree.com.br\/loja\/produto\/sensores-termistor-ar-condicionado-split-consul-cbn09cbbna\/\" \/>\n<meta property=\"og:site_name\" content=\"Loja - Dual Gree Servi\u00e7os | Pe\u00e7as\" \/>\n<meta property=\"article:modified_time\" content=\"2025-09-12T14:07:23+00:00\" \/>\n<meta property=\"og:image\" content=\"https:\/\/dualgree.com.br\/loja\/wp-content\/uploads\/2023\/11\/15228140300_IC1610-SENSOR20CONSUL20.jpg\" \/>\n\t<meta property=\"og:image:width\" content=\"605\" \/>\n\t<meta property=\"og:image:height\" content=\"290\" \/>\n\t<meta property=\"og:image:type\" content=\"image\/jpeg\" \/>\n<meta name=\"twitter:card\" content=\"summary_large_image\" \/>\n<meta name=\"twitter:label1\" content=\"Est. tempo de leitura\" \/>\n\t<meta name=\"twitter:data1\" content=\"1 minuto\" \/>\n<script type=\"application\/ld+json\" class=\"yoast-schema-graph\">{\"@context\":\"https:\\\/\\\/schema.org\",\"@graph\":[{\"@type\":\"WebPage\",\"@id\":\"https:\\\/\\\/dualgree.com.br\\\/loja\\\/produto\\\/sensores-termistor-ar-condicionado-split-consul-cbn09cbbna\\\/\",\"url\":\"https:\\\/\\\/dualgree.com.br\\\/loja\\\/produto\\\/sensores-termistor-ar-condicionado-split-consul-cbn09cbbna\\\/\",\"name\":\"Sensores Termistor Ar Condicionado Split Consul Cbn09cbbna - Loja - Dual Gree Servi\u00e7os | Pe\u00e7as\",\"isPartOf\":{\"@id\":\"https:\\\/\\\/dualgree.com.br\\\/loja\\\/#website\"},\"primaryImageOfPage\":{\"@id\":\"https:\\\/\\\/dualgree.com.br\\\/loja\\\/produto\\\/sensores-termistor-ar-condicionado-split-consul-cbn09cbbna\\\/#primaryimage\"},\"image\":{\"@id\":\"https:\\\/\\\/dualgree.com.br\\\/loja\\\/produto\\\/sensores-termistor-ar-condicionado-split-consul-cbn09cbbna\\\/#primaryimage\"},\"thumbnailUrl\":\"https:\\\/\\\/dualgree.com.br\\\/loja\\\/wp-content\\\/uploads\\\/2023\\\/11\\\/15228140300_IC1610-SENSOR20CONSUL20.jpg\",\"datePublished\":\"2023-11-16T16:48:27+00:00\",\"dateModified\":\"2025-09-12T14:07:23+00:00\",\"description\":\"Sensores Termistor Ar Condicionado Split Consul Cbn09cbbna\",\"breadcrumb\":{\"@id\":\"https:\\\/\\\/dualgree.com.br\\\/loja\\\/produto\\\/sensores-termistor-ar-condicionado-split-consul-cbn09cbbna\\\/#breadcrumb\"},\"inLanguage\":\"pt-BR\",\"potentialAction\":[{\"@type\":\"ReadAction\",\"target\":[\"https:\\\/\\\/dualgree.com.br\\\/loja\\\/produto\\\/sensores-termistor-ar-condicionado-split-consul-cbn09cbbna\\\/\"]}]},{\"@type\":\"ImageObject\",\"inLanguage\":\"pt-BR\",\"@id\":\"https:\\\/\\\/dualgree.com.br\\\/loja\\\/produto\\\/sensores-termistor-ar-condicionado-split-consul-cbn09cbbna\\\/#primaryimage\",\"url\":\"https:\\\/\\\/dualgree.com.br\\\/loja\\\/wp-content\\\/uploads\\\/2023\\\/11\\\/15228140300_IC1610-SENSOR20CONSUL20.jpg\",\"contentUrl\":\"https:\\\/\\\/dualgree.com.br\\\/loja\\\/wp-content\\\/uploads\\\/2023\\\/11\\\/15228140300_IC1610-SENSOR20CONSUL20.jpg\",\"width\":605,\"height\":290},{\"@type\":\"BreadcrumbList\",\"@id\":\"https:\\\/\\\/dualgree.com.br\\\/loja\\\/produto\\\/sensores-termistor-ar-condicionado-split-consul-cbn09cbbna\\\/#breadcrumb\",\"itemListElement\":[{\"@type\":\"ListItem\",\"position\":1,\"name\":\"In\u00edcio\",\"item\":\"https:\\\/\\\/dualgree.com.br\\\/loja\\\/\"},{\"@type\":\"ListItem\",\"position\":2,\"name\":\"Loja &#8211; Cat\u00e1logo de Pe\u00e7as\",\"item\":\"https:\\\/\\\/dualgree.com.br\\\/loja\\\/\"},{\"@type\":\"ListItem\",\"position\":3,\"name\":\"Sensores Termistor Ar Condicionado Split Consul Cbn09cbbna\"}]},{\"@type\":\"WebSite\",\"@id\":\"https:\\\/\\\/dualgree.com.br\\\/loja\\\/#website\",\"url\":\"https:\\\/\\\/dualgree.com.br\\\/loja\\\/\",\"name\":\"Loja - Dual Gree Servi\u00e7os | Partes e Pe\u00e7as\",\"description\":\"Catalogo de Pe\u00e7as para ar condicionado\",\"publisher\":{\"@id\":\"https:\\\/\\\/dualgree.com.br\\\/loja\\\/#organization\"},\"potentialAction\":[{\"@type\":\"SearchAction\",\"target\":{\"@type\":\"EntryPoint\",\"urlTemplate\":\"https:\\\/\\\/dualgree.com.br\\\/loja\\\/?s={search_term_string}\"},\"query-input\":{\"@type\":\"PropertyValueSpecification\",\"valueRequired\":true,\"valueName\":\"search_term_string\"}}],\"inLanguage\":\"pt-BR\"},{\"@type\":\"Organization\",\"@id\":\"https:\\\/\\\/dualgree.com.br\\\/loja\\\/#organization\",\"name\":\"Loja Dual Gree Servi\u00e7o\",\"url\":\"https:\\\/\\\/dualgree.com.br\\\/loja\\\/\",\"logo\":{\"@type\":\"ImageObject\",\"inLanguage\":\"pt-BR\",\"@id\":\"https:\\\/\\\/dualgree.com.br\\\/loja\\\/#\\\/schema\\\/logo\\\/image\\\/\",\"url\":\"https:\\\/\\\/dualgree.com.br\\\/loja\\\/wp-content\\\/uploads\\\/2024\\\/09\\\/teste-logo-ecommerce-dual-1-e1725909304971.png\",\"contentUrl\":\"https:\\\/\\\/dualgree.com.br\\\/loja\\\/wp-content\\\/uploads\\\/2024\\\/09\\\/teste-logo-ecommerce-dual-1-e1725909304971.png\",\"width\":470,\"height\":157,\"caption\":\"Loja Dual Gree Servi\u00e7o\"},\"image\":{\"@id\":\"https:\\\/\\\/dualgree.com.br\\\/loja\\\/#\\\/schema\\\/logo\\\/image\\\/\"}}]}<\/script>\n<!-- \/ Yoast SEO plugin. -->","yoast_head_json":{"title":"Sensores Termistor Ar Condicionado Split Consul Cbn09cbbna - Loja - Dual Gree Servi\u00e7os | Pe\u00e7as","description":"Sensores Termistor Ar Condicionado Split Consul Cbn09cbbna","robots":{"index":"index","follow":"follow","max-snippet":"max-snippet:-1","max-image-preview":"max-image-preview:large","max-video-preview":"max-video-preview:-1"},"canonical":"https:\/\/dualgree.com.br\/loja\/produto\/sensores-termistor-ar-condicionado-split-consul-cbn09cbbna\/","og_locale":"pt_BR","og_type":"article","og_title":"Sensores Termistor Ar Condicionado Split Consul Cbn09cbbna - Loja - Dual Gree Servi\u00e7os | Pe\u00e7as","og_description":"Sensores Termistor Ar Condicionado Split Consul Cbn09cbbna","og_url":"https:\/\/dualgree.com.br\/loja\/produto\/sensores-termistor-ar-condicionado-split-consul-cbn09cbbna\/","og_site_name":"Loja - Dual Gree Servi\u00e7os | Pe\u00e7as","article_modified_time":"2025-09-12T14:07:23+00:00","og_image":[{"width":605,"height":290,"url":"https:\/\/dualgree.com.br\/loja\/wp-content\/uploads\/2023\/11\/15228140300_IC1610-SENSOR20CONSUL20.jpg","type":"image\/jpeg"}],"twitter_card":"summary_large_image","twitter_misc":{"Est. tempo de leitura":"1 minuto"},"schema":{"@context":"https:\/\/schema.org","@graph":[{"@type":"WebPage","@id":"https:\/\/dualgree.com.br\/loja\/produto\/sensores-termistor-ar-condicionado-split-consul-cbn09cbbna\/","url":"https:\/\/dualgree.com.br\/loja\/produto\/sensores-termistor-ar-condicionado-split-consul-cbn09cbbna\/","name":"Sensores Termistor Ar Condicionado Split Consul Cbn09cbbna - Loja - Dual Gree Servi\u00e7os | Pe\u00e7as","isPartOf":{"@id":"https:\/\/dualgree.com.br\/loja\/#website"},"primaryImageOfPage":{"@id":"https:\/\/dualgree.com.br\/loja\/produto\/sensores-termistor-ar-condicionado-split-consul-cbn09cbbna\/#primaryimage"},"image":{"@id":"https:\/\/dualgree.com.br\/loja\/produto\/sensores-termistor-ar-condicionado-split-consul-cbn09cbbna\/#primaryimage"},"thumbnailUrl":"https:\/\/dualgree.com.br\/loja\/wp-content\/uploads\/2023\/11\/15228140300_IC1610-SENSOR20CONSUL20.jpg","datePublished":"2023-11-16T16:48:27+00:00","dateModified":"2025-09-12T14:07:23+00:00","description":"Sensores Termistor Ar Condicionado Split Consul Cbn09cbbna","breadcrumb":{"@id":"https:\/\/dualgree.com.br\/loja\/produto\/sensores-termistor-ar-condicionado-split-consul-cbn09cbbna\/#breadcrumb"},"inLanguage":"pt-BR","potentialAction":[{"@type":"ReadAction","target":["https:\/\/dualgree.com.br\/loja\/produto\/sensores-termistor-ar-condicionado-split-consul-cbn09cbbna\/"]}]},{"@type":"ImageObject","inLanguage":"pt-BR","@id":"https:\/\/dualgree.com.br\/loja\/produto\/sensores-termistor-ar-condicionado-split-consul-cbn09cbbna\/#primaryimage","url":"https:\/\/dualgree.com.br\/loja\/wp-content\/uploads\/2023\/11\/15228140300_IC1610-SENSOR20CONSUL20.jpg","contentUrl":"https:\/\/dualgree.com.br\/loja\/wp-content\/uploads\/2023\/11\/15228140300_IC1610-SENSOR20CONSUL20.jpg","width":605,"height":290},{"@type":"BreadcrumbList","@id":"https:\/\/dualgree.com.br\/loja\/produto\/sensores-termistor-ar-condicionado-split-consul-cbn09cbbna\/#breadcrumb","itemListElement":[{"@type":"ListItem","position":1,"name":"In\u00edcio","item":"https:\/\/dualgree.com.br\/loja\/"},{"@type":"ListItem","position":2,"name":"Loja &#8211; Cat\u00e1logo de Pe\u00e7as","item":"https:\/\/dualgree.com.br\/loja\/"},{"@type":"ListItem","position":3,"name":"Sensores Termistor Ar Condicionado Split Consul Cbn09cbbna"}]},{"@type":"WebSite","@id":"https:\/\/dualgree.com.br\/loja\/#website","url":"https:\/\/dualgree.com.br\/loja\/","name":"Loja - Dual Gree Servi\u00e7os | Partes e Pe\u00e7as","description":"Catalogo de Pe\u00e7as para ar condicionado","publisher":{"@id":"https:\/\/dualgree.com.br\/loja\/#organization"},"potentialAction":[{"@type":"SearchAction","target":{"@type":"EntryPoint","urlTemplate":"https:\/\/dualgree.com.br\/loja\/?s={search_term_string}"},"query-input":{"@type":"PropertyValueSpecification","valueRequired":true,"valueName":"search_term_string"}}],"inLanguage":"pt-BR"},{"@type":"Organization","@id":"https:\/\/dualgree.com.br\/loja\/#organization","name":"Loja Dual Gree Servi\u00e7o","url":"https:\/\/dualgree.com.br\/loja\/","logo":{"@type":"ImageObject","inLanguage":"pt-BR","@id":"https:\/\/dualgree.com.br\/loja\/#\/schema\/logo\/image\/","url":"https:\/\/dualgree.com.br\/loja\/wp-content\/uploads\/2024\/09\/teste-logo-ecommerce-dual-1-e1725909304971.png","contentUrl":"https:\/\/dualgree.com.br\/loja\/wp-content\/uploads\/2024\/09\/teste-logo-ecommerce-dual-1-e1725909304971.png","width":470,"height":157,"caption":"Loja Dual Gree Servi\u00e7o"},"image":{"@id":"https:\/\/dualgree.com.br\/loja\/#\/schema\/logo\/image\/"}}]}},"jetpack_publicize_connections":[],"jetpack_sharing_enabled":true,"jetpack_likes_enabled":true,"_links":{"self":[{"href":"https:\/\/dualgree.com.br\/loja\/wp-json\/wp\/v2\/product\/2870","targetHints":{"allow":["GET"]}}],"collection":[{"href":"https:\/\/dualgree.com.br\/loja\/wp-json\/wp\/v2\/product"}],"about":[{"href":"https:\/\/dualgree.com.br\/loja\/wp-json\/wp\/v2\/types\/product"}],"replies":[{"embeddable":true,"href":"https:\/\/dualgree.com.br\/loja\/wp-json\/wp\/v2\/comments?post=2870"}],"wp:featuredmedia":[{"embeddable":true,"href":"https:\/\/dualgree.com.br\/loja\/wp-json\/wp\/v2\/media\/2869"}],"wp:attachment":[{"href":"https:\/\/dualgree.com.br\/loja\/wp-json\/wp\/v2\/media?parent=2870"}],"wp:term":[{"taxonomy":"product_brand","embeddable":true,"href":"https:\/\/dualgree.com.br\/loja\/wp-json\/wp\/v2\/product_brand?post=2870"},{"taxonomy":"product_cat","embeddable":true,"href":"https:\/\/dualgree.com.br\/loja\/wp-json\/wp\/v2\/product_cat?post=2870"},{"taxonomy":"product_tag","embeddable":true,"href":"https:\/\/dualgree.com.br\/loja\/wp-json\/wp\/v2\/product_tag?post=2870"}],"curies":[{"name":"wp","href":"https:\/\/api.w.org\/{rel}","templated":true}]}}