{"id":2892,"date":"2023-11-17T14:57:27","date_gmt":"2023-11-17T14:57:27","guid":{"rendered":"https:\/\/dualgree.com.br\/loja\/produto\/sensor-de-temperatura-da-evaporadora-ar-condicionado-spl\/"},"modified":"2025-09-12T14:13:26","modified_gmt":"2025-09-12T14:13:26","slug":"sensor-de-temperatura-da-evaporadora-ar-condicionado-spl","status":"publish","type":"product","link":"https:\/\/dualgree.com.br\/loja\/produto\/sensor-de-temperatura-da-evaporadora-ar-condicionado-spl\/","title":{"rendered":"Sensor ambiente para evaporadora Consul inverter borne verme..."},"content":{"rendered":"<p>IC1619 &#8211; Sensor ambiente para evaporadora Consul inverter borne vermelho<\/p>\n<p>\u00a0\u00a0<\/p>\n<p>Modelos compat\u00edveis:\u00a0<\/p>\n<p>\u00a0<\/p>\n<p>BBJ09BBBNA<\/p>\n<p>\u00a0<\/p>\n<p>BBJ09CBBNA<\/p>\n<p>\u00a0<\/p>\n<p>BBJ12BBBNA<\/p>\n<p>\u00a0<\/p>\n<p>BBJ12CBBNA<\/p>\n<p>\u00a0<\/p>\n<p>BBU09BBBNA<\/p>\n<p>\u00a0<\/p>\n<p>BBU12BBBNA<\/p>\n<p>\u00a0<\/p>\n<p>BBV09BBBNA<\/p>\n<p>\u00a0<\/p>\n<p>BBV12BBBNA<\/p>\n<p>\u00a0<\/p>\n<p>CBF09CBBNA<\/p>\n<p>\u00a0<\/p>\n<p>CBF12CBBNA<\/p>\n<p>\u00a0<\/p>\n<p>CBF18CBBNA<\/p>\n<p>\u00a0<\/p>\n<p>CBF22CBBNA<\/p>\n<p>\u00a0<\/p>\n<p>CBF22DBBNA<\/p>\n<p>\u00a0<\/p>\n<p>CBF22EBBNA<\/p>\n<p>\u00a0<\/p>\n<p>CBJ09CBBNA<\/p>\n<p>\u00a0<\/p>\n<p>CBJ12CBBNA<\/p>\n<p>\u00a0<\/p>\n<p>CBJ18CBBNA<\/p>\n<p>\u00a0<\/p>\n<p>CBJ22CBBNA<\/p>\n<p>\u00a0<\/p>\n<p>CBJ22DBBNA<\/p>\n<p>\u00a0<\/p>\n<p>CBJ22EBBNA<\/p>\n","protected":false},"excerpt":{"rendered":"<p>IC1619 &#8211; Sensor ambiente para evaporadora Consul inverter borne vermelho \u00a0\u00a0 Modelos compat\u00edveis:\u00a0 \u00a0 BBJ09BBBNA \u00a0 BBJ09CBBNA \u00a0 BBJ12BBBNA \u00a0 BBJ12CBBNA \u00a0 BBU09BBBNA \u00a0 BBU12BBBNA \u00a0 BBV09BBBNA \u00a0 BBV12BBBNA \u00a0 CBF09CBBNA \u00a0 CBF12CBBNA \u00a0 CBF18CBBNA \u00a0 CBF22CBBNA \u00a0 CBF22DBBNA \u00a0 CBF22EBBNA \u00a0 CBJ09CBBNA \u00a0 CBJ12CBBNA \u00a0 CBJ18CBBNA \u00a0 CBJ22CBBNA \u00a0 CBJ22DBBNA \u00a0 CBJ22EBBNA<\/p>\n","protected":false},"featured_media":11261,"comment_status":"open","ping_status":"closed","template":"","meta":{"_kadence_starter_templates_imported_post":false,"_kad_post_transparent":"","_kad_post_title":"","_kad_post_layout":"","_kad_post_sidebar_id":"","_kad_post_content_style":"","_kad_post_vertical_padding":"","_kad_post_feature":"","_kad_post_feature_position":"","_kad_post_header":false,"_kad_post_footer":false,"jetpack_publicize_message":"","jetpack_publicize_feature_enabled":true,"jetpack_social_post_already_shared":false,"jetpack_social_options":{"image_generator_settings":{"template":"highway","default_image_id":0,"font":"","enabled":false},"version":2}},"product_brand":[],"product_cat":[15],"product_tag":[],"class_list":{"0":"post-2892","1":"product","2":"type-product","3":"status-publish","4":"has-post-thumbnail","6":"product_cat-sem-categoria","8":"first","9":"instock","10":"shipping-taxable","11":"purchasable","12":"product-type-simple","13":"entry","14":"content-bg","15":"loop-entry"},"yoast_head":"<!-- This site is optimized with the Yoast SEO plugin v27.5 - https:\/\/yoast.com\/product\/yoast-seo-wordpress\/ -->\n<title>Sensor ambiente para evaporadora Consul inverter borne vermelho - Loja - Dual Gree Servi\u00e7os | Pe\u00e7as<\/title>\n<meta name=\"description\" content=\"SENSOR DE TEMPERATURA DA EVAPORADORA AR CONDICIONADO consul\" \/>\n<meta name=\"robots\" content=\"index, follow, max-snippet:-1, max-image-preview:large, max-video-preview:-1\" \/>\n<link rel=\"canonical\" href=\"https:\/\/dualgree.com.br\/loja\/produto\/sensor-de-temperatura-da-evaporadora-ar-condicionado-spl\/\" \/>\n<meta property=\"og:locale\" content=\"pt_BR\" \/>\n<meta property=\"og:type\" content=\"article\" \/>\n<meta property=\"og:title\" content=\"Sensor ambiente para evaporadora Consul inverter borne vermelho - Loja - Dual Gree Servi\u00e7os | Pe\u00e7as\" \/>\n<meta property=\"og:description\" content=\"SENSOR DE TEMPERATURA DA EVAPORADORA AR CONDICIONADO consul\" \/>\n<meta property=\"og:url\" content=\"https:\/\/dualgree.com.br\/loja\/produto\/sensor-de-temperatura-da-evaporadora-ar-condicionado-spl\/\" \/>\n<meta property=\"og:site_name\" content=\"Loja - Dual Gree Servi\u00e7os | Pe\u00e7as\" \/>\n<meta property=\"article:modified_time\" content=\"2025-09-12T14:13:26+00:00\" \/>\n<meta property=\"og:image\" content=\"https:\/\/dualgree.com.br\/loja\/wp-content\/uploads\/2023\/11\/15228600266_IC1619-SENSOR20CONSUL20.jpg\" \/>\n\t<meta property=\"og:image:width\" content=\"323\" \/>\n\t<meta property=\"og:image:height\" content=\"267\" \/>\n\t<meta property=\"og:image:type\" content=\"image\/jpeg\" \/>\n<meta name=\"twitter:card\" content=\"summary_large_image\" \/>\n<meta name=\"twitter:label1\" content=\"Est. tempo de leitura\" \/>\n\t<meta name=\"twitter:data1\" content=\"1 minuto\" \/>\n<script type=\"application\/ld+json\" class=\"yoast-schema-graph\">{\"@context\":\"https:\\\/\\\/schema.org\",\"@graph\":[{\"@type\":\"WebPage\",\"@id\":\"https:\\\/\\\/dualgree.com.br\\\/loja\\\/produto\\\/sensor-de-temperatura-da-evaporadora-ar-condicionado-spl\\\/\",\"url\":\"https:\\\/\\\/dualgree.com.br\\\/loja\\\/produto\\\/sensor-de-temperatura-da-evaporadora-ar-condicionado-spl\\\/\",\"name\":\"Sensor ambiente para evaporadora Consul inverter borne vermelho - Loja - Dual Gree Servi\u00e7os | Pe\u00e7as\",\"isPartOf\":{\"@id\":\"https:\\\/\\\/dualgree.com.br\\\/loja\\\/#website\"},\"primaryImageOfPage\":{\"@id\":\"https:\\\/\\\/dualgree.com.br\\\/loja\\\/produto\\\/sensor-de-temperatura-da-evaporadora-ar-condicionado-spl\\\/#primaryimage\"},\"image\":{\"@id\":\"https:\\\/\\\/dualgree.com.br\\\/loja\\\/produto\\\/sensor-de-temperatura-da-evaporadora-ar-condicionado-spl\\\/#primaryimage\"},\"thumbnailUrl\":\"https:\\\/\\\/dualgree.com.br\\\/loja\\\/wp-content\\\/uploads\\\/2025\\\/09\\\/15228600266-ic1619-sensor-consul-1.webp\",\"datePublished\":\"2023-11-17T14:57:27+00:00\",\"dateModified\":\"2025-09-12T14:13:26+00:00\",\"description\":\"SENSOR DE TEMPERATURA DA EVAPORADORA AR CONDICIONADO consul\",\"breadcrumb\":{\"@id\":\"https:\\\/\\\/dualgree.com.br\\\/loja\\\/produto\\\/sensor-de-temperatura-da-evaporadora-ar-condicionado-spl\\\/#breadcrumb\"},\"inLanguage\":\"pt-BR\",\"potentialAction\":[{\"@type\":\"ReadAction\",\"target\":[\"https:\\\/\\\/dualgree.com.br\\\/loja\\\/produto\\\/sensor-de-temperatura-da-evaporadora-ar-condicionado-spl\\\/\"]}]},{\"@type\":\"ImageObject\",\"inLanguage\":\"pt-BR\",\"@id\":\"https:\\\/\\\/dualgree.com.br\\\/loja\\\/produto\\\/sensor-de-temperatura-da-evaporadora-ar-condicionado-spl\\\/#primaryimage\",\"url\":\"https:\\\/\\\/dualgree.com.br\\\/loja\\\/wp-content\\\/uploads\\\/2025\\\/09\\\/15228600266-ic1619-sensor-consul-1.webp\",\"contentUrl\":\"https:\\\/\\\/dualgree.com.br\\\/loja\\\/wp-content\\\/uploads\\\/2025\\\/09\\\/15228600266-ic1619-sensor-consul-1.webp\",\"width\":323,\"height\":267},{\"@type\":\"BreadcrumbList\",\"@id\":\"https:\\\/\\\/dualgree.com.br\\\/loja\\\/produto\\\/sensor-de-temperatura-da-evaporadora-ar-condicionado-spl\\\/#breadcrumb\",\"itemListElement\":[{\"@type\":\"ListItem\",\"position\":1,\"name\":\"In\u00edcio\",\"item\":\"https:\\\/\\\/dualgree.com.br\\\/loja\\\/\"},{\"@type\":\"ListItem\",\"position\":2,\"name\":\"Loja &#8211; Cat\u00e1logo de Pe\u00e7as\",\"item\":\"https:\\\/\\\/dualgree.com.br\\\/loja\\\/\"},{\"@type\":\"ListItem\",\"position\":3,\"name\":\"Sensor ambiente para evaporadora Consul inverter borne verme...\"}]},{\"@type\":\"WebSite\",\"@id\":\"https:\\\/\\\/dualgree.com.br\\\/loja\\\/#website\",\"url\":\"https:\\\/\\\/dualgree.com.br\\\/loja\\\/\",\"name\":\"Loja - Dual Gree Servi\u00e7os | Partes e Pe\u00e7as\",\"description\":\"Catalogo de Pe\u00e7as para ar condicionado\",\"publisher\":{\"@id\":\"https:\\\/\\\/dualgree.com.br\\\/loja\\\/#organization\"},\"potentialAction\":[{\"@type\":\"SearchAction\",\"target\":{\"@type\":\"EntryPoint\",\"urlTemplate\":\"https:\\\/\\\/dualgree.com.br\\\/loja\\\/?s={search_term_string}\"},\"query-input\":{\"@type\":\"PropertyValueSpecification\",\"valueRequired\":true,\"valueName\":\"search_term_string\"}}],\"inLanguage\":\"pt-BR\"},{\"@type\":\"Organization\",\"@id\":\"https:\\\/\\\/dualgree.com.br\\\/loja\\\/#organization\",\"name\":\"Loja Dual Gree Servi\u00e7o\",\"url\":\"https:\\\/\\\/dualgree.com.br\\\/loja\\\/\",\"logo\":{\"@type\":\"ImageObject\",\"inLanguage\":\"pt-BR\",\"@id\":\"https:\\\/\\\/dualgree.com.br\\\/loja\\\/#\\\/schema\\\/logo\\\/image\\\/\",\"url\":\"https:\\\/\\\/dualgree.com.br\\\/loja\\\/wp-content\\\/uploads\\\/2024\\\/09\\\/teste-logo-ecommerce-dual-1-e1725909304971.png\",\"contentUrl\":\"https:\\\/\\\/dualgree.com.br\\\/loja\\\/wp-content\\\/uploads\\\/2024\\\/09\\\/teste-logo-ecommerce-dual-1-e1725909304971.png\",\"width\":470,\"height\":157,\"caption\":\"Loja Dual Gree Servi\u00e7o\"},\"image\":{\"@id\":\"https:\\\/\\\/dualgree.com.br\\\/loja\\\/#\\\/schema\\\/logo\\\/image\\\/\"}}]}<\/script>\n<!-- \/ Yoast SEO plugin. -->","yoast_head_json":{"title":"Sensor ambiente para evaporadora Consul inverter borne vermelho - Loja - Dual Gree Servi\u00e7os | Pe\u00e7as","description":"SENSOR DE TEMPERATURA DA EVAPORADORA AR CONDICIONADO consul","robots":{"index":"index","follow":"follow","max-snippet":"max-snippet:-1","max-image-preview":"max-image-preview:large","max-video-preview":"max-video-preview:-1"},"canonical":"https:\/\/dualgree.com.br\/loja\/produto\/sensor-de-temperatura-da-evaporadora-ar-condicionado-spl\/","og_locale":"pt_BR","og_type":"article","og_title":"Sensor ambiente para evaporadora Consul inverter borne vermelho - Loja - Dual Gree Servi\u00e7os | Pe\u00e7as","og_description":"SENSOR DE TEMPERATURA DA EVAPORADORA AR CONDICIONADO consul","og_url":"https:\/\/dualgree.com.br\/loja\/produto\/sensor-de-temperatura-da-evaporadora-ar-condicionado-spl\/","og_site_name":"Loja - Dual Gree Servi\u00e7os | Pe\u00e7as","article_modified_time":"2025-09-12T14:13:26+00:00","og_image":[{"width":323,"height":267,"url":"https:\/\/dualgree.com.br\/loja\/wp-content\/uploads\/2023\/11\/15228600266_IC1619-SENSOR20CONSUL20.jpg","type":"image\/jpeg"}],"twitter_card":"summary_large_image","twitter_misc":{"Est. tempo de leitura":"1 minuto"},"schema":{"@context":"https:\/\/schema.org","@graph":[{"@type":"WebPage","@id":"https:\/\/dualgree.com.br\/loja\/produto\/sensor-de-temperatura-da-evaporadora-ar-condicionado-spl\/","url":"https:\/\/dualgree.com.br\/loja\/produto\/sensor-de-temperatura-da-evaporadora-ar-condicionado-spl\/","name":"Sensor ambiente para evaporadora Consul inverter borne vermelho - Loja - Dual Gree Servi\u00e7os | Pe\u00e7as","isPartOf":{"@id":"https:\/\/dualgree.com.br\/loja\/#website"},"primaryImageOfPage":{"@id":"https:\/\/dualgree.com.br\/loja\/produto\/sensor-de-temperatura-da-evaporadora-ar-condicionado-spl\/#primaryimage"},"image":{"@id":"https:\/\/dualgree.com.br\/loja\/produto\/sensor-de-temperatura-da-evaporadora-ar-condicionado-spl\/#primaryimage"},"thumbnailUrl":"https:\/\/dualgree.com.br\/loja\/wp-content\/uploads\/2025\/09\/15228600266-ic1619-sensor-consul-1.webp","datePublished":"2023-11-17T14:57:27+00:00","dateModified":"2025-09-12T14:13:26+00:00","description":"SENSOR DE TEMPERATURA DA EVAPORADORA AR CONDICIONADO consul","breadcrumb":{"@id":"https:\/\/dualgree.com.br\/loja\/produto\/sensor-de-temperatura-da-evaporadora-ar-condicionado-spl\/#breadcrumb"},"inLanguage":"pt-BR","potentialAction":[{"@type":"ReadAction","target":["https:\/\/dualgree.com.br\/loja\/produto\/sensor-de-temperatura-da-evaporadora-ar-condicionado-spl\/"]}]},{"@type":"ImageObject","inLanguage":"pt-BR","@id":"https:\/\/dualgree.com.br\/loja\/produto\/sensor-de-temperatura-da-evaporadora-ar-condicionado-spl\/#primaryimage","url":"https:\/\/dualgree.com.br\/loja\/wp-content\/uploads\/2025\/09\/15228600266-ic1619-sensor-consul-1.webp","contentUrl":"https:\/\/dualgree.com.br\/loja\/wp-content\/uploads\/2025\/09\/15228600266-ic1619-sensor-consul-1.webp","width":323,"height":267},{"@type":"BreadcrumbList","@id":"https:\/\/dualgree.com.br\/loja\/produto\/sensor-de-temperatura-da-evaporadora-ar-condicionado-spl\/#breadcrumb","itemListElement":[{"@type":"ListItem","position":1,"name":"In\u00edcio","item":"https:\/\/dualgree.com.br\/loja\/"},{"@type":"ListItem","position":2,"name":"Loja &#8211; Cat\u00e1logo de Pe\u00e7as","item":"https:\/\/dualgree.com.br\/loja\/"},{"@type":"ListItem","position":3,"name":"Sensor ambiente para evaporadora Consul inverter borne verme..."}]},{"@type":"WebSite","@id":"https:\/\/dualgree.com.br\/loja\/#website","url":"https:\/\/dualgree.com.br\/loja\/","name":"Loja - Dual Gree Servi\u00e7os | Partes e Pe\u00e7as","description":"Catalogo de Pe\u00e7as para ar condicionado","publisher":{"@id":"https:\/\/dualgree.com.br\/loja\/#organization"},"potentialAction":[{"@type":"SearchAction","target":{"@type":"EntryPoint","urlTemplate":"https:\/\/dualgree.com.br\/loja\/?s={search_term_string}"},"query-input":{"@type":"PropertyValueSpecification","valueRequired":true,"valueName":"search_term_string"}}],"inLanguage":"pt-BR"},{"@type":"Organization","@id":"https:\/\/dualgree.com.br\/loja\/#organization","name":"Loja Dual Gree Servi\u00e7o","url":"https:\/\/dualgree.com.br\/loja\/","logo":{"@type":"ImageObject","inLanguage":"pt-BR","@id":"https:\/\/dualgree.com.br\/loja\/#\/schema\/logo\/image\/","url":"https:\/\/dualgree.com.br\/loja\/wp-content\/uploads\/2024\/09\/teste-logo-ecommerce-dual-1-e1725909304971.png","contentUrl":"https:\/\/dualgree.com.br\/loja\/wp-content\/uploads\/2024\/09\/teste-logo-ecommerce-dual-1-e1725909304971.png","width":470,"height":157,"caption":"Loja Dual Gree Servi\u00e7o"},"image":{"@id":"https:\/\/dualgree.com.br\/loja\/#\/schema\/logo\/image\/"}}]}},"jetpack_publicize_connections":[],"jetpack_sharing_enabled":true,"jetpack_likes_enabled":true,"_links":{"self":[{"href":"https:\/\/dualgree.com.br\/loja\/wp-json\/wp\/v2\/product\/2892","targetHints":{"allow":["GET"]}}],"collection":[{"href":"https:\/\/dualgree.com.br\/loja\/wp-json\/wp\/v2\/product"}],"about":[{"href":"https:\/\/dualgree.com.br\/loja\/wp-json\/wp\/v2\/types\/product"}],"replies":[{"embeddable":true,"href":"https:\/\/dualgree.com.br\/loja\/wp-json\/wp\/v2\/comments?post=2892"}],"wp:featuredmedia":[{"embeddable":true,"href":"https:\/\/dualgree.com.br\/loja\/wp-json\/wp\/v2\/media\/11261"}],"wp:attachment":[{"href":"https:\/\/dualgree.com.br\/loja\/wp-json\/wp\/v2\/media?parent=2892"}],"wp:term":[{"taxonomy":"product_brand","embeddable":true,"href":"https:\/\/dualgree.com.br\/loja\/wp-json\/wp\/v2\/product_brand?post=2892"},{"taxonomy":"product_cat","embeddable":true,"href":"https:\/\/dualgree.com.br\/loja\/wp-json\/wp\/v2\/product_cat?post=2892"},{"taxonomy":"product_tag","embeddable":true,"href":"https:\/\/dualgree.com.br\/loja\/wp-json\/wp\/v2\/product_tag?post=2892"}],"curies":[{"name":"wp","href":"https:\/\/api.w.org\/{rel}","templated":true}]}}