{"id":2995,"date":"2023-12-01T13:04:18","date_gmt":"2023-12-01T13:04:18","guid":{"rendered":"https:\/\/dualgree.com.br\/loja\/produto\/sensor-serpentina-ar-condicionado-brastemp-clean-bbv09-bbv12\/"},"modified":"2024-04-04T17:06:24","modified_gmt":"2024-04-04T17:06:24","slug":"sensor-serpentina-ar-condicionado-brastemp-clean-bbv09-bbv12","status":"publish","type":"product","link":"https:\/\/dualgree.com.br\/loja\/produto\/sensor-serpentina-ar-condicionado-brastemp-clean-bbv09-bbv12\/","title":{"rendered":"Sensor degelo Ar Condicionado Brastemp Clean Bbv09 Bbv12"},"content":{"rendered":"<p>Sensor degelo Serpentina\u00a0 evaporadora Ar Condicionado Brastemp Clean Bbv09 Bbv12<\/p>\n<p>Sensor da serpentina evaporadora ar condicionado Brastemp clean.<\/p>\n<p>ESTE SENSOR VAI NA SERPENTINA DA EVAPORADORA BRASTEMP TAMPA DE VIDRO.<\/p>\n<p>cOR DO BORNE VERMELHO, LOCAL DA PLACA (PT RED)<\/p>\n<p>SO FRIO<\/p>\n<p>BBV09BBBNA<\/p>\n<p>BBV12BBBNA<\/p>\n<p>QUENTE FRIO<\/p>\n<p>BBU09BBBNA<\/p>\n<p>BBU12BBBNA<\/p>\n","protected":false},"excerpt":{"rendered":"<p>Sensor degelo Serpentina\u00a0 evaporadora Ar Condicionado Brastemp Clean Bbv09 Bbv12 Sensor da serpentina evaporadora ar condicionado Brastemp clean. ESTE SENSOR VAI NA SERPENTINA DA EVAPORADORA BRASTEMP TAMPA DE VIDRO. cOR DO BORNE VERMELHO, LOCAL DA PLACA (PT RED) SO FRIO BBV09BBBNA BBV12BBBNA QUENTE FRIO BBU09BBBNA BBU12BBBNA<\/p>\n","protected":false},"featured_media":2994,"comment_status":"open","ping_status":"closed","template":"","meta":{"_kadence_starter_templates_imported_post":false,"_kad_post_transparent":"","_kad_post_title":"","_kad_post_layout":"","_kad_post_sidebar_id":"","_kad_post_content_style":"","_kad_post_vertical_padding":"","_kad_post_feature":"","_kad_post_feature_position":"","_kad_post_header":false,"_kad_post_footer":false,"jetpack_publicize_message":"","jetpack_publicize_feature_enabled":true,"jetpack_social_post_already_shared":false,"jetpack_social_options":{"image_generator_settings":{"template":"highway","default_image_id":0,"font":"","enabled":false},"version":2}},"product_brand":[],"product_cat":[200,199],"product_tag":[],"class_list":{"0":"post-2995","1":"product","2":"type-product","3":"status-publish","4":"has-post-thumbnail","6":"product_cat-brastemp","7":"product_cat-sensor-degelo-evaporadora-split","9":"first","10":"outofstock","11":"shipping-taxable","12":"purchasable","13":"product-type-simple","14":"entry","15":"content-bg","16":"loop-entry"},"yoast_head":"<!-- This site is optimized with the Yoast SEO plugin v27.5 - https:\/\/yoast.com\/product\/yoast-seo-wordpress\/ -->\n<title>Sensor degelo Ar Condicionado Brastemp Clean Bbv09 Bbv12 - Loja - Dual Gree Servi\u00e7os | Pe\u00e7as<\/title>\n<meta name=\"description\" content=\"Sensor degelo Ar Condicionado Brastemp Clean Bbv09 Bbv12\" \/>\n<meta name=\"robots\" content=\"index, follow, max-snippet:-1, max-image-preview:large, max-video-preview:-1\" \/>\n<link rel=\"canonical\" href=\"https:\/\/dualgree.com.br\/loja\/produto\/sensor-serpentina-ar-condicionado-brastemp-clean-bbv09-bbv12\/\" \/>\n<meta property=\"og:locale\" content=\"pt_BR\" \/>\n<meta property=\"og:type\" content=\"article\" \/>\n<meta property=\"og:title\" content=\"Sensor degelo Ar Condicionado Brastemp Clean Bbv09 Bbv12 - Loja - Dual Gree Servi\u00e7os | Pe\u00e7as\" \/>\n<meta property=\"og:description\" content=\"Sensor degelo Ar Condicionado Brastemp Clean Bbv09 Bbv12\" \/>\n<meta property=\"og:url\" content=\"https:\/\/dualgree.com.br\/loja\/produto\/sensor-serpentina-ar-condicionado-brastemp-clean-bbv09-bbv12\/\" \/>\n<meta property=\"og:site_name\" content=\"Loja - Dual Gree Servi\u00e7os | Pe\u00e7as\" \/>\n<meta property=\"article:modified_time\" content=\"2024-04-04T17:06:24+00:00\" \/>\n<meta property=\"og:image\" content=\"https:\/\/dualgree.com.br\/loja\/wp-content\/uploads\/2023\/12\/15235919207_772-Sensor20Serpentina20Ar20Condicionado20Brastemp20Clean20Bbv0920Bbv12.jpg\" \/>\n\t<meta property=\"og:image:width\" content=\"1280\" \/>\n\t<meta property=\"og:image:height\" content=\"1280\" \/>\n\t<meta property=\"og:image:type\" content=\"image\/jpeg\" \/>\n<meta name=\"twitter:card\" content=\"summary_large_image\" \/>\n<meta name=\"twitter:label1\" content=\"Est. tempo de leitura\" \/>\n\t<meta name=\"twitter:data1\" content=\"1 minuto\" \/>\n<script type=\"application\/ld+json\" class=\"yoast-schema-graph\">{\"@context\":\"https:\\\/\\\/schema.org\",\"@graph\":[{\"@type\":\"WebPage\",\"@id\":\"https:\\\/\\\/dualgree.com.br\\\/loja\\\/produto\\\/sensor-serpentina-ar-condicionado-brastemp-clean-bbv09-bbv12\\\/\",\"url\":\"https:\\\/\\\/dualgree.com.br\\\/loja\\\/produto\\\/sensor-serpentina-ar-condicionado-brastemp-clean-bbv09-bbv12\\\/\",\"name\":\"Sensor degelo Ar Condicionado Brastemp Clean Bbv09 Bbv12 - Loja - Dual Gree Servi\u00e7os | Pe\u00e7as\",\"isPartOf\":{\"@id\":\"https:\\\/\\\/dualgree.com.br\\\/loja\\\/#website\"},\"primaryImageOfPage\":{\"@id\":\"https:\\\/\\\/dualgree.com.br\\\/loja\\\/produto\\\/sensor-serpentina-ar-condicionado-brastemp-clean-bbv09-bbv12\\\/#primaryimage\"},\"image\":{\"@id\":\"https:\\\/\\\/dualgree.com.br\\\/loja\\\/produto\\\/sensor-serpentina-ar-condicionado-brastemp-clean-bbv09-bbv12\\\/#primaryimage\"},\"thumbnailUrl\":\"https:\\\/\\\/dualgree.com.br\\\/loja\\\/wp-content\\\/uploads\\\/2023\\\/12\\\/15235919207_772-Sensor20Serpentina20Ar20Condicionado20Brastemp20Clean20Bbv0920Bbv12.jpg\",\"datePublished\":\"2023-12-01T13:04:18+00:00\",\"dateModified\":\"2024-04-04T17:06:24+00:00\",\"description\":\"Sensor degelo Ar Condicionado Brastemp Clean Bbv09 Bbv12\",\"breadcrumb\":{\"@id\":\"https:\\\/\\\/dualgree.com.br\\\/loja\\\/produto\\\/sensor-serpentina-ar-condicionado-brastemp-clean-bbv09-bbv12\\\/#breadcrumb\"},\"inLanguage\":\"pt-BR\",\"potentialAction\":[{\"@type\":\"ReadAction\",\"target\":[\"https:\\\/\\\/dualgree.com.br\\\/loja\\\/produto\\\/sensor-serpentina-ar-condicionado-brastemp-clean-bbv09-bbv12\\\/\"]}]},{\"@type\":\"ImageObject\",\"inLanguage\":\"pt-BR\",\"@id\":\"https:\\\/\\\/dualgree.com.br\\\/loja\\\/produto\\\/sensor-serpentina-ar-condicionado-brastemp-clean-bbv09-bbv12\\\/#primaryimage\",\"url\":\"https:\\\/\\\/dualgree.com.br\\\/loja\\\/wp-content\\\/uploads\\\/2023\\\/12\\\/15235919207_772-Sensor20Serpentina20Ar20Condicionado20Brastemp20Clean20Bbv0920Bbv12.jpg\",\"contentUrl\":\"https:\\\/\\\/dualgree.com.br\\\/loja\\\/wp-content\\\/uploads\\\/2023\\\/12\\\/15235919207_772-Sensor20Serpentina20Ar20Condicionado20Brastemp20Clean20Bbv0920Bbv12.jpg\",\"width\":1200,\"height\":1200},{\"@type\":\"BreadcrumbList\",\"@id\":\"https:\\\/\\\/dualgree.com.br\\\/loja\\\/produto\\\/sensor-serpentina-ar-condicionado-brastemp-clean-bbv09-bbv12\\\/#breadcrumb\",\"itemListElement\":[{\"@type\":\"ListItem\",\"position\":1,\"name\":\"In\u00edcio\",\"item\":\"https:\\\/\\\/dualgree.com.br\\\/loja\\\/\"},{\"@type\":\"ListItem\",\"position\":2,\"name\":\"Loja &#8211; Cat\u00e1logo de Pe\u00e7as\",\"item\":\"https:\\\/\\\/dualgree.com.br\\\/loja\\\/\"},{\"@type\":\"ListItem\",\"position\":3,\"name\":\"Sensor degelo Ar Condicionado Brastemp Clean Bbv09 Bbv12\"}]},{\"@type\":\"WebSite\",\"@id\":\"https:\\\/\\\/dualgree.com.br\\\/loja\\\/#website\",\"url\":\"https:\\\/\\\/dualgree.com.br\\\/loja\\\/\",\"name\":\"Loja - Dual Gree Servi\u00e7os | Partes e Pe\u00e7as\",\"description\":\"Catalogo de Pe\u00e7as para ar condicionado\",\"publisher\":{\"@id\":\"https:\\\/\\\/dualgree.com.br\\\/loja\\\/#organization\"},\"potentialAction\":[{\"@type\":\"SearchAction\",\"target\":{\"@type\":\"EntryPoint\",\"urlTemplate\":\"https:\\\/\\\/dualgree.com.br\\\/loja\\\/?s={search_term_string}\"},\"query-input\":{\"@type\":\"PropertyValueSpecification\",\"valueRequired\":true,\"valueName\":\"search_term_string\"}}],\"inLanguage\":\"pt-BR\"},{\"@type\":\"Organization\",\"@id\":\"https:\\\/\\\/dualgree.com.br\\\/loja\\\/#organization\",\"name\":\"Loja Dual Gree Servi\u00e7o\",\"url\":\"https:\\\/\\\/dualgree.com.br\\\/loja\\\/\",\"logo\":{\"@type\":\"ImageObject\",\"inLanguage\":\"pt-BR\",\"@id\":\"https:\\\/\\\/dualgree.com.br\\\/loja\\\/#\\\/schema\\\/logo\\\/image\\\/\",\"url\":\"https:\\\/\\\/dualgree.com.br\\\/loja\\\/wp-content\\\/uploads\\\/2024\\\/09\\\/teste-logo-ecommerce-dual-1-e1725909304971.png\",\"contentUrl\":\"https:\\\/\\\/dualgree.com.br\\\/loja\\\/wp-content\\\/uploads\\\/2024\\\/09\\\/teste-logo-ecommerce-dual-1-e1725909304971.png\",\"width\":470,\"height\":157,\"caption\":\"Loja Dual Gree Servi\u00e7o\"},\"image\":{\"@id\":\"https:\\\/\\\/dualgree.com.br\\\/loja\\\/#\\\/schema\\\/logo\\\/image\\\/\"}}]}<\/script>\n<!-- \/ Yoast SEO plugin. -->","yoast_head_json":{"title":"Sensor degelo Ar Condicionado Brastemp Clean Bbv09 Bbv12 - Loja - Dual Gree Servi\u00e7os | Pe\u00e7as","description":"Sensor degelo Ar Condicionado Brastemp Clean Bbv09 Bbv12","robots":{"index":"index","follow":"follow","max-snippet":"max-snippet:-1","max-image-preview":"max-image-preview:large","max-video-preview":"max-video-preview:-1"},"canonical":"https:\/\/dualgree.com.br\/loja\/produto\/sensor-serpentina-ar-condicionado-brastemp-clean-bbv09-bbv12\/","og_locale":"pt_BR","og_type":"article","og_title":"Sensor degelo Ar Condicionado Brastemp Clean Bbv09 Bbv12 - Loja - Dual Gree Servi\u00e7os | Pe\u00e7as","og_description":"Sensor degelo Ar Condicionado Brastemp Clean Bbv09 Bbv12","og_url":"https:\/\/dualgree.com.br\/loja\/produto\/sensor-serpentina-ar-condicionado-brastemp-clean-bbv09-bbv12\/","og_site_name":"Loja - Dual Gree Servi\u00e7os | Pe\u00e7as","article_modified_time":"2024-04-04T17:06:24+00:00","og_image":[{"width":1280,"height":1280,"url":"https:\/\/dualgree.com.br\/loja\/wp-content\/uploads\/2023\/12\/15235919207_772-Sensor20Serpentina20Ar20Condicionado20Brastemp20Clean20Bbv0920Bbv12.jpg","type":"image\/jpeg"}],"twitter_card":"summary_large_image","twitter_misc":{"Est. tempo de leitura":"1 minuto"},"schema":{"@context":"https:\/\/schema.org","@graph":[{"@type":"WebPage","@id":"https:\/\/dualgree.com.br\/loja\/produto\/sensor-serpentina-ar-condicionado-brastemp-clean-bbv09-bbv12\/","url":"https:\/\/dualgree.com.br\/loja\/produto\/sensor-serpentina-ar-condicionado-brastemp-clean-bbv09-bbv12\/","name":"Sensor degelo Ar Condicionado Brastemp Clean Bbv09 Bbv12 - Loja - Dual Gree Servi\u00e7os | Pe\u00e7as","isPartOf":{"@id":"https:\/\/dualgree.com.br\/loja\/#website"},"primaryImageOfPage":{"@id":"https:\/\/dualgree.com.br\/loja\/produto\/sensor-serpentina-ar-condicionado-brastemp-clean-bbv09-bbv12\/#primaryimage"},"image":{"@id":"https:\/\/dualgree.com.br\/loja\/produto\/sensor-serpentina-ar-condicionado-brastemp-clean-bbv09-bbv12\/#primaryimage"},"thumbnailUrl":"https:\/\/dualgree.com.br\/loja\/wp-content\/uploads\/2023\/12\/15235919207_772-Sensor20Serpentina20Ar20Condicionado20Brastemp20Clean20Bbv0920Bbv12.jpg","datePublished":"2023-12-01T13:04:18+00:00","dateModified":"2024-04-04T17:06:24+00:00","description":"Sensor degelo Ar Condicionado Brastemp Clean Bbv09 Bbv12","breadcrumb":{"@id":"https:\/\/dualgree.com.br\/loja\/produto\/sensor-serpentina-ar-condicionado-brastemp-clean-bbv09-bbv12\/#breadcrumb"},"inLanguage":"pt-BR","potentialAction":[{"@type":"ReadAction","target":["https:\/\/dualgree.com.br\/loja\/produto\/sensor-serpentina-ar-condicionado-brastemp-clean-bbv09-bbv12\/"]}]},{"@type":"ImageObject","inLanguage":"pt-BR","@id":"https:\/\/dualgree.com.br\/loja\/produto\/sensor-serpentina-ar-condicionado-brastemp-clean-bbv09-bbv12\/#primaryimage","url":"https:\/\/dualgree.com.br\/loja\/wp-content\/uploads\/2023\/12\/15235919207_772-Sensor20Serpentina20Ar20Condicionado20Brastemp20Clean20Bbv0920Bbv12.jpg","contentUrl":"https:\/\/dualgree.com.br\/loja\/wp-content\/uploads\/2023\/12\/15235919207_772-Sensor20Serpentina20Ar20Condicionado20Brastemp20Clean20Bbv0920Bbv12.jpg","width":1200,"height":1200},{"@type":"BreadcrumbList","@id":"https:\/\/dualgree.com.br\/loja\/produto\/sensor-serpentina-ar-condicionado-brastemp-clean-bbv09-bbv12\/#breadcrumb","itemListElement":[{"@type":"ListItem","position":1,"name":"In\u00edcio","item":"https:\/\/dualgree.com.br\/loja\/"},{"@type":"ListItem","position":2,"name":"Loja &#8211; Cat\u00e1logo de Pe\u00e7as","item":"https:\/\/dualgree.com.br\/loja\/"},{"@type":"ListItem","position":3,"name":"Sensor degelo Ar Condicionado Brastemp Clean Bbv09 Bbv12"}]},{"@type":"WebSite","@id":"https:\/\/dualgree.com.br\/loja\/#website","url":"https:\/\/dualgree.com.br\/loja\/","name":"Loja - Dual Gree Servi\u00e7os | Partes e Pe\u00e7as","description":"Catalogo de Pe\u00e7as para ar condicionado","publisher":{"@id":"https:\/\/dualgree.com.br\/loja\/#organization"},"potentialAction":[{"@type":"SearchAction","target":{"@type":"EntryPoint","urlTemplate":"https:\/\/dualgree.com.br\/loja\/?s={search_term_string}"},"query-input":{"@type":"PropertyValueSpecification","valueRequired":true,"valueName":"search_term_string"}}],"inLanguage":"pt-BR"},{"@type":"Organization","@id":"https:\/\/dualgree.com.br\/loja\/#organization","name":"Loja Dual Gree Servi\u00e7o","url":"https:\/\/dualgree.com.br\/loja\/","logo":{"@type":"ImageObject","inLanguage":"pt-BR","@id":"https:\/\/dualgree.com.br\/loja\/#\/schema\/logo\/image\/","url":"https:\/\/dualgree.com.br\/loja\/wp-content\/uploads\/2024\/09\/teste-logo-ecommerce-dual-1-e1725909304971.png","contentUrl":"https:\/\/dualgree.com.br\/loja\/wp-content\/uploads\/2024\/09\/teste-logo-ecommerce-dual-1-e1725909304971.png","width":470,"height":157,"caption":"Loja Dual Gree Servi\u00e7o"},"image":{"@id":"https:\/\/dualgree.com.br\/loja\/#\/schema\/logo\/image\/"}}]}},"jetpack_publicize_connections":[],"jetpack_sharing_enabled":true,"jetpack_likes_enabled":true,"_links":{"self":[{"href":"https:\/\/dualgree.com.br\/loja\/wp-json\/wp\/v2\/product\/2995","targetHints":{"allow":["GET"]}}],"collection":[{"href":"https:\/\/dualgree.com.br\/loja\/wp-json\/wp\/v2\/product"}],"about":[{"href":"https:\/\/dualgree.com.br\/loja\/wp-json\/wp\/v2\/types\/product"}],"replies":[{"embeddable":true,"href":"https:\/\/dualgree.com.br\/loja\/wp-json\/wp\/v2\/comments?post=2995"}],"wp:featuredmedia":[{"embeddable":true,"href":"https:\/\/dualgree.com.br\/loja\/wp-json\/wp\/v2\/media\/2994"}],"wp:attachment":[{"href":"https:\/\/dualgree.com.br\/loja\/wp-json\/wp\/v2\/media?parent=2995"}],"wp:term":[{"taxonomy":"product_brand","embeddable":true,"href":"https:\/\/dualgree.com.br\/loja\/wp-json\/wp\/v2\/product_brand?post=2995"},{"taxonomy":"product_cat","embeddable":true,"href":"https:\/\/dualgree.com.br\/loja\/wp-json\/wp\/v2\/product_cat?post=2995"},{"taxonomy":"product_tag","embeddable":true,"href":"https:\/\/dualgree.com.br\/loja\/wp-json\/wp\/v2\/product_tag?post=2995"}],"curies":[{"name":"wp","href":"https:\/\/api.w.org\/{rel}","templated":true}]}}