{"id":3014,"date":"2023-12-02T02:15:21","date_gmt":"2023-12-02T02:15:21","guid":{"rendered":"https:\/\/dualgree.com.br\/loja\/produto\/bandeja-de-dreno-ar-condicionado-electrolux-12-000-btus\/"},"modified":"2026-02-27T17:26:33","modified_gmt":"2026-02-27T17:26:33","slug":"bandeja-de-dreno-ar-condicionado-electrolux-12-000-btus","status":"publish","type":"product","link":"https:\/\/dualgree.com.br\/loja\/produto\/bandeja-de-dreno-ar-condicionado-electrolux-12-000-btus\/","title":{"rendered":"Bandeja De Dreno Evaporadora Ar Condicionado Compativel Com ..."},"content":{"rendered":"<p>Bandeja De Dreno Ar Condicionado Electrolux 12.000 Btus<\/p>\n","protected":false},"excerpt":{"rendered":"<p>Ic1091-Bandeja de dreno para evaporadora ar condicionado split compativel com Electrolux 12.000<\/p>\n<p>\u00a0<\/p>\n<p>Leia me! , \u00e9 somente a parte interna da evaporadora onde suporta a serpentina do ar condicionado electrolux<\/p>\n<p>\u00a0<\/p>\n<p>Compativel com os modelos abaixo:<\/p>\n<p>\u00a0<\/p>\n<p>S\u00f3 frio<\/p>\n<p>TI12F,<\/p>\n<p>Qi12F,<\/p>\n<p>Bi12F,<\/p>\n<p>Vi12F,<\/p>\n<p>OI12F.<\/p>\n<p>\u00a0<\/p>\n<p>Quente frio<\/p>\n<p>TI12R,<\/p>\n<p>Qi12R,<\/p>\n<p>Bi12R,<\/p>\n<p>Vi12R,<\/p>\n<p>Oi12R.<\/p>\n<p>\u00a0<\/p>\n<p><span style=\"font-family: arial, tahoma, verdana, helvetica;font-size: 14.72px\">Comprimento: 83,7<\/span><br style=\"font-family: arial, tahoma, verdana, helvetica;font-size: 14.72px\" \/><span style=\"font-family: arial, tahoma, verdana, helvetica;font-size: 14.72px\">Largura: 26,8<\/span><br style=\"font-family: arial, tahoma, verdana, helvetica;font-size: 14.72px\" \/><span style=\"font-family: arial, tahoma, verdana, helvetica;font-size: 14.72px\">Altura:16,1<\/span><\/p>\n","protected":false},"featured_media":6501,"comment_status":"open","ping_status":"closed","template":"","meta":{"_kadence_starter_templates_imported_post":false,"_kad_post_transparent":"","_kad_post_title":"","_kad_post_layout":"","_kad_post_sidebar_id":"","_kad_post_content_style":"","_kad_post_vertical_padding":"","_kad_post_feature":"","_kad_post_feature_position":"","_kad_post_header":false,"_kad_post_footer":false,"jetpack_publicize_message":"","jetpack_publicize_feature_enabled":true,"jetpack_social_post_already_shared":false,"jetpack_social_options":{"image_generator_settings":{"template":"highway","default_image_id":0,"font":"","enabled":false},"version":2}},"product_brand":[],"product_cat":[188,198,181],"product_tag":[],"class_list":{"0":"post-3014","1":"product","2":"type-product","3":"status-publish","4":"has-post-thumbnail","6":"product_cat-bandeja-de-dreno-split","7":"product_cat-base-da-serpentina-split","8":"product_cat-electrolux","10":"first","11":"outofstock","12":"shipping-taxable","13":"purchasable","14":"product-type-simple","15":"entry","16":"content-bg","17":"loop-entry"},"yoast_head":"<!-- This site is optimized with the Yoast SEO plugin v27.5 - https:\/\/yoast.com\/product\/yoast-seo-wordpress\/ -->\n<title>Bandeja de dreno Electrolux Ti12F Ti12R<\/title>\n<meta name=\"description\" content=\"Bandeja De Dreno Ar Condicionado Electrolux 12.000 Btus\" \/>\n<meta name=\"robots\" content=\"index, follow, max-snippet:-1, max-image-preview:large, max-video-preview:-1\" \/>\n<link rel=\"canonical\" href=\"https:\/\/dualgree.com.br\/loja\/produto\/bandeja-de-dreno-ar-condicionado-electrolux-12-000-btus\/\" \/>\n<meta property=\"og:locale\" content=\"pt_BR\" \/>\n<meta property=\"og:type\" content=\"article\" \/>\n<meta property=\"og:title\" content=\"Bandeja de dreno Electrolux Ti12F Ti12R\" \/>\n<meta property=\"og:description\" content=\"Bandeja De Dreno Ar Condicionado Electrolux 12.000 Btus\" \/>\n<meta property=\"og:url\" content=\"https:\/\/dualgree.com.br\/loja\/produto\/bandeja-de-dreno-ar-condicionado-electrolux-12-000-btus\/\" \/>\n<meta property=\"og:site_name\" content=\"Loja - Dual Gree Servi\u00e7os | Pe\u00e7as\" \/>\n<meta property=\"article:modified_time\" content=\"2026-02-27T17:26:33+00:00\" \/>\n<meta property=\"og:image\" content=\"https:\/\/dualgree.com.br\/loja\/wp-content\/uploads\/2024\/09\/15109950892-d-653894-mlb46770726313-072021-o.jpg\" \/>\n\t<meta property=\"og:image:width\" content=\"500\" \/>\n\t<meta property=\"og:image:height\" content=\"257\" \/>\n\t<meta property=\"og:image:type\" content=\"image\/jpeg\" \/>\n<meta name=\"twitter:card\" content=\"summary_large_image\" \/>\n<meta name=\"twitter:label1\" content=\"Est. tempo de leitura\" \/>\n\t<meta name=\"twitter:data1\" content=\"1 minuto\" \/>\n<script type=\"application\/ld+json\" class=\"yoast-schema-graph\">{\"@context\":\"https:\\\/\\\/schema.org\",\"@graph\":[{\"@type\":\"WebPage\",\"@id\":\"https:\\\/\\\/dualgree.com.br\\\/loja\\\/produto\\\/bandeja-de-dreno-ar-condicionado-electrolux-12-000-btus\\\/\",\"url\":\"https:\\\/\\\/dualgree.com.br\\\/loja\\\/produto\\\/bandeja-de-dreno-ar-condicionado-electrolux-12-000-btus\\\/\",\"name\":\"Bandeja de dreno Electrolux Ti12F Ti12R\",\"isPartOf\":{\"@id\":\"https:\\\/\\\/dualgree.com.br\\\/loja\\\/#website\"},\"primaryImageOfPage\":{\"@id\":\"https:\\\/\\\/dualgree.com.br\\\/loja\\\/produto\\\/bandeja-de-dreno-ar-condicionado-electrolux-12-000-btus\\\/#primaryimage\"},\"image\":{\"@id\":\"https:\\\/\\\/dualgree.com.br\\\/loja\\\/produto\\\/bandeja-de-dreno-ar-condicionado-electrolux-12-000-btus\\\/#primaryimage\"},\"thumbnailUrl\":\"https:\\\/\\\/dualgree.com.br\\\/loja\\\/wp-content\\\/uploads\\\/2024\\\/09\\\/15109950892-d-653894-mlb46770726313-072021-o.jpg\",\"datePublished\":\"2023-12-02T02:15:21+00:00\",\"dateModified\":\"2026-02-27T17:26:33+00:00\",\"description\":\"Bandeja De Dreno Ar Condicionado Electrolux 12.000 Btus\",\"breadcrumb\":{\"@id\":\"https:\\\/\\\/dualgree.com.br\\\/loja\\\/produto\\\/bandeja-de-dreno-ar-condicionado-electrolux-12-000-btus\\\/#breadcrumb\"},\"inLanguage\":\"pt-BR\",\"potentialAction\":[{\"@type\":\"ReadAction\",\"target\":[\"https:\\\/\\\/dualgree.com.br\\\/loja\\\/produto\\\/bandeja-de-dreno-ar-condicionado-electrolux-12-000-btus\\\/\"]}]},{\"@type\":\"ImageObject\",\"inLanguage\":\"pt-BR\",\"@id\":\"https:\\\/\\\/dualgree.com.br\\\/loja\\\/produto\\\/bandeja-de-dreno-ar-condicionado-electrolux-12-000-btus\\\/#primaryimage\",\"url\":\"https:\\\/\\\/dualgree.com.br\\\/loja\\\/wp-content\\\/uploads\\\/2024\\\/09\\\/15109950892-d-653894-mlb46770726313-072021-o.jpg\",\"contentUrl\":\"https:\\\/\\\/dualgree.com.br\\\/loja\\\/wp-content\\\/uploads\\\/2024\\\/09\\\/15109950892-d-653894-mlb46770726313-072021-o.jpg\",\"width\":500,\"height\":257},{\"@type\":\"BreadcrumbList\",\"@id\":\"https:\\\/\\\/dualgree.com.br\\\/loja\\\/produto\\\/bandeja-de-dreno-ar-condicionado-electrolux-12-000-btus\\\/#breadcrumb\",\"itemListElement\":[{\"@type\":\"ListItem\",\"position\":1,\"name\":\"In\u00edcio\",\"item\":\"https:\\\/\\\/dualgree.com.br\\\/loja\\\/\"},{\"@type\":\"ListItem\",\"position\":2,\"name\":\"Loja &#8211; Cat\u00e1logo de Pe\u00e7as\",\"item\":\"https:\\\/\\\/dualgree.com.br\\\/loja\\\/\"},{\"@type\":\"ListItem\",\"position\":3,\"name\":\"Bandeja De Dreno Evaporadora Ar Condicionado Compativel Com ...\"}]},{\"@type\":\"WebSite\",\"@id\":\"https:\\\/\\\/dualgree.com.br\\\/loja\\\/#website\",\"url\":\"https:\\\/\\\/dualgree.com.br\\\/loja\\\/\",\"name\":\"Loja - Dual Gree Servi\u00e7os | Partes e Pe\u00e7as\",\"description\":\"Catalogo de Pe\u00e7as para ar condicionado\",\"publisher\":{\"@id\":\"https:\\\/\\\/dualgree.com.br\\\/loja\\\/#organization\"},\"potentialAction\":[{\"@type\":\"SearchAction\",\"target\":{\"@type\":\"EntryPoint\",\"urlTemplate\":\"https:\\\/\\\/dualgree.com.br\\\/loja\\\/?s={search_term_string}\"},\"query-input\":{\"@type\":\"PropertyValueSpecification\",\"valueRequired\":true,\"valueName\":\"search_term_string\"}}],\"inLanguage\":\"pt-BR\"},{\"@type\":\"Organization\",\"@id\":\"https:\\\/\\\/dualgree.com.br\\\/loja\\\/#organization\",\"name\":\"Loja Dual Gree Servi\u00e7o\",\"url\":\"https:\\\/\\\/dualgree.com.br\\\/loja\\\/\",\"logo\":{\"@type\":\"ImageObject\",\"inLanguage\":\"pt-BR\",\"@id\":\"https:\\\/\\\/dualgree.com.br\\\/loja\\\/#\\\/schema\\\/logo\\\/image\\\/\",\"url\":\"https:\\\/\\\/dualgree.com.br\\\/loja\\\/wp-content\\\/uploads\\\/2024\\\/09\\\/teste-logo-ecommerce-dual-1-e1725909304971.png\",\"contentUrl\":\"https:\\\/\\\/dualgree.com.br\\\/loja\\\/wp-content\\\/uploads\\\/2024\\\/09\\\/teste-logo-ecommerce-dual-1-e1725909304971.png\",\"width\":470,\"height\":157,\"caption\":\"Loja Dual Gree Servi\u00e7o\"},\"image\":{\"@id\":\"https:\\\/\\\/dualgree.com.br\\\/loja\\\/#\\\/schema\\\/logo\\\/image\\\/\"}}]}<\/script>\n<!-- \/ Yoast SEO plugin. -->","yoast_head_json":{"title":"Bandeja de dreno Electrolux Ti12F Ti12R","description":"Bandeja De Dreno Ar Condicionado Electrolux 12.000 Btus","robots":{"index":"index","follow":"follow","max-snippet":"max-snippet:-1","max-image-preview":"max-image-preview:large","max-video-preview":"max-video-preview:-1"},"canonical":"https:\/\/dualgree.com.br\/loja\/produto\/bandeja-de-dreno-ar-condicionado-electrolux-12-000-btus\/","og_locale":"pt_BR","og_type":"article","og_title":"Bandeja de dreno Electrolux Ti12F Ti12R","og_description":"Bandeja De Dreno Ar Condicionado Electrolux 12.000 Btus","og_url":"https:\/\/dualgree.com.br\/loja\/produto\/bandeja-de-dreno-ar-condicionado-electrolux-12-000-btus\/","og_site_name":"Loja - Dual Gree Servi\u00e7os | Pe\u00e7as","article_modified_time":"2026-02-27T17:26:33+00:00","og_image":[{"width":500,"height":257,"url":"https:\/\/dualgree.com.br\/loja\/wp-content\/uploads\/2024\/09\/15109950892-d-653894-mlb46770726313-072021-o.jpg","type":"image\/jpeg"}],"twitter_card":"summary_large_image","twitter_misc":{"Est. tempo de leitura":"1 minuto"},"schema":{"@context":"https:\/\/schema.org","@graph":[{"@type":"WebPage","@id":"https:\/\/dualgree.com.br\/loja\/produto\/bandeja-de-dreno-ar-condicionado-electrolux-12-000-btus\/","url":"https:\/\/dualgree.com.br\/loja\/produto\/bandeja-de-dreno-ar-condicionado-electrolux-12-000-btus\/","name":"Bandeja de dreno Electrolux Ti12F Ti12R","isPartOf":{"@id":"https:\/\/dualgree.com.br\/loja\/#website"},"primaryImageOfPage":{"@id":"https:\/\/dualgree.com.br\/loja\/produto\/bandeja-de-dreno-ar-condicionado-electrolux-12-000-btus\/#primaryimage"},"image":{"@id":"https:\/\/dualgree.com.br\/loja\/produto\/bandeja-de-dreno-ar-condicionado-electrolux-12-000-btus\/#primaryimage"},"thumbnailUrl":"https:\/\/dualgree.com.br\/loja\/wp-content\/uploads\/2024\/09\/15109950892-d-653894-mlb46770726313-072021-o.jpg","datePublished":"2023-12-02T02:15:21+00:00","dateModified":"2026-02-27T17:26:33+00:00","description":"Bandeja De Dreno Ar Condicionado Electrolux 12.000 Btus","breadcrumb":{"@id":"https:\/\/dualgree.com.br\/loja\/produto\/bandeja-de-dreno-ar-condicionado-electrolux-12-000-btus\/#breadcrumb"},"inLanguage":"pt-BR","potentialAction":[{"@type":"ReadAction","target":["https:\/\/dualgree.com.br\/loja\/produto\/bandeja-de-dreno-ar-condicionado-electrolux-12-000-btus\/"]}]},{"@type":"ImageObject","inLanguage":"pt-BR","@id":"https:\/\/dualgree.com.br\/loja\/produto\/bandeja-de-dreno-ar-condicionado-electrolux-12-000-btus\/#primaryimage","url":"https:\/\/dualgree.com.br\/loja\/wp-content\/uploads\/2024\/09\/15109950892-d-653894-mlb46770726313-072021-o.jpg","contentUrl":"https:\/\/dualgree.com.br\/loja\/wp-content\/uploads\/2024\/09\/15109950892-d-653894-mlb46770726313-072021-o.jpg","width":500,"height":257},{"@type":"BreadcrumbList","@id":"https:\/\/dualgree.com.br\/loja\/produto\/bandeja-de-dreno-ar-condicionado-electrolux-12-000-btus\/#breadcrumb","itemListElement":[{"@type":"ListItem","position":1,"name":"In\u00edcio","item":"https:\/\/dualgree.com.br\/loja\/"},{"@type":"ListItem","position":2,"name":"Loja &#8211; Cat\u00e1logo de Pe\u00e7as","item":"https:\/\/dualgree.com.br\/loja\/"},{"@type":"ListItem","position":3,"name":"Bandeja De Dreno Evaporadora Ar Condicionado Compativel Com ..."}]},{"@type":"WebSite","@id":"https:\/\/dualgree.com.br\/loja\/#website","url":"https:\/\/dualgree.com.br\/loja\/","name":"Loja - Dual Gree Servi\u00e7os | Partes e Pe\u00e7as","description":"Catalogo de Pe\u00e7as para ar condicionado","publisher":{"@id":"https:\/\/dualgree.com.br\/loja\/#organization"},"potentialAction":[{"@type":"SearchAction","target":{"@type":"EntryPoint","urlTemplate":"https:\/\/dualgree.com.br\/loja\/?s={search_term_string}"},"query-input":{"@type":"PropertyValueSpecification","valueRequired":true,"valueName":"search_term_string"}}],"inLanguage":"pt-BR"},{"@type":"Organization","@id":"https:\/\/dualgree.com.br\/loja\/#organization","name":"Loja Dual Gree Servi\u00e7o","url":"https:\/\/dualgree.com.br\/loja\/","logo":{"@type":"ImageObject","inLanguage":"pt-BR","@id":"https:\/\/dualgree.com.br\/loja\/#\/schema\/logo\/image\/","url":"https:\/\/dualgree.com.br\/loja\/wp-content\/uploads\/2024\/09\/teste-logo-ecommerce-dual-1-e1725909304971.png","contentUrl":"https:\/\/dualgree.com.br\/loja\/wp-content\/uploads\/2024\/09\/teste-logo-ecommerce-dual-1-e1725909304971.png","width":470,"height":157,"caption":"Loja Dual Gree Servi\u00e7o"},"image":{"@id":"https:\/\/dualgree.com.br\/loja\/#\/schema\/logo\/image\/"}}]}},"jetpack_publicize_connections":[],"jetpack_sharing_enabled":true,"jetpack_likes_enabled":true,"_links":{"self":[{"href":"https:\/\/dualgree.com.br\/loja\/wp-json\/wp\/v2\/product\/3014","targetHints":{"allow":["GET"]}}],"collection":[{"href":"https:\/\/dualgree.com.br\/loja\/wp-json\/wp\/v2\/product"}],"about":[{"href":"https:\/\/dualgree.com.br\/loja\/wp-json\/wp\/v2\/types\/product"}],"replies":[{"embeddable":true,"href":"https:\/\/dualgree.com.br\/loja\/wp-json\/wp\/v2\/comments?post=3014"}],"wp:featuredmedia":[{"embeddable":true,"href":"https:\/\/dualgree.com.br\/loja\/wp-json\/wp\/v2\/media\/6501"}],"wp:attachment":[{"href":"https:\/\/dualgree.com.br\/loja\/wp-json\/wp\/v2\/media?parent=3014"}],"wp:term":[{"taxonomy":"product_brand","embeddable":true,"href":"https:\/\/dualgree.com.br\/loja\/wp-json\/wp\/v2\/product_brand?post=3014"},{"taxonomy":"product_cat","embeddable":true,"href":"https:\/\/dualgree.com.br\/loja\/wp-json\/wp\/v2\/product_cat?post=3014"},{"taxonomy":"product_tag","embeddable":true,"href":"https:\/\/dualgree.com.br\/loja\/wp-json\/wp\/v2\/product_tag?post=3014"}],"curies":[{"name":"wp","href":"https:\/\/api.w.org\/{rel}","templated":true}]}}