{"id":3042,"date":"2023-12-03T13:30:19","date_gmt":"2023-12-03T13:30:19","guid":{"rendered":"https:\/\/dualgree.com.br\/loja\/produto\/placa-display-receptora-ar-condicionado-lg-thinq-s4nq09wa51a\/"},"modified":"2026-04-29T19:50:51","modified_gmt":"2026-04-29T19:50:51","slug":"placa-display-receptora-ar-condicionado-lg-thinq-s4nq09wa51a","status":"publish","type":"product","link":"https:\/\/dualgree.com.br\/loja\/produto\/placa-display-receptora-ar-condicionado-lg-thinq-s4nq09wa51a\/","title":{"rendered":"Placa display receptora ar condicionado compativel com lg S4..."},"content":{"rendered":"<p>Placa receptora para ar condicionado split compativel com LG 9000 btus Thinq.<\/p>\n<p>Monte seu kit no menu ao lado !!!<\/p>\n<p>MODELOS COMPAT\u00cdVEIS<\/p>\n<p>S4NQ09WA51A<\/p>\n<p>S4NQ09WA51B<\/p>\n<p>S4NQ09WA51C<\/p>\n<p>S4NQ09WA5AA<\/p>\n<p>S4NQ09WA5AC<\/p>\n<p>S4NW09WA51A<\/p>\n","protected":false},"excerpt":{"rendered":"<p>Placa receptora para ar condicionado split compativel com LG 9000 btus Thinq. Monte seu kit no menu ao lado !!! MODELOS COMPAT\u00cdVEIS S4NQ09WA51A S4NQ09WA51B S4NQ09WA51C S4NQ09WA5AA S4NQ09WA5AC S4NW09WA51A<\/p>\n","protected":false},"featured_media":6717,"comment_status":"open","ping_status":"closed","template":"","meta":{"_kadence_starter_templates_imported_post":false,"_kad_post_transparent":"default","_kad_post_title":"","_kad_post_layout":"default","_kad_post_sidebar_id":"","_kad_post_content_style":"default","_kad_post_vertical_padding":"default","_kad_post_feature":"","_kad_post_feature_position":"","_kad_post_header":false,"_kad_post_footer":false,"jetpack_publicize_message":"","jetpack_publicize_feature_enabled":true,"jetpack_social_post_already_shared":false,"jetpack_social_options":{"image_generator_settings":{"template":"highway","default_image_id":0,"font":"","enabled":false},"version":2}},"product_brand":[],"product_cat":[182,192],"product_tag":[],"class_list":{"0":"post-3042","1":"product","2":"type-product","3":"status-publish","4":"has-post-thumbnail","6":"product_cat-lg","7":"product_cat-placa-display-split","9":"first","10":"onbackorder","11":"sale","12":"shipping-taxable","13":"purchasable","14":"product-type-simple","15":"entry","16":"content-bg","17":"loop-entry"},"yoast_head":"<!-- This site is optimized with the Yoast SEO plugin v27.5 - https:\/\/yoast.com\/product\/yoast-seo-wordpress\/ -->\n<title>Placa display receptora ar condicionado compativel com lg S4NQ09WA51A - Loja - Dual Gree Servi\u00e7os | Pe\u00e7as<\/title>\n<meta name=\"description\" content=\"Placa display receptora ar condicionado lg thinq s4nq09wa51a\" \/>\n<meta name=\"robots\" content=\"index, follow, max-snippet:-1, max-image-preview:large, max-video-preview:-1\" \/>\n<link rel=\"canonical\" href=\"https:\/\/dualgree.com.br\/loja\/produto\/placa-display-receptora-ar-condicionado-lg-thinq-s4nq09wa51a\/\" \/>\n<meta property=\"og:locale\" content=\"pt_BR\" \/>\n<meta property=\"og:type\" content=\"article\" \/>\n<meta property=\"og:title\" content=\"Placa display receptora ar condicionado compativel com lg S4NQ09WA51A - Loja - Dual Gree Servi\u00e7os | Pe\u00e7as\" \/>\n<meta property=\"og:description\" content=\"Placa display receptora ar condicionado lg thinq s4nq09wa51a\" \/>\n<meta property=\"og:url\" content=\"https:\/\/dualgree.com.br\/loja\/produto\/placa-display-receptora-ar-condicionado-lg-thinq-s4nq09wa51a\/\" \/>\n<meta property=\"og:site_name\" content=\"Loja - Dual Gree Servi\u00e7os | Pe\u00e7as\" \/>\n<meta property=\"article:modified_time\" content=\"2026-04-29T19:50:51+00:00\" \/>\n<meta property=\"og:image\" content=\"https:\/\/dualgree.com.br\/loja\/wp-content\/uploads\/2024\/09\/15236232774-2039-placa-display-lg-thinq-s4nq09wa51a.jpg\" \/>\n\t<meta property=\"og:image:width\" content=\"1200\" \/>\n\t<meta property=\"og:image:height\" content=\"1200\" \/>\n\t<meta property=\"og:image:type\" content=\"image\/jpeg\" \/>\n<meta name=\"twitter:card\" content=\"summary_large_image\" \/>\n<meta name=\"twitter:label1\" content=\"Est. tempo de leitura\" \/>\n\t<meta name=\"twitter:data1\" content=\"1 minuto\" \/>\n<script type=\"application\/ld+json\" class=\"yoast-schema-graph\">{\"@context\":\"https:\\\/\\\/schema.org\",\"@graph\":[{\"@type\":\"WebPage\",\"@id\":\"https:\\\/\\\/dualgree.com.br\\\/loja\\\/produto\\\/placa-display-receptora-ar-condicionado-lg-thinq-s4nq09wa51a\\\/\",\"url\":\"https:\\\/\\\/dualgree.com.br\\\/loja\\\/produto\\\/placa-display-receptora-ar-condicionado-lg-thinq-s4nq09wa51a\\\/\",\"name\":\"Placa display receptora ar condicionado compativel com lg S4NQ09WA51A - Loja - Dual Gree Servi\u00e7os | Pe\u00e7as\",\"isPartOf\":{\"@id\":\"https:\\\/\\\/dualgree.com.br\\\/loja\\\/#website\"},\"primaryImageOfPage\":{\"@id\":\"https:\\\/\\\/dualgree.com.br\\\/loja\\\/produto\\\/placa-display-receptora-ar-condicionado-lg-thinq-s4nq09wa51a\\\/#primaryimage\"},\"image\":{\"@id\":\"https:\\\/\\\/dualgree.com.br\\\/loja\\\/produto\\\/placa-display-receptora-ar-condicionado-lg-thinq-s4nq09wa51a\\\/#primaryimage\"},\"thumbnailUrl\":\"https:\\\/\\\/dualgree.com.br\\\/loja\\\/wp-content\\\/uploads\\\/2024\\\/09\\\/15236232774-2039-placa-display-lg-thinq-s4nq09wa51a.jpg\",\"datePublished\":\"2023-12-03T13:30:19+00:00\",\"dateModified\":\"2026-04-29T19:50:51+00:00\",\"description\":\"Placa display receptora ar condicionado lg thinq s4nq09wa51a\",\"breadcrumb\":{\"@id\":\"https:\\\/\\\/dualgree.com.br\\\/loja\\\/produto\\\/placa-display-receptora-ar-condicionado-lg-thinq-s4nq09wa51a\\\/#breadcrumb\"},\"inLanguage\":\"pt-BR\",\"potentialAction\":[{\"@type\":\"ReadAction\",\"target\":[\"https:\\\/\\\/dualgree.com.br\\\/loja\\\/produto\\\/placa-display-receptora-ar-condicionado-lg-thinq-s4nq09wa51a\\\/\"]}]},{\"@type\":\"ImageObject\",\"inLanguage\":\"pt-BR\",\"@id\":\"https:\\\/\\\/dualgree.com.br\\\/loja\\\/produto\\\/placa-display-receptora-ar-condicionado-lg-thinq-s4nq09wa51a\\\/#primaryimage\",\"url\":\"https:\\\/\\\/dualgree.com.br\\\/loja\\\/wp-content\\\/uploads\\\/2024\\\/09\\\/15236232774-2039-placa-display-lg-thinq-s4nq09wa51a.jpg\",\"contentUrl\":\"https:\\\/\\\/dualgree.com.br\\\/loja\\\/wp-content\\\/uploads\\\/2024\\\/09\\\/15236232774-2039-placa-display-lg-thinq-s4nq09wa51a.jpg\",\"width\":1200,\"height\":1200},{\"@type\":\"BreadcrumbList\",\"@id\":\"https:\\\/\\\/dualgree.com.br\\\/loja\\\/produto\\\/placa-display-receptora-ar-condicionado-lg-thinq-s4nq09wa51a\\\/#breadcrumb\",\"itemListElement\":[{\"@type\":\"ListItem\",\"position\":1,\"name\":\"In\u00edcio\",\"item\":\"https:\\\/\\\/dualgree.com.br\\\/loja\\\/\"},{\"@type\":\"ListItem\",\"position\":2,\"name\":\"Loja &#8211; Cat\u00e1logo de Pe\u00e7as\",\"item\":\"https:\\\/\\\/dualgree.com.br\\\/loja\\\/\"},{\"@type\":\"ListItem\",\"position\":3,\"name\":\"Placa display receptora ar condicionado compativel com lg S4...\"}]},{\"@type\":\"WebSite\",\"@id\":\"https:\\\/\\\/dualgree.com.br\\\/loja\\\/#website\",\"url\":\"https:\\\/\\\/dualgree.com.br\\\/loja\\\/\",\"name\":\"Loja - Dual Gree Servi\u00e7os | Partes e Pe\u00e7as\",\"description\":\"Catalogo de Pe\u00e7as para ar condicionado\",\"publisher\":{\"@id\":\"https:\\\/\\\/dualgree.com.br\\\/loja\\\/#organization\"},\"potentialAction\":[{\"@type\":\"SearchAction\",\"target\":{\"@type\":\"EntryPoint\",\"urlTemplate\":\"https:\\\/\\\/dualgree.com.br\\\/loja\\\/?s={search_term_string}\"},\"query-input\":{\"@type\":\"PropertyValueSpecification\",\"valueRequired\":true,\"valueName\":\"search_term_string\"}}],\"inLanguage\":\"pt-BR\"},{\"@type\":\"Organization\",\"@id\":\"https:\\\/\\\/dualgree.com.br\\\/loja\\\/#organization\",\"name\":\"Loja Dual Gree Servi\u00e7o\",\"url\":\"https:\\\/\\\/dualgree.com.br\\\/loja\\\/\",\"logo\":{\"@type\":\"ImageObject\",\"inLanguage\":\"pt-BR\",\"@id\":\"https:\\\/\\\/dualgree.com.br\\\/loja\\\/#\\\/schema\\\/logo\\\/image\\\/\",\"url\":\"https:\\\/\\\/dualgree.com.br\\\/loja\\\/wp-content\\\/uploads\\\/2024\\\/09\\\/teste-logo-ecommerce-dual-1-e1725909304971.png\",\"contentUrl\":\"https:\\\/\\\/dualgree.com.br\\\/loja\\\/wp-content\\\/uploads\\\/2024\\\/09\\\/teste-logo-ecommerce-dual-1-e1725909304971.png\",\"width\":470,\"height\":157,\"caption\":\"Loja Dual Gree Servi\u00e7o\"},\"image\":{\"@id\":\"https:\\\/\\\/dualgree.com.br\\\/loja\\\/#\\\/schema\\\/logo\\\/image\\\/\"}}]}<\/script>\n<!-- \/ Yoast SEO plugin. -->","yoast_head_json":{"title":"Placa display receptora ar condicionado compativel com lg S4NQ09WA51A - Loja - Dual Gree Servi\u00e7os | Pe\u00e7as","description":"Placa display receptora ar condicionado lg thinq s4nq09wa51a","robots":{"index":"index","follow":"follow","max-snippet":"max-snippet:-1","max-image-preview":"max-image-preview:large","max-video-preview":"max-video-preview:-1"},"canonical":"https:\/\/dualgree.com.br\/loja\/produto\/placa-display-receptora-ar-condicionado-lg-thinq-s4nq09wa51a\/","og_locale":"pt_BR","og_type":"article","og_title":"Placa display receptora ar condicionado compativel com lg S4NQ09WA51A - Loja - Dual Gree Servi\u00e7os | Pe\u00e7as","og_description":"Placa display receptora ar condicionado lg thinq s4nq09wa51a","og_url":"https:\/\/dualgree.com.br\/loja\/produto\/placa-display-receptora-ar-condicionado-lg-thinq-s4nq09wa51a\/","og_site_name":"Loja - Dual Gree Servi\u00e7os | Pe\u00e7as","article_modified_time":"2026-04-29T19:50:51+00:00","og_image":[{"width":1200,"height":1200,"url":"https:\/\/dualgree.com.br\/loja\/wp-content\/uploads\/2024\/09\/15236232774-2039-placa-display-lg-thinq-s4nq09wa51a.jpg","type":"image\/jpeg"}],"twitter_card":"summary_large_image","twitter_misc":{"Est. tempo de leitura":"1 minuto"},"schema":{"@context":"https:\/\/schema.org","@graph":[{"@type":"WebPage","@id":"https:\/\/dualgree.com.br\/loja\/produto\/placa-display-receptora-ar-condicionado-lg-thinq-s4nq09wa51a\/","url":"https:\/\/dualgree.com.br\/loja\/produto\/placa-display-receptora-ar-condicionado-lg-thinq-s4nq09wa51a\/","name":"Placa display receptora ar condicionado compativel com lg S4NQ09WA51A - Loja - Dual Gree Servi\u00e7os | Pe\u00e7as","isPartOf":{"@id":"https:\/\/dualgree.com.br\/loja\/#website"},"primaryImageOfPage":{"@id":"https:\/\/dualgree.com.br\/loja\/produto\/placa-display-receptora-ar-condicionado-lg-thinq-s4nq09wa51a\/#primaryimage"},"image":{"@id":"https:\/\/dualgree.com.br\/loja\/produto\/placa-display-receptora-ar-condicionado-lg-thinq-s4nq09wa51a\/#primaryimage"},"thumbnailUrl":"https:\/\/dualgree.com.br\/loja\/wp-content\/uploads\/2024\/09\/15236232774-2039-placa-display-lg-thinq-s4nq09wa51a.jpg","datePublished":"2023-12-03T13:30:19+00:00","dateModified":"2026-04-29T19:50:51+00:00","description":"Placa display receptora ar condicionado lg thinq s4nq09wa51a","breadcrumb":{"@id":"https:\/\/dualgree.com.br\/loja\/produto\/placa-display-receptora-ar-condicionado-lg-thinq-s4nq09wa51a\/#breadcrumb"},"inLanguage":"pt-BR","potentialAction":[{"@type":"ReadAction","target":["https:\/\/dualgree.com.br\/loja\/produto\/placa-display-receptora-ar-condicionado-lg-thinq-s4nq09wa51a\/"]}]},{"@type":"ImageObject","inLanguage":"pt-BR","@id":"https:\/\/dualgree.com.br\/loja\/produto\/placa-display-receptora-ar-condicionado-lg-thinq-s4nq09wa51a\/#primaryimage","url":"https:\/\/dualgree.com.br\/loja\/wp-content\/uploads\/2024\/09\/15236232774-2039-placa-display-lg-thinq-s4nq09wa51a.jpg","contentUrl":"https:\/\/dualgree.com.br\/loja\/wp-content\/uploads\/2024\/09\/15236232774-2039-placa-display-lg-thinq-s4nq09wa51a.jpg","width":1200,"height":1200},{"@type":"BreadcrumbList","@id":"https:\/\/dualgree.com.br\/loja\/produto\/placa-display-receptora-ar-condicionado-lg-thinq-s4nq09wa51a\/#breadcrumb","itemListElement":[{"@type":"ListItem","position":1,"name":"In\u00edcio","item":"https:\/\/dualgree.com.br\/loja\/"},{"@type":"ListItem","position":2,"name":"Loja &#8211; Cat\u00e1logo de Pe\u00e7as","item":"https:\/\/dualgree.com.br\/loja\/"},{"@type":"ListItem","position":3,"name":"Placa display receptora ar condicionado compativel com lg S4..."}]},{"@type":"WebSite","@id":"https:\/\/dualgree.com.br\/loja\/#website","url":"https:\/\/dualgree.com.br\/loja\/","name":"Loja - Dual Gree Servi\u00e7os | Partes e Pe\u00e7as","description":"Catalogo de Pe\u00e7as para ar condicionado","publisher":{"@id":"https:\/\/dualgree.com.br\/loja\/#organization"},"potentialAction":[{"@type":"SearchAction","target":{"@type":"EntryPoint","urlTemplate":"https:\/\/dualgree.com.br\/loja\/?s={search_term_string}"},"query-input":{"@type":"PropertyValueSpecification","valueRequired":true,"valueName":"search_term_string"}}],"inLanguage":"pt-BR"},{"@type":"Organization","@id":"https:\/\/dualgree.com.br\/loja\/#organization","name":"Loja Dual Gree Servi\u00e7o","url":"https:\/\/dualgree.com.br\/loja\/","logo":{"@type":"ImageObject","inLanguage":"pt-BR","@id":"https:\/\/dualgree.com.br\/loja\/#\/schema\/logo\/image\/","url":"https:\/\/dualgree.com.br\/loja\/wp-content\/uploads\/2024\/09\/teste-logo-ecommerce-dual-1-e1725909304971.png","contentUrl":"https:\/\/dualgree.com.br\/loja\/wp-content\/uploads\/2024\/09\/teste-logo-ecommerce-dual-1-e1725909304971.png","width":470,"height":157,"caption":"Loja Dual Gree Servi\u00e7o"},"image":{"@id":"https:\/\/dualgree.com.br\/loja\/#\/schema\/logo\/image\/"}}]}},"jetpack_publicize_connections":[],"jetpack_sharing_enabled":true,"jetpack_likes_enabled":true,"_links":{"self":[{"href":"https:\/\/dualgree.com.br\/loja\/wp-json\/wp\/v2\/product\/3042","targetHints":{"allow":["GET"]}}],"collection":[{"href":"https:\/\/dualgree.com.br\/loja\/wp-json\/wp\/v2\/product"}],"about":[{"href":"https:\/\/dualgree.com.br\/loja\/wp-json\/wp\/v2\/types\/product"}],"replies":[{"embeddable":true,"href":"https:\/\/dualgree.com.br\/loja\/wp-json\/wp\/v2\/comments?post=3042"}],"wp:featuredmedia":[{"embeddable":true,"href":"https:\/\/dualgree.com.br\/loja\/wp-json\/wp\/v2\/media\/6717"}],"wp:attachment":[{"href":"https:\/\/dualgree.com.br\/loja\/wp-json\/wp\/v2\/media?parent=3042"}],"wp:term":[{"taxonomy":"product_brand","embeddable":true,"href":"https:\/\/dualgree.com.br\/loja\/wp-json\/wp\/v2\/product_brand?post=3042"},{"taxonomy":"product_cat","embeddable":true,"href":"https:\/\/dualgree.com.br\/loja\/wp-json\/wp\/v2\/product_cat?post=3042"},{"taxonomy":"product_tag","embeddable":true,"href":"https:\/\/dualgree.com.br\/loja\/wp-json\/wp\/v2\/product_tag?post=3042"}],"curies":[{"name":"wp","href":"https:\/\/api.w.org\/{rel}","templated":true}]}}