{"id":3045,"date":"2023-12-03T14:21:00","date_gmt":"2023-12-03T14:21:00","guid":{"rendered":"https:\/\/dualgree.com.br\/loja\/?post_type=product&#038;p=3045"},"modified":"2026-04-16T19:22:00","modified_gmt":"2026-04-16T19:22:00","slug":"placa-display-receptora-evaporadora-ar-condicionado-lg-s4nq09wa5wb","status":"publish","type":"product","link":"https:\/\/dualgree.com.br\/loja\/produto\/placa-display-receptora-evaporadora-ar-condicionado-lg-s4nq09wa5wb\/","title":{"rendered":"Placa Fun\u00e7\u00e3o Display Receptora Compativel com LG  &#8211; ..."},"content":{"rendered":"<p>IC1762 &#8211; Placa display receptora da evaporadora ar condicionado compativel com LG\u00a0<\/p>\n<p>\u00a0<\/p>\n<p>Esta \u00e9 uma placa Generica de alta qualidade.!<\/p>\n<p>\u00a0<\/p>\n<p>Aplicado nos seguintes modelos:<\/p>\n<p>\u00a0<\/p>\n<p>TSNC072W4W0,<\/p>\n<p>TSNC092W4W0,<\/p>\n<p>TSNC122H4W0,<\/p>\n<p>TSNC182M4W0,<\/p>\n<p>TSNH072W4W0,<\/p>\n<p>TSNH092H4W0,<\/p>\n<p>TSNH122H4W0,<\/p>\n<p>TSNH182M4W0,<\/p>\n<p>USNC072W4W0,<\/p>\n<p>USNQ092WSG3,<\/p>\n<p>USNQ092WSZ2,<\/p>\n<p>USNQ122HSG3,<\/p>\n<p>USNQ182CSG3,<\/p>\n<p>USNQ182CSZ2,<\/p>\n<p>USNQ242CSG3,<\/p>\n<p>USNQ242CSZ2,<\/p>\n<p>USNW092WSG3,<\/p>\n<p>USNW092WSZ2,<\/p>\n<p>USNW092WSZ2,<\/p>\n<p>USNW122BSZ2,<\/p>\n<p>USNW122HSG3,<\/p>\n<p>USNW182CSG3,<\/p>\n<p>USNW182CSZ2,<\/p>\n<p>USNW242CSG3,<\/p>\n<p>USNW242CSZ2,<\/p>\n<p>ASNQ092BRG2,<\/p>\n<p>ASNQ092BRG2,<\/p>\n<p>ASNQ092WSA0,<\/p>\n<p>ASNQ092WSA0,<\/p>\n<p>ASNQ122BRG2,<\/p>\n<p>ASNQ122BRG2,<\/p>\n<p>ASNQ122BSA1,<\/p>\n<p>ASNQ182CRG2,<\/p>\n<p>ASNQ182CRG2,<\/p>\n<p>ASNQ182CSA1,<\/p>\n<p>ASNQ242CRG2,<\/p>\n<p>ASNQ242CRG2,<\/p>\n<p>ASNQ242CRZ1,<\/p>\n<p>ASNQ242CSA1,<\/p>\n<p>ASNW092BRG2,<\/p>\n","protected":false},"excerpt":{"rendered":"<p>IC1762 &#8211; Placa display receptora da evaporadora ar condicionado compativel com LG\u00a0 \u00a0 Esta \u00e9 uma placa Generica de alta qualidade.! \u00a0 Aplicado nos seguintes modelos: \u00a0 TSNC072W4W0, TSNC092W4W0, TSNC122H4W0, TSNC182M4W0, TSNH072W4W0, TSNH092H4W0, TSNH122H4W0, TSNH182M4W0, USNC072W4W0, USNQ092WSG3, USNQ092WSZ2, USNQ122HSG3, USNQ182CSG3, USNQ182CSZ2, USNQ242CSG3, USNQ242CSZ2, USNW092WSG3, USNW092WSZ2, USNW092WSZ2, USNW122BSZ2, USNW122HSG3, USNW182CSG3, USNW182CSZ2, USNW242CSG3, USNW242CSZ2, ASNQ092BRG2, ASNQ092BRG2, ASNQ092WSA0,&#8230;<\/p>\n","protected":false},"featured_media":7920,"comment_status":"open","ping_status":"closed","template":"","meta":{"_kadence_starter_templates_imported_post":false,"_kad_post_transparent":"","_kad_post_title":"","_kad_post_layout":"","_kad_post_sidebar_id":"","_kad_post_content_style":"","_kad_post_vertical_padding":"","_kad_post_feature":"","_kad_post_feature_position":"","_kad_post_header":false,"_kad_post_footer":false,"jetpack_publicize_message":"","jetpack_publicize_feature_enabled":true,"jetpack_social_post_already_shared":false,"jetpack_social_options":{"image_generator_settings":{"template":"highway","default_image_id":0,"font":"","enabled":false},"version":2}},"product_brand":[],"product_cat":[182,192],"product_tag":[133],"class_list":{"0":"post-3045","1":"product","2":"type-product","3":"status-publish","4":"has-post-thumbnail","6":"product_cat-lg","7":"product_cat-placa-display-split","8":"product_tag-placa-display-para-ar-condicionado-lg-em-sao-paulo","10":"first","11":"onbackorder","12":"sale","13":"shipping-taxable","14":"purchasable","15":"product-type-simple","16":"entry","17":"content-bg","18":"loop-entry"},"yoast_head":"<!-- This site is optimized with the Yoast SEO plugin v27.5 - https:\/\/yoast.com\/product\/yoast-seo-wordpress\/ -->\n<title>Placa Fun\u00e7\u00e3o Display Receptora Compativel com LG - Ebr64620701 - Loja - Dual Gree Servi\u00e7os | Pe\u00e7as<\/title>\n<meta name=\"description\" content=\"Placa display Receptora Evaporadora ar condicionado LG S4nq09wa5wb. recupere o ar condicionado com partes e pe\u00e7as para seu equipamento\" \/>\n<meta name=\"robots\" content=\"index, follow, max-snippet:-1, max-image-preview:large, max-video-preview:-1\" \/>\n<link rel=\"canonical\" href=\"https:\/\/dualgree.com.br\/loja\/produto\/placa-display-receptora-evaporadora-ar-condicionado-lg-s4nq09wa5wb\/\" \/>\n<meta property=\"og:locale\" content=\"pt_BR\" \/>\n<meta property=\"og:type\" content=\"article\" \/>\n<meta property=\"og:title\" content=\"Placa Fun\u00e7\u00e3o Display Receptora Compativel com LG - Ebr64620701 - Loja - Dual Gree Servi\u00e7os | Pe\u00e7as\" \/>\n<meta property=\"og:description\" content=\"Placa display Receptora Evaporadora ar condicionado LG S4nq09wa5wb. recupere o ar condicionado com partes e pe\u00e7as para seu equipamento\" \/>\n<meta property=\"og:url\" content=\"https:\/\/dualgree.com.br\/loja\/produto\/placa-display-receptora-evaporadora-ar-condicionado-lg-s4nq09wa5wb\/\" \/>\n<meta property=\"og:site_name\" content=\"Loja - Dual Gree Servi\u00e7os | Pe\u00e7as\" \/>\n<meta property=\"article:modified_time\" content=\"2026-04-16T19:22:00+00:00\" \/>\n<meta property=\"og:image\" content=\"https:\/\/dualgree.com.br\/loja\/wp-content\/uploads\/2023\/12\/display-ar-condicionado-ar-LG-Marrom.jpg\" \/>\n\t<meta property=\"og:image:width\" content=\"1200\" \/>\n\t<meta property=\"og:image:height\" content=\"1200\" \/>\n\t<meta property=\"og:image:type\" content=\"image\/jpeg\" \/>\n<meta name=\"twitter:card\" content=\"summary_large_image\" \/>\n<meta name=\"twitter:label1\" content=\"Est. tempo de leitura\" \/>\n\t<meta name=\"twitter:data1\" content=\"1 minuto\" \/>\n<script type=\"application\/ld+json\" class=\"yoast-schema-graph\">{\"@context\":\"https:\\\/\\\/schema.org\",\"@graph\":[{\"@type\":\"WebPage\",\"@id\":\"https:\\\/\\\/dualgree.com.br\\\/loja\\\/produto\\\/placa-display-receptora-evaporadora-ar-condicionado-lg-s4nq09wa5wb\\\/\",\"url\":\"https:\\\/\\\/dualgree.com.br\\\/loja\\\/produto\\\/placa-display-receptora-evaporadora-ar-condicionado-lg-s4nq09wa5wb\\\/\",\"name\":\"Placa Fun\u00e7\u00e3o Display Receptora Compativel com LG - Ebr64620701 - Loja - Dual Gree Servi\u00e7os | Pe\u00e7as\",\"isPartOf\":{\"@id\":\"https:\\\/\\\/dualgree.com.br\\\/loja\\\/#website\"},\"primaryImageOfPage\":{\"@id\":\"https:\\\/\\\/dualgree.com.br\\\/loja\\\/produto\\\/placa-display-receptora-evaporadora-ar-condicionado-lg-s4nq09wa5wb\\\/#primaryimage\"},\"image\":{\"@id\":\"https:\\\/\\\/dualgree.com.br\\\/loja\\\/produto\\\/placa-display-receptora-evaporadora-ar-condicionado-lg-s4nq09wa5wb\\\/#primaryimage\"},\"thumbnailUrl\":\"https:\\\/\\\/dualgree.com.br\\\/loja\\\/wp-content\\\/uploads\\\/2024\\\/10\\\/15229976573-1762-placa-display-compativel-com-lg.jpg\",\"datePublished\":\"2023-12-03T14:21:00+00:00\",\"dateModified\":\"2026-04-16T19:22:00+00:00\",\"description\":\"Placa display Receptora Evaporadora ar condicionado LG S4nq09wa5wb. recupere o ar condicionado com partes e pe\u00e7as para seu equipamento\",\"breadcrumb\":{\"@id\":\"https:\\\/\\\/dualgree.com.br\\\/loja\\\/produto\\\/placa-display-receptora-evaporadora-ar-condicionado-lg-s4nq09wa5wb\\\/#breadcrumb\"},\"inLanguage\":\"pt-BR\",\"potentialAction\":[{\"@type\":\"ReadAction\",\"target\":[\"https:\\\/\\\/dualgree.com.br\\\/loja\\\/produto\\\/placa-display-receptora-evaporadora-ar-condicionado-lg-s4nq09wa5wb\\\/\"]}]},{\"@type\":\"ImageObject\",\"inLanguage\":\"pt-BR\",\"@id\":\"https:\\\/\\\/dualgree.com.br\\\/loja\\\/produto\\\/placa-display-receptora-evaporadora-ar-condicionado-lg-s4nq09wa5wb\\\/#primaryimage\",\"url\":\"https:\\\/\\\/dualgree.com.br\\\/loja\\\/wp-content\\\/uploads\\\/2024\\\/10\\\/15229976573-1762-placa-display-compativel-com-lg.jpg\",\"contentUrl\":\"https:\\\/\\\/dualgree.com.br\\\/loja\\\/wp-content\\\/uploads\\\/2024\\\/10\\\/15229976573-1762-placa-display-compativel-com-lg.jpg\",\"width\":1200,\"height\":1200},{\"@type\":\"BreadcrumbList\",\"@id\":\"https:\\\/\\\/dualgree.com.br\\\/loja\\\/produto\\\/placa-display-receptora-evaporadora-ar-condicionado-lg-s4nq09wa5wb\\\/#breadcrumb\",\"itemListElement\":[{\"@type\":\"ListItem\",\"position\":1,\"name\":\"In\u00edcio\",\"item\":\"https:\\\/\\\/dualgree.com.br\\\/loja\\\/\"},{\"@type\":\"ListItem\",\"position\":2,\"name\":\"Loja &#8211; Cat\u00e1logo de Pe\u00e7as\",\"item\":\"https:\\\/\\\/dualgree.com.br\\\/loja\\\/\"},{\"@type\":\"ListItem\",\"position\":3,\"name\":\"Placa Fun\u00e7\u00e3o Display Receptora Compativel com LG &#8211; ...\"}]},{\"@type\":\"WebSite\",\"@id\":\"https:\\\/\\\/dualgree.com.br\\\/loja\\\/#website\",\"url\":\"https:\\\/\\\/dualgree.com.br\\\/loja\\\/\",\"name\":\"Loja - Dual Gree Servi\u00e7os | Partes e Pe\u00e7as\",\"description\":\"Catalogo de Pe\u00e7as para ar condicionado\",\"publisher\":{\"@id\":\"https:\\\/\\\/dualgree.com.br\\\/loja\\\/#organization\"},\"potentialAction\":[{\"@type\":\"SearchAction\",\"target\":{\"@type\":\"EntryPoint\",\"urlTemplate\":\"https:\\\/\\\/dualgree.com.br\\\/loja\\\/?s={search_term_string}\"},\"query-input\":{\"@type\":\"PropertyValueSpecification\",\"valueRequired\":true,\"valueName\":\"search_term_string\"}}],\"inLanguage\":\"pt-BR\"},{\"@type\":\"Organization\",\"@id\":\"https:\\\/\\\/dualgree.com.br\\\/loja\\\/#organization\",\"name\":\"Loja Dual Gree Servi\u00e7o\",\"url\":\"https:\\\/\\\/dualgree.com.br\\\/loja\\\/\",\"logo\":{\"@type\":\"ImageObject\",\"inLanguage\":\"pt-BR\",\"@id\":\"https:\\\/\\\/dualgree.com.br\\\/loja\\\/#\\\/schema\\\/logo\\\/image\\\/\",\"url\":\"https:\\\/\\\/dualgree.com.br\\\/loja\\\/wp-content\\\/uploads\\\/2024\\\/09\\\/teste-logo-ecommerce-dual-1-e1725909304971.png\",\"contentUrl\":\"https:\\\/\\\/dualgree.com.br\\\/loja\\\/wp-content\\\/uploads\\\/2024\\\/09\\\/teste-logo-ecommerce-dual-1-e1725909304971.png\",\"width\":470,\"height\":157,\"caption\":\"Loja Dual Gree Servi\u00e7o\"},\"image\":{\"@id\":\"https:\\\/\\\/dualgree.com.br\\\/loja\\\/#\\\/schema\\\/logo\\\/image\\\/\"}}]}<\/script>\n<!-- \/ Yoast SEO plugin. -->","yoast_head_json":{"title":"Placa Fun\u00e7\u00e3o Display Receptora Compativel com LG - Ebr64620701 - Loja - Dual Gree Servi\u00e7os | Pe\u00e7as","description":"Placa display Receptora Evaporadora ar condicionado LG S4nq09wa5wb. recupere o ar condicionado com partes e pe\u00e7as para seu equipamento","robots":{"index":"index","follow":"follow","max-snippet":"max-snippet:-1","max-image-preview":"max-image-preview:large","max-video-preview":"max-video-preview:-1"},"canonical":"https:\/\/dualgree.com.br\/loja\/produto\/placa-display-receptora-evaporadora-ar-condicionado-lg-s4nq09wa5wb\/","og_locale":"pt_BR","og_type":"article","og_title":"Placa Fun\u00e7\u00e3o Display Receptora Compativel com LG - Ebr64620701 - Loja - Dual Gree Servi\u00e7os | Pe\u00e7as","og_description":"Placa display Receptora Evaporadora ar condicionado LG S4nq09wa5wb. recupere o ar condicionado com partes e pe\u00e7as para seu equipamento","og_url":"https:\/\/dualgree.com.br\/loja\/produto\/placa-display-receptora-evaporadora-ar-condicionado-lg-s4nq09wa5wb\/","og_site_name":"Loja - Dual Gree Servi\u00e7os | Pe\u00e7as","article_modified_time":"2026-04-16T19:22:00+00:00","og_image":[{"width":1200,"height":1200,"url":"https:\/\/dualgree.com.br\/loja\/wp-content\/uploads\/2023\/12\/display-ar-condicionado-ar-LG-Marrom.jpg","type":"image\/jpeg"}],"twitter_card":"summary_large_image","twitter_misc":{"Est. tempo de leitura":"1 minuto"},"schema":{"@context":"https:\/\/schema.org","@graph":[{"@type":"WebPage","@id":"https:\/\/dualgree.com.br\/loja\/produto\/placa-display-receptora-evaporadora-ar-condicionado-lg-s4nq09wa5wb\/","url":"https:\/\/dualgree.com.br\/loja\/produto\/placa-display-receptora-evaporadora-ar-condicionado-lg-s4nq09wa5wb\/","name":"Placa Fun\u00e7\u00e3o Display Receptora Compativel com LG - Ebr64620701 - Loja - Dual Gree Servi\u00e7os | Pe\u00e7as","isPartOf":{"@id":"https:\/\/dualgree.com.br\/loja\/#website"},"primaryImageOfPage":{"@id":"https:\/\/dualgree.com.br\/loja\/produto\/placa-display-receptora-evaporadora-ar-condicionado-lg-s4nq09wa5wb\/#primaryimage"},"image":{"@id":"https:\/\/dualgree.com.br\/loja\/produto\/placa-display-receptora-evaporadora-ar-condicionado-lg-s4nq09wa5wb\/#primaryimage"},"thumbnailUrl":"https:\/\/dualgree.com.br\/loja\/wp-content\/uploads\/2024\/10\/15229976573-1762-placa-display-compativel-com-lg.jpg","datePublished":"2023-12-03T14:21:00+00:00","dateModified":"2026-04-16T19:22:00+00:00","description":"Placa display Receptora Evaporadora ar condicionado LG S4nq09wa5wb. recupere o ar condicionado com partes e pe\u00e7as para seu equipamento","breadcrumb":{"@id":"https:\/\/dualgree.com.br\/loja\/produto\/placa-display-receptora-evaporadora-ar-condicionado-lg-s4nq09wa5wb\/#breadcrumb"},"inLanguage":"pt-BR","potentialAction":[{"@type":"ReadAction","target":["https:\/\/dualgree.com.br\/loja\/produto\/placa-display-receptora-evaporadora-ar-condicionado-lg-s4nq09wa5wb\/"]}]},{"@type":"ImageObject","inLanguage":"pt-BR","@id":"https:\/\/dualgree.com.br\/loja\/produto\/placa-display-receptora-evaporadora-ar-condicionado-lg-s4nq09wa5wb\/#primaryimage","url":"https:\/\/dualgree.com.br\/loja\/wp-content\/uploads\/2024\/10\/15229976573-1762-placa-display-compativel-com-lg.jpg","contentUrl":"https:\/\/dualgree.com.br\/loja\/wp-content\/uploads\/2024\/10\/15229976573-1762-placa-display-compativel-com-lg.jpg","width":1200,"height":1200},{"@type":"BreadcrumbList","@id":"https:\/\/dualgree.com.br\/loja\/produto\/placa-display-receptora-evaporadora-ar-condicionado-lg-s4nq09wa5wb\/#breadcrumb","itemListElement":[{"@type":"ListItem","position":1,"name":"In\u00edcio","item":"https:\/\/dualgree.com.br\/loja\/"},{"@type":"ListItem","position":2,"name":"Loja &#8211; Cat\u00e1logo de Pe\u00e7as","item":"https:\/\/dualgree.com.br\/loja\/"},{"@type":"ListItem","position":3,"name":"Placa Fun\u00e7\u00e3o Display Receptora Compativel com LG &#8211; ..."}]},{"@type":"WebSite","@id":"https:\/\/dualgree.com.br\/loja\/#website","url":"https:\/\/dualgree.com.br\/loja\/","name":"Loja - Dual Gree Servi\u00e7os | Partes e Pe\u00e7as","description":"Catalogo de Pe\u00e7as para ar condicionado","publisher":{"@id":"https:\/\/dualgree.com.br\/loja\/#organization"},"potentialAction":[{"@type":"SearchAction","target":{"@type":"EntryPoint","urlTemplate":"https:\/\/dualgree.com.br\/loja\/?s={search_term_string}"},"query-input":{"@type":"PropertyValueSpecification","valueRequired":true,"valueName":"search_term_string"}}],"inLanguage":"pt-BR"},{"@type":"Organization","@id":"https:\/\/dualgree.com.br\/loja\/#organization","name":"Loja Dual Gree Servi\u00e7o","url":"https:\/\/dualgree.com.br\/loja\/","logo":{"@type":"ImageObject","inLanguage":"pt-BR","@id":"https:\/\/dualgree.com.br\/loja\/#\/schema\/logo\/image\/","url":"https:\/\/dualgree.com.br\/loja\/wp-content\/uploads\/2024\/09\/teste-logo-ecommerce-dual-1-e1725909304971.png","contentUrl":"https:\/\/dualgree.com.br\/loja\/wp-content\/uploads\/2024\/09\/teste-logo-ecommerce-dual-1-e1725909304971.png","width":470,"height":157,"caption":"Loja Dual Gree Servi\u00e7o"},"image":{"@id":"https:\/\/dualgree.com.br\/loja\/#\/schema\/logo\/image\/"}}]}},"jetpack_publicize_connections":[],"jetpack_sharing_enabled":true,"jetpack_likes_enabled":true,"_links":{"self":[{"href":"https:\/\/dualgree.com.br\/loja\/wp-json\/wp\/v2\/product\/3045","targetHints":{"allow":["GET"]}}],"collection":[{"href":"https:\/\/dualgree.com.br\/loja\/wp-json\/wp\/v2\/product"}],"about":[{"href":"https:\/\/dualgree.com.br\/loja\/wp-json\/wp\/v2\/types\/product"}],"replies":[{"embeddable":true,"href":"https:\/\/dualgree.com.br\/loja\/wp-json\/wp\/v2\/comments?post=3045"}],"wp:featuredmedia":[{"embeddable":true,"href":"https:\/\/dualgree.com.br\/loja\/wp-json\/wp\/v2\/media\/7920"}],"wp:attachment":[{"href":"https:\/\/dualgree.com.br\/loja\/wp-json\/wp\/v2\/media?parent=3045"}],"wp:term":[{"taxonomy":"product_brand","embeddable":true,"href":"https:\/\/dualgree.com.br\/loja\/wp-json\/wp\/v2\/product_brand?post=3045"},{"taxonomy":"product_cat","embeddable":true,"href":"https:\/\/dualgree.com.br\/loja\/wp-json\/wp\/v2\/product_cat?post=3045"},{"taxonomy":"product_tag","embeddable":true,"href":"https:\/\/dualgree.com.br\/loja\/wp-json\/wp\/v2\/product_tag?post=3045"}],"curies":[{"name":"wp","href":"https:\/\/api.w.org\/{rel}","templated":true}]}}