{"id":3077,"date":"2023-12-03T17:39:56","date_gmt":"2023-12-03T17:39:56","guid":{"rendered":"https:\/\/dualgree.com.br\/loja\/produto\/placa-da-condensadora-cassete-compativel-com-lg-ebr83165701\/"},"modified":"2024-12-03T20:16:50","modified_gmt":"2024-12-03T20:16:50","slug":"placa-da-condensadora-cassete-compativel-com-lg-ebr83165701-atuw48gmlp0","status":"publish","type":"product","link":"https:\/\/dualgree.com.br\/loja\/produto\/placa-da-condensadora-cassete-compativel-com-lg-ebr83165701-atuw48gmlp0\/","title":{"rendered":"PLACA DA CONDENSADORA CASSETE compativel com LG EBR83165701"},"content":{"rendered":"<p>PLACA DA CONDENSADORA CASSETE compativel com LG EBR83165701 ATUW48GMLP0<\/p>\n<p><span style=\"font-family: arial, tahoma, verdana, helvetica;\"><span style=\"font-size: 14.72px;\">! Produto contem marcas de armazenamento foi testado pela nossa equipe t\u00e9cnica. Por Isso, para garantir a qualidade do produto vamos fornecer 120 dias de garantia a partir da data de recebimento.<\/span><\/span><\/p>\n<p>Contrate um T\u00e9cnico especializado para efetuar a analise correta do seu equipamento. Garantindo o sucesso na conclus\u00e3o do servi\u00e7o.<\/p>\n<p><span style=\"font-family: arial, tahoma, verdana, helvetica; font-size: 14.72px;\">MODELOS COMPAT\u00cdVEIS:<\/span><br style=\"font-family: arial, tahoma, verdana, helvetica; font-size: 14.72px;\" \/><br style=\"font-family: arial, tahoma, verdana, helvetica; font-size: 14.72px;\" \/><span style=\"font-family: arial, tahoma, verdana, helvetica; font-size: 14.72px;\">ATUW48GMLP0<\/span><br style=\"font-family: arial, tahoma, verdana, helvetica; font-size: 14.72px;\" \/><span style=\"font-family: arial, tahoma, verdana, helvetica; font-size: 14.72px;\">ATUW48GMLP0<\/span><br style=\"font-family: arial, tahoma, verdana, helvetica; font-size: 14.72px;\" \/><span style=\"font-family: arial, tahoma, verdana, helvetica; font-size: 14.72px;\">ATUW48GMLP0<\/span><br style=\"font-family: arial, tahoma, verdana, helvetica; font-size: 14.72px;\" \/><span style=\"font-family: arial, tahoma, verdana, helvetica; font-size: 14.72px;\">ATUW60GMLP0<\/span><br style=\"font-family: arial, tahoma, verdana, helvetica; font-size: 14.72px;\" \/><span style=\"font-family: arial, tahoma, verdana, helvetica; font-size: 14.72px;\">ATUW60GMLP0<\/span><br style=\"font-family: arial, tahoma, verdana, helvetica; font-size: 14.72px;\" \/><span style=\"font-family: arial, tahoma, verdana, helvetica; font-size: 14.72px;\">ATUW60GMLP0<\/span><br style=\"font-family: arial, tahoma, verdana, helvetica; font-size: 14.72px;\" \/><span style=\"font-family: arial, tahoma, verdana, helvetica; font-size: 14.72px;\">AVUW48GM2P0<\/span><br style=\"font-family: arial, tahoma, verdana, helvetica; font-size: 14.72px;\" \/><span style=\"font-family: arial, tahoma, verdana, helvetica; font-size: 14.72px;\">AVUW48GM2P0<\/span><br style=\"font-family: arial, tahoma, verdana, helvetica; font-size: 14.72px;\" \/><span style=\"font-family: arial, tahoma, verdana, helvetica; font-size: 14.72px;\">AVUW48GM2P0<\/span><br style=\"font-family: arial, tahoma, verdana, helvetica; font-size: 14.72px;\" \/><span style=\"font-family: arial, tahoma, verdana, helvetica; font-size: 14.72px;\">AVUW60GM2P0<\/span><br style=\"font-family: arial, tahoma, verdana, helvetica; font-size: 14.72px;\" \/><span style=\"font-family: arial, tahoma, verdana, helvetica; font-size: 14.72px;\">AVUW60GM2P0<\/span><br style=\"font-family: arial, tahoma, verdana, helvetica; font-size: 14.72px;\" \/><span style=\"font-family: arial, tahoma, verdana, helvetica; font-size: 14.72px;\">AVUW60GM2P0<\/span><\/p>\n","protected":false},"excerpt":{"rendered":"<p><span style=\"font-family: arial, tahoma, verdana, helvetica;font-size: 14.72px\">PLACA DA CONDENSADORA CASSETE LG EBR83165701<\/span><\/p>\n<p>OBS:precisa utilizar os parafusos da placa antiga AC-L2- AC-L1<\/p>\n<p><span style=\"font-family: arial, tahoma, verdana, helvetica\"><span style=\"font-size: 14.72px\">! Produto por conter marcas de armazenamento foi testado pela nossa equipe t\u00e9cnica por Isso para garantir a santifica\u00e7\u00e3o do cliente vamos dar 120 dias de garantia<\/span><\/span><br style=\"font-family: arial, tahoma, verdana, helvetica;font-size: 14.72px\" \/><br style=\"font-family: arial, tahoma, verdana, helvetica;font-size: 14.72px\" \/><span style=\"font-family: arial, tahoma, verdana, helvetica;font-size: 14.72px\">MODELOS COMPAT\u00cdVEIS:<\/span><br style=\"font-family: arial, tahoma, verdana, helvetica;font-size: 14.72px\" \/><br style=\"font-family: arial, tahoma, verdana, helvetica;font-size: 14.72px\" \/><span style=\"font-family: arial, tahoma, verdana, helvetica;font-size: 14.72px\">ATUW48GMLP0<\/span><br style=\"font-family: arial, tahoma, verdana, helvetica;font-size: 14.72px\" \/><span style=\"font-family: arial, tahoma, verdana, helvetica;font-size: 14.72px\">ATUW48GMLP0<\/span><br style=\"font-family: arial, tahoma, verdana, helvetica;font-size: 14.72px\" \/><span style=\"font-family: arial, tahoma, verdana, helvetica;font-size: 14.72px\">ATUW48GMLP0<\/span><br style=\"font-family: arial, tahoma, verdana, helvetica;font-size: 14.72px\" \/><span style=\"font-family: arial, tahoma, verdana, helvetica;font-size: 14.72px\">ATUW60GMLP0<\/span><br style=\"font-family: arial, tahoma, verdana, helvetica;font-size: 14.72px\" \/><span style=\"font-family: arial, tahoma, verdana, helvetica;font-size: 14.72px\">ATUW60GMLP0<\/span><br style=\"font-family: arial, tahoma, verdana, helvetica;font-size: 14.72px\" \/><span style=\"font-family: arial, tahoma, verdana, helvetica;font-size: 14.72px\">ATUW60GMLP0<\/span><br style=\"font-family: arial, tahoma, verdana, helvetica;font-size: 14.72px\" \/><span style=\"font-family: arial, tahoma, verdana, helvetica;font-size: 14.72px\">AVUW48GM2P0<\/span><br style=\"font-family: arial, tahoma, verdana, helvetica;font-size: 14.72px\" \/><span style=\"font-family: arial, tahoma, verdana, helvetica;font-size: 14.72px\">AVUW48GM2P0<\/span><br style=\"font-family: arial, tahoma, verdana, helvetica;font-size: 14.72px\" \/><span style=\"font-family: arial, tahoma, verdana, helvetica;font-size: 14.72px\">AVUW48GM2P0<\/span><br style=\"font-family: arial, tahoma, verdana, helvetica;font-size: 14.72px\" \/><span style=\"font-family: arial, tahoma, verdana, helvetica;font-size: 14.72px\">AVUW60GM2P0<\/span><br style=\"font-family: arial, tahoma, verdana, helvetica;font-size: 14.72px\" \/><span style=\"font-family: arial, tahoma, verdana, helvetica;font-size: 14.72px\">AVUW60GM2P0<\/span><br style=\"font-family: arial, tahoma, verdana, helvetica;font-size: 14.72px\" \/><span style=\"font-family: arial, tahoma, verdana, helvetica;font-size: 14.72px\">AVUW60GM2P0<\/span><\/p>\n","protected":false},"featured_media":6367,"comment_status":"open","ping_status":"closed","template":"","meta":{"_kadence_starter_templates_imported_post":false,"_kad_post_transparent":"","_kad_post_title":"","_kad_post_layout":"","_kad_post_sidebar_id":"","_kad_post_content_style":"","_kad_post_vertical_padding":"","_kad_post_feature":"","_kad_post_feature_position":"","_kad_post_header":false,"_kad_post_footer":false,"jetpack_publicize_message":"","jetpack_publicize_feature_enabled":true,"jetpack_social_post_already_shared":false,"jetpack_social_options":{"image_generator_settings":{"template":"highway","default_image_id":0,"font":"","enabled":false},"version":2}},"product_brand":[],"product_cat":[182,294],"product_tag":[],"class_list":{"0":"post-3077","1":"product","2":"type-product","3":"status-publish","4":"has-post-thumbnail","6":"product_cat-lg","7":"product_cat-placa-da-condensadora","9":"first","10":"outofstock","11":"shipping-taxable","12":"purchasable","13":"product-type-simple","14":"entry","15":"content-bg","16":"loop-entry"},"yoast_head":"<!-- This site is optimized with the Yoast SEO plugin v27.6 - https:\/\/yoast.com\/product\/yoast-seo-wordpress\/ -->\n<title>PLACA DA CONDENSADORA CASSETE compativel com LG EBR83165701 - Loja - Dual Gree Servi\u00e7os | Pe\u00e7as<\/title>\n<meta name=\"description\" content=\"PLACA DA CONDENSADORA CASSETE compativel com LG EBR83165701. Conserte seu equipamento com partes e pe\u00e7as testas e com garantia diferenciada\" \/>\n<meta name=\"robots\" content=\"index, follow, max-snippet:-1, max-image-preview:large, max-video-preview:-1\" \/>\n<link rel=\"canonical\" href=\"https:\/\/dualgree.com.br\/loja\/produto\/placa-da-condensadora-cassete-compativel-com-lg-ebr83165701-atuw48gmlp0\/\" \/>\n<meta property=\"og:locale\" content=\"pt_BR\" \/>\n<meta property=\"og:type\" content=\"article\" \/>\n<meta property=\"og:title\" content=\"PLACA DA CONDENSADORA CASSETE compativel com LG EBR83165701 - Loja - Dual Gree Servi\u00e7os | Pe\u00e7as\" \/>\n<meta property=\"og:description\" content=\"PLACA DA CONDENSADORA CASSETE compativel com LG EBR83165701. Conserte seu equipamento com partes e pe\u00e7as testas e com garantia diferenciada\" \/>\n<meta property=\"og:url\" content=\"https:\/\/dualgree.com.br\/loja\/produto\/placa-da-condensadora-cassete-compativel-com-lg-ebr83165701-atuw48gmlp0\/\" \/>\n<meta property=\"og:site_name\" content=\"Loja - Dual Gree Servi\u00e7os | Pe\u00e7as\" \/>\n<meta property=\"article:modified_time\" content=\"2024-12-03T20:16:50+00:00\" \/>\n<meta property=\"og:image\" content=\"https:\/\/dualgree.com.br\/loja\/wp-content\/uploads\/2024\/08\/15249910134_3555-placa-condensadora20LG.jpeg\" \/>\n\t<meta property=\"og:image:width\" content=\"1280\" \/>\n\t<meta property=\"og:image:height\" content=\"1280\" \/>\n\t<meta property=\"og:image:type\" content=\"image\/jpeg\" \/>\n<meta name=\"twitter:card\" content=\"summary_large_image\" \/>\n<meta name=\"twitter:label1\" content=\"Est. tempo de leitura\" \/>\n\t<meta name=\"twitter:data1\" content=\"1 minuto\" \/>\n<script type=\"application\/ld+json\" class=\"yoast-schema-graph\">{\"@context\":\"https:\\\/\\\/schema.org\",\"@graph\":[{\"@type\":\"WebPage\",\"@id\":\"https:\\\/\\\/dualgree.com.br\\\/loja\\\/produto\\\/placa-da-condensadora-cassete-compativel-com-lg-ebr83165701-atuw48gmlp0\\\/\",\"url\":\"https:\\\/\\\/dualgree.com.br\\\/loja\\\/produto\\\/placa-da-condensadora-cassete-compativel-com-lg-ebr83165701-atuw48gmlp0\\\/\",\"name\":\"PLACA DA CONDENSADORA CASSETE compativel com LG EBR83165701 - Loja - Dual Gree Servi\u00e7os | Pe\u00e7as\",\"isPartOf\":{\"@id\":\"https:\\\/\\\/dualgree.com.br\\\/loja\\\/#website\"},\"primaryImageOfPage\":{\"@id\":\"https:\\\/\\\/dualgree.com.br\\\/loja\\\/produto\\\/placa-da-condensadora-cassete-compativel-com-lg-ebr83165701-atuw48gmlp0\\\/#primaryimage\"},\"image\":{\"@id\":\"https:\\\/\\\/dualgree.com.br\\\/loja\\\/produto\\\/placa-da-condensadora-cassete-compativel-com-lg-ebr83165701-atuw48gmlp0\\\/#primaryimage\"},\"thumbnailUrl\":\"https:\\\/\\\/dualgree.com.br\\\/loja\\\/wp-content\\\/uploads\\\/2024\\\/09\\\/15236253890-whatsapp-image-2023-12-03-at-2-19-03-pm-1-photoroom-png-photoroom-1.jpg\",\"datePublished\":\"2023-12-03T17:39:56+00:00\",\"dateModified\":\"2024-12-03T20:16:50+00:00\",\"description\":\"PLACA DA CONDENSADORA CASSETE compativel com LG EBR83165701. Conserte seu equipamento com partes e pe\u00e7as testas e com garantia diferenciada\",\"breadcrumb\":{\"@id\":\"https:\\\/\\\/dualgree.com.br\\\/loja\\\/produto\\\/placa-da-condensadora-cassete-compativel-com-lg-ebr83165701-atuw48gmlp0\\\/#breadcrumb\"},\"inLanguage\":\"pt-BR\",\"potentialAction\":[{\"@type\":\"ReadAction\",\"target\":[\"https:\\\/\\\/dualgree.com.br\\\/loja\\\/produto\\\/placa-da-condensadora-cassete-compativel-com-lg-ebr83165701-atuw48gmlp0\\\/\"]}]},{\"@type\":\"ImageObject\",\"inLanguage\":\"pt-BR\",\"@id\":\"https:\\\/\\\/dualgree.com.br\\\/loja\\\/produto\\\/placa-da-condensadora-cassete-compativel-com-lg-ebr83165701-atuw48gmlp0\\\/#primaryimage\",\"url\":\"https:\\\/\\\/dualgree.com.br\\\/loja\\\/wp-content\\\/uploads\\\/2024\\\/09\\\/15236253890-whatsapp-image-2023-12-03-at-2-19-03-pm-1-photoroom-png-photoroom-1.jpg\",\"contentUrl\":\"https:\\\/\\\/dualgree.com.br\\\/loja\\\/wp-content\\\/uploads\\\/2024\\\/09\\\/15236253890-whatsapp-image-2023-12-03-at-2-19-03-pm-1-photoroom-png-photoroom-1.jpg\",\"width\":1280,\"height\":1280},{\"@type\":\"BreadcrumbList\",\"@id\":\"https:\\\/\\\/dualgree.com.br\\\/loja\\\/produto\\\/placa-da-condensadora-cassete-compativel-com-lg-ebr83165701-atuw48gmlp0\\\/#breadcrumb\",\"itemListElement\":[{\"@type\":\"ListItem\",\"position\":1,\"name\":\"In\u00edcio\",\"item\":\"https:\\\/\\\/dualgree.com.br\\\/loja\\\/\"},{\"@type\":\"ListItem\",\"position\":2,\"name\":\"Loja &#8211; Cat\u00e1logo de Pe\u00e7as\",\"item\":\"https:\\\/\\\/dualgree.com.br\\\/loja\\\/\"},{\"@type\":\"ListItem\",\"position\":3,\"name\":\"PLACA DA CONDENSADORA CASSETE compativel com LG EBR83165701\"}]},{\"@type\":\"WebSite\",\"@id\":\"https:\\\/\\\/dualgree.com.br\\\/loja\\\/#website\",\"url\":\"https:\\\/\\\/dualgree.com.br\\\/loja\\\/\",\"name\":\"Loja - Dual Gree Servi\u00e7os | Partes e Pe\u00e7as\",\"description\":\"Catalogo de Pe\u00e7as para ar condicionado\",\"publisher\":{\"@id\":\"https:\\\/\\\/dualgree.com.br\\\/loja\\\/#organization\"},\"potentialAction\":[{\"@type\":\"SearchAction\",\"target\":{\"@type\":\"EntryPoint\",\"urlTemplate\":\"https:\\\/\\\/dualgree.com.br\\\/loja\\\/?s={search_term_string}\"},\"query-input\":{\"@type\":\"PropertyValueSpecification\",\"valueRequired\":true,\"valueName\":\"search_term_string\"}}],\"inLanguage\":\"pt-BR\"},{\"@type\":\"Organization\",\"@id\":\"https:\\\/\\\/dualgree.com.br\\\/loja\\\/#organization\",\"name\":\"Loja Dual Gree Servi\u00e7o\",\"url\":\"https:\\\/\\\/dualgree.com.br\\\/loja\\\/\",\"logo\":{\"@type\":\"ImageObject\",\"inLanguage\":\"pt-BR\",\"@id\":\"https:\\\/\\\/dualgree.com.br\\\/loja\\\/#\\\/schema\\\/logo\\\/image\\\/\",\"url\":\"https:\\\/\\\/dualgree.com.br\\\/loja\\\/wp-content\\\/uploads\\\/2024\\\/09\\\/teste-logo-ecommerce-dual-1-e1725909304971.png\",\"contentUrl\":\"https:\\\/\\\/dualgree.com.br\\\/loja\\\/wp-content\\\/uploads\\\/2024\\\/09\\\/teste-logo-ecommerce-dual-1-e1725909304971.png\",\"width\":470,\"height\":157,\"caption\":\"Loja Dual Gree Servi\u00e7o\"},\"image\":{\"@id\":\"https:\\\/\\\/dualgree.com.br\\\/loja\\\/#\\\/schema\\\/logo\\\/image\\\/\"}}]}<\/script>\n<!-- \/ Yoast SEO plugin. -->","yoast_head_json":{"title":"PLACA DA CONDENSADORA CASSETE compativel com LG EBR83165701 - Loja - Dual Gree Servi\u00e7os | Pe\u00e7as","description":"PLACA DA CONDENSADORA CASSETE compativel com LG EBR83165701. Conserte seu equipamento com partes e pe\u00e7as testas e com garantia diferenciada","robots":{"index":"index","follow":"follow","max-snippet":"max-snippet:-1","max-image-preview":"max-image-preview:large","max-video-preview":"max-video-preview:-1"},"canonical":"https:\/\/dualgree.com.br\/loja\/produto\/placa-da-condensadora-cassete-compativel-com-lg-ebr83165701-atuw48gmlp0\/","og_locale":"pt_BR","og_type":"article","og_title":"PLACA DA CONDENSADORA CASSETE compativel com LG EBR83165701 - Loja - Dual Gree Servi\u00e7os | Pe\u00e7as","og_description":"PLACA DA CONDENSADORA CASSETE compativel com LG EBR83165701. Conserte seu equipamento com partes e pe\u00e7as testas e com garantia diferenciada","og_url":"https:\/\/dualgree.com.br\/loja\/produto\/placa-da-condensadora-cassete-compativel-com-lg-ebr83165701-atuw48gmlp0\/","og_site_name":"Loja - Dual Gree Servi\u00e7os | Pe\u00e7as","article_modified_time":"2024-12-03T20:16:50+00:00","og_image":[{"width":1280,"height":1280,"url":"https:\/\/dualgree.com.br\/loja\/wp-content\/uploads\/2024\/08\/15249910134_3555-placa-condensadora20LG.jpeg","type":"image\/jpeg"}],"twitter_card":"summary_large_image","twitter_misc":{"Est. tempo de leitura":"1 minuto"},"schema":{"@context":"https:\/\/schema.org","@graph":[{"@type":"WebPage","@id":"https:\/\/dualgree.com.br\/loja\/produto\/placa-da-condensadora-cassete-compativel-com-lg-ebr83165701-atuw48gmlp0\/","url":"https:\/\/dualgree.com.br\/loja\/produto\/placa-da-condensadora-cassete-compativel-com-lg-ebr83165701-atuw48gmlp0\/","name":"PLACA DA CONDENSADORA CASSETE compativel com LG EBR83165701 - Loja - Dual Gree Servi\u00e7os | Pe\u00e7as","isPartOf":{"@id":"https:\/\/dualgree.com.br\/loja\/#website"},"primaryImageOfPage":{"@id":"https:\/\/dualgree.com.br\/loja\/produto\/placa-da-condensadora-cassete-compativel-com-lg-ebr83165701-atuw48gmlp0\/#primaryimage"},"image":{"@id":"https:\/\/dualgree.com.br\/loja\/produto\/placa-da-condensadora-cassete-compativel-com-lg-ebr83165701-atuw48gmlp0\/#primaryimage"},"thumbnailUrl":"https:\/\/dualgree.com.br\/loja\/wp-content\/uploads\/2024\/09\/15236253890-whatsapp-image-2023-12-03-at-2-19-03-pm-1-photoroom-png-photoroom-1.jpg","datePublished":"2023-12-03T17:39:56+00:00","dateModified":"2024-12-03T20:16:50+00:00","description":"PLACA DA CONDENSADORA CASSETE compativel com LG EBR83165701. Conserte seu equipamento com partes e pe\u00e7as testas e com garantia diferenciada","breadcrumb":{"@id":"https:\/\/dualgree.com.br\/loja\/produto\/placa-da-condensadora-cassete-compativel-com-lg-ebr83165701-atuw48gmlp0\/#breadcrumb"},"inLanguage":"pt-BR","potentialAction":[{"@type":"ReadAction","target":["https:\/\/dualgree.com.br\/loja\/produto\/placa-da-condensadora-cassete-compativel-com-lg-ebr83165701-atuw48gmlp0\/"]}]},{"@type":"ImageObject","inLanguage":"pt-BR","@id":"https:\/\/dualgree.com.br\/loja\/produto\/placa-da-condensadora-cassete-compativel-com-lg-ebr83165701-atuw48gmlp0\/#primaryimage","url":"https:\/\/dualgree.com.br\/loja\/wp-content\/uploads\/2024\/09\/15236253890-whatsapp-image-2023-12-03-at-2-19-03-pm-1-photoroom-png-photoroom-1.jpg","contentUrl":"https:\/\/dualgree.com.br\/loja\/wp-content\/uploads\/2024\/09\/15236253890-whatsapp-image-2023-12-03-at-2-19-03-pm-1-photoroom-png-photoroom-1.jpg","width":1280,"height":1280},{"@type":"BreadcrumbList","@id":"https:\/\/dualgree.com.br\/loja\/produto\/placa-da-condensadora-cassete-compativel-com-lg-ebr83165701-atuw48gmlp0\/#breadcrumb","itemListElement":[{"@type":"ListItem","position":1,"name":"In\u00edcio","item":"https:\/\/dualgree.com.br\/loja\/"},{"@type":"ListItem","position":2,"name":"Loja &#8211; Cat\u00e1logo de Pe\u00e7as","item":"https:\/\/dualgree.com.br\/loja\/"},{"@type":"ListItem","position":3,"name":"PLACA DA CONDENSADORA CASSETE compativel com LG EBR83165701"}]},{"@type":"WebSite","@id":"https:\/\/dualgree.com.br\/loja\/#website","url":"https:\/\/dualgree.com.br\/loja\/","name":"Loja - Dual Gree Servi\u00e7os | Partes e Pe\u00e7as","description":"Catalogo de Pe\u00e7as para ar condicionado","publisher":{"@id":"https:\/\/dualgree.com.br\/loja\/#organization"},"potentialAction":[{"@type":"SearchAction","target":{"@type":"EntryPoint","urlTemplate":"https:\/\/dualgree.com.br\/loja\/?s={search_term_string}"},"query-input":{"@type":"PropertyValueSpecification","valueRequired":true,"valueName":"search_term_string"}}],"inLanguage":"pt-BR"},{"@type":"Organization","@id":"https:\/\/dualgree.com.br\/loja\/#organization","name":"Loja Dual Gree Servi\u00e7o","url":"https:\/\/dualgree.com.br\/loja\/","logo":{"@type":"ImageObject","inLanguage":"pt-BR","@id":"https:\/\/dualgree.com.br\/loja\/#\/schema\/logo\/image\/","url":"https:\/\/dualgree.com.br\/loja\/wp-content\/uploads\/2024\/09\/teste-logo-ecommerce-dual-1-e1725909304971.png","contentUrl":"https:\/\/dualgree.com.br\/loja\/wp-content\/uploads\/2024\/09\/teste-logo-ecommerce-dual-1-e1725909304971.png","width":470,"height":157,"caption":"Loja Dual Gree Servi\u00e7o"},"image":{"@id":"https:\/\/dualgree.com.br\/loja\/#\/schema\/logo\/image\/"}}]}},"jetpack_publicize_connections":[],"jetpack_sharing_enabled":true,"jetpack_likes_enabled":true,"_links":{"self":[{"href":"https:\/\/dualgree.com.br\/loja\/wp-json\/wp\/v2\/product\/3077","targetHints":{"allow":["GET"]}}],"collection":[{"href":"https:\/\/dualgree.com.br\/loja\/wp-json\/wp\/v2\/product"}],"about":[{"href":"https:\/\/dualgree.com.br\/loja\/wp-json\/wp\/v2\/types\/product"}],"replies":[{"embeddable":true,"href":"https:\/\/dualgree.com.br\/loja\/wp-json\/wp\/v2\/comments?post=3077"}],"wp:featuredmedia":[{"embeddable":true,"href":"https:\/\/dualgree.com.br\/loja\/wp-json\/wp\/v2\/media\/6367"}],"wp:attachment":[{"href":"https:\/\/dualgree.com.br\/loja\/wp-json\/wp\/v2\/media?parent=3077"}],"wp:term":[{"taxonomy":"product_brand","embeddable":true,"href":"https:\/\/dualgree.com.br\/loja\/wp-json\/wp\/v2\/product_brand?post=3077"},{"taxonomy":"product_cat","embeddable":true,"href":"https:\/\/dualgree.com.br\/loja\/wp-json\/wp\/v2\/product_cat?post=3077"},{"taxonomy":"product_tag","embeddable":true,"href":"https:\/\/dualgree.com.br\/loja\/wp-json\/wp\/v2\/product_tag?post=3077"}],"curies":[{"name":"wp","href":"https:\/\/api.w.org\/{rel}","templated":true}]}}