{"id":3115,"date":"2023-12-12T11:37:17","date_gmt":"2023-12-12T11:37:17","guid":{"rendered":"https:\/\/dualgree.com.br\/loja\/produto\/sensor-degelo-serpentina-ar-condicionado-philco-pac9000itfm9\/"},"modified":"2026-01-21T22:45:50","modified_gmt":"2026-01-21T22:45:50","slug":"sensor-degelo-serpentina-ar-condicionado-philco-pac9000itfm9","status":"publish","type":"product","link":"https:\/\/dualgree.com.br\/loja\/produto\/sensor-degelo-serpentina-ar-condicionado-philco-pac9000itfm9\/","title":{"rendered":"Sensor Degelo Serpentina Evaporadora Ar Condicionado Philco ..."},"content":{"rendered":"<p>Sensor Degelo Serpentina Evaporadora Ar Condicionado Philco Pac9000itfm9<\/p>\n<p>Sensor que vai no tubo da serpentina evaporadora ar condicionado split Philco<\/p>\n<p>SERVE NO MODELO:<\/p>\n<p>PAC9000iTFM9W<\/p>\n<p>PAC9000iTqFM9W<\/p>\n<p>PAC12000iTFM9W<\/p>\n<p>PAC12000iTqFM9W<\/p>\n<p>&nbsp;<\/p>\n<p>BAC9000iTFM9W<\/p>\n<p>BAC9000iTqFM9W<\/p>\n<p>BAC12000iTFM9W<\/p>\n<p>BAC12000iTqFM9W<\/p>\n<p>&nbsp;<\/p>\n<p>&nbsp;<\/p>\n","protected":false},"excerpt":{"rendered":"<p>IC1168 &#8211; Sensor Degelo Serpentina Evaporadora Ar Condicionado Philco Pac9000itfm9<\/p>\n<p>\u00a0<\/p>\n<p>Sensor que vai no tubo da serpentina da evaporadora do ar condicionado split Philco<\/p>\n<p>\u00a0<\/p>\n<p>SERVE NO MODELO:<\/p>\n<p>\u00a0<\/p>\n<p>PAC9000iTFM9W.<\/p>\n<p>PAC9000iTQFM9W.<br \/>PAC9000TFM9.<\/p>\n<p>PAC9000TQFM9.<\/p>\n<p>Pas9200f1.<\/p>\n<p>Pac9000fm4.<\/p>\n<p>Pac9000ifm4.<\/p>\n<p>\u00a0<\/p>\n<p>BAC9000iTFM9W.\u00a0<\/p>\n<p>BAC12000iTFM9W.\u00a0<\/p>\n<p>BAC9000iTQFM9W.\u00a0<\/p>\n<p>BAC12000iTQFM9W.\u00a0<\/p>\n","protected":false},"featured_media":5456,"comment_status":"open","ping_status":"closed","template":"","meta":{"_kadence_starter_templates_imported_post":false,"_kad_post_transparent":"","_kad_post_title":"","_kad_post_layout":"","_kad_post_sidebar_id":"","_kad_post_content_style":"","_kad_post_vertical_padding":"","_kad_post_feature":"","_kad_post_feature_position":"","_kad_post_header":false,"_kad_post_footer":false,"jetpack_publicize_message":"","jetpack_publicize_feature_enabled":true,"jetpack_social_post_already_shared":false,"jetpack_social_options":{"image_generator_settings":{"template":"highway","default_image_id":0,"font":"","enabled":false},"version":2}},"product_brand":[],"product_cat":[189,183],"product_tag":[],"class_list":{"0":"post-3115","1":"product","2":"type-product","3":"status-publish","4":"has-post-thumbnail","6":"product_cat-britania","7":"product_cat-philco","9":"first","10":"outofstock","11":"shipping-taxable","12":"purchasable","13":"product-type-simple","14":"entry","15":"content-bg","16":"loop-entry"},"yoast_head":"<!-- This site is optimized with the Yoast SEO plugin v27.5 - https:\/\/yoast.com\/product\/yoast-seo-wordpress\/ -->\n<title>Sensor Degelo Serpentina Evaporadora Ar Condicionado Philco Pac9000itfm9 - Loja - Dual Gree Servi\u00e7os | Pe\u00e7as<\/title>\n<meta name=\"description\" content=\"Sensor Degelo Serpentina Evaporadora Ar Condicionado Philco Pac9000itfm9\" \/>\n<meta name=\"robots\" content=\"index, follow, max-snippet:-1, max-image-preview:large, max-video-preview:-1\" \/>\n<link rel=\"canonical\" href=\"https:\/\/dualgree.com.br\/loja\/produto\/sensor-degelo-serpentina-ar-condicionado-philco-pac9000itfm9\/\" \/>\n<meta property=\"og:locale\" content=\"pt_BR\" \/>\n<meta property=\"og:type\" content=\"article\" \/>\n<meta property=\"og:title\" content=\"Sensor Degelo Serpentina Evaporadora Ar Condicionado Philco Pac9000itfm9 - Loja - Dual Gree Servi\u00e7os | Pe\u00e7as\" \/>\n<meta property=\"og:description\" content=\"Sensor Degelo Serpentina Evaporadora Ar Condicionado Philco Pac9000itfm9\" \/>\n<meta property=\"og:url\" content=\"https:\/\/dualgree.com.br\/loja\/produto\/sensor-degelo-serpentina-ar-condicionado-philco-pac9000itfm9\/\" \/>\n<meta property=\"og:site_name\" content=\"Loja - Dual Gree Servi\u00e7os | Pe\u00e7as\" \/>\n<meta property=\"article:modified_time\" content=\"2026-01-21T22:45:50+00:00\" \/>\n<meta property=\"og:image\" content=\"https:\/\/dualgree.com.br\/loja\/wp-content\/uploads\/2023\/12\/15230560146_IC1168.jpg\" \/>\n\t<meta property=\"og:image:width\" content=\"388\" \/>\n\t<meta property=\"og:image:height\" content=\"387\" \/>\n\t<meta property=\"og:image:type\" content=\"image\/jpeg\" \/>\n<meta name=\"twitter:card\" content=\"summary_large_image\" \/>\n<meta name=\"twitter:label1\" content=\"Est. tempo de leitura\" \/>\n\t<meta name=\"twitter:data1\" content=\"1 minuto\" \/>\n<script type=\"application\/ld+json\" class=\"yoast-schema-graph\">{\"@context\":\"https:\\\/\\\/schema.org\",\"@graph\":[{\"@type\":\"WebPage\",\"@id\":\"https:\\\/\\\/dualgree.com.br\\\/loja\\\/produto\\\/sensor-degelo-serpentina-ar-condicionado-philco-pac9000itfm9\\\/\",\"url\":\"https:\\\/\\\/dualgree.com.br\\\/loja\\\/produto\\\/sensor-degelo-serpentina-ar-condicionado-philco-pac9000itfm9\\\/\",\"name\":\"Sensor Degelo Serpentina Evaporadora Ar Condicionado Philco Pac9000itfm9 - Loja - Dual Gree Servi\u00e7os | Pe\u00e7as\",\"isPartOf\":{\"@id\":\"https:\\\/\\\/dualgree.com.br\\\/loja\\\/#website\"},\"primaryImageOfPage\":{\"@id\":\"https:\\\/\\\/dualgree.com.br\\\/loja\\\/produto\\\/sensor-degelo-serpentina-ar-condicionado-philco-pac9000itfm9\\\/#primaryimage\"},\"image\":{\"@id\":\"https:\\\/\\\/dualgree.com.br\\\/loja\\\/produto\\\/sensor-degelo-serpentina-ar-condicionado-philco-pac9000itfm9\\\/#primaryimage\"},\"thumbnailUrl\":\"https:\\\/\\\/dualgree.com.br\\\/loja\\\/wp-content\\\/uploads\\\/2024\\\/08\\\/15292174135_1168-Ilustracao20do20sensor20degelo20philco.jpeg\",\"datePublished\":\"2023-12-12T11:37:17+00:00\",\"dateModified\":\"2026-01-21T22:45:50+00:00\",\"description\":\"Sensor Degelo Serpentina Evaporadora Ar Condicionado Philco Pac9000itfm9\",\"breadcrumb\":{\"@id\":\"https:\\\/\\\/dualgree.com.br\\\/loja\\\/produto\\\/sensor-degelo-serpentina-ar-condicionado-philco-pac9000itfm9\\\/#breadcrumb\"},\"inLanguage\":\"pt-BR\",\"potentialAction\":[{\"@type\":\"ReadAction\",\"target\":[\"https:\\\/\\\/dualgree.com.br\\\/loja\\\/produto\\\/sensor-degelo-serpentina-ar-condicionado-philco-pac9000itfm9\\\/\"]}]},{\"@type\":\"ImageObject\",\"inLanguage\":\"pt-BR\",\"@id\":\"https:\\\/\\\/dualgree.com.br\\\/loja\\\/produto\\\/sensor-degelo-serpentina-ar-condicionado-philco-pac9000itfm9\\\/#primaryimage\",\"url\":\"https:\\\/\\\/dualgree.com.br\\\/loja\\\/wp-content\\\/uploads\\\/2024\\\/08\\\/15292174135_1168-Ilustracao20do20sensor20degelo20philco.jpeg\",\"contentUrl\":\"https:\\\/\\\/dualgree.com.br\\\/loja\\\/wp-content\\\/uploads\\\/2024\\\/08\\\/15292174135_1168-Ilustracao20do20sensor20degelo20philco.jpeg\",\"width\":1280,\"height\":1280},{\"@type\":\"BreadcrumbList\",\"@id\":\"https:\\\/\\\/dualgree.com.br\\\/loja\\\/produto\\\/sensor-degelo-serpentina-ar-condicionado-philco-pac9000itfm9\\\/#breadcrumb\",\"itemListElement\":[{\"@type\":\"ListItem\",\"position\":1,\"name\":\"In\u00edcio\",\"item\":\"https:\\\/\\\/dualgree.com.br\\\/loja\\\/\"},{\"@type\":\"ListItem\",\"position\":2,\"name\":\"Loja &#8211; Cat\u00e1logo de Pe\u00e7as\",\"item\":\"https:\\\/\\\/dualgree.com.br\\\/loja\\\/\"},{\"@type\":\"ListItem\",\"position\":3,\"name\":\"Sensor Degelo Serpentina Evaporadora Ar Condicionado Philco ...\"}]},{\"@type\":\"WebSite\",\"@id\":\"https:\\\/\\\/dualgree.com.br\\\/loja\\\/#website\",\"url\":\"https:\\\/\\\/dualgree.com.br\\\/loja\\\/\",\"name\":\"Loja - Dual Gree Servi\u00e7os | Partes e Pe\u00e7as\",\"description\":\"Catalogo de Pe\u00e7as para ar condicionado\",\"publisher\":{\"@id\":\"https:\\\/\\\/dualgree.com.br\\\/loja\\\/#organization\"},\"potentialAction\":[{\"@type\":\"SearchAction\",\"target\":{\"@type\":\"EntryPoint\",\"urlTemplate\":\"https:\\\/\\\/dualgree.com.br\\\/loja\\\/?s={search_term_string}\"},\"query-input\":{\"@type\":\"PropertyValueSpecification\",\"valueRequired\":true,\"valueName\":\"search_term_string\"}}],\"inLanguage\":\"pt-BR\"},{\"@type\":\"Organization\",\"@id\":\"https:\\\/\\\/dualgree.com.br\\\/loja\\\/#organization\",\"name\":\"Loja Dual Gree Servi\u00e7o\",\"url\":\"https:\\\/\\\/dualgree.com.br\\\/loja\\\/\",\"logo\":{\"@type\":\"ImageObject\",\"inLanguage\":\"pt-BR\",\"@id\":\"https:\\\/\\\/dualgree.com.br\\\/loja\\\/#\\\/schema\\\/logo\\\/image\\\/\",\"url\":\"https:\\\/\\\/dualgree.com.br\\\/loja\\\/wp-content\\\/uploads\\\/2024\\\/09\\\/teste-logo-ecommerce-dual-1-e1725909304971.png\",\"contentUrl\":\"https:\\\/\\\/dualgree.com.br\\\/loja\\\/wp-content\\\/uploads\\\/2024\\\/09\\\/teste-logo-ecommerce-dual-1-e1725909304971.png\",\"width\":470,\"height\":157,\"caption\":\"Loja Dual Gree Servi\u00e7o\"},\"image\":{\"@id\":\"https:\\\/\\\/dualgree.com.br\\\/loja\\\/#\\\/schema\\\/logo\\\/image\\\/\"}}]}<\/script>\n<!-- \/ Yoast SEO plugin. -->","yoast_head_json":{"title":"Sensor Degelo Serpentina Evaporadora Ar Condicionado Philco Pac9000itfm9 - Loja - Dual Gree Servi\u00e7os | Pe\u00e7as","description":"Sensor Degelo Serpentina Evaporadora Ar Condicionado Philco Pac9000itfm9","robots":{"index":"index","follow":"follow","max-snippet":"max-snippet:-1","max-image-preview":"max-image-preview:large","max-video-preview":"max-video-preview:-1"},"canonical":"https:\/\/dualgree.com.br\/loja\/produto\/sensor-degelo-serpentina-ar-condicionado-philco-pac9000itfm9\/","og_locale":"pt_BR","og_type":"article","og_title":"Sensor Degelo Serpentina Evaporadora Ar Condicionado Philco Pac9000itfm9 - Loja - Dual Gree Servi\u00e7os | Pe\u00e7as","og_description":"Sensor Degelo Serpentina Evaporadora Ar Condicionado Philco Pac9000itfm9","og_url":"https:\/\/dualgree.com.br\/loja\/produto\/sensor-degelo-serpentina-ar-condicionado-philco-pac9000itfm9\/","og_site_name":"Loja - Dual Gree Servi\u00e7os | Pe\u00e7as","article_modified_time":"2026-01-21T22:45:50+00:00","og_image":[{"width":388,"height":387,"url":"https:\/\/dualgree.com.br\/loja\/wp-content\/uploads\/2023\/12\/15230560146_IC1168.jpg","type":"image\/jpeg"}],"twitter_card":"summary_large_image","twitter_misc":{"Est. tempo de leitura":"1 minuto"},"schema":{"@context":"https:\/\/schema.org","@graph":[{"@type":"WebPage","@id":"https:\/\/dualgree.com.br\/loja\/produto\/sensor-degelo-serpentina-ar-condicionado-philco-pac9000itfm9\/","url":"https:\/\/dualgree.com.br\/loja\/produto\/sensor-degelo-serpentina-ar-condicionado-philco-pac9000itfm9\/","name":"Sensor Degelo Serpentina Evaporadora Ar Condicionado Philco Pac9000itfm9 - Loja - Dual Gree Servi\u00e7os | Pe\u00e7as","isPartOf":{"@id":"https:\/\/dualgree.com.br\/loja\/#website"},"primaryImageOfPage":{"@id":"https:\/\/dualgree.com.br\/loja\/produto\/sensor-degelo-serpentina-ar-condicionado-philco-pac9000itfm9\/#primaryimage"},"image":{"@id":"https:\/\/dualgree.com.br\/loja\/produto\/sensor-degelo-serpentina-ar-condicionado-philco-pac9000itfm9\/#primaryimage"},"thumbnailUrl":"https:\/\/dualgree.com.br\/loja\/wp-content\/uploads\/2024\/08\/15292174135_1168-Ilustracao20do20sensor20degelo20philco.jpeg","datePublished":"2023-12-12T11:37:17+00:00","dateModified":"2026-01-21T22:45:50+00:00","description":"Sensor Degelo Serpentina Evaporadora Ar Condicionado Philco Pac9000itfm9","breadcrumb":{"@id":"https:\/\/dualgree.com.br\/loja\/produto\/sensor-degelo-serpentina-ar-condicionado-philco-pac9000itfm9\/#breadcrumb"},"inLanguage":"pt-BR","potentialAction":[{"@type":"ReadAction","target":["https:\/\/dualgree.com.br\/loja\/produto\/sensor-degelo-serpentina-ar-condicionado-philco-pac9000itfm9\/"]}]},{"@type":"ImageObject","inLanguage":"pt-BR","@id":"https:\/\/dualgree.com.br\/loja\/produto\/sensor-degelo-serpentina-ar-condicionado-philco-pac9000itfm9\/#primaryimage","url":"https:\/\/dualgree.com.br\/loja\/wp-content\/uploads\/2024\/08\/15292174135_1168-Ilustracao20do20sensor20degelo20philco.jpeg","contentUrl":"https:\/\/dualgree.com.br\/loja\/wp-content\/uploads\/2024\/08\/15292174135_1168-Ilustracao20do20sensor20degelo20philco.jpeg","width":1280,"height":1280},{"@type":"BreadcrumbList","@id":"https:\/\/dualgree.com.br\/loja\/produto\/sensor-degelo-serpentina-ar-condicionado-philco-pac9000itfm9\/#breadcrumb","itemListElement":[{"@type":"ListItem","position":1,"name":"In\u00edcio","item":"https:\/\/dualgree.com.br\/loja\/"},{"@type":"ListItem","position":2,"name":"Loja &#8211; Cat\u00e1logo de Pe\u00e7as","item":"https:\/\/dualgree.com.br\/loja\/"},{"@type":"ListItem","position":3,"name":"Sensor Degelo Serpentina Evaporadora Ar Condicionado Philco ..."}]},{"@type":"WebSite","@id":"https:\/\/dualgree.com.br\/loja\/#website","url":"https:\/\/dualgree.com.br\/loja\/","name":"Loja - Dual Gree Servi\u00e7os | Partes e Pe\u00e7as","description":"Catalogo de Pe\u00e7as para ar condicionado","publisher":{"@id":"https:\/\/dualgree.com.br\/loja\/#organization"},"potentialAction":[{"@type":"SearchAction","target":{"@type":"EntryPoint","urlTemplate":"https:\/\/dualgree.com.br\/loja\/?s={search_term_string}"},"query-input":{"@type":"PropertyValueSpecification","valueRequired":true,"valueName":"search_term_string"}}],"inLanguage":"pt-BR"},{"@type":"Organization","@id":"https:\/\/dualgree.com.br\/loja\/#organization","name":"Loja Dual Gree Servi\u00e7o","url":"https:\/\/dualgree.com.br\/loja\/","logo":{"@type":"ImageObject","inLanguage":"pt-BR","@id":"https:\/\/dualgree.com.br\/loja\/#\/schema\/logo\/image\/","url":"https:\/\/dualgree.com.br\/loja\/wp-content\/uploads\/2024\/09\/teste-logo-ecommerce-dual-1-e1725909304971.png","contentUrl":"https:\/\/dualgree.com.br\/loja\/wp-content\/uploads\/2024\/09\/teste-logo-ecommerce-dual-1-e1725909304971.png","width":470,"height":157,"caption":"Loja Dual Gree Servi\u00e7o"},"image":{"@id":"https:\/\/dualgree.com.br\/loja\/#\/schema\/logo\/image\/"}}]}},"jetpack_publicize_connections":[],"jetpack_sharing_enabled":true,"jetpack_likes_enabled":true,"_links":{"self":[{"href":"https:\/\/dualgree.com.br\/loja\/wp-json\/wp\/v2\/product\/3115","targetHints":{"allow":["GET"]}}],"collection":[{"href":"https:\/\/dualgree.com.br\/loja\/wp-json\/wp\/v2\/product"}],"about":[{"href":"https:\/\/dualgree.com.br\/loja\/wp-json\/wp\/v2\/types\/product"}],"replies":[{"embeddable":true,"href":"https:\/\/dualgree.com.br\/loja\/wp-json\/wp\/v2\/comments?post=3115"}],"wp:featuredmedia":[{"embeddable":true,"href":"https:\/\/dualgree.com.br\/loja\/wp-json\/wp\/v2\/media\/5456"}],"wp:attachment":[{"href":"https:\/\/dualgree.com.br\/loja\/wp-json\/wp\/v2\/media?parent=3115"}],"wp:term":[{"taxonomy":"product_brand","embeddable":true,"href":"https:\/\/dualgree.com.br\/loja\/wp-json\/wp\/v2\/product_brand?post=3115"},{"taxonomy":"product_cat","embeddable":true,"href":"https:\/\/dualgree.com.br\/loja\/wp-json\/wp\/v2\/product_cat?post=3115"},{"taxonomy":"product_tag","embeddable":true,"href":"https:\/\/dualgree.com.br\/loja\/wp-json\/wp\/v2\/product_tag?post=3115"}],"curies":[{"name":"wp","href":"https:\/\/api.w.org\/{rel}","templated":true}]}}