{"id":3147,"date":"2023-12-14T14:40:03","date_gmt":"2023-12-14T14:40:03","guid":{"rendered":"https:\/\/dualgree.com.br\/loja\/produto\/chave-micro-switch-maquina-de-gelo-springer-ice-maker\/"},"modified":"2026-03-24T16:24:05","modified_gmt":"2026-03-24T16:24:05","slug":"chave-micro-switch-maquina-de-gelo-springer-ice-maker","status":"publish","type":"product","link":"https:\/\/dualgree.com.br\/loja\/produto\/chave-micro-switch-maquina-de-gelo-springer-ice-maker\/","title":{"rendered":"Chave Micro Switch Maquina De Gelo Springer Ice Maker"},"content":{"rendered":"<p>Chave Micro Switch Maquina De Gelo Springer Ice Maker<\/p>\n<p>Chave controladora da bandeja de agua para maquina de gelo ice maker Springer ICMA0158<\/p>\n<p>Serve somente na Springer<\/p>\n<p>MODELO<br \/>\nICMA0158B 127 VOLTS<br \/>\nICMA0155B 220 VOLTS<\/p>\n","protected":false},"excerpt":{"rendered":"<p>Chave Micro Switch Maquina De Gelo Springer Ice Maker Chave controladora da bandeja de agua para maquina de gelo ice maker Springer ICMA0158 Serve somente na Springer MODELO ICMA0158B 127 VOLTS ICMA0155B 220 VOLTS<\/p>\n","protected":false},"featured_media":3146,"comment_status":"open","ping_status":"closed","template":"","meta":{"_kadence_starter_templates_imported_post":false,"_kad_post_transparent":"","_kad_post_title":"","_kad_post_layout":"","_kad_post_sidebar_id":"","_kad_post_content_style":"","_kad_post_vertical_padding":"","_kad_post_feature":"","_kad_post_feature_position":"","_kad_post_header":false,"_kad_post_footer":false,"jetpack_publicize_message":"","jetpack_publicize_feature_enabled":true,"jetpack_social_post_already_shared":false,"jetpack_social_options":{"image_generator_settings":{"template":"highway","default_image_id":0,"font":"","enabled":false},"version":2}},"product_brand":[],"product_cat":[191,179],"product_tag":[],"class_list":{"0":"post-3147","1":"product","2":"type-product","3":"status-publish","4":"has-post-thumbnail","6":"product_cat-micro-chave-maq-gelo","7":"product_cat-springer","9":"first","10":"instock","11":"shipping-taxable","12":"purchasable","13":"product-type-simple","14":"entry","15":"content-bg","16":"loop-entry"},"yoast_head":"<!-- This site is optimized with the Yoast SEO plugin v27.5 - https:\/\/yoast.com\/product\/yoast-seo-wordpress\/ -->\n<title>Chave Micro Switch Maquina De Gelo Springer Ice Maker - Loja - Dual Gree Servi\u00e7os | Pe\u00e7as<\/title>\n<meta name=\"description\" content=\"Chave Micro Switch Maquina De Gelo Springer Ice Maker\" \/>\n<meta name=\"robots\" content=\"index, follow, max-snippet:-1, max-image-preview:large, max-video-preview:-1\" \/>\n<link rel=\"canonical\" href=\"https:\/\/dualgree.com.br\/loja\/produto\/chave-micro-switch-maquina-de-gelo-springer-ice-maker\/\" \/>\n<meta property=\"og:locale\" content=\"pt_BR\" \/>\n<meta property=\"og:type\" content=\"article\" \/>\n<meta property=\"og:title\" content=\"Chave Micro Switch Maquina De Gelo Springer Ice Maker - Loja - Dual Gree Servi\u00e7os | Pe\u00e7as\" \/>\n<meta property=\"og:description\" content=\"Chave Micro Switch Maquina De Gelo Springer Ice Maker\" \/>\n<meta property=\"og:url\" content=\"https:\/\/dualgree.com.br\/loja\/produto\/chave-micro-switch-maquina-de-gelo-springer-ice-maker\/\" \/>\n<meta property=\"og:site_name\" content=\"Loja - Dual Gree Servi\u00e7os | Pe\u00e7as\" \/>\n<meta property=\"article:modified_time\" content=\"2026-03-24T16:24:05+00:00\" \/>\n<meta property=\"og:image\" content=\"https:\/\/dualgree.com.br\/loja\/wp-content\/uploads\/2023\/12\/15225817505_568-microchave-springer.jpg\" \/>\n\t<meta property=\"og:image:width\" content=\"1420\" \/>\n\t<meta property=\"og:image:height\" content=\"1319\" \/>\n\t<meta property=\"og:image:type\" content=\"image\/jpeg\" \/>\n<meta name=\"twitter:card\" content=\"summary_large_image\" \/>\n<meta name=\"twitter:label1\" content=\"Est. tempo de leitura\" \/>\n\t<meta name=\"twitter:data1\" content=\"1 minuto\" \/>\n<script type=\"application\/ld+json\" class=\"yoast-schema-graph\">{\"@context\":\"https:\\\/\\\/schema.org\",\"@graph\":[{\"@type\":\"WebPage\",\"@id\":\"https:\\\/\\\/dualgree.com.br\\\/loja\\\/produto\\\/chave-micro-switch-maquina-de-gelo-springer-ice-maker\\\/\",\"url\":\"https:\\\/\\\/dualgree.com.br\\\/loja\\\/produto\\\/chave-micro-switch-maquina-de-gelo-springer-ice-maker\\\/\",\"name\":\"Chave Micro Switch Maquina De Gelo Springer Ice Maker - Loja - Dual Gree Servi\u00e7os | Pe\u00e7as\",\"isPartOf\":{\"@id\":\"https:\\\/\\\/dualgree.com.br\\\/loja\\\/#website\"},\"primaryImageOfPage\":{\"@id\":\"https:\\\/\\\/dualgree.com.br\\\/loja\\\/produto\\\/chave-micro-switch-maquina-de-gelo-springer-ice-maker\\\/#primaryimage\"},\"image\":{\"@id\":\"https:\\\/\\\/dualgree.com.br\\\/loja\\\/produto\\\/chave-micro-switch-maquina-de-gelo-springer-ice-maker\\\/#primaryimage\"},\"thumbnailUrl\":\"https:\\\/\\\/dualgree.com.br\\\/loja\\\/wp-content\\\/uploads\\\/2023\\\/12\\\/15225817505_568-microchave-springer.jpg\",\"datePublished\":\"2023-12-14T14:40:03+00:00\",\"dateModified\":\"2026-03-24T16:24:05+00:00\",\"description\":\"Chave Micro Switch Maquina De Gelo Springer Ice Maker\",\"breadcrumb\":{\"@id\":\"https:\\\/\\\/dualgree.com.br\\\/loja\\\/produto\\\/chave-micro-switch-maquina-de-gelo-springer-ice-maker\\\/#breadcrumb\"},\"inLanguage\":\"pt-BR\",\"potentialAction\":[{\"@type\":\"ReadAction\",\"target\":[\"https:\\\/\\\/dualgree.com.br\\\/loja\\\/produto\\\/chave-micro-switch-maquina-de-gelo-springer-ice-maker\\\/\"]}]},{\"@type\":\"ImageObject\",\"inLanguage\":\"pt-BR\",\"@id\":\"https:\\\/\\\/dualgree.com.br\\\/loja\\\/produto\\\/chave-micro-switch-maquina-de-gelo-springer-ice-maker\\\/#primaryimage\",\"url\":\"https:\\\/\\\/dualgree.com.br\\\/loja\\\/wp-content\\\/uploads\\\/2023\\\/12\\\/15225817505_568-microchave-springer.jpg\",\"contentUrl\":\"https:\\\/\\\/dualgree.com.br\\\/loja\\\/wp-content\\\/uploads\\\/2023\\\/12\\\/15225817505_568-microchave-springer.jpg\",\"width\":1200,\"height\":1115},{\"@type\":\"BreadcrumbList\",\"@id\":\"https:\\\/\\\/dualgree.com.br\\\/loja\\\/produto\\\/chave-micro-switch-maquina-de-gelo-springer-ice-maker\\\/#breadcrumb\",\"itemListElement\":[{\"@type\":\"ListItem\",\"position\":1,\"name\":\"In\u00edcio\",\"item\":\"https:\\\/\\\/dualgree.com.br\\\/loja\\\/\"},{\"@type\":\"ListItem\",\"position\":2,\"name\":\"Loja &#8211; Cat\u00e1logo de Pe\u00e7as\",\"item\":\"https:\\\/\\\/dualgree.com.br\\\/loja\\\/\"},{\"@type\":\"ListItem\",\"position\":3,\"name\":\"Chave Micro Switch Maquina De Gelo Springer Ice Maker\"}]},{\"@type\":\"WebSite\",\"@id\":\"https:\\\/\\\/dualgree.com.br\\\/loja\\\/#website\",\"url\":\"https:\\\/\\\/dualgree.com.br\\\/loja\\\/\",\"name\":\"Loja - Dual Gree Servi\u00e7os | Partes e Pe\u00e7as\",\"description\":\"Catalogo de Pe\u00e7as para ar condicionado\",\"publisher\":{\"@id\":\"https:\\\/\\\/dualgree.com.br\\\/loja\\\/#organization\"},\"potentialAction\":[{\"@type\":\"SearchAction\",\"target\":{\"@type\":\"EntryPoint\",\"urlTemplate\":\"https:\\\/\\\/dualgree.com.br\\\/loja\\\/?s={search_term_string}\"},\"query-input\":{\"@type\":\"PropertyValueSpecification\",\"valueRequired\":true,\"valueName\":\"search_term_string\"}}],\"inLanguage\":\"pt-BR\"},{\"@type\":\"Organization\",\"@id\":\"https:\\\/\\\/dualgree.com.br\\\/loja\\\/#organization\",\"name\":\"Loja Dual Gree Servi\u00e7o\",\"url\":\"https:\\\/\\\/dualgree.com.br\\\/loja\\\/\",\"logo\":{\"@type\":\"ImageObject\",\"inLanguage\":\"pt-BR\",\"@id\":\"https:\\\/\\\/dualgree.com.br\\\/loja\\\/#\\\/schema\\\/logo\\\/image\\\/\",\"url\":\"https:\\\/\\\/dualgree.com.br\\\/loja\\\/wp-content\\\/uploads\\\/2024\\\/09\\\/teste-logo-ecommerce-dual-1-e1725909304971.png\",\"contentUrl\":\"https:\\\/\\\/dualgree.com.br\\\/loja\\\/wp-content\\\/uploads\\\/2024\\\/09\\\/teste-logo-ecommerce-dual-1-e1725909304971.png\",\"width\":470,\"height\":157,\"caption\":\"Loja Dual Gree Servi\u00e7o\"},\"image\":{\"@id\":\"https:\\\/\\\/dualgree.com.br\\\/loja\\\/#\\\/schema\\\/logo\\\/image\\\/\"}}]}<\/script>\n<!-- \/ Yoast SEO plugin. -->","yoast_head_json":{"title":"Chave Micro Switch Maquina De Gelo Springer Ice Maker - Loja - Dual Gree Servi\u00e7os | Pe\u00e7as","description":"Chave Micro Switch Maquina De Gelo Springer Ice Maker","robots":{"index":"index","follow":"follow","max-snippet":"max-snippet:-1","max-image-preview":"max-image-preview:large","max-video-preview":"max-video-preview:-1"},"canonical":"https:\/\/dualgree.com.br\/loja\/produto\/chave-micro-switch-maquina-de-gelo-springer-ice-maker\/","og_locale":"pt_BR","og_type":"article","og_title":"Chave Micro Switch Maquina De Gelo Springer Ice Maker - Loja - Dual Gree Servi\u00e7os | Pe\u00e7as","og_description":"Chave Micro Switch Maquina De Gelo Springer Ice Maker","og_url":"https:\/\/dualgree.com.br\/loja\/produto\/chave-micro-switch-maquina-de-gelo-springer-ice-maker\/","og_site_name":"Loja - Dual Gree Servi\u00e7os | Pe\u00e7as","article_modified_time":"2026-03-24T16:24:05+00:00","og_image":[{"width":1420,"height":1319,"url":"https:\/\/dualgree.com.br\/loja\/wp-content\/uploads\/2023\/12\/15225817505_568-microchave-springer.jpg","type":"image\/jpeg"}],"twitter_card":"summary_large_image","twitter_misc":{"Est. tempo de leitura":"1 minuto"},"schema":{"@context":"https:\/\/schema.org","@graph":[{"@type":"WebPage","@id":"https:\/\/dualgree.com.br\/loja\/produto\/chave-micro-switch-maquina-de-gelo-springer-ice-maker\/","url":"https:\/\/dualgree.com.br\/loja\/produto\/chave-micro-switch-maquina-de-gelo-springer-ice-maker\/","name":"Chave Micro Switch Maquina De Gelo Springer Ice Maker - Loja - Dual Gree Servi\u00e7os | Pe\u00e7as","isPartOf":{"@id":"https:\/\/dualgree.com.br\/loja\/#website"},"primaryImageOfPage":{"@id":"https:\/\/dualgree.com.br\/loja\/produto\/chave-micro-switch-maquina-de-gelo-springer-ice-maker\/#primaryimage"},"image":{"@id":"https:\/\/dualgree.com.br\/loja\/produto\/chave-micro-switch-maquina-de-gelo-springer-ice-maker\/#primaryimage"},"thumbnailUrl":"https:\/\/dualgree.com.br\/loja\/wp-content\/uploads\/2023\/12\/15225817505_568-microchave-springer.jpg","datePublished":"2023-12-14T14:40:03+00:00","dateModified":"2026-03-24T16:24:05+00:00","description":"Chave Micro Switch Maquina De Gelo Springer Ice Maker","breadcrumb":{"@id":"https:\/\/dualgree.com.br\/loja\/produto\/chave-micro-switch-maquina-de-gelo-springer-ice-maker\/#breadcrumb"},"inLanguage":"pt-BR","potentialAction":[{"@type":"ReadAction","target":["https:\/\/dualgree.com.br\/loja\/produto\/chave-micro-switch-maquina-de-gelo-springer-ice-maker\/"]}]},{"@type":"ImageObject","inLanguage":"pt-BR","@id":"https:\/\/dualgree.com.br\/loja\/produto\/chave-micro-switch-maquina-de-gelo-springer-ice-maker\/#primaryimage","url":"https:\/\/dualgree.com.br\/loja\/wp-content\/uploads\/2023\/12\/15225817505_568-microchave-springer.jpg","contentUrl":"https:\/\/dualgree.com.br\/loja\/wp-content\/uploads\/2023\/12\/15225817505_568-microchave-springer.jpg","width":1200,"height":1115},{"@type":"BreadcrumbList","@id":"https:\/\/dualgree.com.br\/loja\/produto\/chave-micro-switch-maquina-de-gelo-springer-ice-maker\/#breadcrumb","itemListElement":[{"@type":"ListItem","position":1,"name":"In\u00edcio","item":"https:\/\/dualgree.com.br\/loja\/"},{"@type":"ListItem","position":2,"name":"Loja &#8211; Cat\u00e1logo de Pe\u00e7as","item":"https:\/\/dualgree.com.br\/loja\/"},{"@type":"ListItem","position":3,"name":"Chave Micro Switch Maquina De Gelo Springer Ice Maker"}]},{"@type":"WebSite","@id":"https:\/\/dualgree.com.br\/loja\/#website","url":"https:\/\/dualgree.com.br\/loja\/","name":"Loja - Dual Gree Servi\u00e7os | Partes e Pe\u00e7as","description":"Catalogo de Pe\u00e7as para ar condicionado","publisher":{"@id":"https:\/\/dualgree.com.br\/loja\/#organization"},"potentialAction":[{"@type":"SearchAction","target":{"@type":"EntryPoint","urlTemplate":"https:\/\/dualgree.com.br\/loja\/?s={search_term_string}"},"query-input":{"@type":"PropertyValueSpecification","valueRequired":true,"valueName":"search_term_string"}}],"inLanguage":"pt-BR"},{"@type":"Organization","@id":"https:\/\/dualgree.com.br\/loja\/#organization","name":"Loja Dual Gree Servi\u00e7o","url":"https:\/\/dualgree.com.br\/loja\/","logo":{"@type":"ImageObject","inLanguage":"pt-BR","@id":"https:\/\/dualgree.com.br\/loja\/#\/schema\/logo\/image\/","url":"https:\/\/dualgree.com.br\/loja\/wp-content\/uploads\/2024\/09\/teste-logo-ecommerce-dual-1-e1725909304971.png","contentUrl":"https:\/\/dualgree.com.br\/loja\/wp-content\/uploads\/2024\/09\/teste-logo-ecommerce-dual-1-e1725909304971.png","width":470,"height":157,"caption":"Loja Dual Gree Servi\u00e7o"},"image":{"@id":"https:\/\/dualgree.com.br\/loja\/#\/schema\/logo\/image\/"}}]}},"jetpack_publicize_connections":[],"jetpack_sharing_enabled":true,"jetpack_likes_enabled":true,"_links":{"self":[{"href":"https:\/\/dualgree.com.br\/loja\/wp-json\/wp\/v2\/product\/3147","targetHints":{"allow":["GET"]}}],"collection":[{"href":"https:\/\/dualgree.com.br\/loja\/wp-json\/wp\/v2\/product"}],"about":[{"href":"https:\/\/dualgree.com.br\/loja\/wp-json\/wp\/v2\/types\/product"}],"replies":[{"embeddable":true,"href":"https:\/\/dualgree.com.br\/loja\/wp-json\/wp\/v2\/comments?post=3147"}],"wp:featuredmedia":[{"embeddable":true,"href":"https:\/\/dualgree.com.br\/loja\/wp-json\/wp\/v2\/media\/3146"}],"wp:attachment":[{"href":"https:\/\/dualgree.com.br\/loja\/wp-json\/wp\/v2\/media?parent=3147"}],"wp:term":[{"taxonomy":"product_brand","embeddable":true,"href":"https:\/\/dualgree.com.br\/loja\/wp-json\/wp\/v2\/product_brand?post=3147"},{"taxonomy":"product_cat","embeddable":true,"href":"https:\/\/dualgree.com.br\/loja\/wp-json\/wp\/v2\/product_cat?post=3147"},{"taxonomy":"product_tag","embeddable":true,"href":"https:\/\/dualgree.com.br\/loja\/wp-json\/wp\/v2\/product_tag?post=3147"}],"curies":[{"name":"wp","href":"https:\/\/api.w.org\/{rel}","templated":true}]}}