{"id":3148,"date":"2023-12-14T20:50:26","date_gmt":"2023-12-14T20:50:26","guid":{"rendered":"https:\/\/dualgree.com.br\/loja\/?post_type=product&#038;p=3148"},"modified":"2024-04-01T20:54:06","modified_gmt":"2024-04-01T20:54:06","slug":"conserto-de-placa-da-condensadora-fujitsu-aoba24lat3","status":"publish","type":"product","link":"https:\/\/dualgree.com.br\/loja\/produto\/conserto-de-placa-da-condensadora-fujitsu-aoba24lat3\/","title":{"rendered":"Conserto de Placa da condensadora Fujitsu AOBA24LAT3"},"content":{"rendered":"<p>Conserto de Placa da condensadora Fujitsu AOBA24LAT3<\/p>\n<p>Mais como todo Equipamento de ar condicionado, existe a interferencia externa e provocante, por isso contrate uma assistencia t\u00e9cnica autorizada. Para elaborar o teste correto e eficaz.<\/p>\n<p>Caso n\u00e3o encontre, localize uma Especializada que possua os cursos, que a propria Marca fornece junto com seus revendedores.<\/p>\n<p>Defeitos Comuns:<\/p>\n<p>1 &#8211; Time piscante 3x ou 2x erro de comunica\u00e7\u00e3o<br \/>\n2 &#8211; Duas maquinas funcionam e uma n\u00e3o<\/p>\n<p>Provocante :<br \/>\n&#8211; Verificar cabo PP em curto, Cabo PP imbutido no Ch\u00e3o com emenda em areas molhadas, etc.<\/p>\n<p>Testes :<br \/>\nPassar cabo pp externo, Testar motor ventilador da externa e interna. Testar curto na placa ACTPM601PSG e baixa resistividade no L1 e L2.<\/p>\n<p>Corretiva :<br \/>\nCaso o problema continue, trocar a placa da condensadora. Ou Efetue o Conserto da sua Placa da condensadora Fujitsu AOBA24LAT3.<\/p>\n<p>Suporte em conserto<br \/>\nPlaca da condensadora Fujitsu AOBA30LAT3,<br \/>\nPlaca da condensadora Fujitsu AOBA24LAT3,<br \/>\nPlaca da condensadora Fujitsu AOBG30LAT3,<br \/>\nPlaca da condensadora Fujitsu AOBG24LAT3,<br \/>\nPlaca da condensadora Fujitsu AOBA30LAT4,<br \/>\nPlaca da condensadora Fujitsu AOBA24LAT4,<br \/>\nPlaca da condensadora Fujitsu AOBG30LAT4,<br \/>\nPlaca da condensadora Fujitsu AOBG24LAT4,<\/p>\n<p>Recomenda\u00e7\u00f5es da nossa Oficina :<\/p>\n<p>Para que seja feito o Conserto de Placa da condensadora Fujitsu AOBA24LAT3. Preciso que traga a base inteira conforme as fotos. Tem Duvidas no que trazer entre em contato com nosso Canal de atendimento.<\/p>\n<p>Whatsapp : 112345-5174<\/p>\n<p>!! Prazo de Verifica\u00e7\u00e3o e analise da Placa \u00e9 de At\u00e9 7 dias Dependendo da Demanda.<\/p>\n<p>Lembramos que n\u00e3o damos consultoria !!!!<\/p>\n","protected":false},"excerpt":{"rendered":"<p>Conhe\u00e7a Nossos servi\u00e7os de conserto em placas da Fujitsu. A maior marca de ar condicionado do Brasil.<\/p>\n<p>A Fujitsu possui equipamentos unitarios e multisplits, fornecendo a op\u00e7\u00e3o que o seu ambiente precisa possuir.<\/p>\n<p>Equipamentos super silenciosos, Causando o maior conforto para seu sono, possui o sistema de presen\u00e7a que baixa o consumo de energia. Agradando o bolso no final do m\u00eas.<\/p>\n<p>Mais como todo Equipamento de ar condicionado, existe a interferencia externa e provocante, por isso contrate uma assistencia t\u00e9cnica autorizada. Para elaborar o teste correto e eficaz.<\/p>\n<p>Caso n\u00e3o encontre, localize uma Especializada que possua os cursos, que a propria Marca fornece junto com seus revendedores.<\/p>\n<p>Defeitos Comuns:<\/p>\n<p>1- Time piscante 3x ou 2x erro de comunica\u00e7\u00e3o<\/p>\n<p>Provocante :<br \/>\nVerificar cabo PP em curto, Cabo PP imbutido no Ch\u00e3o com emenda em areas molhadas, etc.<\/p>\n<p>Testes :<br \/>\nPassar cabo pp externo, Testar motor ventilador da externa e interna. Testar curto na placa ACTPM601PSG e baixa resistividade no L1 e L2.<\/p>\n<p>Corretiva :<br \/>\nCaso o problema continue, trocar a placa da condensadora. Ou Efetue o Conserto da sua Placa da condensadora Fujitsu AOBA24LAT3.<\/p>\n","protected":false},"featured_media":3149,"comment_status":"open","ping_status":"closed","template":"","meta":{"_kadence_starter_templates_imported_post":false,"_kad_post_transparent":"","_kad_post_title":"","_kad_post_layout":"","_kad_post_sidebar_id":"","_kad_post_content_style":"","_kad_post_vertical_padding":"","_kad_post_feature":"","_kad_post_feature_position":"","_kad_post_header":false,"_kad_post_footer":false,"jetpack_publicize_message":"","jetpack_publicize_feature_enabled":true,"jetpack_social_post_already_shared":false,"jetpack_social_options":{"image_generator_settings":{"template":"highway","default_image_id":0,"font":"","enabled":false},"version":2}},"product_brand":[],"product_cat":[237,187],"product_tag":[],"class_list":{"0":"post-3148","1":"product","2":"type-product","3":"status-publish","4":"has-post-thumbnail","6":"product_cat-conserto-de-placas-split","7":"product_cat-fujitsu","9":"first","10":"onbackorder","11":"shipping-taxable","12":"product-type-simple","13":"entry","14":"content-bg","15":"loop-entry"},"yoast_head":"<!-- This site is optimized with the Yoast SEO plugin v27.5 - https:\/\/yoast.com\/product\/yoast-seo-wordpress\/ -->\n<title>Conserto de Placa da condensadora Fujitsu AOBA24LAT3 - Loja - Dual Gree Servi\u00e7os | Pe\u00e7as<\/title>\n<meta name=\"description\" content=\"Conserto de Placa da condensadora Fujitsu AOBA24LAT3. Precisa de Conserto Especializado em S\u00e3o Paulo Conhe\u00e7a a Dual Gree Servi\u00e7os.\" \/>\n<meta name=\"robots\" content=\"index, follow, max-snippet:-1, max-image-preview:large, max-video-preview:-1\" \/>\n<link rel=\"canonical\" href=\"https:\/\/dualgree.com.br\/loja\/produto\/conserto-de-placa-da-condensadora-fujitsu-aoba24lat3\/\" \/>\n<meta property=\"og:locale\" content=\"pt_BR\" \/>\n<meta property=\"og:type\" content=\"article\" \/>\n<meta property=\"og:title\" content=\"Conserto de Placa da condensadora Fujitsu AOBA24LAT3 - Loja - Dual Gree Servi\u00e7os | Pe\u00e7as\" \/>\n<meta property=\"og:description\" content=\"Conserto de Placa da condensadora Fujitsu AOBA24LAT3. Precisa de Conserto Especializado em S\u00e3o Paulo Conhe\u00e7a a Dual Gree Servi\u00e7os.\" \/>\n<meta property=\"og:url\" content=\"https:\/\/dualgree.com.br\/loja\/produto\/conserto-de-placa-da-condensadora-fujitsu-aoba24lat3\/\" \/>\n<meta property=\"og:site_name\" content=\"Loja - Dual Gree Servi\u00e7os | Pe\u00e7as\" \/>\n<meta property=\"article:modified_time\" content=\"2024-04-01T20:54:06+00:00\" \/>\n<meta property=\"og:image\" content=\"https:\/\/dualgree.com.br\/loja\/wp-content\/uploads\/2023\/12\/1048-conserto-de-placa-fujitsu-AOBA24LAT3.jpg\" \/>\n\t<meta property=\"og:image:width\" content=\"1280\" \/>\n\t<meta property=\"og:image:height\" content=\"1280\" \/>\n\t<meta property=\"og:image:type\" content=\"image\/jpeg\" \/>\n<meta name=\"twitter:card\" content=\"summary_large_image\" \/>\n<meta name=\"twitter:label1\" content=\"Est. tempo de leitura\" \/>\n\t<meta name=\"twitter:data1\" content=\"2 minutos\" \/>\n<script type=\"application\/ld+json\" class=\"yoast-schema-graph\">{\"@context\":\"https:\\\/\\\/schema.org\",\"@graph\":[{\"@type\":\"WebPage\",\"@id\":\"https:\\\/\\\/dualgree.com.br\\\/loja\\\/produto\\\/conserto-de-placa-da-condensadora-fujitsu-aoba24lat3\\\/\",\"url\":\"https:\\\/\\\/dualgree.com.br\\\/loja\\\/produto\\\/conserto-de-placa-da-condensadora-fujitsu-aoba24lat3\\\/\",\"name\":\"Conserto de Placa da condensadora Fujitsu AOBA24LAT3 - Loja - Dual Gree Servi\u00e7os | Pe\u00e7as\",\"isPartOf\":{\"@id\":\"https:\\\/\\\/dualgree.com.br\\\/loja\\\/#website\"},\"primaryImageOfPage\":{\"@id\":\"https:\\\/\\\/dualgree.com.br\\\/loja\\\/produto\\\/conserto-de-placa-da-condensadora-fujitsu-aoba24lat3\\\/#primaryimage\"},\"image\":{\"@id\":\"https:\\\/\\\/dualgree.com.br\\\/loja\\\/produto\\\/conserto-de-placa-da-condensadora-fujitsu-aoba24lat3\\\/#primaryimage\"},\"thumbnailUrl\":\"https:\\\/\\\/dualgree.com.br\\\/loja\\\/wp-content\\\/uploads\\\/2023\\\/12\\\/1048-conserto-de-placa-fujitsu-AOBA24LAT3.jpg\",\"datePublished\":\"2023-12-14T20:50:26+00:00\",\"dateModified\":\"2024-04-01T20:54:06+00:00\",\"description\":\"Conserto de Placa da condensadora Fujitsu AOBA24LAT3. Precisa de Conserto Especializado em S\u00e3o Paulo Conhe\u00e7a a Dual Gree Servi\u00e7os.\",\"breadcrumb\":{\"@id\":\"https:\\\/\\\/dualgree.com.br\\\/loja\\\/produto\\\/conserto-de-placa-da-condensadora-fujitsu-aoba24lat3\\\/#breadcrumb\"},\"inLanguage\":\"pt-BR\",\"potentialAction\":[{\"@type\":\"ReadAction\",\"target\":[\"https:\\\/\\\/dualgree.com.br\\\/loja\\\/produto\\\/conserto-de-placa-da-condensadora-fujitsu-aoba24lat3\\\/\"]}]},{\"@type\":\"ImageObject\",\"inLanguage\":\"pt-BR\",\"@id\":\"https:\\\/\\\/dualgree.com.br\\\/loja\\\/produto\\\/conserto-de-placa-da-condensadora-fujitsu-aoba24lat3\\\/#primaryimage\",\"url\":\"https:\\\/\\\/dualgree.com.br\\\/loja\\\/wp-content\\\/uploads\\\/2023\\\/12\\\/1048-conserto-de-placa-fujitsu-AOBA24LAT3.jpg\",\"contentUrl\":\"https:\\\/\\\/dualgree.com.br\\\/loja\\\/wp-content\\\/uploads\\\/2023\\\/12\\\/1048-conserto-de-placa-fujitsu-AOBA24LAT3.jpg\",\"width\":1200,\"height\":1200,\"caption\":\"conserto de placa fujitsu-AOBA24LAT3\"},{\"@type\":\"BreadcrumbList\",\"@id\":\"https:\\\/\\\/dualgree.com.br\\\/loja\\\/produto\\\/conserto-de-placa-da-condensadora-fujitsu-aoba24lat3\\\/#breadcrumb\",\"itemListElement\":[{\"@type\":\"ListItem\",\"position\":1,\"name\":\"In\u00edcio\",\"item\":\"https:\\\/\\\/dualgree.com.br\\\/loja\\\/\"},{\"@type\":\"ListItem\",\"position\":2,\"name\":\"Loja &#8211; Cat\u00e1logo de Pe\u00e7as\",\"item\":\"https:\\\/\\\/dualgree.com.br\\\/loja\\\/\"},{\"@type\":\"ListItem\",\"position\":3,\"name\":\"Conserto de Placa da condensadora Fujitsu AOBA24LAT3\"}]},{\"@type\":\"WebSite\",\"@id\":\"https:\\\/\\\/dualgree.com.br\\\/loja\\\/#website\",\"url\":\"https:\\\/\\\/dualgree.com.br\\\/loja\\\/\",\"name\":\"Loja - Dual Gree Servi\u00e7os | Partes e Pe\u00e7as\",\"description\":\"Catalogo de Pe\u00e7as para ar condicionado\",\"publisher\":{\"@id\":\"https:\\\/\\\/dualgree.com.br\\\/loja\\\/#organization\"},\"potentialAction\":[{\"@type\":\"SearchAction\",\"target\":{\"@type\":\"EntryPoint\",\"urlTemplate\":\"https:\\\/\\\/dualgree.com.br\\\/loja\\\/?s={search_term_string}\"},\"query-input\":{\"@type\":\"PropertyValueSpecification\",\"valueRequired\":true,\"valueName\":\"search_term_string\"}}],\"inLanguage\":\"pt-BR\"},{\"@type\":\"Organization\",\"@id\":\"https:\\\/\\\/dualgree.com.br\\\/loja\\\/#organization\",\"name\":\"Loja Dual Gree Servi\u00e7o\",\"url\":\"https:\\\/\\\/dualgree.com.br\\\/loja\\\/\",\"logo\":{\"@type\":\"ImageObject\",\"inLanguage\":\"pt-BR\",\"@id\":\"https:\\\/\\\/dualgree.com.br\\\/loja\\\/#\\\/schema\\\/logo\\\/image\\\/\",\"url\":\"https:\\\/\\\/dualgree.com.br\\\/loja\\\/wp-content\\\/uploads\\\/2024\\\/09\\\/teste-logo-ecommerce-dual-1-e1725909304971.png\",\"contentUrl\":\"https:\\\/\\\/dualgree.com.br\\\/loja\\\/wp-content\\\/uploads\\\/2024\\\/09\\\/teste-logo-ecommerce-dual-1-e1725909304971.png\",\"width\":470,\"height\":157,\"caption\":\"Loja Dual Gree Servi\u00e7o\"},\"image\":{\"@id\":\"https:\\\/\\\/dualgree.com.br\\\/loja\\\/#\\\/schema\\\/logo\\\/image\\\/\"}}]}<\/script>\n<!-- \/ Yoast SEO plugin. -->","yoast_head_json":{"title":"Conserto de Placa da condensadora Fujitsu AOBA24LAT3 - Loja - Dual Gree Servi\u00e7os | Pe\u00e7as","description":"Conserto de Placa da condensadora Fujitsu AOBA24LAT3. Precisa de Conserto Especializado em S\u00e3o Paulo Conhe\u00e7a a Dual Gree Servi\u00e7os.","robots":{"index":"index","follow":"follow","max-snippet":"max-snippet:-1","max-image-preview":"max-image-preview:large","max-video-preview":"max-video-preview:-1"},"canonical":"https:\/\/dualgree.com.br\/loja\/produto\/conserto-de-placa-da-condensadora-fujitsu-aoba24lat3\/","og_locale":"pt_BR","og_type":"article","og_title":"Conserto de Placa da condensadora Fujitsu AOBA24LAT3 - Loja - Dual Gree Servi\u00e7os | Pe\u00e7as","og_description":"Conserto de Placa da condensadora Fujitsu AOBA24LAT3. Precisa de Conserto Especializado em S\u00e3o Paulo Conhe\u00e7a a Dual Gree Servi\u00e7os.","og_url":"https:\/\/dualgree.com.br\/loja\/produto\/conserto-de-placa-da-condensadora-fujitsu-aoba24lat3\/","og_site_name":"Loja - Dual Gree Servi\u00e7os | Pe\u00e7as","article_modified_time":"2024-04-01T20:54:06+00:00","og_image":[{"width":1280,"height":1280,"url":"https:\/\/dualgree.com.br\/loja\/wp-content\/uploads\/2023\/12\/1048-conserto-de-placa-fujitsu-AOBA24LAT3.jpg","type":"image\/jpeg"}],"twitter_card":"summary_large_image","twitter_misc":{"Est. tempo de leitura":"2 minutos"},"schema":{"@context":"https:\/\/schema.org","@graph":[{"@type":"WebPage","@id":"https:\/\/dualgree.com.br\/loja\/produto\/conserto-de-placa-da-condensadora-fujitsu-aoba24lat3\/","url":"https:\/\/dualgree.com.br\/loja\/produto\/conserto-de-placa-da-condensadora-fujitsu-aoba24lat3\/","name":"Conserto de Placa da condensadora Fujitsu AOBA24LAT3 - Loja - Dual Gree Servi\u00e7os | Pe\u00e7as","isPartOf":{"@id":"https:\/\/dualgree.com.br\/loja\/#website"},"primaryImageOfPage":{"@id":"https:\/\/dualgree.com.br\/loja\/produto\/conserto-de-placa-da-condensadora-fujitsu-aoba24lat3\/#primaryimage"},"image":{"@id":"https:\/\/dualgree.com.br\/loja\/produto\/conserto-de-placa-da-condensadora-fujitsu-aoba24lat3\/#primaryimage"},"thumbnailUrl":"https:\/\/dualgree.com.br\/loja\/wp-content\/uploads\/2023\/12\/1048-conserto-de-placa-fujitsu-AOBA24LAT3.jpg","datePublished":"2023-12-14T20:50:26+00:00","dateModified":"2024-04-01T20:54:06+00:00","description":"Conserto de Placa da condensadora Fujitsu AOBA24LAT3. Precisa de Conserto Especializado em S\u00e3o Paulo Conhe\u00e7a a Dual Gree Servi\u00e7os.","breadcrumb":{"@id":"https:\/\/dualgree.com.br\/loja\/produto\/conserto-de-placa-da-condensadora-fujitsu-aoba24lat3\/#breadcrumb"},"inLanguage":"pt-BR","potentialAction":[{"@type":"ReadAction","target":["https:\/\/dualgree.com.br\/loja\/produto\/conserto-de-placa-da-condensadora-fujitsu-aoba24lat3\/"]}]},{"@type":"ImageObject","inLanguage":"pt-BR","@id":"https:\/\/dualgree.com.br\/loja\/produto\/conserto-de-placa-da-condensadora-fujitsu-aoba24lat3\/#primaryimage","url":"https:\/\/dualgree.com.br\/loja\/wp-content\/uploads\/2023\/12\/1048-conserto-de-placa-fujitsu-AOBA24LAT3.jpg","contentUrl":"https:\/\/dualgree.com.br\/loja\/wp-content\/uploads\/2023\/12\/1048-conserto-de-placa-fujitsu-AOBA24LAT3.jpg","width":1200,"height":1200,"caption":"conserto de placa fujitsu-AOBA24LAT3"},{"@type":"BreadcrumbList","@id":"https:\/\/dualgree.com.br\/loja\/produto\/conserto-de-placa-da-condensadora-fujitsu-aoba24lat3\/#breadcrumb","itemListElement":[{"@type":"ListItem","position":1,"name":"In\u00edcio","item":"https:\/\/dualgree.com.br\/loja\/"},{"@type":"ListItem","position":2,"name":"Loja &#8211; Cat\u00e1logo de Pe\u00e7as","item":"https:\/\/dualgree.com.br\/loja\/"},{"@type":"ListItem","position":3,"name":"Conserto de Placa da condensadora Fujitsu AOBA24LAT3"}]},{"@type":"WebSite","@id":"https:\/\/dualgree.com.br\/loja\/#website","url":"https:\/\/dualgree.com.br\/loja\/","name":"Loja - Dual Gree Servi\u00e7os | Partes e Pe\u00e7as","description":"Catalogo de Pe\u00e7as para ar condicionado","publisher":{"@id":"https:\/\/dualgree.com.br\/loja\/#organization"},"potentialAction":[{"@type":"SearchAction","target":{"@type":"EntryPoint","urlTemplate":"https:\/\/dualgree.com.br\/loja\/?s={search_term_string}"},"query-input":{"@type":"PropertyValueSpecification","valueRequired":true,"valueName":"search_term_string"}}],"inLanguage":"pt-BR"},{"@type":"Organization","@id":"https:\/\/dualgree.com.br\/loja\/#organization","name":"Loja Dual Gree Servi\u00e7o","url":"https:\/\/dualgree.com.br\/loja\/","logo":{"@type":"ImageObject","inLanguage":"pt-BR","@id":"https:\/\/dualgree.com.br\/loja\/#\/schema\/logo\/image\/","url":"https:\/\/dualgree.com.br\/loja\/wp-content\/uploads\/2024\/09\/teste-logo-ecommerce-dual-1-e1725909304971.png","contentUrl":"https:\/\/dualgree.com.br\/loja\/wp-content\/uploads\/2024\/09\/teste-logo-ecommerce-dual-1-e1725909304971.png","width":470,"height":157,"caption":"Loja Dual Gree Servi\u00e7o"},"image":{"@id":"https:\/\/dualgree.com.br\/loja\/#\/schema\/logo\/image\/"}}]}},"jetpack_publicize_connections":[],"jetpack_sharing_enabled":true,"jetpack_likes_enabled":true,"_links":{"self":[{"href":"https:\/\/dualgree.com.br\/loja\/wp-json\/wp\/v2\/product\/3148","targetHints":{"allow":["GET"]}}],"collection":[{"href":"https:\/\/dualgree.com.br\/loja\/wp-json\/wp\/v2\/product"}],"about":[{"href":"https:\/\/dualgree.com.br\/loja\/wp-json\/wp\/v2\/types\/product"}],"replies":[{"embeddable":true,"href":"https:\/\/dualgree.com.br\/loja\/wp-json\/wp\/v2\/comments?post=3148"}],"wp:featuredmedia":[{"embeddable":true,"href":"https:\/\/dualgree.com.br\/loja\/wp-json\/wp\/v2\/media\/3149"}],"wp:attachment":[{"href":"https:\/\/dualgree.com.br\/loja\/wp-json\/wp\/v2\/media?parent=3148"}],"wp:term":[{"taxonomy":"product_brand","embeddable":true,"href":"https:\/\/dualgree.com.br\/loja\/wp-json\/wp\/v2\/product_brand?post=3148"},{"taxonomy":"product_cat","embeddable":true,"href":"https:\/\/dualgree.com.br\/loja\/wp-json\/wp\/v2\/product_cat?post=3148"},{"taxonomy":"product_tag","embeddable":true,"href":"https:\/\/dualgree.com.br\/loja\/wp-json\/wp\/v2\/product_tag?post=3148"}],"curies":[{"name":"wp","href":"https:\/\/api.w.org\/{rel}","templated":true}]}}