{"id":3161,"date":"2023-12-20T19:49:44","date_gmt":"2023-12-20T19:49:44","guid":{"rendered":"https:\/\/dualgree.com.br\/loja\/produto\/acj-springer-10000-btus-qci108bb-127v\/"},"modified":"2024-04-01T20:52:48","modified_gmt":"2024-04-01T20:52:48","slug":"ar-condicionado-de-janela-springer-10000-btus-qci108bb-127v","status":"publish","type":"product","link":"https:\/\/dualgree.com.br\/loja\/produto\/ar-condicionado-de-janela-springer-10000-btus-qci108bb-127v\/","title":{"rendered":"Ar condicionado de janela SPRINGER 10000 BTUS QCI108BB 127V"},"content":{"rendered":"","protected":false},"excerpt":{"rendered":"<p>Ar condicionado de janela SPRINGER 10000 BTUS QCI108BB 127V<\/p>\n<p>Produto Reembalado, cont\u00e9m pequenos amassados na lata externa. Funcionamento perfeito! Testado !.<\/p>\n<p><span style=\"color: #000000; font-family: arial, tahoma, verdana, helvetica; font-size: 14.4px; background-color: #ffffff;\">MODELO<\/span><br style=\"color: #000000; font-family: arial, tahoma, verdana, helvetica; font-size: 14.4px; background-color: #ffffff;\" \/><span style=\"color: #000000; font-family: arial, tahoma, verdana, helvetica; font-size: 14.4px; background-color: #ffffff;\">QCI108BB<\/span><br style=\"color: #000000; font-family: arial, tahoma, verdana, helvetica; font-size: 14.4px; background-color: #ffffff;\" \/><span style=\"color: #000000; font-family: arial, tahoma, verdana, helvetica; font-size: 14.4px; background-color: #ffffff;\">Capacidade (BTU\/H) 10.000 BTU\/h<\/span><br style=\"color: #000000; font-family: arial, tahoma, verdana, helvetica; font-size: 14.4px; background-color: #ffffff;\" \/><span style=\"color: #000000; font-family: arial, tahoma, verdana, helvetica; font-size: 14.4px; background-color: #ffffff;\">Ciclo Frio<\/span><br style=\"color: #000000; font-family: arial, tahoma, verdana, helvetica; font-size: 14.4px; background-color: #ffffff;\" \/><span style=\"color: #000000; font-family: arial, tahoma, verdana, helvetica; font-size: 14.4px; background-color: #ffffff;\">Estilo Janela<\/span><br style=\"color: #000000; font-family: arial, tahoma, verdana, helvetica; font-size: 14.4px; background-color: #ffffff;\" \/><span style=\"color: #000000; font-family: arial, tahoma, verdana, helvetica; font-size: 14.4px; background-color: #ffffff;\">Tecnologia Convencional<\/span><br style=\"color: #000000; font-family: arial, tahoma, verdana, helvetica; font-size: 14.4px; background-color: #ffffff;\" \/><span style=\"color: #000000; font-family: arial, tahoma, verdana, helvetica; font-size: 14.4px; background-color: #ffffff;\">Alimenta\u00e7\u00e3o 110V<\/span><br style=\"color: #000000; font-family: arial, tahoma, verdana, helvetica; font-size: 14.4px; background-color: #ffffff;\" \/><span style=\"color: #000000; font-family: arial, tahoma, verdana, helvetica; font-size: 14.4px; background-color: #ffffff;\">Frequ\u00eancia (Hz) 60<\/span><br style=\"color: #000000; font-family: arial, tahoma, verdana, helvetica; font-size: 14.4px; background-color: #ffffff;\" \/><span style=\"color: #000000; font-family: arial, tahoma, verdana, helvetica; font-size: 14.4px; background-color: #ffffff;\">Fase Monof\u00e1sico<\/span><br style=\"color: #000000; font-family: arial, tahoma, verdana, helvetica; font-size: 14.4px; background-color: #ffffff;\" \/><span style=\"color: #000000; font-family: arial, tahoma, verdana, helvetica; font-size: 14.4px; background-color: #ffffff;\">Tens\u00e3o\/Fase 110V\/Monof\u00e1sico<\/span><br style=\"color: #000000; font-family: arial, tahoma, verdana, helvetica; font-size: 14.4px; background-color: #ffffff;\" \/><span style=\"color: #000000; font-family: arial, tahoma, verdana, helvetica; font-size: 14.4px; background-color: #ffffff;\">G\u00e1s Refrigerante R-410A<\/span><br style=\"color: #000000; font-family: arial, tahoma, verdana, helvetica; font-size: 14.4px; background-color: #ffffff;\" \/><span style=\"color: #000000; font-family: arial, tahoma, verdana, helvetica; font-size: 14.4px; background-color: #ffffff;\">Efici\u00eancia Energ\u00e9tica Classifica\u00e7\u00e3o B<\/span><br style=\"color: #000000; font-family: arial, tahoma, verdana, helvetica; font-size: 14.4px; background-color: #ffffff;\" \/><span style=\"color: #000000; font-family: arial, tahoma, verdana, helvetica; font-size: 14.4px; background-color: #ffffff;\">Consumo Aproximado de Energia (kWh\/M\u00eas) 16,25<\/span><br style=\"color: #000000; font-family: arial, tahoma, verdana, helvetica; font-size: 14.4px; background-color: #ffffff;\" \/><span style=\"color: #000000; font-family: arial, tahoma, verdana, helvetica; font-size: 14.4px; background-color: #ffffff;\">Consumo (W) 996<\/span><br style=\"color: #000000; font-family: arial, tahoma, verdana, helvetica; font-size: 14.4px; background-color: #ffffff;\" \/><span style=\"color: #000000; font-family: arial, tahoma, verdana, helvetica; font-size: 14.4px; background-color: #ffffff;\">Corrente (A) 8,65<\/span><br style=\"color: #000000; font-family: arial, tahoma, verdana, helvetica; font-size: 14.4px; background-color: #ffffff;\" \/><span style=\"color: #000000; font-family: arial, tahoma, verdana, helvetica; font-size: 14.4px; background-color: #ffffff;\">Efici\u00eancia Energ\u00e9tica Refrigera\u00e7\u00e3o EER (W\/W) 3,06<\/span><br style=\"color: #000000; font-family: arial, tahoma, verdana, helvetica; font-size: 14.4px; background-color: #ffffff;\" \/><span style=\"color: #000000; font-family: arial, tahoma, verdana, helvetica; font-size: 14.4px; background-color: #ffffff;\">Modelo QCI108BB<\/span><br style=\"color: #000000; font-family: arial, tahoma, verdana, helvetica; font-size: 14.4px; background-color: #ffffff;\" \/><span style=\"color: #000000; font-family: arial, tahoma, verdana, helvetica; font-size: 14.4px; background-color: #ffffff;\">Peso L\u00edquido (kg) 25<\/span><br style=\"color: #000000; font-family: arial, tahoma, verdana, helvetica; font-size: 14.4px; background-color: #ffffff;\" \/><span style=\"color: #000000; font-family: arial, tahoma, verdana, helvetica; font-size: 14.4px; background-color: #ffffff;\">Dimens\u00f5es (LxAxP)mm 460 x 325 x 500<\/span><br style=\"color: #000000; font-family: arial, tahoma, verdana, helvetica; font-size: 14.4px; background-color: #ffffff;\" \/><span style=\"color: #000000; font-family: arial, tahoma, verdana, helvetica; font-size: 14.4px; background-color: #ffffff;\">N\u00edvel de Ru\u00eddo Evaporadora(dBa) 49,5<\/span><br style=\"color: #000000; font-family: arial, tahoma, verdana, helvetica; font-size: 14.4px; background-color: #ffffff;\" \/><span style=\"color: #000000; font-family: arial, tahoma, verdana, helvetica; font-size: 14.4px; background-color: #ffffff;\">Vaz\u00e3o de Ar (m3\/h) 374<\/span><\/p>\n","protected":false},"featured_media":3156,"comment_status":"open","ping_status":"closed","template":"","meta":{"_kadence_starter_templates_imported_post":false,"_kad_post_transparent":"","_kad_post_title":"","_kad_post_layout":"","_kad_post_sidebar_id":"","_kad_post_content_style":"","_kad_post_vertical_padding":"","_kad_post_feature":"","_kad_post_feature_position":"","_kad_post_header":false,"_kad_post_footer":false,"jetpack_publicize_message":"","jetpack_publicize_feature_enabled":true,"jetpack_social_post_already_shared":false,"jetpack_social_options":{"image_generator_settings":{"template":"highway","default_image_id":0,"font":"","enabled":false},"version":2}},"product_brand":[],"product_cat":[179],"product_tag":[],"class_list":{"0":"post-3161","1":"product","2":"type-product","3":"status-publish","4":"has-post-thumbnail","6":"product_cat-springer","8":"first","9":"outofstock","10":"sale","11":"shipping-taxable","12":"purchasable","13":"product-type-simple","14":"entry","15":"content-bg","16":"loop-entry"},"yoast_head":"<!-- This site is optimized with the Yoast SEO plugin v27.5 - https:\/\/yoast.com\/product\/yoast-seo-wordpress\/ -->\n<title>Ar condicionado de janela SPRINGER 10000 BTUS QCI108BB 127V - Loja - Dual Gree Servi\u00e7os | Pe\u00e7as<\/title>\n<meta name=\"description\" content=\"Ar condicionado de janela SPRINGER 10000 BTUS QCI108BB 127V. A vers\u00e3o ideal para economizar na instala\u00e7\u00e3o, efetuar o furo na parede conforme dimens\u00f5es.\" \/>\n<meta name=\"robots\" content=\"index, follow, max-snippet:-1, max-image-preview:large, max-video-preview:-1\" \/>\n<link rel=\"canonical\" href=\"https:\/\/dualgree.com.br\/loja\/produto\/ar-condicionado-de-janela-springer-10000-btus-qci108bb-127v\/\" \/>\n<meta property=\"og:locale\" content=\"pt_BR\" \/>\n<meta property=\"og:type\" content=\"article\" \/>\n<meta property=\"og:title\" content=\"Ar condicionado de janela SPRINGER 10000 BTUS QCI108BB 127V - Loja - Dual Gree Servi\u00e7os | Pe\u00e7as\" \/>\n<meta property=\"og:description\" content=\"Ar condicionado de janela SPRINGER 10000 BTUS QCI108BB 127V. A vers\u00e3o ideal para economizar na instala\u00e7\u00e3o, efetuar o furo na parede conforme dimens\u00f5es.\" \/>\n<meta property=\"og:url\" content=\"https:\/\/dualgree.com.br\/loja\/produto\/ar-condicionado-de-janela-springer-10000-btus-qci108bb-127v\/\" \/>\n<meta property=\"og:site_name\" content=\"Loja - Dual Gree Servi\u00e7os | Pe\u00e7as\" \/>\n<meta property=\"article:modified_time\" content=\"2024-04-01T20:52:48+00:00\" \/>\n<meta property=\"og:image\" content=\"https:\/\/dualgree.com.br\/loja\/wp-content\/uploads\/2023\/12\/15157996744_245e82f8385cb1b59485f1284e258afc.webp\" \/>\n\t<meta property=\"og:image:width\" content=\"1000\" \/>\n\t<meta property=\"og:image:height\" content=\"1000\" \/>\n\t<meta property=\"og:image:type\" content=\"image\/webp\" \/>\n<meta name=\"twitter:card\" content=\"summary_large_image\" \/>\n<meta name=\"twitter:label1\" content=\"Est. tempo de leitura\" \/>\n\t<meta name=\"twitter:data1\" content=\"1 minuto\" \/>\n<script type=\"application\/ld+json\" class=\"yoast-schema-graph\">{\"@context\":\"https:\\\/\\\/schema.org\",\"@graph\":[{\"@type\":\"WebPage\",\"@id\":\"https:\\\/\\\/dualgree.com.br\\\/loja\\\/produto\\\/ar-condicionado-de-janela-springer-10000-btus-qci108bb-127v\\\/\",\"url\":\"https:\\\/\\\/dualgree.com.br\\\/loja\\\/produto\\\/ar-condicionado-de-janela-springer-10000-btus-qci108bb-127v\\\/\",\"name\":\"Ar condicionado de janela SPRINGER 10000 BTUS QCI108BB 127V - Loja - Dual Gree Servi\u00e7os | Pe\u00e7as\",\"isPartOf\":{\"@id\":\"https:\\\/\\\/dualgree.com.br\\\/loja\\\/#website\"},\"primaryImageOfPage\":{\"@id\":\"https:\\\/\\\/dualgree.com.br\\\/loja\\\/produto\\\/ar-condicionado-de-janela-springer-10000-btus-qci108bb-127v\\\/#primaryimage\"},\"image\":{\"@id\":\"https:\\\/\\\/dualgree.com.br\\\/loja\\\/produto\\\/ar-condicionado-de-janela-springer-10000-btus-qci108bb-127v\\\/#primaryimage\"},\"thumbnailUrl\":\"https:\\\/\\\/dualgree.com.br\\\/loja\\\/wp-content\\\/uploads\\\/2023\\\/12\\\/15157996744_245e82f8385cb1b59485f1284e258afc.webp\",\"datePublished\":\"2023-12-20T19:49:44+00:00\",\"dateModified\":\"2024-04-01T20:52:48+00:00\",\"description\":\"Ar condicionado de janela SPRINGER 10000 BTUS QCI108BB 127V. A vers\u00e3o ideal para economizar na instala\u00e7\u00e3o, efetuar o furo na parede conforme dimens\u00f5es.\",\"breadcrumb\":{\"@id\":\"https:\\\/\\\/dualgree.com.br\\\/loja\\\/produto\\\/ar-condicionado-de-janela-springer-10000-btus-qci108bb-127v\\\/#breadcrumb\"},\"inLanguage\":\"pt-BR\",\"potentialAction\":[{\"@type\":\"ReadAction\",\"target\":[\"https:\\\/\\\/dualgree.com.br\\\/loja\\\/produto\\\/ar-condicionado-de-janela-springer-10000-btus-qci108bb-127v\\\/\"]}]},{\"@type\":\"ImageObject\",\"inLanguage\":\"pt-BR\",\"@id\":\"https:\\\/\\\/dualgree.com.br\\\/loja\\\/produto\\\/ar-condicionado-de-janela-springer-10000-btus-qci108bb-127v\\\/#primaryimage\",\"url\":\"https:\\\/\\\/dualgree.com.br\\\/loja\\\/wp-content\\\/uploads\\\/2023\\\/12\\\/15157996744_245e82f8385cb1b59485f1284e258afc.webp\",\"contentUrl\":\"https:\\\/\\\/dualgree.com.br\\\/loja\\\/wp-content\\\/uploads\\\/2023\\\/12\\\/15157996744_245e82f8385cb1b59485f1284e258afc.webp\",\"width\":1000,\"height\":1000},{\"@type\":\"BreadcrumbList\",\"@id\":\"https:\\\/\\\/dualgree.com.br\\\/loja\\\/produto\\\/ar-condicionado-de-janela-springer-10000-btus-qci108bb-127v\\\/#breadcrumb\",\"itemListElement\":[{\"@type\":\"ListItem\",\"position\":1,\"name\":\"In\u00edcio\",\"item\":\"https:\\\/\\\/dualgree.com.br\\\/loja\\\/\"},{\"@type\":\"ListItem\",\"position\":2,\"name\":\"Loja &#8211; Cat\u00e1logo de Pe\u00e7as\",\"item\":\"https:\\\/\\\/dualgree.com.br\\\/loja\\\/\"},{\"@type\":\"ListItem\",\"position\":3,\"name\":\"Ar condicionado de janela SPRINGER 10000 BTUS QCI108BB 127V\"}]},{\"@type\":\"WebSite\",\"@id\":\"https:\\\/\\\/dualgree.com.br\\\/loja\\\/#website\",\"url\":\"https:\\\/\\\/dualgree.com.br\\\/loja\\\/\",\"name\":\"Loja - Dual Gree Servi\u00e7os | Partes e Pe\u00e7as\",\"description\":\"Catalogo de Pe\u00e7as para ar condicionado\",\"publisher\":{\"@id\":\"https:\\\/\\\/dualgree.com.br\\\/loja\\\/#organization\"},\"potentialAction\":[{\"@type\":\"SearchAction\",\"target\":{\"@type\":\"EntryPoint\",\"urlTemplate\":\"https:\\\/\\\/dualgree.com.br\\\/loja\\\/?s={search_term_string}\"},\"query-input\":{\"@type\":\"PropertyValueSpecification\",\"valueRequired\":true,\"valueName\":\"search_term_string\"}}],\"inLanguage\":\"pt-BR\"},{\"@type\":\"Organization\",\"@id\":\"https:\\\/\\\/dualgree.com.br\\\/loja\\\/#organization\",\"name\":\"Loja Dual Gree Servi\u00e7o\",\"url\":\"https:\\\/\\\/dualgree.com.br\\\/loja\\\/\",\"logo\":{\"@type\":\"ImageObject\",\"inLanguage\":\"pt-BR\",\"@id\":\"https:\\\/\\\/dualgree.com.br\\\/loja\\\/#\\\/schema\\\/logo\\\/image\\\/\",\"url\":\"https:\\\/\\\/dualgree.com.br\\\/loja\\\/wp-content\\\/uploads\\\/2024\\\/09\\\/teste-logo-ecommerce-dual-1-e1725909304971.png\",\"contentUrl\":\"https:\\\/\\\/dualgree.com.br\\\/loja\\\/wp-content\\\/uploads\\\/2024\\\/09\\\/teste-logo-ecommerce-dual-1-e1725909304971.png\",\"width\":470,\"height\":157,\"caption\":\"Loja Dual Gree Servi\u00e7o\"},\"image\":{\"@id\":\"https:\\\/\\\/dualgree.com.br\\\/loja\\\/#\\\/schema\\\/logo\\\/image\\\/\"}}]}<\/script>\n<!-- \/ Yoast SEO plugin. -->","yoast_head_json":{"title":"Ar condicionado de janela SPRINGER 10000 BTUS QCI108BB 127V - Loja - Dual Gree Servi\u00e7os | Pe\u00e7as","description":"Ar condicionado de janela SPRINGER 10000 BTUS QCI108BB 127V. A vers\u00e3o ideal para economizar na instala\u00e7\u00e3o, efetuar o furo na parede conforme dimens\u00f5es.","robots":{"index":"index","follow":"follow","max-snippet":"max-snippet:-1","max-image-preview":"max-image-preview:large","max-video-preview":"max-video-preview:-1"},"canonical":"https:\/\/dualgree.com.br\/loja\/produto\/ar-condicionado-de-janela-springer-10000-btus-qci108bb-127v\/","og_locale":"pt_BR","og_type":"article","og_title":"Ar condicionado de janela SPRINGER 10000 BTUS QCI108BB 127V - Loja - Dual Gree Servi\u00e7os | Pe\u00e7as","og_description":"Ar condicionado de janela SPRINGER 10000 BTUS QCI108BB 127V. A vers\u00e3o ideal para economizar na instala\u00e7\u00e3o, efetuar o furo na parede conforme dimens\u00f5es.","og_url":"https:\/\/dualgree.com.br\/loja\/produto\/ar-condicionado-de-janela-springer-10000-btus-qci108bb-127v\/","og_site_name":"Loja - Dual Gree Servi\u00e7os | Pe\u00e7as","article_modified_time":"2024-04-01T20:52:48+00:00","og_image":[{"width":1000,"height":1000,"url":"https:\/\/dualgree.com.br\/loja\/wp-content\/uploads\/2023\/12\/15157996744_245e82f8385cb1b59485f1284e258afc.webp","type":"image\/webp"}],"twitter_card":"summary_large_image","twitter_misc":{"Est. tempo de leitura":"1 minuto"},"schema":{"@context":"https:\/\/schema.org","@graph":[{"@type":"WebPage","@id":"https:\/\/dualgree.com.br\/loja\/produto\/ar-condicionado-de-janela-springer-10000-btus-qci108bb-127v\/","url":"https:\/\/dualgree.com.br\/loja\/produto\/ar-condicionado-de-janela-springer-10000-btus-qci108bb-127v\/","name":"Ar condicionado de janela SPRINGER 10000 BTUS QCI108BB 127V - Loja - Dual Gree Servi\u00e7os | Pe\u00e7as","isPartOf":{"@id":"https:\/\/dualgree.com.br\/loja\/#website"},"primaryImageOfPage":{"@id":"https:\/\/dualgree.com.br\/loja\/produto\/ar-condicionado-de-janela-springer-10000-btus-qci108bb-127v\/#primaryimage"},"image":{"@id":"https:\/\/dualgree.com.br\/loja\/produto\/ar-condicionado-de-janela-springer-10000-btus-qci108bb-127v\/#primaryimage"},"thumbnailUrl":"https:\/\/dualgree.com.br\/loja\/wp-content\/uploads\/2023\/12\/15157996744_245e82f8385cb1b59485f1284e258afc.webp","datePublished":"2023-12-20T19:49:44+00:00","dateModified":"2024-04-01T20:52:48+00:00","description":"Ar condicionado de janela SPRINGER 10000 BTUS QCI108BB 127V. A vers\u00e3o ideal para economizar na instala\u00e7\u00e3o, efetuar o furo na parede conforme dimens\u00f5es.","breadcrumb":{"@id":"https:\/\/dualgree.com.br\/loja\/produto\/ar-condicionado-de-janela-springer-10000-btus-qci108bb-127v\/#breadcrumb"},"inLanguage":"pt-BR","potentialAction":[{"@type":"ReadAction","target":["https:\/\/dualgree.com.br\/loja\/produto\/ar-condicionado-de-janela-springer-10000-btus-qci108bb-127v\/"]}]},{"@type":"ImageObject","inLanguage":"pt-BR","@id":"https:\/\/dualgree.com.br\/loja\/produto\/ar-condicionado-de-janela-springer-10000-btus-qci108bb-127v\/#primaryimage","url":"https:\/\/dualgree.com.br\/loja\/wp-content\/uploads\/2023\/12\/15157996744_245e82f8385cb1b59485f1284e258afc.webp","contentUrl":"https:\/\/dualgree.com.br\/loja\/wp-content\/uploads\/2023\/12\/15157996744_245e82f8385cb1b59485f1284e258afc.webp","width":1000,"height":1000},{"@type":"BreadcrumbList","@id":"https:\/\/dualgree.com.br\/loja\/produto\/ar-condicionado-de-janela-springer-10000-btus-qci108bb-127v\/#breadcrumb","itemListElement":[{"@type":"ListItem","position":1,"name":"In\u00edcio","item":"https:\/\/dualgree.com.br\/loja\/"},{"@type":"ListItem","position":2,"name":"Loja &#8211; Cat\u00e1logo de Pe\u00e7as","item":"https:\/\/dualgree.com.br\/loja\/"},{"@type":"ListItem","position":3,"name":"Ar condicionado de janela SPRINGER 10000 BTUS QCI108BB 127V"}]},{"@type":"WebSite","@id":"https:\/\/dualgree.com.br\/loja\/#website","url":"https:\/\/dualgree.com.br\/loja\/","name":"Loja - Dual Gree Servi\u00e7os | Partes e Pe\u00e7as","description":"Catalogo de Pe\u00e7as para ar condicionado","publisher":{"@id":"https:\/\/dualgree.com.br\/loja\/#organization"},"potentialAction":[{"@type":"SearchAction","target":{"@type":"EntryPoint","urlTemplate":"https:\/\/dualgree.com.br\/loja\/?s={search_term_string}"},"query-input":{"@type":"PropertyValueSpecification","valueRequired":true,"valueName":"search_term_string"}}],"inLanguage":"pt-BR"},{"@type":"Organization","@id":"https:\/\/dualgree.com.br\/loja\/#organization","name":"Loja Dual Gree Servi\u00e7o","url":"https:\/\/dualgree.com.br\/loja\/","logo":{"@type":"ImageObject","inLanguage":"pt-BR","@id":"https:\/\/dualgree.com.br\/loja\/#\/schema\/logo\/image\/","url":"https:\/\/dualgree.com.br\/loja\/wp-content\/uploads\/2024\/09\/teste-logo-ecommerce-dual-1-e1725909304971.png","contentUrl":"https:\/\/dualgree.com.br\/loja\/wp-content\/uploads\/2024\/09\/teste-logo-ecommerce-dual-1-e1725909304971.png","width":470,"height":157,"caption":"Loja Dual Gree Servi\u00e7o"},"image":{"@id":"https:\/\/dualgree.com.br\/loja\/#\/schema\/logo\/image\/"}}]}},"jetpack_publicize_connections":[],"jetpack_sharing_enabled":true,"jetpack_likes_enabled":true,"_links":{"self":[{"href":"https:\/\/dualgree.com.br\/loja\/wp-json\/wp\/v2\/product\/3161","targetHints":{"allow":["GET"]}}],"collection":[{"href":"https:\/\/dualgree.com.br\/loja\/wp-json\/wp\/v2\/product"}],"about":[{"href":"https:\/\/dualgree.com.br\/loja\/wp-json\/wp\/v2\/types\/product"}],"replies":[{"embeddable":true,"href":"https:\/\/dualgree.com.br\/loja\/wp-json\/wp\/v2\/comments?post=3161"}],"wp:featuredmedia":[{"embeddable":true,"href":"https:\/\/dualgree.com.br\/loja\/wp-json\/wp\/v2\/media\/3156"}],"wp:attachment":[{"href":"https:\/\/dualgree.com.br\/loja\/wp-json\/wp\/v2\/media?parent=3161"}],"wp:term":[{"taxonomy":"product_brand","embeddable":true,"href":"https:\/\/dualgree.com.br\/loja\/wp-json\/wp\/v2\/product_brand?post=3161"},{"taxonomy":"product_cat","embeddable":true,"href":"https:\/\/dualgree.com.br\/loja\/wp-json\/wp\/v2\/product_cat?post=3161"},{"taxonomy":"product_tag","embeddable":true,"href":"https:\/\/dualgree.com.br\/loja\/wp-json\/wp\/v2\/product_tag?post=3161"}],"curies":[{"name":"wp","href":"https:\/\/api.w.org\/{rel}","templated":true}]}}