{"id":3190,"date":"2024-01-10T12:16:17","date_gmt":"2024-01-10T12:16:17","guid":{"rendered":"https:\/\/dualgree.com.br\/loja\/produto\/kit-painel-carenagem-bandeja-evaporadora-samsung-as12uwbuxaz\/"},"modified":"2026-03-27T12:25:45","modified_gmt":"2026-03-27T12:25:45","slug":"kit-painel-carenagem-bandeja-evaporadora-samsung-as12uwbuxaz","status":"publish","type":"product","link":"https:\/\/dualgree.com.br\/loja\/produto\/kit-painel-carenagem-bandeja-evaporadora-samsung-as12uwbuxaz\/","title":{"rendered":"Kit Painel Carenagem Bandeja Evaporadora Samsung AS12UWBUNXA..."},"content":{"rendered":"<p>\u00a0<\/p>\n<p>Painel carenagem com tampa e aleta junto com a bandeja de dreno, otima oportunidade de deixa seu ar condicionado Samsung com aparencia de novo.<\/p>\n<p>Aq12UWBUXAZ<\/p>\n<p><span style=\"color: #415161;font-family: Verdana, sans-serif\">AS09UWBUXAZ,<\/span><\/p>\n<h1 style=\"margin: 0px;font-size: 1.5em;font-family: 'Open Sans', verdana, sans-serif;font-weight: normal;line-height: 1.5em;color: #1457af;padding: 0px\">AR09KCFUBWQAZ,<\/h1>\n<p>AS12UWBUXAZ<\/p>\n<p>\u00a0<\/p>\n<p>itens do Kit<\/p>\n<p>\u00a0<\/p>\n<p>1x Painel carenagem.<\/p>\n<p>1x Tampa.<\/p>\n<p>1 x Bandeja de dreno com Aleta defletora.<\/p>\n","protected":false},"excerpt":{"rendered":"<p>\u00a0<\/p>\n<p>Painel carenagem com tampa e aleta junto com a bandeja de dreno, otima oportunidade de deixa seu ar condicionado Samsung com aparencia de novo.<\/p>\n<p>Aq12UWBUXAZ<\/p>\n<p><span style=\"color: #415161;font-family: Verdana, sans-serif\">AS09UWBUXAZ,<\/span><\/p>\n<h1 style=\"margin: 0px;font-size: 1.5em;font-family: 'Open Sans', verdana, sans-serif;font-weight: normal;line-height: 1.5em;color: #1457af;padding: 0px\">AR09KCFUBWQAZ,<\/h1>\n<p>AS12UWBUXAZ<\/p>\n<p>\u00a0<\/p>\n<p>itens do Kit<\/p>\n<p>\u00a0<\/p>\n<p>1x Painel carenagem.<\/p>\n<p>1x Tampa.<\/p>\n<p>1 x Bandeja de dreno com Aleta defletora.<\/p>\n","protected":false},"featured_media":7709,"comment_status":"open","ping_status":"closed","template":"","meta":{"_kadence_starter_templates_imported_post":false,"_kad_post_transparent":"","_kad_post_title":"","_kad_post_layout":"","_kad_post_sidebar_id":"","_kad_post_content_style":"","_kad_post_vertical_padding":"","_kad_post_feature":"","_kad_post_feature_position":"","_kad_post_header":false,"_kad_post_footer":false,"jetpack_publicize_message":"","jetpack_publicize_feature_enabled":true,"jetpack_social_post_already_shared":false,"jetpack_social_options":{"image_generator_settings":{"template":"highway","default_image_id":0,"font":"","enabled":false},"version":2}},"product_brand":[],"product_cat":[172,186],"product_tag":[141,140,139,142],"class_list":{"0":"post-3190","1":"product","2":"type-product","3":"status-publish","4":"has-post-thumbnail","6":"product_cat-painel-carenagem-split","7":"product_cat-samsung","8":"product_tag-painel-carenagem-samsung-12000-btus","9":"product_tag-painel-carenagem-samsung-9000-btus","10":"product_tag-painel-carenagem-samsung-virus-doctor","11":"product_tag-tampa-da-evaporadora-samsung","13":"first","14":"outofstock","15":"sale","16":"shipping-taxable","17":"purchasable","18":"product-type-simple","19":"entry","20":"content-bg","21":"loop-entry"},"yoast_head":"<!-- This site is optimized with the Yoast SEO plugin v27.5 - https:\/\/yoast.com\/product\/yoast-seo-wordpress\/ -->\n<title>Kit Painel Carenagem Bandeja Evaporadora Samsung AS12UWBUNXAZ - Loja - Dual Gree Servi\u00e7os | Pe\u00e7as<\/title>\n<meta name=\"description\" content=\"Painel Carenagem Bandeja Evaporadora Samsung AS12UWBUXAZ, deixe seu ar condicionado com aparencia de novo com esse kit, grande oportunidade.\" \/>\n<meta name=\"robots\" content=\"index, follow, max-snippet:-1, max-image-preview:large, max-video-preview:-1\" \/>\n<link rel=\"canonical\" href=\"https:\/\/dualgree.com.br\/loja\/produto\/kit-painel-carenagem-bandeja-evaporadora-samsung-as12uwbuxaz\/\" \/>\n<meta property=\"og:locale\" content=\"pt_BR\" \/>\n<meta property=\"og:type\" content=\"article\" \/>\n<meta property=\"og:title\" content=\"Kit Painel Carenagem Bandeja Evaporadora Samsung AS12UWBUNXAZ - Loja - Dual Gree Servi\u00e7os | Pe\u00e7as\" \/>\n<meta property=\"og:description\" content=\"Painel Carenagem Bandeja Evaporadora Samsung AS12UWBUXAZ, deixe seu ar condicionado com aparencia de novo com esse kit, grande oportunidade.\" \/>\n<meta property=\"og:url\" content=\"https:\/\/dualgree.com.br\/loja\/produto\/kit-painel-carenagem-bandeja-evaporadora-samsung-as12uwbuxaz\/\" \/>\n<meta property=\"og:site_name\" content=\"Loja - Dual Gree Servi\u00e7os | Pe\u00e7as\" \/>\n<meta property=\"article:modified_time\" content=\"2026-03-27T12:25:45+00:00\" \/>\n<meta property=\"og:image\" content=\"https:\/\/dualgree.com.br\/loja\/wp-content\/uploads\/2024\/10\/15243117702-3169-samsung-painel-bandeja-com-aleta.jpg\" \/>\n\t<meta property=\"og:image:width\" content=\"1200\" \/>\n\t<meta property=\"og:image:height\" content=\"1200\" \/>\n\t<meta property=\"og:image:type\" content=\"image\/jpeg\" \/>\n<meta name=\"twitter:card\" content=\"summary_large_image\" \/>\n<meta name=\"twitter:label1\" content=\"Est. tempo de leitura\" \/>\n\t<meta name=\"twitter:data1\" content=\"1 minuto\" \/>\n<script type=\"application\/ld+json\" class=\"yoast-schema-graph\">{\"@context\":\"https:\\\/\\\/schema.org\",\"@graph\":[{\"@type\":\"WebPage\",\"@id\":\"https:\\\/\\\/dualgree.com.br\\\/loja\\\/produto\\\/kit-painel-carenagem-bandeja-evaporadora-samsung-as12uwbuxaz\\\/\",\"url\":\"https:\\\/\\\/dualgree.com.br\\\/loja\\\/produto\\\/kit-painel-carenagem-bandeja-evaporadora-samsung-as12uwbuxaz\\\/\",\"name\":\"Kit Painel Carenagem Bandeja Evaporadora Samsung AS12UWBUNXAZ - Loja - Dual Gree Servi\u00e7os | Pe\u00e7as\",\"isPartOf\":{\"@id\":\"https:\\\/\\\/dualgree.com.br\\\/loja\\\/#website\"},\"primaryImageOfPage\":{\"@id\":\"https:\\\/\\\/dualgree.com.br\\\/loja\\\/produto\\\/kit-painel-carenagem-bandeja-evaporadora-samsung-as12uwbuxaz\\\/#primaryimage\"},\"image\":{\"@id\":\"https:\\\/\\\/dualgree.com.br\\\/loja\\\/produto\\\/kit-painel-carenagem-bandeja-evaporadora-samsung-as12uwbuxaz\\\/#primaryimage\"},\"thumbnailUrl\":\"https:\\\/\\\/dualgree.com.br\\\/loja\\\/wp-content\\\/uploads\\\/2024\\\/10\\\/15243117702-3169-samsung-painel-bandeja-com-aleta.jpg\",\"datePublished\":\"2024-01-10T12:16:17+00:00\",\"dateModified\":\"2026-03-27T12:25:45+00:00\",\"description\":\"Painel Carenagem Bandeja Evaporadora Samsung AS12UWBUXAZ, deixe seu ar condicionado com aparencia de novo com esse kit, grande oportunidade.\",\"breadcrumb\":{\"@id\":\"https:\\\/\\\/dualgree.com.br\\\/loja\\\/produto\\\/kit-painel-carenagem-bandeja-evaporadora-samsung-as12uwbuxaz\\\/#breadcrumb\"},\"inLanguage\":\"pt-BR\",\"potentialAction\":[{\"@type\":\"ReadAction\",\"target\":[\"https:\\\/\\\/dualgree.com.br\\\/loja\\\/produto\\\/kit-painel-carenagem-bandeja-evaporadora-samsung-as12uwbuxaz\\\/\"]}]},{\"@type\":\"ImageObject\",\"inLanguage\":\"pt-BR\",\"@id\":\"https:\\\/\\\/dualgree.com.br\\\/loja\\\/produto\\\/kit-painel-carenagem-bandeja-evaporadora-samsung-as12uwbuxaz\\\/#primaryimage\",\"url\":\"https:\\\/\\\/dualgree.com.br\\\/loja\\\/wp-content\\\/uploads\\\/2024\\\/10\\\/15243117702-3169-samsung-painel-bandeja-com-aleta.jpg\",\"contentUrl\":\"https:\\\/\\\/dualgree.com.br\\\/loja\\\/wp-content\\\/uploads\\\/2024\\\/10\\\/15243117702-3169-samsung-painel-bandeja-com-aleta.jpg\",\"width\":1200,\"height\":1200},{\"@type\":\"BreadcrumbList\",\"@id\":\"https:\\\/\\\/dualgree.com.br\\\/loja\\\/produto\\\/kit-painel-carenagem-bandeja-evaporadora-samsung-as12uwbuxaz\\\/#breadcrumb\",\"itemListElement\":[{\"@type\":\"ListItem\",\"position\":1,\"name\":\"In\u00edcio\",\"item\":\"https:\\\/\\\/dualgree.com.br\\\/loja\\\/\"},{\"@type\":\"ListItem\",\"position\":2,\"name\":\"Loja &#8211; Cat\u00e1logo de Pe\u00e7as\",\"item\":\"https:\\\/\\\/dualgree.com.br\\\/loja\\\/\"},{\"@type\":\"ListItem\",\"position\":3,\"name\":\"Kit Painel Carenagem Bandeja Evaporadora Samsung AS12UWBUNXA...\"}]},{\"@type\":\"WebSite\",\"@id\":\"https:\\\/\\\/dualgree.com.br\\\/loja\\\/#website\",\"url\":\"https:\\\/\\\/dualgree.com.br\\\/loja\\\/\",\"name\":\"Loja - Dual Gree Servi\u00e7os | Partes e Pe\u00e7as\",\"description\":\"Catalogo de Pe\u00e7as para ar condicionado\",\"publisher\":{\"@id\":\"https:\\\/\\\/dualgree.com.br\\\/loja\\\/#organization\"},\"potentialAction\":[{\"@type\":\"SearchAction\",\"target\":{\"@type\":\"EntryPoint\",\"urlTemplate\":\"https:\\\/\\\/dualgree.com.br\\\/loja\\\/?s={search_term_string}\"},\"query-input\":{\"@type\":\"PropertyValueSpecification\",\"valueRequired\":true,\"valueName\":\"search_term_string\"}}],\"inLanguage\":\"pt-BR\"},{\"@type\":\"Organization\",\"@id\":\"https:\\\/\\\/dualgree.com.br\\\/loja\\\/#organization\",\"name\":\"Loja Dual Gree Servi\u00e7o\",\"url\":\"https:\\\/\\\/dualgree.com.br\\\/loja\\\/\",\"logo\":{\"@type\":\"ImageObject\",\"inLanguage\":\"pt-BR\",\"@id\":\"https:\\\/\\\/dualgree.com.br\\\/loja\\\/#\\\/schema\\\/logo\\\/image\\\/\",\"url\":\"https:\\\/\\\/dualgree.com.br\\\/loja\\\/wp-content\\\/uploads\\\/2024\\\/09\\\/teste-logo-ecommerce-dual-1-e1725909304971.png\",\"contentUrl\":\"https:\\\/\\\/dualgree.com.br\\\/loja\\\/wp-content\\\/uploads\\\/2024\\\/09\\\/teste-logo-ecommerce-dual-1-e1725909304971.png\",\"width\":470,\"height\":157,\"caption\":\"Loja Dual Gree Servi\u00e7o\"},\"image\":{\"@id\":\"https:\\\/\\\/dualgree.com.br\\\/loja\\\/#\\\/schema\\\/logo\\\/image\\\/\"}}]}<\/script>\n<!-- \/ Yoast SEO plugin. -->","yoast_head_json":{"title":"Kit Painel Carenagem Bandeja Evaporadora Samsung AS12UWBUNXAZ - Loja - Dual Gree Servi\u00e7os | Pe\u00e7as","description":"Painel Carenagem Bandeja Evaporadora Samsung AS12UWBUXAZ, deixe seu ar condicionado com aparencia de novo com esse kit, grande oportunidade.","robots":{"index":"index","follow":"follow","max-snippet":"max-snippet:-1","max-image-preview":"max-image-preview:large","max-video-preview":"max-video-preview:-1"},"canonical":"https:\/\/dualgree.com.br\/loja\/produto\/kit-painel-carenagem-bandeja-evaporadora-samsung-as12uwbuxaz\/","og_locale":"pt_BR","og_type":"article","og_title":"Kit Painel Carenagem Bandeja Evaporadora Samsung AS12UWBUNXAZ - Loja - Dual Gree Servi\u00e7os | Pe\u00e7as","og_description":"Painel Carenagem Bandeja Evaporadora Samsung AS12UWBUXAZ, deixe seu ar condicionado com aparencia de novo com esse kit, grande oportunidade.","og_url":"https:\/\/dualgree.com.br\/loja\/produto\/kit-painel-carenagem-bandeja-evaporadora-samsung-as12uwbuxaz\/","og_site_name":"Loja - Dual Gree Servi\u00e7os | Pe\u00e7as","article_modified_time":"2026-03-27T12:25:45+00:00","og_image":[{"width":1200,"height":1200,"url":"https:\/\/dualgree.com.br\/loja\/wp-content\/uploads\/2024\/10\/15243117702-3169-samsung-painel-bandeja-com-aleta.jpg","type":"image\/jpeg"}],"twitter_card":"summary_large_image","twitter_misc":{"Est. tempo de leitura":"1 minuto"},"schema":{"@context":"https:\/\/schema.org","@graph":[{"@type":"WebPage","@id":"https:\/\/dualgree.com.br\/loja\/produto\/kit-painel-carenagem-bandeja-evaporadora-samsung-as12uwbuxaz\/","url":"https:\/\/dualgree.com.br\/loja\/produto\/kit-painel-carenagem-bandeja-evaporadora-samsung-as12uwbuxaz\/","name":"Kit Painel Carenagem Bandeja Evaporadora Samsung AS12UWBUNXAZ - Loja - Dual Gree Servi\u00e7os | Pe\u00e7as","isPartOf":{"@id":"https:\/\/dualgree.com.br\/loja\/#website"},"primaryImageOfPage":{"@id":"https:\/\/dualgree.com.br\/loja\/produto\/kit-painel-carenagem-bandeja-evaporadora-samsung-as12uwbuxaz\/#primaryimage"},"image":{"@id":"https:\/\/dualgree.com.br\/loja\/produto\/kit-painel-carenagem-bandeja-evaporadora-samsung-as12uwbuxaz\/#primaryimage"},"thumbnailUrl":"https:\/\/dualgree.com.br\/loja\/wp-content\/uploads\/2024\/10\/15243117702-3169-samsung-painel-bandeja-com-aleta.jpg","datePublished":"2024-01-10T12:16:17+00:00","dateModified":"2026-03-27T12:25:45+00:00","description":"Painel Carenagem Bandeja Evaporadora Samsung AS12UWBUXAZ, deixe seu ar condicionado com aparencia de novo com esse kit, grande oportunidade.","breadcrumb":{"@id":"https:\/\/dualgree.com.br\/loja\/produto\/kit-painel-carenagem-bandeja-evaporadora-samsung-as12uwbuxaz\/#breadcrumb"},"inLanguage":"pt-BR","potentialAction":[{"@type":"ReadAction","target":["https:\/\/dualgree.com.br\/loja\/produto\/kit-painel-carenagem-bandeja-evaporadora-samsung-as12uwbuxaz\/"]}]},{"@type":"ImageObject","inLanguage":"pt-BR","@id":"https:\/\/dualgree.com.br\/loja\/produto\/kit-painel-carenagem-bandeja-evaporadora-samsung-as12uwbuxaz\/#primaryimage","url":"https:\/\/dualgree.com.br\/loja\/wp-content\/uploads\/2024\/10\/15243117702-3169-samsung-painel-bandeja-com-aleta.jpg","contentUrl":"https:\/\/dualgree.com.br\/loja\/wp-content\/uploads\/2024\/10\/15243117702-3169-samsung-painel-bandeja-com-aleta.jpg","width":1200,"height":1200},{"@type":"BreadcrumbList","@id":"https:\/\/dualgree.com.br\/loja\/produto\/kit-painel-carenagem-bandeja-evaporadora-samsung-as12uwbuxaz\/#breadcrumb","itemListElement":[{"@type":"ListItem","position":1,"name":"In\u00edcio","item":"https:\/\/dualgree.com.br\/loja\/"},{"@type":"ListItem","position":2,"name":"Loja &#8211; Cat\u00e1logo de Pe\u00e7as","item":"https:\/\/dualgree.com.br\/loja\/"},{"@type":"ListItem","position":3,"name":"Kit Painel Carenagem Bandeja Evaporadora Samsung AS12UWBUNXA..."}]},{"@type":"WebSite","@id":"https:\/\/dualgree.com.br\/loja\/#website","url":"https:\/\/dualgree.com.br\/loja\/","name":"Loja - Dual Gree Servi\u00e7os | Partes e Pe\u00e7as","description":"Catalogo de Pe\u00e7as para ar condicionado","publisher":{"@id":"https:\/\/dualgree.com.br\/loja\/#organization"},"potentialAction":[{"@type":"SearchAction","target":{"@type":"EntryPoint","urlTemplate":"https:\/\/dualgree.com.br\/loja\/?s={search_term_string}"},"query-input":{"@type":"PropertyValueSpecification","valueRequired":true,"valueName":"search_term_string"}}],"inLanguage":"pt-BR"},{"@type":"Organization","@id":"https:\/\/dualgree.com.br\/loja\/#organization","name":"Loja Dual Gree Servi\u00e7o","url":"https:\/\/dualgree.com.br\/loja\/","logo":{"@type":"ImageObject","inLanguage":"pt-BR","@id":"https:\/\/dualgree.com.br\/loja\/#\/schema\/logo\/image\/","url":"https:\/\/dualgree.com.br\/loja\/wp-content\/uploads\/2024\/09\/teste-logo-ecommerce-dual-1-e1725909304971.png","contentUrl":"https:\/\/dualgree.com.br\/loja\/wp-content\/uploads\/2024\/09\/teste-logo-ecommerce-dual-1-e1725909304971.png","width":470,"height":157,"caption":"Loja Dual Gree Servi\u00e7o"},"image":{"@id":"https:\/\/dualgree.com.br\/loja\/#\/schema\/logo\/image\/"}}]}},"jetpack_publicize_connections":[],"jetpack_sharing_enabled":true,"jetpack_likes_enabled":true,"_links":{"self":[{"href":"https:\/\/dualgree.com.br\/loja\/wp-json\/wp\/v2\/product\/3190","targetHints":{"allow":["GET"]}}],"collection":[{"href":"https:\/\/dualgree.com.br\/loja\/wp-json\/wp\/v2\/product"}],"about":[{"href":"https:\/\/dualgree.com.br\/loja\/wp-json\/wp\/v2\/types\/product"}],"replies":[{"embeddable":true,"href":"https:\/\/dualgree.com.br\/loja\/wp-json\/wp\/v2\/comments?post=3190"}],"wp:featuredmedia":[{"embeddable":true,"href":"https:\/\/dualgree.com.br\/loja\/wp-json\/wp\/v2\/media\/7709"}],"wp:attachment":[{"href":"https:\/\/dualgree.com.br\/loja\/wp-json\/wp\/v2\/media?parent=3190"}],"wp:term":[{"taxonomy":"product_brand","embeddable":true,"href":"https:\/\/dualgree.com.br\/loja\/wp-json\/wp\/v2\/product_brand?post=3190"},{"taxonomy":"product_cat","embeddable":true,"href":"https:\/\/dualgree.com.br\/loja\/wp-json\/wp\/v2\/product_cat?post=3190"},{"taxonomy":"product_tag","embeddable":true,"href":"https:\/\/dualgree.com.br\/loja\/wp-json\/wp\/v2\/product_tag?post=3190"}],"curies":[{"name":"wp","href":"https:\/\/api.w.org\/{rel}","templated":true}]}}