{"id":3399,"date":"2024-01-24T14:52:28","date_gmt":"2024-01-24T14:52:28","guid":{"rendered":"https:\/\/dualgree.com.br\/loja\/produto\/motor-ventilador-evaporadora-ar-condicionado-consul-ra12c\/"},"modified":"2026-03-06T05:59:09","modified_gmt":"2026-03-06T05:59:09","slug":"motor-ventilador-evaporadora-ar-condicionado-consul-ra12c","status":"publish","type":"product","link":"https:\/\/dualgree.com.br\/loja\/produto\/motor-ventilador-evaporadora-ar-condicionado-consul-ra12c\/","title":{"rendered":"Motor ventilador evaporadora ar condicionado consul RA12C"},"content":{"rendered":"<h1 data-i18n=\"Produto:productStepByStep.form.titleNewProduct\"><span style=\"font-family: arial, tahoma, verdana, helvetica\"><span style=\"font-size: 14.72px;font-weight: 400\">DG3809 -Motor ventilador evaporadora ar condicionado consul RA12C<\/span><\/span><\/h1>\n<h1 data-i18n=\"Produto:productStepByStep.form.titleNewProduct\"><span style=\"font-family: arial, tahoma, verdana, helvetica;font-size: 14.72px;font-weight: 400\">Este possui manchas dentro da resina na fabrica\u00e7\u00e3o, somente est\u00e9tica.<\/span><br style=\"font-family: arial, tahoma, verdana, helvetica;font-size: 14.72px;font-weight: 400\" \/><span style=\"font-family: arial, tahoma, verdana, helvetica;font-size: 14.72px;font-weight: 400\">CBV07BBBNA,<\/span><br style=\"font-family: arial, tahoma, verdana, helvetica;font-size: 14.72px;font-weight: 400\" \/><span style=\"font-family: arial, tahoma, verdana, helvetica;font-size: 14.72px;font-weight: 400\">CBF07OBBNA,<\/span><br style=\"font-family: arial, tahoma, verdana, helvetica;font-size: 14.72px;font-weight: 400\" \/><span style=\"font-family: arial, tahoma, verdana, helvetica;font-size: 14.72px;font-weight: 400\">CB312BBBNA,<\/span><br style=\"font-family: arial, tahoma, verdana, helvetica;font-size: 14.72px;font-weight: 400\" \/><span style=\"font-family: arial, tahoma, verdana, helvetica;font-size: 14.72px;font-weight: 400\">CB312CBBNA,<\/span><br style=\"font-family: arial, tahoma, verdana, helvetica;font-size: 14.72px;font-weight: 400\" \/><span style=\"font-family: arial, tahoma, verdana, helvetica;font-size: 14.72px;font-weight: 400\">CBC09ABBNA,<\/span><br style=\"font-family: arial, tahoma, verdana, helvetica;font-size: 14.72px;font-weight: 400\" \/><span style=\"font-family: arial, tahoma, verdana, helvetica;font-size: 14.72px;font-weight: 400\">CBC12ABBNA,<\/span><br style=\"font-family: arial, tahoma, verdana, helvetica;font-size: 14.72px;font-weight: 400\" \/><span style=\"font-family: arial, tahoma, verdana, helvetica;font-size: 14.72px;font-weight: 400\">BBF12BBBNA,<\/span><br style=\"font-family: arial, tahoma, verdana, helvetica;font-size: 14.72px;font-weight: 400\" \/><span style=\"font-family: arial, tahoma, verdana, helvetica;font-size: 14.72px;font-weight: 400\">CBV12ABBNA,<\/span><br style=\"font-family: arial, tahoma, verdana, helvetica;font-size: 14.72px;font-weight: 400\" \/><br style=\"font-family: arial, tahoma, verdana, helvetica;font-size: 14.72px;font-weight: 400\" \/><span style=\"font-family: arial, tahoma, verdana, helvetica;font-size: 14.72px;font-weight: 400\">Este motor \u00e9 responsavel de rotacionar a turbina de ventila\u00e7\u00e3o<\/span><br style=\"font-family: arial, tahoma, verdana, helvetica;font-size: 14.72px;font-weight: 400\" \/><br style=\"font-family: arial, tahoma, verdana, helvetica;font-size: 14.72px;font-weight: 400\" \/><span style=\"font-family: arial, tahoma, verdana, helvetica;font-size: 14.72px;font-weight: 400\">modelo deste motor DIBAY e RPG12X<\/span><br style=\"font-family: arial, tahoma, verdana, helvetica;font-size: 14.72px;font-weight: 400\" \/><span style=\"font-family: arial, tahoma, verdana, helvetica;font-size: 14.72px;font-weight: 400\">DG13G1-05<\/span><br style=\"font-family: arial, tahoma, verdana, helvetica;font-size: 14.72px;font-weight: 400\" \/><span style=\"font-family: arial, tahoma, verdana, helvetica;font-size: 14.72px;font-weight: 400\">DG13g1-10 RPG12x-7 1.2Uf 12w 0,20A<\/span><br style=\"font-family: arial, tahoma, verdana, helvetica;font-size: 14.72px;font-weight: 400\" \/><br style=\"font-family: arial, tahoma, verdana, helvetica;font-size: 14.72px;font-weight: 400\" \/><span style=\"font-family: arial, tahoma, verdana, helvetica;font-size: 14.72px;font-weight: 400\">Aten\u00e7\u00e3o o fio azul \u00e9 no pino 3. confira o seu antes de comprar<\/span><\/h1>\n<p>\u00a0<\/p>\n<p><span style=\"font-family: arial, tahoma, verdana, helvetica;font-size: 14.72px\">Cbf07OBBNA<\/span><\/p>\n<p><br style=\"font-family: arial, tahoma, verdana, helvetica;font-size: 14.72px\" \/><span style=\"font-family: arial, tahoma, verdana, helvetica;font-size: 14.72px\">Dg13g1-05<\/span><br style=\"font-family: arial, tahoma, verdana, helvetica;font-size: 14.72px\" \/><span style=\"font-family: arial, tahoma, verdana, helvetica;font-size: 14.72px\">12w 0.20a<\/span><br style=\"font-family: arial, tahoma, verdana, helvetica;font-size: 14.72px\" \/><span style=\"font-family: arial, tahoma, verdana, helvetica;font-size: 14.72px\">1.2uf<\/span><\/p>\n","protected":false},"excerpt":{"rendered":"<p>DG3809 -Motor ventilador evaporadora ar condicionado consul RA12C Este possui manchas dentro da resina na fabrica\u00e7\u00e3o, somente est\u00e9tica.CBV07BBBNA,CBF07OBBNA,CB312BBBNA,CB312CBBNA,CBC09ABBNA,CBC12ABBNA,BBF12BBBNA,CBV12ABBNA,Este motor \u00e9 responsavel de rotacionar a turbina de ventila\u00e7\u00e3omodelo deste motor DIBAY e RPG12XDG13G1-05DG13g1-10 RPG12x-7 1.2Uf 12w 0,20AAten\u00e7\u00e3o o fio azul \u00e9 no pino 3. confira o seu antes de comprar \u00a0 Cbf07OBBNA Dg13g1-0512w 0.20a1.2uf<\/p>\n","protected":false},"featured_media":13653,"comment_status":"open","ping_status":"closed","template":"","meta":{"_kadence_starter_templates_imported_post":false,"_kad_post_transparent":"default","_kad_post_title":"","_kad_post_layout":"default","_kad_post_sidebar_id":"","_kad_post_content_style":"default","_kad_post_vertical_padding":"default","_kad_post_feature":"","_kad_post_feature_position":"","_kad_post_header":false,"_kad_post_footer":false,"jetpack_publicize_message":"","jetpack_publicize_feature_enabled":true,"jetpack_social_post_already_shared":false,"jetpack_social_options":{"image_generator_settings":{"template":"highway","default_image_id":0,"font":"","enabled":false},"version":2}},"product_brand":[],"product_cat":[213],"product_tag":[],"class_list":{"0":"post-3399","1":"product","2":"type-product","3":"status-publish","4":"has-post-thumbnail","6":"product_cat-motor-da-evaporadora-split","8":"first","9":"instock","10":"shipping-taxable","11":"purchasable","12":"product-type-simple","13":"entry","14":"content-bg","15":"loop-entry"},"yoast_head":"<!-- This site is optimized with the Yoast SEO plugin v27.5 - https:\/\/yoast.com\/product\/yoast-seo-wordpress\/ -->\n<title>Motor ventilador evaporadora ar condicionado consul RA12C - Loja - Dual Gree Servi\u00e7os | Pe\u00e7as<\/title>\n<meta name=\"robots\" content=\"index, follow, max-snippet:-1, max-image-preview:large, max-video-preview:-1\" \/>\n<link rel=\"canonical\" href=\"https:\/\/dualgree.com.br\/loja\/produto\/motor-ventilador-evaporadora-ar-condicionado-consul-ra12c\/\" \/>\n<meta property=\"og:locale\" content=\"pt_BR\" \/>\n<meta property=\"og:type\" content=\"article\" \/>\n<meta property=\"og:title\" content=\"Motor ventilador evaporadora ar condicionado consul RA12C - Loja - Dual Gree Servi\u00e7os | Pe\u00e7as\" \/>\n<meta property=\"og:description\" content=\"DG3809 -Motor ventilador evaporadora ar condicionado consul RA12C Este possui manchas dentro da resina na fabrica\u00e7\u00e3o, somente est\u00e9tica.CBV07BBBNA,CBF07OBBNA,CB312BBBNA,CB312CBBNA,CBC09ABBNA,CBC12ABBNA,BBF12BBBNA,CBV12ABBNA,Este motor \u00e9 responsavel de rotacionar a turbina de ventila\u00e7\u00e3omodelo deste motor DIBAY e RPG12XDG13G1-05DG13g1-10 RPG12x-7 1.2Uf 12w 0,20AAten\u00e7\u00e3o o fio azul \u00e9 no pino 3. confira o seu antes de comprar \u00a0 Cbf07OBBNA Dg13g1-0512w 0.20a1.2uf\" \/>\n<meta property=\"og:url\" content=\"https:\/\/dualgree.com.br\/loja\/produto\/motor-ventilador-evaporadora-ar-condicionado-consul-ra12c\/\" \/>\n<meta property=\"og:site_name\" content=\"Loja - Dual Gree Servi\u00e7os | Pe\u00e7as\" \/>\n<meta property=\"article:modified_time\" content=\"2026-03-06T05:59:09+00:00\" \/>\n<meta property=\"og:image\" content=\"https:\/\/dualgree.com.br\/loja\/wp-content\/uploads\/2025\/08\/15246935980-3809-motor-ventilador-evaporadora-consul-ra12c.webp\" \/>\n\t<meta property=\"og:image:width\" content=\"1280\" \/>\n\t<meta property=\"og:image:height\" content=\"1280\" \/>\n\t<meta property=\"og:image:type\" content=\"image\/jpeg\" \/>\n<meta name=\"twitter:card\" content=\"summary_large_image\" \/>\n<meta name=\"twitter:label1\" content=\"Est. tempo de leitura\" \/>\n\t<meta name=\"twitter:data1\" content=\"1 minuto\" \/>\n<script type=\"application\/ld+json\" class=\"yoast-schema-graph\">{\"@context\":\"https:\\\/\\\/schema.org\",\"@graph\":[{\"@type\":\"WebPage\",\"@id\":\"https:\\\/\\\/dualgree.com.br\\\/loja\\\/produto\\\/motor-ventilador-evaporadora-ar-condicionado-consul-ra12c\\\/\",\"url\":\"https:\\\/\\\/dualgree.com.br\\\/loja\\\/produto\\\/motor-ventilador-evaporadora-ar-condicionado-consul-ra12c\\\/\",\"name\":\"Motor ventilador evaporadora ar condicionado consul RA12C - Loja - Dual Gree Servi\u00e7os | Pe\u00e7as\",\"isPartOf\":{\"@id\":\"https:\\\/\\\/dualgree.com.br\\\/loja\\\/#website\"},\"primaryImageOfPage\":{\"@id\":\"https:\\\/\\\/dualgree.com.br\\\/loja\\\/produto\\\/motor-ventilador-evaporadora-ar-condicionado-consul-ra12c\\\/#primaryimage\"},\"image\":{\"@id\":\"https:\\\/\\\/dualgree.com.br\\\/loja\\\/produto\\\/motor-ventilador-evaporadora-ar-condicionado-consul-ra12c\\\/#primaryimage\"},\"thumbnailUrl\":\"https:\\\/\\\/dualgree.com.br\\\/loja\\\/wp-content\\\/uploads\\\/2026\\\/01\\\/15246935980-3809-motor-ventilador-evaporadora-consul-ra12c.webp\",\"datePublished\":\"2024-01-24T14:52:28+00:00\",\"dateModified\":\"2026-03-06T05:59:09+00:00\",\"breadcrumb\":{\"@id\":\"https:\\\/\\\/dualgree.com.br\\\/loja\\\/produto\\\/motor-ventilador-evaporadora-ar-condicionado-consul-ra12c\\\/#breadcrumb\"},\"inLanguage\":\"pt-BR\",\"potentialAction\":[{\"@type\":\"ReadAction\",\"target\":[\"https:\\\/\\\/dualgree.com.br\\\/loja\\\/produto\\\/motor-ventilador-evaporadora-ar-condicionado-consul-ra12c\\\/\"]}]},{\"@type\":\"ImageObject\",\"inLanguage\":\"pt-BR\",\"@id\":\"https:\\\/\\\/dualgree.com.br\\\/loja\\\/produto\\\/motor-ventilador-evaporadora-ar-condicionado-consul-ra12c\\\/#primaryimage\",\"url\":\"https:\\\/\\\/dualgree.com.br\\\/loja\\\/wp-content\\\/uploads\\\/2026\\\/01\\\/15246935980-3809-motor-ventilador-evaporadora-consul-ra12c.webp\",\"contentUrl\":\"https:\\\/\\\/dualgree.com.br\\\/loja\\\/wp-content\\\/uploads\\\/2026\\\/01\\\/15246935980-3809-motor-ventilador-evaporadora-consul-ra12c.webp\",\"width\":1280,\"height\":1280},{\"@type\":\"BreadcrumbList\",\"@id\":\"https:\\\/\\\/dualgree.com.br\\\/loja\\\/produto\\\/motor-ventilador-evaporadora-ar-condicionado-consul-ra12c\\\/#breadcrumb\",\"itemListElement\":[{\"@type\":\"ListItem\",\"position\":1,\"name\":\"In\u00edcio\",\"item\":\"https:\\\/\\\/dualgree.com.br\\\/loja\\\/\"},{\"@type\":\"ListItem\",\"position\":2,\"name\":\"Loja &#8211; Cat\u00e1logo de Pe\u00e7as\",\"item\":\"https:\\\/\\\/dualgree.com.br\\\/loja\\\/\"},{\"@type\":\"ListItem\",\"position\":3,\"name\":\"Motor ventilador evaporadora ar condicionado consul RA12C\"}]},{\"@type\":\"WebSite\",\"@id\":\"https:\\\/\\\/dualgree.com.br\\\/loja\\\/#website\",\"url\":\"https:\\\/\\\/dualgree.com.br\\\/loja\\\/\",\"name\":\"Loja - Dual Gree Servi\u00e7os | Partes e Pe\u00e7as\",\"description\":\"Catalogo de Pe\u00e7as para ar condicionado\",\"publisher\":{\"@id\":\"https:\\\/\\\/dualgree.com.br\\\/loja\\\/#organization\"},\"potentialAction\":[{\"@type\":\"SearchAction\",\"target\":{\"@type\":\"EntryPoint\",\"urlTemplate\":\"https:\\\/\\\/dualgree.com.br\\\/loja\\\/?s={search_term_string}\"},\"query-input\":{\"@type\":\"PropertyValueSpecification\",\"valueRequired\":true,\"valueName\":\"search_term_string\"}}],\"inLanguage\":\"pt-BR\"},{\"@type\":\"Organization\",\"@id\":\"https:\\\/\\\/dualgree.com.br\\\/loja\\\/#organization\",\"name\":\"Loja Dual Gree Servi\u00e7o\",\"url\":\"https:\\\/\\\/dualgree.com.br\\\/loja\\\/\",\"logo\":{\"@type\":\"ImageObject\",\"inLanguage\":\"pt-BR\",\"@id\":\"https:\\\/\\\/dualgree.com.br\\\/loja\\\/#\\\/schema\\\/logo\\\/image\\\/\",\"url\":\"https:\\\/\\\/dualgree.com.br\\\/loja\\\/wp-content\\\/uploads\\\/2024\\\/09\\\/teste-logo-ecommerce-dual-1-e1725909304971.png\",\"contentUrl\":\"https:\\\/\\\/dualgree.com.br\\\/loja\\\/wp-content\\\/uploads\\\/2024\\\/09\\\/teste-logo-ecommerce-dual-1-e1725909304971.png\",\"width\":470,\"height\":157,\"caption\":\"Loja Dual Gree Servi\u00e7o\"},\"image\":{\"@id\":\"https:\\\/\\\/dualgree.com.br\\\/loja\\\/#\\\/schema\\\/logo\\\/image\\\/\"}}]}<\/script>\n<!-- \/ Yoast SEO plugin. -->","yoast_head_json":{"title":"Motor ventilador evaporadora ar condicionado consul RA12C - Loja - Dual Gree Servi\u00e7os | Pe\u00e7as","robots":{"index":"index","follow":"follow","max-snippet":"max-snippet:-1","max-image-preview":"max-image-preview:large","max-video-preview":"max-video-preview:-1"},"canonical":"https:\/\/dualgree.com.br\/loja\/produto\/motor-ventilador-evaporadora-ar-condicionado-consul-ra12c\/","og_locale":"pt_BR","og_type":"article","og_title":"Motor ventilador evaporadora ar condicionado consul RA12C - Loja - Dual Gree Servi\u00e7os | Pe\u00e7as","og_description":"DG3809 -Motor ventilador evaporadora ar condicionado consul RA12C Este possui manchas dentro da resina na fabrica\u00e7\u00e3o, somente est\u00e9tica.CBV07BBBNA,CBF07OBBNA,CB312BBBNA,CB312CBBNA,CBC09ABBNA,CBC12ABBNA,BBF12BBBNA,CBV12ABBNA,Este motor \u00e9 responsavel de rotacionar a turbina de ventila\u00e7\u00e3omodelo deste motor DIBAY e RPG12XDG13G1-05DG13g1-10 RPG12x-7 1.2Uf 12w 0,20AAten\u00e7\u00e3o o fio azul \u00e9 no pino 3. confira o seu antes de comprar \u00a0 Cbf07OBBNA Dg13g1-0512w 0.20a1.2uf","og_url":"https:\/\/dualgree.com.br\/loja\/produto\/motor-ventilador-evaporadora-ar-condicionado-consul-ra12c\/","og_site_name":"Loja - Dual Gree Servi\u00e7os | Pe\u00e7as","article_modified_time":"2026-03-06T05:59:09+00:00","og_image":[{"width":1280,"height":1280,"url":"https:\/\/dualgree.com.br\/loja\/wp-content\/uploads\/2025\/08\/15246935980-3809-motor-ventilador-evaporadora-consul-ra12c.webp","type":"image\/jpeg"}],"twitter_card":"summary_large_image","twitter_misc":{"Est. tempo de leitura":"1 minuto"},"schema":{"@context":"https:\/\/schema.org","@graph":[{"@type":"WebPage","@id":"https:\/\/dualgree.com.br\/loja\/produto\/motor-ventilador-evaporadora-ar-condicionado-consul-ra12c\/","url":"https:\/\/dualgree.com.br\/loja\/produto\/motor-ventilador-evaporadora-ar-condicionado-consul-ra12c\/","name":"Motor ventilador evaporadora ar condicionado consul RA12C - Loja - Dual Gree Servi\u00e7os | Pe\u00e7as","isPartOf":{"@id":"https:\/\/dualgree.com.br\/loja\/#website"},"primaryImageOfPage":{"@id":"https:\/\/dualgree.com.br\/loja\/produto\/motor-ventilador-evaporadora-ar-condicionado-consul-ra12c\/#primaryimage"},"image":{"@id":"https:\/\/dualgree.com.br\/loja\/produto\/motor-ventilador-evaporadora-ar-condicionado-consul-ra12c\/#primaryimage"},"thumbnailUrl":"https:\/\/dualgree.com.br\/loja\/wp-content\/uploads\/2026\/01\/15246935980-3809-motor-ventilador-evaporadora-consul-ra12c.webp","datePublished":"2024-01-24T14:52:28+00:00","dateModified":"2026-03-06T05:59:09+00:00","breadcrumb":{"@id":"https:\/\/dualgree.com.br\/loja\/produto\/motor-ventilador-evaporadora-ar-condicionado-consul-ra12c\/#breadcrumb"},"inLanguage":"pt-BR","potentialAction":[{"@type":"ReadAction","target":["https:\/\/dualgree.com.br\/loja\/produto\/motor-ventilador-evaporadora-ar-condicionado-consul-ra12c\/"]}]},{"@type":"ImageObject","inLanguage":"pt-BR","@id":"https:\/\/dualgree.com.br\/loja\/produto\/motor-ventilador-evaporadora-ar-condicionado-consul-ra12c\/#primaryimage","url":"https:\/\/dualgree.com.br\/loja\/wp-content\/uploads\/2026\/01\/15246935980-3809-motor-ventilador-evaporadora-consul-ra12c.webp","contentUrl":"https:\/\/dualgree.com.br\/loja\/wp-content\/uploads\/2026\/01\/15246935980-3809-motor-ventilador-evaporadora-consul-ra12c.webp","width":1280,"height":1280},{"@type":"BreadcrumbList","@id":"https:\/\/dualgree.com.br\/loja\/produto\/motor-ventilador-evaporadora-ar-condicionado-consul-ra12c\/#breadcrumb","itemListElement":[{"@type":"ListItem","position":1,"name":"In\u00edcio","item":"https:\/\/dualgree.com.br\/loja\/"},{"@type":"ListItem","position":2,"name":"Loja &#8211; Cat\u00e1logo de Pe\u00e7as","item":"https:\/\/dualgree.com.br\/loja\/"},{"@type":"ListItem","position":3,"name":"Motor ventilador evaporadora ar condicionado consul RA12C"}]},{"@type":"WebSite","@id":"https:\/\/dualgree.com.br\/loja\/#website","url":"https:\/\/dualgree.com.br\/loja\/","name":"Loja - Dual Gree Servi\u00e7os | Partes e Pe\u00e7as","description":"Catalogo de Pe\u00e7as para ar condicionado","publisher":{"@id":"https:\/\/dualgree.com.br\/loja\/#organization"},"potentialAction":[{"@type":"SearchAction","target":{"@type":"EntryPoint","urlTemplate":"https:\/\/dualgree.com.br\/loja\/?s={search_term_string}"},"query-input":{"@type":"PropertyValueSpecification","valueRequired":true,"valueName":"search_term_string"}}],"inLanguage":"pt-BR"},{"@type":"Organization","@id":"https:\/\/dualgree.com.br\/loja\/#organization","name":"Loja Dual Gree Servi\u00e7o","url":"https:\/\/dualgree.com.br\/loja\/","logo":{"@type":"ImageObject","inLanguage":"pt-BR","@id":"https:\/\/dualgree.com.br\/loja\/#\/schema\/logo\/image\/","url":"https:\/\/dualgree.com.br\/loja\/wp-content\/uploads\/2024\/09\/teste-logo-ecommerce-dual-1-e1725909304971.png","contentUrl":"https:\/\/dualgree.com.br\/loja\/wp-content\/uploads\/2024\/09\/teste-logo-ecommerce-dual-1-e1725909304971.png","width":470,"height":157,"caption":"Loja Dual Gree Servi\u00e7o"},"image":{"@id":"https:\/\/dualgree.com.br\/loja\/#\/schema\/logo\/image\/"}}]}},"jetpack_publicize_connections":[],"jetpack_sharing_enabled":true,"jetpack_likes_enabled":true,"_links":{"self":[{"href":"https:\/\/dualgree.com.br\/loja\/wp-json\/wp\/v2\/product\/3399","targetHints":{"allow":["GET"]}}],"collection":[{"href":"https:\/\/dualgree.com.br\/loja\/wp-json\/wp\/v2\/product"}],"about":[{"href":"https:\/\/dualgree.com.br\/loja\/wp-json\/wp\/v2\/types\/product"}],"replies":[{"embeddable":true,"href":"https:\/\/dualgree.com.br\/loja\/wp-json\/wp\/v2\/comments?post=3399"}],"wp:featuredmedia":[{"embeddable":true,"href":"https:\/\/dualgree.com.br\/loja\/wp-json\/wp\/v2\/media\/13653"}],"wp:attachment":[{"href":"https:\/\/dualgree.com.br\/loja\/wp-json\/wp\/v2\/media?parent=3399"}],"wp:term":[{"taxonomy":"product_brand","embeddable":true,"href":"https:\/\/dualgree.com.br\/loja\/wp-json\/wp\/v2\/product_brand?post=3399"},{"taxonomy":"product_cat","embeddable":true,"href":"https:\/\/dualgree.com.br\/loja\/wp-json\/wp\/v2\/product_cat?post=3399"},{"taxonomy":"product_tag","embeddable":true,"href":"https:\/\/dualgree.com.br\/loja\/wp-json\/wp\/v2\/product_tag?post=3399"}],"curies":[{"name":"wp","href":"https:\/\/api.w.org\/{rel}","templated":true}]}}