{"id":3461,"date":"2024-02-01T12:00:06","date_gmt":"2024-02-01T12:00:06","guid":{"rendered":"https:\/\/dualgree.com.br\/loja\/produto\/placa-display-carrier-piso-teto-space-60-000btu-h-42xqa06051\/"},"modified":"2025-12-07T11:50:14","modified_gmt":"2025-12-07T11:50:14","slug":"placa-display-carrier-piso-teto-space-60-000btu-h-42xqa06051","status":"publish","type":"product","link":"https:\/\/dualgree.com.br\/loja\/produto\/placa-display-carrier-piso-teto-space-60-000btu-h-42xqa06051\/","title":{"rendered":"Placa Display Carrier Piso Teto Space 60.000btu\/h 42XQA06051"},"content":{"rendered":"<p>Placa Display Carrier Piso Teto Space 60.000btu\/h 42xqa06051<\/p>\n","protected":false},"excerpt":{"rendered":"<p>IC1854 &#8211;\u00a0Placa display visor receptora evaporadora piso teto Springer silver max<\/p>\n<p>\u00a0<\/p>\n<p>42xqa06055kc<\/p>\n<p><span style=\"font-family: arial, tahoma, verdana, helvetica;font-size: 14.72px\">PLACA RECEPTORA(DISPLAY) PISO-TETO 18 \/ 24 \/ 36 \/ 48 \/ 60.000 BTU\/H.<\/span><br style=\"font-family: arial, tahoma, verdana, helvetica;font-size: 14.72px\" \/><span style=\"font-family: arial, tahoma, verdana, helvetica;font-size: 14.72px\">Placa Display Carrier Piso Teto Space<\/span><br style=\"font-family: arial, tahoma, verdana, helvetica;font-size: 14.72px\" \/><span style=\"font-family: arial, tahoma, verdana, helvetica;font-size: 14.72px\">MODELOS<\/span><br style=\"font-family: arial, tahoma, verdana, helvetica;font-size: 14.72px\" \/><span style=\"font-family: arial, tahoma, verdana, helvetica;font-size: 14.72px\">42XQA080515KC<\/span><br style=\"font-family: arial, tahoma, verdana, helvetica;font-size: 14.72px\" \/><span style=\"font-family: arial, tahoma, verdana, helvetica;font-size: 14.72px\">42XQA036515KC<\/span><br style=\"font-family: arial, tahoma, verdana, helvetica;font-size: 14.72px\" \/><span style=\"font-family: arial, tahoma, verdana, helvetica;font-size: 14.72px\">42XQA024515KC<\/span><br style=\"font-family: arial, tahoma, verdana, helvetica;font-size: 14.72px\" \/><span style=\"font-family: arial, tahoma, verdana, helvetica;font-size: 14.72px\">42XQA018515KC<\/span><br style=\"font-family: arial, tahoma, verdana, helvetica;font-size: 14.72px\" \/><span style=\"font-family: arial, tahoma, verdana, helvetica;font-size: 14.72px\">42XQA060515KC<\/span><br style=\"font-family: arial, tahoma, verdana, helvetica;font-size: 14.72px\" \/><span style=\"font-family: arial, tahoma, verdana, helvetica;font-size: 14.72px\">42XQA048515KC<\/span><br style=\"font-family: arial, tahoma, verdana, helvetica;font-size: 14.72px\" \/><span style=\"font-family: arial, tahoma, verdana, helvetica;font-size: 14.72px\">42XQA030515KC<\/span><\/p>\n","protected":false},"featured_media":5411,"comment_status":"open","ping_status":"closed","template":"","meta":{"_kadence_starter_templates_imported_post":false,"_kad_post_transparent":"","_kad_post_title":"","_kad_post_layout":"","_kad_post_sidebar_id":"","_kad_post_content_style":"","_kad_post_vertical_padding":"","_kad_post_feature":"","_kad_post_feature_position":"","_kad_post_header":false,"_kad_post_footer":false,"jetpack_publicize_message":"","jetpack_publicize_feature_enabled":true,"jetpack_social_post_already_shared":false,"jetpack_social_options":{"image_generator_settings":{"template":"highway","default_image_id":0,"font":"","enabled":false},"version":2}},"product_brand":[],"product_cat":[177,192],"product_tag":[],"class_list":{"0":"post-3461","1":"product","2":"type-product","3":"status-publish","4":"has-post-thumbnail","6":"product_cat-carrier","7":"product_cat-placa-display-split","9":"first","10":"outofstock","11":"shipping-taxable","12":"purchasable","13":"product-type-simple","14":"entry","15":"content-bg","16":"loop-entry"},"yoast_head":"<!-- This site is optimized with the Yoast SEO plugin v27.5 - https:\/\/yoast.com\/product\/yoast-seo-wordpress\/ -->\n<title>Placa Display Carrier Piso Teto Space 60.000btu\/h 42XQA06051 - Loja - Dual Gree Servi\u00e7os | Pe\u00e7as<\/title>\n<meta name=\"description\" content=\"Placa Display Carrier Piso Teto Space 60.000btu\/h 42xqa06051\" \/>\n<meta name=\"robots\" content=\"index, follow, max-snippet:-1, max-image-preview:large, max-video-preview:-1\" \/>\n<link rel=\"canonical\" href=\"https:\/\/dualgree.com.br\/loja\/produto\/placa-display-carrier-piso-teto-space-60-000btu-h-42xqa06051\/\" \/>\n<meta property=\"og:locale\" content=\"pt_BR\" \/>\n<meta property=\"og:type\" content=\"article\" \/>\n<meta property=\"og:title\" content=\"Placa Display Carrier Piso Teto Space 60.000btu\/h 42XQA06051 - Loja - Dual Gree Servi\u00e7os | Pe\u00e7as\" \/>\n<meta property=\"og:description\" content=\"Placa Display Carrier Piso Teto Space 60.000btu\/h 42xqa06051\" \/>\n<meta property=\"og:url\" content=\"https:\/\/dualgree.com.br\/loja\/produto\/placa-display-carrier-piso-teto-space-60-000btu-h-42xqa06051\/\" \/>\n<meta property=\"og:site_name\" content=\"Loja - Dual Gree Servi\u00e7os | Pe\u00e7as\" \/>\n<meta property=\"article:modified_time\" content=\"2025-12-07T11:50:14+00:00\" \/>\n<meta property=\"og:image\" content=\"https:\/\/dualgree.com.br\/loja\/wp-content\/uploads\/2024\/02\/15248823258_1854-Placa20Display20Carrier20Piso20Teto20Space2060.000btuh2042xqa06051.jpeg\" \/>\n\t<meta property=\"og:image:width\" content=\"1200\" \/>\n\t<meta property=\"og:image:height\" content=\"1200\" \/>\n\t<meta property=\"og:image:type\" content=\"image\/jpeg\" \/>\n<meta name=\"twitter:card\" content=\"summary_large_image\" \/>\n<meta name=\"twitter:label1\" content=\"Est. tempo de leitura\" \/>\n\t<meta name=\"twitter:data1\" content=\"1 minuto\" \/>\n<script type=\"application\/ld+json\" class=\"yoast-schema-graph\">{\"@context\":\"https:\\\/\\\/schema.org\",\"@graph\":[{\"@type\":\"WebPage\",\"@id\":\"https:\\\/\\\/dualgree.com.br\\\/loja\\\/produto\\\/placa-display-carrier-piso-teto-space-60-000btu-h-42xqa06051\\\/\",\"url\":\"https:\\\/\\\/dualgree.com.br\\\/loja\\\/produto\\\/placa-display-carrier-piso-teto-space-60-000btu-h-42xqa06051\\\/\",\"name\":\"Placa Display Carrier Piso Teto Space 60.000btu\\\/h 42XQA06051 - Loja - Dual Gree Servi\u00e7os | Pe\u00e7as\",\"isPartOf\":{\"@id\":\"https:\\\/\\\/dualgree.com.br\\\/loja\\\/#website\"},\"primaryImageOfPage\":{\"@id\":\"https:\\\/\\\/dualgree.com.br\\\/loja\\\/produto\\\/placa-display-carrier-piso-teto-space-60-000btu-h-42xqa06051\\\/#primaryimage\"},\"image\":{\"@id\":\"https:\\\/\\\/dualgree.com.br\\\/loja\\\/produto\\\/placa-display-carrier-piso-teto-space-60-000btu-h-42xqa06051\\\/#primaryimage\"},\"thumbnailUrl\":\"https:\\\/\\\/dualgree.com.br\\\/loja\\\/wp-content\\\/uploads\\\/2024\\\/08\\\/15248823258_1854-Placa20Display20Carrier20Piso20Teto20Space2060.000btuh2042xqa06051.jpeg\",\"datePublished\":\"2024-02-01T12:00:06+00:00\",\"dateModified\":\"2025-12-07T11:50:14+00:00\",\"description\":\"Placa Display Carrier Piso Teto Space 60.000btu\\\/h 42xqa06051\",\"breadcrumb\":{\"@id\":\"https:\\\/\\\/dualgree.com.br\\\/loja\\\/produto\\\/placa-display-carrier-piso-teto-space-60-000btu-h-42xqa06051\\\/#breadcrumb\"},\"inLanguage\":\"pt-BR\",\"potentialAction\":[{\"@type\":\"ReadAction\",\"target\":[\"https:\\\/\\\/dualgree.com.br\\\/loja\\\/produto\\\/placa-display-carrier-piso-teto-space-60-000btu-h-42xqa06051\\\/\"]}]},{\"@type\":\"ImageObject\",\"inLanguage\":\"pt-BR\",\"@id\":\"https:\\\/\\\/dualgree.com.br\\\/loja\\\/produto\\\/placa-display-carrier-piso-teto-space-60-000btu-h-42xqa06051\\\/#primaryimage\",\"url\":\"https:\\\/\\\/dualgree.com.br\\\/loja\\\/wp-content\\\/uploads\\\/2024\\\/08\\\/15248823258_1854-Placa20Display20Carrier20Piso20Teto20Space2060.000btuh2042xqa06051.jpeg\",\"contentUrl\":\"https:\\\/\\\/dualgree.com.br\\\/loja\\\/wp-content\\\/uploads\\\/2024\\\/08\\\/15248823258_1854-Placa20Display20Carrier20Piso20Teto20Space2060.000btuh2042xqa06051.jpeg\",\"width\":1280,\"height\":1280},{\"@type\":\"BreadcrumbList\",\"@id\":\"https:\\\/\\\/dualgree.com.br\\\/loja\\\/produto\\\/placa-display-carrier-piso-teto-space-60-000btu-h-42xqa06051\\\/#breadcrumb\",\"itemListElement\":[{\"@type\":\"ListItem\",\"position\":1,\"name\":\"In\u00edcio\",\"item\":\"https:\\\/\\\/dualgree.com.br\\\/loja\\\/\"},{\"@type\":\"ListItem\",\"position\":2,\"name\":\"Loja &#8211; Cat\u00e1logo de Pe\u00e7as\",\"item\":\"https:\\\/\\\/dualgree.com.br\\\/loja\\\/\"},{\"@type\":\"ListItem\",\"position\":3,\"name\":\"Placa Display Carrier Piso Teto Space 60.000btu\\\/h 42XQA06051\"}]},{\"@type\":\"WebSite\",\"@id\":\"https:\\\/\\\/dualgree.com.br\\\/loja\\\/#website\",\"url\":\"https:\\\/\\\/dualgree.com.br\\\/loja\\\/\",\"name\":\"Loja - Dual Gree Servi\u00e7os | Partes e Pe\u00e7as\",\"description\":\"Catalogo de Pe\u00e7as para ar condicionado\",\"publisher\":{\"@id\":\"https:\\\/\\\/dualgree.com.br\\\/loja\\\/#organization\"},\"potentialAction\":[{\"@type\":\"SearchAction\",\"target\":{\"@type\":\"EntryPoint\",\"urlTemplate\":\"https:\\\/\\\/dualgree.com.br\\\/loja\\\/?s={search_term_string}\"},\"query-input\":{\"@type\":\"PropertyValueSpecification\",\"valueRequired\":true,\"valueName\":\"search_term_string\"}}],\"inLanguage\":\"pt-BR\"},{\"@type\":\"Organization\",\"@id\":\"https:\\\/\\\/dualgree.com.br\\\/loja\\\/#organization\",\"name\":\"Loja Dual Gree Servi\u00e7o\",\"url\":\"https:\\\/\\\/dualgree.com.br\\\/loja\\\/\",\"logo\":{\"@type\":\"ImageObject\",\"inLanguage\":\"pt-BR\",\"@id\":\"https:\\\/\\\/dualgree.com.br\\\/loja\\\/#\\\/schema\\\/logo\\\/image\\\/\",\"url\":\"https:\\\/\\\/dualgree.com.br\\\/loja\\\/wp-content\\\/uploads\\\/2024\\\/09\\\/teste-logo-ecommerce-dual-1-e1725909304971.png\",\"contentUrl\":\"https:\\\/\\\/dualgree.com.br\\\/loja\\\/wp-content\\\/uploads\\\/2024\\\/09\\\/teste-logo-ecommerce-dual-1-e1725909304971.png\",\"width\":470,\"height\":157,\"caption\":\"Loja Dual Gree Servi\u00e7o\"},\"image\":{\"@id\":\"https:\\\/\\\/dualgree.com.br\\\/loja\\\/#\\\/schema\\\/logo\\\/image\\\/\"}}]}<\/script>\n<!-- \/ Yoast SEO plugin. -->","yoast_head_json":{"title":"Placa Display Carrier Piso Teto Space 60.000btu\/h 42XQA06051 - Loja - Dual Gree Servi\u00e7os | Pe\u00e7as","description":"Placa Display Carrier Piso Teto Space 60.000btu\/h 42xqa06051","robots":{"index":"index","follow":"follow","max-snippet":"max-snippet:-1","max-image-preview":"max-image-preview:large","max-video-preview":"max-video-preview:-1"},"canonical":"https:\/\/dualgree.com.br\/loja\/produto\/placa-display-carrier-piso-teto-space-60-000btu-h-42xqa06051\/","og_locale":"pt_BR","og_type":"article","og_title":"Placa Display Carrier Piso Teto Space 60.000btu\/h 42XQA06051 - Loja - Dual Gree Servi\u00e7os | Pe\u00e7as","og_description":"Placa Display Carrier Piso Teto Space 60.000btu\/h 42xqa06051","og_url":"https:\/\/dualgree.com.br\/loja\/produto\/placa-display-carrier-piso-teto-space-60-000btu-h-42xqa06051\/","og_site_name":"Loja - Dual Gree Servi\u00e7os | Pe\u00e7as","article_modified_time":"2025-12-07T11:50:14+00:00","og_image":[{"width":1200,"height":1200,"url":"https:\/\/dualgree.com.br\/loja\/wp-content\/uploads\/2024\/02\/15248823258_1854-Placa20Display20Carrier20Piso20Teto20Space2060.000btuh2042xqa06051.jpeg","type":"image\/jpeg"}],"twitter_card":"summary_large_image","twitter_misc":{"Est. tempo de leitura":"1 minuto"},"schema":{"@context":"https:\/\/schema.org","@graph":[{"@type":"WebPage","@id":"https:\/\/dualgree.com.br\/loja\/produto\/placa-display-carrier-piso-teto-space-60-000btu-h-42xqa06051\/","url":"https:\/\/dualgree.com.br\/loja\/produto\/placa-display-carrier-piso-teto-space-60-000btu-h-42xqa06051\/","name":"Placa Display Carrier Piso Teto Space 60.000btu\/h 42XQA06051 - Loja - Dual Gree Servi\u00e7os | Pe\u00e7as","isPartOf":{"@id":"https:\/\/dualgree.com.br\/loja\/#website"},"primaryImageOfPage":{"@id":"https:\/\/dualgree.com.br\/loja\/produto\/placa-display-carrier-piso-teto-space-60-000btu-h-42xqa06051\/#primaryimage"},"image":{"@id":"https:\/\/dualgree.com.br\/loja\/produto\/placa-display-carrier-piso-teto-space-60-000btu-h-42xqa06051\/#primaryimage"},"thumbnailUrl":"https:\/\/dualgree.com.br\/loja\/wp-content\/uploads\/2024\/08\/15248823258_1854-Placa20Display20Carrier20Piso20Teto20Space2060.000btuh2042xqa06051.jpeg","datePublished":"2024-02-01T12:00:06+00:00","dateModified":"2025-12-07T11:50:14+00:00","description":"Placa Display Carrier Piso Teto Space 60.000btu\/h 42xqa06051","breadcrumb":{"@id":"https:\/\/dualgree.com.br\/loja\/produto\/placa-display-carrier-piso-teto-space-60-000btu-h-42xqa06051\/#breadcrumb"},"inLanguage":"pt-BR","potentialAction":[{"@type":"ReadAction","target":["https:\/\/dualgree.com.br\/loja\/produto\/placa-display-carrier-piso-teto-space-60-000btu-h-42xqa06051\/"]}]},{"@type":"ImageObject","inLanguage":"pt-BR","@id":"https:\/\/dualgree.com.br\/loja\/produto\/placa-display-carrier-piso-teto-space-60-000btu-h-42xqa06051\/#primaryimage","url":"https:\/\/dualgree.com.br\/loja\/wp-content\/uploads\/2024\/08\/15248823258_1854-Placa20Display20Carrier20Piso20Teto20Space2060.000btuh2042xqa06051.jpeg","contentUrl":"https:\/\/dualgree.com.br\/loja\/wp-content\/uploads\/2024\/08\/15248823258_1854-Placa20Display20Carrier20Piso20Teto20Space2060.000btuh2042xqa06051.jpeg","width":1280,"height":1280},{"@type":"BreadcrumbList","@id":"https:\/\/dualgree.com.br\/loja\/produto\/placa-display-carrier-piso-teto-space-60-000btu-h-42xqa06051\/#breadcrumb","itemListElement":[{"@type":"ListItem","position":1,"name":"In\u00edcio","item":"https:\/\/dualgree.com.br\/loja\/"},{"@type":"ListItem","position":2,"name":"Loja &#8211; Cat\u00e1logo de Pe\u00e7as","item":"https:\/\/dualgree.com.br\/loja\/"},{"@type":"ListItem","position":3,"name":"Placa Display Carrier Piso Teto Space 60.000btu\/h 42XQA06051"}]},{"@type":"WebSite","@id":"https:\/\/dualgree.com.br\/loja\/#website","url":"https:\/\/dualgree.com.br\/loja\/","name":"Loja - Dual Gree Servi\u00e7os | Partes e Pe\u00e7as","description":"Catalogo de Pe\u00e7as para ar condicionado","publisher":{"@id":"https:\/\/dualgree.com.br\/loja\/#organization"},"potentialAction":[{"@type":"SearchAction","target":{"@type":"EntryPoint","urlTemplate":"https:\/\/dualgree.com.br\/loja\/?s={search_term_string}"},"query-input":{"@type":"PropertyValueSpecification","valueRequired":true,"valueName":"search_term_string"}}],"inLanguage":"pt-BR"},{"@type":"Organization","@id":"https:\/\/dualgree.com.br\/loja\/#organization","name":"Loja Dual Gree Servi\u00e7o","url":"https:\/\/dualgree.com.br\/loja\/","logo":{"@type":"ImageObject","inLanguage":"pt-BR","@id":"https:\/\/dualgree.com.br\/loja\/#\/schema\/logo\/image\/","url":"https:\/\/dualgree.com.br\/loja\/wp-content\/uploads\/2024\/09\/teste-logo-ecommerce-dual-1-e1725909304971.png","contentUrl":"https:\/\/dualgree.com.br\/loja\/wp-content\/uploads\/2024\/09\/teste-logo-ecommerce-dual-1-e1725909304971.png","width":470,"height":157,"caption":"Loja Dual Gree Servi\u00e7o"},"image":{"@id":"https:\/\/dualgree.com.br\/loja\/#\/schema\/logo\/image\/"}}]}},"jetpack_publicize_connections":[],"jetpack_sharing_enabled":true,"jetpack_likes_enabled":true,"_links":{"self":[{"href":"https:\/\/dualgree.com.br\/loja\/wp-json\/wp\/v2\/product\/3461","targetHints":{"allow":["GET"]}}],"collection":[{"href":"https:\/\/dualgree.com.br\/loja\/wp-json\/wp\/v2\/product"}],"about":[{"href":"https:\/\/dualgree.com.br\/loja\/wp-json\/wp\/v2\/types\/product"}],"replies":[{"embeddable":true,"href":"https:\/\/dualgree.com.br\/loja\/wp-json\/wp\/v2\/comments?post=3461"}],"wp:featuredmedia":[{"embeddable":true,"href":"https:\/\/dualgree.com.br\/loja\/wp-json\/wp\/v2\/media\/5411"}],"wp:attachment":[{"href":"https:\/\/dualgree.com.br\/loja\/wp-json\/wp\/v2\/media?parent=3461"}],"wp:term":[{"taxonomy":"product_brand","embeddable":true,"href":"https:\/\/dualgree.com.br\/loja\/wp-json\/wp\/v2\/product_brand?post=3461"},{"taxonomy":"product_cat","embeddable":true,"href":"https:\/\/dualgree.com.br\/loja\/wp-json\/wp\/v2\/product_cat?post=3461"},{"taxonomy":"product_tag","embeddable":true,"href":"https:\/\/dualgree.com.br\/loja\/wp-json\/wp\/v2\/product_tag?post=3461"}],"curies":[{"name":"wp","href":"https:\/\/api.w.org\/{rel}","templated":true}]}}