{"id":3469,"date":"2024-02-01T13:57:24","date_gmt":"2024-02-01T13:57:24","guid":{"rendered":"https:\/\/dualgree.com.br\/loja\/produto\/sensor-de-degelo-ar-condicionado-split-carrier-piso-teto-42lqb012515lc\/"},"modified":"2024-04-01T18:24:19","modified_gmt":"2024-04-01T18:24:19","slug":"sensor-de-degelo-ar-condicionado-split-carrier-piso-teto-42lqb012515lc","status":"publish","type":"product","link":"https:\/\/dualgree.com.br\/loja\/produto\/sensor-de-degelo-ar-condicionado-split-carrier-piso-teto-42lqb012515lc\/","title":{"rendered":"Sensor De Degelo Ar Condicionado Split Carrier Piso-teto 42L..."},"content":{"rendered":"<p>Sensor De Degelo Ar Condicionado Split Carrier Piso-teto 42LQB012515LC<\/p>\n","protected":false},"excerpt":{"rendered":"<p><span style=\"font-family: arial, tahoma, verdana, helvetica; font-size: 14.72px;\">SENSOR DE DEGELO AR CONDICIONADO SPLIT PISO-TETO CARRIER<\/span><br style=\"font-family: arial, tahoma, verdana, helvetica; font-size: 14.72px;\" \/><br style=\"font-family: arial, tahoma, verdana, helvetica; font-size: 14.72px;\" \/><span style=\"font-family: arial, tahoma, verdana, helvetica; font-size: 14.72px;\">COMPATIVEL COM OS MODELOS<\/span><br style=\"font-family: arial, tahoma, verdana, helvetica; font-size: 14.72px;\" \/><br style=\"font-family: arial, tahoma, verdana, helvetica; font-size: 14.72px;\" \/><span style=\"font-family: arial, tahoma, verdana, helvetica; font-size: 14.72px;\">42LQB012515LC,<\/span><\/p>\n<p><span style=\"font-family: arial, tahoma, verdana, helvetica; font-size: 14.72px;\">42LQB012515LT,<\/span><\/p>\n<p><span style=\"font-family: arial, tahoma, verdana, helvetica; font-size: 14.72px;\">42LQB018515LC,<\/span><\/p>\n<p><span style=\"font-family: arial, tahoma, verdana, helvetica; font-size: 14.72px;\">42LQB018515LT,<\/span><\/p>\n<p><span style=\"font-family: arial, tahoma, verdana, helvetica; font-size: 14.72px;\">42LQB024515LC,<\/span><\/p>\n<p><span style=\"font-family: arial, tahoma, verdana, helvetica; font-size: 14.72px;\">42LQB024515LT,<\/span><\/p>\n<p><span style=\"font-family: arial, tahoma, verdana, helvetica; font-size: 14.72px;\">42LQB030515LC,<\/span><\/p>\n<p><span style=\"font-family: arial, tahoma, verdana, helvetica; font-size: 14.72px;\">42LQB030515LT,<\/span><\/p>\n<p><span style=\"font-family: arial, tahoma, verdana, helvetica; font-size: 14.72px;\">42LQB036515LC,<\/span><\/p>\n<p><span style=\"font-family: arial, tahoma, verdana, helvetica; font-size: 14.72px;\">42LQB036515LT,<\/span><\/p>\n<p><span style=\"font-family: arial, tahoma, verdana, helvetica; font-size: 14.72px;\">42LQB048515LC,<\/span><\/p>\n<p><span style=\"font-family: arial, tahoma, verdana, helvetica; font-size: 14.72px;\">42LQB048515LT,<\/span><\/p>\n<p><span style=\"font-family: arial, tahoma, verdana, helvetica; font-size: 14.72px;\">42LQB060515LC,<\/span><\/p>\n<p><span style=\"font-family: arial, tahoma, verdana, helvetica; font-size: 14.72px;\">42LQB060515LT,<\/span><\/p>\n<p><span style=\"font-family: arial, tahoma, verdana, helvetica; font-size: 14.72px;\">42LQB080515LC,<\/span><\/p>\n<p><span style=\"font-family: arial, tahoma, verdana, helvetica; font-size: 14.72px;\">42LQB080515LT,<\/span><\/p>\n","protected":false},"featured_media":3468,"comment_status":"open","ping_status":"closed","template":"","meta":{"_kadence_starter_templates_imported_post":false,"_kad_post_transparent":"","_kad_post_title":"","_kad_post_layout":"","_kad_post_sidebar_id":"","_kad_post_content_style":"","_kad_post_vertical_padding":"","_kad_post_feature":"","_kad_post_feature_position":"","_kad_post_header":false,"_kad_post_footer":false,"jetpack_publicize_message":"","jetpack_publicize_feature_enabled":true,"jetpack_social_post_already_shared":false,"jetpack_social_options":{"image_generator_settings":{"template":"highway","default_image_id":0,"font":"","enabled":false},"version":2}},"product_brand":[],"product_cat":[177,199,197],"product_tag":[],"class_list":{"0":"post-3469","1":"product","2":"type-product","3":"status-publish","4":"has-post-thumbnail","6":"product_cat-carrier","7":"product_cat-sensor-degelo-evaporadora-split","8":"product_cat-serpentina-evaporadora-split","10":"first","11":"instock","12":"shipping-taxable","13":"purchasable","14":"product-type-simple","15":"entry","16":"content-bg","17":"loop-entry"},"yoast_head":"<!-- This site is optimized with the Yoast SEO plugin v27.5 - https:\/\/yoast.com\/product\/yoast-seo-wordpress\/ -->\n<title>Sensor De Degelo Ar Condicionado Split Carrier Piso-teto 42LQB012515LC - Loja - Dual Gree Servi\u00e7os | Pe\u00e7as<\/title>\n<meta name=\"description\" content=\"Sensor De Degelo Ar Condicionado Split Carrier Piso-teto 42LQB012515LC\" \/>\n<meta name=\"robots\" content=\"index, follow, max-snippet:-1, max-image-preview:large, max-video-preview:-1\" \/>\n<link rel=\"canonical\" href=\"https:\/\/dualgree.com.br\/loja\/produto\/sensor-de-degelo-ar-condicionado-split-carrier-piso-teto-42lqb012515lc\/\" \/>\n<meta property=\"og:locale\" content=\"pt_BR\" \/>\n<meta property=\"og:type\" content=\"article\" \/>\n<meta property=\"og:title\" content=\"Sensor De Degelo Ar Condicionado Split Carrier Piso-teto 42LQB012515LC - Loja - Dual Gree Servi\u00e7os | Pe\u00e7as\" \/>\n<meta property=\"og:description\" content=\"Sensor De Degelo Ar Condicionado Split Carrier Piso-teto 42LQB012515LC\" \/>\n<meta property=\"og:url\" content=\"https:\/\/dualgree.com.br\/loja\/produto\/sensor-de-degelo-ar-condicionado-split-carrier-piso-teto-42lqb012515lc\/\" \/>\n<meta property=\"og:site_name\" content=\"Loja - Dual Gree Servi\u00e7os | Pe\u00e7as\" \/>\n<meta property=\"article:modified_time\" content=\"2024-04-01T18:24:19+00:00\" \/>\n<meta property=\"og:image\" content=\"https:\/\/dualgree.com.br\/loja\/wp-content\/uploads\/2024\/02\/15248857778_1866-1866D_NQ_NP_759743-MLB46679770556_072021-O.jpg\" \/>\n\t<meta property=\"og:image:width\" content=\"1280\" \/>\n\t<meta property=\"og:image:height\" content=\"1280\" \/>\n\t<meta property=\"og:image:type\" content=\"image\/jpeg\" \/>\n<meta name=\"twitter:card\" content=\"summary_large_image\" \/>\n<meta name=\"twitter:label1\" content=\"Est. tempo de leitura\" \/>\n\t<meta name=\"twitter:data1\" content=\"1 minuto\" \/>\n<script type=\"application\/ld+json\" class=\"yoast-schema-graph\">{\"@context\":\"https:\\\/\\\/schema.org\",\"@graph\":[{\"@type\":\"WebPage\",\"@id\":\"https:\\\/\\\/dualgree.com.br\\\/loja\\\/produto\\\/sensor-de-degelo-ar-condicionado-split-carrier-piso-teto-42lqb012515lc\\\/\",\"url\":\"https:\\\/\\\/dualgree.com.br\\\/loja\\\/produto\\\/sensor-de-degelo-ar-condicionado-split-carrier-piso-teto-42lqb012515lc\\\/\",\"name\":\"Sensor De Degelo Ar Condicionado Split Carrier Piso-teto 42LQB012515LC - Loja - Dual Gree Servi\u00e7os | Pe\u00e7as\",\"isPartOf\":{\"@id\":\"https:\\\/\\\/dualgree.com.br\\\/loja\\\/#website\"},\"primaryImageOfPage\":{\"@id\":\"https:\\\/\\\/dualgree.com.br\\\/loja\\\/produto\\\/sensor-de-degelo-ar-condicionado-split-carrier-piso-teto-42lqb012515lc\\\/#primaryimage\"},\"image\":{\"@id\":\"https:\\\/\\\/dualgree.com.br\\\/loja\\\/produto\\\/sensor-de-degelo-ar-condicionado-split-carrier-piso-teto-42lqb012515lc\\\/#primaryimage\"},\"thumbnailUrl\":\"https:\\\/\\\/dualgree.com.br\\\/loja\\\/wp-content\\\/uploads\\\/2024\\\/02\\\/15248857778_1866-1866D_NQ_NP_759743-MLB46679770556_072021-O.jpg\",\"datePublished\":\"2024-02-01T13:57:24+00:00\",\"dateModified\":\"2024-04-01T18:24:19+00:00\",\"description\":\"Sensor De Degelo Ar Condicionado Split Carrier Piso-teto 42LQB012515LC\",\"breadcrumb\":{\"@id\":\"https:\\\/\\\/dualgree.com.br\\\/loja\\\/produto\\\/sensor-de-degelo-ar-condicionado-split-carrier-piso-teto-42lqb012515lc\\\/#breadcrumb\"},\"inLanguage\":\"pt-BR\",\"potentialAction\":[{\"@type\":\"ReadAction\",\"target\":[\"https:\\\/\\\/dualgree.com.br\\\/loja\\\/produto\\\/sensor-de-degelo-ar-condicionado-split-carrier-piso-teto-42lqb012515lc\\\/\"]}]},{\"@type\":\"ImageObject\",\"inLanguage\":\"pt-BR\",\"@id\":\"https:\\\/\\\/dualgree.com.br\\\/loja\\\/produto\\\/sensor-de-degelo-ar-condicionado-split-carrier-piso-teto-42lqb012515lc\\\/#primaryimage\",\"url\":\"https:\\\/\\\/dualgree.com.br\\\/loja\\\/wp-content\\\/uploads\\\/2024\\\/02\\\/15248857778_1866-1866D_NQ_NP_759743-MLB46679770556_072021-O.jpg\",\"contentUrl\":\"https:\\\/\\\/dualgree.com.br\\\/loja\\\/wp-content\\\/uploads\\\/2024\\\/02\\\/15248857778_1866-1866D_NQ_NP_759743-MLB46679770556_072021-O.jpg\",\"width\":1200,\"height\":1200},{\"@type\":\"BreadcrumbList\",\"@id\":\"https:\\\/\\\/dualgree.com.br\\\/loja\\\/produto\\\/sensor-de-degelo-ar-condicionado-split-carrier-piso-teto-42lqb012515lc\\\/#breadcrumb\",\"itemListElement\":[{\"@type\":\"ListItem\",\"position\":1,\"name\":\"In\u00edcio\",\"item\":\"https:\\\/\\\/dualgree.com.br\\\/loja\\\/\"},{\"@type\":\"ListItem\",\"position\":2,\"name\":\"Loja &#8211; Cat\u00e1logo de Pe\u00e7as\",\"item\":\"https:\\\/\\\/dualgree.com.br\\\/loja\\\/\"},{\"@type\":\"ListItem\",\"position\":3,\"name\":\"Sensor De Degelo Ar Condicionado Split Carrier Piso-teto 42LQB012515LC\"}]},{\"@type\":\"WebSite\",\"@id\":\"https:\\\/\\\/dualgree.com.br\\\/loja\\\/#website\",\"url\":\"https:\\\/\\\/dualgree.com.br\\\/loja\\\/\",\"name\":\"Loja - Dual Gree Servi\u00e7os | Partes e Pe\u00e7as\",\"description\":\"Catalogo de Pe\u00e7as para ar condicionado\",\"publisher\":{\"@id\":\"https:\\\/\\\/dualgree.com.br\\\/loja\\\/#organization\"},\"potentialAction\":[{\"@type\":\"SearchAction\",\"target\":{\"@type\":\"EntryPoint\",\"urlTemplate\":\"https:\\\/\\\/dualgree.com.br\\\/loja\\\/?s={search_term_string}\"},\"query-input\":{\"@type\":\"PropertyValueSpecification\",\"valueRequired\":true,\"valueName\":\"search_term_string\"}}],\"inLanguage\":\"pt-BR\"},{\"@type\":\"Organization\",\"@id\":\"https:\\\/\\\/dualgree.com.br\\\/loja\\\/#organization\",\"name\":\"Loja Dual Gree Servi\u00e7o\",\"url\":\"https:\\\/\\\/dualgree.com.br\\\/loja\\\/\",\"logo\":{\"@type\":\"ImageObject\",\"inLanguage\":\"pt-BR\",\"@id\":\"https:\\\/\\\/dualgree.com.br\\\/loja\\\/#\\\/schema\\\/logo\\\/image\\\/\",\"url\":\"https:\\\/\\\/dualgree.com.br\\\/loja\\\/wp-content\\\/uploads\\\/2024\\\/09\\\/teste-logo-ecommerce-dual-1-e1725909304971.png\",\"contentUrl\":\"https:\\\/\\\/dualgree.com.br\\\/loja\\\/wp-content\\\/uploads\\\/2024\\\/09\\\/teste-logo-ecommerce-dual-1-e1725909304971.png\",\"width\":470,\"height\":157,\"caption\":\"Loja Dual Gree Servi\u00e7o\"},\"image\":{\"@id\":\"https:\\\/\\\/dualgree.com.br\\\/loja\\\/#\\\/schema\\\/logo\\\/image\\\/\"}}]}<\/script>\n<!-- \/ Yoast SEO plugin. -->","yoast_head_json":{"title":"Sensor De Degelo Ar Condicionado Split Carrier Piso-teto 42LQB012515LC - Loja - Dual Gree Servi\u00e7os | Pe\u00e7as","description":"Sensor De Degelo Ar Condicionado Split Carrier Piso-teto 42LQB012515LC","robots":{"index":"index","follow":"follow","max-snippet":"max-snippet:-1","max-image-preview":"max-image-preview:large","max-video-preview":"max-video-preview:-1"},"canonical":"https:\/\/dualgree.com.br\/loja\/produto\/sensor-de-degelo-ar-condicionado-split-carrier-piso-teto-42lqb012515lc\/","og_locale":"pt_BR","og_type":"article","og_title":"Sensor De Degelo Ar Condicionado Split Carrier Piso-teto 42LQB012515LC - Loja - Dual Gree Servi\u00e7os | Pe\u00e7as","og_description":"Sensor De Degelo Ar Condicionado Split Carrier Piso-teto 42LQB012515LC","og_url":"https:\/\/dualgree.com.br\/loja\/produto\/sensor-de-degelo-ar-condicionado-split-carrier-piso-teto-42lqb012515lc\/","og_site_name":"Loja - Dual Gree Servi\u00e7os | Pe\u00e7as","article_modified_time":"2024-04-01T18:24:19+00:00","og_image":[{"width":1280,"height":1280,"url":"https:\/\/dualgree.com.br\/loja\/wp-content\/uploads\/2024\/02\/15248857778_1866-1866D_NQ_NP_759743-MLB46679770556_072021-O.jpg","type":"image\/jpeg"}],"twitter_card":"summary_large_image","twitter_misc":{"Est. tempo de leitura":"1 minuto"},"schema":{"@context":"https:\/\/schema.org","@graph":[{"@type":"WebPage","@id":"https:\/\/dualgree.com.br\/loja\/produto\/sensor-de-degelo-ar-condicionado-split-carrier-piso-teto-42lqb012515lc\/","url":"https:\/\/dualgree.com.br\/loja\/produto\/sensor-de-degelo-ar-condicionado-split-carrier-piso-teto-42lqb012515lc\/","name":"Sensor De Degelo Ar Condicionado Split Carrier Piso-teto 42LQB012515LC - Loja - Dual Gree Servi\u00e7os | Pe\u00e7as","isPartOf":{"@id":"https:\/\/dualgree.com.br\/loja\/#website"},"primaryImageOfPage":{"@id":"https:\/\/dualgree.com.br\/loja\/produto\/sensor-de-degelo-ar-condicionado-split-carrier-piso-teto-42lqb012515lc\/#primaryimage"},"image":{"@id":"https:\/\/dualgree.com.br\/loja\/produto\/sensor-de-degelo-ar-condicionado-split-carrier-piso-teto-42lqb012515lc\/#primaryimage"},"thumbnailUrl":"https:\/\/dualgree.com.br\/loja\/wp-content\/uploads\/2024\/02\/15248857778_1866-1866D_NQ_NP_759743-MLB46679770556_072021-O.jpg","datePublished":"2024-02-01T13:57:24+00:00","dateModified":"2024-04-01T18:24:19+00:00","description":"Sensor De Degelo Ar Condicionado Split Carrier Piso-teto 42LQB012515LC","breadcrumb":{"@id":"https:\/\/dualgree.com.br\/loja\/produto\/sensor-de-degelo-ar-condicionado-split-carrier-piso-teto-42lqb012515lc\/#breadcrumb"},"inLanguage":"pt-BR","potentialAction":[{"@type":"ReadAction","target":["https:\/\/dualgree.com.br\/loja\/produto\/sensor-de-degelo-ar-condicionado-split-carrier-piso-teto-42lqb012515lc\/"]}]},{"@type":"ImageObject","inLanguage":"pt-BR","@id":"https:\/\/dualgree.com.br\/loja\/produto\/sensor-de-degelo-ar-condicionado-split-carrier-piso-teto-42lqb012515lc\/#primaryimage","url":"https:\/\/dualgree.com.br\/loja\/wp-content\/uploads\/2024\/02\/15248857778_1866-1866D_NQ_NP_759743-MLB46679770556_072021-O.jpg","contentUrl":"https:\/\/dualgree.com.br\/loja\/wp-content\/uploads\/2024\/02\/15248857778_1866-1866D_NQ_NP_759743-MLB46679770556_072021-O.jpg","width":1200,"height":1200},{"@type":"BreadcrumbList","@id":"https:\/\/dualgree.com.br\/loja\/produto\/sensor-de-degelo-ar-condicionado-split-carrier-piso-teto-42lqb012515lc\/#breadcrumb","itemListElement":[{"@type":"ListItem","position":1,"name":"In\u00edcio","item":"https:\/\/dualgree.com.br\/loja\/"},{"@type":"ListItem","position":2,"name":"Loja &#8211; Cat\u00e1logo de Pe\u00e7as","item":"https:\/\/dualgree.com.br\/loja\/"},{"@type":"ListItem","position":3,"name":"Sensor De Degelo Ar Condicionado Split Carrier Piso-teto 42LQB012515LC"}]},{"@type":"WebSite","@id":"https:\/\/dualgree.com.br\/loja\/#website","url":"https:\/\/dualgree.com.br\/loja\/","name":"Loja - Dual Gree Servi\u00e7os | Partes e Pe\u00e7as","description":"Catalogo de Pe\u00e7as para ar condicionado","publisher":{"@id":"https:\/\/dualgree.com.br\/loja\/#organization"},"potentialAction":[{"@type":"SearchAction","target":{"@type":"EntryPoint","urlTemplate":"https:\/\/dualgree.com.br\/loja\/?s={search_term_string}"},"query-input":{"@type":"PropertyValueSpecification","valueRequired":true,"valueName":"search_term_string"}}],"inLanguage":"pt-BR"},{"@type":"Organization","@id":"https:\/\/dualgree.com.br\/loja\/#organization","name":"Loja Dual Gree Servi\u00e7o","url":"https:\/\/dualgree.com.br\/loja\/","logo":{"@type":"ImageObject","inLanguage":"pt-BR","@id":"https:\/\/dualgree.com.br\/loja\/#\/schema\/logo\/image\/","url":"https:\/\/dualgree.com.br\/loja\/wp-content\/uploads\/2024\/09\/teste-logo-ecommerce-dual-1-e1725909304971.png","contentUrl":"https:\/\/dualgree.com.br\/loja\/wp-content\/uploads\/2024\/09\/teste-logo-ecommerce-dual-1-e1725909304971.png","width":470,"height":157,"caption":"Loja Dual Gree Servi\u00e7o"},"image":{"@id":"https:\/\/dualgree.com.br\/loja\/#\/schema\/logo\/image\/"}}]}},"jetpack_publicize_connections":[],"jetpack_sharing_enabled":true,"jetpack_likes_enabled":true,"_links":{"self":[{"href":"https:\/\/dualgree.com.br\/loja\/wp-json\/wp\/v2\/product\/3469","targetHints":{"allow":["GET"]}}],"collection":[{"href":"https:\/\/dualgree.com.br\/loja\/wp-json\/wp\/v2\/product"}],"about":[{"href":"https:\/\/dualgree.com.br\/loja\/wp-json\/wp\/v2\/types\/product"}],"replies":[{"embeddable":true,"href":"https:\/\/dualgree.com.br\/loja\/wp-json\/wp\/v2\/comments?post=3469"}],"wp:featuredmedia":[{"embeddable":true,"href":"https:\/\/dualgree.com.br\/loja\/wp-json\/wp\/v2\/media\/3468"}],"wp:attachment":[{"href":"https:\/\/dualgree.com.br\/loja\/wp-json\/wp\/v2\/media?parent=3469"}],"wp:term":[{"taxonomy":"product_brand","embeddable":true,"href":"https:\/\/dualgree.com.br\/loja\/wp-json\/wp\/v2\/product_brand?post=3469"},{"taxonomy":"product_cat","embeddable":true,"href":"https:\/\/dualgree.com.br\/loja\/wp-json\/wp\/v2\/product_cat?post=3469"},{"taxonomy":"product_tag","embeddable":true,"href":"https:\/\/dualgree.com.br\/loja\/wp-json\/wp\/v2\/product_tag?post=3469"}],"curies":[{"name":"wp","href":"https:\/\/api.w.org\/{rel}","templated":true}]}}