{"id":3479,"date":"2024-02-01T18:47:13","date_gmt":"2024-02-01T18:47:13","guid":{"rendered":"https:\/\/dualgree.com.br\/loja\/produto\/placa-da-evaporadora-springer-42mcc012515ls-com-case-da-placa\/"},"modified":"2024-10-25T14:23:53","modified_gmt":"2024-10-25T14:23:53","slug":"placa-da-evaporadora-springer-42mcc012515ls-com-case-da-placa","status":"publish","type":"product","link":"https:\/\/dualgree.com.br\/loja\/produto\/placa-da-evaporadora-springer-42mcc012515ls-com-case-da-placa\/","title":{"rendered":"Placa da evaporadora Springer 42MCC012515LS com Case da Plac..."},"content":{"rendered":"<h1 id=\"titulo_novo_produto\" data-i18n=\"Produto:productStepByStep.form.titleNewProduct\" style=\"font-size: var(--font-size-big);margin: 0px;font-family: var(--font-family-primary);color: #495769;padding: 0px;letter-spacing: var(--letter-spacing)\">DG1858 -Placa da evaporadora Springer carrier 42MCC012515LS<\/h1>\n<p>\u00a0<\/p>\n<p><span style=\"font-family: arial, tahoma, verdana, helvetica;font-size: 14.72px\">Marca: SPRINGER CARRIER<\/span><br style=\"font-family: arial, tahoma, verdana, helvetica;font-size: 14.72px\" \/><span style=\"font-family: arial, tahoma, verdana, helvetica;font-size: 14.72px\">Modelo: 104c0l6092010413<\/span><\/p>\n<p>\u00a0<\/p>\n<h1 id=\"titulo_novo_produto\" data-i18n=\"Produto:productStepByStep.form.titleNewProduct\" style=\"font-family: var(--font-family-primary);letter-spacing: var(--letter-spacing);font-size: var(--font-size-big);margin: 0px;color: #495769;padding: 0px\">42MCC009515LS<\/h1>\n<p>\u00a0<\/p>\n","protected":false},"excerpt":{"rendered":"<h1 id=\"titulo_novo_produto\" style=\"font-size: var(--font-size-big); margin: 0px; font-family: var(--font-family-primary); color: #495769; padding: 0px; letter-spacing: var(--letter-spacing);\" data-i18n=\"Produto:productStepByStep.form.titleNewProduct\">Placa da evaporadora Springer carrier 42MCC012515LS<\/h1>\n<p><span style=\"font-family: arial, tahoma, verdana, helvetica; font-size: 14.72px;\">Marca: SPRINGER CARRIER<\/span><br style=\"font-family: arial, tahoma, verdana, helvetica; font-size: 14.72px;\" \/><span style=\"font-family: arial, tahoma, verdana, helvetica; font-size: 14.72px;\">Modelo: 104c0l6092010413<\/span><\/p>\n<h1 id=\"titulo_novo_produto\" style=\"font-family: var(--font-family-primary); letter-spacing: var(--letter-spacing); font-size: var(--font-size-big); margin: 0px; color: #495769; padding: 0px;\" data-i18n=\"Produto:productStepByStep.form.titleNewProduct\">42MCC009515LS<\/h1>\n","protected":false},"featured_media":8079,"comment_status":"open","ping_status":"closed","template":"","meta":{"_kadence_starter_templates_imported_post":false,"_kad_post_transparent":"","_kad_post_title":"","_kad_post_layout":"","_kad_post_sidebar_id":"","_kad_post_content_style":"","_kad_post_vertical_padding":"","_kad_post_feature":"","_kad_post_feature_position":"","_kad_post_header":false,"_kad_post_footer":false,"jetpack_publicize_message":"","jetpack_publicize_feature_enabled":true,"jetpack_social_post_already_shared":false,"jetpack_social_options":{"image_generator_settings":{"template":"highway","default_image_id":0,"font":"","enabled":false},"version":2}},"product_brand":[],"product_cat":[15],"product_tag":[],"class_list":{"0":"post-3479","1":"product","2":"type-product","3":"status-publish","4":"has-post-thumbnail","6":"product_cat-sem-categoria","8":"first","9":"instock","10":"shipping-taxable","11":"purchasable","12":"product-type-simple","13":"entry","14":"content-bg","15":"loop-entry"},"yoast_head":"<!-- This site is optimized with the Yoast SEO plugin v27.5 - https:\/\/yoast.com\/product\/yoast-seo-wordpress\/ -->\n<title>Placa da evaporadora Springer 42MCC012515LS com Case da Placa - Loja - Dual Gree Servi\u00e7os | Pe\u00e7as<\/title>\n<meta name=\"description\" content=\"Placa da evaporadora Springer 42MCC012515LS com Case da Placa\" \/>\n<meta name=\"robots\" content=\"index, follow, max-snippet:-1, max-image-preview:large, max-video-preview:-1\" \/>\n<link rel=\"canonical\" href=\"https:\/\/dualgree.com.br\/loja\/produto\/placa-da-evaporadora-springer-42mcc012515ls-com-case-da-placa\/\" \/>\n<meta property=\"og:locale\" content=\"pt_BR\" \/>\n<meta property=\"og:type\" content=\"article\" \/>\n<meta property=\"og:title\" content=\"Placa da evaporadora Springer 42MCC012515LS com Case da Placa - Loja - Dual Gree Servi\u00e7os | Pe\u00e7as\" \/>\n<meta property=\"og:description\" content=\"Placa da evaporadora Springer 42MCC012515LS com Case da Placa\" \/>\n<meta property=\"og:url\" content=\"https:\/\/dualgree.com.br\/loja\/produto\/placa-da-evaporadora-springer-42mcc012515ls-com-case-da-placa\/\" \/>\n<meta property=\"og:site_name\" content=\"Loja - Dual Gree Servi\u00e7os | Pe\u00e7as\" \/>\n<meta property=\"article:modified_time\" content=\"2024-10-25T14:23:53+00:00\" \/>\n<meta property=\"og:image\" content=\"https:\/\/dualgree.com.br\/loja\/wp-content\/uploads\/2024\/02\/15248964906_1858-Placa20Eletronica20Springer2042MCC012515LS20com20Case20da20Placa.jpeg\" \/>\n\t<meta property=\"og:image:width\" content=\"1200\" \/>\n\t<meta property=\"og:image:height\" content=\"1200\" \/>\n\t<meta property=\"og:image:type\" content=\"image\/jpeg\" \/>\n<meta name=\"twitter:card\" content=\"summary_large_image\" \/>\n<meta name=\"twitter:label1\" content=\"Est. tempo de leitura\" \/>\n\t<meta name=\"twitter:data1\" content=\"1 minuto\" \/>\n<script type=\"application\/ld+json\" class=\"yoast-schema-graph\">{\"@context\":\"https:\\\/\\\/schema.org\",\"@graph\":[{\"@type\":\"WebPage\",\"@id\":\"https:\\\/\\\/dualgree.com.br\\\/loja\\\/produto\\\/placa-da-evaporadora-springer-42mcc012515ls-com-case-da-placa\\\/\",\"url\":\"https:\\\/\\\/dualgree.com.br\\\/loja\\\/produto\\\/placa-da-evaporadora-springer-42mcc012515ls-com-case-da-placa\\\/\",\"name\":\"Placa da evaporadora Springer 42MCC012515LS com Case da Placa - Loja - Dual Gree Servi\u00e7os | Pe\u00e7as\",\"isPartOf\":{\"@id\":\"https:\\\/\\\/dualgree.com.br\\\/loja\\\/#website\"},\"primaryImageOfPage\":{\"@id\":\"https:\\\/\\\/dualgree.com.br\\\/loja\\\/produto\\\/placa-da-evaporadora-springer-42mcc012515ls-com-case-da-placa\\\/#primaryimage\"},\"image\":{\"@id\":\"https:\\\/\\\/dualgree.com.br\\\/loja\\\/produto\\\/placa-da-evaporadora-springer-42mcc012515ls-com-case-da-placa\\\/#primaryimage\"},\"thumbnailUrl\":\"https:\\\/\\\/dualgree.com.br\\\/loja\\\/wp-content\\\/uploads\\\/2024\\\/10\\\/15248964906-1858-placa-eletronica-springer-42mcc012515ls-com-case-da-placa.jpeg\",\"datePublished\":\"2024-02-01T18:47:13+00:00\",\"dateModified\":\"2024-10-25T14:23:53+00:00\",\"description\":\"Placa da evaporadora Springer 42MCC012515LS com Case da Placa\",\"breadcrumb\":{\"@id\":\"https:\\\/\\\/dualgree.com.br\\\/loja\\\/produto\\\/placa-da-evaporadora-springer-42mcc012515ls-com-case-da-placa\\\/#breadcrumb\"},\"inLanguage\":\"pt-BR\",\"potentialAction\":[{\"@type\":\"ReadAction\",\"target\":[\"https:\\\/\\\/dualgree.com.br\\\/loja\\\/produto\\\/placa-da-evaporadora-springer-42mcc012515ls-com-case-da-placa\\\/\"]}]},{\"@type\":\"ImageObject\",\"inLanguage\":\"pt-BR\",\"@id\":\"https:\\\/\\\/dualgree.com.br\\\/loja\\\/produto\\\/placa-da-evaporadora-springer-42mcc012515ls-com-case-da-placa\\\/#primaryimage\",\"url\":\"https:\\\/\\\/dualgree.com.br\\\/loja\\\/wp-content\\\/uploads\\\/2024\\\/10\\\/15248964906-1858-placa-eletronica-springer-42mcc012515ls-com-case-da-placa.jpeg\",\"contentUrl\":\"https:\\\/\\\/dualgree.com.br\\\/loja\\\/wp-content\\\/uploads\\\/2024\\\/10\\\/15248964906-1858-placa-eletronica-springer-42mcc012515ls-com-case-da-placa.jpeg\",\"width\":1280,\"height\":1280},{\"@type\":\"BreadcrumbList\",\"@id\":\"https:\\\/\\\/dualgree.com.br\\\/loja\\\/produto\\\/placa-da-evaporadora-springer-42mcc012515ls-com-case-da-placa\\\/#breadcrumb\",\"itemListElement\":[{\"@type\":\"ListItem\",\"position\":1,\"name\":\"In\u00edcio\",\"item\":\"https:\\\/\\\/dualgree.com.br\\\/loja\\\/\"},{\"@type\":\"ListItem\",\"position\":2,\"name\":\"Loja &#8211; Cat\u00e1logo de Pe\u00e7as\",\"item\":\"https:\\\/\\\/dualgree.com.br\\\/loja\\\/\"},{\"@type\":\"ListItem\",\"position\":3,\"name\":\"Placa da evaporadora Springer 42MCC012515LS com Case da Plac...\"}]},{\"@type\":\"WebSite\",\"@id\":\"https:\\\/\\\/dualgree.com.br\\\/loja\\\/#website\",\"url\":\"https:\\\/\\\/dualgree.com.br\\\/loja\\\/\",\"name\":\"Loja - Dual Gree Servi\u00e7os | Partes e Pe\u00e7as\",\"description\":\"Catalogo de Pe\u00e7as para ar condicionado\",\"publisher\":{\"@id\":\"https:\\\/\\\/dualgree.com.br\\\/loja\\\/#organization\"},\"potentialAction\":[{\"@type\":\"SearchAction\",\"target\":{\"@type\":\"EntryPoint\",\"urlTemplate\":\"https:\\\/\\\/dualgree.com.br\\\/loja\\\/?s={search_term_string}\"},\"query-input\":{\"@type\":\"PropertyValueSpecification\",\"valueRequired\":true,\"valueName\":\"search_term_string\"}}],\"inLanguage\":\"pt-BR\"},{\"@type\":\"Organization\",\"@id\":\"https:\\\/\\\/dualgree.com.br\\\/loja\\\/#organization\",\"name\":\"Loja Dual Gree Servi\u00e7o\",\"url\":\"https:\\\/\\\/dualgree.com.br\\\/loja\\\/\",\"logo\":{\"@type\":\"ImageObject\",\"inLanguage\":\"pt-BR\",\"@id\":\"https:\\\/\\\/dualgree.com.br\\\/loja\\\/#\\\/schema\\\/logo\\\/image\\\/\",\"url\":\"https:\\\/\\\/dualgree.com.br\\\/loja\\\/wp-content\\\/uploads\\\/2024\\\/09\\\/teste-logo-ecommerce-dual-1-e1725909304971.png\",\"contentUrl\":\"https:\\\/\\\/dualgree.com.br\\\/loja\\\/wp-content\\\/uploads\\\/2024\\\/09\\\/teste-logo-ecommerce-dual-1-e1725909304971.png\",\"width\":470,\"height\":157,\"caption\":\"Loja Dual Gree Servi\u00e7o\"},\"image\":{\"@id\":\"https:\\\/\\\/dualgree.com.br\\\/loja\\\/#\\\/schema\\\/logo\\\/image\\\/\"}}]}<\/script>\n<!-- \/ Yoast SEO plugin. -->","yoast_head_json":{"title":"Placa da evaporadora Springer 42MCC012515LS com Case da Placa - Loja - Dual Gree Servi\u00e7os | Pe\u00e7as","description":"Placa da evaporadora Springer 42MCC012515LS com Case da Placa","robots":{"index":"index","follow":"follow","max-snippet":"max-snippet:-1","max-image-preview":"max-image-preview:large","max-video-preview":"max-video-preview:-1"},"canonical":"https:\/\/dualgree.com.br\/loja\/produto\/placa-da-evaporadora-springer-42mcc012515ls-com-case-da-placa\/","og_locale":"pt_BR","og_type":"article","og_title":"Placa da evaporadora Springer 42MCC012515LS com Case da Placa - Loja - Dual Gree Servi\u00e7os | Pe\u00e7as","og_description":"Placa da evaporadora Springer 42MCC012515LS com Case da Placa","og_url":"https:\/\/dualgree.com.br\/loja\/produto\/placa-da-evaporadora-springer-42mcc012515ls-com-case-da-placa\/","og_site_name":"Loja - Dual Gree Servi\u00e7os | Pe\u00e7as","article_modified_time":"2024-10-25T14:23:53+00:00","og_image":[{"width":1200,"height":1200,"url":"https:\/\/dualgree.com.br\/loja\/wp-content\/uploads\/2024\/02\/15248964906_1858-Placa20Eletronica20Springer2042MCC012515LS20com20Case20da20Placa.jpeg","type":"image\/jpeg"}],"twitter_card":"summary_large_image","twitter_misc":{"Est. tempo de leitura":"1 minuto"},"schema":{"@context":"https:\/\/schema.org","@graph":[{"@type":"WebPage","@id":"https:\/\/dualgree.com.br\/loja\/produto\/placa-da-evaporadora-springer-42mcc012515ls-com-case-da-placa\/","url":"https:\/\/dualgree.com.br\/loja\/produto\/placa-da-evaporadora-springer-42mcc012515ls-com-case-da-placa\/","name":"Placa da evaporadora Springer 42MCC012515LS com Case da Placa - Loja - Dual Gree Servi\u00e7os | Pe\u00e7as","isPartOf":{"@id":"https:\/\/dualgree.com.br\/loja\/#website"},"primaryImageOfPage":{"@id":"https:\/\/dualgree.com.br\/loja\/produto\/placa-da-evaporadora-springer-42mcc012515ls-com-case-da-placa\/#primaryimage"},"image":{"@id":"https:\/\/dualgree.com.br\/loja\/produto\/placa-da-evaporadora-springer-42mcc012515ls-com-case-da-placa\/#primaryimage"},"thumbnailUrl":"https:\/\/dualgree.com.br\/loja\/wp-content\/uploads\/2024\/10\/15248964906-1858-placa-eletronica-springer-42mcc012515ls-com-case-da-placa.jpeg","datePublished":"2024-02-01T18:47:13+00:00","dateModified":"2024-10-25T14:23:53+00:00","description":"Placa da evaporadora Springer 42MCC012515LS com Case da Placa","breadcrumb":{"@id":"https:\/\/dualgree.com.br\/loja\/produto\/placa-da-evaporadora-springer-42mcc012515ls-com-case-da-placa\/#breadcrumb"},"inLanguage":"pt-BR","potentialAction":[{"@type":"ReadAction","target":["https:\/\/dualgree.com.br\/loja\/produto\/placa-da-evaporadora-springer-42mcc012515ls-com-case-da-placa\/"]}]},{"@type":"ImageObject","inLanguage":"pt-BR","@id":"https:\/\/dualgree.com.br\/loja\/produto\/placa-da-evaporadora-springer-42mcc012515ls-com-case-da-placa\/#primaryimage","url":"https:\/\/dualgree.com.br\/loja\/wp-content\/uploads\/2024\/10\/15248964906-1858-placa-eletronica-springer-42mcc012515ls-com-case-da-placa.jpeg","contentUrl":"https:\/\/dualgree.com.br\/loja\/wp-content\/uploads\/2024\/10\/15248964906-1858-placa-eletronica-springer-42mcc012515ls-com-case-da-placa.jpeg","width":1280,"height":1280},{"@type":"BreadcrumbList","@id":"https:\/\/dualgree.com.br\/loja\/produto\/placa-da-evaporadora-springer-42mcc012515ls-com-case-da-placa\/#breadcrumb","itemListElement":[{"@type":"ListItem","position":1,"name":"In\u00edcio","item":"https:\/\/dualgree.com.br\/loja\/"},{"@type":"ListItem","position":2,"name":"Loja &#8211; Cat\u00e1logo de Pe\u00e7as","item":"https:\/\/dualgree.com.br\/loja\/"},{"@type":"ListItem","position":3,"name":"Placa da evaporadora Springer 42MCC012515LS com Case da Plac..."}]},{"@type":"WebSite","@id":"https:\/\/dualgree.com.br\/loja\/#website","url":"https:\/\/dualgree.com.br\/loja\/","name":"Loja - Dual Gree Servi\u00e7os | Partes e Pe\u00e7as","description":"Catalogo de Pe\u00e7as para ar condicionado","publisher":{"@id":"https:\/\/dualgree.com.br\/loja\/#organization"},"potentialAction":[{"@type":"SearchAction","target":{"@type":"EntryPoint","urlTemplate":"https:\/\/dualgree.com.br\/loja\/?s={search_term_string}"},"query-input":{"@type":"PropertyValueSpecification","valueRequired":true,"valueName":"search_term_string"}}],"inLanguage":"pt-BR"},{"@type":"Organization","@id":"https:\/\/dualgree.com.br\/loja\/#organization","name":"Loja Dual Gree Servi\u00e7o","url":"https:\/\/dualgree.com.br\/loja\/","logo":{"@type":"ImageObject","inLanguage":"pt-BR","@id":"https:\/\/dualgree.com.br\/loja\/#\/schema\/logo\/image\/","url":"https:\/\/dualgree.com.br\/loja\/wp-content\/uploads\/2024\/09\/teste-logo-ecommerce-dual-1-e1725909304971.png","contentUrl":"https:\/\/dualgree.com.br\/loja\/wp-content\/uploads\/2024\/09\/teste-logo-ecommerce-dual-1-e1725909304971.png","width":470,"height":157,"caption":"Loja Dual Gree Servi\u00e7o"},"image":{"@id":"https:\/\/dualgree.com.br\/loja\/#\/schema\/logo\/image\/"}}]}},"jetpack_publicize_connections":[],"jetpack_sharing_enabled":true,"jetpack_likes_enabled":true,"_links":{"self":[{"href":"https:\/\/dualgree.com.br\/loja\/wp-json\/wp\/v2\/product\/3479","targetHints":{"allow":["GET"]}}],"collection":[{"href":"https:\/\/dualgree.com.br\/loja\/wp-json\/wp\/v2\/product"}],"about":[{"href":"https:\/\/dualgree.com.br\/loja\/wp-json\/wp\/v2\/types\/product"}],"replies":[{"embeddable":true,"href":"https:\/\/dualgree.com.br\/loja\/wp-json\/wp\/v2\/comments?post=3479"}],"wp:featuredmedia":[{"embeddable":true,"href":"https:\/\/dualgree.com.br\/loja\/wp-json\/wp\/v2\/media\/8079"}],"wp:attachment":[{"href":"https:\/\/dualgree.com.br\/loja\/wp-json\/wp\/v2\/media?parent=3479"}],"wp:term":[{"taxonomy":"product_brand","embeddable":true,"href":"https:\/\/dualgree.com.br\/loja\/wp-json\/wp\/v2\/product_brand?post=3479"},{"taxonomy":"product_cat","embeddable":true,"href":"https:\/\/dualgree.com.br\/loja\/wp-json\/wp\/v2\/product_cat?post=3479"},{"taxonomy":"product_tag","embeddable":true,"href":"https:\/\/dualgree.com.br\/loja\/wp-json\/wp\/v2\/product_tag?post=3479"}],"curies":[{"name":"wp","href":"https:\/\/api.w.org\/{rel}","templated":true}]}}