{"id":3532,"date":"2024-02-05T20:35:46","date_gmt":"2024-02-05T20:35:46","guid":{"rendered":"https:\/\/dualgree.com.br\/loja\/produto\/tampa-placa-display-e-wifi-springer-midea-42tfca18s5\/"},"modified":"2024-03-28T19:41:00","modified_gmt":"2024-03-28T19:41:00","slug":"tampa-placa-display-e-wifi-springer-midea-42tfca18s5","status":"publish","type":"product","link":"https:\/\/dualgree.com.br\/loja\/produto\/tampa-placa-display-e-wifi-springer-midea-42tfca18s5\/","title":{"rendered":"TAMPA  PLACA DISPLAY E WIFI &#8211; SPRINGER MIDEA 42TFCA18S..."},"content":{"rendered":"<p>TAMPA PLACA DISPLAY E WIFI &#8211; SPRINGER MIDEA 42TFCA18S5<\/p>\n<p>Perdeu a prote\u00e7\u00e3o da placa na manuten\u00e7\u00e3o compre esta para linha springer midea<\/p>\n","protected":false},"excerpt":{"rendered":"<div id=\"progress_bar_novo_produto\" class=\"mdc-layout-grid__cell mdc-layout-grid__cell--span-2\" style=\"width: auto; margin: 0px; grid-column-end: span 2; color: #666666; font-family: Arial; font-size: 12px; font-style: normal; font-weight: 400; letter-spacing: normal; text-align: start; text-indent: 0px; text-transform: none; background-color: #ffffff; align-items: center; justify-content: space-between;\"><\/div>\n<div class=\"mdc-layout-grid__cell mdc-layout-grid__cell--span-10\" style=\"width: auto; margin: 0px; grid-column-end: span 10; color: #666666; font-family: Arial; font-size: 12px; font-style: normal; font-weight: 400; letter-spacing: normal; text-align: start; text-indent: 0px; text-transform: none; background-color: #ffffff;\">\n<h1 id=\"titulo_novo_produto\" style=\"font-size: var(--font-size-big); margin: 0px; font-family: var(--font-family-primary); font-weight: bold; color: var(--font-primary); padding: 0px; letter-spacing: var(--letter-spacing);\">TAMPA\u00a0 DE PROTE\u00c7\u00c3O PARA PLACA DISPLAY E WIFI &#8211; SPRINGER MIDEA 18.000 BTUS 42TFCA18S5<\/h1>\n<p>DIMENS\u00d5ES<\/p>\n<p>LARGURA 23 aLTURA 10CM<\/p>\n<\/div>\n","protected":false},"featured_media":3530,"comment_status":"open","ping_status":"closed","template":"","meta":{"_kadence_starter_templates_imported_post":false,"_kad_post_transparent":"","_kad_post_title":"","_kad_post_layout":"","_kad_post_sidebar_id":"","_kad_post_content_style":"","_kad_post_vertical_padding":"","_kad_post_feature":"","_kad_post_feature_position":"","_kad_post_header":false,"_kad_post_footer":false,"jetpack_publicize_message":"","jetpack_publicize_feature_enabled":true,"jetpack_social_post_already_shared":false,"jetpack_social_options":{"image_generator_settings":{"template":"highway","default_image_id":0,"font":"","enabled":false},"version":2}},"product_brand":[],"product_cat":[177,176,206,179],"product_tag":[],"class_list":{"0":"post-3532","1":"product","2":"type-product","3":"status-publish","4":"has-post-thumbnail","6":"product_cat-carrier","7":"product_cat-midea","8":"product_cat-protecao-da-placa-display","9":"product_cat-springer","11":"first","12":"instock","13":"shipping-taxable","14":"purchasable","15":"product-type-simple","16":"entry","17":"content-bg","18":"loop-entry"},"yoast_head":"<!-- This site is optimized with the Yoast SEO plugin v27.5 - https:\/\/yoast.com\/product\/yoast-seo-wordpress\/ -->\n<title>TAMPA PLACA DISPLAY E WIFI - SPRINGER MIDEA 42TFCA18S5 - Loja - Dual Gree Servi\u00e7os | Pe\u00e7as<\/title>\n<meta name=\"description\" content=\"TAMPA PLACA DISPLAY E WIFI - SPRINGER MIDEA 42TFCA18S5, Est\u00e1 \u00e9 a prote\u00e7\u00e3o da placa display e do wifi do ar condicionado springer\" \/>\n<meta name=\"robots\" content=\"index, follow, max-snippet:-1, max-image-preview:large, max-video-preview:-1\" \/>\n<link rel=\"canonical\" href=\"https:\/\/dualgree.com.br\/loja\/produto\/tampa-placa-display-e-wifi-springer-midea-42tfca18s5\/\" \/>\n<meta property=\"og:locale\" content=\"pt_BR\" \/>\n<meta property=\"og:type\" content=\"article\" \/>\n<meta property=\"og:title\" content=\"TAMPA PLACA DISPLAY E WIFI - SPRINGER MIDEA 42TFCA18S5 - Loja - Dual Gree Servi\u00e7os | Pe\u00e7as\" \/>\n<meta property=\"og:description\" content=\"TAMPA PLACA DISPLAY E WIFI - SPRINGER MIDEA 42TFCA18S5, Est\u00e1 \u00e9 a prote\u00e7\u00e3o da placa display e do wifi do ar condicionado springer\" \/>\n<meta property=\"og:url\" content=\"https:\/\/dualgree.com.br\/loja\/produto\/tampa-placa-display-e-wifi-springer-midea-42tfca18s5\/\" \/>\n<meta property=\"og:site_name\" content=\"Loja - Dual Gree Servi\u00e7os | Pe\u00e7as\" \/>\n<meta property=\"article:modified_time\" content=\"2024-03-28T19:41:00+00:00\" \/>\n<meta property=\"og:image\" content=\"https:\/\/dualgree.com.br\/loja\/wp-content\/uploads\/2024\/02\/15249795228_1401-TAMPA20PROTECAO20PLACA20DISPLAY20E20WIFI20-20SPRINGER20MIDEA2.jpeg\" \/>\n\t<meta property=\"og:image:width\" content=\"1280\" \/>\n\t<meta property=\"og:image:height\" content=\"1280\" \/>\n\t<meta property=\"og:image:type\" content=\"image\/jpeg\" \/>\n<meta name=\"twitter:card\" content=\"summary_large_image\" \/>\n<meta name=\"twitter:label1\" content=\"Est. tempo de leitura\" \/>\n\t<meta name=\"twitter:data1\" content=\"1 minuto\" \/>\n<script type=\"application\/ld+json\" class=\"yoast-schema-graph\">{\"@context\":\"https:\\\/\\\/schema.org\",\"@graph\":[{\"@type\":\"WebPage\",\"@id\":\"https:\\\/\\\/dualgree.com.br\\\/loja\\\/produto\\\/tampa-placa-display-e-wifi-springer-midea-42tfca18s5\\\/\",\"url\":\"https:\\\/\\\/dualgree.com.br\\\/loja\\\/produto\\\/tampa-placa-display-e-wifi-springer-midea-42tfca18s5\\\/\",\"name\":\"TAMPA PLACA DISPLAY E WIFI - SPRINGER MIDEA 42TFCA18S5 - Loja - Dual Gree Servi\u00e7os | Pe\u00e7as\",\"isPartOf\":{\"@id\":\"https:\\\/\\\/dualgree.com.br\\\/loja\\\/#website\"},\"primaryImageOfPage\":{\"@id\":\"https:\\\/\\\/dualgree.com.br\\\/loja\\\/produto\\\/tampa-placa-display-e-wifi-springer-midea-42tfca18s5\\\/#primaryimage\"},\"image\":{\"@id\":\"https:\\\/\\\/dualgree.com.br\\\/loja\\\/produto\\\/tampa-placa-display-e-wifi-springer-midea-42tfca18s5\\\/#primaryimage\"},\"thumbnailUrl\":\"https:\\\/\\\/dualgree.com.br\\\/loja\\\/wp-content\\\/uploads\\\/2024\\\/02\\\/15249795228_1401-TAMPA20PROTECAO20PLACA20DISPLAY20E20WIFI20-20SPRINGER20MIDEA2.jpeg\",\"datePublished\":\"2024-02-05T20:35:46+00:00\",\"dateModified\":\"2024-03-28T19:41:00+00:00\",\"description\":\"TAMPA PLACA DISPLAY E WIFI - SPRINGER MIDEA 42TFCA18S5, Est\u00e1 \u00e9 a prote\u00e7\u00e3o da placa display e do wifi do ar condicionado springer\",\"breadcrumb\":{\"@id\":\"https:\\\/\\\/dualgree.com.br\\\/loja\\\/produto\\\/tampa-placa-display-e-wifi-springer-midea-42tfca18s5\\\/#breadcrumb\"},\"inLanguage\":\"pt-BR\",\"potentialAction\":[{\"@type\":\"ReadAction\",\"target\":[\"https:\\\/\\\/dualgree.com.br\\\/loja\\\/produto\\\/tampa-placa-display-e-wifi-springer-midea-42tfca18s5\\\/\"]}]},{\"@type\":\"ImageObject\",\"inLanguage\":\"pt-BR\",\"@id\":\"https:\\\/\\\/dualgree.com.br\\\/loja\\\/produto\\\/tampa-placa-display-e-wifi-springer-midea-42tfca18s5\\\/#primaryimage\",\"url\":\"https:\\\/\\\/dualgree.com.br\\\/loja\\\/wp-content\\\/uploads\\\/2024\\\/02\\\/15249795228_1401-TAMPA20PROTECAO20PLACA20DISPLAY20E20WIFI20-20SPRINGER20MIDEA2.jpeg\",\"contentUrl\":\"https:\\\/\\\/dualgree.com.br\\\/loja\\\/wp-content\\\/uploads\\\/2024\\\/02\\\/15249795228_1401-TAMPA20PROTECAO20PLACA20DISPLAY20E20WIFI20-20SPRINGER20MIDEA2.jpeg\",\"width\":1200,\"height\":1200},{\"@type\":\"BreadcrumbList\",\"@id\":\"https:\\\/\\\/dualgree.com.br\\\/loja\\\/produto\\\/tampa-placa-display-e-wifi-springer-midea-42tfca18s5\\\/#breadcrumb\",\"itemListElement\":[{\"@type\":\"ListItem\",\"position\":1,\"name\":\"In\u00edcio\",\"item\":\"https:\\\/\\\/dualgree.com.br\\\/loja\\\/\"},{\"@type\":\"ListItem\",\"position\":2,\"name\":\"Loja &#8211; Cat\u00e1logo de Pe\u00e7as\",\"item\":\"https:\\\/\\\/dualgree.com.br\\\/loja\\\/\"},{\"@type\":\"ListItem\",\"position\":3,\"name\":\"TAMPA PLACA DISPLAY E WIFI &#8211; SPRINGER MIDEA 42TFCA18S5\"}]},{\"@type\":\"WebSite\",\"@id\":\"https:\\\/\\\/dualgree.com.br\\\/loja\\\/#website\",\"url\":\"https:\\\/\\\/dualgree.com.br\\\/loja\\\/\",\"name\":\"Loja - Dual Gree Servi\u00e7os | Partes e Pe\u00e7as\",\"description\":\"Catalogo de Pe\u00e7as para ar condicionado\",\"publisher\":{\"@id\":\"https:\\\/\\\/dualgree.com.br\\\/loja\\\/#organization\"},\"potentialAction\":[{\"@type\":\"SearchAction\",\"target\":{\"@type\":\"EntryPoint\",\"urlTemplate\":\"https:\\\/\\\/dualgree.com.br\\\/loja\\\/?s={search_term_string}\"},\"query-input\":{\"@type\":\"PropertyValueSpecification\",\"valueRequired\":true,\"valueName\":\"search_term_string\"}}],\"inLanguage\":\"pt-BR\"},{\"@type\":\"Organization\",\"@id\":\"https:\\\/\\\/dualgree.com.br\\\/loja\\\/#organization\",\"name\":\"Loja Dual Gree Servi\u00e7o\",\"url\":\"https:\\\/\\\/dualgree.com.br\\\/loja\\\/\",\"logo\":{\"@type\":\"ImageObject\",\"inLanguage\":\"pt-BR\",\"@id\":\"https:\\\/\\\/dualgree.com.br\\\/loja\\\/#\\\/schema\\\/logo\\\/image\\\/\",\"url\":\"https:\\\/\\\/dualgree.com.br\\\/loja\\\/wp-content\\\/uploads\\\/2024\\\/09\\\/teste-logo-ecommerce-dual-1-e1725909304971.png\",\"contentUrl\":\"https:\\\/\\\/dualgree.com.br\\\/loja\\\/wp-content\\\/uploads\\\/2024\\\/09\\\/teste-logo-ecommerce-dual-1-e1725909304971.png\",\"width\":470,\"height\":157,\"caption\":\"Loja Dual Gree Servi\u00e7o\"},\"image\":{\"@id\":\"https:\\\/\\\/dualgree.com.br\\\/loja\\\/#\\\/schema\\\/logo\\\/image\\\/\"}}]}<\/script>\n<!-- \/ Yoast SEO plugin. -->","yoast_head_json":{"title":"TAMPA PLACA DISPLAY E WIFI - SPRINGER MIDEA 42TFCA18S5 - Loja - Dual Gree Servi\u00e7os | Pe\u00e7as","description":"TAMPA PLACA DISPLAY E WIFI - SPRINGER MIDEA 42TFCA18S5, Est\u00e1 \u00e9 a prote\u00e7\u00e3o da placa display e do wifi do ar condicionado springer","robots":{"index":"index","follow":"follow","max-snippet":"max-snippet:-1","max-image-preview":"max-image-preview:large","max-video-preview":"max-video-preview:-1"},"canonical":"https:\/\/dualgree.com.br\/loja\/produto\/tampa-placa-display-e-wifi-springer-midea-42tfca18s5\/","og_locale":"pt_BR","og_type":"article","og_title":"TAMPA PLACA DISPLAY E WIFI - SPRINGER MIDEA 42TFCA18S5 - Loja - Dual Gree Servi\u00e7os | Pe\u00e7as","og_description":"TAMPA PLACA DISPLAY E WIFI - SPRINGER MIDEA 42TFCA18S5, Est\u00e1 \u00e9 a prote\u00e7\u00e3o da placa display e do wifi do ar condicionado springer","og_url":"https:\/\/dualgree.com.br\/loja\/produto\/tampa-placa-display-e-wifi-springer-midea-42tfca18s5\/","og_site_name":"Loja - Dual Gree Servi\u00e7os | Pe\u00e7as","article_modified_time":"2024-03-28T19:41:00+00:00","og_image":[{"width":1280,"height":1280,"url":"https:\/\/dualgree.com.br\/loja\/wp-content\/uploads\/2024\/02\/15249795228_1401-TAMPA20PROTECAO20PLACA20DISPLAY20E20WIFI20-20SPRINGER20MIDEA2.jpeg","type":"image\/jpeg"}],"twitter_card":"summary_large_image","twitter_misc":{"Est. tempo de leitura":"1 minuto"},"schema":{"@context":"https:\/\/schema.org","@graph":[{"@type":"WebPage","@id":"https:\/\/dualgree.com.br\/loja\/produto\/tampa-placa-display-e-wifi-springer-midea-42tfca18s5\/","url":"https:\/\/dualgree.com.br\/loja\/produto\/tampa-placa-display-e-wifi-springer-midea-42tfca18s5\/","name":"TAMPA PLACA DISPLAY E WIFI - SPRINGER MIDEA 42TFCA18S5 - Loja - Dual Gree Servi\u00e7os | Pe\u00e7as","isPartOf":{"@id":"https:\/\/dualgree.com.br\/loja\/#website"},"primaryImageOfPage":{"@id":"https:\/\/dualgree.com.br\/loja\/produto\/tampa-placa-display-e-wifi-springer-midea-42tfca18s5\/#primaryimage"},"image":{"@id":"https:\/\/dualgree.com.br\/loja\/produto\/tampa-placa-display-e-wifi-springer-midea-42tfca18s5\/#primaryimage"},"thumbnailUrl":"https:\/\/dualgree.com.br\/loja\/wp-content\/uploads\/2024\/02\/15249795228_1401-TAMPA20PROTECAO20PLACA20DISPLAY20E20WIFI20-20SPRINGER20MIDEA2.jpeg","datePublished":"2024-02-05T20:35:46+00:00","dateModified":"2024-03-28T19:41:00+00:00","description":"TAMPA PLACA DISPLAY E WIFI - SPRINGER MIDEA 42TFCA18S5, Est\u00e1 \u00e9 a prote\u00e7\u00e3o da placa display e do wifi do ar condicionado springer","breadcrumb":{"@id":"https:\/\/dualgree.com.br\/loja\/produto\/tampa-placa-display-e-wifi-springer-midea-42tfca18s5\/#breadcrumb"},"inLanguage":"pt-BR","potentialAction":[{"@type":"ReadAction","target":["https:\/\/dualgree.com.br\/loja\/produto\/tampa-placa-display-e-wifi-springer-midea-42tfca18s5\/"]}]},{"@type":"ImageObject","inLanguage":"pt-BR","@id":"https:\/\/dualgree.com.br\/loja\/produto\/tampa-placa-display-e-wifi-springer-midea-42tfca18s5\/#primaryimage","url":"https:\/\/dualgree.com.br\/loja\/wp-content\/uploads\/2024\/02\/15249795228_1401-TAMPA20PROTECAO20PLACA20DISPLAY20E20WIFI20-20SPRINGER20MIDEA2.jpeg","contentUrl":"https:\/\/dualgree.com.br\/loja\/wp-content\/uploads\/2024\/02\/15249795228_1401-TAMPA20PROTECAO20PLACA20DISPLAY20E20WIFI20-20SPRINGER20MIDEA2.jpeg","width":1200,"height":1200},{"@type":"BreadcrumbList","@id":"https:\/\/dualgree.com.br\/loja\/produto\/tampa-placa-display-e-wifi-springer-midea-42tfca18s5\/#breadcrumb","itemListElement":[{"@type":"ListItem","position":1,"name":"In\u00edcio","item":"https:\/\/dualgree.com.br\/loja\/"},{"@type":"ListItem","position":2,"name":"Loja &#8211; Cat\u00e1logo de Pe\u00e7as","item":"https:\/\/dualgree.com.br\/loja\/"},{"@type":"ListItem","position":3,"name":"TAMPA PLACA DISPLAY E WIFI &#8211; SPRINGER MIDEA 42TFCA18S5"}]},{"@type":"WebSite","@id":"https:\/\/dualgree.com.br\/loja\/#website","url":"https:\/\/dualgree.com.br\/loja\/","name":"Loja - Dual Gree Servi\u00e7os | Partes e Pe\u00e7as","description":"Catalogo de Pe\u00e7as para ar condicionado","publisher":{"@id":"https:\/\/dualgree.com.br\/loja\/#organization"},"potentialAction":[{"@type":"SearchAction","target":{"@type":"EntryPoint","urlTemplate":"https:\/\/dualgree.com.br\/loja\/?s={search_term_string}"},"query-input":{"@type":"PropertyValueSpecification","valueRequired":true,"valueName":"search_term_string"}}],"inLanguage":"pt-BR"},{"@type":"Organization","@id":"https:\/\/dualgree.com.br\/loja\/#organization","name":"Loja Dual Gree Servi\u00e7o","url":"https:\/\/dualgree.com.br\/loja\/","logo":{"@type":"ImageObject","inLanguage":"pt-BR","@id":"https:\/\/dualgree.com.br\/loja\/#\/schema\/logo\/image\/","url":"https:\/\/dualgree.com.br\/loja\/wp-content\/uploads\/2024\/09\/teste-logo-ecommerce-dual-1-e1725909304971.png","contentUrl":"https:\/\/dualgree.com.br\/loja\/wp-content\/uploads\/2024\/09\/teste-logo-ecommerce-dual-1-e1725909304971.png","width":470,"height":157,"caption":"Loja Dual Gree Servi\u00e7o"},"image":{"@id":"https:\/\/dualgree.com.br\/loja\/#\/schema\/logo\/image\/"}}]}},"jetpack_publicize_connections":[],"jetpack_sharing_enabled":true,"jetpack_likes_enabled":true,"_links":{"self":[{"href":"https:\/\/dualgree.com.br\/loja\/wp-json\/wp\/v2\/product\/3532","targetHints":{"allow":["GET"]}}],"collection":[{"href":"https:\/\/dualgree.com.br\/loja\/wp-json\/wp\/v2\/product"}],"about":[{"href":"https:\/\/dualgree.com.br\/loja\/wp-json\/wp\/v2\/types\/product"}],"replies":[{"embeddable":true,"href":"https:\/\/dualgree.com.br\/loja\/wp-json\/wp\/v2\/comments?post=3532"}],"wp:featuredmedia":[{"embeddable":true,"href":"https:\/\/dualgree.com.br\/loja\/wp-json\/wp\/v2\/media\/3530"}],"wp:attachment":[{"href":"https:\/\/dualgree.com.br\/loja\/wp-json\/wp\/v2\/media?parent=3532"}],"wp:term":[{"taxonomy":"product_brand","embeddable":true,"href":"https:\/\/dualgree.com.br\/loja\/wp-json\/wp\/v2\/product_brand?post=3532"},{"taxonomy":"product_cat","embeddable":true,"href":"https:\/\/dualgree.com.br\/loja\/wp-json\/wp\/v2\/product_cat?post=3532"},{"taxonomy":"product_tag","embeddable":true,"href":"https:\/\/dualgree.com.br\/loja\/wp-json\/wp\/v2\/product_tag?post=3532"}],"curies":[{"name":"wp","href":"https:\/\/api.w.org\/{rel}","templated":true}]}}