{"id":3537,"date":"2024-02-06T12:33:50","date_gmt":"2024-02-06T12:33:50","guid":{"rendered":"https:\/\/dualgree.com.br\/loja\/produto\/helice-do-condensador-ar-condicionado-para-lg-dual-inverter\/"},"modified":"2024-04-01T20:37:33","modified_gmt":"2024-04-01T20:37:33","slug":"helice-do-condensador-ar-condicionado-para-lg-dual-inverter","status":"publish","type":"product","link":"https:\/\/dualgree.com.br\/loja\/produto\/helice-do-condensador-ar-condicionado-para-lg-dual-inverter\/","title":{"rendered":"Helice Do Condensador ar condicionado para LG Dual Inverter"},"content":{"rendered":"<p>Helice Do Condensador ar condicionado para LG Dual Inverter<\/p>\n","protected":false},"excerpt":{"rendered":"<p>IC456<br \/>\nH\u00e9lice LG inverter para condensadora LG ADP729129 TSUH092H4W0<\/p>\n<p>Detalhes de armazenamento, em perfeito estado.<\/p>\n<p>Modelos compat\u00edveis<\/p>\n<p>ASUQ092BRG2.<\/p>\n<p>ASUQ092WSA0.<\/p>\n<p>ASUQ122BRG2.<\/p>\n<p>ASUQ122BSA1.<\/p>\n<p>ASUQ122BSA1.<\/p>\n<p>ASUW092BRG2.<\/p>\n<p>ASUW092BRG2.<\/p>\n<p>ASUW092BRG2.<\/p>\n<p>ASUW092WSA0.<\/p>\n<p>ASUW092WSA0.<\/p>\n<p>ASUW122BRG2.<\/p>\n<p>ASUW122BRG2.<\/p>\n<p>ASUW122BRG2.<\/p>\n<p>ASUW122BSA1.<\/p>\n<p>ASUW122BSA1.<\/p>\n<p>S4UQ09WA51A.<\/p>\n<p>S4UQ09WA5AA.<\/p>\n<p>S4UQ09WA5WB.<\/p>\n<p>S4UQ12JA31C.<\/p>\n<p>S4UQ12JA3AD.<\/p>\n<p>S4UQ12JA3WC.<\/p>\n<p>S4UW09WA51A.<\/p>\n<p>S4UW09WA5WA.<\/p>\n<p>S4UW12JA31A.<\/p>\n<p>S4UW12JA3WA.<\/p>\n<p>S4UW12JARPA.<\/p>\n<p>USUQ092WSA0.<\/p>\n<p>USUQ092WSA0.<\/p>\n<p>USUQ122HSA0.<\/p>\n<p>USUQ122HSA0.<\/p>\n<p>USUQ122HSG3.<\/p>\n<p>USUQ122HSG3.<\/p>\n<p>USUW122HSG3.<\/p>\n<p>USUW122HSG3.<\/p>\n","protected":false},"featured_media":3536,"comment_status":"open","ping_status":"closed","template":"","meta":{"_kadence_starter_templates_imported_post":false,"_kad_post_transparent":"","_kad_post_title":"","_kad_post_layout":"","_kad_post_sidebar_id":"","_kad_post_content_style":"","_kad_post_vertical_padding":"","_kad_post_feature":"","_kad_post_feature_position":"","_kad_post_header":false,"_kad_post_footer":false,"jetpack_publicize_message":"","jetpack_publicize_feature_enabled":true,"jetpack_social_post_already_shared":false,"jetpack_social_options":{"image_generator_settings":{"template":"highway","default_image_id":0,"font":"","enabled":false},"version":2}},"product_brand":[],"product_cat":[220,182],"product_tag":[154,155],"class_list":{"0":"post-3537","1":"product","2":"type-product","3":"status-publish","4":"has-post-thumbnail","6":"product_cat-helice-da-condensadora-split","7":"product_cat-lg","8":"product_tag-helice-do-condensador-ar-condicionado-para-lg-dual-inverter-usuq122hsg3","9":"product_tag-helice-do-condensador-ar-condicionado-para-lg-dual-inverter-usuw092hsg3","11":"first","12":"instock","13":"sale","14":"shipping-taxable","15":"purchasable","16":"product-type-simple","17":"entry","18":"content-bg","19":"loop-entry"},"yoast_head":"<!-- This site is optimized with the Yoast SEO plugin v27.5 - https:\/\/yoast.com\/product\/yoast-seo-wordpress\/ -->\n<title>Helice Do Condensador ar condicionado para LG Dual Inverter - Loja - Dual Gree Servi\u00e7os | Pe\u00e7as<\/title>\n<meta name=\"description\" content=\"Helice Do Condensador ar condicionado para LG Dual Inverter e inverter, tenha um produto de alta qualidade e pre\u00e7o justo.\" \/>\n<meta name=\"robots\" content=\"index, follow, max-snippet:-1, max-image-preview:large, max-video-preview:-1\" \/>\n<link rel=\"canonical\" href=\"https:\/\/dualgree.com.br\/loja\/produto\/helice-do-condensador-ar-condicionado-para-lg-dual-inverter\/\" \/>\n<meta property=\"og:locale\" content=\"pt_BR\" \/>\n<meta property=\"og:type\" content=\"article\" \/>\n<meta property=\"og:title\" content=\"Helice Do Condensador ar condicionado para LG Dual Inverter - Loja - Dual Gree Servi\u00e7os | Pe\u00e7as\" \/>\n<meta property=\"og:description\" content=\"Helice Do Condensador ar condicionado para LG Dual Inverter e inverter, tenha um produto de alta qualidade e pre\u00e7o justo.\" \/>\n<meta property=\"og:url\" content=\"https:\/\/dualgree.com.br\/loja\/produto\/helice-do-condensador-ar-condicionado-para-lg-dual-inverter\/\" \/>\n<meta property=\"og:site_name\" content=\"Loja - Dual Gree Servi\u00e7os | Pe\u00e7as\" \/>\n<meta property=\"article:modified_time\" content=\"2024-04-01T20:37:33+00:00\" \/>\n<meta property=\"og:image\" content=\"https:\/\/dualgree.com.br\/loja\/wp-content\/uploads\/2024\/02\/15249899289_456-Helice20do20condesador20USNQ09-12.jpeg\" \/>\n\t<meta property=\"og:image:width\" content=\"1280\" \/>\n\t<meta property=\"og:image:height\" content=\"1280\" \/>\n\t<meta property=\"og:image:type\" content=\"image\/jpeg\" \/>\n<meta name=\"twitter:card\" content=\"summary_large_image\" \/>\n<meta name=\"twitter:label1\" content=\"Est. tempo de leitura\" \/>\n\t<meta name=\"twitter:data1\" content=\"1 minuto\" \/>\n<script type=\"application\/ld+json\" class=\"yoast-schema-graph\">{\"@context\":\"https:\\\/\\\/schema.org\",\"@graph\":[{\"@type\":\"WebPage\",\"@id\":\"https:\\\/\\\/dualgree.com.br\\\/loja\\\/produto\\\/helice-do-condensador-ar-condicionado-para-lg-dual-inverter\\\/\",\"url\":\"https:\\\/\\\/dualgree.com.br\\\/loja\\\/produto\\\/helice-do-condensador-ar-condicionado-para-lg-dual-inverter\\\/\",\"name\":\"Helice Do Condensador ar condicionado para LG Dual Inverter - Loja - Dual Gree Servi\u00e7os | Pe\u00e7as\",\"isPartOf\":{\"@id\":\"https:\\\/\\\/dualgree.com.br\\\/loja\\\/#website\"},\"primaryImageOfPage\":{\"@id\":\"https:\\\/\\\/dualgree.com.br\\\/loja\\\/produto\\\/helice-do-condensador-ar-condicionado-para-lg-dual-inverter\\\/#primaryimage\"},\"image\":{\"@id\":\"https:\\\/\\\/dualgree.com.br\\\/loja\\\/produto\\\/helice-do-condensador-ar-condicionado-para-lg-dual-inverter\\\/#primaryimage\"},\"thumbnailUrl\":\"https:\\\/\\\/dualgree.com.br\\\/loja\\\/wp-content\\\/uploads\\\/2024\\\/02\\\/15249899289_456-Helice20do20condesador20USNQ09-12.jpeg\",\"datePublished\":\"2024-02-06T12:33:50+00:00\",\"dateModified\":\"2024-04-01T20:37:33+00:00\",\"description\":\"Helice Do Condensador ar condicionado para LG Dual Inverter e inverter, tenha um produto de alta qualidade e pre\u00e7o justo.\",\"breadcrumb\":{\"@id\":\"https:\\\/\\\/dualgree.com.br\\\/loja\\\/produto\\\/helice-do-condensador-ar-condicionado-para-lg-dual-inverter\\\/#breadcrumb\"},\"inLanguage\":\"pt-BR\",\"potentialAction\":[{\"@type\":\"ReadAction\",\"target\":[\"https:\\\/\\\/dualgree.com.br\\\/loja\\\/produto\\\/helice-do-condensador-ar-condicionado-para-lg-dual-inverter\\\/\"]}]},{\"@type\":\"ImageObject\",\"inLanguage\":\"pt-BR\",\"@id\":\"https:\\\/\\\/dualgree.com.br\\\/loja\\\/produto\\\/helice-do-condensador-ar-condicionado-para-lg-dual-inverter\\\/#primaryimage\",\"url\":\"https:\\\/\\\/dualgree.com.br\\\/loja\\\/wp-content\\\/uploads\\\/2024\\\/02\\\/15249899289_456-Helice20do20condesador20USNQ09-12.jpeg\",\"contentUrl\":\"https:\\\/\\\/dualgree.com.br\\\/loja\\\/wp-content\\\/uploads\\\/2024\\\/02\\\/15249899289_456-Helice20do20condesador20USNQ09-12.jpeg\",\"width\":1200,\"height\":1200},{\"@type\":\"BreadcrumbList\",\"@id\":\"https:\\\/\\\/dualgree.com.br\\\/loja\\\/produto\\\/helice-do-condensador-ar-condicionado-para-lg-dual-inverter\\\/#breadcrumb\",\"itemListElement\":[{\"@type\":\"ListItem\",\"position\":1,\"name\":\"In\u00edcio\",\"item\":\"https:\\\/\\\/dualgree.com.br\\\/loja\\\/\"},{\"@type\":\"ListItem\",\"position\":2,\"name\":\"Loja &#8211; Cat\u00e1logo de Pe\u00e7as\",\"item\":\"https:\\\/\\\/dualgree.com.br\\\/loja\\\/\"},{\"@type\":\"ListItem\",\"position\":3,\"name\":\"Helice Do Condensador ar condicionado para LG Dual Inverter\"}]},{\"@type\":\"WebSite\",\"@id\":\"https:\\\/\\\/dualgree.com.br\\\/loja\\\/#website\",\"url\":\"https:\\\/\\\/dualgree.com.br\\\/loja\\\/\",\"name\":\"Loja - Dual Gree Servi\u00e7os | Partes e Pe\u00e7as\",\"description\":\"Catalogo de Pe\u00e7as para ar condicionado\",\"publisher\":{\"@id\":\"https:\\\/\\\/dualgree.com.br\\\/loja\\\/#organization\"},\"potentialAction\":[{\"@type\":\"SearchAction\",\"target\":{\"@type\":\"EntryPoint\",\"urlTemplate\":\"https:\\\/\\\/dualgree.com.br\\\/loja\\\/?s={search_term_string}\"},\"query-input\":{\"@type\":\"PropertyValueSpecification\",\"valueRequired\":true,\"valueName\":\"search_term_string\"}}],\"inLanguage\":\"pt-BR\"},{\"@type\":\"Organization\",\"@id\":\"https:\\\/\\\/dualgree.com.br\\\/loja\\\/#organization\",\"name\":\"Loja Dual Gree Servi\u00e7o\",\"url\":\"https:\\\/\\\/dualgree.com.br\\\/loja\\\/\",\"logo\":{\"@type\":\"ImageObject\",\"inLanguage\":\"pt-BR\",\"@id\":\"https:\\\/\\\/dualgree.com.br\\\/loja\\\/#\\\/schema\\\/logo\\\/image\\\/\",\"url\":\"https:\\\/\\\/dualgree.com.br\\\/loja\\\/wp-content\\\/uploads\\\/2024\\\/09\\\/teste-logo-ecommerce-dual-1-e1725909304971.png\",\"contentUrl\":\"https:\\\/\\\/dualgree.com.br\\\/loja\\\/wp-content\\\/uploads\\\/2024\\\/09\\\/teste-logo-ecommerce-dual-1-e1725909304971.png\",\"width\":470,\"height\":157,\"caption\":\"Loja Dual Gree Servi\u00e7o\"},\"image\":{\"@id\":\"https:\\\/\\\/dualgree.com.br\\\/loja\\\/#\\\/schema\\\/logo\\\/image\\\/\"}}]}<\/script>\n<!-- \/ Yoast SEO plugin. -->","yoast_head_json":{"title":"Helice Do Condensador ar condicionado para LG Dual Inverter - Loja - Dual Gree Servi\u00e7os | Pe\u00e7as","description":"Helice Do Condensador ar condicionado para LG Dual Inverter e inverter, tenha um produto de alta qualidade e pre\u00e7o justo.","robots":{"index":"index","follow":"follow","max-snippet":"max-snippet:-1","max-image-preview":"max-image-preview:large","max-video-preview":"max-video-preview:-1"},"canonical":"https:\/\/dualgree.com.br\/loja\/produto\/helice-do-condensador-ar-condicionado-para-lg-dual-inverter\/","og_locale":"pt_BR","og_type":"article","og_title":"Helice Do Condensador ar condicionado para LG Dual Inverter - Loja - Dual Gree Servi\u00e7os | Pe\u00e7as","og_description":"Helice Do Condensador ar condicionado para LG Dual Inverter e inverter, tenha um produto de alta qualidade e pre\u00e7o justo.","og_url":"https:\/\/dualgree.com.br\/loja\/produto\/helice-do-condensador-ar-condicionado-para-lg-dual-inverter\/","og_site_name":"Loja - Dual Gree Servi\u00e7os | Pe\u00e7as","article_modified_time":"2024-04-01T20:37:33+00:00","og_image":[{"width":1280,"height":1280,"url":"https:\/\/dualgree.com.br\/loja\/wp-content\/uploads\/2024\/02\/15249899289_456-Helice20do20condesador20USNQ09-12.jpeg","type":"image\/jpeg"}],"twitter_card":"summary_large_image","twitter_misc":{"Est. tempo de leitura":"1 minuto"},"schema":{"@context":"https:\/\/schema.org","@graph":[{"@type":"WebPage","@id":"https:\/\/dualgree.com.br\/loja\/produto\/helice-do-condensador-ar-condicionado-para-lg-dual-inverter\/","url":"https:\/\/dualgree.com.br\/loja\/produto\/helice-do-condensador-ar-condicionado-para-lg-dual-inverter\/","name":"Helice Do Condensador ar condicionado para LG Dual Inverter - Loja - Dual Gree Servi\u00e7os | Pe\u00e7as","isPartOf":{"@id":"https:\/\/dualgree.com.br\/loja\/#website"},"primaryImageOfPage":{"@id":"https:\/\/dualgree.com.br\/loja\/produto\/helice-do-condensador-ar-condicionado-para-lg-dual-inverter\/#primaryimage"},"image":{"@id":"https:\/\/dualgree.com.br\/loja\/produto\/helice-do-condensador-ar-condicionado-para-lg-dual-inverter\/#primaryimage"},"thumbnailUrl":"https:\/\/dualgree.com.br\/loja\/wp-content\/uploads\/2024\/02\/15249899289_456-Helice20do20condesador20USNQ09-12.jpeg","datePublished":"2024-02-06T12:33:50+00:00","dateModified":"2024-04-01T20:37:33+00:00","description":"Helice Do Condensador ar condicionado para LG Dual Inverter e inverter, tenha um produto de alta qualidade e pre\u00e7o justo.","breadcrumb":{"@id":"https:\/\/dualgree.com.br\/loja\/produto\/helice-do-condensador-ar-condicionado-para-lg-dual-inverter\/#breadcrumb"},"inLanguage":"pt-BR","potentialAction":[{"@type":"ReadAction","target":["https:\/\/dualgree.com.br\/loja\/produto\/helice-do-condensador-ar-condicionado-para-lg-dual-inverter\/"]}]},{"@type":"ImageObject","inLanguage":"pt-BR","@id":"https:\/\/dualgree.com.br\/loja\/produto\/helice-do-condensador-ar-condicionado-para-lg-dual-inverter\/#primaryimage","url":"https:\/\/dualgree.com.br\/loja\/wp-content\/uploads\/2024\/02\/15249899289_456-Helice20do20condesador20USNQ09-12.jpeg","contentUrl":"https:\/\/dualgree.com.br\/loja\/wp-content\/uploads\/2024\/02\/15249899289_456-Helice20do20condesador20USNQ09-12.jpeg","width":1200,"height":1200},{"@type":"BreadcrumbList","@id":"https:\/\/dualgree.com.br\/loja\/produto\/helice-do-condensador-ar-condicionado-para-lg-dual-inverter\/#breadcrumb","itemListElement":[{"@type":"ListItem","position":1,"name":"In\u00edcio","item":"https:\/\/dualgree.com.br\/loja\/"},{"@type":"ListItem","position":2,"name":"Loja &#8211; Cat\u00e1logo de Pe\u00e7as","item":"https:\/\/dualgree.com.br\/loja\/"},{"@type":"ListItem","position":3,"name":"Helice Do Condensador ar condicionado para LG Dual Inverter"}]},{"@type":"WebSite","@id":"https:\/\/dualgree.com.br\/loja\/#website","url":"https:\/\/dualgree.com.br\/loja\/","name":"Loja - Dual Gree Servi\u00e7os | Partes e Pe\u00e7as","description":"Catalogo de Pe\u00e7as para ar condicionado","publisher":{"@id":"https:\/\/dualgree.com.br\/loja\/#organization"},"potentialAction":[{"@type":"SearchAction","target":{"@type":"EntryPoint","urlTemplate":"https:\/\/dualgree.com.br\/loja\/?s={search_term_string}"},"query-input":{"@type":"PropertyValueSpecification","valueRequired":true,"valueName":"search_term_string"}}],"inLanguage":"pt-BR"},{"@type":"Organization","@id":"https:\/\/dualgree.com.br\/loja\/#organization","name":"Loja Dual Gree Servi\u00e7o","url":"https:\/\/dualgree.com.br\/loja\/","logo":{"@type":"ImageObject","inLanguage":"pt-BR","@id":"https:\/\/dualgree.com.br\/loja\/#\/schema\/logo\/image\/","url":"https:\/\/dualgree.com.br\/loja\/wp-content\/uploads\/2024\/09\/teste-logo-ecommerce-dual-1-e1725909304971.png","contentUrl":"https:\/\/dualgree.com.br\/loja\/wp-content\/uploads\/2024\/09\/teste-logo-ecommerce-dual-1-e1725909304971.png","width":470,"height":157,"caption":"Loja Dual Gree Servi\u00e7o"},"image":{"@id":"https:\/\/dualgree.com.br\/loja\/#\/schema\/logo\/image\/"}}]}},"jetpack_publicize_connections":[],"jetpack_sharing_enabled":true,"jetpack_likes_enabled":true,"_links":{"self":[{"href":"https:\/\/dualgree.com.br\/loja\/wp-json\/wp\/v2\/product\/3537","targetHints":{"allow":["GET"]}}],"collection":[{"href":"https:\/\/dualgree.com.br\/loja\/wp-json\/wp\/v2\/product"}],"about":[{"href":"https:\/\/dualgree.com.br\/loja\/wp-json\/wp\/v2\/types\/product"}],"replies":[{"embeddable":true,"href":"https:\/\/dualgree.com.br\/loja\/wp-json\/wp\/v2\/comments?post=3537"}],"wp:featuredmedia":[{"embeddable":true,"href":"https:\/\/dualgree.com.br\/loja\/wp-json\/wp\/v2\/media\/3536"}],"wp:attachment":[{"href":"https:\/\/dualgree.com.br\/loja\/wp-json\/wp\/v2\/media?parent=3537"}],"wp:term":[{"taxonomy":"product_brand","embeddable":true,"href":"https:\/\/dualgree.com.br\/loja\/wp-json\/wp\/v2\/product_brand?post=3537"},{"taxonomy":"product_cat","embeddable":true,"href":"https:\/\/dualgree.com.br\/loja\/wp-json\/wp\/v2\/product_cat?post=3537"},{"taxonomy":"product_tag","embeddable":true,"href":"https:\/\/dualgree.com.br\/loja\/wp-json\/wp\/v2\/product_tag?post=3537"}],"curies":[{"name":"wp","href":"https:\/\/api.w.org\/{rel}","templated":true}]}}