{"id":3637,"date":"2024-02-19T19:02:54","date_gmt":"2024-02-19T19:02:54","guid":{"rendered":"https:\/\/dualgree.com.br\/loja\/produto\/maquina-de-gelo-titanium-110v-producao-rapida-10-min-preta\/"},"modified":"2025-04-29T16:38:20","modified_gmt":"2025-04-29T16:38:20","slug":"maquina-de-gelo-titanium-110v-producao-rapida-10-min-preta","status":"publish","type":"product","link":"https:\/\/dualgree.com.br\/loja\/produto\/maquina-de-gelo-titanium-110v-producao-rapida-10-min-preta\/","title":{"rendered":"M\u00e1quina De Gelo Titanium 110v Produ\u00e7\u00e3o Rapida 10 Min Pret..."},"content":{"rendered":"<p>M\u00e1quina De Gelo Titanium 110v Produ\u00e7\u00e3o Rapida 10 Min Preta<\/p>\n","protected":false},"excerpt":{"rendered":"<p>Maquina de fazer gelo\u00a0 com produ\u00e7\u00e3o de 0,062gramas\u00a0 de gelo por 10 min.<\/p>\n<p>Reservatorio cabe 1 kg de gelo, maquina para de produzir ao chegar no nivel de gelo cheio.<\/p>\n<p>Volta a funcionar ap\u00f3s a retirada do gelo, e libera\u00e7\u00e3o do nivel.<\/p>\n<p>Muito top leve para qualquer lugar, lembre se conectar em uma tomada 110 volts. E tenha um otimo dia.<\/p>\n<p>Est\u00e1 maquina s\u00f3 trabalha com \u00e1gua, n\u00e3o utilize substancias diferentes de \u00e1gua.<\/p>\n","protected":false},"featured_media":3634,"comment_status":"open","ping_status":"closed","template":"","meta":{"_kadence_starter_templates_imported_post":false,"_kad_post_transparent":"","_kad_post_title":"","_kad_post_layout":"","_kad_post_sidebar_id":"","_kad_post_content_style":"","_kad_post_vertical_padding":"","_kad_post_feature":"","_kad_post_feature_position":"","_kad_post_header":false,"_kad_post_footer":false,"jetpack_publicize_message":"","jetpack_publicize_feature_enabled":true,"jetpack_social_post_already_shared":false,"jetpack_social_options":{"image_generator_settings":{"template":"highway","default_image_id":0,"font":"","enabled":false},"version":2}},"product_brand":[],"product_cat":[230,229],"product_tag":[],"class_list":{"0":"post-3637","1":"product","2":"type-product","3":"status-publish","4":"has-post-thumbnail","6":"product_cat-eos","7":"product_cat-maquina-de-gelo","9":"first","10":"outofstock","11":"shipping-taxable","12":"purchasable","13":"product-type-simple","14":"entry","15":"content-bg","16":"loop-entry"},"yoast_head":"<!-- This site is optimized with the Yoast SEO plugin v27.5 - https:\/\/yoast.com\/product\/yoast-seo-wordpress\/ -->\n<title>M\u00e1quina De Gelo Titanium 110v Produ\u00e7\u00e3o Rapida 10 Min Preta - Loja - Dual Gree Servi\u00e7os | Pe\u00e7as<\/title>\n<meta name=\"description\" content=\"M\u00e1quina De Gelo Titanium 110v Produ\u00e7\u00e3o Rapida 10 Min Preta\" \/>\n<meta name=\"robots\" content=\"index, follow, max-snippet:-1, max-image-preview:large, max-video-preview:-1\" \/>\n<link rel=\"canonical\" href=\"https:\/\/dualgree.com.br\/loja\/produto\/maquina-de-gelo-titanium-110v-producao-rapida-10-min-preta\/\" \/>\n<meta property=\"og:locale\" content=\"pt_BR\" \/>\n<meta property=\"og:type\" content=\"article\" \/>\n<meta property=\"og:title\" content=\"M\u00e1quina De Gelo Titanium 110v Produ\u00e7\u00e3o Rapida 10 Min Preta - Loja - Dual Gree Servi\u00e7os | Pe\u00e7as\" \/>\n<meta property=\"og:description\" content=\"M\u00e1quina De Gelo Titanium 110v Produ\u00e7\u00e3o Rapida 10 Min Preta\" \/>\n<meta property=\"og:url\" content=\"https:\/\/dualgree.com.br\/loja\/produto\/maquina-de-gelo-titanium-110v-producao-rapida-10-min-preta\/\" \/>\n<meta property=\"og:site_name\" content=\"Loja - Dual Gree Servi\u00e7os | Pe\u00e7as\" \/>\n<meta property=\"article:modified_time\" content=\"2025-04-29T16:38:20+00:00\" \/>\n<meta property=\"og:image\" content=\"https:\/\/dualgree.com.br\/loja\/wp-content\/uploads\/2024\/02\/15252550664_dg1192-maquina20de20gelo20preta-.jpeg\" \/>\n\t<meta property=\"og:image:width\" content=\"1280\" \/>\n\t<meta property=\"og:image:height\" content=\"1280\" \/>\n\t<meta property=\"og:image:type\" content=\"image\/jpeg\" \/>\n<meta name=\"twitter:card\" content=\"summary_large_image\" \/>\n<meta name=\"twitter:label1\" content=\"Est. tempo de leitura\" \/>\n\t<meta name=\"twitter:data1\" content=\"1 minuto\" \/>\n<script type=\"application\/ld+json\" class=\"yoast-schema-graph\">{\"@context\":\"https:\\\/\\\/schema.org\",\"@graph\":[{\"@type\":\"WebPage\",\"@id\":\"https:\\\/\\\/dualgree.com.br\\\/loja\\\/produto\\\/maquina-de-gelo-titanium-110v-producao-rapida-10-min-preta\\\/\",\"url\":\"https:\\\/\\\/dualgree.com.br\\\/loja\\\/produto\\\/maquina-de-gelo-titanium-110v-producao-rapida-10-min-preta\\\/\",\"name\":\"M\u00e1quina De Gelo Titanium 110v Produ\u00e7\u00e3o Rapida 10 Min Preta - Loja - Dual Gree Servi\u00e7os | Pe\u00e7as\",\"isPartOf\":{\"@id\":\"https:\\\/\\\/dualgree.com.br\\\/loja\\\/#website\"},\"primaryImageOfPage\":{\"@id\":\"https:\\\/\\\/dualgree.com.br\\\/loja\\\/produto\\\/maquina-de-gelo-titanium-110v-producao-rapida-10-min-preta\\\/#primaryimage\"},\"image\":{\"@id\":\"https:\\\/\\\/dualgree.com.br\\\/loja\\\/produto\\\/maquina-de-gelo-titanium-110v-producao-rapida-10-min-preta\\\/#primaryimage\"},\"thumbnailUrl\":\"https:\\\/\\\/dualgree.com.br\\\/loja\\\/wp-content\\\/uploads\\\/2024\\\/02\\\/15252550664_dg1192-maquina20de20gelo20preta-.jpeg\",\"datePublished\":\"2024-02-19T19:02:54+00:00\",\"dateModified\":\"2025-04-29T16:38:20+00:00\",\"description\":\"M\u00e1quina De Gelo Titanium 110v Produ\u00e7\u00e3o Rapida 10 Min Preta\",\"breadcrumb\":{\"@id\":\"https:\\\/\\\/dualgree.com.br\\\/loja\\\/produto\\\/maquina-de-gelo-titanium-110v-producao-rapida-10-min-preta\\\/#breadcrumb\"},\"inLanguage\":\"pt-BR\",\"potentialAction\":[{\"@type\":\"ReadAction\",\"target\":[\"https:\\\/\\\/dualgree.com.br\\\/loja\\\/produto\\\/maquina-de-gelo-titanium-110v-producao-rapida-10-min-preta\\\/\"]}]},{\"@type\":\"ImageObject\",\"inLanguage\":\"pt-BR\",\"@id\":\"https:\\\/\\\/dualgree.com.br\\\/loja\\\/produto\\\/maquina-de-gelo-titanium-110v-producao-rapida-10-min-preta\\\/#primaryimage\",\"url\":\"https:\\\/\\\/dualgree.com.br\\\/loja\\\/wp-content\\\/uploads\\\/2024\\\/02\\\/15252550664_dg1192-maquina20de20gelo20preta-.jpeg\",\"contentUrl\":\"https:\\\/\\\/dualgree.com.br\\\/loja\\\/wp-content\\\/uploads\\\/2024\\\/02\\\/15252550664_dg1192-maquina20de20gelo20preta-.jpeg\",\"width\":1280,\"height\":1280},{\"@type\":\"BreadcrumbList\",\"@id\":\"https:\\\/\\\/dualgree.com.br\\\/loja\\\/produto\\\/maquina-de-gelo-titanium-110v-producao-rapida-10-min-preta\\\/#breadcrumb\",\"itemListElement\":[{\"@type\":\"ListItem\",\"position\":1,\"name\":\"In\u00edcio\",\"item\":\"https:\\\/\\\/dualgree.com.br\\\/loja\\\/\"},{\"@type\":\"ListItem\",\"position\":2,\"name\":\"Loja &#8211; Cat\u00e1logo de Pe\u00e7as\",\"item\":\"https:\\\/\\\/dualgree.com.br\\\/loja\\\/\"},{\"@type\":\"ListItem\",\"position\":3,\"name\":\"M\u00e1quina De Gelo Titanium 110v Produ\u00e7\u00e3o Rapida 10 Min Preta\"}]},{\"@type\":\"WebSite\",\"@id\":\"https:\\\/\\\/dualgree.com.br\\\/loja\\\/#website\",\"url\":\"https:\\\/\\\/dualgree.com.br\\\/loja\\\/\",\"name\":\"Loja - Dual Gree Servi\u00e7os | Partes e Pe\u00e7as\",\"description\":\"Catalogo de Pe\u00e7as para ar condicionado\",\"publisher\":{\"@id\":\"https:\\\/\\\/dualgree.com.br\\\/loja\\\/#organization\"},\"potentialAction\":[{\"@type\":\"SearchAction\",\"target\":{\"@type\":\"EntryPoint\",\"urlTemplate\":\"https:\\\/\\\/dualgree.com.br\\\/loja\\\/?s={search_term_string}\"},\"query-input\":{\"@type\":\"PropertyValueSpecification\",\"valueRequired\":true,\"valueName\":\"search_term_string\"}}],\"inLanguage\":\"pt-BR\"},{\"@type\":\"Organization\",\"@id\":\"https:\\\/\\\/dualgree.com.br\\\/loja\\\/#organization\",\"name\":\"Loja Dual Gree Servi\u00e7o\",\"url\":\"https:\\\/\\\/dualgree.com.br\\\/loja\\\/\",\"logo\":{\"@type\":\"ImageObject\",\"inLanguage\":\"pt-BR\",\"@id\":\"https:\\\/\\\/dualgree.com.br\\\/loja\\\/#\\\/schema\\\/logo\\\/image\\\/\",\"url\":\"https:\\\/\\\/dualgree.com.br\\\/loja\\\/wp-content\\\/uploads\\\/2024\\\/09\\\/teste-logo-ecommerce-dual-1-e1725909304971.png\",\"contentUrl\":\"https:\\\/\\\/dualgree.com.br\\\/loja\\\/wp-content\\\/uploads\\\/2024\\\/09\\\/teste-logo-ecommerce-dual-1-e1725909304971.png\",\"width\":470,\"height\":157,\"caption\":\"Loja Dual Gree Servi\u00e7o\"},\"image\":{\"@id\":\"https:\\\/\\\/dualgree.com.br\\\/loja\\\/#\\\/schema\\\/logo\\\/image\\\/\"}}]}<\/script>\n<!-- \/ Yoast SEO plugin. -->","yoast_head_json":{"title":"M\u00e1quina De Gelo Titanium 110v Produ\u00e7\u00e3o Rapida 10 Min Preta - Loja - Dual Gree Servi\u00e7os | Pe\u00e7as","description":"M\u00e1quina De Gelo Titanium 110v Produ\u00e7\u00e3o Rapida 10 Min Preta","robots":{"index":"index","follow":"follow","max-snippet":"max-snippet:-1","max-image-preview":"max-image-preview:large","max-video-preview":"max-video-preview:-1"},"canonical":"https:\/\/dualgree.com.br\/loja\/produto\/maquina-de-gelo-titanium-110v-producao-rapida-10-min-preta\/","og_locale":"pt_BR","og_type":"article","og_title":"M\u00e1quina De Gelo Titanium 110v Produ\u00e7\u00e3o Rapida 10 Min Preta - Loja - Dual Gree Servi\u00e7os | Pe\u00e7as","og_description":"M\u00e1quina De Gelo Titanium 110v Produ\u00e7\u00e3o Rapida 10 Min Preta","og_url":"https:\/\/dualgree.com.br\/loja\/produto\/maquina-de-gelo-titanium-110v-producao-rapida-10-min-preta\/","og_site_name":"Loja - Dual Gree Servi\u00e7os | Pe\u00e7as","article_modified_time":"2025-04-29T16:38:20+00:00","og_image":[{"width":1280,"height":1280,"url":"https:\/\/dualgree.com.br\/loja\/wp-content\/uploads\/2024\/02\/15252550664_dg1192-maquina20de20gelo20preta-.jpeg","type":"image\/jpeg"}],"twitter_card":"summary_large_image","twitter_misc":{"Est. tempo de leitura":"1 minuto"},"schema":{"@context":"https:\/\/schema.org","@graph":[{"@type":"WebPage","@id":"https:\/\/dualgree.com.br\/loja\/produto\/maquina-de-gelo-titanium-110v-producao-rapida-10-min-preta\/","url":"https:\/\/dualgree.com.br\/loja\/produto\/maquina-de-gelo-titanium-110v-producao-rapida-10-min-preta\/","name":"M\u00e1quina De Gelo Titanium 110v Produ\u00e7\u00e3o Rapida 10 Min Preta - Loja - Dual Gree Servi\u00e7os | Pe\u00e7as","isPartOf":{"@id":"https:\/\/dualgree.com.br\/loja\/#website"},"primaryImageOfPage":{"@id":"https:\/\/dualgree.com.br\/loja\/produto\/maquina-de-gelo-titanium-110v-producao-rapida-10-min-preta\/#primaryimage"},"image":{"@id":"https:\/\/dualgree.com.br\/loja\/produto\/maquina-de-gelo-titanium-110v-producao-rapida-10-min-preta\/#primaryimage"},"thumbnailUrl":"https:\/\/dualgree.com.br\/loja\/wp-content\/uploads\/2024\/02\/15252550664_dg1192-maquina20de20gelo20preta-.jpeg","datePublished":"2024-02-19T19:02:54+00:00","dateModified":"2025-04-29T16:38:20+00:00","description":"M\u00e1quina De Gelo Titanium 110v Produ\u00e7\u00e3o Rapida 10 Min Preta","breadcrumb":{"@id":"https:\/\/dualgree.com.br\/loja\/produto\/maquina-de-gelo-titanium-110v-producao-rapida-10-min-preta\/#breadcrumb"},"inLanguage":"pt-BR","potentialAction":[{"@type":"ReadAction","target":["https:\/\/dualgree.com.br\/loja\/produto\/maquina-de-gelo-titanium-110v-producao-rapida-10-min-preta\/"]}]},{"@type":"ImageObject","inLanguage":"pt-BR","@id":"https:\/\/dualgree.com.br\/loja\/produto\/maquina-de-gelo-titanium-110v-producao-rapida-10-min-preta\/#primaryimage","url":"https:\/\/dualgree.com.br\/loja\/wp-content\/uploads\/2024\/02\/15252550664_dg1192-maquina20de20gelo20preta-.jpeg","contentUrl":"https:\/\/dualgree.com.br\/loja\/wp-content\/uploads\/2024\/02\/15252550664_dg1192-maquina20de20gelo20preta-.jpeg","width":1280,"height":1280},{"@type":"BreadcrumbList","@id":"https:\/\/dualgree.com.br\/loja\/produto\/maquina-de-gelo-titanium-110v-producao-rapida-10-min-preta\/#breadcrumb","itemListElement":[{"@type":"ListItem","position":1,"name":"In\u00edcio","item":"https:\/\/dualgree.com.br\/loja\/"},{"@type":"ListItem","position":2,"name":"Loja &#8211; Cat\u00e1logo de Pe\u00e7as","item":"https:\/\/dualgree.com.br\/loja\/"},{"@type":"ListItem","position":3,"name":"M\u00e1quina De Gelo Titanium 110v Produ\u00e7\u00e3o Rapida 10 Min Preta"}]},{"@type":"WebSite","@id":"https:\/\/dualgree.com.br\/loja\/#website","url":"https:\/\/dualgree.com.br\/loja\/","name":"Loja - Dual Gree Servi\u00e7os | Partes e Pe\u00e7as","description":"Catalogo de Pe\u00e7as para ar condicionado","publisher":{"@id":"https:\/\/dualgree.com.br\/loja\/#organization"},"potentialAction":[{"@type":"SearchAction","target":{"@type":"EntryPoint","urlTemplate":"https:\/\/dualgree.com.br\/loja\/?s={search_term_string}"},"query-input":{"@type":"PropertyValueSpecification","valueRequired":true,"valueName":"search_term_string"}}],"inLanguage":"pt-BR"},{"@type":"Organization","@id":"https:\/\/dualgree.com.br\/loja\/#organization","name":"Loja Dual Gree Servi\u00e7o","url":"https:\/\/dualgree.com.br\/loja\/","logo":{"@type":"ImageObject","inLanguage":"pt-BR","@id":"https:\/\/dualgree.com.br\/loja\/#\/schema\/logo\/image\/","url":"https:\/\/dualgree.com.br\/loja\/wp-content\/uploads\/2024\/09\/teste-logo-ecommerce-dual-1-e1725909304971.png","contentUrl":"https:\/\/dualgree.com.br\/loja\/wp-content\/uploads\/2024\/09\/teste-logo-ecommerce-dual-1-e1725909304971.png","width":470,"height":157,"caption":"Loja Dual Gree Servi\u00e7o"},"image":{"@id":"https:\/\/dualgree.com.br\/loja\/#\/schema\/logo\/image\/"}}]}},"jetpack_publicize_connections":[],"jetpack_sharing_enabled":true,"jetpack_likes_enabled":true,"_links":{"self":[{"href":"https:\/\/dualgree.com.br\/loja\/wp-json\/wp\/v2\/product\/3637","targetHints":{"allow":["GET"]}}],"collection":[{"href":"https:\/\/dualgree.com.br\/loja\/wp-json\/wp\/v2\/product"}],"about":[{"href":"https:\/\/dualgree.com.br\/loja\/wp-json\/wp\/v2\/types\/product"}],"replies":[{"embeddable":true,"href":"https:\/\/dualgree.com.br\/loja\/wp-json\/wp\/v2\/comments?post=3637"}],"wp:featuredmedia":[{"embeddable":true,"href":"https:\/\/dualgree.com.br\/loja\/wp-json\/wp\/v2\/media\/3634"}],"wp:attachment":[{"href":"https:\/\/dualgree.com.br\/loja\/wp-json\/wp\/v2\/media?parent=3637"}],"wp:term":[{"taxonomy":"product_brand","embeddable":true,"href":"https:\/\/dualgree.com.br\/loja\/wp-json\/wp\/v2\/product_brand?post=3637"},{"taxonomy":"product_cat","embeddable":true,"href":"https:\/\/dualgree.com.br\/loja\/wp-json\/wp\/v2\/product_cat?post=3637"},{"taxonomy":"product_tag","embeddable":true,"href":"https:\/\/dualgree.com.br\/loja\/wp-json\/wp\/v2\/product_tag?post=3637"}],"curies":[{"name":"wp","href":"https:\/\/api.w.org\/{rel}","templated":true}]}}