{"id":3671,"date":"2024-02-29T20:31:30","date_gmt":"2024-02-29T20:31:30","guid":{"rendered":"https:\/\/dualgree.com.br\/loja\/produto\/tampinha-saida-agua-para-ar-condicionado-philco-pac11000f2\/"},"modified":"2026-04-14T16:17:40","modified_gmt":"2026-04-14T16:17:40","slug":"tampinha-saida-agua-para-ar-condicionado-philco-pac11000f2","status":"publish","type":"product","link":"https:\/\/dualgree.com.br\/loja\/produto\/tampinha-saida-agua-para-ar-condicionado-philco-pac11000f2\/","title":{"rendered":"TAMPINHA SA\u00cdDA \u00c1GUA PARA AR CONDICIONADO PORTATIL PHILCO P..."},"content":{"rendered":"<p>TAMPINHA SA\u00cdDA \u00c1GUA PARA AR CONDICIONADO PORTATIL PHILCO PAC11000F2<\/p>\n<p>Evite que seu ar condicionado fique molhando seu ambiente, resolva o problema com esta tampinha de agua.<\/p>\n","protected":false},"excerpt":{"rendered":"<h1 style=\"font-size: var(--font-size-big); margin: 0px 0px 0px 16px; font-family: var(--font-family-primary); color: #495769; padding: 0px; letter-spacing: var(--letter-spacing);\">TAMPINHA SAIDA AGUA PARA AR CONDICIONADO PORTATIL PHILCO<\/h1>\n<p>COMPATIVEL COM OS MODELOS<\/p>\n<p>PAC12000F2<\/p>\n<p>PAC12000F5<\/p>\n","protected":false},"featured_media":3668,"comment_status":"open","ping_status":"closed","template":"","meta":{"_kadence_starter_templates_imported_post":false,"_kad_post_transparent":"","_kad_post_title":"","_kad_post_layout":"","_kad_post_sidebar_id":"","_kad_post_content_style":"","_kad_post_vertical_padding":"","_kad_post_feature":"","_kad_post_feature_position":"","_kad_post_header":false,"_kad_post_footer":false,"jetpack_publicize_message":"","jetpack_publicize_feature_enabled":true,"jetpack_social_post_already_shared":false,"jetpack_social_options":{"image_generator_settings":{"template":"highway","default_image_id":0,"font":"","enabled":false},"version":2}},"product_brand":[],"product_cat":[183,224],"product_tag":[],"class_list":{"0":"post-3671","1":"product","2":"type-product","3":"status-publish","4":"has-post-thumbnail","6":"product_cat-philco","7":"product_cat-tampinha-de-agua-portatil","9":"first","10":"instock","11":"shipping-taxable","12":"purchasable","13":"product-type-simple","14":"entry","15":"content-bg","16":"loop-entry"},"yoast_head":"<!-- This site is optimized with the Yoast SEO plugin v27.5 - https:\/\/yoast.com\/product\/yoast-seo-wordpress\/ -->\n<title>TAMPINHA SA\u00cdDA \u00c1GUA PARA AR CONDICIONADO PORTATIL PHILCO PAC11000F2 - Loja - Dual Gree Servi\u00e7os | Pe\u00e7as<\/title>\n<meta name=\"description\" content=\"TAMPINHA SA\u00cdDA \u00c1GUA PARA AR CONDICIONADO PORTATIL PHILCO PAC11000F2\" \/>\n<meta name=\"robots\" content=\"index, follow, max-snippet:-1, max-image-preview:large, max-video-preview:-1\" \/>\n<link rel=\"canonical\" href=\"https:\/\/dualgree.com.br\/loja\/produto\/tampinha-saida-agua-para-ar-condicionado-philco-pac11000f2\/\" \/>\n<meta property=\"og:locale\" content=\"pt_BR\" \/>\n<meta property=\"og:type\" content=\"article\" \/>\n<meta property=\"og:title\" content=\"TAMPINHA SA\u00cdDA \u00c1GUA PARA AR CONDICIONADO PORTATIL PHILCO PAC11000F2 - Loja - Dual Gree Servi\u00e7os | Pe\u00e7as\" \/>\n<meta property=\"og:description\" content=\"TAMPINHA SA\u00cdDA \u00c1GUA PARA AR CONDICIONADO PORTATIL PHILCO PAC11000F2\" \/>\n<meta property=\"og:url\" content=\"https:\/\/dualgree.com.br\/loja\/produto\/tampinha-saida-agua-para-ar-condicionado-philco-pac11000f2\/\" \/>\n<meta property=\"og:site_name\" content=\"Loja - Dual Gree Servi\u00e7os | Pe\u00e7as\" \/>\n<meta property=\"article:modified_time\" content=\"2026-04-14T16:17:40+00:00\" \/>\n<meta property=\"og:image\" content=\"https:\/\/dualgree.com.br\/loja\/wp-content\/uploads\/2024\/02\/15254898808_TAMPINHA20DE20AGUA20PARA20PHILCO20PAC12000F2202.jpeg\" \/>\n\t<meta property=\"og:image:width\" content=\"1280\" \/>\n\t<meta property=\"og:image:height\" content=\"1280\" \/>\n\t<meta property=\"og:image:type\" content=\"image\/jpeg\" \/>\n<meta name=\"twitter:card\" content=\"summary_large_image\" \/>\n<meta name=\"twitter:label1\" content=\"Est. tempo de leitura\" \/>\n\t<meta name=\"twitter:data1\" content=\"1 minuto\" \/>\n<script type=\"application\/ld+json\" class=\"yoast-schema-graph\">{\"@context\":\"https:\\\/\\\/schema.org\",\"@graph\":[{\"@type\":\"WebPage\",\"@id\":\"https:\\\/\\\/dualgree.com.br\\\/loja\\\/produto\\\/tampinha-saida-agua-para-ar-condicionado-philco-pac11000f2\\\/\",\"url\":\"https:\\\/\\\/dualgree.com.br\\\/loja\\\/produto\\\/tampinha-saida-agua-para-ar-condicionado-philco-pac11000f2\\\/\",\"name\":\"TAMPINHA SA\u00cdDA \u00c1GUA PARA AR CONDICIONADO PORTATIL PHILCO PAC11000F2 - Loja - Dual Gree Servi\u00e7os | Pe\u00e7as\",\"isPartOf\":{\"@id\":\"https:\\\/\\\/dualgree.com.br\\\/loja\\\/#website\"},\"primaryImageOfPage\":{\"@id\":\"https:\\\/\\\/dualgree.com.br\\\/loja\\\/produto\\\/tampinha-saida-agua-para-ar-condicionado-philco-pac11000f2\\\/#primaryimage\"},\"image\":{\"@id\":\"https:\\\/\\\/dualgree.com.br\\\/loja\\\/produto\\\/tampinha-saida-agua-para-ar-condicionado-philco-pac11000f2\\\/#primaryimage\"},\"thumbnailUrl\":\"https:\\\/\\\/dualgree.com.br\\\/loja\\\/wp-content\\\/uploads\\\/2024\\\/02\\\/15254898808_TAMPINHA20DE20AGUA20PARA20PHILCO20PAC12000F2202.jpeg\",\"datePublished\":\"2024-02-29T20:31:30+00:00\",\"dateModified\":\"2026-04-14T16:17:40+00:00\",\"description\":\"TAMPINHA SA\u00cdDA \u00c1GUA PARA AR CONDICIONADO PORTATIL PHILCO PAC11000F2\",\"breadcrumb\":{\"@id\":\"https:\\\/\\\/dualgree.com.br\\\/loja\\\/produto\\\/tampinha-saida-agua-para-ar-condicionado-philco-pac11000f2\\\/#breadcrumb\"},\"inLanguage\":\"pt-BR\",\"potentialAction\":[{\"@type\":\"ReadAction\",\"target\":[\"https:\\\/\\\/dualgree.com.br\\\/loja\\\/produto\\\/tampinha-saida-agua-para-ar-condicionado-philco-pac11000f2\\\/\"]}]},{\"@type\":\"ImageObject\",\"inLanguage\":\"pt-BR\",\"@id\":\"https:\\\/\\\/dualgree.com.br\\\/loja\\\/produto\\\/tampinha-saida-agua-para-ar-condicionado-philco-pac11000f2\\\/#primaryimage\",\"url\":\"https:\\\/\\\/dualgree.com.br\\\/loja\\\/wp-content\\\/uploads\\\/2024\\\/02\\\/15254898808_TAMPINHA20DE20AGUA20PARA20PHILCO20PAC12000F2202.jpeg\",\"contentUrl\":\"https:\\\/\\\/dualgree.com.br\\\/loja\\\/wp-content\\\/uploads\\\/2024\\\/02\\\/15254898808_TAMPINHA20DE20AGUA20PARA20PHILCO20PAC12000F2202.jpeg\",\"width\":1200,\"height\":1200},{\"@type\":\"BreadcrumbList\",\"@id\":\"https:\\\/\\\/dualgree.com.br\\\/loja\\\/produto\\\/tampinha-saida-agua-para-ar-condicionado-philco-pac11000f2\\\/#breadcrumb\",\"itemListElement\":[{\"@type\":\"ListItem\",\"position\":1,\"name\":\"In\u00edcio\",\"item\":\"https:\\\/\\\/dualgree.com.br\\\/loja\\\/\"},{\"@type\":\"ListItem\",\"position\":2,\"name\":\"Loja &#8211; Cat\u00e1logo de Pe\u00e7as\",\"item\":\"https:\\\/\\\/dualgree.com.br\\\/loja\\\/\"},{\"@type\":\"ListItem\",\"position\":3,\"name\":\"TAMPINHA SA\u00cdDA \u00c1GUA PARA AR CONDICIONADO PORTATIL PHILCO PAC11000F2\"}]},{\"@type\":\"WebSite\",\"@id\":\"https:\\\/\\\/dualgree.com.br\\\/loja\\\/#website\",\"url\":\"https:\\\/\\\/dualgree.com.br\\\/loja\\\/\",\"name\":\"Loja - Dual Gree Servi\u00e7os | Partes e Pe\u00e7as\",\"description\":\"Catalogo de Pe\u00e7as para ar condicionado\",\"publisher\":{\"@id\":\"https:\\\/\\\/dualgree.com.br\\\/loja\\\/#organization\"},\"potentialAction\":[{\"@type\":\"SearchAction\",\"target\":{\"@type\":\"EntryPoint\",\"urlTemplate\":\"https:\\\/\\\/dualgree.com.br\\\/loja\\\/?s={search_term_string}\"},\"query-input\":{\"@type\":\"PropertyValueSpecification\",\"valueRequired\":true,\"valueName\":\"search_term_string\"}}],\"inLanguage\":\"pt-BR\"},{\"@type\":\"Organization\",\"@id\":\"https:\\\/\\\/dualgree.com.br\\\/loja\\\/#organization\",\"name\":\"Loja Dual Gree Servi\u00e7o\",\"url\":\"https:\\\/\\\/dualgree.com.br\\\/loja\\\/\",\"logo\":{\"@type\":\"ImageObject\",\"inLanguage\":\"pt-BR\",\"@id\":\"https:\\\/\\\/dualgree.com.br\\\/loja\\\/#\\\/schema\\\/logo\\\/image\\\/\",\"url\":\"https:\\\/\\\/dualgree.com.br\\\/loja\\\/wp-content\\\/uploads\\\/2024\\\/09\\\/teste-logo-ecommerce-dual-1-e1725909304971.png\",\"contentUrl\":\"https:\\\/\\\/dualgree.com.br\\\/loja\\\/wp-content\\\/uploads\\\/2024\\\/09\\\/teste-logo-ecommerce-dual-1-e1725909304971.png\",\"width\":470,\"height\":157,\"caption\":\"Loja Dual Gree Servi\u00e7o\"},\"image\":{\"@id\":\"https:\\\/\\\/dualgree.com.br\\\/loja\\\/#\\\/schema\\\/logo\\\/image\\\/\"}}]}<\/script>\n<!-- \/ Yoast SEO plugin. -->","yoast_head_json":{"title":"TAMPINHA SA\u00cdDA \u00c1GUA PARA AR CONDICIONADO PORTATIL PHILCO PAC11000F2 - Loja - Dual Gree Servi\u00e7os | Pe\u00e7as","description":"TAMPINHA SA\u00cdDA \u00c1GUA PARA AR CONDICIONADO PORTATIL PHILCO PAC11000F2","robots":{"index":"index","follow":"follow","max-snippet":"max-snippet:-1","max-image-preview":"max-image-preview:large","max-video-preview":"max-video-preview:-1"},"canonical":"https:\/\/dualgree.com.br\/loja\/produto\/tampinha-saida-agua-para-ar-condicionado-philco-pac11000f2\/","og_locale":"pt_BR","og_type":"article","og_title":"TAMPINHA SA\u00cdDA \u00c1GUA PARA AR CONDICIONADO PORTATIL PHILCO PAC11000F2 - Loja - Dual Gree Servi\u00e7os | Pe\u00e7as","og_description":"TAMPINHA SA\u00cdDA \u00c1GUA PARA AR CONDICIONADO PORTATIL PHILCO PAC11000F2","og_url":"https:\/\/dualgree.com.br\/loja\/produto\/tampinha-saida-agua-para-ar-condicionado-philco-pac11000f2\/","og_site_name":"Loja - Dual Gree Servi\u00e7os | Pe\u00e7as","article_modified_time":"2026-04-14T16:17:40+00:00","og_image":[{"width":1280,"height":1280,"url":"https:\/\/dualgree.com.br\/loja\/wp-content\/uploads\/2024\/02\/15254898808_TAMPINHA20DE20AGUA20PARA20PHILCO20PAC12000F2202.jpeg","type":"image\/jpeg"}],"twitter_card":"summary_large_image","twitter_misc":{"Est. tempo de leitura":"1 minuto"},"schema":{"@context":"https:\/\/schema.org","@graph":[{"@type":"WebPage","@id":"https:\/\/dualgree.com.br\/loja\/produto\/tampinha-saida-agua-para-ar-condicionado-philco-pac11000f2\/","url":"https:\/\/dualgree.com.br\/loja\/produto\/tampinha-saida-agua-para-ar-condicionado-philco-pac11000f2\/","name":"TAMPINHA SA\u00cdDA \u00c1GUA PARA AR CONDICIONADO PORTATIL PHILCO PAC11000F2 - Loja - Dual Gree Servi\u00e7os | Pe\u00e7as","isPartOf":{"@id":"https:\/\/dualgree.com.br\/loja\/#website"},"primaryImageOfPage":{"@id":"https:\/\/dualgree.com.br\/loja\/produto\/tampinha-saida-agua-para-ar-condicionado-philco-pac11000f2\/#primaryimage"},"image":{"@id":"https:\/\/dualgree.com.br\/loja\/produto\/tampinha-saida-agua-para-ar-condicionado-philco-pac11000f2\/#primaryimage"},"thumbnailUrl":"https:\/\/dualgree.com.br\/loja\/wp-content\/uploads\/2024\/02\/15254898808_TAMPINHA20DE20AGUA20PARA20PHILCO20PAC12000F2202.jpeg","datePublished":"2024-02-29T20:31:30+00:00","dateModified":"2026-04-14T16:17:40+00:00","description":"TAMPINHA SA\u00cdDA \u00c1GUA PARA AR CONDICIONADO PORTATIL PHILCO PAC11000F2","breadcrumb":{"@id":"https:\/\/dualgree.com.br\/loja\/produto\/tampinha-saida-agua-para-ar-condicionado-philco-pac11000f2\/#breadcrumb"},"inLanguage":"pt-BR","potentialAction":[{"@type":"ReadAction","target":["https:\/\/dualgree.com.br\/loja\/produto\/tampinha-saida-agua-para-ar-condicionado-philco-pac11000f2\/"]}]},{"@type":"ImageObject","inLanguage":"pt-BR","@id":"https:\/\/dualgree.com.br\/loja\/produto\/tampinha-saida-agua-para-ar-condicionado-philco-pac11000f2\/#primaryimage","url":"https:\/\/dualgree.com.br\/loja\/wp-content\/uploads\/2024\/02\/15254898808_TAMPINHA20DE20AGUA20PARA20PHILCO20PAC12000F2202.jpeg","contentUrl":"https:\/\/dualgree.com.br\/loja\/wp-content\/uploads\/2024\/02\/15254898808_TAMPINHA20DE20AGUA20PARA20PHILCO20PAC12000F2202.jpeg","width":1200,"height":1200},{"@type":"BreadcrumbList","@id":"https:\/\/dualgree.com.br\/loja\/produto\/tampinha-saida-agua-para-ar-condicionado-philco-pac11000f2\/#breadcrumb","itemListElement":[{"@type":"ListItem","position":1,"name":"In\u00edcio","item":"https:\/\/dualgree.com.br\/loja\/"},{"@type":"ListItem","position":2,"name":"Loja &#8211; Cat\u00e1logo de Pe\u00e7as","item":"https:\/\/dualgree.com.br\/loja\/"},{"@type":"ListItem","position":3,"name":"TAMPINHA SA\u00cdDA \u00c1GUA PARA AR CONDICIONADO PORTATIL PHILCO PAC11000F2"}]},{"@type":"WebSite","@id":"https:\/\/dualgree.com.br\/loja\/#website","url":"https:\/\/dualgree.com.br\/loja\/","name":"Loja - Dual Gree Servi\u00e7os | Partes e Pe\u00e7as","description":"Catalogo de Pe\u00e7as para ar condicionado","publisher":{"@id":"https:\/\/dualgree.com.br\/loja\/#organization"},"potentialAction":[{"@type":"SearchAction","target":{"@type":"EntryPoint","urlTemplate":"https:\/\/dualgree.com.br\/loja\/?s={search_term_string}"},"query-input":{"@type":"PropertyValueSpecification","valueRequired":true,"valueName":"search_term_string"}}],"inLanguage":"pt-BR"},{"@type":"Organization","@id":"https:\/\/dualgree.com.br\/loja\/#organization","name":"Loja Dual Gree Servi\u00e7o","url":"https:\/\/dualgree.com.br\/loja\/","logo":{"@type":"ImageObject","inLanguage":"pt-BR","@id":"https:\/\/dualgree.com.br\/loja\/#\/schema\/logo\/image\/","url":"https:\/\/dualgree.com.br\/loja\/wp-content\/uploads\/2024\/09\/teste-logo-ecommerce-dual-1-e1725909304971.png","contentUrl":"https:\/\/dualgree.com.br\/loja\/wp-content\/uploads\/2024\/09\/teste-logo-ecommerce-dual-1-e1725909304971.png","width":470,"height":157,"caption":"Loja Dual Gree Servi\u00e7o"},"image":{"@id":"https:\/\/dualgree.com.br\/loja\/#\/schema\/logo\/image\/"}}]}},"jetpack_publicize_connections":[],"jetpack_sharing_enabled":true,"jetpack_likes_enabled":true,"_links":{"self":[{"href":"https:\/\/dualgree.com.br\/loja\/wp-json\/wp\/v2\/product\/3671","targetHints":{"allow":["GET"]}}],"collection":[{"href":"https:\/\/dualgree.com.br\/loja\/wp-json\/wp\/v2\/product"}],"about":[{"href":"https:\/\/dualgree.com.br\/loja\/wp-json\/wp\/v2\/types\/product"}],"replies":[{"embeddable":true,"href":"https:\/\/dualgree.com.br\/loja\/wp-json\/wp\/v2\/comments?post=3671"}],"wp:featuredmedia":[{"embeddable":true,"href":"https:\/\/dualgree.com.br\/loja\/wp-json\/wp\/v2\/media\/3668"}],"wp:attachment":[{"href":"https:\/\/dualgree.com.br\/loja\/wp-json\/wp\/v2\/media?parent=3671"}],"wp:term":[{"taxonomy":"product_brand","embeddable":true,"href":"https:\/\/dualgree.com.br\/loja\/wp-json\/wp\/v2\/product_brand?post=3671"},{"taxonomy":"product_cat","embeddable":true,"href":"https:\/\/dualgree.com.br\/loja\/wp-json\/wp\/v2\/product_cat?post=3671"},{"taxonomy":"product_tag","embeddable":true,"href":"https:\/\/dualgree.com.br\/loja\/wp-json\/wp\/v2\/product_tag?post=3671"}],"curies":[{"name":"wp","href":"https:\/\/api.w.org\/{rel}","templated":true}]}}