{"id":3723,"date":"2024-03-05T18:08:54","date_gmt":"2024-03-05T18:08:54","guid":{"rendered":"https:\/\/dualgree.com.br\/loja\/produto\/placa-evaporadora-ar-condicionado-carrier-28000-btus-midea-42mtca28m5\/"},"modified":"2024-05-28T12:26:58","modified_gmt":"2024-05-28T12:26:58","slug":"placa-evaporadora-ar-condicionado-carrier-28000-btus-midea-42mtca28m5","status":"publish","type":"product","link":"https:\/\/dualgree.com.br\/loja\/produto\/placa-evaporadora-ar-condicionado-carrier-28000-btus-midea-42mtca28m5\/","title":{"rendered":"PLACA EVAPORADORA AR CONDICIONADO CARRIER 28000 BTUS MIDEA 4..."},"content":{"rendered":"<p>PLACA EVAPORADORA AR CONDICIONADO CARRIER 28000 BTUS MIDEA 42MTCA28M5<\/p>\n","protected":false},"excerpt":{"rendered":"<h1 id=\"titulo_novo_produto\" data-i18n=\"Produto:productStepByStep.form.titleNewProduct\" style=\"font-size: var(--font-size-big);margin: 0px;font-family: var(--font-family-primary);color: #495769;padding: 0px;letter-spacing: var(--letter-spacing)\">IC3684 &#8211; PLACA EVAPORADORA AR CONDICIONADO CARRIER 28000 BTUS MIDEA 42MTCA28M5 RECONDICIONADA<\/h1>\n<p>\u00a0<\/p>\n<p>RECONDICIONADO<\/p>\n<p>\u00a0<\/p>\n<p>C\u00d3DIGO DA PLACA<br \/>201333090310<br \/>CASA-KFR65G\/N1Y<br \/>ODW1081107020578<\/p>\n<p>MC807_B659V12<\/p>\n<p>MODELOS COMPAT\u00cdVEIS<br \/>42MTCA28M5<br \/>42MTCB28M5<\/p>\n","protected":false},"featured_media":4695,"comment_status":"open","ping_status":"closed","template":"","meta":{"_kadence_starter_templates_imported_post":false,"_kad_post_transparent":"","_kad_post_title":"","_kad_post_layout":"","_kad_post_sidebar_id":"","_kad_post_content_style":"","_kad_post_vertical_padding":"","_kad_post_feature":"","_kad_post_feature_position":"","_kad_post_header":false,"_kad_post_footer":false,"jetpack_publicize_message":"","jetpack_publicize_feature_enabled":true,"jetpack_social_post_already_shared":false,"jetpack_social_options":{"image_generator_settings":{"template":"highway","default_image_id":0,"font":"","enabled":false},"version":2}},"product_brand":[],"product_cat":[177,176],"product_tag":[],"class_list":{"0":"post-3723","1":"product","2":"type-product","3":"status-publish","4":"has-post-thumbnail","6":"product_cat-carrier","7":"product_cat-midea","9":"first","10":"instock","11":"shipping-taxable","12":"purchasable","13":"product-type-simple","14":"entry","15":"content-bg","16":"loop-entry"},"yoast_head":"<!-- This site is optimized with the Yoast SEO plugin v27.4 - https:\/\/yoast.com\/product\/yoast-seo-wordpress\/ -->\n<title>PLACA EVAPORADORA AR CONDICIONADO CARRIER 28000 BTUS MIDEA 42MTCA28M5 - Loja - Dual Gree Servi\u00e7os | Pe\u00e7as<\/title>\n<meta name=\"description\" content=\"PLACA EVAPORADORA AR CONDICIONADO CARRIER 28000 BTUS MIDEA 42MTCA28M5\" \/>\n<meta name=\"robots\" content=\"index, follow, max-snippet:-1, max-image-preview:large, max-video-preview:-1\" \/>\n<link rel=\"canonical\" href=\"https:\/\/dualgree.com.br\/loja\/produto\/placa-evaporadora-ar-condicionado-carrier-28000-btus-midea-42mtca28m5\/\" \/>\n<meta property=\"og:locale\" content=\"pt_BR\" \/>\n<meta property=\"og:type\" content=\"article\" \/>\n<meta property=\"og:title\" content=\"PLACA EVAPORADORA AR CONDICIONADO CARRIER 28000 BTUS MIDEA 42MTCA28M5 - Loja - Dual Gree Servi\u00e7os | Pe\u00e7as\" \/>\n<meta property=\"og:description\" content=\"PLACA EVAPORADORA AR CONDICIONADO CARRIER 28000 BTUS MIDEA 42MTCA28M5\" \/>\n<meta property=\"og:url\" content=\"https:\/\/dualgree.com.br\/loja\/produto\/placa-evaporadora-ar-condicionado-carrier-28000-btus-midea-42mtca28m5\/\" \/>\n<meta property=\"og:site_name\" content=\"Loja - Dual Gree Servi\u00e7os | Pe\u00e7as\" \/>\n<meta property=\"article:modified_time\" content=\"2024-05-28T12:26:58+00:00\" \/>\n<meta property=\"og:image\" content=\"https:\/\/dualgree.com.br\/loja\/wp-content\/uploads\/2024\/03\/15255863757_3684-PLACA20DA20EVAPORADORA2042MTCA28M5.jpeg\" \/>\n\t<meta property=\"og:image:width\" content=\"1200\" \/>\n\t<meta property=\"og:image:height\" content=\"1200\" \/>\n\t<meta property=\"og:image:type\" content=\"image\/jpeg\" \/>\n<meta name=\"twitter:card\" content=\"summary_large_image\" \/>\n<meta name=\"twitter:label1\" content=\"Est. tempo de leitura\" \/>\n\t<meta name=\"twitter:data1\" content=\"1 minuto\" \/>\n<script type=\"application\/ld+json\" class=\"yoast-schema-graph\">{\"@context\":\"https:\\\/\\\/schema.org\",\"@graph\":[{\"@type\":\"WebPage\",\"@id\":\"https:\\\/\\\/dualgree.com.br\\\/loja\\\/produto\\\/placa-evaporadora-ar-condicionado-carrier-28000-btus-midea-42mtca28m5\\\/\",\"url\":\"https:\\\/\\\/dualgree.com.br\\\/loja\\\/produto\\\/placa-evaporadora-ar-condicionado-carrier-28000-btus-midea-42mtca28m5\\\/\",\"name\":\"PLACA EVAPORADORA AR CONDICIONADO CARRIER 28000 BTUS MIDEA 42MTCA28M5 - Loja - Dual Gree Servi\u00e7os | Pe\u00e7as\",\"isPartOf\":{\"@id\":\"https:\\\/\\\/dualgree.com.br\\\/loja\\\/#website\"},\"primaryImageOfPage\":{\"@id\":\"https:\\\/\\\/dualgree.com.br\\\/loja\\\/produto\\\/placa-evaporadora-ar-condicionado-carrier-28000-btus-midea-42mtca28m5\\\/#primaryimage\"},\"image\":{\"@id\":\"https:\\\/\\\/dualgree.com.br\\\/loja\\\/produto\\\/placa-evaporadora-ar-condicionado-carrier-28000-btus-midea-42mtca28m5\\\/#primaryimage\"},\"thumbnailUrl\":\"https:\\\/\\\/dualgree.com.br\\\/loja\\\/wp-content\\\/uploads\\\/2024\\\/05\\\/15255863757_3684-PLACA20DA20EVAPORADORA2042MTCA28M5.jpeg\",\"datePublished\":\"2024-03-05T18:08:54+00:00\",\"dateModified\":\"2024-05-28T12:26:58+00:00\",\"description\":\"PLACA EVAPORADORA AR CONDICIONADO CARRIER 28000 BTUS MIDEA 42MTCA28M5\",\"breadcrumb\":{\"@id\":\"https:\\\/\\\/dualgree.com.br\\\/loja\\\/produto\\\/placa-evaporadora-ar-condicionado-carrier-28000-btus-midea-42mtca28m5\\\/#breadcrumb\"},\"inLanguage\":\"pt-BR\",\"potentialAction\":[{\"@type\":\"ReadAction\",\"target\":[\"https:\\\/\\\/dualgree.com.br\\\/loja\\\/produto\\\/placa-evaporadora-ar-condicionado-carrier-28000-btus-midea-42mtca28m5\\\/\"]}]},{\"@type\":\"ImageObject\",\"inLanguage\":\"pt-BR\",\"@id\":\"https:\\\/\\\/dualgree.com.br\\\/loja\\\/produto\\\/placa-evaporadora-ar-condicionado-carrier-28000-btus-midea-42mtca28m5\\\/#primaryimage\",\"url\":\"https:\\\/\\\/dualgree.com.br\\\/loja\\\/wp-content\\\/uploads\\\/2024\\\/05\\\/15255863757_3684-PLACA20DA20EVAPORADORA2042MTCA28M5.jpeg\",\"contentUrl\":\"https:\\\/\\\/dualgree.com.br\\\/loja\\\/wp-content\\\/uploads\\\/2024\\\/05\\\/15255863757_3684-PLACA20DA20EVAPORADORA2042MTCA28M5.jpeg\",\"width\":1200,\"height\":1200},{\"@type\":\"BreadcrumbList\",\"@id\":\"https:\\\/\\\/dualgree.com.br\\\/loja\\\/produto\\\/placa-evaporadora-ar-condicionado-carrier-28000-btus-midea-42mtca28m5\\\/#breadcrumb\",\"itemListElement\":[{\"@type\":\"ListItem\",\"position\":1,\"name\":\"In\u00edcio\",\"item\":\"https:\\\/\\\/dualgree.com.br\\\/loja\\\/\"},{\"@type\":\"ListItem\",\"position\":2,\"name\":\"Loja &#8211; Cat\u00e1logo de Pe\u00e7as\",\"item\":\"https:\\\/\\\/dualgree.com.br\\\/loja\\\/\"},{\"@type\":\"ListItem\",\"position\":3,\"name\":\"PLACA EVAPORADORA AR CONDICIONADO CARRIER 28000 BTUS MIDEA 42MTCA28M5\"}]},{\"@type\":\"WebSite\",\"@id\":\"https:\\\/\\\/dualgree.com.br\\\/loja\\\/#website\",\"url\":\"https:\\\/\\\/dualgree.com.br\\\/loja\\\/\",\"name\":\"Loja - Dual Gree Servi\u00e7os | Partes e Pe\u00e7as\",\"description\":\"Catalogo de Pe\u00e7as para ar condicionado\",\"publisher\":{\"@id\":\"https:\\\/\\\/dualgree.com.br\\\/loja\\\/#organization\"},\"potentialAction\":[{\"@type\":\"SearchAction\",\"target\":{\"@type\":\"EntryPoint\",\"urlTemplate\":\"https:\\\/\\\/dualgree.com.br\\\/loja\\\/?s={search_term_string}\"},\"query-input\":{\"@type\":\"PropertyValueSpecification\",\"valueRequired\":true,\"valueName\":\"search_term_string\"}}],\"inLanguage\":\"pt-BR\"},{\"@type\":\"Organization\",\"@id\":\"https:\\\/\\\/dualgree.com.br\\\/loja\\\/#organization\",\"name\":\"Loja Dual Gree Servi\u00e7o\",\"url\":\"https:\\\/\\\/dualgree.com.br\\\/loja\\\/\",\"logo\":{\"@type\":\"ImageObject\",\"inLanguage\":\"pt-BR\",\"@id\":\"https:\\\/\\\/dualgree.com.br\\\/loja\\\/#\\\/schema\\\/logo\\\/image\\\/\",\"url\":\"https:\\\/\\\/dualgree.com.br\\\/loja\\\/wp-content\\\/uploads\\\/2024\\\/09\\\/teste-logo-ecommerce-dual-1-e1725909304971.png\",\"contentUrl\":\"https:\\\/\\\/dualgree.com.br\\\/loja\\\/wp-content\\\/uploads\\\/2024\\\/09\\\/teste-logo-ecommerce-dual-1-e1725909304971.png\",\"width\":470,\"height\":157,\"caption\":\"Loja Dual Gree Servi\u00e7o\"},\"image\":{\"@id\":\"https:\\\/\\\/dualgree.com.br\\\/loja\\\/#\\\/schema\\\/logo\\\/image\\\/\"}}]}<\/script>\n<!-- \/ Yoast SEO plugin. -->","yoast_head_json":{"title":"PLACA EVAPORADORA AR CONDICIONADO CARRIER 28000 BTUS MIDEA 42MTCA28M5 - Loja - Dual Gree Servi\u00e7os | Pe\u00e7as","description":"PLACA EVAPORADORA AR CONDICIONADO CARRIER 28000 BTUS MIDEA 42MTCA28M5","robots":{"index":"index","follow":"follow","max-snippet":"max-snippet:-1","max-image-preview":"max-image-preview:large","max-video-preview":"max-video-preview:-1"},"canonical":"https:\/\/dualgree.com.br\/loja\/produto\/placa-evaporadora-ar-condicionado-carrier-28000-btus-midea-42mtca28m5\/","og_locale":"pt_BR","og_type":"article","og_title":"PLACA EVAPORADORA AR CONDICIONADO CARRIER 28000 BTUS MIDEA 42MTCA28M5 - Loja - Dual Gree Servi\u00e7os | Pe\u00e7as","og_description":"PLACA EVAPORADORA AR CONDICIONADO CARRIER 28000 BTUS MIDEA 42MTCA28M5","og_url":"https:\/\/dualgree.com.br\/loja\/produto\/placa-evaporadora-ar-condicionado-carrier-28000-btus-midea-42mtca28m5\/","og_site_name":"Loja - Dual Gree Servi\u00e7os | Pe\u00e7as","article_modified_time":"2024-05-28T12:26:58+00:00","og_image":[{"width":1200,"height":1200,"url":"https:\/\/dualgree.com.br\/loja\/wp-content\/uploads\/2024\/03\/15255863757_3684-PLACA20DA20EVAPORADORA2042MTCA28M5.jpeg","type":"image\/jpeg"}],"twitter_card":"summary_large_image","twitter_misc":{"Est. tempo de leitura":"1 minuto"},"schema":{"@context":"https:\/\/schema.org","@graph":[{"@type":"WebPage","@id":"https:\/\/dualgree.com.br\/loja\/produto\/placa-evaporadora-ar-condicionado-carrier-28000-btus-midea-42mtca28m5\/","url":"https:\/\/dualgree.com.br\/loja\/produto\/placa-evaporadora-ar-condicionado-carrier-28000-btus-midea-42mtca28m5\/","name":"PLACA EVAPORADORA AR CONDICIONADO CARRIER 28000 BTUS MIDEA 42MTCA28M5 - Loja - Dual Gree Servi\u00e7os | Pe\u00e7as","isPartOf":{"@id":"https:\/\/dualgree.com.br\/loja\/#website"},"primaryImageOfPage":{"@id":"https:\/\/dualgree.com.br\/loja\/produto\/placa-evaporadora-ar-condicionado-carrier-28000-btus-midea-42mtca28m5\/#primaryimage"},"image":{"@id":"https:\/\/dualgree.com.br\/loja\/produto\/placa-evaporadora-ar-condicionado-carrier-28000-btus-midea-42mtca28m5\/#primaryimage"},"thumbnailUrl":"https:\/\/dualgree.com.br\/loja\/wp-content\/uploads\/2024\/05\/15255863757_3684-PLACA20DA20EVAPORADORA2042MTCA28M5.jpeg","datePublished":"2024-03-05T18:08:54+00:00","dateModified":"2024-05-28T12:26:58+00:00","description":"PLACA EVAPORADORA AR CONDICIONADO CARRIER 28000 BTUS MIDEA 42MTCA28M5","breadcrumb":{"@id":"https:\/\/dualgree.com.br\/loja\/produto\/placa-evaporadora-ar-condicionado-carrier-28000-btus-midea-42mtca28m5\/#breadcrumb"},"inLanguage":"pt-BR","potentialAction":[{"@type":"ReadAction","target":["https:\/\/dualgree.com.br\/loja\/produto\/placa-evaporadora-ar-condicionado-carrier-28000-btus-midea-42mtca28m5\/"]}]},{"@type":"ImageObject","inLanguage":"pt-BR","@id":"https:\/\/dualgree.com.br\/loja\/produto\/placa-evaporadora-ar-condicionado-carrier-28000-btus-midea-42mtca28m5\/#primaryimage","url":"https:\/\/dualgree.com.br\/loja\/wp-content\/uploads\/2024\/05\/15255863757_3684-PLACA20DA20EVAPORADORA2042MTCA28M5.jpeg","contentUrl":"https:\/\/dualgree.com.br\/loja\/wp-content\/uploads\/2024\/05\/15255863757_3684-PLACA20DA20EVAPORADORA2042MTCA28M5.jpeg","width":1200,"height":1200},{"@type":"BreadcrumbList","@id":"https:\/\/dualgree.com.br\/loja\/produto\/placa-evaporadora-ar-condicionado-carrier-28000-btus-midea-42mtca28m5\/#breadcrumb","itemListElement":[{"@type":"ListItem","position":1,"name":"In\u00edcio","item":"https:\/\/dualgree.com.br\/loja\/"},{"@type":"ListItem","position":2,"name":"Loja &#8211; Cat\u00e1logo de Pe\u00e7as","item":"https:\/\/dualgree.com.br\/loja\/"},{"@type":"ListItem","position":3,"name":"PLACA EVAPORADORA AR CONDICIONADO CARRIER 28000 BTUS MIDEA 42MTCA28M5"}]},{"@type":"WebSite","@id":"https:\/\/dualgree.com.br\/loja\/#website","url":"https:\/\/dualgree.com.br\/loja\/","name":"Loja - Dual Gree Servi\u00e7os | Partes e Pe\u00e7as","description":"Catalogo de Pe\u00e7as para ar condicionado","publisher":{"@id":"https:\/\/dualgree.com.br\/loja\/#organization"},"potentialAction":[{"@type":"SearchAction","target":{"@type":"EntryPoint","urlTemplate":"https:\/\/dualgree.com.br\/loja\/?s={search_term_string}"},"query-input":{"@type":"PropertyValueSpecification","valueRequired":true,"valueName":"search_term_string"}}],"inLanguage":"pt-BR"},{"@type":"Organization","@id":"https:\/\/dualgree.com.br\/loja\/#organization","name":"Loja Dual Gree Servi\u00e7o","url":"https:\/\/dualgree.com.br\/loja\/","logo":{"@type":"ImageObject","inLanguage":"pt-BR","@id":"https:\/\/dualgree.com.br\/loja\/#\/schema\/logo\/image\/","url":"https:\/\/dualgree.com.br\/loja\/wp-content\/uploads\/2024\/09\/teste-logo-ecommerce-dual-1-e1725909304971.png","contentUrl":"https:\/\/dualgree.com.br\/loja\/wp-content\/uploads\/2024\/09\/teste-logo-ecommerce-dual-1-e1725909304971.png","width":470,"height":157,"caption":"Loja Dual Gree Servi\u00e7o"},"image":{"@id":"https:\/\/dualgree.com.br\/loja\/#\/schema\/logo\/image\/"}}]}},"jetpack_publicize_connections":[],"jetpack_sharing_enabled":true,"jetpack_likes_enabled":true,"_links":{"self":[{"href":"https:\/\/dualgree.com.br\/loja\/wp-json\/wp\/v2\/product\/3723","targetHints":{"allow":["GET"]}}],"collection":[{"href":"https:\/\/dualgree.com.br\/loja\/wp-json\/wp\/v2\/product"}],"about":[{"href":"https:\/\/dualgree.com.br\/loja\/wp-json\/wp\/v2\/types\/product"}],"replies":[{"embeddable":true,"href":"https:\/\/dualgree.com.br\/loja\/wp-json\/wp\/v2\/comments?post=3723"}],"wp:featuredmedia":[{"embeddable":true,"href":"https:\/\/dualgree.com.br\/loja\/wp-json\/wp\/v2\/media\/4695"}],"wp:attachment":[{"href":"https:\/\/dualgree.com.br\/loja\/wp-json\/wp\/v2\/media?parent=3723"}],"wp:term":[{"taxonomy":"product_brand","embeddable":true,"href":"https:\/\/dualgree.com.br\/loja\/wp-json\/wp\/v2\/product_brand?post=3723"},{"taxonomy":"product_cat","embeddable":true,"href":"https:\/\/dualgree.com.br\/loja\/wp-json\/wp\/v2\/product_cat?post=3723"},{"taxonomy":"product_tag","embeddable":true,"href":"https:\/\/dualgree.com.br\/loja\/wp-json\/wp\/v2\/product_tag?post=3723"}],"curies":[{"name":"wp","href":"https:\/\/api.w.org\/{rel}","templated":true}]}}