{"id":3848,"date":"2024-03-14T17:43:40","date_gmt":"2024-03-14T17:43:40","guid":{"rendered":"https:\/\/dualgree.com.br\/loja\/produto\/placa-da-evaporadora-42rycb009515la-compativel-com-pi09f\/"},"modified":"2025-09-22T16:07:14","modified_gmt":"2025-09-22T16:07:14","slug":"placa-da-evaporadora-42rycb009515la-compativel-com-pi09f","status":"publish","type":"product","link":"https:\/\/dualgree.com.br\/loja\/produto\/placa-da-evaporadora-42rycb009515la-compativel-com-pi09f\/","title":{"rendered":"Placa da evaporadora 42RYCB009515LA compativel com Pi09F"},"content":{"rendered":"<p>Placa da evaporadora 42RYCB009515LA compativel com Pi09F<\/p>\n","protected":false},"excerpt":{"rendered":"<p>kit placa da evaporador 42rycb009515la compativel com electrolux PI07F PI09F PI12F<\/p>\n<h1 id=\"titulo_novo_produto\" style=\"font-size: var(--font-size-big); margin: 0px; font-family: var(--font-family-primary); color: #495769; padding: 0px; letter-spacing: var(--letter-spacing);\" data-i18n=\"Produto:productStepByStep.form.titleNewProduct\"><\/h1>\n<p>Neste kit est\u00e3o incluso :<\/p>\n<p>1x &#8211; Case da placa<\/p>\n<p>1x &#8211; Placa principal<\/p>\n<p>1x &#8211; Fonte de alimenta\u00e7\u00e3o<\/p>\n<p>1x &#8211; Sensor degelo<\/p>\n<p>1x &#8211; sensor ambiente<\/p>\n<p>1x &#8211; Tomada<\/p>\n","protected":false},"featured_media":3846,"comment_status":"open","ping_status":"closed","template":"","meta":{"_kadence_starter_templates_imported_post":false,"_kad_post_transparent":"","_kad_post_title":"","_kad_post_layout":"","_kad_post_sidebar_id":"","_kad_post_content_style":"","_kad_post_vertical_padding":"","_kad_post_feature":"","_kad_post_feature_position":"","_kad_post_header":false,"_kad_post_footer":false,"jetpack_publicize_message":"","jetpack_publicize_feature_enabled":true,"jetpack_social_post_already_shared":false,"jetpack_social_options":{"image_generator_settings":{"template":"highway","default_image_id":0,"font":"","enabled":false},"version":2}},"product_brand":[],"product_cat":[201,181,176,196],"product_tag":[],"class_list":{"0":"post-3848","1":"product","2":"type-product","3":"status-publish","4":"has-post-thumbnail","6":"product_cat-admiral","7":"product_cat-electrolux","8":"product_cat-midea","9":"product_cat-placa-da-evaporadora-split","11":"first","12":"outofstock","13":"shipping-taxable","14":"purchasable","15":"product-type-simple","16":"entry","17":"content-bg","18":"loop-entry"},"yoast_head":"<!-- This site is optimized with the Yoast SEO plugin v27.5 - https:\/\/yoast.com\/product\/yoast-seo-wordpress\/ -->\n<title>Placa da evaporadora 42RYCB009515LA compativel com Pi09F - Loja - Dual Gree Servi\u00e7os | Pe\u00e7as<\/title>\n<meta name=\"description\" content=\"Placa da evaporadora 42RYCB009515LA compativel com Pi07F Pi09F Pi12F. N\u00e3o tem segredo \u00e9 s\u00f3 conectar. n\u00e3o precisa cortar fios.\" \/>\n<meta name=\"robots\" content=\"index, follow, max-snippet:-1, max-image-preview:large, max-video-preview:-1\" \/>\n<link rel=\"canonical\" href=\"https:\/\/dualgree.com.br\/loja\/produto\/placa-da-evaporadora-42rycb009515la-compativel-com-pi09f\/\" \/>\n<meta property=\"og:locale\" content=\"pt_BR\" \/>\n<meta property=\"og:type\" content=\"article\" \/>\n<meta property=\"og:title\" content=\"Placa da evaporadora 42RYCB009515LA compativel com Pi09F - Loja - Dual Gree Servi\u00e7os | Pe\u00e7as\" \/>\n<meta property=\"og:description\" content=\"Placa da evaporadora 42RYCB009515LA compativel com Pi07F Pi09F Pi12F. N\u00e3o tem segredo \u00e9 s\u00f3 conectar. n\u00e3o precisa cortar fios.\" \/>\n<meta property=\"og:url\" content=\"https:\/\/dualgree.com.br\/loja\/produto\/placa-da-evaporadora-42rycb009515la-compativel-com-pi09f\/\" \/>\n<meta property=\"og:site_name\" content=\"Loja - Dual Gree Servi\u00e7os | Pe\u00e7as\" \/>\n<meta property=\"article:modified_time\" content=\"2025-09-22T16:07:14+00:00\" \/>\n<meta property=\"og:image\" content=\"https:\/\/dualgree.com.br\/loja\/wp-content\/uploads\/2024\/03\/15257896790_2612-2612-Placa20da20evaporadora20Admiral2042RYCB009515LA.jpeg\" \/>\n\t<meta property=\"og:image:width\" content=\"1200\" \/>\n\t<meta property=\"og:image:height\" content=\"1200\" \/>\n\t<meta property=\"og:image:type\" content=\"image\/jpeg\" \/>\n<meta name=\"twitter:card\" content=\"summary_large_image\" \/>\n<meta name=\"twitter:label1\" content=\"Est. tempo de leitura\" \/>\n\t<meta name=\"twitter:data1\" content=\"1 minuto\" \/>\n<script type=\"application\/ld+json\" class=\"yoast-schema-graph\">{\"@context\":\"https:\\\/\\\/schema.org\",\"@graph\":[{\"@type\":\"WebPage\",\"@id\":\"https:\\\/\\\/dualgree.com.br\\\/loja\\\/produto\\\/placa-da-evaporadora-42rycb009515la-compativel-com-pi09f\\\/\",\"url\":\"https:\\\/\\\/dualgree.com.br\\\/loja\\\/produto\\\/placa-da-evaporadora-42rycb009515la-compativel-com-pi09f\\\/\",\"name\":\"Placa da evaporadora 42RYCB009515LA compativel com Pi09F - Loja - Dual Gree Servi\u00e7os | Pe\u00e7as\",\"isPartOf\":{\"@id\":\"https:\\\/\\\/dualgree.com.br\\\/loja\\\/#website\"},\"primaryImageOfPage\":{\"@id\":\"https:\\\/\\\/dualgree.com.br\\\/loja\\\/produto\\\/placa-da-evaporadora-42rycb009515la-compativel-com-pi09f\\\/#primaryimage\"},\"image\":{\"@id\":\"https:\\\/\\\/dualgree.com.br\\\/loja\\\/produto\\\/placa-da-evaporadora-42rycb009515la-compativel-com-pi09f\\\/#primaryimage\"},\"thumbnailUrl\":\"https:\\\/\\\/dualgree.com.br\\\/loja\\\/wp-content\\\/uploads\\\/2024\\\/03\\\/15257896790_2612-2612-Placa20da20evaporadora20Admiral2042RYCB009515LA.jpeg\",\"datePublished\":\"2024-03-14T17:43:40+00:00\",\"dateModified\":\"2025-09-22T16:07:14+00:00\",\"description\":\"Placa da evaporadora 42RYCB009515LA compativel com Pi07F Pi09F Pi12F. N\u00e3o tem segredo \u00e9 s\u00f3 conectar. n\u00e3o precisa cortar fios.\",\"breadcrumb\":{\"@id\":\"https:\\\/\\\/dualgree.com.br\\\/loja\\\/produto\\\/placa-da-evaporadora-42rycb009515la-compativel-com-pi09f\\\/#breadcrumb\"},\"inLanguage\":\"pt-BR\",\"potentialAction\":[{\"@type\":\"ReadAction\",\"target\":[\"https:\\\/\\\/dualgree.com.br\\\/loja\\\/produto\\\/placa-da-evaporadora-42rycb009515la-compativel-com-pi09f\\\/\"]}]},{\"@type\":\"ImageObject\",\"inLanguage\":\"pt-BR\",\"@id\":\"https:\\\/\\\/dualgree.com.br\\\/loja\\\/produto\\\/placa-da-evaporadora-42rycb009515la-compativel-com-pi09f\\\/#primaryimage\",\"url\":\"https:\\\/\\\/dualgree.com.br\\\/loja\\\/wp-content\\\/uploads\\\/2024\\\/03\\\/15257896790_2612-2612-Placa20da20evaporadora20Admiral2042RYCB009515LA.jpeg\",\"contentUrl\":\"https:\\\/\\\/dualgree.com.br\\\/loja\\\/wp-content\\\/uploads\\\/2024\\\/03\\\/15257896790_2612-2612-Placa20da20evaporadora20Admiral2042RYCB009515LA.jpeg\",\"width\":1200,\"height\":1200},{\"@type\":\"BreadcrumbList\",\"@id\":\"https:\\\/\\\/dualgree.com.br\\\/loja\\\/produto\\\/placa-da-evaporadora-42rycb009515la-compativel-com-pi09f\\\/#breadcrumb\",\"itemListElement\":[{\"@type\":\"ListItem\",\"position\":1,\"name\":\"In\u00edcio\",\"item\":\"https:\\\/\\\/dualgree.com.br\\\/loja\\\/\"},{\"@type\":\"ListItem\",\"position\":2,\"name\":\"Loja &#8211; Cat\u00e1logo de Pe\u00e7as\",\"item\":\"https:\\\/\\\/dualgree.com.br\\\/loja\\\/\"},{\"@type\":\"ListItem\",\"position\":3,\"name\":\"Placa da evaporadora 42RYCB009515LA compativel com Pi09F\"}]},{\"@type\":\"WebSite\",\"@id\":\"https:\\\/\\\/dualgree.com.br\\\/loja\\\/#website\",\"url\":\"https:\\\/\\\/dualgree.com.br\\\/loja\\\/\",\"name\":\"Loja - Dual Gree Servi\u00e7os | Partes e Pe\u00e7as\",\"description\":\"Catalogo de Pe\u00e7as para ar condicionado\",\"publisher\":{\"@id\":\"https:\\\/\\\/dualgree.com.br\\\/loja\\\/#organization\"},\"potentialAction\":[{\"@type\":\"SearchAction\",\"target\":{\"@type\":\"EntryPoint\",\"urlTemplate\":\"https:\\\/\\\/dualgree.com.br\\\/loja\\\/?s={search_term_string}\"},\"query-input\":{\"@type\":\"PropertyValueSpecification\",\"valueRequired\":true,\"valueName\":\"search_term_string\"}}],\"inLanguage\":\"pt-BR\"},{\"@type\":\"Organization\",\"@id\":\"https:\\\/\\\/dualgree.com.br\\\/loja\\\/#organization\",\"name\":\"Loja Dual Gree Servi\u00e7o\",\"url\":\"https:\\\/\\\/dualgree.com.br\\\/loja\\\/\",\"logo\":{\"@type\":\"ImageObject\",\"inLanguage\":\"pt-BR\",\"@id\":\"https:\\\/\\\/dualgree.com.br\\\/loja\\\/#\\\/schema\\\/logo\\\/image\\\/\",\"url\":\"https:\\\/\\\/dualgree.com.br\\\/loja\\\/wp-content\\\/uploads\\\/2024\\\/09\\\/teste-logo-ecommerce-dual-1-e1725909304971.png\",\"contentUrl\":\"https:\\\/\\\/dualgree.com.br\\\/loja\\\/wp-content\\\/uploads\\\/2024\\\/09\\\/teste-logo-ecommerce-dual-1-e1725909304971.png\",\"width\":470,\"height\":157,\"caption\":\"Loja Dual Gree Servi\u00e7o\"},\"image\":{\"@id\":\"https:\\\/\\\/dualgree.com.br\\\/loja\\\/#\\\/schema\\\/logo\\\/image\\\/\"}}]}<\/script>\n<!-- \/ Yoast SEO plugin. -->","yoast_head_json":{"title":"Placa da evaporadora 42RYCB009515LA compativel com Pi09F - Loja - Dual Gree Servi\u00e7os | Pe\u00e7as","description":"Placa da evaporadora 42RYCB009515LA compativel com Pi07F Pi09F Pi12F. N\u00e3o tem segredo \u00e9 s\u00f3 conectar. n\u00e3o precisa cortar fios.","robots":{"index":"index","follow":"follow","max-snippet":"max-snippet:-1","max-image-preview":"max-image-preview:large","max-video-preview":"max-video-preview:-1"},"canonical":"https:\/\/dualgree.com.br\/loja\/produto\/placa-da-evaporadora-42rycb009515la-compativel-com-pi09f\/","og_locale":"pt_BR","og_type":"article","og_title":"Placa da evaporadora 42RYCB009515LA compativel com Pi09F - Loja - Dual Gree Servi\u00e7os | Pe\u00e7as","og_description":"Placa da evaporadora 42RYCB009515LA compativel com Pi07F Pi09F Pi12F. N\u00e3o tem segredo \u00e9 s\u00f3 conectar. n\u00e3o precisa cortar fios.","og_url":"https:\/\/dualgree.com.br\/loja\/produto\/placa-da-evaporadora-42rycb009515la-compativel-com-pi09f\/","og_site_name":"Loja - Dual Gree Servi\u00e7os | Pe\u00e7as","article_modified_time":"2025-09-22T16:07:14+00:00","og_image":[{"width":1200,"height":1200,"url":"https:\/\/dualgree.com.br\/loja\/wp-content\/uploads\/2024\/03\/15257896790_2612-2612-Placa20da20evaporadora20Admiral2042RYCB009515LA.jpeg","type":"image\/jpeg"}],"twitter_card":"summary_large_image","twitter_misc":{"Est. tempo de leitura":"1 minuto"},"schema":{"@context":"https:\/\/schema.org","@graph":[{"@type":"WebPage","@id":"https:\/\/dualgree.com.br\/loja\/produto\/placa-da-evaporadora-42rycb009515la-compativel-com-pi09f\/","url":"https:\/\/dualgree.com.br\/loja\/produto\/placa-da-evaporadora-42rycb009515la-compativel-com-pi09f\/","name":"Placa da evaporadora 42RYCB009515LA compativel com Pi09F - Loja - Dual Gree Servi\u00e7os | Pe\u00e7as","isPartOf":{"@id":"https:\/\/dualgree.com.br\/loja\/#website"},"primaryImageOfPage":{"@id":"https:\/\/dualgree.com.br\/loja\/produto\/placa-da-evaporadora-42rycb009515la-compativel-com-pi09f\/#primaryimage"},"image":{"@id":"https:\/\/dualgree.com.br\/loja\/produto\/placa-da-evaporadora-42rycb009515la-compativel-com-pi09f\/#primaryimage"},"thumbnailUrl":"https:\/\/dualgree.com.br\/loja\/wp-content\/uploads\/2024\/03\/15257896790_2612-2612-Placa20da20evaporadora20Admiral2042RYCB009515LA.jpeg","datePublished":"2024-03-14T17:43:40+00:00","dateModified":"2025-09-22T16:07:14+00:00","description":"Placa da evaporadora 42RYCB009515LA compativel com Pi07F Pi09F Pi12F. N\u00e3o tem segredo \u00e9 s\u00f3 conectar. n\u00e3o precisa cortar fios.","breadcrumb":{"@id":"https:\/\/dualgree.com.br\/loja\/produto\/placa-da-evaporadora-42rycb009515la-compativel-com-pi09f\/#breadcrumb"},"inLanguage":"pt-BR","potentialAction":[{"@type":"ReadAction","target":["https:\/\/dualgree.com.br\/loja\/produto\/placa-da-evaporadora-42rycb009515la-compativel-com-pi09f\/"]}]},{"@type":"ImageObject","inLanguage":"pt-BR","@id":"https:\/\/dualgree.com.br\/loja\/produto\/placa-da-evaporadora-42rycb009515la-compativel-com-pi09f\/#primaryimage","url":"https:\/\/dualgree.com.br\/loja\/wp-content\/uploads\/2024\/03\/15257896790_2612-2612-Placa20da20evaporadora20Admiral2042RYCB009515LA.jpeg","contentUrl":"https:\/\/dualgree.com.br\/loja\/wp-content\/uploads\/2024\/03\/15257896790_2612-2612-Placa20da20evaporadora20Admiral2042RYCB009515LA.jpeg","width":1200,"height":1200},{"@type":"BreadcrumbList","@id":"https:\/\/dualgree.com.br\/loja\/produto\/placa-da-evaporadora-42rycb009515la-compativel-com-pi09f\/#breadcrumb","itemListElement":[{"@type":"ListItem","position":1,"name":"In\u00edcio","item":"https:\/\/dualgree.com.br\/loja\/"},{"@type":"ListItem","position":2,"name":"Loja &#8211; Cat\u00e1logo de Pe\u00e7as","item":"https:\/\/dualgree.com.br\/loja\/"},{"@type":"ListItem","position":3,"name":"Placa da evaporadora 42RYCB009515LA compativel com Pi09F"}]},{"@type":"WebSite","@id":"https:\/\/dualgree.com.br\/loja\/#website","url":"https:\/\/dualgree.com.br\/loja\/","name":"Loja - Dual Gree Servi\u00e7os | Partes e Pe\u00e7as","description":"Catalogo de Pe\u00e7as para ar condicionado","publisher":{"@id":"https:\/\/dualgree.com.br\/loja\/#organization"},"potentialAction":[{"@type":"SearchAction","target":{"@type":"EntryPoint","urlTemplate":"https:\/\/dualgree.com.br\/loja\/?s={search_term_string}"},"query-input":{"@type":"PropertyValueSpecification","valueRequired":true,"valueName":"search_term_string"}}],"inLanguage":"pt-BR"},{"@type":"Organization","@id":"https:\/\/dualgree.com.br\/loja\/#organization","name":"Loja Dual Gree Servi\u00e7o","url":"https:\/\/dualgree.com.br\/loja\/","logo":{"@type":"ImageObject","inLanguage":"pt-BR","@id":"https:\/\/dualgree.com.br\/loja\/#\/schema\/logo\/image\/","url":"https:\/\/dualgree.com.br\/loja\/wp-content\/uploads\/2024\/09\/teste-logo-ecommerce-dual-1-e1725909304971.png","contentUrl":"https:\/\/dualgree.com.br\/loja\/wp-content\/uploads\/2024\/09\/teste-logo-ecommerce-dual-1-e1725909304971.png","width":470,"height":157,"caption":"Loja Dual Gree Servi\u00e7o"},"image":{"@id":"https:\/\/dualgree.com.br\/loja\/#\/schema\/logo\/image\/"}}]}},"jetpack_publicize_connections":[],"jetpack_sharing_enabled":true,"jetpack_likes_enabled":true,"_links":{"self":[{"href":"https:\/\/dualgree.com.br\/loja\/wp-json\/wp\/v2\/product\/3848","targetHints":{"allow":["GET"]}}],"collection":[{"href":"https:\/\/dualgree.com.br\/loja\/wp-json\/wp\/v2\/product"}],"about":[{"href":"https:\/\/dualgree.com.br\/loja\/wp-json\/wp\/v2\/types\/product"}],"replies":[{"embeddable":true,"href":"https:\/\/dualgree.com.br\/loja\/wp-json\/wp\/v2\/comments?post=3848"}],"wp:featuredmedia":[{"embeddable":true,"href":"https:\/\/dualgree.com.br\/loja\/wp-json\/wp\/v2\/media\/3846"}],"wp:attachment":[{"href":"https:\/\/dualgree.com.br\/loja\/wp-json\/wp\/v2\/media?parent=3848"}],"wp:term":[{"taxonomy":"product_brand","embeddable":true,"href":"https:\/\/dualgree.com.br\/loja\/wp-json\/wp\/v2\/product_brand?post=3848"},{"taxonomy":"product_cat","embeddable":true,"href":"https:\/\/dualgree.com.br\/loja\/wp-json\/wp\/v2\/product_cat?post=3848"},{"taxonomy":"product_tag","embeddable":true,"href":"https:\/\/dualgree.com.br\/loja\/wp-json\/wp\/v2\/product_tag?post=3848"}],"curies":[{"name":"wp","href":"https:\/\/api.w.org\/{rel}","templated":true}]}}