{"id":4312,"date":"2024-04-17T19:56:40","date_gmt":"2024-04-17T19:56:40","guid":{"rendered":"https:\/\/dualgree.com.br\/loja\/produto\/motor-condensado-ar-condicionado-portatil-delonghi-pinguino\/"},"modified":"2024-12-20T15:09:52","modified_gmt":"2024-12-20T15:09:52","slug":"motor-condensado-ar-condicionado-portatil-delonghi-pinguino","status":"publish","type":"product","link":"https:\/\/dualgree.com.br\/loja\/produto\/motor-condensado-ar-condicionado-portatil-delonghi-pinguino\/","title":{"rendered":"Motor Condensado Ar Condicionado Port\u00e1til Delonghi Pinguino"},"content":{"rendered":"","protected":false},"excerpt":{"rendered":"<p>Motor ventilador da condensadora ar condicionado port\u00e1til Delonghi pinguino. 127 VOLTS<\/p>\n<p>Motor semi-novo<\/p>\n<p>\u00a0<\/p>\n<p>Dados do motor LS-53T1-4P ( WK4-30T1-A08F )<\/p>\n<p>FABRICANTE LOVE STAR IND.CORP.<\/p>\n<p>\u00a0<\/p>\n<p>Usa capacitor de 9uF, n\u00e3o incluso !<\/p>\n<p>IC222<\/p>\n<p>\u00a0<\/p>\n<p>Compativel com os modelos abaixo:<\/p>\n<p>Motor de baixo Ar Condicionado Port\u00e1til DeLonghi Pinguino PAC AN130RF<\/p>\n<p>Motor de baixo\u00a0Ar Condicionado Port\u00e1til DeLonghi Pinguino PAC N120BR<\/p>\n<p>Motor de baixo\u00a0Ar Condicionado Port\u00e1til DeLonghi Pinguino PAC AN120BR<\/p>\n<p>Motor de baixo\u00a0Ar Condicionado Port\u00e1til DeLonghi Pinguino PAC AN145RF<\/p>\n<p>Motor de baixo\u00a0Ar Condicionado Port\u00e1til DeLonghi Pinguino PAC N130BR<\/p>\n","protected":false},"featured_media":4327,"comment_status":"open","ping_status":"closed","template":"","meta":{"_kadence_starter_templates_imported_post":false,"_kad_post_transparent":"","_kad_post_title":"","_kad_post_layout":"","_kad_post_sidebar_id":"","_kad_post_content_style":"","_kad_post_vertical_padding":"","_kad_post_feature":"","_kad_post_feature_position":"","_kad_post_header":false,"_kad_post_footer":false,"jetpack_publicize_message":"","jetpack_publicize_feature_enabled":true,"jetpack_social_post_already_shared":false,"jetpack_social_options":{"image_generator_settings":{"template":"highway","default_image_id":0,"font":"","enabled":false},"version":2}},"product_brand":[],"product_cat":[225,290],"product_tag":[],"class_list":{"0":"post-4312","1":"product","2":"type-product","3":"status-publish","4":"has-post-thumbnail","6":"product_cat-delonghi","7":"product_cat-motor-condensador-portatil","9":"first","10":"outofstock","11":"shipping-taxable","12":"purchasable","13":"product-type-simple","14":"entry","15":"content-bg","16":"loop-entry"},"yoast_head":"<!-- This site is optimized with the Yoast SEO plugin v27.5 - https:\/\/yoast.com\/product\/yoast-seo-wordpress\/ -->\n<title>Motor Condensado Ar Condicionado Port\u00e1til Delonghi Pinguino - Loja - Dual Gree Servi\u00e7os | Pe\u00e7as<\/title>\n<meta name=\"robots\" content=\"index, follow, max-snippet:-1, max-image-preview:large, max-video-preview:-1\" \/>\n<link rel=\"canonical\" href=\"https:\/\/dualgree.com.br\/loja\/produto\/motor-condensado-ar-condicionado-portatil-delonghi-pinguino\/\" \/>\n<meta property=\"og:locale\" content=\"pt_BR\" \/>\n<meta property=\"og:type\" content=\"article\" \/>\n<meta property=\"og:title\" content=\"Motor Condensado Ar Condicionado Port\u00e1til Delonghi Pinguino - Loja - Dual Gree Servi\u00e7os | Pe\u00e7as\" \/>\n<meta property=\"og:description\" content=\"Motor ventilador da condensadora ar condicionado port\u00e1til Delonghi pinguino. 127 VOLTSMotor semi-novo \u00a0 Dados do motor LS-53T1-4P ( WK4-30T1-A08F ) FABRICANTE LOVE STAR IND.CORP. \u00a0 Usa capacitor de 9uF, n\u00e3o incluso !IC222 \u00a0 Compativel com os modelos abaixo:Motor de baixo Ar Condicionado Port\u00e1til DeLonghi Pinguino PAC AN130RF Motor de baixo\u00a0Ar Condicionado Port\u00e1til DeLonghi Pinguino PAC N120BR Motor de baixo\u00a0Ar Condicionado Port\u00e1til DeLonghi Pinguino PAC AN120BR Motor de baixo\u00a0Ar Condicionado Port\u00e1til DeLonghi Pinguino PAC AN145RF Motor de baixo\u00a0Ar Condicionado Port\u00e1til DeLonghi Pinguino PAC N130BR\" \/>\n<meta property=\"og:url\" content=\"https:\/\/dualgree.com.br\/loja\/produto\/motor-condensado-ar-condicionado-portatil-delonghi-pinguino\/\" \/>\n<meta property=\"og:site_name\" content=\"Loja - Dual Gree Servi\u00e7os | Pe\u00e7as\" \/>\n<meta property=\"article:modified_time\" content=\"2024-12-20T15:09:52+00:00\" \/>\n<meta property=\"og:image\" content=\"https:\/\/dualgree.com.br\/loja\/wp-content\/uploads\/2024\/04\/15264231405_ic222-motor20condensador20do20ar20condicionado20portatil20delonghi20pinguino.jpeg\" \/>\n\t<meta property=\"og:image:width\" content=\"500\" \/>\n\t<meta property=\"og:image:height\" content=\"500\" \/>\n\t<meta property=\"og:image:type\" content=\"image\/jpeg\" \/>\n<meta name=\"twitter:card\" content=\"summary_large_image\" \/>\n<script type=\"application\/ld+json\" class=\"yoast-schema-graph\">{\"@context\":\"https:\\\/\\\/schema.org\",\"@graph\":[{\"@type\":\"WebPage\",\"@id\":\"https:\\\/\\\/dualgree.com.br\\\/loja\\\/produto\\\/motor-condensado-ar-condicionado-portatil-delonghi-pinguino\\\/\",\"url\":\"https:\\\/\\\/dualgree.com.br\\\/loja\\\/produto\\\/motor-condensado-ar-condicionado-portatil-delonghi-pinguino\\\/\",\"name\":\"Motor Condensado Ar Condicionado Port\u00e1til Delonghi Pinguino - Loja - Dual Gree Servi\u00e7os | Pe\u00e7as\",\"isPartOf\":{\"@id\":\"https:\\\/\\\/dualgree.com.br\\\/loja\\\/#website\"},\"primaryImageOfPage\":{\"@id\":\"https:\\\/\\\/dualgree.com.br\\\/loja\\\/produto\\\/motor-condensado-ar-condicionado-portatil-delonghi-pinguino\\\/#primaryimage\"},\"image\":{\"@id\":\"https:\\\/\\\/dualgree.com.br\\\/loja\\\/produto\\\/motor-condensado-ar-condicionado-portatil-delonghi-pinguino\\\/#primaryimage\"},\"thumbnailUrl\":\"https:\\\/\\\/dualgree.com.br\\\/loja\\\/wp-content\\\/uploads\\\/2024\\\/04\\\/15264231405_ic222-motor20condensador20do20ar20condicionado20portatil20delonghi20pinguino-1.jpeg\",\"datePublished\":\"2024-04-17T19:56:40+00:00\",\"dateModified\":\"2024-12-20T15:09:52+00:00\",\"breadcrumb\":{\"@id\":\"https:\\\/\\\/dualgree.com.br\\\/loja\\\/produto\\\/motor-condensado-ar-condicionado-portatil-delonghi-pinguino\\\/#breadcrumb\"},\"inLanguage\":\"pt-BR\",\"potentialAction\":[{\"@type\":\"ReadAction\",\"target\":[\"https:\\\/\\\/dualgree.com.br\\\/loja\\\/produto\\\/motor-condensado-ar-condicionado-portatil-delonghi-pinguino\\\/\"]}]},{\"@type\":\"ImageObject\",\"inLanguage\":\"pt-BR\",\"@id\":\"https:\\\/\\\/dualgree.com.br\\\/loja\\\/produto\\\/motor-condensado-ar-condicionado-portatil-delonghi-pinguino\\\/#primaryimage\",\"url\":\"https:\\\/\\\/dualgree.com.br\\\/loja\\\/wp-content\\\/uploads\\\/2024\\\/04\\\/15264231405_ic222-motor20condensador20do20ar20condicionado20portatil20delonghi20pinguino-1.jpeg\",\"contentUrl\":\"https:\\\/\\\/dualgree.com.br\\\/loja\\\/wp-content\\\/uploads\\\/2024\\\/04\\\/15264231405_ic222-motor20condensador20do20ar20condicionado20portatil20delonghi20pinguino-1.jpeg\",\"width\":500,\"height\":500},{\"@type\":\"BreadcrumbList\",\"@id\":\"https:\\\/\\\/dualgree.com.br\\\/loja\\\/produto\\\/motor-condensado-ar-condicionado-portatil-delonghi-pinguino\\\/#breadcrumb\",\"itemListElement\":[{\"@type\":\"ListItem\",\"position\":1,\"name\":\"In\u00edcio\",\"item\":\"https:\\\/\\\/dualgree.com.br\\\/loja\\\/\"},{\"@type\":\"ListItem\",\"position\":2,\"name\":\"Loja &#8211; Cat\u00e1logo de Pe\u00e7as\",\"item\":\"https:\\\/\\\/dualgree.com.br\\\/loja\\\/\"},{\"@type\":\"ListItem\",\"position\":3,\"name\":\"Motor Condensado Ar Condicionado Port\u00e1til Delonghi Pinguino\"}]},{\"@type\":\"WebSite\",\"@id\":\"https:\\\/\\\/dualgree.com.br\\\/loja\\\/#website\",\"url\":\"https:\\\/\\\/dualgree.com.br\\\/loja\\\/\",\"name\":\"Loja - Dual Gree Servi\u00e7os | Partes e Pe\u00e7as\",\"description\":\"Catalogo de Pe\u00e7as para ar condicionado\",\"publisher\":{\"@id\":\"https:\\\/\\\/dualgree.com.br\\\/loja\\\/#organization\"},\"potentialAction\":[{\"@type\":\"SearchAction\",\"target\":{\"@type\":\"EntryPoint\",\"urlTemplate\":\"https:\\\/\\\/dualgree.com.br\\\/loja\\\/?s={search_term_string}\"},\"query-input\":{\"@type\":\"PropertyValueSpecification\",\"valueRequired\":true,\"valueName\":\"search_term_string\"}}],\"inLanguage\":\"pt-BR\"},{\"@type\":\"Organization\",\"@id\":\"https:\\\/\\\/dualgree.com.br\\\/loja\\\/#organization\",\"name\":\"Loja Dual Gree Servi\u00e7o\",\"url\":\"https:\\\/\\\/dualgree.com.br\\\/loja\\\/\",\"logo\":{\"@type\":\"ImageObject\",\"inLanguage\":\"pt-BR\",\"@id\":\"https:\\\/\\\/dualgree.com.br\\\/loja\\\/#\\\/schema\\\/logo\\\/image\\\/\",\"url\":\"https:\\\/\\\/dualgree.com.br\\\/loja\\\/wp-content\\\/uploads\\\/2024\\\/09\\\/teste-logo-ecommerce-dual-1-e1725909304971.png\",\"contentUrl\":\"https:\\\/\\\/dualgree.com.br\\\/loja\\\/wp-content\\\/uploads\\\/2024\\\/09\\\/teste-logo-ecommerce-dual-1-e1725909304971.png\",\"width\":470,\"height\":157,\"caption\":\"Loja Dual Gree Servi\u00e7o\"},\"image\":{\"@id\":\"https:\\\/\\\/dualgree.com.br\\\/loja\\\/#\\\/schema\\\/logo\\\/image\\\/\"}}]}<\/script>\n<!-- \/ Yoast SEO plugin. -->","yoast_head_json":{"title":"Motor Condensado Ar Condicionado Port\u00e1til Delonghi Pinguino - Loja - Dual Gree Servi\u00e7os | Pe\u00e7as","robots":{"index":"index","follow":"follow","max-snippet":"max-snippet:-1","max-image-preview":"max-image-preview:large","max-video-preview":"max-video-preview:-1"},"canonical":"https:\/\/dualgree.com.br\/loja\/produto\/motor-condensado-ar-condicionado-portatil-delonghi-pinguino\/","og_locale":"pt_BR","og_type":"article","og_title":"Motor Condensado Ar Condicionado Port\u00e1til Delonghi Pinguino - Loja - Dual Gree Servi\u00e7os | Pe\u00e7as","og_description":"Motor ventilador da condensadora ar condicionado port\u00e1til Delonghi pinguino. 127 VOLTSMotor semi-novo \u00a0 Dados do motor LS-53T1-4P ( WK4-30T1-A08F ) FABRICANTE LOVE STAR IND.CORP. \u00a0 Usa capacitor de 9uF, n\u00e3o incluso !IC222 \u00a0 Compativel com os modelos abaixo:Motor de baixo Ar Condicionado Port\u00e1til DeLonghi Pinguino PAC AN130RF Motor de baixo\u00a0Ar Condicionado Port\u00e1til DeLonghi Pinguino PAC N120BR Motor de baixo\u00a0Ar Condicionado Port\u00e1til DeLonghi Pinguino PAC AN120BR Motor de baixo\u00a0Ar Condicionado Port\u00e1til DeLonghi Pinguino PAC AN145RF Motor de baixo\u00a0Ar Condicionado Port\u00e1til DeLonghi Pinguino PAC N130BR","og_url":"https:\/\/dualgree.com.br\/loja\/produto\/motor-condensado-ar-condicionado-portatil-delonghi-pinguino\/","og_site_name":"Loja - Dual Gree Servi\u00e7os | Pe\u00e7as","article_modified_time":"2024-12-20T15:09:52+00:00","og_image":[{"width":500,"height":500,"url":"https:\/\/dualgree.com.br\/loja\/wp-content\/uploads\/2024\/04\/15264231405_ic222-motor20condensador20do20ar20condicionado20portatil20delonghi20pinguino.jpeg","type":"image\/jpeg"}],"twitter_card":"summary_large_image","schema":{"@context":"https:\/\/schema.org","@graph":[{"@type":"WebPage","@id":"https:\/\/dualgree.com.br\/loja\/produto\/motor-condensado-ar-condicionado-portatil-delonghi-pinguino\/","url":"https:\/\/dualgree.com.br\/loja\/produto\/motor-condensado-ar-condicionado-portatil-delonghi-pinguino\/","name":"Motor Condensado Ar Condicionado Port\u00e1til Delonghi Pinguino - Loja - Dual Gree Servi\u00e7os | Pe\u00e7as","isPartOf":{"@id":"https:\/\/dualgree.com.br\/loja\/#website"},"primaryImageOfPage":{"@id":"https:\/\/dualgree.com.br\/loja\/produto\/motor-condensado-ar-condicionado-portatil-delonghi-pinguino\/#primaryimage"},"image":{"@id":"https:\/\/dualgree.com.br\/loja\/produto\/motor-condensado-ar-condicionado-portatil-delonghi-pinguino\/#primaryimage"},"thumbnailUrl":"https:\/\/dualgree.com.br\/loja\/wp-content\/uploads\/2024\/04\/15264231405_ic222-motor20condensador20do20ar20condicionado20portatil20delonghi20pinguino-1.jpeg","datePublished":"2024-04-17T19:56:40+00:00","dateModified":"2024-12-20T15:09:52+00:00","breadcrumb":{"@id":"https:\/\/dualgree.com.br\/loja\/produto\/motor-condensado-ar-condicionado-portatil-delonghi-pinguino\/#breadcrumb"},"inLanguage":"pt-BR","potentialAction":[{"@type":"ReadAction","target":["https:\/\/dualgree.com.br\/loja\/produto\/motor-condensado-ar-condicionado-portatil-delonghi-pinguino\/"]}]},{"@type":"ImageObject","inLanguage":"pt-BR","@id":"https:\/\/dualgree.com.br\/loja\/produto\/motor-condensado-ar-condicionado-portatil-delonghi-pinguino\/#primaryimage","url":"https:\/\/dualgree.com.br\/loja\/wp-content\/uploads\/2024\/04\/15264231405_ic222-motor20condensador20do20ar20condicionado20portatil20delonghi20pinguino-1.jpeg","contentUrl":"https:\/\/dualgree.com.br\/loja\/wp-content\/uploads\/2024\/04\/15264231405_ic222-motor20condensador20do20ar20condicionado20portatil20delonghi20pinguino-1.jpeg","width":500,"height":500},{"@type":"BreadcrumbList","@id":"https:\/\/dualgree.com.br\/loja\/produto\/motor-condensado-ar-condicionado-portatil-delonghi-pinguino\/#breadcrumb","itemListElement":[{"@type":"ListItem","position":1,"name":"In\u00edcio","item":"https:\/\/dualgree.com.br\/loja\/"},{"@type":"ListItem","position":2,"name":"Loja &#8211; Cat\u00e1logo de Pe\u00e7as","item":"https:\/\/dualgree.com.br\/loja\/"},{"@type":"ListItem","position":3,"name":"Motor Condensado Ar Condicionado Port\u00e1til Delonghi Pinguino"}]},{"@type":"WebSite","@id":"https:\/\/dualgree.com.br\/loja\/#website","url":"https:\/\/dualgree.com.br\/loja\/","name":"Loja - Dual Gree Servi\u00e7os | Partes e Pe\u00e7as","description":"Catalogo de Pe\u00e7as para ar condicionado","publisher":{"@id":"https:\/\/dualgree.com.br\/loja\/#organization"},"potentialAction":[{"@type":"SearchAction","target":{"@type":"EntryPoint","urlTemplate":"https:\/\/dualgree.com.br\/loja\/?s={search_term_string}"},"query-input":{"@type":"PropertyValueSpecification","valueRequired":true,"valueName":"search_term_string"}}],"inLanguage":"pt-BR"},{"@type":"Organization","@id":"https:\/\/dualgree.com.br\/loja\/#organization","name":"Loja Dual Gree Servi\u00e7o","url":"https:\/\/dualgree.com.br\/loja\/","logo":{"@type":"ImageObject","inLanguage":"pt-BR","@id":"https:\/\/dualgree.com.br\/loja\/#\/schema\/logo\/image\/","url":"https:\/\/dualgree.com.br\/loja\/wp-content\/uploads\/2024\/09\/teste-logo-ecommerce-dual-1-e1725909304971.png","contentUrl":"https:\/\/dualgree.com.br\/loja\/wp-content\/uploads\/2024\/09\/teste-logo-ecommerce-dual-1-e1725909304971.png","width":470,"height":157,"caption":"Loja Dual Gree Servi\u00e7o"},"image":{"@id":"https:\/\/dualgree.com.br\/loja\/#\/schema\/logo\/image\/"}}]}},"jetpack_publicize_connections":[],"jetpack_sharing_enabled":true,"jetpack_likes_enabled":true,"_links":{"self":[{"href":"https:\/\/dualgree.com.br\/loja\/wp-json\/wp\/v2\/product\/4312","targetHints":{"allow":["GET"]}}],"collection":[{"href":"https:\/\/dualgree.com.br\/loja\/wp-json\/wp\/v2\/product"}],"about":[{"href":"https:\/\/dualgree.com.br\/loja\/wp-json\/wp\/v2\/types\/product"}],"replies":[{"embeddable":true,"href":"https:\/\/dualgree.com.br\/loja\/wp-json\/wp\/v2\/comments?post=4312"}],"wp:featuredmedia":[{"embeddable":true,"href":"https:\/\/dualgree.com.br\/loja\/wp-json\/wp\/v2\/media\/4327"}],"wp:attachment":[{"href":"https:\/\/dualgree.com.br\/loja\/wp-json\/wp\/v2\/media?parent=4312"}],"wp:term":[{"taxonomy":"product_brand","embeddable":true,"href":"https:\/\/dualgree.com.br\/loja\/wp-json\/wp\/v2\/product_brand?post=4312"},{"taxonomy":"product_cat","embeddable":true,"href":"https:\/\/dualgree.com.br\/loja\/wp-json\/wp\/v2\/product_cat?post=4312"},{"taxonomy":"product_tag","embeddable":true,"href":"https:\/\/dualgree.com.br\/loja\/wp-json\/wp\/v2\/product_tag?post=4312"}],"curies":[{"name":"wp","href":"https:\/\/api.w.org\/{rel}","templated":true}]}}