{"id":4414,"date":"2024-04-23T19:37:59","date_gmt":"2024-04-23T19:37:59","guid":{"rendered":"https:\/\/dualgree.com.br\/loja\/produto\/motor-ventilador-ar-condicionado-rpg20b-electrolux-pi12r-pi12f\/"},"modified":"2025-04-04T21:34:19","modified_gmt":"2025-04-04T21:34:19","slug":"motor-ventilador-ar-condicionado-rpg20b-electrolux-pi12r-pi12f","status":"publish","type":"product","link":"https:\/\/dualgree.com.br\/loja\/produto\/motor-ventilador-ar-condicionado-rpg20b-electrolux-pi12r-pi12f\/","title":{"rendered":"Motor Da Evaporadora Ar Condicionado RPG20B(RPG20D-19) Pi12F..."},"content":{"rendered":"<p>IC1275-Motor Da Evaporadora Ar Condicionado Compativel Com RPG20B\/RPG20D-1 De 7.000 A 12.000 BTUS<\/p>\n<p>Recondicionado: funcionando perfeitamente, pode conter manchas<\/p>\n<p>\u00a0<\/p>\n<p>Dados do motor:<\/p>\n<p>RPG20B(RPG20D-19)<\/p>\n<p>220V 20W 0,218A<\/p>\n<p>\u00a0<\/p>\n<p>Fabricante:<\/p>\n<p>GUANGDONG WELLING MOTOR<\/p>\n<p>\u00a0<\/p>\n<p>Marcas Compativeis:<\/p>\n<p>YORK<\/p>\n<p>MIDEA<\/p>\n<p>SPRINGER<\/p>\n<p>CARRIER (42VFCA12M5 e 42MACA09S5)<\/p>\n<p>ELECTROLUX (PI12f e Pi12R)<\/p>\n<p>KOMECO<\/p>\n<p>COMFEE (42AFCA12F5 e 42AFCA07F5)<\/p>\n<p><span class=\"selectable-text copyable-text\">42lmcb009515lc<\/span><\/p>\n<p>Informe seu modelo no campo de perguntas ou ap\u00f3s compra. para envio agil.<\/p>\n","protected":false},"excerpt":{"rendered":"<p>IC1275-Motor Da Evaporadora Ar Condicionado Compativel Com RPG20B\/RPG20D-1 De 7.000 A 12.000 BTUS<\/p>\n<p>Recondicionado: funcionando perfeitamente, pode conter manchas<\/p>\n<p>\u00a0<\/p>\n<p>Dados do motor:<\/p>\n<p>RPG20B(RPG20D-19)<\/p>\n<p>220V 20W 0,218A<\/p>\n<p>\u00a0<\/p>\n<p>Fabricante:<\/p>\n<p>GUANGDONG WELLING MOTOR<\/p>\n<p>\u00a0<\/p>\n<p>Marcas Compativeis:<\/p>\n<p>YORK<\/p>\n<p>MIDEA<\/p>\n<p>SPRINGER<\/p>\n<p>CARRIER (42VFCA12M5 e 42MACA09S5)<\/p>\n<p>ELECTROLUX (PI12f e Pi12R)<\/p>\n<p>KOMECO<\/p>\n<p>COMFEE (42AFCA12F5 e 42AFCA07F5)<\/p>\n<p>Informe seu modelo no campo de perguntas ou ap\u00f3s compra. para envio agil.<\/p>\n","protected":false},"featured_media":8249,"comment_status":"open","ping_status":"closed","template":"","meta":{"_kadence_starter_templates_imported_post":false,"_kad_post_transparent":"","_kad_post_title":"","_kad_post_layout":"","_kad_post_sidebar_id":"","_kad_post_content_style":"","_kad_post_vertical_padding":"","_kad_post_feature":"","_kad_post_feature_position":"","_kad_post_header":false,"_kad_post_footer":false,"jetpack_publicize_message":"","jetpack_publicize_feature_enabled":true,"jetpack_social_post_already_shared":false,"jetpack_social_options":{"image_generator_settings":{"template":"highway","default_image_id":0,"font":"","enabled":false},"version":2}},"product_brand":[],"product_cat":[177,178,181,202,176,179,184],"product_tag":[],"class_list":{"0":"post-4414","1":"product","2":"type-product","3":"status-publish","4":"has-post-thumbnail","6":"product_cat-carrier","7":"product_cat-comfee","8":"product_cat-electrolux","9":"product_cat-komeco","10":"product_cat-midea","11":"product_cat-springer","12":"product_cat-york","14":"first","15":"outofstock","16":"sale","17":"shipping-taxable","18":"purchasable","19":"product-type-simple","20":"entry","21":"content-bg","22":"loop-entry"},"yoast_head":"<!-- This site is optimized with the Yoast SEO plugin v27.5 - https:\/\/yoast.com\/product\/yoast-seo-wordpress\/ -->\n<title>Motor Da Evaporadora Ar Condicionado RPG20B(RPG20D-19) Pi12F Pi12R - Loja - Dual Gree Servi\u00e7os | Pe\u00e7as<\/title>\n<meta name=\"robots\" content=\"index, follow, max-snippet:-1, max-image-preview:large, max-video-preview:-1\" \/>\n<link rel=\"canonical\" href=\"https:\/\/dualgree.com.br\/loja\/produto\/motor-ventilador-ar-condicionado-rpg20b-electrolux-pi12r-pi12f\/\" \/>\n<meta property=\"og:locale\" content=\"pt_BR\" \/>\n<meta property=\"og:type\" content=\"article\" \/>\n<meta property=\"og:title\" content=\"Motor Da Evaporadora Ar Condicionado RPG20B(RPG20D-19) Pi12F Pi12R - Loja - Dual Gree Servi\u00e7os | Pe\u00e7as\" \/>\n<meta property=\"og:description\" content=\"IC1275-Motor Da Evaporadora Ar Condicionado Compativel Com RPG20B\/RPG20D-1 De 7.000 A 12.000 BTUS Recondicionado: funcionando perfeitamente, pode conter manchas \u00a0 Dados do motor: RPG20B(RPG20D-19) 220V 20W 0,218A \u00a0 Fabricante: GUANGDONG WELLING MOTOR \u00a0 Marcas Compativeis: YORK MIDEA SPRINGER CARRIER (42VFCA12M5 e 42MACA09S5) ELECTROLUX (PI12f e Pi12R) KOMECO COMFEE (42AFCA12F5 e 42AFCA07F5) Informe seu modelo no campo de perguntas ou ap\u00f3s compra. para envio agil.\" \/>\n<meta property=\"og:url\" content=\"https:\/\/dualgree.com.br\/loja\/produto\/motor-ventilador-ar-condicionado-rpg20b-electrolux-pi12r-pi12f\/\" \/>\n<meta property=\"og:site_name\" content=\"Loja - Dual Gree Servi\u00e7os | Pe\u00e7as\" \/>\n<meta property=\"article:modified_time\" content=\"2025-04-04T21:34:19+00:00\" \/>\n<meta property=\"og:image\" content=\"https:\/\/dualgree.com.br\/loja\/wp-content\/uploads\/2024\/10\/15265725358-motor-rpg20b-recondicionado.jpg\" \/>\n\t<meta property=\"og:image:width\" content=\"1280\" \/>\n\t<meta property=\"og:image:height\" content=\"1280\" \/>\n\t<meta property=\"og:image:type\" content=\"image\/jpeg\" \/>\n<meta name=\"twitter:card\" content=\"summary_large_image\" \/>\n<script type=\"application\/ld+json\" class=\"yoast-schema-graph\">{\"@context\":\"https:\\\/\\\/schema.org\",\"@graph\":[{\"@type\":\"WebPage\",\"@id\":\"https:\\\/\\\/dualgree.com.br\\\/loja\\\/produto\\\/motor-ventilador-ar-condicionado-rpg20b-electrolux-pi12r-pi12f\\\/\",\"url\":\"https:\\\/\\\/dualgree.com.br\\\/loja\\\/produto\\\/motor-ventilador-ar-condicionado-rpg20b-electrolux-pi12r-pi12f\\\/\",\"name\":\"Motor Da Evaporadora Ar Condicionado RPG20B(RPG20D-19) Pi12F Pi12R - Loja - Dual Gree Servi\u00e7os | Pe\u00e7as\",\"isPartOf\":{\"@id\":\"https:\\\/\\\/dualgree.com.br\\\/loja\\\/#website\"},\"primaryImageOfPage\":{\"@id\":\"https:\\\/\\\/dualgree.com.br\\\/loja\\\/produto\\\/motor-ventilador-ar-condicionado-rpg20b-electrolux-pi12r-pi12f\\\/#primaryimage\"},\"image\":{\"@id\":\"https:\\\/\\\/dualgree.com.br\\\/loja\\\/produto\\\/motor-ventilador-ar-condicionado-rpg20b-electrolux-pi12r-pi12f\\\/#primaryimage\"},\"thumbnailUrl\":\"https:\\\/\\\/dualgree.com.br\\\/loja\\\/wp-content\\\/uploads\\\/2024\\\/11\\\/15265725358-motor-rpg20b-recondicionado.jpg\",\"datePublished\":\"2024-04-23T19:37:59+00:00\",\"dateModified\":\"2025-04-04T21:34:19+00:00\",\"breadcrumb\":{\"@id\":\"https:\\\/\\\/dualgree.com.br\\\/loja\\\/produto\\\/motor-ventilador-ar-condicionado-rpg20b-electrolux-pi12r-pi12f\\\/#breadcrumb\"},\"inLanguage\":\"pt-BR\",\"potentialAction\":[{\"@type\":\"ReadAction\",\"target\":[\"https:\\\/\\\/dualgree.com.br\\\/loja\\\/produto\\\/motor-ventilador-ar-condicionado-rpg20b-electrolux-pi12r-pi12f\\\/\"]}]},{\"@type\":\"ImageObject\",\"inLanguage\":\"pt-BR\",\"@id\":\"https:\\\/\\\/dualgree.com.br\\\/loja\\\/produto\\\/motor-ventilador-ar-condicionado-rpg20b-electrolux-pi12r-pi12f\\\/#primaryimage\",\"url\":\"https:\\\/\\\/dualgree.com.br\\\/loja\\\/wp-content\\\/uploads\\\/2024\\\/11\\\/15265725358-motor-rpg20b-recondicionado.jpg\",\"contentUrl\":\"https:\\\/\\\/dualgree.com.br\\\/loja\\\/wp-content\\\/uploads\\\/2024\\\/11\\\/15265725358-motor-rpg20b-recondicionado.jpg\",\"width\":1280,\"height\":1280},{\"@type\":\"BreadcrumbList\",\"@id\":\"https:\\\/\\\/dualgree.com.br\\\/loja\\\/produto\\\/motor-ventilador-ar-condicionado-rpg20b-electrolux-pi12r-pi12f\\\/#breadcrumb\",\"itemListElement\":[{\"@type\":\"ListItem\",\"position\":1,\"name\":\"In\u00edcio\",\"item\":\"https:\\\/\\\/dualgree.com.br\\\/loja\\\/\"},{\"@type\":\"ListItem\",\"position\":2,\"name\":\"Loja &#8211; Cat\u00e1logo de Pe\u00e7as\",\"item\":\"https:\\\/\\\/dualgree.com.br\\\/loja\\\/\"},{\"@type\":\"ListItem\",\"position\":3,\"name\":\"Motor Da Evaporadora Ar Condicionado RPG20B(RPG20D-19) Pi12F...\"}]},{\"@type\":\"WebSite\",\"@id\":\"https:\\\/\\\/dualgree.com.br\\\/loja\\\/#website\",\"url\":\"https:\\\/\\\/dualgree.com.br\\\/loja\\\/\",\"name\":\"Loja - Dual Gree Servi\u00e7os | Partes e Pe\u00e7as\",\"description\":\"Catalogo de Pe\u00e7as para ar condicionado\",\"publisher\":{\"@id\":\"https:\\\/\\\/dualgree.com.br\\\/loja\\\/#organization\"},\"potentialAction\":[{\"@type\":\"SearchAction\",\"target\":{\"@type\":\"EntryPoint\",\"urlTemplate\":\"https:\\\/\\\/dualgree.com.br\\\/loja\\\/?s={search_term_string}\"},\"query-input\":{\"@type\":\"PropertyValueSpecification\",\"valueRequired\":true,\"valueName\":\"search_term_string\"}}],\"inLanguage\":\"pt-BR\"},{\"@type\":\"Organization\",\"@id\":\"https:\\\/\\\/dualgree.com.br\\\/loja\\\/#organization\",\"name\":\"Loja Dual Gree Servi\u00e7o\",\"url\":\"https:\\\/\\\/dualgree.com.br\\\/loja\\\/\",\"logo\":{\"@type\":\"ImageObject\",\"inLanguage\":\"pt-BR\",\"@id\":\"https:\\\/\\\/dualgree.com.br\\\/loja\\\/#\\\/schema\\\/logo\\\/image\\\/\",\"url\":\"https:\\\/\\\/dualgree.com.br\\\/loja\\\/wp-content\\\/uploads\\\/2024\\\/09\\\/teste-logo-ecommerce-dual-1-e1725909304971.png\",\"contentUrl\":\"https:\\\/\\\/dualgree.com.br\\\/loja\\\/wp-content\\\/uploads\\\/2024\\\/09\\\/teste-logo-ecommerce-dual-1-e1725909304971.png\",\"width\":470,\"height\":157,\"caption\":\"Loja Dual Gree Servi\u00e7o\"},\"image\":{\"@id\":\"https:\\\/\\\/dualgree.com.br\\\/loja\\\/#\\\/schema\\\/logo\\\/image\\\/\"}}]}<\/script>\n<!-- \/ Yoast SEO plugin. -->","yoast_head_json":{"title":"Motor Da Evaporadora Ar Condicionado RPG20B(RPG20D-19) Pi12F Pi12R - Loja - Dual Gree Servi\u00e7os | Pe\u00e7as","robots":{"index":"index","follow":"follow","max-snippet":"max-snippet:-1","max-image-preview":"max-image-preview:large","max-video-preview":"max-video-preview:-1"},"canonical":"https:\/\/dualgree.com.br\/loja\/produto\/motor-ventilador-ar-condicionado-rpg20b-electrolux-pi12r-pi12f\/","og_locale":"pt_BR","og_type":"article","og_title":"Motor Da Evaporadora Ar Condicionado RPG20B(RPG20D-19) Pi12F Pi12R - Loja - Dual Gree Servi\u00e7os | Pe\u00e7as","og_description":"IC1275-Motor Da Evaporadora Ar Condicionado Compativel Com RPG20B\/RPG20D-1 De 7.000 A 12.000 BTUS Recondicionado: funcionando perfeitamente, pode conter manchas \u00a0 Dados do motor: RPG20B(RPG20D-19) 220V 20W 0,218A \u00a0 Fabricante: GUANGDONG WELLING MOTOR \u00a0 Marcas Compativeis: YORK MIDEA SPRINGER CARRIER (42VFCA12M5 e 42MACA09S5) ELECTROLUX (PI12f e Pi12R) KOMECO COMFEE (42AFCA12F5 e 42AFCA07F5) Informe seu modelo no campo de perguntas ou ap\u00f3s compra. para envio agil.","og_url":"https:\/\/dualgree.com.br\/loja\/produto\/motor-ventilador-ar-condicionado-rpg20b-electrolux-pi12r-pi12f\/","og_site_name":"Loja - Dual Gree Servi\u00e7os | Pe\u00e7as","article_modified_time":"2025-04-04T21:34:19+00:00","og_image":[{"width":1280,"height":1280,"url":"https:\/\/dualgree.com.br\/loja\/wp-content\/uploads\/2024\/10\/15265725358-motor-rpg20b-recondicionado.jpg","type":"image\/jpeg"}],"twitter_card":"summary_large_image","schema":{"@context":"https:\/\/schema.org","@graph":[{"@type":"WebPage","@id":"https:\/\/dualgree.com.br\/loja\/produto\/motor-ventilador-ar-condicionado-rpg20b-electrolux-pi12r-pi12f\/","url":"https:\/\/dualgree.com.br\/loja\/produto\/motor-ventilador-ar-condicionado-rpg20b-electrolux-pi12r-pi12f\/","name":"Motor Da Evaporadora Ar Condicionado RPG20B(RPG20D-19) Pi12F Pi12R - Loja - Dual Gree Servi\u00e7os | Pe\u00e7as","isPartOf":{"@id":"https:\/\/dualgree.com.br\/loja\/#website"},"primaryImageOfPage":{"@id":"https:\/\/dualgree.com.br\/loja\/produto\/motor-ventilador-ar-condicionado-rpg20b-electrolux-pi12r-pi12f\/#primaryimage"},"image":{"@id":"https:\/\/dualgree.com.br\/loja\/produto\/motor-ventilador-ar-condicionado-rpg20b-electrolux-pi12r-pi12f\/#primaryimage"},"thumbnailUrl":"https:\/\/dualgree.com.br\/loja\/wp-content\/uploads\/2024\/11\/15265725358-motor-rpg20b-recondicionado.jpg","datePublished":"2024-04-23T19:37:59+00:00","dateModified":"2025-04-04T21:34:19+00:00","breadcrumb":{"@id":"https:\/\/dualgree.com.br\/loja\/produto\/motor-ventilador-ar-condicionado-rpg20b-electrolux-pi12r-pi12f\/#breadcrumb"},"inLanguage":"pt-BR","potentialAction":[{"@type":"ReadAction","target":["https:\/\/dualgree.com.br\/loja\/produto\/motor-ventilador-ar-condicionado-rpg20b-electrolux-pi12r-pi12f\/"]}]},{"@type":"ImageObject","inLanguage":"pt-BR","@id":"https:\/\/dualgree.com.br\/loja\/produto\/motor-ventilador-ar-condicionado-rpg20b-electrolux-pi12r-pi12f\/#primaryimage","url":"https:\/\/dualgree.com.br\/loja\/wp-content\/uploads\/2024\/11\/15265725358-motor-rpg20b-recondicionado.jpg","contentUrl":"https:\/\/dualgree.com.br\/loja\/wp-content\/uploads\/2024\/11\/15265725358-motor-rpg20b-recondicionado.jpg","width":1280,"height":1280},{"@type":"BreadcrumbList","@id":"https:\/\/dualgree.com.br\/loja\/produto\/motor-ventilador-ar-condicionado-rpg20b-electrolux-pi12r-pi12f\/#breadcrumb","itemListElement":[{"@type":"ListItem","position":1,"name":"In\u00edcio","item":"https:\/\/dualgree.com.br\/loja\/"},{"@type":"ListItem","position":2,"name":"Loja &#8211; Cat\u00e1logo de Pe\u00e7as","item":"https:\/\/dualgree.com.br\/loja\/"},{"@type":"ListItem","position":3,"name":"Motor Da Evaporadora Ar Condicionado RPG20B(RPG20D-19) Pi12F..."}]},{"@type":"WebSite","@id":"https:\/\/dualgree.com.br\/loja\/#website","url":"https:\/\/dualgree.com.br\/loja\/","name":"Loja - Dual Gree Servi\u00e7os | Partes e Pe\u00e7as","description":"Catalogo de Pe\u00e7as para ar condicionado","publisher":{"@id":"https:\/\/dualgree.com.br\/loja\/#organization"},"potentialAction":[{"@type":"SearchAction","target":{"@type":"EntryPoint","urlTemplate":"https:\/\/dualgree.com.br\/loja\/?s={search_term_string}"},"query-input":{"@type":"PropertyValueSpecification","valueRequired":true,"valueName":"search_term_string"}}],"inLanguage":"pt-BR"},{"@type":"Organization","@id":"https:\/\/dualgree.com.br\/loja\/#organization","name":"Loja Dual Gree Servi\u00e7o","url":"https:\/\/dualgree.com.br\/loja\/","logo":{"@type":"ImageObject","inLanguage":"pt-BR","@id":"https:\/\/dualgree.com.br\/loja\/#\/schema\/logo\/image\/","url":"https:\/\/dualgree.com.br\/loja\/wp-content\/uploads\/2024\/09\/teste-logo-ecommerce-dual-1-e1725909304971.png","contentUrl":"https:\/\/dualgree.com.br\/loja\/wp-content\/uploads\/2024\/09\/teste-logo-ecommerce-dual-1-e1725909304971.png","width":470,"height":157,"caption":"Loja Dual Gree Servi\u00e7o"},"image":{"@id":"https:\/\/dualgree.com.br\/loja\/#\/schema\/logo\/image\/"}}]}},"jetpack_publicize_connections":[],"jetpack_sharing_enabled":true,"jetpack_likes_enabled":true,"_links":{"self":[{"href":"https:\/\/dualgree.com.br\/loja\/wp-json\/wp\/v2\/product\/4414","targetHints":{"allow":["GET"]}}],"collection":[{"href":"https:\/\/dualgree.com.br\/loja\/wp-json\/wp\/v2\/product"}],"about":[{"href":"https:\/\/dualgree.com.br\/loja\/wp-json\/wp\/v2\/types\/product"}],"replies":[{"embeddable":true,"href":"https:\/\/dualgree.com.br\/loja\/wp-json\/wp\/v2\/comments?post=4414"}],"wp:featuredmedia":[{"embeddable":true,"href":"https:\/\/dualgree.com.br\/loja\/wp-json\/wp\/v2\/media\/8249"}],"wp:attachment":[{"href":"https:\/\/dualgree.com.br\/loja\/wp-json\/wp\/v2\/media?parent=4414"}],"wp:term":[{"taxonomy":"product_brand","embeddable":true,"href":"https:\/\/dualgree.com.br\/loja\/wp-json\/wp\/v2\/product_brand?post=4414"},{"taxonomy":"product_cat","embeddable":true,"href":"https:\/\/dualgree.com.br\/loja\/wp-json\/wp\/v2\/product_cat?post=4414"},{"taxonomy":"product_tag","embeddable":true,"href":"https:\/\/dualgree.com.br\/loja\/wp-json\/wp\/v2\/product_tag?post=4414"}],"curies":[{"name":"wp","href":"https:\/\/api.w.org\/{rel}","templated":true}]}}