{"id":4446,"date":"2024-04-24T17:49:41","date_gmt":"2024-04-24T17:49:41","guid":{"rendered":"https:\/\/dualgree.com.br\/loja\/produto\/turbina-ar-condicionado-samsung-18-000-24-000-btus-845x98\/"},"modified":"2024-04-24T17:49:41","modified_gmt":"2024-04-24T17:49:41","slug":"turbina-ar-condicionado-samsung-18-000-24-000-btus-845x98","status":"publish","type":"product","link":"https:\/\/dualgree.com.br\/loja\/produto\/turbina-ar-condicionado-samsung-18-000-24-000-btus-845x98\/","title":{"rendered":"Turbina Ar Condicionado Samsung 18.000 24.000 Btus 845&#215;..."},"content":{"rendered":"","protected":false},"excerpt":{"rendered":"<p>IC635 &#8211; Turbina ar condicionado split Samsung 18.000 a 24.000 btus original.<\/p>\n<p>\u00a0<\/p>\n<p>! possui uma pequena quebra na aleta conforme as fotos, n\u00e3o atrapalha em nada o funcionamento.<\/p>\n<p>\u00a0<\/p>\n<p>Modelos Compativeis somente n\u00e3o compre errado.<\/p>\n<p>\u00a0<\/p>\n<p>AR24KSSPASNNAZ<br \/>AR18JVSPSGMNAZ<br \/>Ar18kvspsgmaz<br \/>AS24UWBUNXAZ<br \/>AR18MSSPBGMNAZ<\/p>\n<p>Dimens\u00f5es da turbina<br \/>845&#215;98<br \/>845mm 98mm<br \/>84,5cm 9,8cm<\/p>\n","protected":false},"featured_media":4439,"comment_status":"open","ping_status":"closed","template":"","meta":{"_kadence_starter_templates_imported_post":false,"_kad_post_transparent":"","_kad_post_title":"","_kad_post_layout":"","_kad_post_sidebar_id":"","_kad_post_content_style":"","_kad_post_vertical_padding":"","_kad_post_feature":"","_kad_post_feature_position":"","_kad_post_header":false,"_kad_post_footer":false,"jetpack_publicize_message":"","jetpack_publicize_feature_enabled":true,"jetpack_social_post_already_shared":false,"jetpack_social_options":{"image_generator_settings":{"template":"highway","default_image_id":0,"font":"","enabled":false},"version":2}},"product_brand":[],"product_cat":[186,219],"product_tag":[],"class_list":{"0":"post-4446","1":"product","2":"type-product","3":"status-publish","4":"has-post-thumbnail","6":"product_cat-samsung","7":"product_cat-turbina-de-ventilacao-split","9":"first","10":"instock","11":"shipping-taxable","12":"purchasable","13":"product-type-simple","14":"entry","15":"content-bg","16":"loop-entry"},"yoast_head":"<!-- This site is optimized with the Yoast SEO plugin v27.5 - https:\/\/yoast.com\/product\/yoast-seo-wordpress\/ -->\n<title>Turbina Ar Condicionado Samsung 18.000 24.000 Btus 845x98 - Loja - Dual Gree Servi\u00e7os | Pe\u00e7as<\/title>\n<meta name=\"robots\" content=\"index, follow, max-snippet:-1, max-image-preview:large, max-video-preview:-1\" \/>\n<link rel=\"canonical\" href=\"https:\/\/dualgree.com.br\/loja\/produto\/turbina-ar-condicionado-samsung-18-000-24-000-btus-845x98\/\" \/>\n<meta property=\"og:locale\" content=\"pt_BR\" \/>\n<meta property=\"og:type\" content=\"article\" \/>\n<meta property=\"og:title\" content=\"Turbina Ar Condicionado Samsung 18.000 24.000 Btus 845x98 - Loja - Dual Gree Servi\u00e7os | Pe\u00e7as\" \/>\n<meta property=\"og:description\" content=\"IC635 - Turbina ar condicionado split Samsung 18.000 a 24.000 btus original. \u00a0 ! possui uma pequena quebra na aleta conforme as fotos, n\u00e3o atrapalha em nada o funcionamento. \u00a0 Modelos Compativeis somente n\u00e3o compre errado. \u00a0 AR24KSSPASNNAZAR18JVSPSGMNAZAr18kvspsgmazAS24UWBUNXAZAR18MSSPBGMNAZDimens\u00f5es da turbina845x98845mm 98mm84,5cm 9,8cm\" \/>\n<meta property=\"og:url\" content=\"https:\/\/dualgree.com.br\/loja\/produto\/turbina-ar-condicionado-samsung-18-000-24-000-btus-845x98\/\" \/>\n<meta property=\"og:site_name\" content=\"Loja - Dual Gree Servi\u00e7os | Pe\u00e7as\" \/>\n<meta name=\"twitter:card\" content=\"summary_large_image\" \/>\n<script type=\"application\/ld+json\" class=\"yoast-schema-graph\">{\"@context\":\"https:\\\/\\\/schema.org\",\"@graph\":[{\"@type\":\"WebPage\",\"@id\":\"https:\\\/\\\/dualgree.com.br\\\/loja\\\/produto\\\/turbina-ar-condicionado-samsung-18-000-24-000-btus-845x98\\\/\",\"url\":\"https:\\\/\\\/dualgree.com.br\\\/loja\\\/produto\\\/turbina-ar-condicionado-samsung-18-000-24-000-btus-845x98\\\/\",\"name\":\"Turbina Ar Condicionado Samsung 18.000 24.000 Btus 845x98 - Loja - Dual Gree Servi\u00e7os | Pe\u00e7as\",\"isPartOf\":{\"@id\":\"https:\\\/\\\/dualgree.com.br\\\/loja\\\/#website\"},\"primaryImageOfPage\":{\"@id\":\"https:\\\/\\\/dualgree.com.br\\\/loja\\\/produto\\\/turbina-ar-condicionado-samsung-18-000-24-000-btus-845x98\\\/#primaryimage\"},\"image\":{\"@id\":\"https:\\\/\\\/dualgree.com.br\\\/loja\\\/produto\\\/turbina-ar-condicionado-samsung-18-000-24-000-btus-845x98\\\/#primaryimage\"},\"thumbnailUrl\":\"https:\\\/\\\/dualgree.com.br\\\/loja\\\/wp-content\\\/uploads\\\/2024\\\/04\\\/15266026145_635-turbina20ar20condicionado20samsung2018-24kbtus.jpeg\",\"datePublished\":\"2024-04-24T17:49:41+00:00\",\"breadcrumb\":{\"@id\":\"https:\\\/\\\/dualgree.com.br\\\/loja\\\/produto\\\/turbina-ar-condicionado-samsung-18-000-24-000-btus-845x98\\\/#breadcrumb\"},\"inLanguage\":\"pt-BR\",\"potentialAction\":[{\"@type\":\"ReadAction\",\"target\":[\"https:\\\/\\\/dualgree.com.br\\\/loja\\\/produto\\\/turbina-ar-condicionado-samsung-18-000-24-000-btus-845x98\\\/\"]}]},{\"@type\":\"ImageObject\",\"inLanguage\":\"pt-BR\",\"@id\":\"https:\\\/\\\/dualgree.com.br\\\/loja\\\/produto\\\/turbina-ar-condicionado-samsung-18-000-24-000-btus-845x98\\\/#primaryimage\",\"url\":\"https:\\\/\\\/dualgree.com.br\\\/loja\\\/wp-content\\\/uploads\\\/2024\\\/04\\\/15266026145_635-turbina20ar20condicionado20samsung2018-24kbtus.jpeg\",\"contentUrl\":\"https:\\\/\\\/dualgree.com.br\\\/loja\\\/wp-content\\\/uploads\\\/2024\\\/04\\\/15266026145_635-turbina20ar20condicionado20samsung2018-24kbtus.jpeg\",\"width\":1200,\"height\":1200},{\"@type\":\"BreadcrumbList\",\"@id\":\"https:\\\/\\\/dualgree.com.br\\\/loja\\\/produto\\\/turbina-ar-condicionado-samsung-18-000-24-000-btus-845x98\\\/#breadcrumb\",\"itemListElement\":[{\"@type\":\"ListItem\",\"position\":1,\"name\":\"In\u00edcio\",\"item\":\"https:\\\/\\\/dualgree.com.br\\\/loja\\\/\"},{\"@type\":\"ListItem\",\"position\":2,\"name\":\"Loja &#8211; Cat\u00e1logo de Pe\u00e7as\",\"item\":\"https:\\\/\\\/dualgree.com.br\\\/loja\\\/\"},{\"@type\":\"ListItem\",\"position\":3,\"name\":\"Turbina Ar Condicionado Samsung 18.000 24.000 Btus 845&#215;98\"}]},{\"@type\":\"WebSite\",\"@id\":\"https:\\\/\\\/dualgree.com.br\\\/loja\\\/#website\",\"url\":\"https:\\\/\\\/dualgree.com.br\\\/loja\\\/\",\"name\":\"Loja - Dual Gree Servi\u00e7os | Partes e Pe\u00e7as\",\"description\":\"Catalogo de Pe\u00e7as para ar condicionado\",\"publisher\":{\"@id\":\"https:\\\/\\\/dualgree.com.br\\\/loja\\\/#organization\"},\"potentialAction\":[{\"@type\":\"SearchAction\",\"target\":{\"@type\":\"EntryPoint\",\"urlTemplate\":\"https:\\\/\\\/dualgree.com.br\\\/loja\\\/?s={search_term_string}\"},\"query-input\":{\"@type\":\"PropertyValueSpecification\",\"valueRequired\":true,\"valueName\":\"search_term_string\"}}],\"inLanguage\":\"pt-BR\"},{\"@type\":\"Organization\",\"@id\":\"https:\\\/\\\/dualgree.com.br\\\/loja\\\/#organization\",\"name\":\"Loja Dual Gree Servi\u00e7o\",\"url\":\"https:\\\/\\\/dualgree.com.br\\\/loja\\\/\",\"logo\":{\"@type\":\"ImageObject\",\"inLanguage\":\"pt-BR\",\"@id\":\"https:\\\/\\\/dualgree.com.br\\\/loja\\\/#\\\/schema\\\/logo\\\/image\\\/\",\"url\":\"https:\\\/\\\/dualgree.com.br\\\/loja\\\/wp-content\\\/uploads\\\/2024\\\/09\\\/teste-logo-ecommerce-dual-1-e1725909304971.png\",\"contentUrl\":\"https:\\\/\\\/dualgree.com.br\\\/loja\\\/wp-content\\\/uploads\\\/2024\\\/09\\\/teste-logo-ecommerce-dual-1-e1725909304971.png\",\"width\":470,\"height\":157,\"caption\":\"Loja Dual Gree Servi\u00e7o\"},\"image\":{\"@id\":\"https:\\\/\\\/dualgree.com.br\\\/loja\\\/#\\\/schema\\\/logo\\\/image\\\/\"}}]}<\/script>\n<!-- \/ Yoast SEO plugin. -->","yoast_head_json":{"title":"Turbina Ar Condicionado Samsung 18.000 24.000 Btus 845x98 - Loja - Dual Gree Servi\u00e7os | Pe\u00e7as","robots":{"index":"index","follow":"follow","max-snippet":"max-snippet:-1","max-image-preview":"max-image-preview:large","max-video-preview":"max-video-preview:-1"},"canonical":"https:\/\/dualgree.com.br\/loja\/produto\/turbina-ar-condicionado-samsung-18-000-24-000-btus-845x98\/","og_locale":"pt_BR","og_type":"article","og_title":"Turbina Ar Condicionado Samsung 18.000 24.000 Btus 845x98 - Loja - Dual Gree Servi\u00e7os | Pe\u00e7as","og_description":"IC635 - Turbina ar condicionado split Samsung 18.000 a 24.000 btus original. \u00a0 ! possui uma pequena quebra na aleta conforme as fotos, n\u00e3o atrapalha em nada o funcionamento. \u00a0 Modelos Compativeis somente n\u00e3o compre errado. \u00a0 AR24KSSPASNNAZAR18JVSPSGMNAZAr18kvspsgmazAS24UWBUNXAZAR18MSSPBGMNAZDimens\u00f5es da turbina845x98845mm 98mm84,5cm 9,8cm","og_url":"https:\/\/dualgree.com.br\/loja\/produto\/turbina-ar-condicionado-samsung-18-000-24-000-btus-845x98\/","og_site_name":"Loja - Dual Gree Servi\u00e7os | Pe\u00e7as","twitter_card":"summary_large_image","schema":{"@context":"https:\/\/schema.org","@graph":[{"@type":"WebPage","@id":"https:\/\/dualgree.com.br\/loja\/produto\/turbina-ar-condicionado-samsung-18-000-24-000-btus-845x98\/","url":"https:\/\/dualgree.com.br\/loja\/produto\/turbina-ar-condicionado-samsung-18-000-24-000-btus-845x98\/","name":"Turbina Ar Condicionado Samsung 18.000 24.000 Btus 845x98 - Loja - Dual Gree Servi\u00e7os | Pe\u00e7as","isPartOf":{"@id":"https:\/\/dualgree.com.br\/loja\/#website"},"primaryImageOfPage":{"@id":"https:\/\/dualgree.com.br\/loja\/produto\/turbina-ar-condicionado-samsung-18-000-24-000-btus-845x98\/#primaryimage"},"image":{"@id":"https:\/\/dualgree.com.br\/loja\/produto\/turbina-ar-condicionado-samsung-18-000-24-000-btus-845x98\/#primaryimage"},"thumbnailUrl":"https:\/\/dualgree.com.br\/loja\/wp-content\/uploads\/2024\/04\/15266026145_635-turbina20ar20condicionado20samsung2018-24kbtus.jpeg","datePublished":"2024-04-24T17:49:41+00:00","breadcrumb":{"@id":"https:\/\/dualgree.com.br\/loja\/produto\/turbina-ar-condicionado-samsung-18-000-24-000-btus-845x98\/#breadcrumb"},"inLanguage":"pt-BR","potentialAction":[{"@type":"ReadAction","target":["https:\/\/dualgree.com.br\/loja\/produto\/turbina-ar-condicionado-samsung-18-000-24-000-btus-845x98\/"]}]},{"@type":"ImageObject","inLanguage":"pt-BR","@id":"https:\/\/dualgree.com.br\/loja\/produto\/turbina-ar-condicionado-samsung-18-000-24-000-btus-845x98\/#primaryimage","url":"https:\/\/dualgree.com.br\/loja\/wp-content\/uploads\/2024\/04\/15266026145_635-turbina20ar20condicionado20samsung2018-24kbtus.jpeg","contentUrl":"https:\/\/dualgree.com.br\/loja\/wp-content\/uploads\/2024\/04\/15266026145_635-turbina20ar20condicionado20samsung2018-24kbtus.jpeg","width":1200,"height":1200},{"@type":"BreadcrumbList","@id":"https:\/\/dualgree.com.br\/loja\/produto\/turbina-ar-condicionado-samsung-18-000-24-000-btus-845x98\/#breadcrumb","itemListElement":[{"@type":"ListItem","position":1,"name":"In\u00edcio","item":"https:\/\/dualgree.com.br\/loja\/"},{"@type":"ListItem","position":2,"name":"Loja &#8211; Cat\u00e1logo de Pe\u00e7as","item":"https:\/\/dualgree.com.br\/loja\/"},{"@type":"ListItem","position":3,"name":"Turbina Ar Condicionado Samsung 18.000 24.000 Btus 845&#215;98"}]},{"@type":"WebSite","@id":"https:\/\/dualgree.com.br\/loja\/#website","url":"https:\/\/dualgree.com.br\/loja\/","name":"Loja - Dual Gree Servi\u00e7os | Partes e Pe\u00e7as","description":"Catalogo de Pe\u00e7as para ar condicionado","publisher":{"@id":"https:\/\/dualgree.com.br\/loja\/#organization"},"potentialAction":[{"@type":"SearchAction","target":{"@type":"EntryPoint","urlTemplate":"https:\/\/dualgree.com.br\/loja\/?s={search_term_string}"},"query-input":{"@type":"PropertyValueSpecification","valueRequired":true,"valueName":"search_term_string"}}],"inLanguage":"pt-BR"},{"@type":"Organization","@id":"https:\/\/dualgree.com.br\/loja\/#organization","name":"Loja Dual Gree Servi\u00e7o","url":"https:\/\/dualgree.com.br\/loja\/","logo":{"@type":"ImageObject","inLanguage":"pt-BR","@id":"https:\/\/dualgree.com.br\/loja\/#\/schema\/logo\/image\/","url":"https:\/\/dualgree.com.br\/loja\/wp-content\/uploads\/2024\/09\/teste-logo-ecommerce-dual-1-e1725909304971.png","contentUrl":"https:\/\/dualgree.com.br\/loja\/wp-content\/uploads\/2024\/09\/teste-logo-ecommerce-dual-1-e1725909304971.png","width":470,"height":157,"caption":"Loja Dual Gree Servi\u00e7o"},"image":{"@id":"https:\/\/dualgree.com.br\/loja\/#\/schema\/logo\/image\/"}}]}},"jetpack_publicize_connections":[],"jetpack_sharing_enabled":true,"jetpack_likes_enabled":true,"_links":{"self":[{"href":"https:\/\/dualgree.com.br\/loja\/wp-json\/wp\/v2\/product\/4446","targetHints":{"allow":["GET"]}}],"collection":[{"href":"https:\/\/dualgree.com.br\/loja\/wp-json\/wp\/v2\/product"}],"about":[{"href":"https:\/\/dualgree.com.br\/loja\/wp-json\/wp\/v2\/types\/product"}],"replies":[{"embeddable":true,"href":"https:\/\/dualgree.com.br\/loja\/wp-json\/wp\/v2\/comments?post=4446"}],"wp:featuredmedia":[{"embeddable":true,"href":"https:\/\/dualgree.com.br\/loja\/wp-json\/wp\/v2\/media\/4439"}],"wp:attachment":[{"href":"https:\/\/dualgree.com.br\/loja\/wp-json\/wp\/v2\/media?parent=4446"}],"wp:term":[{"taxonomy":"product_brand","embeddable":true,"href":"https:\/\/dualgree.com.br\/loja\/wp-json\/wp\/v2\/product_brand?post=4446"},{"taxonomy":"product_cat","embeddable":true,"href":"https:\/\/dualgree.com.br\/loja\/wp-json\/wp\/v2\/product_cat?post=4446"},{"taxonomy":"product_tag","embeddable":true,"href":"https:\/\/dualgree.com.br\/loja\/wp-json\/wp\/v2\/product_tag?post=4446"}],"curies":[{"name":"wp","href":"https:\/\/api.w.org\/{rel}","templated":true}]}}