{"id":4455,"date":"2024-04-25T14:03:24","date_gmt":"2024-04-25T14:03:24","guid":{"rendered":"https:\/\/dualgree.com.br\/loja\/produto\/aleta-defletora-do-ar-condicinado-split-samsung-as18ubtxaz\/"},"modified":"2026-02-27T12:27:35","modified_gmt":"2026-02-27T12:27:35","slug":"aleta-defletora-do-ar-condicinado-split-samsung-as18ubtxaz","status":"publish","type":"product","link":"https:\/\/dualgree.com.br\/loja\/produto\/aleta-defletora-do-ar-condicinado-split-samsung-as18ubtxaz\/","title":{"rendered":"Aleta defletora do ar condicinado split Samsung AS18UBTXAZ"},"content":{"rendered":"<p>Aleta defletora do ar condicinado split Samsung AS18UBTXAZ<\/p>\n<p>\u00a0<\/p>\n<p>IC3112<\/p>\n<p>\u00a0<\/p>\n<p>Dimens\u00f5es do produto<\/p>\n<p>C 715x L57x30mm<\/p>\n<p>\u00a0<\/p>\n<p>Compativel somente com os modelos abaixo :<\/p>\n<p>\u00a0<\/p>\n<p>DB61-03664A<\/p>\n<p>\u00a0<\/p>\n<p>AQ18vwbunxaz.<\/p>\n<p>\u00a0<\/p>\n<p>Ar18kpfuawqnaz.<\/p>\n<p>\u00a0<\/p>\n<p>AQ18ESBANXAZ.<\/p>\n<p>\u00a0<\/p>\n<p>AQ18ESBTXAZ.<\/p>\n<p>\u00a0<\/p>\n<p>AQ18UBANXAZ.<\/p>\n<p>\u00a0<\/p>\n<p>AQ18UBTXAZ.<\/p>\n<p>\u00a0<\/p>\n<p>AQ18UWBUXAZ.<\/p>\n<p>\u00a0<\/p>\n<p>AR18HPSUAWQ\/AZ.<\/p>\n<p>\u00a0<\/p>\n<p>AR18JCSUAWQ\/AZ.<\/p>\n<p>\u00a0<\/p>\n<p>AR18KCFUAWQNAZ.<\/p>\n<p>\u00a0<\/p>\n<p>AR18KPFUAWQNAZ.<\/p>\n<p>\u00a0<\/p>\n<p>AS18ESBANXAZ.<\/p>\n<p>\u00a0<\/p>\n<p>AS18ESBTXAZ.<\/p>\n<p>\u00a0<\/p>\n<p>AS18UBANXAZ.<\/p>\n<p>\u00a0<\/p>\n<p>AS18UBTXAZ.<\/p>\n<p>\u00a0<\/p>\n<p>AS18UWBUXAZ.<\/p>\n<p>\u00a0<\/p>\n<p>AS18UWBUNXAZ.<\/p>\n<p>\u00a0<\/p>\n<p>! N\u00e3o compre errado, informe foto do seu modelo etiqueta lateral.!<\/p>\n","protected":false},"excerpt":{"rendered":"<p>Aleta defletora do ar condicinado split Samsung AS18UBTXAZ<\/p>\n<p>\u00a0<\/p>\n<p>IC3112<\/p>\n<p>\u00a0<\/p>\n<p>Dimens\u00f5es do produto<\/p>\n<p>C 715x L57x30mm<\/p>\n<p>\u00a0<\/p>\n<p>Compativel somente com os modelos abaixo :<\/p>\n<p>\u00a0<\/p>\n<p>DB61-03664A<\/p>\n<p>\u00a0<\/p>\n<p>AQ18vwbunxaz.<\/p>\n<p>\u00a0<\/p>\n<p>Ar18kpfuawqnaz.<\/p>\n<p>\u00a0<\/p>\n<p>AQ18ESBANXAZ.<\/p>\n<p>\u00a0<\/p>\n<p>AQ18ESBTXAZ.<\/p>\n<p>\u00a0<\/p>\n<p>AQ18UBANXAZ.<\/p>\n<p>\u00a0<\/p>\n<p>AQ18UBTXAZ.<\/p>\n<p>\u00a0<\/p>\n<p>AQ18UWBUXAZ.<\/p>\n<p>\u00a0<\/p>\n<p>AR18HPSUAWQ\/AZ.<\/p>\n<p>\u00a0<\/p>\n<p>AR18JCSUAWQ\/AZ.<\/p>\n<p>\u00a0<\/p>\n<p>AR18KCFUAWQNAZ.<\/p>\n<p>\u00a0<\/p>\n<p>AR18KPFUAWQNAZ.<\/p>\n<p>\u00a0<\/p>\n<p>AS18ESBANXAZ.<\/p>\n<p>\u00a0<\/p>\n<p>AS18ESBTXAZ.<\/p>\n<p>\u00a0<\/p>\n<p>AS18UBANXAZ.<\/p>\n<p>\u00a0<\/p>\n<p>AS18UBTXAZ.<\/p>\n<p>\u00a0<\/p>\n<p>AS18UWBUXAZ.<\/p>\n<p>\u00a0<\/p>\n<p>AS18UWBUNXAZ.<\/p>\n<p>\u00a0<\/p>\n<p>! N\u00e3o compre errado, informe foto do seu modelo etiqueta lateral.!<\/p>\n","protected":false},"featured_media":10127,"comment_status":"open","ping_status":"closed","template":"","meta":{"_kadence_starter_templates_imported_post":false,"_kad_post_transparent":"","_kad_post_title":"","_kad_post_layout":"","_kad_post_sidebar_id":"","_kad_post_content_style":"","_kad_post_vertical_padding":"","_kad_post_feature":"","_kad_post_feature_position":"","_kad_post_header":false,"_kad_post_footer":false,"jetpack_publicize_message":"","jetpack_publicize_feature_enabled":true,"jetpack_social_post_already_shared":false,"jetpack_social_options":{"image_generator_settings":{"template":"highway","default_image_id":0,"font":"","enabled":false},"version":2}},"product_brand":[],"product_cat":[169,186],"product_tag":[],"class_list":{"0":"post-4455","1":"product","2":"type-product","3":"status-publish","4":"has-post-thumbnail","6":"product_cat-aleta-defletora-split","7":"product_cat-samsung","9":"first","10":"outofstock","11":"shipping-taxable","12":"purchasable","13":"product-type-simple","14":"entry","15":"content-bg","16":"loop-entry"},"yoast_head":"<!-- This site is optimized with the Yoast SEO plugin v27.5 - https:\/\/yoast.com\/product\/yoast-seo-wordpress\/ -->\n<title>Aleta defletora do ar condicinado split Samsung AS18UBTXAZ - Loja - Dual Gree Servi\u00e7os | Pe\u00e7as<\/title>\n<meta name=\"robots\" content=\"index, follow, max-snippet:-1, max-image-preview:large, max-video-preview:-1\" \/>\n<link rel=\"canonical\" href=\"https:\/\/dualgree.com.br\/loja\/produto\/aleta-defletora-do-ar-condicinado-split-samsung-as18ubtxaz\/\" \/>\n<meta property=\"og:locale\" content=\"pt_BR\" \/>\n<meta property=\"og:type\" content=\"article\" \/>\n<meta property=\"og:title\" content=\"Aleta defletora do ar condicinado split Samsung AS18UBTXAZ - Loja - Dual Gree Servi\u00e7os | Pe\u00e7as\" \/>\n<meta property=\"og:description\" content=\"Aleta defletora do ar condicinado split Samsung AS18UBTXAZ \u00a0 IC3112 \u00a0 Dimens\u00f5es do produto C 715x L57x30mm \u00a0 Compativel somente com os modelos abaixo : \u00a0 DB61-03664A \u00a0 AQ18vwbunxaz. \u00a0 Ar18kpfuawqnaz. \u00a0 AQ18ESBANXAZ. \u00a0 AQ18ESBTXAZ. \u00a0 AQ18UBANXAZ. \u00a0 AQ18UBTXAZ. \u00a0 AQ18UWBUXAZ. \u00a0 AR18HPSUAWQ\/AZ. \u00a0 AR18JCSUAWQ\/AZ. \u00a0 AR18KCFUAWQNAZ. \u00a0 AR18KPFUAWQNAZ. \u00a0 AS18ESBANXAZ. \u00a0 AS18ESBTXAZ. \u00a0 AS18UBANXAZ. \u00a0 AS18UBTXAZ. \u00a0 AS18UWBUXAZ. \u00a0 AS18UWBUNXAZ. \u00a0 ! N\u00e3o compre errado, informe foto do seu modelo etiqueta lateral.!\" \/>\n<meta property=\"og:url\" content=\"https:\/\/dualgree.com.br\/loja\/produto\/aleta-defletora-do-ar-condicinado-split-samsung-as18ubtxaz\/\" \/>\n<meta property=\"og:site_name\" content=\"Loja - Dual Gree Servi\u00e7os | Pe\u00e7as\" \/>\n<meta property=\"article:modified_time\" content=\"2026-02-27T12:27:35+00:00\" \/>\n<meta property=\"og:image\" content=\"https:\/\/dualgree.com.br\/loja\/wp-content\/uploads\/2024\/04\/15266304625_3112-Aleta20do20ar20condiciondo20samsung-AS18UBTXAZ-1.jpeg\" \/>\n\t<meta property=\"og:image:width\" content=\"1200\" \/>\n\t<meta property=\"og:image:height\" content=\"1200\" \/>\n\t<meta property=\"og:image:type\" content=\"image\/jpeg\" \/>\n<meta name=\"twitter:card\" content=\"summary_large_image\" \/>\n<script type=\"application\/ld+json\" class=\"yoast-schema-graph\">{\"@context\":\"https:\\\/\\\/schema.org\",\"@graph\":[{\"@type\":\"WebPage\",\"@id\":\"https:\\\/\\\/dualgree.com.br\\\/loja\\\/produto\\\/aleta-defletora-do-ar-condicinado-split-samsung-as18ubtxaz\\\/\",\"url\":\"https:\\\/\\\/dualgree.com.br\\\/loja\\\/produto\\\/aleta-defletora-do-ar-condicinado-split-samsung-as18ubtxaz\\\/\",\"name\":\"Aleta defletora do ar condicinado split Samsung AS18UBTXAZ - Loja - Dual Gree Servi\u00e7os | Pe\u00e7as\",\"isPartOf\":{\"@id\":\"https:\\\/\\\/dualgree.com.br\\\/loja\\\/#website\"},\"primaryImageOfPage\":{\"@id\":\"https:\\\/\\\/dualgree.com.br\\\/loja\\\/produto\\\/aleta-defletora-do-ar-condicinado-split-samsung-as18ubtxaz\\\/#primaryimage\"},\"image\":{\"@id\":\"https:\\\/\\\/dualgree.com.br\\\/loja\\\/produto\\\/aleta-defletora-do-ar-condicinado-split-samsung-as18ubtxaz\\\/#primaryimage\"},\"thumbnailUrl\":\"https:\\\/\\\/dualgree.com.br\\\/loja\\\/wp-content\\\/uploads\\\/2025\\\/06\\\/15266304625-3112-aleta-do-ar-condiciondo-samsung-as18ubtxaz.webp\",\"datePublished\":\"2024-04-25T14:03:24+00:00\",\"dateModified\":\"2026-02-27T12:27:35+00:00\",\"breadcrumb\":{\"@id\":\"https:\\\/\\\/dualgree.com.br\\\/loja\\\/produto\\\/aleta-defletora-do-ar-condicinado-split-samsung-as18ubtxaz\\\/#breadcrumb\"},\"inLanguage\":\"pt-BR\",\"potentialAction\":[{\"@type\":\"ReadAction\",\"target\":[\"https:\\\/\\\/dualgree.com.br\\\/loja\\\/produto\\\/aleta-defletora-do-ar-condicinado-split-samsung-as18ubtxaz\\\/\"]}]},{\"@type\":\"ImageObject\",\"inLanguage\":\"pt-BR\",\"@id\":\"https:\\\/\\\/dualgree.com.br\\\/loja\\\/produto\\\/aleta-defletora-do-ar-condicinado-split-samsung-as18ubtxaz\\\/#primaryimage\",\"url\":\"https:\\\/\\\/dualgree.com.br\\\/loja\\\/wp-content\\\/uploads\\\/2025\\\/06\\\/15266304625-3112-aleta-do-ar-condiciondo-samsung-as18ubtxaz.webp\",\"contentUrl\":\"https:\\\/\\\/dualgree.com.br\\\/loja\\\/wp-content\\\/uploads\\\/2025\\\/06\\\/15266304625-3112-aleta-do-ar-condiciondo-samsung-as18ubtxaz.webp\",\"width\":1600,\"height\":1600},{\"@type\":\"BreadcrumbList\",\"@id\":\"https:\\\/\\\/dualgree.com.br\\\/loja\\\/produto\\\/aleta-defletora-do-ar-condicinado-split-samsung-as18ubtxaz\\\/#breadcrumb\",\"itemListElement\":[{\"@type\":\"ListItem\",\"position\":1,\"name\":\"In\u00edcio\",\"item\":\"https:\\\/\\\/dualgree.com.br\\\/loja\\\/\"},{\"@type\":\"ListItem\",\"position\":2,\"name\":\"Loja &#8211; Cat\u00e1logo de Pe\u00e7as\",\"item\":\"https:\\\/\\\/dualgree.com.br\\\/loja\\\/\"},{\"@type\":\"ListItem\",\"position\":3,\"name\":\"Aleta defletora do ar condicinado split Samsung AS18UBTXAZ\"}]},{\"@type\":\"WebSite\",\"@id\":\"https:\\\/\\\/dualgree.com.br\\\/loja\\\/#website\",\"url\":\"https:\\\/\\\/dualgree.com.br\\\/loja\\\/\",\"name\":\"Loja - Dual Gree Servi\u00e7os | Partes e Pe\u00e7as\",\"description\":\"Catalogo de Pe\u00e7as para ar condicionado\",\"publisher\":{\"@id\":\"https:\\\/\\\/dualgree.com.br\\\/loja\\\/#organization\"},\"potentialAction\":[{\"@type\":\"SearchAction\",\"target\":{\"@type\":\"EntryPoint\",\"urlTemplate\":\"https:\\\/\\\/dualgree.com.br\\\/loja\\\/?s={search_term_string}\"},\"query-input\":{\"@type\":\"PropertyValueSpecification\",\"valueRequired\":true,\"valueName\":\"search_term_string\"}}],\"inLanguage\":\"pt-BR\"},{\"@type\":\"Organization\",\"@id\":\"https:\\\/\\\/dualgree.com.br\\\/loja\\\/#organization\",\"name\":\"Loja Dual Gree Servi\u00e7o\",\"url\":\"https:\\\/\\\/dualgree.com.br\\\/loja\\\/\",\"logo\":{\"@type\":\"ImageObject\",\"inLanguage\":\"pt-BR\",\"@id\":\"https:\\\/\\\/dualgree.com.br\\\/loja\\\/#\\\/schema\\\/logo\\\/image\\\/\",\"url\":\"https:\\\/\\\/dualgree.com.br\\\/loja\\\/wp-content\\\/uploads\\\/2024\\\/09\\\/teste-logo-ecommerce-dual-1-e1725909304971.png\",\"contentUrl\":\"https:\\\/\\\/dualgree.com.br\\\/loja\\\/wp-content\\\/uploads\\\/2024\\\/09\\\/teste-logo-ecommerce-dual-1-e1725909304971.png\",\"width\":470,\"height\":157,\"caption\":\"Loja Dual Gree Servi\u00e7o\"},\"image\":{\"@id\":\"https:\\\/\\\/dualgree.com.br\\\/loja\\\/#\\\/schema\\\/logo\\\/image\\\/\"}}]}<\/script>\n<!-- \/ Yoast SEO plugin. -->","yoast_head_json":{"title":"Aleta defletora do ar condicinado split Samsung AS18UBTXAZ - Loja - Dual Gree Servi\u00e7os | Pe\u00e7as","robots":{"index":"index","follow":"follow","max-snippet":"max-snippet:-1","max-image-preview":"max-image-preview:large","max-video-preview":"max-video-preview:-1"},"canonical":"https:\/\/dualgree.com.br\/loja\/produto\/aleta-defletora-do-ar-condicinado-split-samsung-as18ubtxaz\/","og_locale":"pt_BR","og_type":"article","og_title":"Aleta defletora do ar condicinado split Samsung AS18UBTXAZ - Loja - Dual Gree Servi\u00e7os | Pe\u00e7as","og_description":"Aleta defletora do ar condicinado split Samsung AS18UBTXAZ \u00a0 IC3112 \u00a0 Dimens\u00f5es do produto C 715x L57x30mm \u00a0 Compativel somente com os modelos abaixo : \u00a0 DB61-03664A \u00a0 AQ18vwbunxaz. \u00a0 Ar18kpfuawqnaz. \u00a0 AQ18ESBANXAZ. \u00a0 AQ18ESBTXAZ. \u00a0 AQ18UBANXAZ. \u00a0 AQ18UBTXAZ. \u00a0 AQ18UWBUXAZ. \u00a0 AR18HPSUAWQ\/AZ. \u00a0 AR18JCSUAWQ\/AZ. \u00a0 AR18KCFUAWQNAZ. \u00a0 AR18KPFUAWQNAZ. \u00a0 AS18ESBANXAZ. \u00a0 AS18ESBTXAZ. \u00a0 AS18UBANXAZ. \u00a0 AS18UBTXAZ. \u00a0 AS18UWBUXAZ. \u00a0 AS18UWBUNXAZ. \u00a0 ! N\u00e3o compre errado, informe foto do seu modelo etiqueta lateral.!","og_url":"https:\/\/dualgree.com.br\/loja\/produto\/aleta-defletora-do-ar-condicinado-split-samsung-as18ubtxaz\/","og_site_name":"Loja - Dual Gree Servi\u00e7os | Pe\u00e7as","article_modified_time":"2026-02-27T12:27:35+00:00","og_image":[{"width":1200,"height":1200,"url":"https:\/\/dualgree.com.br\/loja\/wp-content\/uploads\/2024\/04\/15266304625_3112-Aleta20do20ar20condiciondo20samsung-AS18UBTXAZ-1.jpeg","type":"image\/jpeg"}],"twitter_card":"summary_large_image","schema":{"@context":"https:\/\/schema.org","@graph":[{"@type":"WebPage","@id":"https:\/\/dualgree.com.br\/loja\/produto\/aleta-defletora-do-ar-condicinado-split-samsung-as18ubtxaz\/","url":"https:\/\/dualgree.com.br\/loja\/produto\/aleta-defletora-do-ar-condicinado-split-samsung-as18ubtxaz\/","name":"Aleta defletora do ar condicinado split Samsung AS18UBTXAZ - Loja - Dual Gree Servi\u00e7os | Pe\u00e7as","isPartOf":{"@id":"https:\/\/dualgree.com.br\/loja\/#website"},"primaryImageOfPage":{"@id":"https:\/\/dualgree.com.br\/loja\/produto\/aleta-defletora-do-ar-condicinado-split-samsung-as18ubtxaz\/#primaryimage"},"image":{"@id":"https:\/\/dualgree.com.br\/loja\/produto\/aleta-defletora-do-ar-condicinado-split-samsung-as18ubtxaz\/#primaryimage"},"thumbnailUrl":"https:\/\/dualgree.com.br\/loja\/wp-content\/uploads\/2025\/06\/15266304625-3112-aleta-do-ar-condiciondo-samsung-as18ubtxaz.webp","datePublished":"2024-04-25T14:03:24+00:00","dateModified":"2026-02-27T12:27:35+00:00","breadcrumb":{"@id":"https:\/\/dualgree.com.br\/loja\/produto\/aleta-defletora-do-ar-condicinado-split-samsung-as18ubtxaz\/#breadcrumb"},"inLanguage":"pt-BR","potentialAction":[{"@type":"ReadAction","target":["https:\/\/dualgree.com.br\/loja\/produto\/aleta-defletora-do-ar-condicinado-split-samsung-as18ubtxaz\/"]}]},{"@type":"ImageObject","inLanguage":"pt-BR","@id":"https:\/\/dualgree.com.br\/loja\/produto\/aleta-defletora-do-ar-condicinado-split-samsung-as18ubtxaz\/#primaryimage","url":"https:\/\/dualgree.com.br\/loja\/wp-content\/uploads\/2025\/06\/15266304625-3112-aleta-do-ar-condiciondo-samsung-as18ubtxaz.webp","contentUrl":"https:\/\/dualgree.com.br\/loja\/wp-content\/uploads\/2025\/06\/15266304625-3112-aleta-do-ar-condiciondo-samsung-as18ubtxaz.webp","width":1600,"height":1600},{"@type":"BreadcrumbList","@id":"https:\/\/dualgree.com.br\/loja\/produto\/aleta-defletora-do-ar-condicinado-split-samsung-as18ubtxaz\/#breadcrumb","itemListElement":[{"@type":"ListItem","position":1,"name":"In\u00edcio","item":"https:\/\/dualgree.com.br\/loja\/"},{"@type":"ListItem","position":2,"name":"Loja &#8211; Cat\u00e1logo de Pe\u00e7as","item":"https:\/\/dualgree.com.br\/loja\/"},{"@type":"ListItem","position":3,"name":"Aleta defletora do ar condicinado split Samsung AS18UBTXAZ"}]},{"@type":"WebSite","@id":"https:\/\/dualgree.com.br\/loja\/#website","url":"https:\/\/dualgree.com.br\/loja\/","name":"Loja - Dual Gree Servi\u00e7os | Partes e Pe\u00e7as","description":"Catalogo de Pe\u00e7as para ar condicionado","publisher":{"@id":"https:\/\/dualgree.com.br\/loja\/#organization"},"potentialAction":[{"@type":"SearchAction","target":{"@type":"EntryPoint","urlTemplate":"https:\/\/dualgree.com.br\/loja\/?s={search_term_string}"},"query-input":{"@type":"PropertyValueSpecification","valueRequired":true,"valueName":"search_term_string"}}],"inLanguage":"pt-BR"},{"@type":"Organization","@id":"https:\/\/dualgree.com.br\/loja\/#organization","name":"Loja Dual Gree Servi\u00e7o","url":"https:\/\/dualgree.com.br\/loja\/","logo":{"@type":"ImageObject","inLanguage":"pt-BR","@id":"https:\/\/dualgree.com.br\/loja\/#\/schema\/logo\/image\/","url":"https:\/\/dualgree.com.br\/loja\/wp-content\/uploads\/2024\/09\/teste-logo-ecommerce-dual-1-e1725909304971.png","contentUrl":"https:\/\/dualgree.com.br\/loja\/wp-content\/uploads\/2024\/09\/teste-logo-ecommerce-dual-1-e1725909304971.png","width":470,"height":157,"caption":"Loja Dual Gree Servi\u00e7o"},"image":{"@id":"https:\/\/dualgree.com.br\/loja\/#\/schema\/logo\/image\/"}}]}},"jetpack_publicize_connections":[],"jetpack_sharing_enabled":true,"jetpack_likes_enabled":true,"_links":{"self":[{"href":"https:\/\/dualgree.com.br\/loja\/wp-json\/wp\/v2\/product\/4455","targetHints":{"allow":["GET"]}}],"collection":[{"href":"https:\/\/dualgree.com.br\/loja\/wp-json\/wp\/v2\/product"}],"about":[{"href":"https:\/\/dualgree.com.br\/loja\/wp-json\/wp\/v2\/types\/product"}],"replies":[{"embeddable":true,"href":"https:\/\/dualgree.com.br\/loja\/wp-json\/wp\/v2\/comments?post=4455"}],"wp:featuredmedia":[{"embeddable":true,"href":"https:\/\/dualgree.com.br\/loja\/wp-json\/wp\/v2\/media\/10127"}],"wp:attachment":[{"href":"https:\/\/dualgree.com.br\/loja\/wp-json\/wp\/v2\/media?parent=4455"}],"wp:term":[{"taxonomy":"product_brand","embeddable":true,"href":"https:\/\/dualgree.com.br\/loja\/wp-json\/wp\/v2\/product_brand?post=4455"},{"taxonomy":"product_cat","embeddable":true,"href":"https:\/\/dualgree.com.br\/loja\/wp-json\/wp\/v2\/product_cat?post=4455"},{"taxonomy":"product_tag","embeddable":true,"href":"https:\/\/dualgree.com.br\/loja\/wp-json\/wp\/v2\/product_tag?post=4455"}],"curies":[{"name":"wp","href":"https:\/\/api.w.org\/{rel}","templated":true}]}}