{"id":4539,"date":"2024-04-30T14:51:17","date_gmt":"2024-04-30T14:51:17","guid":{"rendered":"https:\/\/dualgree.com.br\/loja\/produto\/turbina-evaporadora-ar-condicionado-springer-midea-42macb12s\/"},"modified":"2025-04-28T12:50:52","modified_gmt":"2025-04-28T12:50:52","slug":"turbina-evaporadora-ar-condicionado-springer-midea-42macb12s","status":"publish","type":"product","link":"https:\/\/dualgree.com.br\/loja\/produto\/turbina-evaporadora-ar-condicionado-springer-midea-42macb12s\/","title":{"rendered":"Turbina Evaporadora Ar Condicionado Springer Midea 42macb12s"},"content":{"rendered":"<p><span style=\"font-family: arial, tahoma, verdana, helvetica;font-size: 14.72px\">IC1466 &#8211; Turbina de ar condicionado split Springer midea original. 12.000 btus<\/span><\/p>\n<p><span style=\"font-family: arial, tahoma, verdana, helvetica\"><span style=\"font-size: 14.72px\">42AECA12F5,<\/span><\/span><\/p>\n<p><span style=\"font-family: arial, tahoma, verdana, helvetica\"><span style=\"font-size: 14.72px\">42AFCA12F5,<\/span><\/span><\/p>\n<p><span style=\"font-family: arial, tahoma, verdana, helvetica\"><span style=\"font-size: 14.72px\">42AFCB12F5,<\/span><\/span><\/p>\n<p><span style=\"font-family: arial, tahoma, verdana, helvetica\"><span style=\"font-size: 14.72px\">42AFCC12V5,<\/span><\/span><\/p>\n<p><span style=\"font-family: arial, tahoma, verdana, helvetica\"><span style=\"font-size: 14.72px\">42AFCD12A5,<\/span><\/span><\/p>\n<p><span style=\"font-family: arial, tahoma, verdana, helvetica\"><span style=\"font-size: 14.72px\">42AFCD12F5,<\/span><\/span><\/p>\n<p><span style=\"font-family: arial, tahoma, verdana, helvetica\"><span style=\"font-size: 14.72px\">42AFCE12F5,<\/span><\/span><\/p>\n<p><span style=\"font-family: arial, tahoma, verdana, helvetica\"><span style=\"font-size: 14.72px\">42AFCE12T5,<\/span><\/span><\/p>\n<p><span style=\"font-family: arial, tahoma, verdana, helvetica\"><span style=\"font-size: 14.72px\">42AFCE12T8,<\/span><\/span><\/p>\n<p><span style=\"font-family: arial, tahoma, verdana, helvetica\"><span style=\"font-size: 14.72px\">42AFCE12V5,<\/span><\/span><\/p>\n<p><span style=\"font-family: arial, tahoma, verdana, helvetica\"><span style=\"font-size: 14.72px\">42AFCE12X5,<\/span><\/span><\/p>\n<p><span style=\"font-family: arial, tahoma, verdana, helvetica\"><span style=\"font-size: 14.72px\">42AFCF12F5,<\/span><\/span><\/p>\n<p><span style=\"font-family: arial, tahoma, verdana, helvetica\"><span style=\"font-size: 14.72px\">42AFCG12A5,<\/span><\/span><\/p>\n<p><span style=\"font-family: arial, tahoma, verdana, helvetica\"><span style=\"font-size: 14.72px\">42AFCG12F5,<\/span><\/span><\/p>\n<p><span style=\"font-family: arial, tahoma, verdana, helvetica\"><span style=\"font-size: 14.72px\">42AFCG12T5,<\/span><\/span><\/p>\n<p><span style=\"font-family: arial, tahoma, verdana, helvetica\"><span style=\"font-size: 14.72px\">42AFCG12V5,<\/span><\/span><\/p>\n<p><span style=\"font-family: arial, tahoma, verdana, helvetica\"><span style=\"font-size: 14.72px\">42AFCG12X5,<\/span><\/span><\/p>\n<p><span style=\"font-family: arial, tahoma, verdana, helvetica\"><span style=\"font-size: 14.72px\">42AFFCG12D5,<\/span><\/span><\/p>\n<p><span style=\"font-family: arial, tahoma, verdana, helvetica\"><span style=\"font-size: 14.72px\">42AFQA12F5,<\/span><\/span><\/p>\n<p><span style=\"font-family: arial, tahoma, verdana, helvetica\"><span style=\"font-size: 14.72px\">42AFQD12F5,<\/span><\/span><\/p>\n<p><span style=\"font-family: arial, tahoma, verdana, helvetica\"><span style=\"font-size: 14.72px\">42AFVCG12D5,<\/span><\/span><\/p>\n<p><span style=\"font-family: arial, tahoma, verdana, helvetica\"><span style=\"font-size: 14.72px\">42AFVCG12S5,<\/span><\/span><\/p>\n<p><span style=\"font-family: arial, tahoma, verdana, helvetica\"><span style=\"font-size: 14.72px\">42AFVQG12A5,<\/span><\/span><\/p>\n<p><span style=\"font-family: arial, tahoma, verdana, helvetica\"><span style=\"font-size: 14.72px\">42AFVQG12D5,<\/span><\/span><\/p>\n<p><span style=\"font-family: arial, tahoma, verdana, helvetica\"><span style=\"font-size: 14.72px\">42AFVQG12F5,<\/span><\/span><\/p>\n<p><span style=\"font-family: arial, tahoma, verdana, helvetica\"><span style=\"font-size: 14.72px\">42AFVQG12T5,<\/span><\/span><\/p>\n<p><span style=\"font-family: arial, tahoma, verdana, helvetica\"><span style=\"font-size: 14.72px\">42AFVQG12V5,<\/span><\/span><\/p>\n<p><span style=\"font-family: arial, tahoma, verdana, helvetica\"><span style=\"font-size: 14.72px\">42AFVQG12X5,<\/span><\/span><\/p>\n<p><span style=\"font-family: arial, tahoma, verdana, helvetica\"><span style=\"font-size: 14.72px\">42AVCG12A5,<\/span><\/span><\/p>\n<p><span style=\"font-family: arial, tahoma, verdana, helvetica\"><span style=\"font-size: 14.72px\">42AVCG12F5,<\/span><\/span><\/p>\n<p><span style=\"font-family: arial, tahoma, verdana, helvetica\"><span style=\"font-size: 14.72px\">42AVCG12T5,<\/span><\/span><\/p>\n<p><span style=\"font-family: arial, tahoma, verdana, helvetica\"><span style=\"font-size: 14.72px\">42AVCG12V5,<\/span><\/span><\/p>\n<p><span style=\"font-family: arial, tahoma, verdana, helvetica\"><span style=\"font-size: 14.72px\">42AVCG12X5,<\/span><\/span><\/p>\n<p><span style=\"font-family: arial, tahoma, verdana, helvetica\"><span style=\"font-size: 14.72px\">42MACA12M5,<\/span><\/span><\/p>\n<p><span style=\"font-family: arial, tahoma, verdana, helvetica\"><span style=\"font-size: 14.72px\">42MACA12S5,<\/span><\/span><\/p>\n<p><span style=\"font-family: arial, tahoma, verdana, helvetica\"><span style=\"font-size: 14.72px\">42MACB12S5,<\/span><\/span><\/p>\n<p><span style=\"font-family: arial, tahoma, verdana, helvetica\"><span style=\"font-size: 14.72px\">42MACT12S5,<\/span><\/span><\/p>\n<p><span style=\"font-family: arial, tahoma, verdana, helvetica\"><span style=\"font-size: 14.72px\">42MAQA12M5,<\/span><\/span><\/p>\n<p><span style=\"font-family: arial, tahoma, verdana, helvetica\"><span style=\"font-size: 14.72px\">42MAQA12S5,<\/span><\/span><\/p>\n<p><span style=\"font-family: arial, tahoma, verdana, helvetica\"><span style=\"font-size: 14.72px\">42MBCA12M5,<\/span><\/span><\/p>\n<p><span style=\"font-family: arial, tahoma, verdana, helvetica\"><span style=\"font-size: 14.72px\">42MBCA12M5,<\/span><\/span><\/p>\n<p><span style=\"font-family: arial, tahoma, verdana, helvetica\"><span style=\"font-size: 14.72px\">42MBCB12M5,<\/span><\/span><\/p>\n<p><span style=\"font-family: arial, tahoma, verdana, helvetica\"><span style=\"font-size: 14.72px\">42MBMA12M5,<\/span><\/span><\/p>\n<p><span style=\"font-family: arial, tahoma, verdana, helvetica\"><span style=\"font-size: 14.72px\">42MBQA12M5,<\/span><\/span><\/p>\n<p><span style=\"font-family: arial, tahoma, verdana, helvetica\"><span style=\"font-size: 14.72px\">42MBQA12M5,<\/span><\/span><\/p>\n<p><span style=\"font-family: arial, tahoma, verdana, helvetica\"><span style=\"font-size: 14.72px\">42TFCA12S5,<\/span><\/span><\/p>\n<p><span style=\"font-family: arial, tahoma, verdana, helvetica\"><span style=\"font-size: 14.72px\">42TFQA12S5,<\/span><\/span><\/p>\n<p>\u00a0<\/p>\n<p>\u00a0<\/p>\n<p><span style=\"font-family: arial, tahoma, verdana, helvetica;font-size: 14.72px\">Confirmar seu modelo para ser enviado.<\/span><br style=\"font-family: arial, tahoma, verdana, helvetica;font-size: 14.72px\" \/><br style=\"font-family: arial, tahoma, verdana, helvetica;font-size: 14.72px\" \/><span style=\"font-family: arial, tahoma, verdana, helvetica;font-size: 14.72px\">Dimens\u00f5es do produto 60,5&#215;9,4cm<\/span><br style=\"font-family: arial, tahoma, verdana, helvetica;font-size: 14.72px\" \/><span style=\"font-family: arial, tahoma, verdana, helvetica;font-size: 14.72px\">605x94mm<\/span><\/p>\n","protected":false},"excerpt":{"rendered":"<p><span style=\"font-family: arial, tahoma, verdana, helvetica;font-size: 14.72px\">IC1466 &#8211; Turbina de ar condicionado split Springer midea original. 12.000 btus<\/span><br style=\"font-family: arial, tahoma, verdana, helvetica;font-size: 14.72px\" \/><br style=\"font-family: arial, tahoma, verdana, helvetica;font-size: 14.72px\" \/><span style=\"font-family: arial, tahoma, verdana, helvetica;font-size: 14.72px\">42macb12s<\/span><\/p>\n<p>\u00a0<\/p>\n<p><span style=\"font-family: arial, tahoma, verdana, helvetica\"><span style=\"font-size: 14.72px\">42MACT12S5<\/span><\/span><br style=\"font-family: arial, tahoma, verdana, helvetica;font-size: 14.72px\" \/><span style=\"font-family: arial, tahoma, verdana, helvetica;font-size: 14.72px\"><\/span><\/p>\n<p>\u00a0<\/p>\n<p><span style=\"font-family: arial, tahoma, verdana, helvetica;font-size: 14.72px\">Confirmar seu modelo para ser enviado.<\/span><br style=\"font-family: arial, tahoma, verdana, helvetica;font-size: 14.72px\" \/><br style=\"font-family: arial, tahoma, verdana, helvetica;font-size: 14.72px\" \/><span style=\"font-family: arial, tahoma, verdana, helvetica;font-size: 14.72px\">Dimens\u00f5es do produto 60,5&#215;9,4cm<\/span><br style=\"font-family: arial, tahoma, verdana, helvetica;font-size: 14.72px\" \/><span style=\"font-family: arial, tahoma, verdana, helvetica;font-size: 14.72px\">605x94mm<\/span><\/p>\n","protected":false},"featured_media":8671,"comment_status":"open","ping_status":"closed","template":"","meta":{"_kadence_starter_templates_imported_post":false,"_kad_post_transparent":"","_kad_post_title":"","_kad_post_layout":"","_kad_post_sidebar_id":"","_kad_post_content_style":"","_kad_post_vertical_padding":"","_kad_post_feature":"","_kad_post_feature_position":"","_kad_post_header":false,"_kad_post_footer":false,"jetpack_publicize_message":"","jetpack_publicize_feature_enabled":true,"jetpack_social_post_already_shared":false,"jetpack_social_options":{"image_generator_settings":{"template":"highway","default_image_id":0,"font":"","enabled":false},"version":2}},"product_brand":[],"product_cat":[176,179,219],"product_tag":[],"class_list":{"0":"post-4539","1":"product","2":"type-product","3":"status-publish","4":"has-post-thumbnail","6":"product_cat-midea","7":"product_cat-springer","8":"product_cat-turbina-de-ventilacao-split","10":"first","11":"outofstock","12":"shipping-taxable","13":"purchasable","14":"product-type-simple","15":"entry","16":"content-bg","17":"loop-entry"},"yoast_head":"<!-- This site is optimized with the Yoast SEO plugin v27.5 - https:\/\/yoast.com\/product\/yoast-seo-wordpress\/ -->\n<title>Turbina Evaporadora Ar Condicionado Springer Midea 42macb12s - Loja - Dual Gree Servi\u00e7os | Pe\u00e7as<\/title>\n<meta name=\"robots\" content=\"index, follow, max-snippet:-1, max-image-preview:large, max-video-preview:-1\" \/>\n<link rel=\"canonical\" href=\"https:\/\/dualgree.com.br\/loja\/produto\/turbina-evaporadora-ar-condicionado-springer-midea-42macb12s\/\" \/>\n<meta property=\"og:locale\" content=\"pt_BR\" \/>\n<meta property=\"og:type\" content=\"article\" \/>\n<meta property=\"og:title\" content=\"Turbina Evaporadora Ar Condicionado Springer Midea 42macb12s - Loja - Dual Gree Servi\u00e7os | Pe\u00e7as\" \/>\n<meta property=\"og:description\" content=\"IC1466 - Turbina de ar condicionado split Springer midea original. 12.000 btus42macb12s \u00a0 42MACT12S5 \u00a0 Confirmar seu modelo para ser enviado.Dimens\u00f5es do produto 60,5x9,4cm605x94mm\" \/>\n<meta property=\"og:url\" content=\"https:\/\/dualgree.com.br\/loja\/produto\/turbina-evaporadora-ar-condicionado-springer-midea-42macb12s\/\" \/>\n<meta property=\"og:site_name\" content=\"Loja - Dual Gree Servi\u00e7os | Pe\u00e7as\" \/>\n<meta property=\"article:modified_time\" content=\"2025-04-28T12:50:52+00:00\" \/>\n<meta property=\"og:image\" content=\"https:\/\/dualgree.com.br\/loja\/wp-content\/uploads\/2024\/04\/15267403851_2485-TURBINA20AR20CONDICIONADO20MIDEA2042MACT12S5-1.jpg\" \/>\n\t<meta property=\"og:image:width\" content=\"1200\" \/>\n\t<meta property=\"og:image:height\" content=\"1200\" \/>\n\t<meta property=\"og:image:type\" content=\"image\/jpeg\" \/>\n<meta name=\"twitter:card\" content=\"summary_large_image\" \/>\n<meta name=\"twitter:label1\" content=\"Est. tempo de leitura\" \/>\n\t<meta name=\"twitter:data1\" content=\"1 minuto\" \/>\n<script type=\"application\/ld+json\" class=\"yoast-schema-graph\">{\"@context\":\"https:\\\/\\\/schema.org\",\"@graph\":[{\"@type\":\"WebPage\",\"@id\":\"https:\\\/\\\/dualgree.com.br\\\/loja\\\/produto\\\/turbina-evaporadora-ar-condicionado-springer-midea-42macb12s\\\/\",\"url\":\"https:\\\/\\\/dualgree.com.br\\\/loja\\\/produto\\\/turbina-evaporadora-ar-condicionado-springer-midea-42macb12s\\\/\",\"name\":\"Turbina Evaporadora Ar Condicionado Springer Midea 42macb12s - Loja - Dual Gree Servi\u00e7os | Pe\u00e7as\",\"isPartOf\":{\"@id\":\"https:\\\/\\\/dualgree.com.br\\\/loja\\\/#website\"},\"primaryImageOfPage\":{\"@id\":\"https:\\\/\\\/dualgree.com.br\\\/loja\\\/produto\\\/turbina-evaporadora-ar-condicionado-springer-midea-42macb12s\\\/#primaryimage\"},\"image\":{\"@id\":\"https:\\\/\\\/dualgree.com.br\\\/loja\\\/produto\\\/turbina-evaporadora-ar-condicionado-springer-midea-42macb12s\\\/#primaryimage\"},\"thumbnailUrl\":\"https:\\\/\\\/dualgree.com.br\\\/loja\\\/wp-content\\\/uploads\\\/2024\\\/11\\\/15267403851-2485-turbina-ar-condicionado-midea-42mact12s5.jpg\",\"datePublished\":\"2024-04-30T14:51:17+00:00\",\"dateModified\":\"2025-04-28T12:50:52+00:00\",\"breadcrumb\":{\"@id\":\"https:\\\/\\\/dualgree.com.br\\\/loja\\\/produto\\\/turbina-evaporadora-ar-condicionado-springer-midea-42macb12s\\\/#breadcrumb\"},\"inLanguage\":\"pt-BR\",\"potentialAction\":[{\"@type\":\"ReadAction\",\"target\":[\"https:\\\/\\\/dualgree.com.br\\\/loja\\\/produto\\\/turbina-evaporadora-ar-condicionado-springer-midea-42macb12s\\\/\"]}]},{\"@type\":\"ImageObject\",\"inLanguage\":\"pt-BR\",\"@id\":\"https:\\\/\\\/dualgree.com.br\\\/loja\\\/produto\\\/turbina-evaporadora-ar-condicionado-springer-midea-42macb12s\\\/#primaryimage\",\"url\":\"https:\\\/\\\/dualgree.com.br\\\/loja\\\/wp-content\\\/uploads\\\/2024\\\/11\\\/15267403851-2485-turbina-ar-condicionado-midea-42mact12s5.jpg\",\"contentUrl\":\"https:\\\/\\\/dualgree.com.br\\\/loja\\\/wp-content\\\/uploads\\\/2024\\\/11\\\/15267403851-2485-turbina-ar-condicionado-midea-42mact12s5.jpg\",\"width\":1200,\"height\":1200},{\"@type\":\"BreadcrumbList\",\"@id\":\"https:\\\/\\\/dualgree.com.br\\\/loja\\\/produto\\\/turbina-evaporadora-ar-condicionado-springer-midea-42macb12s\\\/#breadcrumb\",\"itemListElement\":[{\"@type\":\"ListItem\",\"position\":1,\"name\":\"In\u00edcio\",\"item\":\"https:\\\/\\\/dualgree.com.br\\\/loja\\\/\"},{\"@type\":\"ListItem\",\"position\":2,\"name\":\"Loja &#8211; Cat\u00e1logo de Pe\u00e7as\",\"item\":\"https:\\\/\\\/dualgree.com.br\\\/loja\\\/\"},{\"@type\":\"ListItem\",\"position\":3,\"name\":\"Turbina Evaporadora Ar Condicionado Springer Midea 42macb12s\"}]},{\"@type\":\"WebSite\",\"@id\":\"https:\\\/\\\/dualgree.com.br\\\/loja\\\/#website\",\"url\":\"https:\\\/\\\/dualgree.com.br\\\/loja\\\/\",\"name\":\"Loja - Dual Gree Servi\u00e7os | Partes e Pe\u00e7as\",\"description\":\"Catalogo de Pe\u00e7as para ar condicionado\",\"publisher\":{\"@id\":\"https:\\\/\\\/dualgree.com.br\\\/loja\\\/#organization\"},\"potentialAction\":[{\"@type\":\"SearchAction\",\"target\":{\"@type\":\"EntryPoint\",\"urlTemplate\":\"https:\\\/\\\/dualgree.com.br\\\/loja\\\/?s={search_term_string}\"},\"query-input\":{\"@type\":\"PropertyValueSpecification\",\"valueRequired\":true,\"valueName\":\"search_term_string\"}}],\"inLanguage\":\"pt-BR\"},{\"@type\":\"Organization\",\"@id\":\"https:\\\/\\\/dualgree.com.br\\\/loja\\\/#organization\",\"name\":\"Loja Dual Gree Servi\u00e7o\",\"url\":\"https:\\\/\\\/dualgree.com.br\\\/loja\\\/\",\"logo\":{\"@type\":\"ImageObject\",\"inLanguage\":\"pt-BR\",\"@id\":\"https:\\\/\\\/dualgree.com.br\\\/loja\\\/#\\\/schema\\\/logo\\\/image\\\/\",\"url\":\"https:\\\/\\\/dualgree.com.br\\\/loja\\\/wp-content\\\/uploads\\\/2024\\\/09\\\/teste-logo-ecommerce-dual-1-e1725909304971.png\",\"contentUrl\":\"https:\\\/\\\/dualgree.com.br\\\/loja\\\/wp-content\\\/uploads\\\/2024\\\/09\\\/teste-logo-ecommerce-dual-1-e1725909304971.png\",\"width\":470,\"height\":157,\"caption\":\"Loja Dual Gree Servi\u00e7o\"},\"image\":{\"@id\":\"https:\\\/\\\/dualgree.com.br\\\/loja\\\/#\\\/schema\\\/logo\\\/image\\\/\"}}]}<\/script>\n<!-- \/ Yoast SEO plugin. -->","yoast_head_json":{"title":"Turbina Evaporadora Ar Condicionado Springer Midea 42macb12s - Loja - Dual Gree Servi\u00e7os | Pe\u00e7as","robots":{"index":"index","follow":"follow","max-snippet":"max-snippet:-1","max-image-preview":"max-image-preview:large","max-video-preview":"max-video-preview:-1"},"canonical":"https:\/\/dualgree.com.br\/loja\/produto\/turbina-evaporadora-ar-condicionado-springer-midea-42macb12s\/","og_locale":"pt_BR","og_type":"article","og_title":"Turbina Evaporadora Ar Condicionado Springer Midea 42macb12s - Loja - Dual Gree Servi\u00e7os | Pe\u00e7as","og_description":"IC1466 - Turbina de ar condicionado split Springer midea original. 12.000 btus42macb12s \u00a0 42MACT12S5 \u00a0 Confirmar seu modelo para ser enviado.Dimens\u00f5es do produto 60,5x9,4cm605x94mm","og_url":"https:\/\/dualgree.com.br\/loja\/produto\/turbina-evaporadora-ar-condicionado-springer-midea-42macb12s\/","og_site_name":"Loja - Dual Gree Servi\u00e7os | Pe\u00e7as","article_modified_time":"2025-04-28T12:50:52+00:00","og_image":[{"width":1200,"height":1200,"url":"https:\/\/dualgree.com.br\/loja\/wp-content\/uploads\/2024\/04\/15267403851_2485-TURBINA20AR20CONDICIONADO20MIDEA2042MACT12S5-1.jpg","type":"image\/jpeg"}],"twitter_card":"summary_large_image","twitter_misc":{"Est. tempo de leitura":"1 minuto"},"schema":{"@context":"https:\/\/schema.org","@graph":[{"@type":"WebPage","@id":"https:\/\/dualgree.com.br\/loja\/produto\/turbina-evaporadora-ar-condicionado-springer-midea-42macb12s\/","url":"https:\/\/dualgree.com.br\/loja\/produto\/turbina-evaporadora-ar-condicionado-springer-midea-42macb12s\/","name":"Turbina Evaporadora Ar Condicionado Springer Midea 42macb12s - Loja - Dual Gree Servi\u00e7os | Pe\u00e7as","isPartOf":{"@id":"https:\/\/dualgree.com.br\/loja\/#website"},"primaryImageOfPage":{"@id":"https:\/\/dualgree.com.br\/loja\/produto\/turbina-evaporadora-ar-condicionado-springer-midea-42macb12s\/#primaryimage"},"image":{"@id":"https:\/\/dualgree.com.br\/loja\/produto\/turbina-evaporadora-ar-condicionado-springer-midea-42macb12s\/#primaryimage"},"thumbnailUrl":"https:\/\/dualgree.com.br\/loja\/wp-content\/uploads\/2024\/11\/15267403851-2485-turbina-ar-condicionado-midea-42mact12s5.jpg","datePublished":"2024-04-30T14:51:17+00:00","dateModified":"2025-04-28T12:50:52+00:00","breadcrumb":{"@id":"https:\/\/dualgree.com.br\/loja\/produto\/turbina-evaporadora-ar-condicionado-springer-midea-42macb12s\/#breadcrumb"},"inLanguage":"pt-BR","potentialAction":[{"@type":"ReadAction","target":["https:\/\/dualgree.com.br\/loja\/produto\/turbina-evaporadora-ar-condicionado-springer-midea-42macb12s\/"]}]},{"@type":"ImageObject","inLanguage":"pt-BR","@id":"https:\/\/dualgree.com.br\/loja\/produto\/turbina-evaporadora-ar-condicionado-springer-midea-42macb12s\/#primaryimage","url":"https:\/\/dualgree.com.br\/loja\/wp-content\/uploads\/2024\/11\/15267403851-2485-turbina-ar-condicionado-midea-42mact12s5.jpg","contentUrl":"https:\/\/dualgree.com.br\/loja\/wp-content\/uploads\/2024\/11\/15267403851-2485-turbina-ar-condicionado-midea-42mact12s5.jpg","width":1200,"height":1200},{"@type":"BreadcrumbList","@id":"https:\/\/dualgree.com.br\/loja\/produto\/turbina-evaporadora-ar-condicionado-springer-midea-42macb12s\/#breadcrumb","itemListElement":[{"@type":"ListItem","position":1,"name":"In\u00edcio","item":"https:\/\/dualgree.com.br\/loja\/"},{"@type":"ListItem","position":2,"name":"Loja &#8211; Cat\u00e1logo de Pe\u00e7as","item":"https:\/\/dualgree.com.br\/loja\/"},{"@type":"ListItem","position":3,"name":"Turbina Evaporadora Ar Condicionado Springer Midea 42macb12s"}]},{"@type":"WebSite","@id":"https:\/\/dualgree.com.br\/loja\/#website","url":"https:\/\/dualgree.com.br\/loja\/","name":"Loja - Dual Gree Servi\u00e7os | Partes e Pe\u00e7as","description":"Catalogo de Pe\u00e7as para ar condicionado","publisher":{"@id":"https:\/\/dualgree.com.br\/loja\/#organization"},"potentialAction":[{"@type":"SearchAction","target":{"@type":"EntryPoint","urlTemplate":"https:\/\/dualgree.com.br\/loja\/?s={search_term_string}"},"query-input":{"@type":"PropertyValueSpecification","valueRequired":true,"valueName":"search_term_string"}}],"inLanguage":"pt-BR"},{"@type":"Organization","@id":"https:\/\/dualgree.com.br\/loja\/#organization","name":"Loja Dual Gree Servi\u00e7o","url":"https:\/\/dualgree.com.br\/loja\/","logo":{"@type":"ImageObject","inLanguage":"pt-BR","@id":"https:\/\/dualgree.com.br\/loja\/#\/schema\/logo\/image\/","url":"https:\/\/dualgree.com.br\/loja\/wp-content\/uploads\/2024\/09\/teste-logo-ecommerce-dual-1-e1725909304971.png","contentUrl":"https:\/\/dualgree.com.br\/loja\/wp-content\/uploads\/2024\/09\/teste-logo-ecommerce-dual-1-e1725909304971.png","width":470,"height":157,"caption":"Loja Dual Gree Servi\u00e7o"},"image":{"@id":"https:\/\/dualgree.com.br\/loja\/#\/schema\/logo\/image\/"}}]}},"jetpack_publicize_connections":[],"jetpack_sharing_enabled":true,"jetpack_likes_enabled":true,"_links":{"self":[{"href":"https:\/\/dualgree.com.br\/loja\/wp-json\/wp\/v2\/product\/4539","targetHints":{"allow":["GET"]}}],"collection":[{"href":"https:\/\/dualgree.com.br\/loja\/wp-json\/wp\/v2\/product"}],"about":[{"href":"https:\/\/dualgree.com.br\/loja\/wp-json\/wp\/v2\/types\/product"}],"replies":[{"embeddable":true,"href":"https:\/\/dualgree.com.br\/loja\/wp-json\/wp\/v2\/comments?post=4539"}],"wp:featuredmedia":[{"embeddable":true,"href":"https:\/\/dualgree.com.br\/loja\/wp-json\/wp\/v2\/media\/8671"}],"wp:attachment":[{"href":"https:\/\/dualgree.com.br\/loja\/wp-json\/wp\/v2\/media?parent=4539"}],"wp:term":[{"taxonomy":"product_brand","embeddable":true,"href":"https:\/\/dualgree.com.br\/loja\/wp-json\/wp\/v2\/product_brand?post=4539"},{"taxonomy":"product_cat","embeddable":true,"href":"https:\/\/dualgree.com.br\/loja\/wp-json\/wp\/v2\/product_cat?post=4539"},{"taxonomy":"product_tag","embeddable":true,"href":"https:\/\/dualgree.com.br\/loja\/wp-json\/wp\/v2\/product_tag?post=4539"}],"curies":[{"name":"wp","href":"https:\/\/api.w.org\/{rel}","templated":true}]}}