{"id":4581,"date":"2024-05-02T20:09:00","date_gmt":"2024-05-02T20:09:00","guid":{"rendered":"https:\/\/dualgree.com.br\/loja\/produto\/tampa-frontal-da-evaporadora-fujitsu-18000-30000-btus\/"},"modified":"2024-06-14T11:33:53","modified_gmt":"2024-06-14T11:33:53","slug":"tampa-frontal-da-evaporadora-fujitsu-18000-30000-btus","status":"publish","type":"product","link":"https:\/\/dualgree.com.br\/loja\/produto\/tampa-frontal-da-evaporadora-fujitsu-18000-30000-btus\/","title":{"rendered":"Tampa Frontal Da Evaporadora Fujitsu 18000 30000 Btus"},"content":{"rendered":"","protected":false},"excerpt":{"rendered":"<p><span>IC2147 &#8211; Tampa da evaporadora ar condicionado Fujitsu 18000 btus a t\u00e9 30000btus<\/span><\/p>\n<p>\u00a0<\/p>\n<p>Recondicionado : limpeza, e feito reparo na trava conforme fotos.<\/p>\n<p>\u00a0<\/p>\n<p>MODELOS COMP\u00c1TIVEIS<\/p>\n<p>\u00a0<\/p>\n<p>ASBA18JCC<\/p>\n<p>ASBA18LEC<\/p>\n<p>ASBA24JCC<\/p>\n<p>ASBA24JFC<\/p>\n<p>ASBA24JMCA<\/p>\n<p>ASBA24LCC<\/p>\n<p>ASBA24LFC<\/p>\n<p>ASBA30JCC<\/p>\n<p>ASBA30JFC<\/p>\n<p>ASBA30LCC<\/p>\n<p>ASBA30LFC<\/p>\n<p>ASBG18JFBB<\/p>\n<p>ASBG18LFCA<\/p>\n<p>ASBG24JFBC<\/p>\n<p>ASBG24LFCA<\/p>\n<p>ASBG30JFBB<\/p>\n<p>ASBG30LFBB<\/p>\n","protected":false},"featured_media":4578,"comment_status":"open","ping_status":"closed","template":"","meta":{"_kadence_starter_templates_imported_post":false,"_kad_post_transparent":"","_kad_post_title":"","_kad_post_layout":"","_kad_post_sidebar_id":"","_kad_post_content_style":"","_kad_post_vertical_padding":"","_kad_post_feature":"","_kad_post_feature_position":"","_kad_post_header":false,"_kad_post_footer":false,"jetpack_publicize_message":"","jetpack_publicize_feature_enabled":true,"jetpack_social_post_already_shared":false,"jetpack_social_options":{"image_generator_settings":{"template":"highway","default_image_id":0,"font":"","enabled":false},"version":2}},"product_brand":[],"product_cat":[187,172],"product_tag":[],"class_list":{"0":"post-4581","1":"product","2":"type-product","3":"status-publish","4":"has-post-thumbnail","6":"product_cat-fujitsu","7":"product_cat-painel-carenagem-split","9":"first","10":"outofstock","11":"shipping-taxable","12":"purchasable","13":"product-type-simple","14":"entry","15":"content-bg","16":"loop-entry"},"yoast_head":"<!-- This site is optimized with the Yoast SEO plugin v27.5 - https:\/\/yoast.com\/product\/yoast-seo-wordpress\/ -->\n<title>Tampa Frontal Da Evaporadora Fujitsu 18000 30000 Btus - Loja - Dual Gree Servi\u00e7os | Pe\u00e7as<\/title>\n<meta name=\"robots\" content=\"index, follow, max-snippet:-1, max-image-preview:large, max-video-preview:-1\" \/>\n<link rel=\"canonical\" href=\"https:\/\/dualgree.com.br\/loja\/produto\/tampa-frontal-da-evaporadora-fujitsu-18000-30000-btus\/\" \/>\n<meta property=\"og:locale\" content=\"pt_BR\" \/>\n<meta property=\"og:type\" content=\"article\" \/>\n<meta property=\"og:title\" content=\"Tampa Frontal Da Evaporadora Fujitsu 18000 30000 Btus - Loja - Dual Gree Servi\u00e7os | Pe\u00e7as\" \/>\n<meta property=\"og:description\" content=\"IC2147 - Tampa da evaporadora ar condicionado Fujitsu 18000 btus a t\u00e9 30000btus \u00a0 Recondicionado : limpeza, e feito reparo na trava conforme fotos. \u00a0 MODELOS COMP\u00c1TIVEIS \u00a0 ASBA18JCC ASBA18LEC ASBA24JCC ASBA24JFC ASBA24JMCA ASBA24LCC ASBA24LFC ASBA30JCC ASBA30JFC ASBA30LCC ASBA30LFC ASBG18JFBB ASBG18LFCA ASBG24JFBC ASBG24LFCA ASBG30JFBB ASBG30LFBB\" \/>\n<meta property=\"og:url\" content=\"https:\/\/dualgree.com.br\/loja\/produto\/tampa-frontal-da-evaporadora-fujitsu-18000-30000-btus\/\" \/>\n<meta property=\"og:site_name\" content=\"Loja - Dual Gree Servi\u00e7os | Pe\u00e7as\" \/>\n<meta property=\"article:modified_time\" content=\"2024-06-14T11:33:53+00:00\" \/>\n<meta name=\"twitter:card\" content=\"summary_large_image\" \/>\n<script type=\"application\/ld+json\" class=\"yoast-schema-graph\">{\"@context\":\"https:\\\/\\\/schema.org\",\"@graph\":[{\"@type\":\"WebPage\",\"@id\":\"https:\\\/\\\/dualgree.com.br\\\/loja\\\/produto\\\/tampa-frontal-da-evaporadora-fujitsu-18000-30000-btus\\\/\",\"url\":\"https:\\\/\\\/dualgree.com.br\\\/loja\\\/produto\\\/tampa-frontal-da-evaporadora-fujitsu-18000-30000-btus\\\/\",\"name\":\"Tampa Frontal Da Evaporadora Fujitsu 18000 30000 Btus - Loja - Dual Gree Servi\u00e7os | Pe\u00e7as\",\"isPartOf\":{\"@id\":\"https:\\\/\\\/dualgree.com.br\\\/loja\\\/#website\"},\"primaryImageOfPage\":{\"@id\":\"https:\\\/\\\/dualgree.com.br\\\/loja\\\/produto\\\/tampa-frontal-da-evaporadora-fujitsu-18000-30000-btus\\\/#primaryimage\"},\"image\":{\"@id\":\"https:\\\/\\\/dualgree.com.br\\\/loja\\\/produto\\\/tampa-frontal-da-evaporadora-fujitsu-18000-30000-btus\\\/#primaryimage\"},\"thumbnailUrl\":\"https:\\\/\\\/dualgree.com.br\\\/loja\\\/wp-content\\\/uploads\\\/2024\\\/05\\\/15268136876_IC214720-20Tampa20da20evaporadora20ar20condicionado20Fujitsu201800020btus20a20te2030000btus202.png\",\"datePublished\":\"2024-05-02T20:09:00+00:00\",\"dateModified\":\"2024-06-14T11:33:53+00:00\",\"breadcrumb\":{\"@id\":\"https:\\\/\\\/dualgree.com.br\\\/loja\\\/produto\\\/tampa-frontal-da-evaporadora-fujitsu-18000-30000-btus\\\/#breadcrumb\"},\"inLanguage\":\"pt-BR\",\"potentialAction\":[{\"@type\":\"ReadAction\",\"target\":[\"https:\\\/\\\/dualgree.com.br\\\/loja\\\/produto\\\/tampa-frontal-da-evaporadora-fujitsu-18000-30000-btus\\\/\"]}]},{\"@type\":\"ImageObject\",\"inLanguage\":\"pt-BR\",\"@id\":\"https:\\\/\\\/dualgree.com.br\\\/loja\\\/produto\\\/tampa-frontal-da-evaporadora-fujitsu-18000-30000-btus\\\/#primaryimage\",\"url\":\"https:\\\/\\\/dualgree.com.br\\\/loja\\\/wp-content\\\/uploads\\\/2024\\\/05\\\/15268136876_IC214720-20Tampa20da20evaporadora20ar20condicionado20Fujitsu201800020btus20a20te2030000btus202.png\",\"contentUrl\":\"https:\\\/\\\/dualgree.com.br\\\/loja\\\/wp-content\\\/uploads\\\/2024\\\/05\\\/15268136876_IC214720-20Tampa20da20evaporadora20ar20condicionado20Fujitsu201800020btus20a20te2030000btus202.png\",\"width\":1200,\"height\":1200},{\"@type\":\"BreadcrumbList\",\"@id\":\"https:\\\/\\\/dualgree.com.br\\\/loja\\\/produto\\\/tampa-frontal-da-evaporadora-fujitsu-18000-30000-btus\\\/#breadcrumb\",\"itemListElement\":[{\"@type\":\"ListItem\",\"position\":1,\"name\":\"In\u00edcio\",\"item\":\"https:\\\/\\\/dualgree.com.br\\\/loja\\\/\"},{\"@type\":\"ListItem\",\"position\":2,\"name\":\"Loja &#8211; Cat\u00e1logo de Pe\u00e7as\",\"item\":\"https:\\\/\\\/dualgree.com.br\\\/loja\\\/\"},{\"@type\":\"ListItem\",\"position\":3,\"name\":\"Tampa Frontal Da Evaporadora Fujitsu 18000 30000 Btus\"}]},{\"@type\":\"WebSite\",\"@id\":\"https:\\\/\\\/dualgree.com.br\\\/loja\\\/#website\",\"url\":\"https:\\\/\\\/dualgree.com.br\\\/loja\\\/\",\"name\":\"Loja - Dual Gree Servi\u00e7os | Partes e Pe\u00e7as\",\"description\":\"Catalogo de Pe\u00e7as para ar condicionado\",\"publisher\":{\"@id\":\"https:\\\/\\\/dualgree.com.br\\\/loja\\\/#organization\"},\"potentialAction\":[{\"@type\":\"SearchAction\",\"target\":{\"@type\":\"EntryPoint\",\"urlTemplate\":\"https:\\\/\\\/dualgree.com.br\\\/loja\\\/?s={search_term_string}\"},\"query-input\":{\"@type\":\"PropertyValueSpecification\",\"valueRequired\":true,\"valueName\":\"search_term_string\"}}],\"inLanguage\":\"pt-BR\"},{\"@type\":\"Organization\",\"@id\":\"https:\\\/\\\/dualgree.com.br\\\/loja\\\/#organization\",\"name\":\"Loja Dual Gree Servi\u00e7o\",\"url\":\"https:\\\/\\\/dualgree.com.br\\\/loja\\\/\",\"logo\":{\"@type\":\"ImageObject\",\"inLanguage\":\"pt-BR\",\"@id\":\"https:\\\/\\\/dualgree.com.br\\\/loja\\\/#\\\/schema\\\/logo\\\/image\\\/\",\"url\":\"https:\\\/\\\/dualgree.com.br\\\/loja\\\/wp-content\\\/uploads\\\/2024\\\/09\\\/teste-logo-ecommerce-dual-1-e1725909304971.png\",\"contentUrl\":\"https:\\\/\\\/dualgree.com.br\\\/loja\\\/wp-content\\\/uploads\\\/2024\\\/09\\\/teste-logo-ecommerce-dual-1-e1725909304971.png\",\"width\":470,\"height\":157,\"caption\":\"Loja Dual Gree Servi\u00e7o\"},\"image\":{\"@id\":\"https:\\\/\\\/dualgree.com.br\\\/loja\\\/#\\\/schema\\\/logo\\\/image\\\/\"}}]}<\/script>\n<!-- \/ Yoast SEO plugin. -->","yoast_head_json":{"title":"Tampa Frontal Da Evaporadora Fujitsu 18000 30000 Btus - Loja - Dual Gree Servi\u00e7os | Pe\u00e7as","robots":{"index":"index","follow":"follow","max-snippet":"max-snippet:-1","max-image-preview":"max-image-preview:large","max-video-preview":"max-video-preview:-1"},"canonical":"https:\/\/dualgree.com.br\/loja\/produto\/tampa-frontal-da-evaporadora-fujitsu-18000-30000-btus\/","og_locale":"pt_BR","og_type":"article","og_title":"Tampa Frontal Da Evaporadora Fujitsu 18000 30000 Btus - Loja - Dual Gree Servi\u00e7os | Pe\u00e7as","og_description":"IC2147 - Tampa da evaporadora ar condicionado Fujitsu 18000 btus a t\u00e9 30000btus \u00a0 Recondicionado : limpeza, e feito reparo na trava conforme fotos. \u00a0 MODELOS COMP\u00c1TIVEIS \u00a0 ASBA18JCC ASBA18LEC ASBA24JCC ASBA24JFC ASBA24JMCA ASBA24LCC ASBA24LFC ASBA30JCC ASBA30JFC ASBA30LCC ASBA30LFC ASBG18JFBB ASBG18LFCA ASBG24JFBC ASBG24LFCA ASBG30JFBB ASBG30LFBB","og_url":"https:\/\/dualgree.com.br\/loja\/produto\/tampa-frontal-da-evaporadora-fujitsu-18000-30000-btus\/","og_site_name":"Loja - Dual Gree Servi\u00e7os | Pe\u00e7as","article_modified_time":"2024-06-14T11:33:53+00:00","twitter_card":"summary_large_image","schema":{"@context":"https:\/\/schema.org","@graph":[{"@type":"WebPage","@id":"https:\/\/dualgree.com.br\/loja\/produto\/tampa-frontal-da-evaporadora-fujitsu-18000-30000-btus\/","url":"https:\/\/dualgree.com.br\/loja\/produto\/tampa-frontal-da-evaporadora-fujitsu-18000-30000-btus\/","name":"Tampa Frontal Da Evaporadora Fujitsu 18000 30000 Btus - Loja - Dual Gree Servi\u00e7os | Pe\u00e7as","isPartOf":{"@id":"https:\/\/dualgree.com.br\/loja\/#website"},"primaryImageOfPage":{"@id":"https:\/\/dualgree.com.br\/loja\/produto\/tampa-frontal-da-evaporadora-fujitsu-18000-30000-btus\/#primaryimage"},"image":{"@id":"https:\/\/dualgree.com.br\/loja\/produto\/tampa-frontal-da-evaporadora-fujitsu-18000-30000-btus\/#primaryimage"},"thumbnailUrl":"https:\/\/dualgree.com.br\/loja\/wp-content\/uploads\/2024\/05\/15268136876_IC214720-20Tampa20da20evaporadora20ar20condicionado20Fujitsu201800020btus20a20te2030000btus202.png","datePublished":"2024-05-02T20:09:00+00:00","dateModified":"2024-06-14T11:33:53+00:00","breadcrumb":{"@id":"https:\/\/dualgree.com.br\/loja\/produto\/tampa-frontal-da-evaporadora-fujitsu-18000-30000-btus\/#breadcrumb"},"inLanguage":"pt-BR","potentialAction":[{"@type":"ReadAction","target":["https:\/\/dualgree.com.br\/loja\/produto\/tampa-frontal-da-evaporadora-fujitsu-18000-30000-btus\/"]}]},{"@type":"ImageObject","inLanguage":"pt-BR","@id":"https:\/\/dualgree.com.br\/loja\/produto\/tampa-frontal-da-evaporadora-fujitsu-18000-30000-btus\/#primaryimage","url":"https:\/\/dualgree.com.br\/loja\/wp-content\/uploads\/2024\/05\/15268136876_IC214720-20Tampa20da20evaporadora20ar20condicionado20Fujitsu201800020btus20a20te2030000btus202.png","contentUrl":"https:\/\/dualgree.com.br\/loja\/wp-content\/uploads\/2024\/05\/15268136876_IC214720-20Tampa20da20evaporadora20ar20condicionado20Fujitsu201800020btus20a20te2030000btus202.png","width":1200,"height":1200},{"@type":"BreadcrumbList","@id":"https:\/\/dualgree.com.br\/loja\/produto\/tampa-frontal-da-evaporadora-fujitsu-18000-30000-btus\/#breadcrumb","itemListElement":[{"@type":"ListItem","position":1,"name":"In\u00edcio","item":"https:\/\/dualgree.com.br\/loja\/"},{"@type":"ListItem","position":2,"name":"Loja &#8211; Cat\u00e1logo de Pe\u00e7as","item":"https:\/\/dualgree.com.br\/loja\/"},{"@type":"ListItem","position":3,"name":"Tampa Frontal Da Evaporadora Fujitsu 18000 30000 Btus"}]},{"@type":"WebSite","@id":"https:\/\/dualgree.com.br\/loja\/#website","url":"https:\/\/dualgree.com.br\/loja\/","name":"Loja - Dual Gree Servi\u00e7os | Partes e Pe\u00e7as","description":"Catalogo de Pe\u00e7as para ar condicionado","publisher":{"@id":"https:\/\/dualgree.com.br\/loja\/#organization"},"potentialAction":[{"@type":"SearchAction","target":{"@type":"EntryPoint","urlTemplate":"https:\/\/dualgree.com.br\/loja\/?s={search_term_string}"},"query-input":{"@type":"PropertyValueSpecification","valueRequired":true,"valueName":"search_term_string"}}],"inLanguage":"pt-BR"},{"@type":"Organization","@id":"https:\/\/dualgree.com.br\/loja\/#organization","name":"Loja Dual Gree Servi\u00e7o","url":"https:\/\/dualgree.com.br\/loja\/","logo":{"@type":"ImageObject","inLanguage":"pt-BR","@id":"https:\/\/dualgree.com.br\/loja\/#\/schema\/logo\/image\/","url":"https:\/\/dualgree.com.br\/loja\/wp-content\/uploads\/2024\/09\/teste-logo-ecommerce-dual-1-e1725909304971.png","contentUrl":"https:\/\/dualgree.com.br\/loja\/wp-content\/uploads\/2024\/09\/teste-logo-ecommerce-dual-1-e1725909304971.png","width":470,"height":157,"caption":"Loja Dual Gree Servi\u00e7o"},"image":{"@id":"https:\/\/dualgree.com.br\/loja\/#\/schema\/logo\/image\/"}}]}},"jetpack_publicize_connections":[],"jetpack_sharing_enabled":true,"jetpack_likes_enabled":true,"_links":{"self":[{"href":"https:\/\/dualgree.com.br\/loja\/wp-json\/wp\/v2\/product\/4581","targetHints":{"allow":["GET"]}}],"collection":[{"href":"https:\/\/dualgree.com.br\/loja\/wp-json\/wp\/v2\/product"}],"about":[{"href":"https:\/\/dualgree.com.br\/loja\/wp-json\/wp\/v2\/types\/product"}],"replies":[{"embeddable":true,"href":"https:\/\/dualgree.com.br\/loja\/wp-json\/wp\/v2\/comments?post=4581"}],"wp:featuredmedia":[{"embeddable":true,"href":"https:\/\/dualgree.com.br\/loja\/wp-json\/wp\/v2\/media\/4578"}],"wp:attachment":[{"href":"https:\/\/dualgree.com.br\/loja\/wp-json\/wp\/v2\/media?parent=4581"}],"wp:term":[{"taxonomy":"product_brand","embeddable":true,"href":"https:\/\/dualgree.com.br\/loja\/wp-json\/wp\/v2\/product_brand?post=4581"},{"taxonomy":"product_cat","embeddable":true,"href":"https:\/\/dualgree.com.br\/loja\/wp-json\/wp\/v2\/product_cat?post=4581"},{"taxonomy":"product_tag","embeddable":true,"href":"https:\/\/dualgree.com.br\/loja\/wp-json\/wp\/v2\/product_tag?post=4581"}],"curies":[{"name":"wp","href":"https:\/\/api.w.org\/{rel}","templated":true}]}}