{"id":4854,"date":"2024-06-26T20:50:06","date_gmt":"2024-06-26T20:50:06","guid":{"rendered":"https:\/\/dualgree.com.br\/loja\/produto\/bobina-da-valvula-expansao-condensadora-daikin-inverter-rk12p5vl\/"},"modified":"2024-06-28T12:41:22","modified_gmt":"2024-06-28T12:41:22","slug":"bobina-da-valvula-expansao-condensadora-daikin-inverter-rk12p5vl","status":"publish","type":"product","link":"https:\/\/dualgree.com.br\/loja\/produto\/bobina-da-valvula-expansao-condensadora-daikin-inverter-rk12p5vl\/","title":{"rendered":"Bobina da Valvula Expans\u00e3o Condensadora Daikin Inverter RK1..."},"content":{"rendered":"","protected":false},"excerpt":{"rendered":"<p>C3556 &#8211;\u00a0Bobina da Valvula Expans\u00e3o Condensadora Daikin Inverter RK12P5VL<\/p>\n<p>Bobina da Valvula Expans\u00e3o Condensadora Daikin Inverter RK09P5VL<\/p>\n<p>MODELOS COMPAT\u00cdVEIS\u00a0<\/p>\n<p>RK12P5VL<\/p>\n<p>RK09P5VL<\/p>\n","protected":false},"featured_media":4852,"comment_status":"open","ping_status":"closed","template":"","meta":{"_kadence_starter_templates_imported_post":false,"_kad_post_transparent":"","_kad_post_title":"","_kad_post_layout":"","_kad_post_sidebar_id":"","_kad_post_content_style":"","_kad_post_vertical_padding":"","_kad_post_feature":"","_kad_post_feature_position":"","_kad_post_header":false,"_kad_post_footer":false,"jetpack_publicize_message":"","jetpack_publicize_feature_enabled":true,"jetpack_social_post_already_shared":false,"jetpack_social_options":{"image_generator_settings":{"template":"highway","default_image_id":0,"font":"","enabled":false},"version":2}},"product_brand":[],"product_cat":[261],"product_tag":[],"class_list":{"0":"post-4854","1":"product","2":"type-product","3":"status-publish","4":"has-post-thumbnail","6":"product_cat-daikin","8":"first","9":"outofstock","10":"shipping-taxable","11":"purchasable","12":"product-type-simple","13":"entry","14":"content-bg","15":"loop-entry"},"yoast_head":"<!-- This site is optimized with the Yoast SEO plugin v27.3 - https:\/\/yoast.com\/product\/yoast-seo-wordpress\/ -->\n<title>Bobina da Valvula Expans\u00e3o Condensadora Daikin Inverter RK12P5VL - Loja - Dual Gree Servi\u00e7os | Pe\u00e7as<\/title>\n<meta name=\"robots\" content=\"index, follow, max-snippet:-1, max-image-preview:large, max-video-preview:-1\" \/>\n<link rel=\"canonical\" href=\"https:\/\/dualgree.com.br\/loja\/produto\/bobina-da-valvula-expansao-condensadora-daikin-inverter-rk12p5vl\/\" \/>\n<meta property=\"og:locale\" content=\"pt_BR\" \/>\n<meta property=\"og:type\" content=\"article\" \/>\n<meta property=\"og:title\" content=\"Bobina da Valvula Expans\u00e3o Condensadora Daikin Inverter RK12P5VL - Loja - Dual Gree Servi\u00e7os | Pe\u00e7as\" \/>\n<meta property=\"og:description\" content=\"C3556 -\u00a0Bobina da Valvula Expans\u00e3o Condensadora Daikin Inverter RK12P5VL Bobina da Valvula Expans\u00e3o Condensadora Daikin Inverter RK09P5VL MODELOS COMPAT\u00cdVEIS\u00a0 RK12P5VL RK09P5VL\" \/>\n<meta property=\"og:url\" content=\"https:\/\/dualgree.com.br\/loja\/produto\/bobina-da-valvula-expansao-condensadora-daikin-inverter-rk12p5vl\/\" \/>\n<meta property=\"og:site_name\" content=\"Loja - Dual Gree Servi\u00e7os | Pe\u00e7as\" \/>\n<meta property=\"article:modified_time\" content=\"2024-06-28T12:41:22+00:00\" \/>\n<meta name=\"twitter:card\" content=\"summary_large_image\" \/>\n<script type=\"application\/ld+json\" class=\"yoast-schema-graph\">{\"@context\":\"https:\\\/\\\/schema.org\",\"@graph\":[{\"@type\":\"WebPage\",\"@id\":\"https:\\\/\\\/dualgree.com.br\\\/loja\\\/produto\\\/bobina-da-valvula-expansao-condensadora-daikin-inverter-rk12p5vl\\\/\",\"url\":\"https:\\\/\\\/dualgree.com.br\\\/loja\\\/produto\\\/bobina-da-valvula-expansao-condensadora-daikin-inverter-rk12p5vl\\\/\",\"name\":\"Bobina da Valvula Expans\u00e3o Condensadora Daikin Inverter RK12P5VL - Loja - Dual Gree Servi\u00e7os | Pe\u00e7as\",\"isPartOf\":{\"@id\":\"https:\\\/\\\/dualgree.com.br\\\/loja\\\/#website\"},\"primaryImageOfPage\":{\"@id\":\"https:\\\/\\\/dualgree.com.br\\\/loja\\\/produto\\\/bobina-da-valvula-expansao-condensadora-daikin-inverter-rk12p5vl\\\/#primaryimage\"},\"image\":{\"@id\":\"https:\\\/\\\/dualgree.com.br\\\/loja\\\/produto\\\/bobina-da-valvula-expansao-condensadora-daikin-inverter-rk12p5vl\\\/#primaryimage\"},\"thumbnailUrl\":\"https:\\\/\\\/dualgree.com.br\\\/loja\\\/wp-content\\\/uploads\\\/2024\\\/06\\\/15281828294_IC355620Bobina20Valvula20Expansao20Condensadora20Daikin20Inverter.png\",\"datePublished\":\"2024-06-26T20:50:06+00:00\",\"dateModified\":\"2024-06-28T12:41:22+00:00\",\"breadcrumb\":{\"@id\":\"https:\\\/\\\/dualgree.com.br\\\/loja\\\/produto\\\/bobina-da-valvula-expansao-condensadora-daikin-inverter-rk12p5vl\\\/#breadcrumb\"},\"inLanguage\":\"pt-BR\",\"potentialAction\":[{\"@type\":\"ReadAction\",\"target\":[\"https:\\\/\\\/dualgree.com.br\\\/loja\\\/produto\\\/bobina-da-valvula-expansao-condensadora-daikin-inverter-rk12p5vl\\\/\"]}]},{\"@type\":\"ImageObject\",\"inLanguage\":\"pt-BR\",\"@id\":\"https:\\\/\\\/dualgree.com.br\\\/loja\\\/produto\\\/bobina-da-valvula-expansao-condensadora-daikin-inverter-rk12p5vl\\\/#primaryimage\",\"url\":\"https:\\\/\\\/dualgree.com.br\\\/loja\\\/wp-content\\\/uploads\\\/2024\\\/06\\\/15281828294_IC355620Bobina20Valvula20Expansao20Condensadora20Daikin20Inverter.png\",\"contentUrl\":\"https:\\\/\\\/dualgree.com.br\\\/loja\\\/wp-content\\\/uploads\\\/2024\\\/06\\\/15281828294_IC355620Bobina20Valvula20Expansao20Condensadora20Daikin20Inverter.png\",\"width\":1200,\"height\":900},{\"@type\":\"BreadcrumbList\",\"@id\":\"https:\\\/\\\/dualgree.com.br\\\/loja\\\/produto\\\/bobina-da-valvula-expansao-condensadora-daikin-inverter-rk12p5vl\\\/#breadcrumb\",\"itemListElement\":[{\"@type\":\"ListItem\",\"position\":1,\"name\":\"In\u00edcio\",\"item\":\"https:\\\/\\\/dualgree.com.br\\\/loja\\\/\"},{\"@type\":\"ListItem\",\"position\":2,\"name\":\"Loja &#8211; Cat\u00e1logo de Pe\u00e7as\",\"item\":\"https:\\\/\\\/dualgree.com.br\\\/loja\\\/\"},{\"@type\":\"ListItem\",\"position\":3,\"name\":\"Bobina da Valvula Expans\u00e3o Condensadora Daikin Inverter RK12P5VL\"}]},{\"@type\":\"WebSite\",\"@id\":\"https:\\\/\\\/dualgree.com.br\\\/loja\\\/#website\",\"url\":\"https:\\\/\\\/dualgree.com.br\\\/loja\\\/\",\"name\":\"Loja - Dual Gree Servi\u00e7os | Partes e Pe\u00e7as\",\"description\":\"Catalogo de Pe\u00e7as para ar condicionado\",\"publisher\":{\"@id\":\"https:\\\/\\\/dualgree.com.br\\\/loja\\\/#organization\"},\"potentialAction\":[{\"@type\":\"SearchAction\",\"target\":{\"@type\":\"EntryPoint\",\"urlTemplate\":\"https:\\\/\\\/dualgree.com.br\\\/loja\\\/?s={search_term_string}\"},\"query-input\":{\"@type\":\"PropertyValueSpecification\",\"valueRequired\":true,\"valueName\":\"search_term_string\"}}],\"inLanguage\":\"pt-BR\"},{\"@type\":\"Organization\",\"@id\":\"https:\\\/\\\/dualgree.com.br\\\/loja\\\/#organization\",\"name\":\"Loja Dual Gree Servi\u00e7o\",\"url\":\"https:\\\/\\\/dualgree.com.br\\\/loja\\\/\",\"logo\":{\"@type\":\"ImageObject\",\"inLanguage\":\"pt-BR\",\"@id\":\"https:\\\/\\\/dualgree.com.br\\\/loja\\\/#\\\/schema\\\/logo\\\/image\\\/\",\"url\":\"https:\\\/\\\/dualgree.com.br\\\/loja\\\/wp-content\\\/uploads\\\/2024\\\/09\\\/teste-logo-ecommerce-dual-1-e1725909304971.png\",\"contentUrl\":\"https:\\\/\\\/dualgree.com.br\\\/loja\\\/wp-content\\\/uploads\\\/2024\\\/09\\\/teste-logo-ecommerce-dual-1-e1725909304971.png\",\"width\":470,\"height\":157,\"caption\":\"Loja Dual Gree Servi\u00e7o\"},\"image\":{\"@id\":\"https:\\\/\\\/dualgree.com.br\\\/loja\\\/#\\\/schema\\\/logo\\\/image\\\/\"}}]}<\/script>\n<!-- \/ Yoast SEO plugin. -->","yoast_head_json":{"title":"Bobina da Valvula Expans\u00e3o Condensadora Daikin Inverter RK12P5VL - Loja - Dual Gree Servi\u00e7os | Pe\u00e7as","robots":{"index":"index","follow":"follow","max-snippet":"max-snippet:-1","max-image-preview":"max-image-preview:large","max-video-preview":"max-video-preview:-1"},"canonical":"https:\/\/dualgree.com.br\/loja\/produto\/bobina-da-valvula-expansao-condensadora-daikin-inverter-rk12p5vl\/","og_locale":"pt_BR","og_type":"article","og_title":"Bobina da Valvula Expans\u00e3o Condensadora Daikin Inverter RK12P5VL - Loja - Dual Gree Servi\u00e7os | Pe\u00e7as","og_description":"C3556 -\u00a0Bobina da Valvula Expans\u00e3o Condensadora Daikin Inverter RK12P5VL Bobina da Valvula Expans\u00e3o Condensadora Daikin Inverter RK09P5VL MODELOS COMPAT\u00cdVEIS\u00a0 RK12P5VL RK09P5VL","og_url":"https:\/\/dualgree.com.br\/loja\/produto\/bobina-da-valvula-expansao-condensadora-daikin-inverter-rk12p5vl\/","og_site_name":"Loja - Dual Gree Servi\u00e7os | Pe\u00e7as","article_modified_time":"2024-06-28T12:41:22+00:00","twitter_card":"summary_large_image","schema":{"@context":"https:\/\/schema.org","@graph":[{"@type":"WebPage","@id":"https:\/\/dualgree.com.br\/loja\/produto\/bobina-da-valvula-expansao-condensadora-daikin-inverter-rk12p5vl\/","url":"https:\/\/dualgree.com.br\/loja\/produto\/bobina-da-valvula-expansao-condensadora-daikin-inverter-rk12p5vl\/","name":"Bobina da Valvula Expans\u00e3o Condensadora Daikin Inverter RK12P5VL - Loja - Dual Gree Servi\u00e7os | Pe\u00e7as","isPartOf":{"@id":"https:\/\/dualgree.com.br\/loja\/#website"},"primaryImageOfPage":{"@id":"https:\/\/dualgree.com.br\/loja\/produto\/bobina-da-valvula-expansao-condensadora-daikin-inverter-rk12p5vl\/#primaryimage"},"image":{"@id":"https:\/\/dualgree.com.br\/loja\/produto\/bobina-da-valvula-expansao-condensadora-daikin-inverter-rk12p5vl\/#primaryimage"},"thumbnailUrl":"https:\/\/dualgree.com.br\/loja\/wp-content\/uploads\/2024\/06\/15281828294_IC355620Bobina20Valvula20Expansao20Condensadora20Daikin20Inverter.png","datePublished":"2024-06-26T20:50:06+00:00","dateModified":"2024-06-28T12:41:22+00:00","breadcrumb":{"@id":"https:\/\/dualgree.com.br\/loja\/produto\/bobina-da-valvula-expansao-condensadora-daikin-inverter-rk12p5vl\/#breadcrumb"},"inLanguage":"pt-BR","potentialAction":[{"@type":"ReadAction","target":["https:\/\/dualgree.com.br\/loja\/produto\/bobina-da-valvula-expansao-condensadora-daikin-inverter-rk12p5vl\/"]}]},{"@type":"ImageObject","inLanguage":"pt-BR","@id":"https:\/\/dualgree.com.br\/loja\/produto\/bobina-da-valvula-expansao-condensadora-daikin-inverter-rk12p5vl\/#primaryimage","url":"https:\/\/dualgree.com.br\/loja\/wp-content\/uploads\/2024\/06\/15281828294_IC355620Bobina20Valvula20Expansao20Condensadora20Daikin20Inverter.png","contentUrl":"https:\/\/dualgree.com.br\/loja\/wp-content\/uploads\/2024\/06\/15281828294_IC355620Bobina20Valvula20Expansao20Condensadora20Daikin20Inverter.png","width":1200,"height":900},{"@type":"BreadcrumbList","@id":"https:\/\/dualgree.com.br\/loja\/produto\/bobina-da-valvula-expansao-condensadora-daikin-inverter-rk12p5vl\/#breadcrumb","itemListElement":[{"@type":"ListItem","position":1,"name":"In\u00edcio","item":"https:\/\/dualgree.com.br\/loja\/"},{"@type":"ListItem","position":2,"name":"Loja &#8211; Cat\u00e1logo de Pe\u00e7as","item":"https:\/\/dualgree.com.br\/loja\/"},{"@type":"ListItem","position":3,"name":"Bobina da Valvula Expans\u00e3o Condensadora Daikin Inverter RK12P5VL"}]},{"@type":"WebSite","@id":"https:\/\/dualgree.com.br\/loja\/#website","url":"https:\/\/dualgree.com.br\/loja\/","name":"Loja - Dual Gree Servi\u00e7os | Partes e Pe\u00e7as","description":"Catalogo de Pe\u00e7as para ar condicionado","publisher":{"@id":"https:\/\/dualgree.com.br\/loja\/#organization"},"potentialAction":[{"@type":"SearchAction","target":{"@type":"EntryPoint","urlTemplate":"https:\/\/dualgree.com.br\/loja\/?s={search_term_string}"},"query-input":{"@type":"PropertyValueSpecification","valueRequired":true,"valueName":"search_term_string"}}],"inLanguage":"pt-BR"},{"@type":"Organization","@id":"https:\/\/dualgree.com.br\/loja\/#organization","name":"Loja Dual Gree Servi\u00e7o","url":"https:\/\/dualgree.com.br\/loja\/","logo":{"@type":"ImageObject","inLanguage":"pt-BR","@id":"https:\/\/dualgree.com.br\/loja\/#\/schema\/logo\/image\/","url":"https:\/\/dualgree.com.br\/loja\/wp-content\/uploads\/2024\/09\/teste-logo-ecommerce-dual-1-e1725909304971.png","contentUrl":"https:\/\/dualgree.com.br\/loja\/wp-content\/uploads\/2024\/09\/teste-logo-ecommerce-dual-1-e1725909304971.png","width":470,"height":157,"caption":"Loja Dual Gree Servi\u00e7o"},"image":{"@id":"https:\/\/dualgree.com.br\/loja\/#\/schema\/logo\/image\/"}}]}},"jetpack_publicize_connections":[],"jetpack_sharing_enabled":true,"jetpack_likes_enabled":true,"_links":{"self":[{"href":"https:\/\/dualgree.com.br\/loja\/wp-json\/wp\/v2\/product\/4854","targetHints":{"allow":["GET"]}}],"collection":[{"href":"https:\/\/dualgree.com.br\/loja\/wp-json\/wp\/v2\/product"}],"about":[{"href":"https:\/\/dualgree.com.br\/loja\/wp-json\/wp\/v2\/types\/product"}],"replies":[{"embeddable":true,"href":"https:\/\/dualgree.com.br\/loja\/wp-json\/wp\/v2\/comments?post=4854"}],"wp:featuredmedia":[{"embeddable":true,"href":"https:\/\/dualgree.com.br\/loja\/wp-json\/wp\/v2\/media\/4852"}],"wp:attachment":[{"href":"https:\/\/dualgree.com.br\/loja\/wp-json\/wp\/v2\/media?parent=4854"}],"wp:term":[{"taxonomy":"product_brand","embeddable":true,"href":"https:\/\/dualgree.com.br\/loja\/wp-json\/wp\/v2\/product_brand?post=4854"},{"taxonomy":"product_cat","embeddable":true,"href":"https:\/\/dualgree.com.br\/loja\/wp-json\/wp\/v2\/product_cat?post=4854"},{"taxonomy":"product_tag","embeddable":true,"href":"https:\/\/dualgree.com.br\/loja\/wp-json\/wp\/v2\/product_tag?post=4854"}],"curies":[{"name":"wp","href":"https:\/\/api.w.org\/{rel}","templated":true}]}}