{"id":4865,"date":"2024-07-01T12:05:02","date_gmt":"2024-07-01T12:05:02","guid":{"rendered":"https:\/\/dualgree.com.br\/loja\/produto\/alicate-prensar-terminais-0-5mm-a-6mm-de-ar-condicionado\/"},"modified":"2026-02-25T13:47:53","modified_gmt":"2026-02-25T13:47:53","slug":"alicate-prensar-terminais-0-5mm-a-6mm-de-ar-condicionado","status":"publish","type":"product","link":"https:\/\/dualgree.com.br\/loja\/produto\/alicate-prensar-terminais-0-5mm-a-6mm-de-ar-condicionado\/","title":{"rendered":"Alicate Prensar Terminais 0.5mm A 6mm de ar condicionado"},"content":{"rendered":"","protected":false},"excerpt":{"rendered":"<p>IC1241 &#8211; Alicate Para Crimpar Terminal Pr\u00e9-Isolado de 0,5 a 6,0mm &#8211; GC-301<\/p>\n<p>Para Fios AWG : 22-18, 16-14, 12-10<br \/>Crimpa os terminais 0,5 mm a 6mm<br \/>Com catraca.<br \/><span style=\"font-family: arial, tahoma, verdana, helvetica;font-size: 14.72px\"><\/span><\/p>\n<p>\u00a0<\/p>\n<p><span style=\"font-family: arial, tahoma, verdana, helvetica;font-size: 14.72px\">Alicate para fixar teminais de cabos para ar condicionado ideal para cabos 0.5 milimitros at\u00e9 6 milimitros<\/span><br style=\"font-family: arial, tahoma, verdana, helvetica;font-size: 14.72px\" \/><br style=\"font-family: arial, tahoma, verdana, helvetica;font-size: 14.72px\" \/><span style=\"font-family: arial, tahoma, verdana, helvetica;font-size: 14.72px\">Fa\u00e7a uma instala\u00e7\u00e3o de ar condicionado conforme o fabricante autoriza.<\/span><\/p>\n<p>Obs.: N\u00e3o acompanha terminais,\u00a0<\/p>\n","protected":false},"featured_media":6349,"comment_status":"open","ping_status":"closed","template":"","meta":{"_kadence_starter_templates_imported_post":false,"_kad_post_transparent":"","_kad_post_title":"","_kad_post_layout":"","_kad_post_sidebar_id":"","_kad_post_content_style":"","_kad_post_vertical_padding":"","_kad_post_feature":"","_kad_post_feature_position":"","_kad_post_header":false,"_kad_post_footer":false,"jetpack_publicize_message":"","jetpack_publicize_feature_enabled":true,"jetpack_social_post_already_shared":false,"jetpack_social_options":{"image_generator_settings":{"template":"highway","default_image_id":0,"font":"","enabled":false},"version":2}},"product_brand":[],"product_cat":[273],"product_tag":[],"class_list":{"0":"post-4865","1":"product","2":"type-product","3":"status-publish","4":"has-post-thumbnail","6":"product_cat-placa-display-ar-portatil","8":"first","9":"instock","10":"shipping-taxable","11":"purchasable","12":"product-type-simple","13":"entry","14":"content-bg","15":"loop-entry"},"yoast_head":"<!-- This site is optimized with the Yoast SEO plugin v27.5 - https:\/\/yoast.com\/product\/yoast-seo-wordpress\/ -->\n<title>Alicate Prensar Terminais 0.5mm A 6mm de ar condicionado - Loja - Dual Gree Servi\u00e7os | Pe\u00e7as<\/title>\n<meta name=\"robots\" content=\"index, follow, max-snippet:-1, max-image-preview:large, max-video-preview:-1\" \/>\n<link rel=\"canonical\" href=\"https:\/\/dualgree.com.br\/loja\/produto\/alicate-prensar-terminais-0-5mm-a-6mm-de-ar-condicionado\/\" \/>\n<meta property=\"og:locale\" content=\"pt_BR\" \/>\n<meta property=\"og:type\" content=\"article\" \/>\n<meta property=\"og:title\" content=\"Alicate Prensar Terminais 0.5mm A 6mm de ar condicionado - Loja - Dual Gree Servi\u00e7os | Pe\u00e7as\" \/>\n<meta property=\"og:description\" content=\"IC1241 - Alicate Para Crimpar Terminal Pr\u00e9-Isolado de 0,5 a 6,0mm - GC-301 Para Fios AWG : 22-18, 16-14, 12-10Crimpa os terminais 0,5 mm a 6mmCom catraca. \u00a0 Alicate para fixar teminais de cabos para ar condicionado ideal para cabos 0.5 milimitros at\u00e9 6 milimitrosFa\u00e7a uma instala\u00e7\u00e3o de ar condicionado conforme o fabricante autoriza. Obs.: N\u00e3o acompanha terminais,\u00a0\" \/>\n<meta property=\"og:url\" content=\"https:\/\/dualgree.com.br\/loja\/produto\/alicate-prensar-terminais-0-5mm-a-6mm-de-ar-condicionado\/\" \/>\n<meta property=\"og:site_name\" content=\"Loja - Dual Gree Servi\u00e7os | Pe\u00e7as\" \/>\n<meta property=\"article:modified_time\" content=\"2026-02-25T13:47:53+00:00\" \/>\n<meta property=\"og:image\" content=\"https:\/\/dualgree.com.br\/loja\/wp-content\/uploads\/2024\/07\/15281413790_1241-1241-1-ALICATE20PARA20PRENSAR20TEMRINAIS200.5MM20A20620MM.png\" \/>\n\t<meta property=\"og:image:width\" content=\"1200\" \/>\n\t<meta property=\"og:image:height\" content=\"1200\" \/>\n\t<meta property=\"og:image:type\" content=\"image\/png\" \/>\n<meta name=\"twitter:card\" content=\"summary_large_image\" \/>\n<script type=\"application\/ld+json\" class=\"yoast-schema-graph\">{\"@context\":\"https:\\\/\\\/schema.org\",\"@graph\":[{\"@type\":\"WebPage\",\"@id\":\"https:\\\/\\\/dualgree.com.br\\\/loja\\\/produto\\\/alicate-prensar-terminais-0-5mm-a-6mm-de-ar-condicionado\\\/\",\"url\":\"https:\\\/\\\/dualgree.com.br\\\/loja\\\/produto\\\/alicate-prensar-terminais-0-5mm-a-6mm-de-ar-condicionado\\\/\",\"name\":\"Alicate Prensar Terminais 0.5mm A 6mm de ar condicionado - Loja - Dual Gree Servi\u00e7os | Pe\u00e7as\",\"isPartOf\":{\"@id\":\"https:\\\/\\\/dualgree.com.br\\\/loja\\\/#website\"},\"primaryImageOfPage\":{\"@id\":\"https:\\\/\\\/dualgree.com.br\\\/loja\\\/produto\\\/alicate-prensar-terminais-0-5mm-a-6mm-de-ar-condicionado\\\/#primaryimage\"},\"image\":{\"@id\":\"https:\\\/\\\/dualgree.com.br\\\/loja\\\/produto\\\/alicate-prensar-terminais-0-5mm-a-6mm-de-ar-condicionado\\\/#primaryimage\"},\"thumbnailUrl\":\"https:\\\/\\\/dualgree.com.br\\\/loja\\\/wp-content\\\/uploads\\\/2024\\\/09\\\/15109956667-d-689994-mlb47622085058-092021-o.jpg\",\"datePublished\":\"2024-07-01T12:05:02+00:00\",\"dateModified\":\"2026-02-25T13:47:53+00:00\",\"breadcrumb\":{\"@id\":\"https:\\\/\\\/dualgree.com.br\\\/loja\\\/produto\\\/alicate-prensar-terminais-0-5mm-a-6mm-de-ar-condicionado\\\/#breadcrumb\"},\"inLanguage\":\"pt-BR\",\"potentialAction\":[{\"@type\":\"ReadAction\",\"target\":[\"https:\\\/\\\/dualgree.com.br\\\/loja\\\/produto\\\/alicate-prensar-terminais-0-5mm-a-6mm-de-ar-condicionado\\\/\"]}]},{\"@type\":\"ImageObject\",\"inLanguage\":\"pt-BR\",\"@id\":\"https:\\\/\\\/dualgree.com.br\\\/loja\\\/produto\\\/alicate-prensar-terminais-0-5mm-a-6mm-de-ar-condicionado\\\/#primaryimage\",\"url\":\"https:\\\/\\\/dualgree.com.br\\\/loja\\\/wp-content\\\/uploads\\\/2024\\\/09\\\/15109956667-d-689994-mlb47622085058-092021-o.jpg\",\"contentUrl\":\"https:\\\/\\\/dualgree.com.br\\\/loja\\\/wp-content\\\/uploads\\\/2024\\\/09\\\/15109956667-d-689994-mlb47622085058-092021-o.jpg\",\"width\":500,\"height\":375},{\"@type\":\"BreadcrumbList\",\"@id\":\"https:\\\/\\\/dualgree.com.br\\\/loja\\\/produto\\\/alicate-prensar-terminais-0-5mm-a-6mm-de-ar-condicionado\\\/#breadcrumb\",\"itemListElement\":[{\"@type\":\"ListItem\",\"position\":1,\"name\":\"In\u00edcio\",\"item\":\"https:\\\/\\\/dualgree.com.br\\\/loja\\\/\"},{\"@type\":\"ListItem\",\"position\":2,\"name\":\"Loja &#8211; Cat\u00e1logo de Pe\u00e7as\",\"item\":\"https:\\\/\\\/dualgree.com.br\\\/loja\\\/\"},{\"@type\":\"ListItem\",\"position\":3,\"name\":\"Alicate Prensar Terminais 0.5mm A 6mm de ar condicionado\"}]},{\"@type\":\"WebSite\",\"@id\":\"https:\\\/\\\/dualgree.com.br\\\/loja\\\/#website\",\"url\":\"https:\\\/\\\/dualgree.com.br\\\/loja\\\/\",\"name\":\"Loja - Dual Gree Servi\u00e7os | Partes e Pe\u00e7as\",\"description\":\"Catalogo de Pe\u00e7as para ar condicionado\",\"publisher\":{\"@id\":\"https:\\\/\\\/dualgree.com.br\\\/loja\\\/#organization\"},\"potentialAction\":[{\"@type\":\"SearchAction\",\"target\":{\"@type\":\"EntryPoint\",\"urlTemplate\":\"https:\\\/\\\/dualgree.com.br\\\/loja\\\/?s={search_term_string}\"},\"query-input\":{\"@type\":\"PropertyValueSpecification\",\"valueRequired\":true,\"valueName\":\"search_term_string\"}}],\"inLanguage\":\"pt-BR\"},{\"@type\":\"Organization\",\"@id\":\"https:\\\/\\\/dualgree.com.br\\\/loja\\\/#organization\",\"name\":\"Loja Dual Gree Servi\u00e7o\",\"url\":\"https:\\\/\\\/dualgree.com.br\\\/loja\\\/\",\"logo\":{\"@type\":\"ImageObject\",\"inLanguage\":\"pt-BR\",\"@id\":\"https:\\\/\\\/dualgree.com.br\\\/loja\\\/#\\\/schema\\\/logo\\\/image\\\/\",\"url\":\"https:\\\/\\\/dualgree.com.br\\\/loja\\\/wp-content\\\/uploads\\\/2024\\\/09\\\/teste-logo-ecommerce-dual-1-e1725909304971.png\",\"contentUrl\":\"https:\\\/\\\/dualgree.com.br\\\/loja\\\/wp-content\\\/uploads\\\/2024\\\/09\\\/teste-logo-ecommerce-dual-1-e1725909304971.png\",\"width\":470,\"height\":157,\"caption\":\"Loja Dual Gree Servi\u00e7o\"},\"image\":{\"@id\":\"https:\\\/\\\/dualgree.com.br\\\/loja\\\/#\\\/schema\\\/logo\\\/image\\\/\"}}]}<\/script>\n<!-- \/ Yoast SEO plugin. -->","yoast_head_json":{"title":"Alicate Prensar Terminais 0.5mm A 6mm de ar condicionado - Loja - Dual Gree Servi\u00e7os | Pe\u00e7as","robots":{"index":"index","follow":"follow","max-snippet":"max-snippet:-1","max-image-preview":"max-image-preview:large","max-video-preview":"max-video-preview:-1"},"canonical":"https:\/\/dualgree.com.br\/loja\/produto\/alicate-prensar-terminais-0-5mm-a-6mm-de-ar-condicionado\/","og_locale":"pt_BR","og_type":"article","og_title":"Alicate Prensar Terminais 0.5mm A 6mm de ar condicionado - Loja - Dual Gree Servi\u00e7os | Pe\u00e7as","og_description":"IC1241 - Alicate Para Crimpar Terminal Pr\u00e9-Isolado de 0,5 a 6,0mm - GC-301 Para Fios AWG : 22-18, 16-14, 12-10Crimpa os terminais 0,5 mm a 6mmCom catraca. \u00a0 Alicate para fixar teminais de cabos para ar condicionado ideal para cabos 0.5 milimitros at\u00e9 6 milimitrosFa\u00e7a uma instala\u00e7\u00e3o de ar condicionado conforme o fabricante autoriza. Obs.: N\u00e3o acompanha terminais,\u00a0","og_url":"https:\/\/dualgree.com.br\/loja\/produto\/alicate-prensar-terminais-0-5mm-a-6mm-de-ar-condicionado\/","og_site_name":"Loja - Dual Gree Servi\u00e7os | Pe\u00e7as","article_modified_time":"2026-02-25T13:47:53+00:00","og_image":[{"width":1200,"height":1200,"url":"https:\/\/dualgree.com.br\/loja\/wp-content\/uploads\/2024\/07\/15281413790_1241-1241-1-ALICATE20PARA20PRENSAR20TEMRINAIS200.5MM20A20620MM.png","type":"image\/png"}],"twitter_card":"summary_large_image","schema":{"@context":"https:\/\/schema.org","@graph":[{"@type":"WebPage","@id":"https:\/\/dualgree.com.br\/loja\/produto\/alicate-prensar-terminais-0-5mm-a-6mm-de-ar-condicionado\/","url":"https:\/\/dualgree.com.br\/loja\/produto\/alicate-prensar-terminais-0-5mm-a-6mm-de-ar-condicionado\/","name":"Alicate Prensar Terminais 0.5mm A 6mm de ar condicionado - Loja - Dual Gree Servi\u00e7os | Pe\u00e7as","isPartOf":{"@id":"https:\/\/dualgree.com.br\/loja\/#website"},"primaryImageOfPage":{"@id":"https:\/\/dualgree.com.br\/loja\/produto\/alicate-prensar-terminais-0-5mm-a-6mm-de-ar-condicionado\/#primaryimage"},"image":{"@id":"https:\/\/dualgree.com.br\/loja\/produto\/alicate-prensar-terminais-0-5mm-a-6mm-de-ar-condicionado\/#primaryimage"},"thumbnailUrl":"https:\/\/dualgree.com.br\/loja\/wp-content\/uploads\/2024\/09\/15109956667-d-689994-mlb47622085058-092021-o.jpg","datePublished":"2024-07-01T12:05:02+00:00","dateModified":"2026-02-25T13:47:53+00:00","breadcrumb":{"@id":"https:\/\/dualgree.com.br\/loja\/produto\/alicate-prensar-terminais-0-5mm-a-6mm-de-ar-condicionado\/#breadcrumb"},"inLanguage":"pt-BR","potentialAction":[{"@type":"ReadAction","target":["https:\/\/dualgree.com.br\/loja\/produto\/alicate-prensar-terminais-0-5mm-a-6mm-de-ar-condicionado\/"]}]},{"@type":"ImageObject","inLanguage":"pt-BR","@id":"https:\/\/dualgree.com.br\/loja\/produto\/alicate-prensar-terminais-0-5mm-a-6mm-de-ar-condicionado\/#primaryimage","url":"https:\/\/dualgree.com.br\/loja\/wp-content\/uploads\/2024\/09\/15109956667-d-689994-mlb47622085058-092021-o.jpg","contentUrl":"https:\/\/dualgree.com.br\/loja\/wp-content\/uploads\/2024\/09\/15109956667-d-689994-mlb47622085058-092021-o.jpg","width":500,"height":375},{"@type":"BreadcrumbList","@id":"https:\/\/dualgree.com.br\/loja\/produto\/alicate-prensar-terminais-0-5mm-a-6mm-de-ar-condicionado\/#breadcrumb","itemListElement":[{"@type":"ListItem","position":1,"name":"In\u00edcio","item":"https:\/\/dualgree.com.br\/loja\/"},{"@type":"ListItem","position":2,"name":"Loja &#8211; Cat\u00e1logo de Pe\u00e7as","item":"https:\/\/dualgree.com.br\/loja\/"},{"@type":"ListItem","position":3,"name":"Alicate Prensar Terminais 0.5mm A 6mm de ar condicionado"}]},{"@type":"WebSite","@id":"https:\/\/dualgree.com.br\/loja\/#website","url":"https:\/\/dualgree.com.br\/loja\/","name":"Loja - Dual Gree Servi\u00e7os | Partes e Pe\u00e7as","description":"Catalogo de Pe\u00e7as para ar condicionado","publisher":{"@id":"https:\/\/dualgree.com.br\/loja\/#organization"},"potentialAction":[{"@type":"SearchAction","target":{"@type":"EntryPoint","urlTemplate":"https:\/\/dualgree.com.br\/loja\/?s={search_term_string}"},"query-input":{"@type":"PropertyValueSpecification","valueRequired":true,"valueName":"search_term_string"}}],"inLanguage":"pt-BR"},{"@type":"Organization","@id":"https:\/\/dualgree.com.br\/loja\/#organization","name":"Loja Dual Gree Servi\u00e7o","url":"https:\/\/dualgree.com.br\/loja\/","logo":{"@type":"ImageObject","inLanguage":"pt-BR","@id":"https:\/\/dualgree.com.br\/loja\/#\/schema\/logo\/image\/","url":"https:\/\/dualgree.com.br\/loja\/wp-content\/uploads\/2024\/09\/teste-logo-ecommerce-dual-1-e1725909304971.png","contentUrl":"https:\/\/dualgree.com.br\/loja\/wp-content\/uploads\/2024\/09\/teste-logo-ecommerce-dual-1-e1725909304971.png","width":470,"height":157,"caption":"Loja Dual Gree Servi\u00e7o"},"image":{"@id":"https:\/\/dualgree.com.br\/loja\/#\/schema\/logo\/image\/"}}]}},"jetpack_publicize_connections":[],"jetpack_sharing_enabled":true,"jetpack_likes_enabled":true,"_links":{"self":[{"href":"https:\/\/dualgree.com.br\/loja\/wp-json\/wp\/v2\/product\/4865","targetHints":{"allow":["GET"]}}],"collection":[{"href":"https:\/\/dualgree.com.br\/loja\/wp-json\/wp\/v2\/product"}],"about":[{"href":"https:\/\/dualgree.com.br\/loja\/wp-json\/wp\/v2\/types\/product"}],"replies":[{"embeddable":true,"href":"https:\/\/dualgree.com.br\/loja\/wp-json\/wp\/v2\/comments?post=4865"}],"wp:featuredmedia":[{"embeddable":true,"href":"https:\/\/dualgree.com.br\/loja\/wp-json\/wp\/v2\/media\/6349"}],"wp:attachment":[{"href":"https:\/\/dualgree.com.br\/loja\/wp-json\/wp\/v2\/media?parent=4865"}],"wp:term":[{"taxonomy":"product_brand","embeddable":true,"href":"https:\/\/dualgree.com.br\/loja\/wp-json\/wp\/v2\/product_brand?post=4865"},{"taxonomy":"product_cat","embeddable":true,"href":"https:\/\/dualgree.com.br\/loja\/wp-json\/wp\/v2\/product_cat?post=4865"},{"taxonomy":"product_tag","embeddable":true,"href":"https:\/\/dualgree.com.br\/loja\/wp-json\/wp\/v2\/product_tag?post=4865"}],"curies":[{"name":"wp","href":"https:\/\/api.w.org\/{rel}","templated":true}]}}